


































































{"id":1803,"date":"2022-09-16T15:28:54","date_gmt":"2022-09-16T13:28:54","guid":{"rendered":"https:\/\/www.oep.tn\/?page_id=1803"},"modified":"2022-12-16T08:46:52","modified_gmt":"2022-12-16T07:46:52","slug":"cadre-juridique","status":"publish","type":"page","link":"https:\/\/www.oep.tn\/fr\/cadre-juridique\/","title":{"rendered":"Cadre Juridique"},"content":{"rendered":"\n<p>L&#8217;office de l&#8217;\u00e9levage et \u00a0des p\u00e2turages a \u00e9t\u00e9 cr\u00e9\u00e9 en vertu du <strong><mark style=\"background-color:rgba(0, 0, 0, 0)\" class=\"has-inline-color has-thr-txt-color\"><a href=\"https:\/\/www.oep.tn\/wp-content\/uploads\/2022\/12\/\u0645\u0631\u0633\u0648\u0645-\u0639\u062f\u062f2-\u0644\u0633\u0646\u0629-1966-\u0625\u062d\u062f\u0627\u062b-\u0627\u0644\u062f\u064a\u0648\u0627\u0646.pdf\" data-type=\"URL\" data-id=\"https:\/\/www.oep.tn\/wp-content\/uploads\/2022\/12\/\u0645\u0631\u0633\u0648\u0645-\u0639\u062f\u062f2-\u0644\u0633\u0646\u0629-1966-\u0625\u062d\u062f\u0627\u062b-\u0627\u0644\u062f\u064a\u0648\u0627\u0646.pdf\" target=\"_blank\" rel=\"noreferrer noopener\">d\u00e9cret n\u00b0 2 de 1966 dat\u00e9 du 24 septembre 1966<\/a><\/mark><\/strong> en tant qu&#8217;\u00e9tablissement public \u00e0 caract\u00e8re industriel et commercial jouissant du personnalit\u00e9 juridique et ind\u00e9pendance financi\u00e8re.<\/p>\n\n\n\n<p>Et en vertu de la<mark style=\"background-color:rgba(0, 0, 0, 0)\" class=\"has-inline-color has-thr-txt-color\"><strong><a href=\"https:\/\/www.oep.tn\/wp-content\/uploads\/2022\/12\/\u0642\u0627\u0646\u0648\u0646-\u0639\u062f\u062f23-\u0644\u0633\u0646\u0629-1993-\u062a\u0646\u0642\u064a\u062d-\u0645\u0631\u0633\u0648\u0645-\u0625\u062d\u062f\u0627\u062b-\u0627\u0644\u062f\u064a\u0648\u0627\u0646.pdf\" data-type=\"URL\" data-id=\"https:\/\/www.oep.tn\/wp-content\/uploads\/2022\/12\/\u0642\u0627\u0646\u0648\u0646-\u0639\u062f\u062f23-\u0644\u0633\u0646\u0629-1993-\u062a\u0646\u0642\u064a\u062d-\u0645\u0631\u0633\u0648\u0645-\u0625\u062d\u062f\u0627\u062b-\u0627\u0644\u062f\u064a\u0648\u0627\u0646.pdf\" target=\"_blank\" rel=\"noreferrer noopener\"> loi n\u00b0 23 de 1993 du 8 mars 1993<\/a><\/strong><\/mark>, il a \u00e9t\u00e9 mis \u00e0 jour les devoirs et le caract\u00e8re de\u00a0 l&#8217;office \u00a0a un \u00e9tablissement public qui n&#8217;a pas de caract\u00e8re administratif.<\/p>\n","protected":false},"excerpt":{"rendered":"<p>L&#8217;office de l&#8217;\u00e9levage et \u00a0des p\u00e2turages a \u00e9t\u00e9 cr\u00e9\u00e9 en vertu du d\u00e9cret n\u00b0 2 de 1966 dat\u00e9 du 24 septembre 1966 en tant qu&#8217;\u00e9tablissement public \u00e0 caract\u00e8re industriel et commercial jouissant du personnalit\u00e9 juridique et ind\u00e9pendance financi\u00e8re. Et en vertu de la loi n\u00b0 23 de 1993 du 8 mars 1993, il a \u00e9t\u00e9 [&hellip;]<\/p>\n","protected":false},"author":2,"featured_media":0,"parent":0,"menu_order":0,"comment_status":"closed","ping_status":"closed","template":"","meta":{"_themeisle_gutenberg_block_has_review":false,"footnotes":""},"class_list":["post-1803","page","type-page","status-publish","hentry"],"yoast_head":"<!-- This site is optimized with the Yoast SEO plugin v26.0 - https:\/\/yoast.com\/wordpress\/plugins\/seo\/ -->\n<title>Cadre Juridique - Office de l&#039;Elevage et des P\u00e2turages<\/title>\n<meta name=\"robots\" content=\"index, follow, max-snippet:-1, max-image-preview:large, max-video-preview:-1\" \/>\n<link rel=\"canonical\" href=\"https:\/\/www.oep.tn\/\u0627\u0644\u0625\u0637\u0627\u0631-\u0627\u0644\u0642\u0627\u0646\u0648\u0646\u064a\/\" \/>\n<meta property=\"og:locale\" content=\"fr_FR\" \/>\n<meta property=\"og:type\" content=\"article\" \/>\n<meta property=\"og:title\" content=\"Cadre Juridique - Office de l&#039;Elevage et des P\u00e2turages\" \/>\n<meta property=\"og:description\" content=\"L&#8217;office de l&#8217;\u00e9levage et \u00a0des p\u00e2turages a \u00e9t\u00e9 cr\u00e9\u00e9 en vertu du d\u00e9cret n\u00b0 2 de 1966 dat\u00e9 du 24 septembre 1966 en tant qu&#8217;\u00e9tablissement public \u00e0 caract\u00e8re industriel et commercial jouissant du personnalit\u00e9 juridique et ind\u00e9pendance financi\u00e8re. Et en vertu de la loi n\u00b0 23 de 1993 du 8 mars 1993, il a \u00e9t\u00e9 [&hellip;]\" \/>\n<meta property=\"og:url\" content=\"https:\/\/www.oep.tn\/\u0627\u0644\u0625\u0637\u0627\u0631-\u0627\u0644\u0642\u0627\u0646\u0648\u0646\u064a\/\" \/>\n<meta property=\"og:site_name\" content=\"Office de l&#039;Elevage et des P\u00e2turages\" \/>\n<meta property=\"article:modified_time\" content=\"2022-12-16T07:46:52+00:00\" \/>\n<meta name=\"twitter:card\" content=\"summary_large_image\" \/>\n<script type=\"application\/ld+json\" class=\"yoast-schema-graph\">{\"@context\":\"https:\/\/schema.org\",\"@graph\":[{\"@type\":\"WebPage\",\"@id\":\"https:\/\/www.oep.tn\/%d8%a7%d9%84%d8%a5%d8%b7%d8%a7%d8%b1-%d8%a7%d9%84%d9%82%d8%a7%d9%86%d9%88%d9%86%d9%8a\/\",\"url\":\"https:\/\/www.oep.tn\/%d8%a7%d9%84%d8%a5%d8%b7%d8%a7%d8%b1-%d8%a7%d9%84%d9%82%d8%a7%d9%86%d9%88%d9%86%d9%8a\/\",\"name\":\"Cadre Juridique - Office de l&#039;Elevage et des P\u00e2turages\",\"isPartOf\":{\"@id\":\"https:\/\/www.oep.tn\/#website\"},\"datePublished\":\"2022-09-16T13:28:54+00:00\",\"dateModified\":\"2022-12-16T07:46:52+00:00\",\"breadcrumb\":{\"@id\":\"https:\/\/www.oep.tn\/%d8%a7%d9%84%d8%a5%d8%b7%d8%a7%d8%b1-%d8%a7%d9%84%d9%82%d8%a7%d9%86%d9%88%d9%86%d9%8a\/#breadcrumb\"},\"inLanguage\":\"fr-FR\",\"potentialAction\":[{\"@type\":\"ReadAction\",\"target\":[\"https:\/\/www.oep.tn\/%d8%a7%d9%84%d8%a5%d8%b7%d8%a7%d8%b1-%d8%a7%d9%84%d9%82%d8%a7%d9%86%d9%88%d9%86%d9%8a\/\"]}]},{\"@type\":\"BreadcrumbList\",\"@id\":\"https:\/\/www.oep.tn\/%d8%a7%d9%84%d8%a5%d8%b7%d8%a7%d8%b1-%d8%a7%d9%84%d9%82%d8%a7%d9%86%d9%88%d9%86%d9%8a\/#breadcrumb\",\"itemListElement\":[{\"@type\":\"ListItem\",\"position\":1,\"name\":\"Accueil\",\"item\":\"https:\/\/www.oep.tn\/fr\/\"},{\"@type\":\"ListItem\",\"position\":2,\"name\":\"Cadre Juridique\"}]},{\"@type\":\"WebSite\",\"@id\":\"https:\/\/www.oep.tn\/#website\",\"url\":\"https:\/\/www.oep.tn\/\",\"name\":\"Office de l'Elevage et des P\u00e2turages\",\"description\":\"Office de l&#039;Elevage et des P\u00e2turages\",\"publisher\":{\"@id\":\"https:\/\/www.oep.tn\/#organization\"},\"alternateName\":\"Office de l'Elevage et des P\u00e2turages\",\"potentialAction\":[{\"@type\":\"SearchAction\",\"target\":{\"@type\":\"EntryPoint\",\"urlTemplate\":\"https:\/\/www.oep.tn\/?s={search_term_string}\"},\"query-input\":{\"@type\":\"PropertyValueSpecification\",\"valueRequired\":true,\"valueName\":\"search_term_string\"}}],\"inLanguage\":\"fr-FR\"},{\"@type\":\"Organization\",\"@id\":\"https:\/\/www.oep.tn\/#organization\",\"name\":\"Office de l'Elevage et des Patuages\",\"url\":\"https:\/\/www.oep.tn\/\",\"logo\":{\"@type\":\"ImageObject\",\"inLanguage\":\"fr-FR\",\"@id\":\"https:\/\/www.oep.tn\/#\/schema\/logo\/image\/\",\"url\":\"https:\/\/www.oep.tn\/wp-content\/uploads\/2022\/11\/logo-oep-arabe-2.png\",\"contentUrl\":\"https:\/\/www.oep.tn\/wp-content\/uploads\/2022\/11\/logo-oep-arabe-2.png\",\"width\":567,\"height\":142,\"caption\":\"Office de l'Elevage et des Patuages\"},\"image\":{\"@id\":\"https:\/\/www.oep.tn\/#\/schema\/logo\/image\/\"}}]}<\/script>\n<!-- \/ Yoast SEO plugin. -->","yoast_head_json":{"title":"Cadre Juridique - Office de l&#039;Elevage et des P\u00e2turages","robots":{"index":"index","follow":"follow","max-snippet":"max-snippet:-1","max-image-preview":"max-image-preview:large","max-video-preview":"max-video-preview:-1"},"canonical":"https:\/\/www.oep.tn\/\u0627\u0644\u0625\u0637\u0627\u0631-\u0627\u0644\u0642\u0627\u0646\u0648\u0646\u064a\/","og_locale":"fr_FR","og_type":"article","og_title":"Cadre Juridique - Office de l&#039;Elevage et des P\u00e2turages","og_description":"L&#8217;office de l&#8217;\u00e9levage et \u00a0des p\u00e2turages a \u00e9t\u00e9 cr\u00e9\u00e9 en vertu du d\u00e9cret n\u00b0 2 de 1966 dat\u00e9 du 24 septembre 1966 en tant qu&#8217;\u00e9tablissement public \u00e0 caract\u00e8re industriel et commercial jouissant du personnalit\u00e9 juridique et ind\u00e9pendance financi\u00e8re. Et en vertu de la loi n\u00b0 23 de 1993 du 8 mars 1993, il a \u00e9t\u00e9 [&hellip;]","og_url":"https:\/\/www.oep.tn\/\u0627\u0644\u0625\u0637\u0627\u0631-\u0627\u0644\u0642\u0627\u0646\u0648\u0646\u064a\/","og_site_name":"Office de l&#039;Elevage et des P\u00e2turages","article_modified_time":"2022-12-16T07:46:52+00:00","twitter_card":"summary_large_image","schema":{"@context":"https:\/\/schema.org","@graph":[{"@type":"WebPage","@id":"https:\/\/www.oep.tn\/%d8%a7%d9%84%d8%a5%d8%b7%d8%a7%d8%b1-%d8%a7%d9%84%d9%82%d8%a7%d9%86%d9%88%d9%86%d9%8a\/","url":"https:\/\/www.oep.tn\/%d8%a7%d9%84%d8%a5%d8%b7%d8%a7%d8%b1-%d8%a7%d9%84%d9%82%d8%a7%d9%86%d9%88%d9%86%d9%8a\/","name":"Cadre Juridique - Office de l&#039;Elevage et des P\u00e2turages","isPartOf":{"@id":"https:\/\/www.oep.tn\/#website"},"datePublished":"2022-09-16T13:28:54+00:00","dateModified":"2022-12-16T07:46:52+00:00","breadcrumb":{"@id":"https:\/\/www.oep.tn\/%d8%a7%d9%84%d8%a5%d8%b7%d8%a7%d8%b1-%d8%a7%d9%84%d9%82%d8%a7%d9%86%d9%88%d9%86%d9%8a\/#breadcrumb"},"inLanguage":"fr-FR","potentialAction":[{"@type":"ReadAction","target":["https:\/\/www.oep.tn\/%d8%a7%d9%84%d8%a5%d8%b7%d8%a7%d8%b1-%d8%a7%d9%84%d9%82%d8%a7%d9%86%d9%88%d9%86%d9%8a\/"]}]},{"@type":"BreadcrumbList","@id":"https:\/\/www.oep.tn\/%d8%a7%d9%84%d8%a5%d8%b7%d8%a7%d8%b1-%d8%a7%d9%84%d9%82%d8%a7%d9%86%d9%88%d9%86%d9%8a\/#breadcrumb","itemListElement":[{"@type":"ListItem","position":1,"name":"Accueil","item":"https:\/\/www.oep.tn\/fr\/"},{"@type":"ListItem","position":2,"name":"Cadre Juridique"}]},{"@type":"WebSite","@id":"https:\/\/www.oep.tn\/#website","url":"https:\/\/www.oep.tn\/","name":"Office de l'Elevage et des P\u00e2turages","description":"Office de l&#039;Elevage et des P\u00e2turages","publisher":{"@id":"https:\/\/www.oep.tn\/#organization"},"alternateName":"Office de l'Elevage et des P\u00e2turages","potentialAction":[{"@type":"SearchAction","target":{"@type":"EntryPoint","urlTemplate":"https:\/\/www.oep.tn\/?s={search_term_string}"},"query-input":{"@type":"PropertyValueSpecification","valueRequired":true,"valueName":"search_term_string"}}],"inLanguage":"fr-FR"},{"@type":"Organization","@id":"https:\/\/www.oep.tn\/#organization","name":"Office de l'Elevage et des Patuages","url":"https:\/\/www.oep.tn\/","logo":{"@type":"ImageObject","inLanguage":"fr-FR","@id":"https:\/\/www.oep.tn\/#\/schema\/logo\/image\/","url":"https:\/\/www.oep.tn\/wp-content\/uploads\/2022\/11\/logo-oep-arabe-2.png","contentUrl":"https:\/\/www.oep.tn\/wp-content\/uploads\/2022\/11\/logo-oep-arabe-2.png","width":567,"height":142,"caption":"Office de l'Elevage et des Patuages"},"image":{"@id":"https:\/\/www.oep.tn\/#\/schema\/logo\/image\/"}}]}},"_links":{"self":[{"href":"https:\/\/www.oep.tn\/fr\/wp-json\/wp\/v2\/pages\/1803","targetHints":{"allow":["GET"]}}],"collection":[{"href":"https:\/\/www.oep.tn\/fr\/wp-json\/wp\/v2\/pages"}],"about":[{"href":"https:\/\/www.oep.tn\/fr\/wp-json\/wp\/v2\/types\/page"}],"author":[{"embeddable":true,"href":"https:\/\/www.oep.tn\/fr\/wp-json\/wp\/v2\/users\/2"}],"replies":[{"embeddable":true,"href":"https:\/\/www.oep.tn\/fr\/wp-json\/wp\/v2\/comments?post=1803"}],"version-history":[{"count":5,"href":"https:\/\/www.oep.tn\/fr\/wp-json\/wp\/v2\/pages\/1803\/revisions"}],"predecessor-version":[{"id":2295,"href":"https:\/\/www.oep.tn\/fr\/wp-json\/wp\/v2\/pages\/1803\/revisions\/2295"}],"wp:attachment":[{"href":"https:\/\/www.oep.tn\/fr\/wp-json\/wp\/v2\/media?parent=1803"}],"curies":[{"name":"wp","href":"https:\/\/api.w.org\/{rel}","templated":true}]}}