


































































{"id":1810,"date":"2022-09-16T15:37:01","date_gmt":"2022-09-16T13:37:01","guid":{"rendered":"https:\/\/www.oep.tn\/?page_id=1810"},"modified":"2023-03-30T12:10:20","modified_gmt":"2023-03-30T10:10:20","slug":"acces-a-linformation","status":"publish","type":"page","link":"https:\/\/www.oep.tn\/fr\/acces-a-linformation\/","title":{"rendered":"Acc\u00e8s \u00e0 l&#8217;information"},"content":{"rendered":"\n<h4 class=\"wp-block-heading\"><strong><a rel=\"noreferrer noopener\" href=\"https:\/\/www.oep.tn\/wp-content\/uploads\/2022\/12\/\u0645\u0639\u0637\u064a\u0627\u062a-\u062d\u0648\u0644-\u0627\u0644\u0647\u064a\u0643\u0644-\u0648\u0627\u0644\u0645\u0643\u0644\u0641-\u0628\u0627\u0644\u0646\u0641\u0627\u0630-\u0648\u0646\u0627\u0626\u0628\u0647.pdf\" data-type=\"URL\" data-id=\"https:\/\/www.oep.tn\/wp-content\/uploads\/2022\/12\/\u0645\u0639\u0637\u064a\u0627\u062a-\u062d\u0648\u0644-\u0627\u0644\u0647\u064a\u0643\u0644-\u0648\u0627\u0644\u0645\u0643\u0644\u0641-\u0628\u0627\u0644\u0646\u0641\u0627\u0630-\u0648\u0646\u0627\u0626\u0628\u0647.pdf\" target=\"_blank\"><mark style=\"background-color:rgba(0, 0, 0, 0)\" class=\"has-inline-color has-thr-txt-color\">Information sur l\u2019organisme et le charg\u00e9 d\u2019acc\u00e8s \u00e0 l\u2019information et son suppl\u00e9ant<\/mark>.<\/a><\/strong><\/h4>\n\n\n\n<h5 class=\"wp-block-heading\"><strong><mark style=\"background-color:rgba(0, 0, 0, 0)\" class=\"has-inline-color has-thr-acc-color\">R\u00e9f\u00e9rences juridiques&nbsp;:<\/mark><\/strong><\/h5>\n\n\n\n<p><a rel=\"noreferrer noopener\" href=\"https:\/\/www.oep.tn\/wp-content\/uploads\/2022\/12\/Loi-organique-n\u25cb2016-22.pdf\" data-type=\"URL\" data-id=\"https:\/\/www.oep.tn\/wp-content\/uploads\/2022\/12\/Loi-organique-n\u25cb2016-22.pdf\" target=\"_blank\"><strong><mark style=\"background-color:rgba(0, 0, 0, 0);color:#050c3a\" class=\"has-inline-color\">\u2192 &nbsp;Loi organique n<sup>\u25cb<\/sup>2016-22 du 24 mars 2016 relative au droit&nbsp; d\u2019acc\u00e8s \u00e0 l\u2019information<\/mark><\/strong><\/a><\/p>\n\n\n\n<p><a rel=\"noreferrer noopener\" href=\"https:\/\/www.oep.tn\/wp-content\/uploads\/2022\/12\/Circulaire-du-president-du-gouvernement-n\u25cb19-du-18-Mai-2018.pdf\" data-type=\"URL\" data-id=\"https:\/\/www.oep.tn\/wp-content\/uploads\/2022\/12\/Circulaire-du-president-du-gouvernement-n\u25cb19-du-18-Mai-2018.pdf\" target=\"_blank\"><mark style=\"background-color:rgba(0, 0, 0, 0);color:#050c3a\" class=\"has-inline-color\"><strong>\u2192 Circulaire&nbsp; du pr\u00e9sident du gouvernement &nbsp;n<sup>\u25cb<\/sup>19 du 18&nbsp; mai 2018 (disponible en arabe).<\/strong><\/mark><\/a><\/p>\n\n\n\n<h5 class=\"wp-block-heading\"><strong><mark style=\"background-color:rgba(0, 0, 0, 0)\" class=\"has-inline-color has-thr-acc-color\">Formulaires:<\/mark><\/strong><\/h5>\n\n\n\n<p class=\"has-text-color\" style=\"color:#050c3a\"><mark style=\"background-color:rgba(0, 0, 0, 0)\" class=\"has-inline-color has-thr-acc-color\"><a rel=\"noreferrer noopener\" href=\"https:\/\/www.oep.tn\/wp-content\/uploads\/2022\/12\/\u0645\u0637\u0644\u0628-\u0646\u0641\u0627\u0630-\u0625\u0644\u0649-\u0627\u0644\u0645\u0639\u0644\u0648\u0645\u0629.pdf\" data-type=\"URL\" data-id=\"https:\/\/www.oep.tn\/wp-content\/uploads\/2022\/12\/\u0645\u0637\u0644\u0628-\u0646\u0641\u0627\u0630-\u0625\u0644\u0649-\u0627\u0644\u0645\u0639\u0644\u0648\u0645\u0629.pdf\" target=\"_blank\"><strong>\u2192 Demande d\u2019acc\u00e8s \u00e0 l\u2019information (disponible en arabe).<\/strong><\/a><\/mark><\/p>\n\n\n\n<p class=\"has-text-color\" style=\"color:#050c3a\"><a href=\"https:\/\/www.oep.tn\/wp-content\/uploads\/2022\/12\/\u0645\u0637\u0644\u0628-\u062a\u0638\u0644\u0645.pdf\" data-type=\"URL\" data-id=\"https:\/\/www.oep.tn\/wp-content\/uploads\/2022\/12\/\u0645\u0637\u0644\u0628-\u062a\u0638\u0644\u0645.pdf\"><strong><mark style=\"background-color:rgba(0, 0, 0, 0);color:#050c3a\" class=\"has-inline-color\">\u2192 Grief aupr\u00e8s du chef de structure (disponible en arabe).<\/mark><\/strong><\/a><\/p>\n\n\n\n<h4 class=\"wp-block-heading\"><strong><mark style=\"background-color:rgba(0, 0, 0, 0)\" class=\"has-inline-color has-thr-txt-color\">Rapport d\u2019activit\u00e9 de la cellule acc\u00e8s \u00e0 l\u2019information de l\u2019ann\u00e9e 2021 (disponible en arabe).<\/mark><\/strong><\/h4>\n\n\n\n<p><\/p>\n","protected":false},"excerpt":{"rendered":"<p>Information sur l\u2019organisme et le charg\u00e9 d\u2019acc\u00e8s \u00e0 l\u2019information et son suppl\u00e9ant. R\u00e9f\u00e9rences juridiques&nbsp;: \u2192 &nbsp;Loi organique n\u25cb2016-22 du 24 mars 2016 relative au droit&nbsp; d\u2019acc\u00e8s \u00e0 l\u2019information \u2192 Circulaire&nbsp; du pr\u00e9sident du gouvernement &nbsp;n\u25cb19 du 18&nbsp; mai 2018 (disponible en arabe). Formulaires: \u2192 Demande d\u2019acc\u00e8s \u00e0 l\u2019information (disponible en arabe). \u2192 Grief aupr\u00e8s du [&hellip;]<\/p>\n","protected":false},"author":2,"featured_media":0,"parent":0,"menu_order":0,"comment_status":"closed","ping_status":"closed","template":"","meta":{"_themeisle_gutenberg_block_has_review":false,"footnotes":""},"class_list":["post-1810","page","type-page","status-publish","hentry"],"yoast_head":"<!-- This site is optimized with the Yoast SEO plugin v26.0 - https:\/\/yoast.com\/wordpress\/plugins\/seo\/ -->\n<title>Acc\u00e8s \u00e0 l&#039;information - Office de l&#039;Elevage et des P\u00e2turages<\/title>\n<meta name=\"robots\" content=\"index, follow, max-snippet:-1, max-image-preview:large, max-video-preview:-1\" \/>\n<link rel=\"canonical\" href=\"https:\/\/www.oep.tn\/\u062a\u0642\u062f\u064a\u0645\/\" \/>\n<meta property=\"og:locale\" content=\"fr_FR\" \/>\n<meta property=\"og:type\" content=\"article\" \/>\n<meta property=\"og:title\" content=\"Acc\u00e8s \u00e0 l&#039;information - Office de l&#039;Elevage et des P\u00e2turages\" \/>\n<meta property=\"og:description\" content=\"Information sur l\u2019organisme et le charg\u00e9 d\u2019acc\u00e8s \u00e0 l\u2019information et son suppl\u00e9ant. R\u00e9f\u00e9rences juridiques&nbsp;: \u2192 &nbsp;Loi organique n\u25cb2016-22 du 24 mars 2016 relative au droit&nbsp; d\u2019acc\u00e8s \u00e0 l\u2019information \u2192 Circulaire&nbsp; du pr\u00e9sident du gouvernement &nbsp;n\u25cb19 du 18&nbsp; mai 2018 (disponible en arabe). Formulaires: \u2192 Demande d\u2019acc\u00e8s \u00e0 l\u2019information (disponible en arabe). \u2192 Grief aupr\u00e8s du [&hellip;]\" \/>\n<meta property=\"og:url\" content=\"https:\/\/www.oep.tn\/\u062a\u0642\u062f\u064a\u0645\/\" \/>\n<meta property=\"og:site_name\" content=\"Office de l&#039;Elevage et des P\u00e2turages\" \/>\n<meta property=\"article:modified_time\" content=\"2023-03-30T10:10:20+00:00\" \/>\n<meta name=\"twitter:card\" content=\"summary_large_image\" \/>\n<script type=\"application\/ld+json\" class=\"yoast-schema-graph\">{\"@context\":\"https:\/\/schema.org\",\"@graph\":[{\"@type\":\"WebPage\",\"@id\":\"https:\/\/www.oep.tn\/%d8%aa%d9%82%d8%af%d9%8a%d9%85\/\",\"url\":\"https:\/\/www.oep.tn\/%d8%aa%d9%82%d8%af%d9%8a%d9%85\/\",\"name\":\"Acc\u00e8s \u00e0 l'information - Office de l&#039;Elevage et des P\u00e2turages\",\"isPartOf\":{\"@id\":\"https:\/\/www.oep.tn\/#website\"},\"datePublished\":\"2022-09-16T13:37:01+00:00\",\"dateModified\":\"2023-03-30T10:10:20+00:00\",\"breadcrumb\":{\"@id\":\"https:\/\/www.oep.tn\/%d8%aa%d9%82%d8%af%d9%8a%d9%85\/#breadcrumb\"},\"inLanguage\":\"fr-FR\",\"potentialAction\":[{\"@type\":\"ReadAction\",\"target\":[\"https:\/\/www.oep.tn\/%d8%aa%d9%82%d8%af%d9%8a%d9%85\/\"]}]},{\"@type\":\"BreadcrumbList\",\"@id\":\"https:\/\/www.oep.tn\/%d8%aa%d9%82%d8%af%d9%8a%d9%85\/#breadcrumb\",\"itemListElement\":[{\"@type\":\"ListItem\",\"position\":1,\"name\":\"Accueil\",\"item\":\"https:\/\/www.oep.tn\/fr\/\"},{\"@type\":\"ListItem\",\"position\":2,\"name\":\"Acc\u00e8s \u00e0 l&#8217;information\"}]},{\"@type\":\"WebSite\",\"@id\":\"https:\/\/www.oep.tn\/#website\",\"url\":\"https:\/\/www.oep.tn\/\",\"name\":\"Office de l'Elevage et des P\u00e2turages\",\"description\":\"Office de l&#039;Elevage et des P\u00e2turages\",\"publisher\":{\"@id\":\"https:\/\/www.oep.tn\/#organization\"},\"alternateName\":\"Office de l'Elevage et des P\u00e2turages\",\"potentialAction\":[{\"@type\":\"SearchAction\",\"target\":{\"@type\":\"EntryPoint\",\"urlTemplate\":\"https:\/\/www.oep.tn\/?s={search_term_string}\"},\"query-input\":{\"@type\":\"PropertyValueSpecification\",\"valueRequired\":true,\"valueName\":\"search_term_string\"}}],\"inLanguage\":\"fr-FR\"},{\"@type\":\"Organization\",\"@id\":\"https:\/\/www.oep.tn\/#organization\",\"name\":\"Office de l'Elevage et des Patuages\",\"url\":\"https:\/\/www.oep.tn\/\",\"logo\":{\"@type\":\"ImageObject\",\"inLanguage\":\"fr-FR\",\"@id\":\"https:\/\/www.oep.tn\/#\/schema\/logo\/image\/\",\"url\":\"https:\/\/www.oep.tn\/wp-content\/uploads\/2022\/11\/logo-oep-arabe-2.png\",\"contentUrl\":\"https:\/\/www.oep.tn\/wp-content\/uploads\/2022\/11\/logo-oep-arabe-2.png\",\"width\":567,\"height\":142,\"caption\":\"Office de l'Elevage et des Patuages\"},\"image\":{\"@id\":\"https:\/\/www.oep.tn\/#\/schema\/logo\/image\/\"}}]}<\/script>\n<!-- \/ Yoast SEO plugin. -->","yoast_head_json":{"title":"Acc\u00e8s \u00e0 l'information - Office de l&#039;Elevage et des P\u00e2turages","robots":{"index":"index","follow":"follow","max-snippet":"max-snippet:-1","max-image-preview":"max-image-preview:large","max-video-preview":"max-video-preview:-1"},"canonical":"https:\/\/www.oep.tn\/\u062a\u0642\u062f\u064a\u0645\/","og_locale":"fr_FR","og_type":"article","og_title":"Acc\u00e8s \u00e0 l'information - Office de l&#039;Elevage et des P\u00e2turages","og_description":"Information sur l\u2019organisme et le charg\u00e9 d\u2019acc\u00e8s \u00e0 l\u2019information et son suppl\u00e9ant. R\u00e9f\u00e9rences juridiques&nbsp;: \u2192 &nbsp;Loi organique n\u25cb2016-22 du 24 mars 2016 relative au droit&nbsp; d\u2019acc\u00e8s \u00e0 l\u2019information \u2192 Circulaire&nbsp; du pr\u00e9sident du gouvernement &nbsp;n\u25cb19 du 18&nbsp; mai 2018 (disponible en arabe). Formulaires: \u2192 Demande d\u2019acc\u00e8s \u00e0 l\u2019information (disponible en arabe). \u2192 Grief aupr\u00e8s du [&hellip;]","og_url":"https:\/\/www.oep.tn\/\u062a\u0642\u062f\u064a\u0645\/","og_site_name":"Office de l&#039;Elevage et des P\u00e2turages","article_modified_time":"2023-03-30T10:10:20+00:00","twitter_card":"summary_large_image","schema":{"@context":"https:\/\/schema.org","@graph":[{"@type":"WebPage","@id":"https:\/\/www.oep.tn\/%d8%aa%d9%82%d8%af%d9%8a%d9%85\/","url":"https:\/\/www.oep.tn\/%d8%aa%d9%82%d8%af%d9%8a%d9%85\/","name":"Acc\u00e8s \u00e0 l'information - Office de l&#039;Elevage et des P\u00e2turages","isPartOf":{"@id":"https:\/\/www.oep.tn\/#website"},"datePublished":"2022-09-16T13:37:01+00:00","dateModified":"2023-03-30T10:10:20+00:00","breadcrumb":{"@id":"https:\/\/www.oep.tn\/%d8%aa%d9%82%d8%af%d9%8a%d9%85\/#breadcrumb"},"inLanguage":"fr-FR","potentialAction":[{"@type":"ReadAction","target":["https:\/\/www.oep.tn\/%d8%aa%d9%82%d8%af%d9%8a%d9%85\/"]}]},{"@type":"BreadcrumbList","@id":"https:\/\/www.oep.tn\/%d8%aa%d9%82%d8%af%d9%8a%d9%85\/#breadcrumb","itemListElement":[{"@type":"ListItem","position":1,"name":"Accueil","item":"https:\/\/www.oep.tn\/fr\/"},{"@type":"ListItem","position":2,"name":"Acc\u00e8s \u00e0 l&#8217;information"}]},{"@type":"WebSite","@id":"https:\/\/www.oep.tn\/#website","url":"https:\/\/www.oep.tn\/","name":"Office de l'Elevage et des P\u00e2turages","description":"Office de l&#039;Elevage et des P\u00e2turages","publisher":{"@id":"https:\/\/www.oep.tn\/#organization"},"alternateName":"Office de l'Elevage et des P\u00e2turages","potentialAction":[{"@type":"SearchAction","target":{"@type":"EntryPoint","urlTemplate":"https:\/\/www.oep.tn\/?s={search_term_string}"},"query-input":{"@type":"PropertyValueSpecification","valueRequired":true,"valueName":"search_term_string"}}],"inLanguage":"fr-FR"},{"@type":"Organization","@id":"https:\/\/www.oep.tn\/#organization","name":"Office de l'Elevage et des Patuages","url":"https:\/\/www.oep.tn\/","logo":{"@type":"ImageObject","inLanguage":"fr-FR","@id":"https:\/\/www.oep.tn\/#\/schema\/logo\/image\/","url":"https:\/\/www.oep.tn\/wp-content\/uploads\/2022\/11\/logo-oep-arabe-2.png","contentUrl":"https:\/\/www.oep.tn\/wp-content\/uploads\/2022\/11\/logo-oep-arabe-2.png","width":567,"height":142,"caption":"Office de l'Elevage et des Patuages"},"image":{"@id":"https:\/\/www.oep.tn\/#\/schema\/logo\/image\/"}}]}},"_links":{"self":[{"href":"https:\/\/www.oep.tn\/fr\/wp-json\/wp\/v2\/pages\/1810","targetHints":{"allow":["GET"]}}],"collection":[{"href":"https:\/\/www.oep.tn\/fr\/wp-json\/wp\/v2\/pages"}],"about":[{"href":"https:\/\/www.oep.tn\/fr\/wp-json\/wp\/v2\/types\/page"}],"author":[{"embeddable":true,"href":"https:\/\/www.oep.tn\/fr\/wp-json\/wp\/v2\/users\/2"}],"replies":[{"embeddable":true,"href":"https:\/\/www.oep.tn\/fr\/wp-json\/wp\/v2\/comments?post=1810"}],"version-history":[{"count":13,"href":"https:\/\/www.oep.tn\/fr\/wp-json\/wp\/v2\/pages\/1810\/revisions"}],"predecessor-version":[{"id":3418,"href":"https:\/\/www.oep.tn\/fr\/wp-json\/wp\/v2\/pages\/1810\/revisions\/3418"}],"wp:attachment":[{"href":"https:\/\/www.oep.tn\/fr\/wp-json\/wp\/v2\/media?parent=1810"}],"curies":[{"name":"wp","href":"https:\/\/api.w.org\/{rel}","templated":true}]}}