


































































{"id":2093,"date":"2022-11-16T09:19:16","date_gmt":"2022-11-16T08:19:16","guid":{"rendered":"https:\/\/www.oep.tn\/?page_id=2093"},"modified":"2022-11-16T09:19:17","modified_gmt":"2022-11-16T08:19:17","slug":"ressource-alimentaires","status":"publish","type":"page","link":"https:\/\/www.oep.tn\/fr\/ressource-alimentaires\/","title":{"rendered":"Ressource alimentaires"},"content":{"rendered":"\n<p>L\u2019OEP intervient dans le secteur des ressources alimentaires afin de \u00a0la r\u00e9alisation de notre s\u00e9curit\u00e9 alimentaire et \u00e0 la valorisation de nos ressources locales pour am\u00e9liorer l&#8217;\u00e9quilibre alimentaire en d\u00e9veloppant des alternatives disponibles aux mati\u00e8res premi\u00e8res fournies et en am\u00e9liorant la qualit\u00e9 du fourrage en adoptant des vari\u00e9t\u00e9s locales d&#8217;obtention de la recherche scientifique qui ont prouv\u00e9 leur r\u00e9ussite et en modernisant les techniques de production et ce \u00e0 travers des programmes de d\u00e9veloppement\u00a0:<\/p>\n\n\n\n<i class=\"fa fa-chevron-right\" style=\"color: #81d742\"><\/i> D\u00e9veloppement des cultures fourrag\u00e8res<br><i class=\"fa fa-chevron-right\" style=\"color: #81d742\"><\/i> Am\u00e9lioration pastorale<br><i class=\"fa fa-chevron-right\" style=\"color: #81d742\"><\/i> Valorisation des sous produits agricoles et industriels<br><i class=\"fa fa-chevron-right\" style=\"color: #81d742\"><\/i> D\u00e9veloppement de la production de semences fourrag\u00e8res et pastorales.<br><\/p>\n","protected":false},"excerpt":{"rendered":"<p>L\u2019OEP intervient dans le secteur des ressources alimentaires afin de \u00a0la r\u00e9alisation de notre s\u00e9curit\u00e9 alimentaire et \u00e0 la valorisation de nos ressources locales pour am\u00e9liorer l&#8217;\u00e9quilibre alimentaire en d\u00e9veloppant des alternatives disponibles aux mati\u00e8res premi\u00e8res fournies et en am\u00e9liorant la qualit\u00e9 du fourrage en adoptant des vari\u00e9t\u00e9s locales d&#8217;obtention de la recherche scientifique qui [&hellip;]<\/p>\n","protected":false},"author":1,"featured_media":0,"parent":0,"menu_order":0,"comment_status":"closed","ping_status":"closed","template":"","meta":{"_themeisle_gutenberg_block_has_review":false,"footnotes":""},"class_list":["post-2093","page","type-page","status-publish","hentry"],"yoast_head":"<!-- This site is optimized with the Yoast SEO plugin v26.0 - https:\/\/yoast.com\/wordpress\/plugins\/seo\/ -->\n<title>Ressource alimentaires - Office de l&#039;Elevage et des P\u00e2turages<\/title>\n<meta name=\"robots\" content=\"index, follow, max-snippet:-1, max-image-preview:large, max-video-preview:-1\" \/>\n<link rel=\"canonical\" href=\"https:\/\/www.oep.tn\/\u0627\u0644\u0645\u0648\u0627\u0631\u062f-\u0627\u0644\u0639\u0644\u0641\u064a\u0629\/\" \/>\n<meta property=\"og:locale\" content=\"fr_FR\" \/>\n<meta property=\"og:type\" content=\"article\" \/>\n<meta property=\"og:title\" content=\"Ressource alimentaires - Office de l&#039;Elevage et des P\u00e2turages\" \/>\n<meta property=\"og:description\" content=\"L\u2019OEP intervient dans le secteur des ressources alimentaires afin de \u00a0la r\u00e9alisation de notre s\u00e9curit\u00e9 alimentaire et \u00e0 la valorisation de nos ressources locales pour am\u00e9liorer l&#8217;\u00e9quilibre alimentaire en d\u00e9veloppant des alternatives disponibles aux mati\u00e8res premi\u00e8res fournies et en am\u00e9liorant la qualit\u00e9 du fourrage en adoptant des vari\u00e9t\u00e9s locales d&#8217;obtention de la recherche scientifique qui [&hellip;]\" \/>\n<meta property=\"og:url\" content=\"https:\/\/www.oep.tn\/\u0627\u0644\u0645\u0648\u0627\u0631\u062f-\u0627\u0644\u0639\u0644\u0641\u064a\u0629\/\" \/>\n<meta property=\"og:site_name\" content=\"Office de l&#039;Elevage et des P\u00e2turages\" \/>\n<meta property=\"article:modified_time\" content=\"2022-11-16T08:19:17+00:00\" \/>\n<meta name=\"twitter:card\" content=\"summary_large_image\" \/>\n<meta name=\"twitter:label1\" content=\"Dur\u00e9e de lecture estim\u00e9e\" \/>\n\t<meta name=\"twitter:data1\" content=\"1 minute\" \/>\n<script type=\"application\/ld+json\" class=\"yoast-schema-graph\">{\"@context\":\"https:\/\/schema.org\",\"@graph\":[{\"@type\":\"WebPage\",\"@id\":\"https:\/\/www.oep.tn\/%d8%a7%d9%84%d9%85%d9%88%d8%a7%d8%b1%d8%af-%d8%a7%d9%84%d8%b9%d9%84%d9%81%d9%8a%d8%a9\/\",\"url\":\"https:\/\/www.oep.tn\/%d8%a7%d9%84%d9%85%d9%88%d8%a7%d8%b1%d8%af-%d8%a7%d9%84%d8%b9%d9%84%d9%81%d9%8a%d8%a9\/\",\"name\":\"Ressource alimentaires - Office de l&#039;Elevage et des P\u00e2turages\",\"isPartOf\":{\"@id\":\"https:\/\/www.oep.tn\/#website\"},\"datePublished\":\"2022-11-16T08:19:16+00:00\",\"dateModified\":\"2022-11-16T08:19:17+00:00\",\"breadcrumb\":{\"@id\":\"https:\/\/www.oep.tn\/%d8%a7%d9%84%d9%85%d9%88%d8%a7%d8%b1%d8%af-%d8%a7%d9%84%d8%b9%d9%84%d9%81%d9%8a%d8%a9\/#breadcrumb\"},\"inLanguage\":\"fr-FR\",\"potentialAction\":[{\"@type\":\"ReadAction\",\"target\":[\"https:\/\/www.oep.tn\/%d8%a7%d9%84%d9%85%d9%88%d8%a7%d8%b1%d8%af-%d8%a7%d9%84%d8%b9%d9%84%d9%81%d9%8a%d8%a9\/\"]}]},{\"@type\":\"BreadcrumbList\",\"@id\":\"https:\/\/www.oep.tn\/%d8%a7%d9%84%d9%85%d9%88%d8%a7%d8%b1%d8%af-%d8%a7%d9%84%d8%b9%d9%84%d9%81%d9%8a%d8%a9\/#breadcrumb\",\"itemListElement\":[{\"@type\":\"ListItem\",\"position\":1,\"name\":\"Accueil\",\"item\":\"https:\/\/www.oep.tn\/fr\/\"},{\"@type\":\"ListItem\",\"position\":2,\"name\":\"Ressource alimentaires\"}]},{\"@type\":\"WebSite\",\"@id\":\"https:\/\/www.oep.tn\/#website\",\"url\":\"https:\/\/www.oep.tn\/\",\"name\":\"Office de l'Elevage et des P\u00e2turages\",\"description\":\"Office de l&#039;Elevage et des P\u00e2turages\",\"publisher\":{\"@id\":\"https:\/\/www.oep.tn\/#organization\"},\"alternateName\":\"Office de l'Elevage et des P\u00e2turages\",\"potentialAction\":[{\"@type\":\"SearchAction\",\"target\":{\"@type\":\"EntryPoint\",\"urlTemplate\":\"https:\/\/www.oep.tn\/?s={search_term_string}\"},\"query-input\":{\"@type\":\"PropertyValueSpecification\",\"valueRequired\":true,\"valueName\":\"search_term_string\"}}],\"inLanguage\":\"fr-FR\"},{\"@type\":\"Organization\",\"@id\":\"https:\/\/www.oep.tn\/#organization\",\"name\":\"Office de l'Elevage et des Patuages\",\"url\":\"https:\/\/www.oep.tn\/\",\"logo\":{\"@type\":\"ImageObject\",\"inLanguage\":\"fr-FR\",\"@id\":\"https:\/\/www.oep.tn\/#\/schema\/logo\/image\/\",\"url\":\"https:\/\/www.oep.tn\/wp-content\/uploads\/2022\/11\/logo-oep-arabe-2.png\",\"contentUrl\":\"https:\/\/www.oep.tn\/wp-content\/uploads\/2022\/11\/logo-oep-arabe-2.png\",\"width\":567,\"height\":142,\"caption\":\"Office de l'Elevage et des Patuages\"},\"image\":{\"@id\":\"https:\/\/www.oep.tn\/#\/schema\/logo\/image\/\"}}]}<\/script>\n<!-- \/ Yoast SEO plugin. -->","yoast_head_json":{"title":"Ressource alimentaires - Office de l&#039;Elevage et des P\u00e2turages","robots":{"index":"index","follow":"follow","max-snippet":"max-snippet:-1","max-image-preview":"max-image-preview:large","max-video-preview":"max-video-preview:-1"},"canonical":"https:\/\/www.oep.tn\/\u0627\u0644\u0645\u0648\u0627\u0631\u062f-\u0627\u0644\u0639\u0644\u0641\u064a\u0629\/","og_locale":"fr_FR","og_type":"article","og_title":"Ressource alimentaires - Office de l&#039;Elevage et des P\u00e2turages","og_description":"L\u2019OEP intervient dans le secteur des ressources alimentaires afin de \u00a0la r\u00e9alisation de notre s\u00e9curit\u00e9 alimentaire et \u00e0 la valorisation de nos ressources locales pour am\u00e9liorer l&#8217;\u00e9quilibre alimentaire en d\u00e9veloppant des alternatives disponibles aux mati\u00e8res premi\u00e8res fournies et en am\u00e9liorant la qualit\u00e9 du fourrage en adoptant des vari\u00e9t\u00e9s locales d&#8217;obtention de la recherche scientifique qui [&hellip;]","og_url":"https:\/\/www.oep.tn\/\u0627\u0644\u0645\u0648\u0627\u0631\u062f-\u0627\u0644\u0639\u0644\u0641\u064a\u0629\/","og_site_name":"Office de l&#039;Elevage et des P\u00e2turages","article_modified_time":"2022-11-16T08:19:17+00:00","twitter_card":"summary_large_image","twitter_misc":{"Dur\u00e9e de lecture estim\u00e9e":"1 minute"},"schema":{"@context":"https:\/\/schema.org","@graph":[{"@type":"WebPage","@id":"https:\/\/www.oep.tn\/%d8%a7%d9%84%d9%85%d9%88%d8%a7%d8%b1%d8%af-%d8%a7%d9%84%d8%b9%d9%84%d9%81%d9%8a%d8%a9\/","url":"https:\/\/www.oep.tn\/%d8%a7%d9%84%d9%85%d9%88%d8%a7%d8%b1%d8%af-%d8%a7%d9%84%d8%b9%d9%84%d9%81%d9%8a%d8%a9\/","name":"Ressource alimentaires - Office de l&#039;Elevage et des P\u00e2turages","isPartOf":{"@id":"https:\/\/www.oep.tn\/#website"},"datePublished":"2022-11-16T08:19:16+00:00","dateModified":"2022-11-16T08:19:17+00:00","breadcrumb":{"@id":"https:\/\/www.oep.tn\/%d8%a7%d9%84%d9%85%d9%88%d8%a7%d8%b1%d8%af-%d8%a7%d9%84%d8%b9%d9%84%d9%81%d9%8a%d8%a9\/#breadcrumb"},"inLanguage":"fr-FR","potentialAction":[{"@type":"ReadAction","target":["https:\/\/www.oep.tn\/%d8%a7%d9%84%d9%85%d9%88%d8%a7%d8%b1%d8%af-%d8%a7%d9%84%d8%b9%d9%84%d9%81%d9%8a%d8%a9\/"]}]},{"@type":"BreadcrumbList","@id":"https:\/\/www.oep.tn\/%d8%a7%d9%84%d9%85%d9%88%d8%a7%d8%b1%d8%af-%d8%a7%d9%84%d8%b9%d9%84%d9%81%d9%8a%d8%a9\/#breadcrumb","itemListElement":[{"@type":"ListItem","position":1,"name":"Accueil","item":"https:\/\/www.oep.tn\/fr\/"},{"@type":"ListItem","position":2,"name":"Ressource alimentaires"}]},{"@type":"WebSite","@id":"https:\/\/www.oep.tn\/#website","url":"https:\/\/www.oep.tn\/","name":"Office de l'Elevage et des P\u00e2turages","description":"Office de l&#039;Elevage et des P\u00e2turages","publisher":{"@id":"https:\/\/www.oep.tn\/#organization"},"alternateName":"Office de l'Elevage et des P\u00e2turages","potentialAction":[{"@type":"SearchAction","target":{"@type":"EntryPoint","urlTemplate":"https:\/\/www.oep.tn\/?s={search_term_string}"},"query-input":{"@type":"PropertyValueSpecification","valueRequired":true,"valueName":"search_term_string"}}],"inLanguage":"fr-FR"},{"@type":"Organization","@id":"https:\/\/www.oep.tn\/#organization","name":"Office de l'Elevage et des Patuages","url":"https:\/\/www.oep.tn\/","logo":{"@type":"ImageObject","inLanguage":"fr-FR","@id":"https:\/\/www.oep.tn\/#\/schema\/logo\/image\/","url":"https:\/\/www.oep.tn\/wp-content\/uploads\/2022\/11\/logo-oep-arabe-2.png","contentUrl":"https:\/\/www.oep.tn\/wp-content\/uploads\/2022\/11\/logo-oep-arabe-2.png","width":567,"height":142,"caption":"Office de l'Elevage et des Patuages"},"image":{"@id":"https:\/\/www.oep.tn\/#\/schema\/logo\/image\/"}}]}},"_links":{"self":[{"href":"https:\/\/www.oep.tn\/fr\/wp-json\/wp\/v2\/pages\/2093","targetHints":{"allow":["GET"]}}],"collection":[{"href":"https:\/\/www.oep.tn\/fr\/wp-json\/wp\/v2\/pages"}],"about":[{"href":"https:\/\/www.oep.tn\/fr\/wp-json\/wp\/v2\/types\/page"}],"author":[{"embeddable":true,"href":"https:\/\/www.oep.tn\/fr\/wp-json\/wp\/v2\/users\/1"}],"replies":[{"embeddable":true,"href":"https:\/\/www.oep.tn\/fr\/wp-json\/wp\/v2\/comments?post=2093"}],"version-history":[{"count":1,"href":"https:\/\/www.oep.tn\/fr\/wp-json\/wp\/v2\/pages\/2093\/revisions"}],"predecessor-version":[{"id":2094,"href":"https:\/\/www.oep.tn\/fr\/wp-json\/wp\/v2\/pages\/2093\/revisions\/2094"}],"wp:attachment":[{"href":"https:\/\/www.oep.tn\/fr\/wp-json\/wp\/v2\/media?parent=2093"}],"curies":[{"name":"wp","href":"https:\/\/api.w.org\/{rel}","templated":true}]}}