


































































{"id":2404,"date":"2022-12-16T11:25:44","date_gmt":"2022-12-16T10:25:44","guid":{"rendered":"https:\/\/www.oep.tn\/la-production-de-cultures-fourrageres-et-de-fourrages-concentres\/"},"modified":"2025-07-07T10:14:44","modified_gmt":"2025-07-07T09:14:44","slug":"la-production-de-cultures-fourrageres-et-de-fourrages-concentres","status":"publish","type":"page","link":"https:\/\/www.oep.tn\/fr\/la-production-de-cultures-fourrageres-et-de-fourrages-concentres\/","title":{"rendered":"\u062a\u0637\u0648\u0631 \u0627\u0646\u062a\u0627\u062c \u0627\u0644\u0632\u0631\u0627\u0639\u0627\u062a \u0627\u0644\u0639\u0644\u0641\u064a\u0629 \u0648 \u0627\u0644\u0623\u0639\u0644\u0627\u0641 \u0627\u0644\u0645\u0631\u0643\u0632\u0629"},"content":{"rendered":"\n<h4 class=\"wp-block-heading\"><strong>\u062a\u062d\u0645\u064a\u0644 \u0627\u0644\u0645\u0644\u0641\u0627\u062a :<\/strong><\/h4>\n\n\n\n<h4 class=\"wp-block-heading\"><strong><a href=\"https:\/\/www.oep.tn\/wp-content\/uploads\/2025\/06\/\u062a\u0637\u0648\u0631-\u0627\u0646\u062a\u0627\u062c-\u0627\u0644\u0632\u0631\u0627\u0639\u0627\u062a-\u0627\u0644\u0639\u0644\u0641\u064a\u0629.xlsx\" target=\"_blank\" rel=\"noreferrer noopener\">\u062a\u0637\u0648\u0631 \u0625\u0646\u062a\u0627\u062c \u0627\u0644\u0632\u0631\u0627\u0639\u0627\u062a \u0627\u0644\u0639\u0644\u0641\u064a\u0629<\/a><\/strong><\/h4>\n\n\n\n<h4 class=\"wp-block-heading\"><a href=\"https:\/\/www.oep.tn\/wp-content\/uploads\/2025\/06\/\u062a\u0637\u0648\u0631-\u0627\u0646\u062a\u0627\u062c-\u0627\u0644\u0623\u0639\u0644\u0627\u0641-\u0627\u0644\u0645\u0631\u0643\u0632\u0629.xlsx\" target=\"_blank\" rel=\"noreferrer noopener\"><strong>\u062a\u0637\u0648\u0631 \u0625\u0646\u062a\u0627\u062c \u0623\u0644\u0623\u0639\u0644\u0627\u0641 \u0627\u0644\u0645\u0631\u0643\u0632\u0629<\/strong><\/a><\/h4>\n\n\n\n<p><\/p>\n","protected":false},"excerpt":{"rendered":"<p>\u062a\u062d\u0645\u064a\u0644 \u0627\u0644\u0645\u0644\u0641\u0627\u062a : \u062a\u0637\u0648\u0631 \u0625\u0646\u062a\u0627\u062c \u0627\u0644\u0632\u0631\u0627\u0639\u0627\u062a \u0627\u0644\u0639\u0644\u0641\u064a\u0629 \u062a\u0637\u0648\u0631 \u0625\u0646\u062a\u0627\u062c \u0623\u0644\u0623\u0639\u0644\u0627\u0641 \u0627\u0644\u0645\u0631\u0643\u0632\u0629<\/p>\n","protected":false},"author":2,"featured_media":0,"parent":0,"menu_order":0,"comment_status":"closed","ping_status":"closed","template":"","meta":{"_themeisle_gutenberg_block_has_review":false,"footnotes":""},"class_list":["post-2404","page","type-page","status-publish","hentry"],"yoast_head":"<!-- This site is optimized with the Yoast SEO plugin v26.0 - https:\/\/yoast.com\/wordpress\/plugins\/seo\/ -->\n<title>\u062a\u0637\u0648\u0631 \u0627\u0646\u062a\u0627\u062c \u0627\u0644\u0632\u0631\u0627\u0639\u0627\u062a \u0627\u0644\u0639\u0644\u0641\u064a\u0629 \u0648 \u0627\u0644\u0623\u0639\u0644\u0627\u0641 \u0627\u0644\u0645\u0631\u0643\u0632\u0629 - Office de l&#039;Elevage et des P\u00e2turages<\/title>\n<meta name=\"robots\" content=\"index, follow, max-snippet:-1, max-image-preview:large, max-video-preview:-1\" \/>\n<link rel=\"canonical\" href=\"https:\/\/www.oep.tn\/fr\/la-production-de-cultures-fourrageres-et-de-fourrages-concentres\/\" \/>\n<meta property=\"og:locale\" content=\"fr_FR\" \/>\n<meta property=\"og:type\" content=\"article\" \/>\n<meta property=\"og:title\" content=\"\u062a\u0637\u0648\u0631 \u0627\u0646\u062a\u0627\u062c \u0627\u0644\u0632\u0631\u0627\u0639\u0627\u062a \u0627\u0644\u0639\u0644\u0641\u064a\u0629 \u0648 \u0627\u0644\u0623\u0639\u0644\u0627\u0641 \u0627\u0644\u0645\u0631\u0643\u0632\u0629 - Office de l&#039;Elevage et des P\u00e2turages\" \/>\n<meta property=\"og:description\" content=\"\u062a\u062d\u0645\u064a\u0644 \u0627\u0644\u0645\u0644\u0641\u0627\u062a : \u062a\u0637\u0648\u0631 \u0625\u0646\u062a\u0627\u062c \u0627\u0644\u0632\u0631\u0627\u0639\u0627\u062a \u0627\u0644\u0639\u0644\u0641\u064a\u0629 \u062a\u0637\u0648\u0631 \u0625\u0646\u062a\u0627\u062c \u0623\u0644\u0623\u0639\u0644\u0627\u0641 \u0627\u0644\u0645\u0631\u0643\u0632\u0629\" \/>\n<meta property=\"og:url\" content=\"https:\/\/www.oep.tn\/fr\/la-production-de-cultures-fourrageres-et-de-fourrages-concentres\/\" \/>\n<meta property=\"og:site_name\" content=\"Office de l&#039;Elevage et des P\u00e2turages\" \/>\n<meta property=\"article:modified_time\" content=\"2025-07-07T09:14:44+00:00\" \/>\n<meta name=\"twitter:card\" content=\"summary_large_image\" \/>\n<meta name=\"twitter:label1\" content=\"Dur\u00e9e de lecture estim\u00e9e\" \/>\n\t<meta name=\"twitter:data1\" content=\"1 minute\" \/>\n<script type=\"application\/ld+json\" class=\"yoast-schema-graph\">{\"@context\":\"https:\/\/schema.org\",\"@graph\":[{\"@type\":\"WebPage\",\"@id\":\"https:\/\/www.oep.tn\/fr\/la-production-de-cultures-fourrageres-et-de-fourrages-concentres\/\",\"url\":\"https:\/\/www.oep.tn\/fr\/la-production-de-cultures-fourrageres-et-de-fourrages-concentres\/\",\"name\":\"\u062a\u0637\u0648\u0631 \u0627\u0646\u062a\u0627\u062c \u0627\u0644\u0632\u0631\u0627\u0639\u0627\u062a \u0627\u0644\u0639\u0644\u0641\u064a\u0629 \u0648 \u0627\u0644\u0623\u0639\u0644\u0627\u0641 \u0627\u0644\u0645\u0631\u0643\u0632\u0629 - Office de l&#039;Elevage et des P\u00e2turages\",\"isPartOf\":{\"@id\":\"https:\/\/www.oep.tn\/#website\"},\"datePublished\":\"2022-12-16T10:25:44+00:00\",\"dateModified\":\"2025-07-07T09:14:44+00:00\",\"breadcrumb\":{\"@id\":\"https:\/\/www.oep.tn\/fr\/la-production-de-cultures-fourrageres-et-de-fourrages-concentres\/#breadcrumb\"},\"inLanguage\":\"fr-FR\",\"potentialAction\":[{\"@type\":\"ReadAction\",\"target\":[\"https:\/\/www.oep.tn\/fr\/la-production-de-cultures-fourrageres-et-de-fourrages-concentres\/\"]}]},{\"@type\":\"BreadcrumbList\",\"@id\":\"https:\/\/www.oep.tn\/fr\/la-production-de-cultures-fourrageres-et-de-fourrages-concentres\/#breadcrumb\",\"itemListElement\":[{\"@type\":\"ListItem\",\"position\":1,\"name\":\"Accueil\",\"item\":\"https:\/\/www.oep.tn\/fr\/\"},{\"@type\":\"ListItem\",\"position\":2,\"name\":\"\u062a\u0637\u0648\u0631 \u0627\u0646\u062a\u0627\u062c \u0627\u0644\u0632\u0631\u0627\u0639\u0627\u062a \u0627\u0644\u0639\u0644\u0641\u064a\u0629 \u0648 \u0627\u0644\u0623\u0639\u0644\u0627\u0641 \u0627\u0644\u0645\u0631\u0643\u0632\u0629\"}]},{\"@type\":\"WebSite\",\"@id\":\"https:\/\/www.oep.tn\/#website\",\"url\":\"https:\/\/www.oep.tn\/\",\"name\":\"Office de l'Elevage et des P\u00e2turages\",\"description\":\"Office de l&#039;Elevage et des P\u00e2turages\",\"publisher\":{\"@id\":\"https:\/\/www.oep.tn\/#organization\"},\"alternateName\":\"Office de l'Elevage et des P\u00e2turages\",\"potentialAction\":[{\"@type\":\"SearchAction\",\"target\":{\"@type\":\"EntryPoint\",\"urlTemplate\":\"https:\/\/www.oep.tn\/?s={search_term_string}\"},\"query-input\":{\"@type\":\"PropertyValueSpecification\",\"valueRequired\":true,\"valueName\":\"search_term_string\"}}],\"inLanguage\":\"fr-FR\"},{\"@type\":\"Organization\",\"@id\":\"https:\/\/www.oep.tn\/#organization\",\"name\":\"Office de l'Elevage et des Patuages\",\"url\":\"https:\/\/www.oep.tn\/\",\"logo\":{\"@type\":\"ImageObject\",\"inLanguage\":\"fr-FR\",\"@id\":\"https:\/\/www.oep.tn\/#\/schema\/logo\/image\/\",\"url\":\"https:\/\/www.oep.tn\/wp-content\/uploads\/2022\/11\/logo-oep-arabe-2.png\",\"contentUrl\":\"https:\/\/www.oep.tn\/wp-content\/uploads\/2022\/11\/logo-oep-arabe-2.png\",\"width\":567,\"height\":142,\"caption\":\"Office de l'Elevage et des Patuages\"},\"image\":{\"@id\":\"https:\/\/www.oep.tn\/#\/schema\/logo\/image\/\"}}]}<\/script>\n<!-- \/ Yoast SEO plugin. -->","yoast_head_json":{"title":"\u062a\u0637\u0648\u0631 \u0627\u0646\u062a\u0627\u062c \u0627\u0644\u0632\u0631\u0627\u0639\u0627\u062a \u0627\u0644\u0639\u0644\u0641\u064a\u0629 \u0648 \u0627\u0644\u0623\u0639\u0644\u0627\u0641 \u0627\u0644\u0645\u0631\u0643\u0632\u0629 - Office de l&#039;Elevage et des P\u00e2turages","robots":{"index":"index","follow":"follow","max-snippet":"max-snippet:-1","max-image-preview":"max-image-preview:large","max-video-preview":"max-video-preview:-1"},"canonical":"https:\/\/www.oep.tn\/fr\/la-production-de-cultures-fourrageres-et-de-fourrages-concentres\/","og_locale":"fr_FR","og_type":"article","og_title":"\u062a\u0637\u0648\u0631 \u0627\u0646\u062a\u0627\u062c \u0627\u0644\u0632\u0631\u0627\u0639\u0627\u062a \u0627\u0644\u0639\u0644\u0641\u064a\u0629 \u0648 \u0627\u0644\u0623\u0639\u0644\u0627\u0641 \u0627\u0644\u0645\u0631\u0643\u0632\u0629 - Office de l&#039;Elevage et des P\u00e2turages","og_description":"\u062a\u062d\u0645\u064a\u0644 \u0627\u0644\u0645\u0644\u0641\u0627\u062a : \u062a\u0637\u0648\u0631 \u0625\u0646\u062a\u0627\u062c \u0627\u0644\u0632\u0631\u0627\u0639\u0627\u062a \u0627\u0644\u0639\u0644\u0641\u064a\u0629 \u062a\u0637\u0648\u0631 \u0625\u0646\u062a\u0627\u062c \u0623\u0644\u0623\u0639\u0644\u0627\u0641 \u0627\u0644\u0645\u0631\u0643\u0632\u0629","og_url":"https:\/\/www.oep.tn\/fr\/la-production-de-cultures-fourrageres-et-de-fourrages-concentres\/","og_site_name":"Office de l&#039;Elevage et des P\u00e2turages","article_modified_time":"2025-07-07T09:14:44+00:00","twitter_card":"summary_large_image","twitter_misc":{"Dur\u00e9e de lecture estim\u00e9e":"1 minute"},"schema":{"@context":"https:\/\/schema.org","@graph":[{"@type":"WebPage","@id":"https:\/\/www.oep.tn\/fr\/la-production-de-cultures-fourrageres-et-de-fourrages-concentres\/","url":"https:\/\/www.oep.tn\/fr\/la-production-de-cultures-fourrageres-et-de-fourrages-concentres\/","name":"\u062a\u0637\u0648\u0631 \u0627\u0646\u062a\u0627\u062c \u0627\u0644\u0632\u0631\u0627\u0639\u0627\u062a \u0627\u0644\u0639\u0644\u0641\u064a\u0629 \u0648 \u0627\u0644\u0623\u0639\u0644\u0627\u0641 \u0627\u0644\u0645\u0631\u0643\u0632\u0629 - Office de l&#039;Elevage et des P\u00e2turages","isPartOf":{"@id":"https:\/\/www.oep.tn\/#website"},"datePublished":"2022-12-16T10:25:44+00:00","dateModified":"2025-07-07T09:14:44+00:00","breadcrumb":{"@id":"https:\/\/www.oep.tn\/fr\/la-production-de-cultures-fourrageres-et-de-fourrages-concentres\/#breadcrumb"},"inLanguage":"fr-FR","potentialAction":[{"@type":"ReadAction","target":["https:\/\/www.oep.tn\/fr\/la-production-de-cultures-fourrageres-et-de-fourrages-concentres\/"]}]},{"@type":"BreadcrumbList","@id":"https:\/\/www.oep.tn\/fr\/la-production-de-cultures-fourrageres-et-de-fourrages-concentres\/#breadcrumb","itemListElement":[{"@type":"ListItem","position":1,"name":"Accueil","item":"https:\/\/www.oep.tn\/fr\/"},{"@type":"ListItem","position":2,"name":"\u062a\u0637\u0648\u0631 \u0627\u0646\u062a\u0627\u062c \u0627\u0644\u0632\u0631\u0627\u0639\u0627\u062a \u0627\u0644\u0639\u0644\u0641\u064a\u0629 \u0648 \u0627\u0644\u0623\u0639\u0644\u0627\u0641 \u0627\u0644\u0645\u0631\u0643\u0632\u0629"}]},{"@type":"WebSite","@id":"https:\/\/www.oep.tn\/#website","url":"https:\/\/www.oep.tn\/","name":"Office de l'Elevage et des P\u00e2turages","description":"Office de l&#039;Elevage et des P\u00e2turages","publisher":{"@id":"https:\/\/www.oep.tn\/#organization"},"alternateName":"Office de l'Elevage et des P\u00e2turages","potentialAction":[{"@type":"SearchAction","target":{"@type":"EntryPoint","urlTemplate":"https:\/\/www.oep.tn\/?s={search_term_string}"},"query-input":{"@type":"PropertyValueSpecification","valueRequired":true,"valueName":"search_term_string"}}],"inLanguage":"fr-FR"},{"@type":"Organization","@id":"https:\/\/www.oep.tn\/#organization","name":"Office de l'Elevage et des Patuages","url":"https:\/\/www.oep.tn\/","logo":{"@type":"ImageObject","inLanguage":"fr-FR","@id":"https:\/\/www.oep.tn\/#\/schema\/logo\/image\/","url":"https:\/\/www.oep.tn\/wp-content\/uploads\/2022\/11\/logo-oep-arabe-2.png","contentUrl":"https:\/\/www.oep.tn\/wp-content\/uploads\/2022\/11\/logo-oep-arabe-2.png","width":567,"height":142,"caption":"Office de l'Elevage et des Patuages"},"image":{"@id":"https:\/\/www.oep.tn\/#\/schema\/logo\/image\/"}}]}},"_links":{"self":[{"href":"https:\/\/www.oep.tn\/fr\/wp-json\/wp\/v2\/pages\/2404","targetHints":{"allow":["GET"]}}],"collection":[{"href":"https:\/\/www.oep.tn\/fr\/wp-json\/wp\/v2\/pages"}],"about":[{"href":"https:\/\/www.oep.tn\/fr\/wp-json\/wp\/v2\/types\/page"}],"author":[{"embeddable":true,"href":"https:\/\/www.oep.tn\/fr\/wp-json\/wp\/v2\/users\/2"}],"replies":[{"embeddable":true,"href":"https:\/\/www.oep.tn\/fr\/wp-json\/wp\/v2\/comments?post=2404"}],"version-history":[{"count":6,"href":"https:\/\/www.oep.tn\/fr\/wp-json\/wp\/v2\/pages\/2404\/revisions"}],"predecessor-version":[{"id":5914,"href":"https:\/\/www.oep.tn\/fr\/wp-json\/wp\/v2\/pages\/2404\/revisions\/5914"}],"wp:attachment":[{"href":"https:\/\/www.oep.tn\/fr\/wp-json\/wp\/v2\/media?parent=2404"}],"curies":[{"name":"wp","href":"https:\/\/api.w.org\/{rel}","templated":true}]}}