


































































{"id":2406,"date":"2022-12-16T11:26:47","date_gmt":"2022-12-16T10:26:47","guid":{"rendered":"https:\/\/www.oep.tn\/evolution-du-prix-de-vente-du-lait\/"},"modified":"2025-07-07T10:07:52","modified_gmt":"2025-07-07T09:07:52","slug":"evolution-du-prix-de-vente-du-lait","status":"publish","type":"page","link":"https:\/\/www.oep.tn\/fr\/evolution-du-prix-de-vente-du-lait\/","title":{"rendered":"\u062a\u0637\u0648\u0631 \u0633\u0639\u0631 \u0628\u064a\u0639 \u0627\u0644\u062d\u0644\u064a\u0628"},"content":{"rendered":"\n<h5 class=\"wp-block-heading\"><strong>\u062a\u062d\u0645\u064a\u0644 \u0627\u0644\u0645\u0644\u0641 : <a href=\"https:\/\/www.oep.tn\/wp-content\/uploads\/2025\/06\/\u062a\u0637\u0648\u0631-\u0633\u0639\u0631-\u0627\u0644\u062d\u0644\u064a\u0628-\u0639\u0646\u062f-\u0627\u0644\u0627\u0646\u062a\u0627\u062c.xlsx\" target=\"_blank\" rel=\"noreferrer noopener\">\u062a\u0637\u0648\u0631 \u0633\u0639\u0631 \u0628\u064a\u0639 \u0627\u0644\u062d\u0644\u064a\u0628 \u0639\u0644\u0649 \u0645\u0633\u062a\u0648\u0649 \u0627\u0644\u0627\u0646\u062a\u0627\u062c<\/a><\/strong><\/h5>\n","protected":false},"excerpt":{"rendered":"<p>\u062a\u062d\u0645\u064a\u0644 \u0627\u0644\u0645\u0644\u0641 : \u062a\u0637\u0648\u0631 \u0633\u0639\u0631 \u0628\u064a\u0639 \u0627\u0644\u062d\u0644\u064a\u0628 \u0639\u0644\u0649 \u0645\u0633\u062a\u0648\u0649 \u0627\u0644\u0627\u0646\u062a\u0627\u062c<\/p>\n","protected":false},"author":2,"featured_media":0,"parent":0,"menu_order":0,"comment_status":"closed","ping_status":"closed","template":"","meta":{"_themeisle_gutenberg_block_has_review":false,"footnotes":""},"class_list":["post-2406","page","type-page","status-publish","hentry"],"yoast_head":"<!-- This site is optimized with the Yoast SEO plugin v26.0 - https:\/\/yoast.com\/wordpress\/plugins\/seo\/ -->\n<title>\u062a\u0637\u0648\u0631 \u0633\u0639\u0631 \u0628\u064a\u0639 \u0627\u0644\u062d\u0644\u064a\u0628 - Office de l&#039;Elevage et des P\u00e2turages<\/title>\n<meta name=\"robots\" content=\"index, follow, max-snippet:-1, max-image-preview:large, max-video-preview:-1\" \/>\n<link rel=\"canonical\" href=\"https:\/\/www.oep.tn\/fr\/evolution-du-prix-de-vente-du-lait\/\" \/>\n<meta property=\"og:locale\" content=\"fr_FR\" \/>\n<meta property=\"og:type\" content=\"article\" \/>\n<meta property=\"og:title\" content=\"\u062a\u0637\u0648\u0631 \u0633\u0639\u0631 \u0628\u064a\u0639 \u0627\u0644\u062d\u0644\u064a\u0628 - Office de l&#039;Elevage et des P\u00e2turages\" \/>\n<meta property=\"og:description\" content=\"\u062a\u062d\u0645\u064a\u0644 \u0627\u0644\u0645\u0644\u0641 : \u062a\u0637\u0648\u0631 \u0633\u0639\u0631 \u0628\u064a\u0639 \u0627\u0644\u062d\u0644\u064a\u0628 \u0639\u0644\u0649 \u0645\u0633\u062a\u0648\u0649 \u0627\u0644\u0627\u0646\u062a\u0627\u062c\" \/>\n<meta property=\"og:url\" content=\"https:\/\/www.oep.tn\/fr\/evolution-du-prix-de-vente-du-lait\/\" \/>\n<meta property=\"og:site_name\" content=\"Office de l&#039;Elevage et des P\u00e2turages\" \/>\n<meta property=\"article:modified_time\" content=\"2025-07-07T09:07:52+00:00\" \/>\n<meta name=\"twitter:card\" content=\"summary_large_image\" \/>\n<meta name=\"twitter:label1\" content=\"Dur\u00e9e de lecture estim\u00e9e\" \/>\n\t<meta name=\"twitter:data1\" content=\"1 minute\" \/>\n<script type=\"application\/ld+json\" class=\"yoast-schema-graph\">{\"@context\":\"https:\/\/schema.org\",\"@graph\":[{\"@type\":\"WebPage\",\"@id\":\"https:\/\/www.oep.tn\/fr\/evolution-du-prix-de-vente-du-lait\/\",\"url\":\"https:\/\/www.oep.tn\/fr\/evolution-du-prix-de-vente-du-lait\/\",\"name\":\"\u062a\u0637\u0648\u0631 \u0633\u0639\u0631 \u0628\u064a\u0639 \u0627\u0644\u062d\u0644\u064a\u0628 - Office de l&#039;Elevage et des P\u00e2turages\",\"isPartOf\":{\"@id\":\"https:\/\/www.oep.tn\/#website\"},\"datePublished\":\"2022-12-16T10:26:47+00:00\",\"dateModified\":\"2025-07-07T09:07:52+00:00\",\"breadcrumb\":{\"@id\":\"https:\/\/www.oep.tn\/fr\/evolution-du-prix-de-vente-du-lait\/#breadcrumb\"},\"inLanguage\":\"fr-FR\",\"potentialAction\":[{\"@type\":\"ReadAction\",\"target\":[\"https:\/\/www.oep.tn\/fr\/evolution-du-prix-de-vente-du-lait\/\"]}]},{\"@type\":\"BreadcrumbList\",\"@id\":\"https:\/\/www.oep.tn\/fr\/evolution-du-prix-de-vente-du-lait\/#breadcrumb\",\"itemListElement\":[{\"@type\":\"ListItem\",\"position\":1,\"name\":\"Accueil\",\"item\":\"https:\/\/www.oep.tn\/fr\/\"},{\"@type\":\"ListItem\",\"position\":2,\"name\":\"\u062a\u0637\u0648\u0631 \u0633\u0639\u0631 \u0628\u064a\u0639 \u0627\u0644\u062d\u0644\u064a\u0628\"}]},{\"@type\":\"WebSite\",\"@id\":\"https:\/\/www.oep.tn\/#website\",\"url\":\"https:\/\/www.oep.tn\/\",\"name\":\"Office de l'Elevage et des P\u00e2turages\",\"description\":\"Office de l&#039;Elevage et des P\u00e2turages\",\"publisher\":{\"@id\":\"https:\/\/www.oep.tn\/#organization\"},\"alternateName\":\"Office de l'Elevage et des P\u00e2turages\",\"potentialAction\":[{\"@type\":\"SearchAction\",\"target\":{\"@type\":\"EntryPoint\",\"urlTemplate\":\"https:\/\/www.oep.tn\/?s={search_term_string}\"},\"query-input\":{\"@type\":\"PropertyValueSpecification\",\"valueRequired\":true,\"valueName\":\"search_term_string\"}}],\"inLanguage\":\"fr-FR\"},{\"@type\":\"Organization\",\"@id\":\"https:\/\/www.oep.tn\/#organization\",\"name\":\"Office de l'Elevage et des Patuages\",\"url\":\"https:\/\/www.oep.tn\/\",\"logo\":{\"@type\":\"ImageObject\",\"inLanguage\":\"fr-FR\",\"@id\":\"https:\/\/www.oep.tn\/#\/schema\/logo\/image\/\",\"url\":\"https:\/\/www.oep.tn\/wp-content\/uploads\/2022\/11\/logo-oep-arabe-2.png\",\"contentUrl\":\"https:\/\/www.oep.tn\/wp-content\/uploads\/2022\/11\/logo-oep-arabe-2.png\",\"width\":567,\"height\":142,\"caption\":\"Office de l'Elevage et des Patuages\"},\"image\":{\"@id\":\"https:\/\/www.oep.tn\/#\/schema\/logo\/image\/\"}}]}<\/script>\n<!-- \/ Yoast SEO plugin. -->","yoast_head_json":{"title":"\u062a\u0637\u0648\u0631 \u0633\u0639\u0631 \u0628\u064a\u0639 \u0627\u0644\u062d\u0644\u064a\u0628 - Office de l&#039;Elevage et des P\u00e2turages","robots":{"index":"index","follow":"follow","max-snippet":"max-snippet:-1","max-image-preview":"max-image-preview:large","max-video-preview":"max-video-preview:-1"},"canonical":"https:\/\/www.oep.tn\/fr\/evolution-du-prix-de-vente-du-lait\/","og_locale":"fr_FR","og_type":"article","og_title":"\u062a\u0637\u0648\u0631 \u0633\u0639\u0631 \u0628\u064a\u0639 \u0627\u0644\u062d\u0644\u064a\u0628 - Office de l&#039;Elevage et des P\u00e2turages","og_description":"\u062a\u062d\u0645\u064a\u0644 \u0627\u0644\u0645\u0644\u0641 : \u062a\u0637\u0648\u0631 \u0633\u0639\u0631 \u0628\u064a\u0639 \u0627\u0644\u062d\u0644\u064a\u0628 \u0639\u0644\u0649 \u0645\u0633\u062a\u0648\u0649 \u0627\u0644\u0627\u0646\u062a\u0627\u062c","og_url":"https:\/\/www.oep.tn\/fr\/evolution-du-prix-de-vente-du-lait\/","og_site_name":"Office de l&#039;Elevage et des P\u00e2turages","article_modified_time":"2025-07-07T09:07:52+00:00","twitter_card":"summary_large_image","twitter_misc":{"Dur\u00e9e de lecture estim\u00e9e":"1 minute"},"schema":{"@context":"https:\/\/schema.org","@graph":[{"@type":"WebPage","@id":"https:\/\/www.oep.tn\/fr\/evolution-du-prix-de-vente-du-lait\/","url":"https:\/\/www.oep.tn\/fr\/evolution-du-prix-de-vente-du-lait\/","name":"\u062a\u0637\u0648\u0631 \u0633\u0639\u0631 \u0628\u064a\u0639 \u0627\u0644\u062d\u0644\u064a\u0628 - Office de l&#039;Elevage et des P\u00e2turages","isPartOf":{"@id":"https:\/\/www.oep.tn\/#website"},"datePublished":"2022-12-16T10:26:47+00:00","dateModified":"2025-07-07T09:07:52+00:00","breadcrumb":{"@id":"https:\/\/www.oep.tn\/fr\/evolution-du-prix-de-vente-du-lait\/#breadcrumb"},"inLanguage":"fr-FR","potentialAction":[{"@type":"ReadAction","target":["https:\/\/www.oep.tn\/fr\/evolution-du-prix-de-vente-du-lait\/"]}]},{"@type":"BreadcrumbList","@id":"https:\/\/www.oep.tn\/fr\/evolution-du-prix-de-vente-du-lait\/#breadcrumb","itemListElement":[{"@type":"ListItem","position":1,"name":"Accueil","item":"https:\/\/www.oep.tn\/fr\/"},{"@type":"ListItem","position":2,"name":"\u062a\u0637\u0648\u0631 \u0633\u0639\u0631 \u0628\u064a\u0639 \u0627\u0644\u062d\u0644\u064a\u0628"}]},{"@type":"WebSite","@id":"https:\/\/www.oep.tn\/#website","url":"https:\/\/www.oep.tn\/","name":"Office de l'Elevage et des P\u00e2turages","description":"Office de l&#039;Elevage et des P\u00e2turages","publisher":{"@id":"https:\/\/www.oep.tn\/#organization"},"alternateName":"Office de l'Elevage et des P\u00e2turages","potentialAction":[{"@type":"SearchAction","target":{"@type":"EntryPoint","urlTemplate":"https:\/\/www.oep.tn\/?s={search_term_string}"},"query-input":{"@type":"PropertyValueSpecification","valueRequired":true,"valueName":"search_term_string"}}],"inLanguage":"fr-FR"},{"@type":"Organization","@id":"https:\/\/www.oep.tn\/#organization","name":"Office de l'Elevage et des Patuages","url":"https:\/\/www.oep.tn\/","logo":{"@type":"ImageObject","inLanguage":"fr-FR","@id":"https:\/\/www.oep.tn\/#\/schema\/logo\/image\/","url":"https:\/\/www.oep.tn\/wp-content\/uploads\/2022\/11\/logo-oep-arabe-2.png","contentUrl":"https:\/\/www.oep.tn\/wp-content\/uploads\/2022\/11\/logo-oep-arabe-2.png","width":567,"height":142,"caption":"Office de l'Elevage et des Patuages"},"image":{"@id":"https:\/\/www.oep.tn\/#\/schema\/logo\/image\/"}}]}},"_links":{"self":[{"href":"https:\/\/www.oep.tn\/fr\/wp-json\/wp\/v2\/pages\/2406","targetHints":{"allow":["GET"]}}],"collection":[{"href":"https:\/\/www.oep.tn\/fr\/wp-json\/wp\/v2\/pages"}],"about":[{"href":"https:\/\/www.oep.tn\/fr\/wp-json\/wp\/v2\/types\/page"}],"author":[{"embeddable":true,"href":"https:\/\/www.oep.tn\/fr\/wp-json\/wp\/v2\/users\/2"}],"replies":[{"embeddable":true,"href":"https:\/\/www.oep.tn\/fr\/wp-json\/wp\/v2\/comments?post=2406"}],"version-history":[{"count":8,"href":"https:\/\/www.oep.tn\/fr\/wp-json\/wp\/v2\/pages\/2406\/revisions"}],"predecessor-version":[{"id":5911,"href":"https:\/\/www.oep.tn\/fr\/wp-json\/wp\/v2\/pages\/2406\/revisions\/5911"}],"wp:attachment":[{"href":"https:\/\/www.oep.tn\/fr\/wp-json\/wp\/v2\/media?parent=2406"}],"curies":[{"name":"wp","href":"https:\/\/api.w.org\/{rel}","templated":true}]}}