


































































{"id":2436,"date":"2023-01-09T11:18:58","date_gmt":"2023-01-09T10:18:58","guid":{"rendered":"https:\/\/www.oep.tn\/?page_id=2436"},"modified":"2025-06-25T10:36:26","modified_gmt":"2025-06-25T09:36:26","slug":"open-data-2","status":"publish","type":"page","link":"https:\/\/www.oep.tn\/fr\/open-data-2\/","title":{"rendered":"Open Data"},"content":{"rendered":"\n<div style=\"height:20px\" aria-hidden=\"true\" class=\"wp-block-spacer\"><\/div>\n\n\n\n<meta charset=\"UTF-8\"\/>\n<meta name=\"viewport\" content=\"width=device-width, initial-scale=1.0\"\/>\n<title>Documentation<\/title>\n\n<link rel=\"stylesheet\" href=\"https:\/\/cdnjs.cloudflare.com\/ajax\/libs\/font-awesome\/6.4.0\/css\/all.min.css\"\/>\n\n\n<style>\n    * {\n        margin: 0;\n        padding: 0;\n        box-sizing: border-box;\n        font-family: 'Roboto', sans-serif;\n    }\n\n    .container {\n        max-width: 1200px;\n        margin: 0 auto;\n        padding: 40px 20px;\n    }\n\n    .reports {\n        margin-bottom: 40px;\n    }\n\n    .report-cards {\n        display: grid;\n        grid-template-columns: repeat(3, 1fr); \n        gap: 30px;\n    }\n\n    .report {\n        display: flex;\n        justify-content: center;\n        align-items: center;\n    }\n\n    .btn-primary {\n        display: flex;\n        flex-direction: column;\n        align-items: center;\n        justify-content: center;\n        background-color: transparent; \n        color: #000000; \n        font-size: 1rem;\n        padding: 20px 30px; \n        border-radius: 25px; \n        text-decoration: none;\n        text-align: center;\n        transition: transform 0.2s ease;\n        width: 180px; \n        height: 220px; \n        border: 2px solid #7ead0c; \n    }\n\n    .btn-primary:hover {\n        transform: translateY(-2px); \n    }\n\n    .btn-icon {\n        font-size: 30px; \n        margin-bottom: 10px;\n        color: #7ead0c; \n        transition: color 0.3s ease; \n        text-align: center;\n    }\n\n    .btn-primary:hover .btn-icon {\n        color: #6fa607; \n    }\n\n    .btn-primary h3 {\n        font-size: 0.9rem; \n        font-weight: 500;\n        color: #000000; \n        margin: 0;\n        text-align: center;\n    }\n\n\n    .btn-primary .fa-cow {\n        font-size: 30px;  \n        color: #7ead0c;    \n    }\n\n \n    @media (max-width: 768px) {\n        .report-cards {\n            grid-template-columns: 1fr 1fr;\n        }\n    }\n\n    @media (max-width: 480px) {\n        .report-cards {\n            grid-template-columns: 1fr;\n        }\n    }\n<\/style>\n\n<div class=\"container\">\n    <section class=\"reports\">\n        <div class=\"report-cards\">\n            <div class=\"report\">\n                <a href=\"https:\/\/www.oep.tn\/fr\/%d8%aa%d8%b7%d9%88%d8%b1-%d8%a3%d8%b3%d8%b9%d8%a7%d8%b1-%d8%a7%d9%84%d8%a3%d8%b9%d9%84%d8%a7%d9%81\/\" class=\"btn-primary\" target=\"_blank\">\n                    <i class=\"fas fa-chart-line btn-icon\"><\/i>\n                    <h3>Evolution des prix des fourrages<\/h3>\n                <\/a>\n            <\/div>\n\n            <div class=\"report\">\n                <a href=\"https:\/\/www.oep.tn\/la-production-de-cultures-fourrageres-et-de-fourrages-concentres\/\" class=\"btn-primary\" target=\"_blank\">\n                    <i class=\"fas fa-seedling btn-icon\"><\/i>\n                    <h3>Evolution de la production des cultures fourrag\u00e8res et du concentr\u00e9s<\/h3>\n                <\/a>\n            <\/div>\n\n            <div class=\"report\">\n                <a href=\"https:\/\/www.oep.tn\/evolution-du-prix-de-vente-du-lait\/\" class=\"btn-primary\" target=\"_blank\">\n                    <i class=\"fa-solid fa-cow\"><\/i>\n                    <h3>Evolution cout lait \u00e0 la production<\/h3>\n                <\/a>\n            <\/div>\n\n            <div class=\"report\">\n                <a href=\"https:\/\/www.oep.tn\/culture-fourragere\/\" class=\"btn-primary\" target=\"_blank\">\n                    <i class=\"fas fa-tractor btn-icon\"><\/i>\n                    <h3>Superficies des cultures fourrag\u00e8res<\/h3>\n                <\/a>\n            <\/div>\n\n            <div class=\"report\">\n                <a href=\"https:\/\/www.oep.tn\/open-data\/\" class=\"btn-primary\" target=\"_blank\">\n                    <i class=\"fas fa-piggy-bank btn-icon\"><\/i>\n                    <h3>Estimation Effectif du cheptel<\/h3>\n                <\/a>\n            <\/div>\n\n            <div class=\"report\">\n                <a href=\"https:\/\/www.oep.tn\/fr\/documents-administratifs\/\" class=\"btn-primary\" target=\"_blank\">\n                    <i class=\"fas fa-file-alt btn-icon\"><\/i>\n                    <h3>Documents Administratifs<\/h3>\n                <\/a>\n            <\/div>\n        <\/div>\n    <\/section>\n<\/div>\n","protected":false},"excerpt":{"rendered":"<p>Documentation Evolution des prix des fourrages Evolution de la production des cultures fourrag\u00e8res et du concentr\u00e9s Evolution cout lait \u00e0 la production Superficies des cultures fourrag\u00e8res Estimation Effectif du cheptel Documents Administratifs<\/p>\n","protected":false},"author":2,"featured_media":0,"parent":0,"menu_order":0,"comment_status":"closed","ping_status":"closed","template":"","meta":{"_themeisle_gutenberg_block_has_review":false,"footnotes":""},"class_list":["post-2436","page","type-page","status-publish","hentry"],"yoast_head":"<!-- This site is optimized with the Yoast SEO plugin v26.0 - https:\/\/yoast.com\/wordpress\/plugins\/seo\/ -->\n<title>Open Data - Office de l&#039;Elevage et des P\u00e2turages<\/title>\n<meta name=\"robots\" content=\"index, follow, max-snippet:-1, max-image-preview:large, max-video-preview:-1\" \/>\n<link rel=\"canonical\" href=\"https:\/\/www.oep.tn\/fr\/open-data-2\/\" \/>\n<meta property=\"og:locale\" content=\"fr_FR\" \/>\n<meta property=\"og:type\" content=\"article\" \/>\n<meta property=\"og:title\" content=\"Open Data - Office de l&#039;Elevage et des P\u00e2turages\" \/>\n<meta property=\"og:description\" content=\"Documentation Evolution des prix des fourrages Evolution de la production des cultures fourrag\u00e8res et du concentr\u00e9s Evolution cout lait \u00e0 la production Superficies des cultures fourrag\u00e8res Estimation Effectif du cheptel Documents Administratifs\" \/>\n<meta property=\"og:url\" content=\"https:\/\/www.oep.tn\/fr\/open-data-2\/\" \/>\n<meta property=\"og:site_name\" content=\"Office de l&#039;Elevage et des P\u00e2turages\" \/>\n<meta property=\"article:modified_time\" content=\"2025-06-25T09:36:26+00:00\" \/>\n<meta name=\"twitter:card\" content=\"summary_large_image\" \/>\n<meta name=\"twitter:label1\" content=\"Dur\u00e9e de lecture estim\u00e9e\" \/>\n\t<meta name=\"twitter:data1\" content=\"1 minute\" \/>\n<script type=\"application\/ld+json\" class=\"yoast-schema-graph\">{\"@context\":\"https:\/\/schema.org\",\"@graph\":[{\"@type\":\"WebPage\",\"@id\":\"https:\/\/www.oep.tn\/fr\/open-data-2\/\",\"url\":\"https:\/\/www.oep.tn\/fr\/open-data-2\/\",\"name\":\"Open Data - Office de l&#039;Elevage et des P\u00e2turages\",\"isPartOf\":{\"@id\":\"https:\/\/www.oep.tn\/#website\"},\"datePublished\":\"2023-01-09T10:18:58+00:00\",\"dateModified\":\"2025-06-25T09:36:26+00:00\",\"breadcrumb\":{\"@id\":\"https:\/\/www.oep.tn\/fr\/open-data-2\/#breadcrumb\"},\"inLanguage\":\"fr-FR\",\"potentialAction\":[{\"@type\":\"ReadAction\",\"target\":[\"https:\/\/www.oep.tn\/fr\/open-data-2\/\"]}]},{\"@type\":\"BreadcrumbList\",\"@id\":\"https:\/\/www.oep.tn\/fr\/open-data-2\/#breadcrumb\",\"itemListElement\":[{\"@type\":\"ListItem\",\"position\":1,\"name\":\"Accueil\",\"item\":\"https:\/\/www.oep.tn\/fr\/\"},{\"@type\":\"ListItem\",\"position\":2,\"name\":\"Open Data\"}]},{\"@type\":\"WebSite\",\"@id\":\"https:\/\/www.oep.tn\/#website\",\"url\":\"https:\/\/www.oep.tn\/\",\"name\":\"Office de l'Elevage et des P\u00e2turages\",\"description\":\"Office de l&#039;Elevage et des P\u00e2turages\",\"publisher\":{\"@id\":\"https:\/\/www.oep.tn\/#organization\"},\"alternateName\":\"Office de l'Elevage et des P\u00e2turages\",\"potentialAction\":[{\"@type\":\"SearchAction\",\"target\":{\"@type\":\"EntryPoint\",\"urlTemplate\":\"https:\/\/www.oep.tn\/?s={search_term_string}\"},\"query-input\":{\"@type\":\"PropertyValueSpecification\",\"valueRequired\":true,\"valueName\":\"search_term_string\"}}],\"inLanguage\":\"fr-FR\"},{\"@type\":\"Organization\",\"@id\":\"https:\/\/www.oep.tn\/#organization\",\"name\":\"Office de l'Elevage et des Patuages\",\"url\":\"https:\/\/www.oep.tn\/\",\"logo\":{\"@type\":\"ImageObject\",\"inLanguage\":\"fr-FR\",\"@id\":\"https:\/\/www.oep.tn\/#\/schema\/logo\/image\/\",\"url\":\"https:\/\/www.oep.tn\/wp-content\/uploads\/2022\/11\/logo-oep-arabe-2.png\",\"contentUrl\":\"https:\/\/www.oep.tn\/wp-content\/uploads\/2022\/11\/logo-oep-arabe-2.png\",\"width\":567,\"height\":142,\"caption\":\"Office de l'Elevage et des Patuages\"},\"image\":{\"@id\":\"https:\/\/www.oep.tn\/#\/schema\/logo\/image\/\"}}]}<\/script>\n<!-- \/ Yoast SEO plugin. -->","yoast_head_json":{"title":"Open Data - Office de l&#039;Elevage et des P\u00e2turages","robots":{"index":"index","follow":"follow","max-snippet":"max-snippet:-1","max-image-preview":"max-image-preview:large","max-video-preview":"max-video-preview:-1"},"canonical":"https:\/\/www.oep.tn\/fr\/open-data-2\/","og_locale":"fr_FR","og_type":"article","og_title":"Open Data - Office de l&#039;Elevage et des P\u00e2turages","og_description":"Documentation Evolution des prix des fourrages Evolution de la production des cultures fourrag\u00e8res et du concentr\u00e9s Evolution cout lait \u00e0 la production Superficies des cultures fourrag\u00e8res Estimation Effectif du cheptel Documents Administratifs","og_url":"https:\/\/www.oep.tn\/fr\/open-data-2\/","og_site_name":"Office de l&#039;Elevage et des P\u00e2turages","article_modified_time":"2025-06-25T09:36:26+00:00","twitter_card":"summary_large_image","twitter_misc":{"Dur\u00e9e de lecture estim\u00e9e":"1 minute"},"schema":{"@context":"https:\/\/schema.org","@graph":[{"@type":"WebPage","@id":"https:\/\/www.oep.tn\/fr\/open-data-2\/","url":"https:\/\/www.oep.tn\/fr\/open-data-2\/","name":"Open Data - Office de l&#039;Elevage et des P\u00e2turages","isPartOf":{"@id":"https:\/\/www.oep.tn\/#website"},"datePublished":"2023-01-09T10:18:58+00:00","dateModified":"2025-06-25T09:36:26+00:00","breadcrumb":{"@id":"https:\/\/www.oep.tn\/fr\/open-data-2\/#breadcrumb"},"inLanguage":"fr-FR","potentialAction":[{"@type":"ReadAction","target":["https:\/\/www.oep.tn\/fr\/open-data-2\/"]}]},{"@type":"BreadcrumbList","@id":"https:\/\/www.oep.tn\/fr\/open-data-2\/#breadcrumb","itemListElement":[{"@type":"ListItem","position":1,"name":"Accueil","item":"https:\/\/www.oep.tn\/fr\/"},{"@type":"ListItem","position":2,"name":"Open Data"}]},{"@type":"WebSite","@id":"https:\/\/www.oep.tn\/#website","url":"https:\/\/www.oep.tn\/","name":"Office de l'Elevage et des P\u00e2turages","description":"Office de l&#039;Elevage et des P\u00e2turages","publisher":{"@id":"https:\/\/www.oep.tn\/#organization"},"alternateName":"Office de l'Elevage et des P\u00e2turages","potentialAction":[{"@type":"SearchAction","target":{"@type":"EntryPoint","urlTemplate":"https:\/\/www.oep.tn\/?s={search_term_string}"},"query-input":{"@type":"PropertyValueSpecification","valueRequired":true,"valueName":"search_term_string"}}],"inLanguage":"fr-FR"},{"@type":"Organization","@id":"https:\/\/www.oep.tn\/#organization","name":"Office de l'Elevage et des Patuages","url":"https:\/\/www.oep.tn\/","logo":{"@type":"ImageObject","inLanguage":"fr-FR","@id":"https:\/\/www.oep.tn\/#\/schema\/logo\/image\/","url":"https:\/\/www.oep.tn\/wp-content\/uploads\/2022\/11\/logo-oep-arabe-2.png","contentUrl":"https:\/\/www.oep.tn\/wp-content\/uploads\/2022\/11\/logo-oep-arabe-2.png","width":567,"height":142,"caption":"Office de l'Elevage et des Patuages"},"image":{"@id":"https:\/\/www.oep.tn\/#\/schema\/logo\/image\/"}}]}},"_links":{"self":[{"href":"https:\/\/www.oep.tn\/fr\/wp-json\/wp\/v2\/pages\/2436","targetHints":{"allow":["GET"]}}],"collection":[{"href":"https:\/\/www.oep.tn\/fr\/wp-json\/wp\/v2\/pages"}],"about":[{"href":"https:\/\/www.oep.tn\/fr\/wp-json\/wp\/v2\/types\/page"}],"author":[{"embeddable":true,"href":"https:\/\/www.oep.tn\/fr\/wp-json\/wp\/v2\/users\/2"}],"replies":[{"embeddable":true,"href":"https:\/\/www.oep.tn\/fr\/wp-json\/wp\/v2\/comments?post=2436"}],"version-history":[{"count":9,"href":"https:\/\/www.oep.tn\/fr\/wp-json\/wp\/v2\/pages\/2436\/revisions"}],"predecessor-version":[{"id":5713,"href":"https:\/\/www.oep.tn\/fr\/wp-json\/wp\/v2\/pages\/2436\/revisions\/5713"}],"wp:attachment":[{"href":"https:\/\/www.oep.tn\/fr\/wp-json\/wp\/v2\/media?parent=2436"}],"curies":[{"name":"wp","href":"https:\/\/api.w.org\/{rel}","templated":true}]}}