


































































{"id":2439,"date":"2023-01-09T11:22:39","date_gmt":"2023-01-09T10:22:39","guid":{"rendered":"https:\/\/www.oep.tn\/?page_id=2439"},"modified":"2023-12-04T10:13:49","modified_gmt":"2023-12-04T09:13:49","slug":"formation-fil-une-nouvelle-approche","status":"publish","type":"page","link":"https:\/\/www.oep.tn\/fr\/formation-fil-une-nouvelle-approche\/","title":{"rendered":"Formation Fil &#8211; une nouvelle approche"},"content":{"rendered":"\n<!DOCTYPE html>\n<html lang=\"en\">\n\n<head>\n    <meta charset=\"UTF-8\">\n    <meta http-equiv=\"X-UA-Compatible\" content=\"IE=edge\">\n    <meta name=\"viewport\" content=\"width=device-width, initial-scale=1.0\">\n    <title>Document<\/title>\n    <link rel=\"stylesheet\" href=\"https:\/\/cdn.jsdelivr.net\/npm\/bootstrap@4.6.2\/dist\/css\/bootstrap.min.css\"\n        integrity=\"sha384-xOolHFLEh07PJGoPkLv1IbcEPTNtaed2xpHsD9ESMhqIYd0nLMwNLD69Npy4HI+N\" crossorigin=\"anonymous\">\n<\/head>\n\n<body>\n    <button type=\"button\" class=\"btn btn-primary\" style=\"background-color:midnightblue ; border-color:midnightblue ;\">\n        <a href=\"https:\/\/www.oep.tn\/partenariat-oep-fil\/\" style=\"color: white;\">Partenariat OEP-Fil<\/a> <\/button>\n    <button type=\"button\" class=\"btn btn-secondary\" style=\"background-color: forestgreen; border-color: orestgreen;\"> <a\n            href=\"https:\/\/www.oep.tn\/formation-fil-une-nouvelle-approche\/\" style=\"color: white;\">Formation\n            Fil<\/a> <\/button>\n    <button type=\"button\" class=\"btn btn-success\" style=\"background-color: indianred; border-color: indianred;\"> <a href=\"https:\/\/www.oep.tn\/presentation-du-projet-fil\/\"\n            style=\"color: white;\">Projet Fil<\/a> <\/button>\n    <button type=\"button\" class=\"btn btn-danger\" style=\"background-color: darkgoldenrod; border-color: darkgoldenrod;\"> <a href=\"https:\/\/www.oep.tn\/info-news-et-actualites\/\"\n            style=\"color: white;\">Actualites<\/a> <\/button>\n    <button type=\"button\" class=\"btn btn-warning\" style=\"background-color: cadetblue; border-color: cadetblue;\"> <a\n            href=\"https:\/\/www.oep.tn\/supports-didactique-et-techniques\/\" style=\"color: white;\">Supports<\/a>\n    <\/button>\n    <button type=\"button\" class=\"btn btn-info\" style=\"background-color: blueviolet; border-color: blueviolet;\"> <a href=\"https:\/\/www.oep.tn\/galerie\/\"\n            style=\"color: white;\">Galerie<\/a> <\/button>\n\n<\/body>\n\n<\/html>\n\n\n\n<div style=\"height:50px\" aria-hidden=\"true\" class=\"wp-block-spacer\"><\/div>\n\n\n\n<h1 class=\"wp-block-heading\"><strong><mark style=\"background-color:rgba(0, 0, 0, 0)\" class=\"has-inline-color has-thr-acc-color\">Formation Fil &#8211; une nouvelle approche<\/mark><\/strong><\/h1>\n\n\n\n<div style=\"height:50px\" aria-hidden=\"true\" class=\"wp-block-spacer\"><\/div>\n\n\n\n<h5 class=\"wp-block-heading\"><mark style=\"background-color:rgba(0, 0, 0, 0)\" class=\"has-inline-color has-thr-txt-color\"><strong>1.\u00a0\u00a0La pratique au premier plan<\/strong>\u00a0<\/mark><\/h5>\n\n\n\n<p>Pour d\u00e9terminer le contenu et la m\u00e9thodologie de la formation, nous nous sommes bas\u00e9s sur l\u2019analyse et la description des comp\u00e9tences et capacit\u00e9s dont l&#8217;\u00e9leveur aura besoin pour ma\u00eetriser plus efficacement son syst\u00e8me de production laitier, tout en tenant compte des d\u00e9fis li\u00e9s aux conditions naturelles et du march\u00e9 en Tunisie. La priorit\u00e9 est ainsi donn\u00e9e aux sujets qui permettent une am\u00e9lioration rapide et durable de la productivit\u00e9.<\/p>\n\n\n\n<h5 class=\"wp-block-heading\"><strong><mark style=\"background-color:rgba(0, 0, 0, 0)\" class=\"has-inline-color has-thr-txt-color\">2.&nbsp;&nbsp;R\u00e9pondre aux r\u00e9alit\u00e9s \u00e9conomiques et sociales des \u00e9leveurs<\/mark><\/strong><mark style=\"background-color:rgba(0, 0, 0, 0)\" class=\"has-inline-color has-thr-acc-color\">&nbsp;<\/mark><\/h5>\n\n\n\n<p>Ceci s&#8217;applique \u00e0 la m\u00e9thode, au contenu et \u00e0 l&#8217;organisation de la formation. Pour pouvoir toucher les vrais actifs dans la ferme, il est n\u00e9cessaire d\u2019inclure les femmes dans les sessions de formation autant que possible. Elles sont g\u00e9n\u00e9ralement celles qui s\u2019occupent quotidiennement de l\u2019\u00e9levage et assurent la majorit\u00e9 des travaux \u00e0 la ferme. Le succ\u00e8s que le projet Fil a r\u00e9alis\u00e9 avec la participation des femmes aux sessions de formation est attribuable \u00e0 plusieurs mesures :<\/p>\n\n\n\n<p>\u2022 Tenue de toutes les activit\u00e9s de formation en milieu rural \u00e0 proximit\u00e9 des m\u00e9nages des participants.<\/p>\n\n\n\n<p>\u2022 Choix d\u2019un horaire adapt\u00e9 qui leur permettra de continuer \u00e0 faire leurs travaux quotidiens sans probl\u00e8mes.<\/p>\n\n\n\n<p>\u2022&nbsp; Intervention de formateurs des deux sexes au cours de la session.<\/p>\n\n\n\n<p>\u2022&nbsp; L\u2019invitation est faite porte \u00e0 porte accompagn\u00e9e d\u2019une bonne explication de l\u2019int\u00e9r\u00eat de la formation et de la mani\u00e8re dont elle sera d\u00e9roul\u00e9e.<\/p>\n\n\n\n<h5 class=\"wp-block-heading\"><strong><mark style=\"background-color:rgba(0, 0, 0, 0)\" class=\"has-inline-color has-thr-txt-color\">3.&nbsp;&nbsp;La force de la formation interactive<\/mark><\/strong><\/h5>\n\n\n\n<p>Le concept de formation interactive s\u2019impose sur l\u2019ensemble des activit\u00e9s li\u00e9es \u00e0 notre d\u00e9marche, partant de l\u2019architecture des modules et du mat\u00e9riel et outils de formation jusqu\u2019\u00e0 la mise en \u0153uvre lors des s\u00e9ances de formation.<strong><\/strong><\/p>\n\n\n\n<p>Nous nous sommes orient\u00e9s \u00e0 utiliser des photos, des simulations, des jeux de r\u00f4les et l\u2019analyse de situations r\u00e9elles autour desquels et moyennant la technique de brainstorming, le formateur jouera le r\u00f4le .&nbsp;<\/p>\n","protected":false},"excerpt":{"rendered":"<p>Document Partenariat OEP-Fil Formation Fil Projet Fil Actualites Supports Galerie Formation Fil &#8211; une nouvelle approche 1.\u00a0\u00a0La pratique au premier plan\u00a0 Pour d\u00e9terminer le contenu et la m\u00e9thodologie de la formation, nous nous sommes bas\u00e9s sur l\u2019analyse et la description des comp\u00e9tences et capacit\u00e9s dont l&#8217;\u00e9leveur aura besoin pour ma\u00eetriser plus efficacement son syst\u00e8me de [&hellip;]<\/p>\n","protected":false},"author":2,"featured_media":0,"parent":0,"menu_order":0,"comment_status":"closed","ping_status":"closed","template":"","meta":{"_themeisle_gutenberg_block_has_review":false,"footnotes":""},"class_list":["post-2439","page","type-page","status-publish","hentry"],"yoast_head":"<!-- This site is optimized with the Yoast SEO plugin v26.0 - https:\/\/yoast.com\/wordpress\/plugins\/seo\/ -->\n<title>Formation Fil - une nouvelle approche - Office de l&#039;Elevage et des P\u00e2turages<\/title>\n<meta name=\"robots\" content=\"index, follow, max-snippet:-1, max-image-preview:large, max-video-preview:-1\" \/>\n<link rel=\"canonical\" href=\"https:\/\/www.oep.tn\/formation-fil-une-nouvelle-approche\/\" \/>\n<meta property=\"og:locale\" content=\"fr_FR\" \/>\n<meta property=\"og:type\" content=\"article\" \/>\n<meta property=\"og:title\" content=\"Formation Fil - une nouvelle approche - Office de l&#039;Elevage et des P\u00e2turages\" \/>\n<meta property=\"og:description\" content=\"Document Partenariat OEP-Fil Formation Fil Projet Fil Actualites Supports Galerie Formation Fil &#8211; une nouvelle approche 1.\u00a0\u00a0La pratique au premier plan\u00a0 Pour d\u00e9terminer le contenu et la m\u00e9thodologie de la formation, nous nous sommes bas\u00e9s sur l\u2019analyse et la description des comp\u00e9tences et capacit\u00e9s dont l&#8217;\u00e9leveur aura besoin pour ma\u00eetriser plus efficacement son syst\u00e8me de [&hellip;]\" \/>\n<meta property=\"og:url\" content=\"https:\/\/www.oep.tn\/formation-fil-une-nouvelle-approche\/\" \/>\n<meta property=\"og:site_name\" content=\"Office de l&#039;Elevage et des P\u00e2turages\" \/>\n<meta property=\"article:modified_time\" content=\"2023-12-04T09:13:49+00:00\" \/>\n<meta name=\"twitter:card\" content=\"summary_large_image\" \/>\n<meta name=\"twitter:label1\" content=\"Dur\u00e9e de lecture estim\u00e9e\" \/>\n\t<meta name=\"twitter:data1\" content=\"2 minutes\" \/>\n<script type=\"application\/ld+json\" class=\"yoast-schema-graph\">{\"@context\":\"https:\/\/schema.org\",\"@graph\":[{\"@type\":\"WebPage\",\"@id\":\"https:\/\/www.oep.tn\/formation-fil-une-nouvelle-approche\/\",\"url\":\"https:\/\/www.oep.tn\/formation-fil-une-nouvelle-approche\/\",\"name\":\"Formation Fil - une nouvelle approche - Office de l&#039;Elevage et des P\u00e2turages\",\"isPartOf\":{\"@id\":\"https:\/\/www.oep.tn\/#website\"},\"datePublished\":\"2023-01-09T10:22:39+00:00\",\"dateModified\":\"2023-12-04T09:13:49+00:00\",\"breadcrumb\":{\"@id\":\"https:\/\/www.oep.tn\/formation-fil-une-nouvelle-approche\/#breadcrumb\"},\"inLanguage\":\"fr-FR\",\"potentialAction\":[{\"@type\":\"ReadAction\",\"target\":[\"https:\/\/www.oep.tn\/formation-fil-une-nouvelle-approche\/\"]}]},{\"@type\":\"BreadcrumbList\",\"@id\":\"https:\/\/www.oep.tn\/formation-fil-une-nouvelle-approche\/#breadcrumb\",\"itemListElement\":[{\"@type\":\"ListItem\",\"position\":1,\"name\":\"Accueil\",\"item\":\"https:\/\/www.oep.tn\/fr\/\"},{\"@type\":\"ListItem\",\"position\":2,\"name\":\"Formation Fil &#8211; une nouvelle approche\"}]},{\"@type\":\"WebSite\",\"@id\":\"https:\/\/www.oep.tn\/#website\",\"url\":\"https:\/\/www.oep.tn\/\",\"name\":\"Office de l'Elevage et des P\u00e2turages\",\"description\":\"Office de l&#039;Elevage et des P\u00e2turages\",\"publisher\":{\"@id\":\"https:\/\/www.oep.tn\/#organization\"},\"alternateName\":\"Office de l'Elevage et des P\u00e2turages\",\"potentialAction\":[{\"@type\":\"SearchAction\",\"target\":{\"@type\":\"EntryPoint\",\"urlTemplate\":\"https:\/\/www.oep.tn\/?s={search_term_string}\"},\"query-input\":{\"@type\":\"PropertyValueSpecification\",\"valueRequired\":true,\"valueName\":\"search_term_string\"}}],\"inLanguage\":\"fr-FR\"},{\"@type\":\"Organization\",\"@id\":\"https:\/\/www.oep.tn\/#organization\",\"name\":\"Office de l'Elevage et des Patuages\",\"url\":\"https:\/\/www.oep.tn\/\",\"logo\":{\"@type\":\"ImageObject\",\"inLanguage\":\"fr-FR\",\"@id\":\"https:\/\/www.oep.tn\/#\/schema\/logo\/image\/\",\"url\":\"https:\/\/www.oep.tn\/wp-content\/uploads\/2022\/11\/logo-oep-arabe-2.png\",\"contentUrl\":\"https:\/\/www.oep.tn\/wp-content\/uploads\/2022\/11\/logo-oep-arabe-2.png\",\"width\":567,\"height\":142,\"caption\":\"Office de l'Elevage et des Patuages\"},\"image\":{\"@id\":\"https:\/\/www.oep.tn\/#\/schema\/logo\/image\/\"}}]}<\/script>\n<!-- \/ Yoast SEO plugin. -->","yoast_head_json":{"title":"Formation Fil - une nouvelle approche - Office de l&#039;Elevage et des P\u00e2turages","robots":{"index":"index","follow":"follow","max-snippet":"max-snippet:-1","max-image-preview":"max-image-preview:large","max-video-preview":"max-video-preview:-1"},"canonical":"https:\/\/www.oep.tn\/formation-fil-une-nouvelle-approche\/","og_locale":"fr_FR","og_type":"article","og_title":"Formation Fil - une nouvelle approche - Office de l&#039;Elevage et des P\u00e2turages","og_description":"Document Partenariat OEP-Fil Formation Fil Projet Fil Actualites Supports Galerie Formation Fil &#8211; une nouvelle approche 1.\u00a0\u00a0La pratique au premier plan\u00a0 Pour d\u00e9terminer le contenu et la m\u00e9thodologie de la formation, nous nous sommes bas\u00e9s sur l\u2019analyse et la description des comp\u00e9tences et capacit\u00e9s dont l&#8217;\u00e9leveur aura besoin pour ma\u00eetriser plus efficacement son syst\u00e8me de [&hellip;]","og_url":"https:\/\/www.oep.tn\/formation-fil-une-nouvelle-approche\/","og_site_name":"Office de l&#039;Elevage et des P\u00e2turages","article_modified_time":"2023-12-04T09:13:49+00:00","twitter_card":"summary_large_image","twitter_misc":{"Dur\u00e9e de lecture estim\u00e9e":"2 minutes"},"schema":{"@context":"https:\/\/schema.org","@graph":[{"@type":"WebPage","@id":"https:\/\/www.oep.tn\/formation-fil-une-nouvelle-approche\/","url":"https:\/\/www.oep.tn\/formation-fil-une-nouvelle-approche\/","name":"Formation Fil - une nouvelle approche - Office de l&#039;Elevage et des P\u00e2turages","isPartOf":{"@id":"https:\/\/www.oep.tn\/#website"},"datePublished":"2023-01-09T10:22:39+00:00","dateModified":"2023-12-04T09:13:49+00:00","breadcrumb":{"@id":"https:\/\/www.oep.tn\/formation-fil-une-nouvelle-approche\/#breadcrumb"},"inLanguage":"fr-FR","potentialAction":[{"@type":"ReadAction","target":["https:\/\/www.oep.tn\/formation-fil-une-nouvelle-approche\/"]}]},{"@type":"BreadcrumbList","@id":"https:\/\/www.oep.tn\/formation-fil-une-nouvelle-approche\/#breadcrumb","itemListElement":[{"@type":"ListItem","position":1,"name":"Accueil","item":"https:\/\/www.oep.tn\/fr\/"},{"@type":"ListItem","position":2,"name":"Formation Fil &#8211; une nouvelle approche"}]},{"@type":"WebSite","@id":"https:\/\/www.oep.tn\/#website","url":"https:\/\/www.oep.tn\/","name":"Office de l'Elevage et des P\u00e2turages","description":"Office de l&#039;Elevage et des P\u00e2turages","publisher":{"@id":"https:\/\/www.oep.tn\/#organization"},"alternateName":"Office de l'Elevage et des P\u00e2turages","potentialAction":[{"@type":"SearchAction","target":{"@type":"EntryPoint","urlTemplate":"https:\/\/www.oep.tn\/?s={search_term_string}"},"query-input":{"@type":"PropertyValueSpecification","valueRequired":true,"valueName":"search_term_string"}}],"inLanguage":"fr-FR"},{"@type":"Organization","@id":"https:\/\/www.oep.tn\/#organization","name":"Office de l'Elevage et des Patuages","url":"https:\/\/www.oep.tn\/","logo":{"@type":"ImageObject","inLanguage":"fr-FR","@id":"https:\/\/www.oep.tn\/#\/schema\/logo\/image\/","url":"https:\/\/www.oep.tn\/wp-content\/uploads\/2022\/11\/logo-oep-arabe-2.png","contentUrl":"https:\/\/www.oep.tn\/wp-content\/uploads\/2022\/11\/logo-oep-arabe-2.png","width":567,"height":142,"caption":"Office de l'Elevage et des Patuages"},"image":{"@id":"https:\/\/www.oep.tn\/#\/schema\/logo\/image\/"}}]}},"_links":{"self":[{"href":"https:\/\/www.oep.tn\/fr\/wp-json\/wp\/v2\/pages\/2439","targetHints":{"allow":["GET"]}}],"collection":[{"href":"https:\/\/www.oep.tn\/fr\/wp-json\/wp\/v2\/pages"}],"about":[{"href":"https:\/\/www.oep.tn\/fr\/wp-json\/wp\/v2\/types\/page"}],"author":[{"embeddable":true,"href":"https:\/\/www.oep.tn\/fr\/wp-json\/wp\/v2\/users\/2"}],"replies":[{"embeddable":true,"href":"https:\/\/www.oep.tn\/fr\/wp-json\/wp\/v2\/comments?post=2439"}],"version-history":[{"count":12,"href":"https:\/\/www.oep.tn\/fr\/wp-json\/wp\/v2\/pages\/2439\/revisions"}],"predecessor-version":[{"id":3861,"href":"https:\/\/www.oep.tn\/fr\/wp-json\/wp\/v2\/pages\/2439\/revisions\/3861"}],"wp:attachment":[{"href":"https:\/\/www.oep.tn\/fr\/wp-json\/wp\/v2\/media?parent=2439"}],"curies":[{"name":"wp","href":"https:\/\/api.w.org\/{rel}","templated":true}]}}