


































































{"id":2457,"date":"2023-01-10T14:20:59","date_gmt":"2023-01-10T13:20:59","guid":{"rendered":"https:\/\/www.oep.tn\/?page_id=2457"},"modified":"2023-12-04T10:15:32","modified_gmt":"2023-12-04T09:15:32","slug":"presentation-du-projet-fil","status":"publish","type":"page","link":"https:\/\/www.oep.tn\/fr\/presentation-du-projet-fil\/","title":{"rendered":"Pr\u00e9sentation du Projet Fil"},"content":{"rendered":"\n<!DOCTYPE html>\n<html lang=\"en\">\n\n<head>\n    <meta charset=\"UTF-8\">\n    <meta http-equiv=\"X-UA-Compatible\" content=\"IE=edge\">\n    <meta name=\"viewport\" content=\"width=device-width, initial-scale=1.0\">\n\n    <link rel=\"stylesheet\" href=\"https:\/\/cdn.jsdelivr.net\/npm\/bootstrap@4.6.2\/dist\/css\/bootstrap.min.css\"\n        integrity=\"sha384-xOolHFLEh07PJGoPkLv1IbcEPTNtaed2xpHsD9ESMhqIYd0nLMwNLD69Npy4HI+N\" crossorigin=\"anonymous\">\n<\/head>\n\n<body>\n    <button type=\"button\" class=\"btn btn-primary\" style=\"background-color:midnightblue ; border-color:midnightblue ;\">\n        <a href=\"https:\/\/www.oep.tn\/partenariat-oep-fil\/\" style=\"color: white;\">Partenariat OEP-Fil<\/a> <\/button>\n    <button type=\"button\" class=\"btn btn-secondary\" style=\"background-color: forestgreen; border-color: orestgreen;\"> <a\n            href=\"https:\/\/www.oep.tn\/formation-fil-une-nouvelle-approche\/\" style=\"color: white;\">Formation\n            Fil<\/a> <\/button>\n    <button type=\"button\" class=\"btn btn-success\" style=\"background-color: indianred; border-color: indianred;\"> <a href=\"https:\/\/www.oep.tn\/presentation-du-projet-fil\/\"\n            style=\"color: white;\">Projet Fil<\/a> <\/button>\n    <button type=\"button\" class=\"btn btn-danger\" style=\"background-color: darkgoldenrod; border-color: darkgoldenrod;\"> <a href=\"https:\/\/www.oep.tn\/info-news-et-actualites\/\"\n            style=\"color: white;\">Actualites<\/a> <\/button>\n    <button type=\"button\" class=\"btn btn-warning\" style=\"background-color: cadetblue; border-color: cadetblue;\"> <a\n            href=\"https:\/\/www.oep.tn\/supports-didactique-et-techniques\/\" style=\"color: white;\">Supports<\/a>\n    <\/button>\n    <button type=\"button\" class=\"btn btn-info\" style=\"background-color: blueviolet; border-color: blueviolet;\"> <a href=\"https:\/\/www.oep.tn\/galerie\/\"\n            style=\"color: white;\">Galerie<\/a> <\/button>\n\n<\/body>\n\n<\/html>\n\n\n\n<div style=\"height:50px\" aria-hidden=\"true\" class=\"wp-block-spacer\"><\/div>\n\n\n\n<h1 class=\"wp-block-heading\"><strong><mark style=\"background-color:rgba(0, 0, 0, 0);color:#de006e\" class=\"has-inline-color\">Pr\u00e9sentation du Projet Fil<\/mark><\/strong><\/h1>\n\n\n\n<h5 class=\"wp-block-heading\"><strong>Contexte<\/strong><\/h5>\n\n\n\n<p>La cha\u00eene de valeur du lait en Tunisie repose sur 112 000 \u00e9leveurs bovins laitiers. La grande majorit\u00e9 sont des petits et moyens producteurs qui n\u00e9cessitent encore un renforcement de connaissances et de comp\u00e9tences qui va leur permettrede conduire un \u00e9levage r\u00e9ussi et rentable.<\/p>\n\n\n\n<h5 class=\"wp-block-heading\"><strong>Le d\u00e9fi<\/strong><\/h5>\n\n\n\n<p>Concevoir et appliquer une approche de formation ax\u00e9e sur la pratique et qui permet de communiquer efficacement les bonnes pratiques de la production laiti\u00e8re aux \u00e9leveurs.<\/p>\n\n\n\n<h5 class=\"wp-block-heading\"><strong>Les objectifs<\/strong><strong>&nbsp;<\/strong><\/h5>\n\n\n\n<p>Renforcer la productivit\u00e9 des petits et moyens \u00e9levages bovins laitiers&nbsp;:<\/p>\n\n\n\n<ul class=\"wp-block-list\">\n<li>Am\u00e9liorer la quantit\u00e9 et la qualit\u00e9 du lait dans la cha\u00eene de valeur.<\/li>\n\n\n\n<li>Am\u00e9liorer le revenu des petits et moyens \u00e9leveurs.<\/li>\n\n\n\n<li>Renforcer la capacit\u00e9 d&#8217;organisation des producteurs.<\/li>\n<\/ul>\n\n\n\n<h5 class=\"wp-block-heading\"><strong>Groupe cible<\/strong><\/h5>\n\n\n\n<ul class=\"wp-block-list\">\n<li>Les formateurs et les conseillers d\u2019organismes \u00e9tatiques et d\u2019entreprises priv\u00e9es.<\/li>\n\n\n\n<li>Les petits et moyens \u00e9leveurs bovins laitiers.<\/li>\n<\/ul>\n\n\n\n<h5 class=\"wp-block-heading\"><strong>Ex\u00e9cutant et p\u00e9riode d\u2019ex\u00e9cution<\/strong><\/h5>\n\n\n\n<p>FIL est ex\u00e9cut\u00e9e par la GFA Consulting Group, Hambourg, comme sous-composante du programme Innovations pour l\u2019Agriculture et l\u2019Agro-Alimentaire (IAAA)&nbsp;de la Deutsche Gesellschaft f\u00fcr Internationale Zusammenarbeit (GIZ) Gmbh.<\/p>\n\n\n\n<p>Le projet a d\u00e9marr\u00e9 en novembre 2017 pour une premi\u00e8re phase de 22 mois suivie d\u2019une deuxi\u00e8me phase de 30 mois \u00e0 partir de mi-septembre 2019 et qui s\u2019\u00e9tend jusqu\u2019\u00e0 mars 2022.<\/p>\n\n\n\n<h5 class=\"wp-block-heading\"><strong>Zones d\u2019intervention<\/strong><\/h5>\n\n\n\n<p>Les gouvernorats du Nord-Ouest&nbsp;: B\u00e9ja, Jendouba, Siliana et Kef<\/p>\n\n\n\n<p>Les gouvernorats du Centre-Ouest&nbsp;: Kasserine, Sidi Bouzid et Kairouan<\/p>\n","protected":false},"excerpt":{"rendered":"<p>Partenariat OEP-Fil Formation Fil Projet Fil Actualites Supports Galerie Pr\u00e9sentation du Projet Fil Contexte La cha\u00eene de valeur du lait en Tunisie repose sur 112 000 \u00e9leveurs bovins laitiers. La grande majorit\u00e9 sont des petits et moyens producteurs qui n\u00e9cessitent encore un renforcement de connaissances et de comp\u00e9tences qui va leur permettrede conduire un \u00e9levage [&hellip;]<\/p>\n","protected":false},"author":2,"featured_media":0,"parent":0,"menu_order":0,"comment_status":"closed","ping_status":"closed","template":"","meta":{"_themeisle_gutenberg_block_has_review":false,"footnotes":""},"class_list":["post-2457","page","type-page","status-publish","hentry"],"yoast_head":"<!-- This site is optimized with the Yoast SEO plugin v26.0 - https:\/\/yoast.com\/wordpress\/plugins\/seo\/ -->\n<title>Pr\u00e9sentation du Projet Fil - Office de l&#039;Elevage et des P\u00e2turages<\/title>\n<meta name=\"robots\" content=\"index, follow, max-snippet:-1, max-image-preview:large, max-video-preview:-1\" \/>\n<link rel=\"canonical\" href=\"https:\/\/www.oep.tn\/presentation-du-projet-fil\/\" \/>\n<meta property=\"og:locale\" content=\"fr_FR\" \/>\n<meta property=\"og:type\" content=\"article\" \/>\n<meta property=\"og:title\" content=\"Pr\u00e9sentation du Projet Fil - Office de l&#039;Elevage et des P\u00e2turages\" \/>\n<meta property=\"og:description\" content=\"Partenariat OEP-Fil Formation Fil Projet Fil Actualites Supports Galerie Pr\u00e9sentation du Projet Fil Contexte La cha\u00eene de valeur du lait en Tunisie repose sur 112 000 \u00e9leveurs bovins laitiers. La grande majorit\u00e9 sont des petits et moyens producteurs qui n\u00e9cessitent encore un renforcement de connaissances et de comp\u00e9tences qui va leur permettrede conduire un \u00e9levage [&hellip;]\" \/>\n<meta property=\"og:url\" content=\"https:\/\/www.oep.tn\/presentation-du-projet-fil\/\" \/>\n<meta property=\"og:site_name\" content=\"Office de l&#039;Elevage et des P\u00e2turages\" \/>\n<meta property=\"article:modified_time\" content=\"2023-12-04T09:15:32+00:00\" \/>\n<meta name=\"twitter:card\" content=\"summary_large_image\" \/>\n<meta name=\"twitter:label1\" content=\"Dur\u00e9e de lecture estim\u00e9e\" \/>\n\t<meta name=\"twitter:data1\" content=\"1 minute\" \/>\n<script type=\"application\/ld+json\" class=\"yoast-schema-graph\">{\"@context\":\"https:\/\/schema.org\",\"@graph\":[{\"@type\":\"WebPage\",\"@id\":\"https:\/\/www.oep.tn\/presentation-du-projet-fil\/\",\"url\":\"https:\/\/www.oep.tn\/presentation-du-projet-fil\/\",\"name\":\"Pr\u00e9sentation du Projet Fil - Office de l&#039;Elevage et des P\u00e2turages\",\"isPartOf\":{\"@id\":\"https:\/\/www.oep.tn\/#website\"},\"datePublished\":\"2023-01-10T13:20:59+00:00\",\"dateModified\":\"2023-12-04T09:15:32+00:00\",\"breadcrumb\":{\"@id\":\"https:\/\/www.oep.tn\/presentation-du-projet-fil\/#breadcrumb\"},\"inLanguage\":\"fr-FR\",\"potentialAction\":[{\"@type\":\"ReadAction\",\"target\":[\"https:\/\/www.oep.tn\/presentation-du-projet-fil\/\"]}]},{\"@type\":\"BreadcrumbList\",\"@id\":\"https:\/\/www.oep.tn\/presentation-du-projet-fil\/#breadcrumb\",\"itemListElement\":[{\"@type\":\"ListItem\",\"position\":1,\"name\":\"Accueil\",\"item\":\"https:\/\/www.oep.tn\/fr\/\"},{\"@type\":\"ListItem\",\"position\":2,\"name\":\"Pr\u00e9sentation du Projet Fil\"}]},{\"@type\":\"WebSite\",\"@id\":\"https:\/\/www.oep.tn\/#website\",\"url\":\"https:\/\/www.oep.tn\/\",\"name\":\"Office de l'Elevage et des P\u00e2turages\",\"description\":\"Office de l&#039;Elevage et des P\u00e2turages\",\"publisher\":{\"@id\":\"https:\/\/www.oep.tn\/#organization\"},\"alternateName\":\"Office de l'Elevage et des P\u00e2turages\",\"potentialAction\":[{\"@type\":\"SearchAction\",\"target\":{\"@type\":\"EntryPoint\",\"urlTemplate\":\"https:\/\/www.oep.tn\/?s={search_term_string}\"},\"query-input\":{\"@type\":\"PropertyValueSpecification\",\"valueRequired\":true,\"valueName\":\"search_term_string\"}}],\"inLanguage\":\"fr-FR\"},{\"@type\":\"Organization\",\"@id\":\"https:\/\/www.oep.tn\/#organization\",\"name\":\"Office de l'Elevage et des Patuages\",\"url\":\"https:\/\/www.oep.tn\/\",\"logo\":{\"@type\":\"ImageObject\",\"inLanguage\":\"fr-FR\",\"@id\":\"https:\/\/www.oep.tn\/#\/schema\/logo\/image\/\",\"url\":\"https:\/\/www.oep.tn\/wp-content\/uploads\/2022\/11\/logo-oep-arabe-2.png\",\"contentUrl\":\"https:\/\/www.oep.tn\/wp-content\/uploads\/2022\/11\/logo-oep-arabe-2.png\",\"width\":567,\"height\":142,\"caption\":\"Office de l'Elevage et des Patuages\"},\"image\":{\"@id\":\"https:\/\/www.oep.tn\/#\/schema\/logo\/image\/\"}}]}<\/script>\n<!-- \/ Yoast SEO plugin. -->","yoast_head_json":{"title":"Pr\u00e9sentation du Projet Fil - Office de l&#039;Elevage et des P\u00e2turages","robots":{"index":"index","follow":"follow","max-snippet":"max-snippet:-1","max-image-preview":"max-image-preview:large","max-video-preview":"max-video-preview:-1"},"canonical":"https:\/\/www.oep.tn\/presentation-du-projet-fil\/","og_locale":"fr_FR","og_type":"article","og_title":"Pr\u00e9sentation du Projet Fil - Office de l&#039;Elevage et des P\u00e2turages","og_description":"Partenariat OEP-Fil Formation Fil Projet Fil Actualites Supports Galerie Pr\u00e9sentation du Projet Fil Contexte La cha\u00eene de valeur du lait en Tunisie repose sur 112 000 \u00e9leveurs bovins laitiers. La grande majorit\u00e9 sont des petits et moyens producteurs qui n\u00e9cessitent encore un renforcement de connaissances et de comp\u00e9tences qui va leur permettrede conduire un \u00e9levage [&hellip;]","og_url":"https:\/\/www.oep.tn\/presentation-du-projet-fil\/","og_site_name":"Office de l&#039;Elevage et des P\u00e2turages","article_modified_time":"2023-12-04T09:15:32+00:00","twitter_card":"summary_large_image","twitter_misc":{"Dur\u00e9e de lecture estim\u00e9e":"1 minute"},"schema":{"@context":"https:\/\/schema.org","@graph":[{"@type":"WebPage","@id":"https:\/\/www.oep.tn\/presentation-du-projet-fil\/","url":"https:\/\/www.oep.tn\/presentation-du-projet-fil\/","name":"Pr\u00e9sentation du Projet Fil - Office de l&#039;Elevage et des P\u00e2turages","isPartOf":{"@id":"https:\/\/www.oep.tn\/#website"},"datePublished":"2023-01-10T13:20:59+00:00","dateModified":"2023-12-04T09:15:32+00:00","breadcrumb":{"@id":"https:\/\/www.oep.tn\/presentation-du-projet-fil\/#breadcrumb"},"inLanguage":"fr-FR","potentialAction":[{"@type":"ReadAction","target":["https:\/\/www.oep.tn\/presentation-du-projet-fil\/"]}]},{"@type":"BreadcrumbList","@id":"https:\/\/www.oep.tn\/presentation-du-projet-fil\/#breadcrumb","itemListElement":[{"@type":"ListItem","position":1,"name":"Accueil","item":"https:\/\/www.oep.tn\/fr\/"},{"@type":"ListItem","position":2,"name":"Pr\u00e9sentation du Projet Fil"}]},{"@type":"WebSite","@id":"https:\/\/www.oep.tn\/#website","url":"https:\/\/www.oep.tn\/","name":"Office de l'Elevage et des P\u00e2turages","description":"Office de l&#039;Elevage et des P\u00e2turages","publisher":{"@id":"https:\/\/www.oep.tn\/#organization"},"alternateName":"Office de l'Elevage et des P\u00e2turages","potentialAction":[{"@type":"SearchAction","target":{"@type":"EntryPoint","urlTemplate":"https:\/\/www.oep.tn\/?s={search_term_string}"},"query-input":{"@type":"PropertyValueSpecification","valueRequired":true,"valueName":"search_term_string"}}],"inLanguage":"fr-FR"},{"@type":"Organization","@id":"https:\/\/www.oep.tn\/#organization","name":"Office de l'Elevage et des Patuages","url":"https:\/\/www.oep.tn\/","logo":{"@type":"ImageObject","inLanguage":"fr-FR","@id":"https:\/\/www.oep.tn\/#\/schema\/logo\/image\/","url":"https:\/\/www.oep.tn\/wp-content\/uploads\/2022\/11\/logo-oep-arabe-2.png","contentUrl":"https:\/\/www.oep.tn\/wp-content\/uploads\/2022\/11\/logo-oep-arabe-2.png","width":567,"height":142,"caption":"Office de l'Elevage et des Patuages"},"image":{"@id":"https:\/\/www.oep.tn\/#\/schema\/logo\/image\/"}}]}},"_links":{"self":[{"href":"https:\/\/www.oep.tn\/fr\/wp-json\/wp\/v2\/pages\/2457","targetHints":{"allow":["GET"]}}],"collection":[{"href":"https:\/\/www.oep.tn\/fr\/wp-json\/wp\/v2\/pages"}],"about":[{"href":"https:\/\/www.oep.tn\/fr\/wp-json\/wp\/v2\/types\/page"}],"author":[{"embeddable":true,"href":"https:\/\/www.oep.tn\/fr\/wp-json\/wp\/v2\/users\/2"}],"replies":[{"embeddable":true,"href":"https:\/\/www.oep.tn\/fr\/wp-json\/wp\/v2\/comments?post=2457"}],"version-history":[{"count":8,"href":"https:\/\/www.oep.tn\/fr\/wp-json\/wp\/v2\/pages\/2457\/revisions"}],"predecessor-version":[{"id":3863,"href":"https:\/\/www.oep.tn\/fr\/wp-json\/wp\/v2\/pages\/2457\/revisions\/3863"}],"wp:attachment":[{"href":"https:\/\/www.oep.tn\/fr\/wp-json\/wp\/v2\/media?parent=2457"}],"curies":[{"name":"wp","href":"https:\/\/api.w.org\/{rel}","templated":true}]}}