


































































{"id":2504,"date":"2023-01-11T11:56:42","date_gmt":"2023-01-11T10:56:42","guid":{"rendered":"https:\/\/www.oep.tn\/?page_id=2504"},"modified":"2023-01-13T14:33:00","modified_gmt":"2023-01-13T13:33:00","slug":"modules-techniques","status":"publish","type":"page","link":"https:\/\/www.oep.tn\/fr\/modules-techniques\/","title":{"rendered":"MODULES TECHNIQUES"},"content":{"rendered":"\n<div class=\"wp-block-group\"><div class=\"wp-block-group__inner-container is-layout-constrained wp-block-group-is-layout-constrained\">\n<h5 class=\"wp-block-heading\"><strong><mark style=\"background-color:rgba(0, 0, 0, 0);color:#0c0ead\" class=\"has-inline-color\">Ma\u00eetrise des syst\u00e8mes Fourragers et Alimentaires<\/mark><\/strong><\/h5>\n\n\n\n<p>Ce document comprend les sous-th\u00e8mes suivants&nbsp;:<\/p>\n\n\n\n<ul class=\"wp-block-list\">\n<li>Estimation des besoins en aliments et planification de l\u2019approvisionnement en fourrages.<\/li>\n\n\n\n<li>Conduite des cultures fourrag\u00e8res.<\/li>\n\n\n\n<li>Techniques de conservation des fourrages.<\/li>\n\n\n\n<li>Valorisation des ressources alternatives disponibles.<\/li>\n<\/ul>\n\n\n\n<p>Version Fev2019<\/p>\n\n\n<div class=\"wp-block-image is-style-default\">\n<figure class=\"aligncenter size-full\"><img loading=\"lazy\" width=\"461\" height=\"676\" src=\"https:\/\/www.oep.tn\/wp-content\/uploads\/2023\/01\/Capture-2.png\" alt=\"\" class=\"wp-image-2577\" srcset=\"https:\/\/www.oep.tn\/wp-content\/uploads\/2023\/01\/Capture-2.png 461w, https:\/\/www.oep.tn\/wp-content\/uploads\/2023\/01\/Capture-2-205x300.png 205w\" sizes=\"auto, (max-width: 461px) 100vw, 461px\" \/><\/figure><\/div><\/div><\/div>\n\n\n\n<div class=\"wp-block-buttons is-content-justification-center is-layout-flex wp-container-core-buttons-is-layout-16018d1d wp-block-buttons-is-layout-flex\">\n<div class=\"wp-block-button\"><a class=\"wp-block-button__link wp-element-button\" href=\"https:\/\/www.oep.tn\/wp-content\/uploads\/2023\/01\/Fourrages.pdf\" target=\"_blank\" rel=\"noreferrer noopener\"><strong>T\u00e9l\u00e9charger le document<\/strong> :<mark style=\"background-color:rgba(0, 0, 0, 0)\" class=\"has-inline-color has-thr-bg-color\"> <strong>Fourragers<\/strong><\/mark><\/a><\/div>\n<\/div>\n\n\n\n<div style=\"height:30px\" aria-hidden=\"true\" class=\"wp-block-spacer\"><\/div>\n\n\n\n<h5 class=\"wp-block-heading\"><strong><mark style=\"background-color:rgba(0, 0, 0, 0);color:#0c0ead\" class=\"has-inline-color\">Ma\u00eetrise de l\u2019alimentation des bovins laitiers<\/mark><\/strong><\/h5>\n\n\n\n<p>Ce document comprend les sous-th\u00e8mes suivants&nbsp;:<\/p>\n\n\n\n<ul class=\"wp-block-list\">\n<li>Comprendre le syst\u00e8me digestif des bovins laitiers.<\/li>\n\n\n\n<li>Alimentation des vaches laiti\u00e8res en production et tarissement.<\/li>\n\n\n\n<li>Alimentation des jeunes bovins laitiers de 0 jour \u00e0 l\u2019\u00e2ge de v\u00ealage.<\/li>\n\n\n\n<li>Les indicateurs pratiques pour l\u2019\u00e9valuation de la ration des vaches laiti\u00e8res.<\/li>\n<\/ul>\n\n\n\n<p>Version Fev2019<\/p>\n\n\n<div class=\"wp-block-image\">\n<figure class=\"aligncenter size-full\"><img loading=\"lazy\" width=\"462\" height=\"672\" src=\"https:\/\/www.oep.tn\/wp-content\/uploads\/2023\/01\/Capture-3.png\" alt=\"\" class=\"wp-image-2580\" srcset=\"https:\/\/www.oep.tn\/wp-content\/uploads\/2023\/01\/Capture-3.png 462w, https:\/\/www.oep.tn\/wp-content\/uploads\/2023\/01\/Capture-3-206x300.png 206w\" sizes=\"auto, (max-width: 462px) 100vw, 462px\" \/><\/figure><\/div>\n\n\n<div class=\"wp-block-buttons is-content-justification-center is-layout-flex wp-container-core-buttons-is-layout-16018d1d wp-block-buttons-is-layout-flex\">\n<div class=\"wp-block-button\"><a class=\"wp-block-button__link wp-element-button\" href=\"https:\/\/www.oep.tn\/wp-content\/uploads\/2023\/01\/Alimentation.pdf\" target=\"_blank\" rel=\"noreferrer noopener\"><strong>T\u00e9l\u00e9charger le document<\/strong> : <strong>Alimentation<\/strong><\/a><\/div>\n<\/div>\n\n\n\n<div style=\"height:30px\" aria-hidden=\"true\" class=\"wp-block-spacer\"><\/div>\n\n\n\n<h5 class=\"wp-block-heading\"><strong><mark style=\"background-color:rgba(0, 0, 0, 0);color:#0c0ead\" class=\"has-inline-color\">Ma\u00eetrise de l\u2019hygi\u00e8ne et de la qualit\u00e9 du lait<\/mark><\/strong><\/h5>\n\n\n\n<p>Ce document comprend les sous-th\u00e8mes suivants&nbsp;:<\/p>\n\n\n\n<ul class=\"wp-block-list\">\n<li>Crit\u00e8res de qualit\u00e9 du lait et cons\u00e9quences de d\u00e9fauts de qualit\u00e9.<\/li>\n\n\n\n<li>Param\u00e8tres et outils d\u2019\u00e9valuation de la qualit\u00e9 du lait.<\/li>\n\n\n\n<li>Aspects sensoriels de la qualit\u00e9 du lait.<\/li>\n\n\n\n<li>Principaux facteurs de variation de la qualit\u00e9 du lait.<\/li>\n\n\n\n<li>Instauration d\u2019un syst\u00e8me de paiement du lait \u00e0 la qualit\u00e9.<\/li>\n<\/ul>\n\n\n\n<p>Version Fev2019<\/p>\n\n\n<div class=\"wp-block-image\">\n<figure class=\"aligncenter size-full\"><img loading=\"lazy\" width=\"462\" height=\"676\" src=\"https:\/\/www.oep.tn\/wp-content\/uploads\/2023\/01\/Capture-4.png\" alt=\"\" class=\"wp-image-2583\" srcset=\"https:\/\/www.oep.tn\/wp-content\/uploads\/2023\/01\/Capture-4.png 462w, https:\/\/www.oep.tn\/wp-content\/uploads\/2023\/01\/Capture-4-205x300.png 205w\" sizes=\"auto, (max-width: 462px) 100vw, 462px\" \/><\/figure><\/div>\n\n\n<div class=\"wp-block-buttons is-content-justification-center is-layout-flex wp-container-core-buttons-is-layout-16018d1d wp-block-buttons-is-layout-flex\">\n<div class=\"wp-block-button\"><a class=\"wp-block-button__link wp-element-button\" href=\"https:\/\/www.oep.tn\/wp-content\/uploads\/2023\/01\/Hygiene-et-Qualite-du-lait-1.pdf\" target=\"_blank\" rel=\"noreferrer noopener\"><strong>T\u00e9l\u00e9charger le document<\/strong> : <strong><mark style=\"background-color:rgba(0, 0, 0, 0)\" class=\"has-inline-color has-thr-bg-color\">Hygi\u00e8ne et de la qualit\u00e9 du lait<\/mark><\/strong><\/a><\/div>\n<\/div>\n\n\n\n<div style=\"height:30px\" aria-hidden=\"true\" class=\"wp-block-spacer\"><\/div>\n\n\n\n<h5 class=\"wp-block-heading\"><strong><mark style=\"background-color:rgba(0, 0, 0, 0);color:#0c0ead\" class=\"has-inline-color\">Ma\u00eetrise de la reproduction<\/mark><\/strong><\/h5>\n\n\n\n<p>Ce document comprend les sous-th\u00e8mes suivants&nbsp;:<\/p>\n\n\n\n<ul class=\"wp-block-list\">\n<li>Facteurs qui affectent la reproduction.<\/li>\n\n\n\n<li>D\u00e9tection des chaleurs et ins\u00e9mination.<\/li>\n\n\n\n<li>Gestation et tarissement.<\/li>\n\n\n\n<li>V\u00ealage.<\/li>\n\n\n\n<li>R\u00e9forme et accroissement.<\/li>\n<\/ul>\n\n\n\n<p>Version Fev2019<\/p>\n\n\n<div class=\"wp-block-image\">\n<figure class=\"aligncenter size-full\"><img loading=\"lazy\" width=\"461\" height=\"676\" src=\"https:\/\/www.oep.tn\/wp-content\/uploads\/2023\/01\/Capture-5.png\" alt=\"\" class=\"wp-image-2589\" srcset=\"https:\/\/www.oep.tn\/wp-content\/uploads\/2023\/01\/Capture-5.png 461w, https:\/\/www.oep.tn\/wp-content\/uploads\/2023\/01\/Capture-5-205x300.png 205w\" sizes=\"auto, (max-width: 461px) 100vw, 461px\" \/><\/figure><\/div>\n\n\n<div class=\"wp-block-buttons is-content-justification-center is-layout-flex wp-container-core-buttons-is-layout-16018d1d wp-block-buttons-is-layout-flex\">\n<div class=\"wp-block-button\"><a class=\"wp-block-button__link wp-element-button\" href=\"\" target=\"_blank\" rel=\"noreferrer noopener\"><strong>T\u00e9l\u00e9charger le document : Reproduction<\/strong><\/a><\/div>\n<\/div>\n\n\n\n<div style=\"height:30px\" aria-hidden=\"true\" class=\"wp-block-spacer\"><\/div>\n\n\n\n<div class=\"wp-block-group\"><div class=\"wp-block-group__inner-container is-layout-constrained wp-block-group-is-layout-constrained\">\n<h5 class=\"wp-block-heading\"><strong><mark style=\"background-color:rgba(0, 0, 0, 0);color:#0c0ead\" class=\"has-inline-color\">Ma\u00eetrise de l\u2019\u00e9levage des jeunes et des g\u00e9nisses<\/mark><\/strong><\/h5>\n\n\n\n<p>&nbsp;Ce document comprend les sous-th\u00e8mes suivants :&nbsp;<\/p>\n\n\n\n<ul class=\"wp-block-list\">\n<li>&nbsp;Conduite de la phase de tarissement.<\/li>\n\n\n\n<li>Soin du veau \u00e0 la naissance.<\/li>\n\n\n\n<li>Conduite du veau phase d\u2019allaitement : 0-3 mois.<\/li>\n\n\n\n<li>Sant\u00e9 du veau.<\/li>\n\n\n\n<li>Conduite de la phase du post-sevrage&nbsp;\u00e0&nbsp;6 mois d\u2019\u00e2ge.<\/li>\n\n\n\n<li>Conduite de la phase de 6 mois d\u2019\u00e2ge jusqu\u2019au 1er v\u00ealage.<\/li>\n\n\n\n<li>Mesures de soutien du gouvernement<\/li>\n<\/ul>\n\n\n\n<p> VersionFev2020<\/p>\n\n\n<div class=\"wp-block-image\">\n<figure class=\"aligncenter size-full\"><img loading=\"lazy\" width=\"421\" height=\"616\" src=\"https:\/\/www.oep.tn\/wp-content\/uploads\/2023\/01\/Capture-6.png\" alt=\"\" class=\"wp-image-2593\" srcset=\"https:\/\/www.oep.tn\/wp-content\/uploads\/2023\/01\/Capture-6.png 421w, https:\/\/www.oep.tn\/wp-content\/uploads\/2023\/01\/Capture-6-205x300.png 205w\" sizes=\"auto, (max-width: 421px) 100vw, 421px\" \/><\/figure><\/div><\/div><\/div>\n\n\n\n<div class=\"wp-block-buttons is-content-justification-center is-layout-flex wp-container-core-buttons-is-layout-16018d1d wp-block-buttons-is-layout-flex\">\n<div class=\"wp-block-button\"><a class=\"wp-block-button__link wp-element-button\" href=\"\" target=\"_blank\" rel=\"noreferrer noopener\"><strong>T\u00e9l\u00e9charger le document : Elevage des jeunes et des G\u00e9nisses <\/strong><\/a><\/div>\n<\/div>\n\n\n\n<div style=\"height:30px\" aria-hidden=\"true\" class=\"wp-block-spacer\"><\/div>\n\n\n\n<h5 class=\"wp-block-heading\"><strong><mark style=\"background-color:rgba(0, 0, 0, 0);color:#0c0ead\" class=\"has-inline-color\">LA MA\u00ceTRISE DE LA SANT\u00c9 DES BOVINS : LES MA-JEURES PATHOLOGIES DE LA VACHE LAITI\u00c8RE<\/mark><\/strong><\/h5>\n\n\n\n<p>Ce document comprend les sous-th\u00e8mes suivants :&nbsp;:<\/p>\n\n\n\n<ul class=\"wp-block-list\">\n<li>Les mammites.<\/li>\n\n\n\n<li>Les atteintes podales.<\/li>\n\n\n\n<li>L\u2019infertilit\u00e9 chez la vache.<\/li>\n\n\n\n<li>Les parasitoses.<\/li>\n\n\n\n<li>Les zoonoses.<\/li>\n<\/ul>\n\n\n\n<p>Version Fev2021<\/p>\n\n\n<div class=\"wp-block-image\">\n<figure class=\"aligncenter size-full\"><img loading=\"lazy\" width=\"422\" height=\"617\" src=\"https:\/\/www.oep.tn\/wp-content\/uploads\/2023\/01\/Capture-7.png\" alt=\"\" class=\"wp-image-2596\" srcset=\"https:\/\/www.oep.tn\/wp-content\/uploads\/2023\/01\/Capture-7.png 422w, https:\/\/www.oep.tn\/wp-content\/uploads\/2023\/01\/Capture-7-205x300.png 205w\" sizes=\"auto, (max-width: 422px) 100vw, 422px\" \/><\/figure><\/div>\n\n\n<div class=\"wp-block-buttons is-content-justification-center is-layout-flex wp-container-core-buttons-is-layout-16018d1d wp-block-buttons-is-layout-flex\">\n<div class=\"wp-block-button\"><a class=\"wp-block-button__link wp-element-button\" href=\"\" target=\"_blank\" rel=\"noreferrer noopener\"><strong>T\u00e9l\u00e9charger le document : Sante des Bovins<\/strong><\/a><\/div>\n<\/div>\n","protected":false},"excerpt":{"rendered":"<p>Ma\u00eetrise des syst\u00e8mes Fourragers et Alimentaires Ce document comprend les sous-th\u00e8mes suivants&nbsp;: Version Fev2019 Ma\u00eetrise de l\u2019alimentation des bovins laitiers Ce document comprend les sous-th\u00e8mes suivants&nbsp;: Version Fev2019 Ma\u00eetrise de l\u2019hygi\u00e8ne et de la qualit\u00e9 du lait Ce document comprend les sous-th\u00e8mes suivants&nbsp;: Version Fev2019 Ma\u00eetrise de la reproduction Ce document comprend les sous-th\u00e8mes suivants&nbsp;: [&hellip;]<\/p>\n","protected":false},"author":2,"featured_media":0,"parent":0,"menu_order":0,"comment_status":"closed","ping_status":"closed","template":"","meta":{"_themeisle_gutenberg_block_has_review":false,"footnotes":""},"class_list":["post-2504","page","type-page","status-publish","hentry"],"yoast_head":"<!-- This site is optimized with the Yoast SEO plugin v26.0 - https:\/\/yoast.com\/wordpress\/plugins\/seo\/ -->\n<title>MODULES TECHNIQUES - Office de l&#039;Elevage et des P\u00e2turages<\/title>\n<meta name=\"robots\" content=\"index, follow, max-snippet:-1, max-image-preview:large, max-video-preview:-1\" \/>\n<link rel=\"canonical\" href=\"https:\/\/www.oep.tn\/fr\/modules-techniques\/\" \/>\n<meta property=\"og:locale\" content=\"fr_FR\" \/>\n<meta property=\"og:type\" content=\"article\" \/>\n<meta property=\"og:title\" content=\"MODULES TECHNIQUES - Office de l&#039;Elevage et des P\u00e2turages\" \/>\n<meta property=\"og:description\" content=\"Ma\u00eetrise des syst\u00e8mes Fourragers et Alimentaires Ce document comprend les sous-th\u00e8mes suivants&nbsp;: Version Fev2019 Ma\u00eetrise de l\u2019alimentation des bovins laitiers Ce document comprend les sous-th\u00e8mes suivants&nbsp;: Version Fev2019 Ma\u00eetrise de l\u2019hygi\u00e8ne et de la qualit\u00e9 du lait Ce document comprend les sous-th\u00e8mes suivants&nbsp;: Version Fev2019 Ma\u00eetrise de la reproduction Ce document comprend les sous-th\u00e8mes suivants&nbsp;: [&hellip;]\" \/>\n<meta property=\"og:url\" content=\"https:\/\/www.oep.tn\/fr\/modules-techniques\/\" \/>\n<meta property=\"og:site_name\" content=\"Office de l&#039;Elevage et des P\u00e2turages\" \/>\n<meta property=\"article:modified_time\" content=\"2023-01-13T13:33:00+00:00\" \/>\n<meta property=\"og:image\" content=\"https:\/\/www.oep.tn\/wp-content\/uploads\/2023\/01\/Capture-2.png\" \/>\n<meta name=\"twitter:card\" content=\"summary_large_image\" \/>\n<meta name=\"twitter:label1\" content=\"Dur\u00e9e de lecture estim\u00e9e\" \/>\n\t<meta name=\"twitter:data1\" content=\"2 minutes\" \/>\n<script type=\"application\/ld+json\" class=\"yoast-schema-graph\">{\"@context\":\"https:\/\/schema.org\",\"@graph\":[{\"@type\":\"WebPage\",\"@id\":\"https:\/\/www.oep.tn\/fr\/modules-techniques\/\",\"url\":\"https:\/\/www.oep.tn\/fr\/modules-techniques\/\",\"name\":\"MODULES TECHNIQUES - Office de l&#039;Elevage et des P\u00e2turages\",\"isPartOf\":{\"@id\":\"https:\/\/www.oep.tn\/#website\"},\"primaryImageOfPage\":{\"@id\":\"https:\/\/www.oep.tn\/fr\/modules-techniques\/#primaryimage\"},\"image\":{\"@id\":\"https:\/\/www.oep.tn\/fr\/modules-techniques\/#primaryimage\"},\"thumbnailUrl\":\"https:\/\/www.oep.tn\/wp-content\/uploads\/2023\/01\/Capture-2.png\",\"datePublished\":\"2023-01-11T10:56:42+00:00\",\"dateModified\":\"2023-01-13T13:33:00+00:00\",\"breadcrumb\":{\"@id\":\"https:\/\/www.oep.tn\/fr\/modules-techniques\/#breadcrumb\"},\"inLanguage\":\"fr-FR\",\"potentialAction\":[{\"@type\":\"ReadAction\",\"target\":[\"https:\/\/www.oep.tn\/fr\/modules-techniques\/\"]}]},{\"@type\":\"ImageObject\",\"inLanguage\":\"fr-FR\",\"@id\":\"https:\/\/www.oep.tn\/fr\/modules-techniques\/#primaryimage\",\"url\":\"https:\/\/www.oep.tn\/wp-content\/uploads\/2023\/01\/Capture-2.png\",\"contentUrl\":\"https:\/\/www.oep.tn\/wp-content\/uploads\/2023\/01\/Capture-2.png\"},{\"@type\":\"BreadcrumbList\",\"@id\":\"https:\/\/www.oep.tn\/fr\/modules-techniques\/#breadcrumb\",\"itemListElement\":[{\"@type\":\"ListItem\",\"position\":1,\"name\":\"Accueil\",\"item\":\"https:\/\/www.oep.tn\/fr\/\"},{\"@type\":\"ListItem\",\"position\":2,\"name\":\"MODULES TECHNIQUES\"}]},{\"@type\":\"WebSite\",\"@id\":\"https:\/\/www.oep.tn\/#website\",\"url\":\"https:\/\/www.oep.tn\/\",\"name\":\"Office de l'Elevage et des P\u00e2turages\",\"description\":\"Office de l&#039;Elevage et des P\u00e2turages\",\"publisher\":{\"@id\":\"https:\/\/www.oep.tn\/#organization\"},\"alternateName\":\"Office de l'Elevage et des P\u00e2turages\",\"potentialAction\":[{\"@type\":\"SearchAction\",\"target\":{\"@type\":\"EntryPoint\",\"urlTemplate\":\"https:\/\/www.oep.tn\/?s={search_term_string}\"},\"query-input\":{\"@type\":\"PropertyValueSpecification\",\"valueRequired\":true,\"valueName\":\"search_term_string\"}}],\"inLanguage\":\"fr-FR\"},{\"@type\":\"Organization\",\"@id\":\"https:\/\/www.oep.tn\/#organization\",\"name\":\"Office de l'Elevage et des Patuages\",\"url\":\"https:\/\/www.oep.tn\/\",\"logo\":{\"@type\":\"ImageObject\",\"inLanguage\":\"fr-FR\",\"@id\":\"https:\/\/www.oep.tn\/#\/schema\/logo\/image\/\",\"url\":\"https:\/\/www.oep.tn\/wp-content\/uploads\/2022\/11\/logo-oep-arabe-2.png\",\"contentUrl\":\"https:\/\/www.oep.tn\/wp-content\/uploads\/2022\/11\/logo-oep-arabe-2.png\",\"width\":567,\"height\":142,\"caption\":\"Office de l'Elevage et des Patuages\"},\"image\":{\"@id\":\"https:\/\/www.oep.tn\/#\/schema\/logo\/image\/\"}}]}<\/script>\n<!-- \/ Yoast SEO plugin. -->","yoast_head_json":{"title":"MODULES TECHNIQUES - Office de l&#039;Elevage et des P\u00e2turages","robots":{"index":"index","follow":"follow","max-snippet":"max-snippet:-1","max-image-preview":"max-image-preview:large","max-video-preview":"max-video-preview:-1"},"canonical":"https:\/\/www.oep.tn\/fr\/modules-techniques\/","og_locale":"fr_FR","og_type":"article","og_title":"MODULES TECHNIQUES - Office de l&#039;Elevage et des P\u00e2turages","og_description":"Ma\u00eetrise des syst\u00e8mes Fourragers et Alimentaires Ce document comprend les sous-th\u00e8mes suivants&nbsp;: Version Fev2019 Ma\u00eetrise de l\u2019alimentation des bovins laitiers Ce document comprend les sous-th\u00e8mes suivants&nbsp;: Version Fev2019 Ma\u00eetrise de l\u2019hygi\u00e8ne et de la qualit\u00e9 du lait Ce document comprend les sous-th\u00e8mes suivants&nbsp;: Version Fev2019 Ma\u00eetrise de la reproduction Ce document comprend les sous-th\u00e8mes suivants&nbsp;: [&hellip;]","og_url":"https:\/\/www.oep.tn\/fr\/modules-techniques\/","og_site_name":"Office de l&#039;Elevage et des P\u00e2turages","article_modified_time":"2023-01-13T13:33:00+00:00","og_image":[{"url":"https:\/\/www.oep.tn\/wp-content\/uploads\/2023\/01\/Capture-2.png","type":"","width":"","height":""}],"twitter_card":"summary_large_image","twitter_misc":{"Dur\u00e9e de lecture estim\u00e9e":"2 minutes"},"schema":{"@context":"https:\/\/schema.org","@graph":[{"@type":"WebPage","@id":"https:\/\/www.oep.tn\/fr\/modules-techniques\/","url":"https:\/\/www.oep.tn\/fr\/modules-techniques\/","name":"MODULES TECHNIQUES - Office de l&#039;Elevage et des P\u00e2turages","isPartOf":{"@id":"https:\/\/www.oep.tn\/#website"},"primaryImageOfPage":{"@id":"https:\/\/www.oep.tn\/fr\/modules-techniques\/#primaryimage"},"image":{"@id":"https:\/\/www.oep.tn\/fr\/modules-techniques\/#primaryimage"},"thumbnailUrl":"https:\/\/www.oep.tn\/wp-content\/uploads\/2023\/01\/Capture-2.png","datePublished":"2023-01-11T10:56:42+00:00","dateModified":"2023-01-13T13:33:00+00:00","breadcrumb":{"@id":"https:\/\/www.oep.tn\/fr\/modules-techniques\/#breadcrumb"},"inLanguage":"fr-FR","potentialAction":[{"@type":"ReadAction","target":["https:\/\/www.oep.tn\/fr\/modules-techniques\/"]}]},{"@type":"ImageObject","inLanguage":"fr-FR","@id":"https:\/\/www.oep.tn\/fr\/modules-techniques\/#primaryimage","url":"https:\/\/www.oep.tn\/wp-content\/uploads\/2023\/01\/Capture-2.png","contentUrl":"https:\/\/www.oep.tn\/wp-content\/uploads\/2023\/01\/Capture-2.png"},{"@type":"BreadcrumbList","@id":"https:\/\/www.oep.tn\/fr\/modules-techniques\/#breadcrumb","itemListElement":[{"@type":"ListItem","position":1,"name":"Accueil","item":"https:\/\/www.oep.tn\/fr\/"},{"@type":"ListItem","position":2,"name":"MODULES TECHNIQUES"}]},{"@type":"WebSite","@id":"https:\/\/www.oep.tn\/#website","url":"https:\/\/www.oep.tn\/","name":"Office de l'Elevage et des P\u00e2turages","description":"Office de l&#039;Elevage et des P\u00e2turages","publisher":{"@id":"https:\/\/www.oep.tn\/#organization"},"alternateName":"Office de l'Elevage et des P\u00e2turages","potentialAction":[{"@type":"SearchAction","target":{"@type":"EntryPoint","urlTemplate":"https:\/\/www.oep.tn\/?s={search_term_string}"},"query-input":{"@type":"PropertyValueSpecification","valueRequired":true,"valueName":"search_term_string"}}],"inLanguage":"fr-FR"},{"@type":"Organization","@id":"https:\/\/www.oep.tn\/#organization","name":"Office de l'Elevage et des Patuages","url":"https:\/\/www.oep.tn\/","logo":{"@type":"ImageObject","inLanguage":"fr-FR","@id":"https:\/\/www.oep.tn\/#\/schema\/logo\/image\/","url":"https:\/\/www.oep.tn\/wp-content\/uploads\/2022\/11\/logo-oep-arabe-2.png","contentUrl":"https:\/\/www.oep.tn\/wp-content\/uploads\/2022\/11\/logo-oep-arabe-2.png","width":567,"height":142,"caption":"Office de l'Elevage et des Patuages"},"image":{"@id":"https:\/\/www.oep.tn\/#\/schema\/logo\/image\/"}}]}},"_links":{"self":[{"href":"https:\/\/www.oep.tn\/fr\/wp-json\/wp\/v2\/pages\/2504","targetHints":{"allow":["GET"]}}],"collection":[{"href":"https:\/\/www.oep.tn\/fr\/wp-json\/wp\/v2\/pages"}],"about":[{"href":"https:\/\/www.oep.tn\/fr\/wp-json\/wp\/v2\/types\/page"}],"author":[{"embeddable":true,"href":"https:\/\/www.oep.tn\/fr\/wp-json\/wp\/v2\/users\/2"}],"replies":[{"embeddable":true,"href":"https:\/\/www.oep.tn\/fr\/wp-json\/wp\/v2\/comments?post=2504"}],"version-history":[{"count":11,"href":"https:\/\/www.oep.tn\/fr\/wp-json\/wp\/v2\/pages\/2504\/revisions"}],"predecessor-version":[{"id":2677,"href":"https:\/\/www.oep.tn\/fr\/wp-json\/wp\/v2\/pages\/2504\/revisions\/2677"}],"wp:attachment":[{"href":"https:\/\/www.oep.tn\/fr\/wp-json\/wp\/v2\/media?parent=2504"}],"curies":[{"name":"wp","href":"https:\/\/api.w.org\/{rel}","templated":true}]}}