


































































{"id":2505,"date":"2023-01-11T14:21:02","date_gmt":"2023-01-11T13:21:02","guid":{"rendered":"https:\/\/www.oep.tn\/?page_id=2505"},"modified":"2023-12-04T10:17:45","modified_gmt":"2023-12-04T09:17:45","slug":"guide-de-formation-des-eleveurs","status":"publish","type":"page","link":"https:\/\/www.oep.tn\/fr\/guide-de-formation-des-eleveurs\/","title":{"rendered":"Guide de Formation des \u00e9leveurs\u00a0"},"content":{"rendered":"\n<p>Ce guide est un document d\u2019accompagnement pour les formateurs des producteurs de lait. Il sert \u00e0 aider le formateur \u00e0 communiquer efficacement le contenu des diff\u00e9rents documents techniques relatifs fournis par le projet Fil.<\/p>\n\n\n\n<p>Ce document est compos\u00e9 de 3 grandes parties&nbsp;:<\/p>\n\n\n\n<ul class=\"wp-block-list\">\n<li>L\u2019approche de communication adopt\u00e9e.<\/li>\n\n\n\n<li>La mise en pratique de cette approche appliqu\u00e9e aux donn\u00e9es techniques relatives.<\/li>\n\n\n\n<li>La pr\u00e9sentation des mod\u00e8les de fiches, attestations et check-list standards \u00e0 utiliser pour une bonne organisation du cycle de formation.<\/li>\n<\/ul>\n\n\n\n<p>Version Juin2020<\/p>\n\n\n<div class=\"wp-block-image\">\n<figure class=\"aligncenter size-full\"><img loading=\"lazy\" width=\"432\" height=\"726\" src=\"https:\/\/www.oep.tn\/wp-content\/uploads\/2023\/01\/Capture-8.png\" alt=\"\" class=\"wp-image-2603\" srcset=\"https:\/\/www.oep.tn\/wp-content\/uploads\/2023\/01\/Capture-8.png 432w, https:\/\/www.oep.tn\/wp-content\/uploads\/2023\/01\/Capture-8-179x300.png 179w\" sizes=\"auto, (max-width: 432px) 100vw, 432px\" \/><\/figure><\/div>\n\n\n<div class=\"wp-block-buttons is-content-justification-center is-layout-flex wp-container-core-buttons-is-layout-16018d1d wp-block-buttons-is-layout-flex\">\n<div class=\"wp-block-button\"><a class=\"wp-block-button__link wp-element-button\" href=\"https:\/\/www.oep.tn\/wp-content\/uploads\/2023\/01\/Guide.pdf\" target=\"_blank\" rel=\"noreferrer noopener\">T\u00e9l\u00e9charger le document<\/a><\/div>\n<\/div>\n","protected":false},"excerpt":{"rendered":"<p>Ce guide est un document d\u2019accompagnement pour les formateurs des producteurs de lait. Il sert \u00e0 aider le formateur \u00e0 communiquer efficacement le contenu des diff\u00e9rents documents techniques relatifs fournis par le projet Fil. Ce document est compos\u00e9 de 3 grandes parties&nbsp;: Version Juin2020<\/p>\n","protected":false},"author":2,"featured_media":0,"parent":0,"menu_order":0,"comment_status":"closed","ping_status":"closed","template":"","meta":{"_themeisle_gutenberg_block_has_review":false,"footnotes":""},"class_list":["post-2505","page","type-page","status-publish","hentry"],"yoast_head":"<!-- This site is optimized with the Yoast SEO plugin v26.0 - https:\/\/yoast.com\/wordpress\/plugins\/seo\/ -->\n<title>Guide de Formation des \u00e9leveurs\u00a0 - Office de l&#039;Elevage et des P\u00e2turages<\/title>\n<meta name=\"robots\" content=\"index, follow, max-snippet:-1, max-image-preview:large, max-video-preview:-1\" \/>\n<link rel=\"canonical\" href=\"https:\/\/www.oep.tn\/fr\/guide-de-formation-des-eleveurs\/\" \/>\n<meta property=\"og:locale\" content=\"fr_FR\" \/>\n<meta property=\"og:type\" content=\"article\" \/>\n<meta property=\"og:title\" content=\"Guide de Formation des \u00e9leveurs\u00a0 - Office de l&#039;Elevage et des P\u00e2turages\" \/>\n<meta property=\"og:description\" content=\"Ce guide est un document d\u2019accompagnement pour les formateurs des producteurs de lait. Il sert \u00e0 aider le formateur \u00e0 communiquer efficacement le contenu des diff\u00e9rents documents techniques relatifs fournis par le projet Fil. Ce document est compos\u00e9 de 3 grandes parties&nbsp;: Version Juin2020\" \/>\n<meta property=\"og:url\" content=\"https:\/\/www.oep.tn\/fr\/guide-de-formation-des-eleveurs\/\" \/>\n<meta property=\"og:site_name\" content=\"Office de l&#039;Elevage et des P\u00e2turages\" \/>\n<meta property=\"article:modified_time\" content=\"2023-12-04T09:17:45+00:00\" \/>\n<meta property=\"og:image\" content=\"https:\/\/www.oep.tn\/wp-content\/uploads\/2023\/01\/Capture-8.png\" \/>\n<meta name=\"twitter:card\" content=\"summary_large_image\" \/>\n<script type=\"application\/ld+json\" class=\"yoast-schema-graph\">{\"@context\":\"https:\/\/schema.org\",\"@graph\":[{\"@type\":\"WebPage\",\"@id\":\"https:\/\/www.oep.tn\/fr\/guide-de-formation-des-eleveurs\/\",\"url\":\"https:\/\/www.oep.tn\/fr\/guide-de-formation-des-eleveurs\/\",\"name\":\"Guide de Formation des \u00e9leveurs\u00a0 - Office de l&#039;Elevage et des P\u00e2turages\",\"isPartOf\":{\"@id\":\"https:\/\/www.oep.tn\/#website\"},\"primaryImageOfPage\":{\"@id\":\"https:\/\/www.oep.tn\/fr\/guide-de-formation-des-eleveurs\/#primaryimage\"},\"image\":{\"@id\":\"https:\/\/www.oep.tn\/fr\/guide-de-formation-des-eleveurs\/#primaryimage\"},\"thumbnailUrl\":\"https:\/\/www.oep.tn\/wp-content\/uploads\/2023\/01\/Capture-8.png\",\"datePublished\":\"2023-01-11T13:21:02+00:00\",\"dateModified\":\"2023-12-04T09:17:45+00:00\",\"breadcrumb\":{\"@id\":\"https:\/\/www.oep.tn\/fr\/guide-de-formation-des-eleveurs\/#breadcrumb\"},\"inLanguage\":\"fr-FR\",\"potentialAction\":[{\"@type\":\"ReadAction\",\"target\":[\"https:\/\/www.oep.tn\/fr\/guide-de-formation-des-eleveurs\/\"]}]},{\"@type\":\"ImageObject\",\"inLanguage\":\"fr-FR\",\"@id\":\"https:\/\/www.oep.tn\/fr\/guide-de-formation-des-eleveurs\/#primaryimage\",\"url\":\"https:\/\/www.oep.tn\/wp-content\/uploads\/2023\/01\/Capture-8.png\",\"contentUrl\":\"https:\/\/www.oep.tn\/wp-content\/uploads\/2023\/01\/Capture-8.png\"},{\"@type\":\"BreadcrumbList\",\"@id\":\"https:\/\/www.oep.tn\/fr\/guide-de-formation-des-eleveurs\/#breadcrumb\",\"itemListElement\":[{\"@type\":\"ListItem\",\"position\":1,\"name\":\"Accueil\",\"item\":\"https:\/\/www.oep.tn\/fr\/\"},{\"@type\":\"ListItem\",\"position\":2,\"name\":\"Guide de Formation des \u00e9leveurs\u00a0\"}]},{\"@type\":\"WebSite\",\"@id\":\"https:\/\/www.oep.tn\/#website\",\"url\":\"https:\/\/www.oep.tn\/\",\"name\":\"Office de l'Elevage et des P\u00e2turages\",\"description\":\"Office de l&#039;Elevage et des P\u00e2turages\",\"publisher\":{\"@id\":\"https:\/\/www.oep.tn\/#organization\"},\"alternateName\":\"Office de l'Elevage et des P\u00e2turages\",\"potentialAction\":[{\"@type\":\"SearchAction\",\"target\":{\"@type\":\"EntryPoint\",\"urlTemplate\":\"https:\/\/www.oep.tn\/?s={search_term_string}\"},\"query-input\":{\"@type\":\"PropertyValueSpecification\",\"valueRequired\":true,\"valueName\":\"search_term_string\"}}],\"inLanguage\":\"fr-FR\"},{\"@type\":\"Organization\",\"@id\":\"https:\/\/www.oep.tn\/#organization\",\"name\":\"Office de l'Elevage et des Patuages\",\"url\":\"https:\/\/www.oep.tn\/\",\"logo\":{\"@type\":\"ImageObject\",\"inLanguage\":\"fr-FR\",\"@id\":\"https:\/\/www.oep.tn\/#\/schema\/logo\/image\/\",\"url\":\"https:\/\/www.oep.tn\/wp-content\/uploads\/2022\/11\/logo-oep-arabe-2.png\",\"contentUrl\":\"https:\/\/www.oep.tn\/wp-content\/uploads\/2022\/11\/logo-oep-arabe-2.png\",\"width\":567,\"height\":142,\"caption\":\"Office de l'Elevage et des Patuages\"},\"image\":{\"@id\":\"https:\/\/www.oep.tn\/#\/schema\/logo\/image\/\"}}]}<\/script>\n<!-- \/ Yoast SEO plugin. -->","yoast_head_json":{"title":"Guide de Formation des \u00e9leveurs\u00a0 - Office de l&#039;Elevage et des P\u00e2turages","robots":{"index":"index","follow":"follow","max-snippet":"max-snippet:-1","max-image-preview":"max-image-preview:large","max-video-preview":"max-video-preview:-1"},"canonical":"https:\/\/www.oep.tn\/fr\/guide-de-formation-des-eleveurs\/","og_locale":"fr_FR","og_type":"article","og_title":"Guide de Formation des \u00e9leveurs\u00a0 - Office de l&#039;Elevage et des P\u00e2turages","og_description":"Ce guide est un document d\u2019accompagnement pour les formateurs des producteurs de lait. Il sert \u00e0 aider le formateur \u00e0 communiquer efficacement le contenu des diff\u00e9rents documents techniques relatifs fournis par le projet Fil. Ce document est compos\u00e9 de 3 grandes parties&nbsp;: Version Juin2020","og_url":"https:\/\/www.oep.tn\/fr\/guide-de-formation-des-eleveurs\/","og_site_name":"Office de l&#039;Elevage et des P\u00e2turages","article_modified_time":"2023-12-04T09:17:45+00:00","og_image":[{"url":"https:\/\/www.oep.tn\/wp-content\/uploads\/2023\/01\/Capture-8.png","type":"","width":"","height":""}],"twitter_card":"summary_large_image","schema":{"@context":"https:\/\/schema.org","@graph":[{"@type":"WebPage","@id":"https:\/\/www.oep.tn\/fr\/guide-de-formation-des-eleveurs\/","url":"https:\/\/www.oep.tn\/fr\/guide-de-formation-des-eleveurs\/","name":"Guide de Formation des \u00e9leveurs\u00a0 - Office de l&#039;Elevage et des P\u00e2turages","isPartOf":{"@id":"https:\/\/www.oep.tn\/#website"},"primaryImageOfPage":{"@id":"https:\/\/www.oep.tn\/fr\/guide-de-formation-des-eleveurs\/#primaryimage"},"image":{"@id":"https:\/\/www.oep.tn\/fr\/guide-de-formation-des-eleveurs\/#primaryimage"},"thumbnailUrl":"https:\/\/www.oep.tn\/wp-content\/uploads\/2023\/01\/Capture-8.png","datePublished":"2023-01-11T13:21:02+00:00","dateModified":"2023-12-04T09:17:45+00:00","breadcrumb":{"@id":"https:\/\/www.oep.tn\/fr\/guide-de-formation-des-eleveurs\/#breadcrumb"},"inLanguage":"fr-FR","potentialAction":[{"@type":"ReadAction","target":["https:\/\/www.oep.tn\/fr\/guide-de-formation-des-eleveurs\/"]}]},{"@type":"ImageObject","inLanguage":"fr-FR","@id":"https:\/\/www.oep.tn\/fr\/guide-de-formation-des-eleveurs\/#primaryimage","url":"https:\/\/www.oep.tn\/wp-content\/uploads\/2023\/01\/Capture-8.png","contentUrl":"https:\/\/www.oep.tn\/wp-content\/uploads\/2023\/01\/Capture-8.png"},{"@type":"BreadcrumbList","@id":"https:\/\/www.oep.tn\/fr\/guide-de-formation-des-eleveurs\/#breadcrumb","itemListElement":[{"@type":"ListItem","position":1,"name":"Accueil","item":"https:\/\/www.oep.tn\/fr\/"},{"@type":"ListItem","position":2,"name":"Guide de Formation des \u00e9leveurs\u00a0"}]},{"@type":"WebSite","@id":"https:\/\/www.oep.tn\/#website","url":"https:\/\/www.oep.tn\/","name":"Office de l'Elevage et des P\u00e2turages","description":"Office de l&#039;Elevage et des P\u00e2turages","publisher":{"@id":"https:\/\/www.oep.tn\/#organization"},"alternateName":"Office de l'Elevage et des P\u00e2turages","potentialAction":[{"@type":"SearchAction","target":{"@type":"EntryPoint","urlTemplate":"https:\/\/www.oep.tn\/?s={search_term_string}"},"query-input":{"@type":"PropertyValueSpecification","valueRequired":true,"valueName":"search_term_string"}}],"inLanguage":"fr-FR"},{"@type":"Organization","@id":"https:\/\/www.oep.tn\/#organization","name":"Office de l'Elevage et des Patuages","url":"https:\/\/www.oep.tn\/","logo":{"@type":"ImageObject","inLanguage":"fr-FR","@id":"https:\/\/www.oep.tn\/#\/schema\/logo\/image\/","url":"https:\/\/www.oep.tn\/wp-content\/uploads\/2022\/11\/logo-oep-arabe-2.png","contentUrl":"https:\/\/www.oep.tn\/wp-content\/uploads\/2022\/11\/logo-oep-arabe-2.png","width":567,"height":142,"caption":"Office de l'Elevage et des Patuages"},"image":{"@id":"https:\/\/www.oep.tn\/#\/schema\/logo\/image\/"}}]}},"_links":{"self":[{"href":"https:\/\/www.oep.tn\/fr\/wp-json\/wp\/v2\/pages\/2505","targetHints":{"allow":["GET"]}}],"collection":[{"href":"https:\/\/www.oep.tn\/fr\/wp-json\/wp\/v2\/pages"}],"about":[{"href":"https:\/\/www.oep.tn\/fr\/wp-json\/wp\/v2\/types\/page"}],"author":[{"embeddable":true,"href":"https:\/\/www.oep.tn\/fr\/wp-json\/wp\/v2\/users\/2"}],"replies":[{"embeddable":true,"href":"https:\/\/www.oep.tn\/fr\/wp-json\/wp\/v2\/comments?post=2505"}],"version-history":[{"count":2,"href":"https:\/\/www.oep.tn\/fr\/wp-json\/wp\/v2\/pages\/2505\/revisions"}],"predecessor-version":[{"id":3868,"href":"https:\/\/www.oep.tn\/fr\/wp-json\/wp\/v2\/pages\/2505\/revisions\/3868"}],"wp:attachment":[{"href":"https:\/\/www.oep.tn\/fr\/wp-json\/wp\/v2\/media?parent=2505"}],"curies":[{"name":"wp","href":"https:\/\/api.w.org\/{rel}","templated":true}]}}