


































































{"id":2670,"date":"2023-01-13T14:24:37","date_gmt":"2023-01-13T13:24:37","guid":{"rendered":"https:\/\/www.oep.tn\/?page_id=2670"},"modified":"2023-01-13T14:24:38","modified_gmt":"2023-01-13T13:24:38","slug":"outils","status":"publish","type":"page","link":"https:\/\/www.oep.tn\/fr\/outils\/","title":{"rendered":"OUTILS"},"content":{"rendered":"\n<h5 class=\"wp-block-heading\"><strong>Affiche Hygi\u00e8ne de la traite<\/strong><\/h5>\n\n\n\n<p>Version Fev2019<\/p>\n\n\n<div class=\"wp-block-image\">\n<figure class=\"aligncenter size-full\"><img loading=\"lazy\" width=\"562\" height=\"795\" src=\"https:\/\/www.oep.tn\/wp-content\/uploads\/2023\/01\/14.png\" alt=\"\" class=\"wp-image-2637\" srcset=\"https:\/\/www.oep.tn\/wp-content\/uploads\/2023\/01\/14.png 562w, https:\/\/www.oep.tn\/wp-content\/uploads\/2023\/01\/14-212x300.png 212w\" sizes=\"auto, (max-width: 562px) 100vw, 562px\" \/><\/figure><\/div>\n\n\n<div class=\"wp-block-buttons is-content-justification-center is-layout-flex wp-container-core-buttons-is-layout-16018d1d wp-block-buttons-is-layout-flex\">\n<div class=\"wp-block-button\"><a class=\"wp-block-button__link wp-element-button\" href=\"https:\/\/www.oep.tn\/wp-content\/uploads\/2023\/01\/Affiche-hygiene-de-la-traite.pdf\" target=\"_blank\" rel=\"noreferrer noopener\"><strong>T\u00e9l\u00e9charger le document<\/strong><\/a><\/div>\n<\/div>\n\n\n\n<div style=\"height:40px\" aria-hidden=\"true\" class=\"wp-block-spacer\"><\/div>\n\n\n\n<h5 class=\"wp-block-heading\"><strong>Exemples de Rations Types pour les vaches laiti\u00e8res<\/strong><\/h5>\n\n\n\n<p>Version Fev2019<\/p>\n\n\n\n<figure class=\"wp-block-image size-large\"><img loading=\"lazy\" width=\"1024\" height=\"713\" src=\"https:\/\/www.oep.tn\/wp-content\/uploads\/2023\/01\/15-1024x713.png\" alt=\"\" class=\"wp-image-2640\" srcset=\"https:\/\/www.oep.tn\/wp-content\/uploads\/2023\/01\/15-1024x713.png 1024w, https:\/\/www.oep.tn\/wp-content\/uploads\/2023\/01\/15-300x209.png 300w, https:\/\/www.oep.tn\/wp-content\/uploads\/2023\/01\/15-768x535.png 768w, https:\/\/www.oep.tn\/wp-content\/uploads\/2023\/01\/15-730x508.png 730w, https:\/\/www.oep.tn\/wp-content\/uploads\/2023\/01\/15.png 1030w\" sizes=\"auto, (max-width: 1024px) 100vw, 1024px\" \/><\/figure>\n\n\n\n<div class=\"wp-block-buttons is-content-justification-center is-layout-flex wp-container-core-buttons-is-layout-16018d1d wp-block-buttons-is-layout-flex\">\n<div class=\"wp-block-button\"><a class=\"wp-block-button__link wp-element-button\" href=\"https:\/\/www.oep.tn\/wp-content\/uploads\/2023\/01\/Affiche-Rations-types.pdf\" target=\"_blank\" rel=\"noreferrer noopener\"><strong>T\u00e9l\u00e9charger le document<\/strong><\/a><\/div>\n<\/div>\n\n\n\n<div style=\"height:40px\" aria-hidden=\"true\" class=\"wp-block-spacer\"><\/div>\n\n\n\n<h5 class=\"wp-block-heading\"><strong>Cahier de suivi de la production laiti\u00e8re et la reproduction des vaches<\/strong><\/h5>\n\n\n\n<p>Ce cahier contient deux types de fiches :<\/p>\n\n\n\n<p>1.Des fiches de suivi de la production laiti\u00e8re.<\/p>\n\n\n\n<p>2.Des fiches de suivi de la reproduction.<br>Version Fev2019<\/p>\n\n\n<div class=\"wp-block-image\">\n<figure class=\"aligncenter size-full\"><img loading=\"lazy\" width=\"453\" height=\"738\" src=\"https:\/\/www.oep.tn\/wp-content\/uploads\/2023\/01\/16.png\" alt=\"\" class=\"wp-image-2643\" srcset=\"https:\/\/www.oep.tn\/wp-content\/uploads\/2023\/01\/16.png 453w, https:\/\/www.oep.tn\/wp-content\/uploads\/2023\/01\/16-184x300.png 184w\" sizes=\"auto, (max-width: 453px) 100vw, 453px\" \/><\/figure><\/div>\n\n\n<div class=\"wp-block-buttons is-content-justification-center is-layout-flex wp-container-core-buttons-is-layout-16018d1d wp-block-buttons-is-layout-flex\">\n<div class=\"wp-block-button\"><a class=\"wp-block-button__link wp-element-button\" href=\"\" target=\"_blank\" rel=\"noreferrer noopener\"><strong>T\u00e9l\u00e9charger le document<\/strong><\/a><\/div>\n<\/div>\n\n\n\n<div style=\"height:40px\" aria-hidden=\"true\" class=\"wp-block-spacer\"><\/div>\n\n\n\n<h5 class=\"wp-block-heading\"><strong>Plan d\u2019allaitement des veaux<\/strong><\/h5>\n\n\n\n<p>Cette fiche pr\u00e9sente un plan d\u2019allaitement standard pour les veaux et les velles de la naissance jusqu\u2019\u00e0 12 semaines.<br>Version Fev2019<\/p>\n\n\n<div class=\"wp-block-image\">\n<figure class=\"aligncenter size-full\"><img loading=\"lazy\" width=\"912\" height=\"672\" src=\"https:\/\/www.oep.tn\/wp-content\/uploads\/2023\/01\/17.png\" alt=\"\" class=\"wp-image-2646\" srcset=\"https:\/\/www.oep.tn\/wp-content\/uploads\/2023\/01\/17.png 912w, https:\/\/www.oep.tn\/wp-content\/uploads\/2023\/01\/17-300x221.png 300w, https:\/\/www.oep.tn\/wp-content\/uploads\/2023\/01\/17-768x566.png 768w, https:\/\/www.oep.tn\/wp-content\/uploads\/2023\/01\/17-730x538.png 730w\" sizes=\"auto, (max-width: 912px) 100vw, 912px\" \/><\/figure><\/div>\n\n\n<div class=\"wp-block-buttons is-content-justification-center is-layout-flex wp-container-core-buttons-is-layout-16018d1d wp-block-buttons-is-layout-flex\">\n<div class=\"wp-block-button\"><a class=\"wp-block-button__link wp-element-button\" href=\"https:\/\/www.oep.tn\/wp-content\/uploads\/2023\/01\/Plan-dallaitement-des-veaux.pdf\" target=\"_blank\" rel=\"noreferrer noopener\"><strong>T\u00e9l\u00e9charger le document<\/strong><\/a><\/div>\n<\/div>\n\n\n\n<div style=\"height:40px\" aria-hidden=\"true\" class=\"wp-block-spacer\"><\/div>\n\n\n\n<h5 class=\"wp-block-heading\"><strong>Planning rotatif<\/strong><\/h5>\n\n\n\n<p>C\u2019est un moyen de suivi de la fertilit\u00e9 des vaches laiti\u00e8res<br>Version Fev2019<\/p>\n\n\n<div class=\"wp-block-image\">\n<figure class=\"aligncenter size-full\"><img loading=\"lazy\" width=\"622\" height=\"800\" src=\"https:\/\/www.oep.tn\/wp-content\/uploads\/2023\/01\/18.png\" alt=\"\" class=\"wp-image-2649\" srcset=\"https:\/\/www.oep.tn\/wp-content\/uploads\/2023\/01\/18.png 622w, https:\/\/www.oep.tn\/wp-content\/uploads\/2023\/01\/18-233x300.png 233w\" sizes=\"auto, (max-width: 622px) 100vw, 622px\" \/><\/figure><\/div>\n\n\n<div class=\"wp-block-buttons is-content-justification-center is-layout-flex wp-container-core-buttons-is-layout-16018d1d wp-block-buttons-is-layout-flex\">\n<div class=\"wp-block-button\"><a class=\"wp-block-button__link wp-element-button\" href=\"https:\/\/www.oep.tn\/wp-content\/uploads\/2023\/01\/Planning-rotatif.pdf\" target=\"_blank\" rel=\"noreferrer noopener\"><strong>T\u00e9l\u00e9charger le document<\/strong><\/a><\/div>\n<\/div>\n","protected":false},"excerpt":{"rendered":"<p>Affiche Hygi\u00e8ne de la traite Version Fev2019 Exemples de Rations Types pour les vaches laiti\u00e8res Version Fev2019 Cahier de suivi de la production laiti\u00e8re et la reproduction des vaches Ce cahier contient deux types de fiches : 1.Des fiches de suivi de la production laiti\u00e8re. 2.Des fiches de suivi de la reproduction.Version Fev2019 Plan d\u2019allaitement [&hellip;]<\/p>\n","protected":false},"author":2,"featured_media":0,"parent":0,"menu_order":0,"comment_status":"closed","ping_status":"closed","template":"","meta":{"_themeisle_gutenberg_block_has_review":false,"footnotes":""},"class_list":["post-2670","page","type-page","status-publish","hentry"],"yoast_head":"<!-- This site is optimized with the Yoast SEO plugin v26.0 - https:\/\/yoast.com\/wordpress\/plugins\/seo\/ -->\n<title>OUTILS - Office de l&#039;Elevage et des P\u00e2turages<\/title>\n<meta name=\"robots\" content=\"index, follow, max-snippet:-1, max-image-preview:large, max-video-preview:-1\" \/>\n<link rel=\"canonical\" href=\"https:\/\/www.oep.tn\/fr\/outils\/\" \/>\n<meta property=\"og:locale\" content=\"fr_FR\" \/>\n<meta property=\"og:type\" content=\"article\" \/>\n<meta property=\"og:title\" content=\"OUTILS - Office de l&#039;Elevage et des P\u00e2turages\" \/>\n<meta property=\"og:description\" content=\"Affiche Hygi\u00e8ne de la traite Version Fev2019 Exemples de Rations Types pour les vaches laiti\u00e8res Version Fev2019 Cahier de suivi de la production laiti\u00e8re et la reproduction des vaches Ce cahier contient deux types de fiches : 1.Des fiches de suivi de la production laiti\u00e8re. 2.Des fiches de suivi de la reproduction.Version Fev2019 Plan d\u2019allaitement [&hellip;]\" \/>\n<meta property=\"og:url\" content=\"https:\/\/www.oep.tn\/fr\/outils\/\" \/>\n<meta property=\"og:site_name\" content=\"Office de l&#039;Elevage et des P\u00e2turages\" \/>\n<meta property=\"article:modified_time\" content=\"2023-01-13T13:24:38+00:00\" \/>\n<meta property=\"og:image\" content=\"https:\/\/www.oep.tn\/wp-content\/uploads\/2023\/01\/14.png\" \/>\n<meta name=\"twitter:card\" content=\"summary_large_image\" \/>\n<meta name=\"twitter:label1\" content=\"Dur\u00e9e de lecture estim\u00e9e\" \/>\n\t<meta name=\"twitter:data1\" content=\"1 minute\" \/>\n<script type=\"application\/ld+json\" class=\"yoast-schema-graph\">{\"@context\":\"https:\/\/schema.org\",\"@graph\":[{\"@type\":\"WebPage\",\"@id\":\"https:\/\/www.oep.tn\/fr\/outils\/\",\"url\":\"https:\/\/www.oep.tn\/fr\/outils\/\",\"name\":\"OUTILS - Office de l&#039;Elevage et des P\u00e2turages\",\"isPartOf\":{\"@id\":\"https:\/\/www.oep.tn\/#website\"},\"primaryImageOfPage\":{\"@id\":\"https:\/\/www.oep.tn\/fr\/outils\/#primaryimage\"},\"image\":{\"@id\":\"https:\/\/www.oep.tn\/fr\/outils\/#primaryimage\"},\"thumbnailUrl\":\"https:\/\/www.oep.tn\/wp-content\/uploads\/2023\/01\/14.png\",\"datePublished\":\"2023-01-13T13:24:37+00:00\",\"dateModified\":\"2023-01-13T13:24:38+00:00\",\"breadcrumb\":{\"@id\":\"https:\/\/www.oep.tn\/fr\/outils\/#breadcrumb\"},\"inLanguage\":\"fr-FR\",\"potentialAction\":[{\"@type\":\"ReadAction\",\"target\":[\"https:\/\/www.oep.tn\/fr\/outils\/\"]}]},{\"@type\":\"ImageObject\",\"inLanguage\":\"fr-FR\",\"@id\":\"https:\/\/www.oep.tn\/fr\/outils\/#primaryimage\",\"url\":\"https:\/\/www.oep.tn\/wp-content\/uploads\/2023\/01\/14.png\",\"contentUrl\":\"https:\/\/www.oep.tn\/wp-content\/uploads\/2023\/01\/14.png\"},{\"@type\":\"BreadcrumbList\",\"@id\":\"https:\/\/www.oep.tn\/fr\/outils\/#breadcrumb\",\"itemListElement\":[{\"@type\":\"ListItem\",\"position\":1,\"name\":\"Accueil\",\"item\":\"https:\/\/www.oep.tn\/fr\/\"},{\"@type\":\"ListItem\",\"position\":2,\"name\":\"OUTILS\"}]},{\"@type\":\"WebSite\",\"@id\":\"https:\/\/www.oep.tn\/#website\",\"url\":\"https:\/\/www.oep.tn\/\",\"name\":\"Office de l'Elevage et des P\u00e2turages\",\"description\":\"Office de l&#039;Elevage et des P\u00e2turages\",\"publisher\":{\"@id\":\"https:\/\/www.oep.tn\/#organization\"},\"alternateName\":\"Office de l'Elevage et des P\u00e2turages\",\"potentialAction\":[{\"@type\":\"SearchAction\",\"target\":{\"@type\":\"EntryPoint\",\"urlTemplate\":\"https:\/\/www.oep.tn\/?s={search_term_string}\"},\"query-input\":{\"@type\":\"PropertyValueSpecification\",\"valueRequired\":true,\"valueName\":\"search_term_string\"}}],\"inLanguage\":\"fr-FR\"},{\"@type\":\"Organization\",\"@id\":\"https:\/\/www.oep.tn\/#organization\",\"name\":\"Office de l'Elevage et des Patuages\",\"url\":\"https:\/\/www.oep.tn\/\",\"logo\":{\"@type\":\"ImageObject\",\"inLanguage\":\"fr-FR\",\"@id\":\"https:\/\/www.oep.tn\/#\/schema\/logo\/image\/\",\"url\":\"https:\/\/www.oep.tn\/wp-content\/uploads\/2022\/11\/logo-oep-arabe-2.png\",\"contentUrl\":\"https:\/\/www.oep.tn\/wp-content\/uploads\/2022\/11\/logo-oep-arabe-2.png\",\"width\":567,\"height\":142,\"caption\":\"Office de l'Elevage et des Patuages\"},\"image\":{\"@id\":\"https:\/\/www.oep.tn\/#\/schema\/logo\/image\/\"}}]}<\/script>\n<!-- \/ Yoast SEO plugin. -->","yoast_head_json":{"title":"OUTILS - Office de l&#039;Elevage et des P\u00e2turages","robots":{"index":"index","follow":"follow","max-snippet":"max-snippet:-1","max-image-preview":"max-image-preview:large","max-video-preview":"max-video-preview:-1"},"canonical":"https:\/\/www.oep.tn\/fr\/outils\/","og_locale":"fr_FR","og_type":"article","og_title":"OUTILS - Office de l&#039;Elevage et des P\u00e2turages","og_description":"Affiche Hygi\u00e8ne de la traite Version Fev2019 Exemples de Rations Types pour les vaches laiti\u00e8res Version Fev2019 Cahier de suivi de la production laiti\u00e8re et la reproduction des vaches Ce cahier contient deux types de fiches : 1.Des fiches de suivi de la production laiti\u00e8re. 2.Des fiches de suivi de la reproduction.Version Fev2019 Plan d\u2019allaitement [&hellip;]","og_url":"https:\/\/www.oep.tn\/fr\/outils\/","og_site_name":"Office de l&#039;Elevage et des P\u00e2turages","article_modified_time":"2023-01-13T13:24:38+00:00","og_image":[{"url":"https:\/\/www.oep.tn\/wp-content\/uploads\/2023\/01\/14.png","type":"","width":"","height":""}],"twitter_card":"summary_large_image","twitter_misc":{"Dur\u00e9e de lecture estim\u00e9e":"1 minute"},"schema":{"@context":"https:\/\/schema.org","@graph":[{"@type":"WebPage","@id":"https:\/\/www.oep.tn\/fr\/outils\/","url":"https:\/\/www.oep.tn\/fr\/outils\/","name":"OUTILS - Office de l&#039;Elevage et des P\u00e2turages","isPartOf":{"@id":"https:\/\/www.oep.tn\/#website"},"primaryImageOfPage":{"@id":"https:\/\/www.oep.tn\/fr\/outils\/#primaryimage"},"image":{"@id":"https:\/\/www.oep.tn\/fr\/outils\/#primaryimage"},"thumbnailUrl":"https:\/\/www.oep.tn\/wp-content\/uploads\/2023\/01\/14.png","datePublished":"2023-01-13T13:24:37+00:00","dateModified":"2023-01-13T13:24:38+00:00","breadcrumb":{"@id":"https:\/\/www.oep.tn\/fr\/outils\/#breadcrumb"},"inLanguage":"fr-FR","potentialAction":[{"@type":"ReadAction","target":["https:\/\/www.oep.tn\/fr\/outils\/"]}]},{"@type":"ImageObject","inLanguage":"fr-FR","@id":"https:\/\/www.oep.tn\/fr\/outils\/#primaryimage","url":"https:\/\/www.oep.tn\/wp-content\/uploads\/2023\/01\/14.png","contentUrl":"https:\/\/www.oep.tn\/wp-content\/uploads\/2023\/01\/14.png"},{"@type":"BreadcrumbList","@id":"https:\/\/www.oep.tn\/fr\/outils\/#breadcrumb","itemListElement":[{"@type":"ListItem","position":1,"name":"Accueil","item":"https:\/\/www.oep.tn\/fr\/"},{"@type":"ListItem","position":2,"name":"OUTILS"}]},{"@type":"WebSite","@id":"https:\/\/www.oep.tn\/#website","url":"https:\/\/www.oep.tn\/","name":"Office de l'Elevage et des P\u00e2turages","description":"Office de l&#039;Elevage et des P\u00e2turages","publisher":{"@id":"https:\/\/www.oep.tn\/#organization"},"alternateName":"Office de l'Elevage et des P\u00e2turages","potentialAction":[{"@type":"SearchAction","target":{"@type":"EntryPoint","urlTemplate":"https:\/\/www.oep.tn\/?s={search_term_string}"},"query-input":{"@type":"PropertyValueSpecification","valueRequired":true,"valueName":"search_term_string"}}],"inLanguage":"fr-FR"},{"@type":"Organization","@id":"https:\/\/www.oep.tn\/#organization","name":"Office de l'Elevage et des Patuages","url":"https:\/\/www.oep.tn\/","logo":{"@type":"ImageObject","inLanguage":"fr-FR","@id":"https:\/\/www.oep.tn\/#\/schema\/logo\/image\/","url":"https:\/\/www.oep.tn\/wp-content\/uploads\/2022\/11\/logo-oep-arabe-2.png","contentUrl":"https:\/\/www.oep.tn\/wp-content\/uploads\/2022\/11\/logo-oep-arabe-2.png","width":567,"height":142,"caption":"Office de l'Elevage et des Patuages"},"image":{"@id":"https:\/\/www.oep.tn\/#\/schema\/logo\/image\/"}}]}},"_links":{"self":[{"href":"https:\/\/www.oep.tn\/fr\/wp-json\/wp\/v2\/pages\/2670","targetHints":{"allow":["GET"]}}],"collection":[{"href":"https:\/\/www.oep.tn\/fr\/wp-json\/wp\/v2\/pages"}],"about":[{"href":"https:\/\/www.oep.tn\/fr\/wp-json\/wp\/v2\/types\/page"}],"author":[{"embeddable":true,"href":"https:\/\/www.oep.tn\/fr\/wp-json\/wp\/v2\/users\/2"}],"replies":[{"embeddable":true,"href":"https:\/\/www.oep.tn\/fr\/wp-json\/wp\/v2\/comments?post=2670"}],"version-history":[{"count":1,"href":"https:\/\/www.oep.tn\/fr\/wp-json\/wp\/v2\/pages\/2670\/revisions"}],"predecessor-version":[{"id":2671,"href":"https:\/\/www.oep.tn\/fr\/wp-json\/wp\/v2\/pages\/2670\/revisions\/2671"}],"wp:attachment":[{"href":"https:\/\/www.oep.tn\/fr\/wp-json\/wp\/v2\/media?parent=2670"}],"curies":[{"name":"wp","href":"https:\/\/api.w.org\/{rel}","templated":true}]}}