


































































{"id":2672,"date":"2023-01-13T14:26:33","date_gmt":"2023-01-13T13:26:33","guid":{"rendered":"https:\/\/www.oep.tn\/?page_id=2672"},"modified":"2023-01-13T14:26:34","modified_gmt":"2023-01-13T13:26:34","slug":"brochure-eleveur","status":"publish","type":"page","link":"https:\/\/www.oep.tn\/fr\/brochure-eleveur\/","title":{"rendered":"BROCHURE \u00c9LEVEUR"},"content":{"rendered":"\n<h5 class=\"wp-block-heading\"><strong>?\u0646\u062c\u062d\u062a \u0643\u064a\u0641\u0627\u0634<\/strong><\/h5>\n\n\n\n<p>Ce livret est destin\u00e9 pour les petits producteurs. Il d\u00e9crit les principales diff\u00e9rences entre un \u00e9leveur qui applique les bonnes pratiques d\u2019\u00e9levage et un autre qui continue \u00e0 conduire son \u00e9levage selon l\u2019approche traditionnelle.<br>Version Fev2019<\/p>\n\n\n\n<figure class=\"wp-block-image size-full\"><img loading=\"lazy\" width=\"796\" height=\"794\" src=\"https:\/\/www.oep.tn\/wp-content\/uploads\/2023\/01\/19.png\" alt=\"\" class=\"wp-image-2659\" srcset=\"https:\/\/www.oep.tn\/wp-content\/uploads\/2023\/01\/19.png 796w, https:\/\/www.oep.tn\/wp-content\/uploads\/2023\/01\/19-300x300.png 300w, https:\/\/www.oep.tn\/wp-content\/uploads\/2023\/01\/19-150x150.png 150w, https:\/\/www.oep.tn\/wp-content\/uploads\/2023\/01\/19-768x766.png 768w, https:\/\/www.oep.tn\/wp-content\/uploads\/2023\/01\/19-267x267.png 267w, https:\/\/www.oep.tn\/wp-content\/uploads\/2023\/01\/19-730x728.png 730w, https:\/\/www.oep.tn\/wp-content\/uploads\/2023\/01\/19-100x100.png 100w\" sizes=\"auto, (max-width: 796px) 100vw, 796px\" \/><\/figure>\n\n\n\n<div class=\"wp-block-buttons is-content-justification-center is-layout-flex wp-container-core-buttons-is-layout-16018d1d wp-block-buttons-is-layout-flex\">\n<div class=\"wp-block-button\"><a class=\"wp-block-button__link wp-element-button\" href=\"https:\/\/www.oep.tn\/wp-content\/uploads\/2023\/01\/Brochure.pdf\" target=\"_blank\" rel=\"noreferrer noopener\"><strong>T\u00e9l\u00e9charger le document<\/strong><\/a><\/div>\n<\/div>\n","protected":false},"excerpt":{"rendered":"<p>?\u0646\u062c\u062d\u062a \u0643\u064a\u0641\u0627\u0634 Ce livret est destin\u00e9 pour les petits producteurs. Il d\u00e9crit les principales diff\u00e9rences entre un \u00e9leveur qui applique les bonnes pratiques d\u2019\u00e9levage et un autre qui continue \u00e0 conduire son \u00e9levage selon l\u2019approche traditionnelle.Version Fev2019<\/p>\n","protected":false},"author":2,"featured_media":0,"parent":0,"menu_order":0,"comment_status":"closed","ping_status":"closed","template":"","meta":{"_themeisle_gutenberg_block_has_review":false,"footnotes":""},"class_list":["post-2672","page","type-page","status-publish","hentry"],"yoast_head":"<!-- This site is optimized with the Yoast SEO plugin v26.0 - https:\/\/yoast.com\/wordpress\/plugins\/seo\/ -->\n<title>BROCHURE \u00c9LEVEUR - Office de l&#039;Elevage et des P\u00e2turages<\/title>\n<meta name=\"robots\" content=\"index, follow, max-snippet:-1, max-image-preview:large, max-video-preview:-1\" \/>\n<link rel=\"canonical\" href=\"https:\/\/www.oep.tn\/fr\/brochure-eleveur\/\" \/>\n<meta property=\"og:locale\" content=\"fr_FR\" \/>\n<meta property=\"og:type\" content=\"article\" \/>\n<meta property=\"og:title\" content=\"BROCHURE \u00c9LEVEUR - Office de l&#039;Elevage et des P\u00e2turages\" \/>\n<meta property=\"og:description\" content=\"?\u0646\u062c\u062d\u062a \u0643\u064a\u0641\u0627\u0634 Ce livret est destin\u00e9 pour les petits producteurs. Il d\u00e9crit les principales diff\u00e9rences entre un \u00e9leveur qui applique les bonnes pratiques d\u2019\u00e9levage et un autre qui continue \u00e0 conduire son \u00e9levage selon l\u2019approche traditionnelle.Version Fev2019\" \/>\n<meta property=\"og:url\" content=\"https:\/\/www.oep.tn\/fr\/brochure-eleveur\/\" \/>\n<meta property=\"og:site_name\" content=\"Office de l&#039;Elevage et des P\u00e2turages\" \/>\n<meta property=\"article:modified_time\" content=\"2023-01-13T13:26:34+00:00\" \/>\n<meta property=\"og:image\" content=\"https:\/\/www.oep.tn\/wp-content\/uploads\/2023\/01\/19.png\" \/>\n<meta name=\"twitter:card\" content=\"summary_large_image\" \/>\n<script type=\"application\/ld+json\" class=\"yoast-schema-graph\">{\"@context\":\"https:\/\/schema.org\",\"@graph\":[{\"@type\":\"WebPage\",\"@id\":\"https:\/\/www.oep.tn\/fr\/brochure-eleveur\/\",\"url\":\"https:\/\/www.oep.tn\/fr\/brochure-eleveur\/\",\"name\":\"BROCHURE \u00c9LEVEUR - Office de l&#039;Elevage et des P\u00e2turages\",\"isPartOf\":{\"@id\":\"https:\/\/www.oep.tn\/#website\"},\"primaryImageOfPage\":{\"@id\":\"https:\/\/www.oep.tn\/fr\/brochure-eleveur\/#primaryimage\"},\"image\":{\"@id\":\"https:\/\/www.oep.tn\/fr\/brochure-eleveur\/#primaryimage\"},\"thumbnailUrl\":\"https:\/\/www.oep.tn\/wp-content\/uploads\/2023\/01\/19.png\",\"datePublished\":\"2023-01-13T13:26:33+00:00\",\"dateModified\":\"2023-01-13T13:26:34+00:00\",\"breadcrumb\":{\"@id\":\"https:\/\/www.oep.tn\/fr\/brochure-eleveur\/#breadcrumb\"},\"inLanguage\":\"fr-FR\",\"potentialAction\":[{\"@type\":\"ReadAction\",\"target\":[\"https:\/\/www.oep.tn\/fr\/brochure-eleveur\/\"]}]},{\"@type\":\"ImageObject\",\"inLanguage\":\"fr-FR\",\"@id\":\"https:\/\/www.oep.tn\/fr\/brochure-eleveur\/#primaryimage\",\"url\":\"https:\/\/www.oep.tn\/wp-content\/uploads\/2023\/01\/19.png\",\"contentUrl\":\"https:\/\/www.oep.tn\/wp-content\/uploads\/2023\/01\/19.png\"},{\"@type\":\"BreadcrumbList\",\"@id\":\"https:\/\/www.oep.tn\/fr\/brochure-eleveur\/#breadcrumb\",\"itemListElement\":[{\"@type\":\"ListItem\",\"position\":1,\"name\":\"Accueil\",\"item\":\"https:\/\/www.oep.tn\/fr\/\"},{\"@type\":\"ListItem\",\"position\":2,\"name\":\"BROCHURE \u00c9LEVEUR\"}]},{\"@type\":\"WebSite\",\"@id\":\"https:\/\/www.oep.tn\/#website\",\"url\":\"https:\/\/www.oep.tn\/\",\"name\":\"Office de l'Elevage et des P\u00e2turages\",\"description\":\"Office de l&#039;Elevage et des P\u00e2turages\",\"publisher\":{\"@id\":\"https:\/\/www.oep.tn\/#organization\"},\"alternateName\":\"Office de l'Elevage et des P\u00e2turages\",\"potentialAction\":[{\"@type\":\"SearchAction\",\"target\":{\"@type\":\"EntryPoint\",\"urlTemplate\":\"https:\/\/www.oep.tn\/?s={search_term_string}\"},\"query-input\":{\"@type\":\"PropertyValueSpecification\",\"valueRequired\":true,\"valueName\":\"search_term_string\"}}],\"inLanguage\":\"fr-FR\"},{\"@type\":\"Organization\",\"@id\":\"https:\/\/www.oep.tn\/#organization\",\"name\":\"Office de l'Elevage et des Patuages\",\"url\":\"https:\/\/www.oep.tn\/\",\"logo\":{\"@type\":\"ImageObject\",\"inLanguage\":\"fr-FR\",\"@id\":\"https:\/\/www.oep.tn\/#\/schema\/logo\/image\/\",\"url\":\"https:\/\/www.oep.tn\/wp-content\/uploads\/2022\/11\/logo-oep-arabe-2.png\",\"contentUrl\":\"https:\/\/www.oep.tn\/wp-content\/uploads\/2022\/11\/logo-oep-arabe-2.png\",\"width\":567,\"height\":142,\"caption\":\"Office de l'Elevage et des Patuages\"},\"image\":{\"@id\":\"https:\/\/www.oep.tn\/#\/schema\/logo\/image\/\"}}]}<\/script>\n<!-- \/ Yoast SEO plugin. -->","yoast_head_json":{"title":"BROCHURE \u00c9LEVEUR - Office de l&#039;Elevage et des P\u00e2turages","robots":{"index":"index","follow":"follow","max-snippet":"max-snippet:-1","max-image-preview":"max-image-preview:large","max-video-preview":"max-video-preview:-1"},"canonical":"https:\/\/www.oep.tn\/fr\/brochure-eleveur\/","og_locale":"fr_FR","og_type":"article","og_title":"BROCHURE \u00c9LEVEUR - Office de l&#039;Elevage et des P\u00e2turages","og_description":"?\u0646\u062c\u062d\u062a \u0643\u064a\u0641\u0627\u0634 Ce livret est destin\u00e9 pour les petits producteurs. Il d\u00e9crit les principales diff\u00e9rences entre un \u00e9leveur qui applique les bonnes pratiques d\u2019\u00e9levage et un autre qui continue \u00e0 conduire son \u00e9levage selon l\u2019approche traditionnelle.Version Fev2019","og_url":"https:\/\/www.oep.tn\/fr\/brochure-eleveur\/","og_site_name":"Office de l&#039;Elevage et des P\u00e2turages","article_modified_time":"2023-01-13T13:26:34+00:00","og_image":[{"url":"https:\/\/www.oep.tn\/wp-content\/uploads\/2023\/01\/19.png","type":"","width":"","height":""}],"twitter_card":"summary_large_image","schema":{"@context":"https:\/\/schema.org","@graph":[{"@type":"WebPage","@id":"https:\/\/www.oep.tn\/fr\/brochure-eleveur\/","url":"https:\/\/www.oep.tn\/fr\/brochure-eleveur\/","name":"BROCHURE \u00c9LEVEUR - Office de l&#039;Elevage et des P\u00e2turages","isPartOf":{"@id":"https:\/\/www.oep.tn\/#website"},"primaryImageOfPage":{"@id":"https:\/\/www.oep.tn\/fr\/brochure-eleveur\/#primaryimage"},"image":{"@id":"https:\/\/www.oep.tn\/fr\/brochure-eleveur\/#primaryimage"},"thumbnailUrl":"https:\/\/www.oep.tn\/wp-content\/uploads\/2023\/01\/19.png","datePublished":"2023-01-13T13:26:33+00:00","dateModified":"2023-01-13T13:26:34+00:00","breadcrumb":{"@id":"https:\/\/www.oep.tn\/fr\/brochure-eleveur\/#breadcrumb"},"inLanguage":"fr-FR","potentialAction":[{"@type":"ReadAction","target":["https:\/\/www.oep.tn\/fr\/brochure-eleveur\/"]}]},{"@type":"ImageObject","inLanguage":"fr-FR","@id":"https:\/\/www.oep.tn\/fr\/brochure-eleveur\/#primaryimage","url":"https:\/\/www.oep.tn\/wp-content\/uploads\/2023\/01\/19.png","contentUrl":"https:\/\/www.oep.tn\/wp-content\/uploads\/2023\/01\/19.png"},{"@type":"BreadcrumbList","@id":"https:\/\/www.oep.tn\/fr\/brochure-eleveur\/#breadcrumb","itemListElement":[{"@type":"ListItem","position":1,"name":"Accueil","item":"https:\/\/www.oep.tn\/fr\/"},{"@type":"ListItem","position":2,"name":"BROCHURE \u00c9LEVEUR"}]},{"@type":"WebSite","@id":"https:\/\/www.oep.tn\/#website","url":"https:\/\/www.oep.tn\/","name":"Office de l'Elevage et des P\u00e2turages","description":"Office de l&#039;Elevage et des P\u00e2turages","publisher":{"@id":"https:\/\/www.oep.tn\/#organization"},"alternateName":"Office de l'Elevage et des P\u00e2turages","potentialAction":[{"@type":"SearchAction","target":{"@type":"EntryPoint","urlTemplate":"https:\/\/www.oep.tn\/?s={search_term_string}"},"query-input":{"@type":"PropertyValueSpecification","valueRequired":true,"valueName":"search_term_string"}}],"inLanguage":"fr-FR"},{"@type":"Organization","@id":"https:\/\/www.oep.tn\/#organization","name":"Office de l'Elevage et des Patuages","url":"https:\/\/www.oep.tn\/","logo":{"@type":"ImageObject","inLanguage":"fr-FR","@id":"https:\/\/www.oep.tn\/#\/schema\/logo\/image\/","url":"https:\/\/www.oep.tn\/wp-content\/uploads\/2022\/11\/logo-oep-arabe-2.png","contentUrl":"https:\/\/www.oep.tn\/wp-content\/uploads\/2022\/11\/logo-oep-arabe-2.png","width":567,"height":142,"caption":"Office de l'Elevage et des Patuages"},"image":{"@id":"https:\/\/www.oep.tn\/#\/schema\/logo\/image\/"}}]}},"_links":{"self":[{"href":"https:\/\/www.oep.tn\/fr\/wp-json\/wp\/v2\/pages\/2672","targetHints":{"allow":["GET"]}}],"collection":[{"href":"https:\/\/www.oep.tn\/fr\/wp-json\/wp\/v2\/pages"}],"about":[{"href":"https:\/\/www.oep.tn\/fr\/wp-json\/wp\/v2\/types\/page"}],"author":[{"embeddable":true,"href":"https:\/\/www.oep.tn\/fr\/wp-json\/wp\/v2\/users\/2"}],"replies":[{"embeddable":true,"href":"https:\/\/www.oep.tn\/fr\/wp-json\/wp\/v2\/comments?post=2672"}],"version-history":[{"count":1,"href":"https:\/\/www.oep.tn\/fr\/wp-json\/wp\/v2\/pages\/2672\/revisions"}],"predecessor-version":[{"id":2674,"href":"https:\/\/www.oep.tn\/fr\/wp-json\/wp\/v2\/pages\/2672\/revisions\/2674"}],"wp:attachment":[{"href":"https:\/\/www.oep.tn\/fr\/wp-json\/wp\/v2\/media?parent=2672"}],"curies":[{"name":"wp","href":"https:\/\/api.w.org\/{rel}","templated":true}]}}