


































































{"id":3056,"date":"2023-03-01T17:33:39","date_gmt":"2023-03-01T16:33:39","guid":{"rendered":"https:\/\/www.oep.tn\/?page_id=3056"},"modified":"2023-03-01T17:33:40","modified_gmt":"2023-03-01T16:33:40","slug":"ressources-fourrageres-et-pastorales","status":"publish","type":"page","link":"https:\/\/www.oep.tn\/fr\/ressources-fourrageres-et-pastorales\/","title":{"rendered":"Ressources Fourrag\u00e8res et Pastorales"},"content":{"rendered":"\n<p><strong><mark style=\"background-color:rgba(0, 0, 0, 0)\" class=\"has-inline-color has-thr-acc-color\">Prestation parcours<\/mark><\/strong><\/p>\n\n\n\n<p>Le programme est r\u00e9alis\u00e9 moyennant des prestations sous forme d&#8217;incitations en esp\u00e8ces et en nature fournies aux\u00a0 b\u00e9n\u00e9ficiaires pour l&#8217;installation et la sauvegarde des am\u00e9nagements.Les avantages (mesures de soutien) du programme sont variables selon le type d&#8217;am\u00e9nagement, le type de l&#8217;exploitation et la vocation du terrain:<\/p>\n\n\n\n<style>\ntable {\n            border: 1px solid;\n            border-collapse: collapse;\n            margin: 30px 0px;\n        }\n\n        td, th {\n            border: 1px solid;\n            padding: 0 10px;\n            \/*text-align: center;*\/\n        }\n\n        \/* style one *\/\n        table.makeit_rwd_default {\n            margin: 0 auto;\n            border-collapse: collapse;\n            font-family: Agenda-Light, sans-serif;\n            font-weight: 100;\n            background: #333;\n            color: #fff;\n            text-rendering: optimizeLegibility;\n            border-radius: 5px;\n        }\n\n        table.makeit_rwd_default caption {\n            font-size: 2rem;\n            color: #444;\n            margin: 1rem;\n        }\n\n        table.makeit_rwd_default thead th {\n            font-weight: 600;\n        }\n\n        table.makeit_rwd_default thead th, table.makeit_rwd_default tbody td {\n            padding: .8rem;\n            font-size: 1.4rem;\n        }\n\n        table.makeit_rwd_default tbody td {\n            padding: .8rem;\n            font-size: 1.4rem;\n            color: #444;\n            background: #eee;\n        }\n\n        table.makeit_rwd_default tbody tr:not(:last-child) {\n            border-top: 1px solid #ddd;\n            border-bottom: 1px solid #ddd;\n        }\n\n\n<\/style>\n\n<table class=\"makeit_rwd makeit_rwd_default\">\n   \n    <thead>\n    <tr>\n        <th rowspan=\"2\">Avantages<\/th>\n        <th colspan=\"2\">Type de l&#8217;exploitation<\/th>\n       \n    <\/tr>\n    <tr>\n        <th >Petites et moyennes<\/th>\n      <th >Grandes fermes et Soci\u00e9t\u00e9s de Mise en Valeur Agricole<\/th>\n    <\/tr>\n    <\/thead>\n    <tbody>\n    <tr>\n        <td >En nature<\/td>\n        <td><b>1-Les intrants n\u00e9cessaires:<\/b>\n &#8211; plants d&#8217;arbustes fourragers, raquettes de cactus inerme, semences pastorales (autres que les semences de sulla coronarium) gratuitement\nLes semences de sulla coronarium sont subventionn\u00e9es \u00e0 80 % pour les programmes de ressemis et d&#8217;am\u00e9lioration de la jach\u00e8re.\n<b>2- Une compensation:<\/b>\n(aliment pour b\u00e9tail): pour compenser un manque \u00e0 gagner durant la p\u00e9riode de mise en d\u00e9fens d&#8217;un parcours am\u00e9lior\u00e9 sur terres \u00e0 vocation purement pastorales (les interventions sur terrains agro-pastoraux ne b\u00e9n\u00e9ficient pas de cette compensation). Elle est estim\u00e9e; selon les r\u00e9gions; \u00e0 l&#8217;\u00e9quivalent de l&#8217;apport moyen annuel en UF\/ha d&#8217;un parcours naturel.\n<\/td>\n        <td><b>1-Les intrants n\u00e9cessaires <\/b>et gratuitement pour seulement:\n&#8211; les plants d&#8217;arbustes\n&#8211; les semences de m\u00e9dicago, f\u00e9tuque, phalaris pour le programme de r\u00e9ensemencement.\n\n\n2- <b>La compensation <\/b>n&#8217;est pas octroy\u00e9e pour ces types d&#8217;exploitations\n<\/td>\n    <\/tr>\n    \n    <tr>\n        <td >En esp\u00e8ce<\/td>\n        <td>Pour couvrir une part des frais de <b>pr\u00e9paration du sol, de mise en place et d&#8217;irrigation des arbustes <\/b>durant les deux premi\u00e8res ann\u00e9es d&#8217;installation<\/td>\n        <td>Les subventions en esp\u00e8ces ne sont pas accord\u00e9es pour ces exploitations<\/td>\n    <\/tr>\n  \n    <tr>\n        <td rowspan=\"2\">Suivi et encadrement<\/td>\n        \n    <\/tr>\n    <tr>\n        <td colspan=\"2\">Le suivi et l&#8217;encadrement technique des b\u00e9n\u00e9ficiaires (installation, entretien, gestion, exploitation, etc\u2026) sont assur\u00e9s pour les diff\u00e9rents types d&#8217;exploitations<\/td>\n    <\/tr>\n   \n    <\/tbody>\n<\/table>\n","protected":false},"excerpt":{"rendered":"<p>Prestation parcours Le programme est r\u00e9alis\u00e9 moyennant des prestations sous forme d&#8217;incitations en esp\u00e8ces et en nature fournies aux\u00a0 b\u00e9n\u00e9ficiaires pour l&#8217;installation et la sauvegarde des am\u00e9nagements.Les avantages (mesures de soutien) du programme sont variables selon le type d&#8217;am\u00e9nagement, le type de l&#8217;exploitation et la vocation du terrain: Avantages Type de l&#8217;exploitation Petites et moyennes [&hellip;]<\/p>\n","protected":false},"author":1,"featured_media":0,"parent":0,"menu_order":0,"comment_status":"closed","ping_status":"closed","template":"","meta":{"_themeisle_gutenberg_block_has_review":false,"footnotes":""},"class_list":["post-3056","page","type-page","status-publish","hentry"],"yoast_head":"<!-- This site is optimized with the Yoast SEO plugin v26.0 - https:\/\/yoast.com\/wordpress\/plugins\/seo\/ -->\n<title>Ressources Fourrag\u00e8res et Pastorales - Office de l&#039;Elevage et des P\u00e2turages<\/title>\n<meta name=\"robots\" content=\"index, follow, max-snippet:-1, max-image-preview:large, max-video-preview:-1\" \/>\n<link rel=\"canonical\" href=\"https:\/\/www.oep.tn\/\u0627\u0644\u0645\u0648\u0627\u0631\u062f-\u0627\u0644\u0639\u0644\u0641\u064a\u0629-\u0648\u0627\u0644\u0631\u0639\u0648\u064a\u0629\/\" \/>\n<meta property=\"og:locale\" content=\"fr_FR\" \/>\n<meta property=\"og:type\" content=\"article\" \/>\n<meta property=\"og:title\" content=\"Ressources Fourrag\u00e8res et Pastorales - Office de l&#039;Elevage et des P\u00e2turages\" \/>\n<meta property=\"og:description\" content=\"Prestation parcours Le programme est r\u00e9alis\u00e9 moyennant des prestations sous forme d&#8217;incitations en esp\u00e8ces et en nature fournies aux\u00a0 b\u00e9n\u00e9ficiaires pour l&#8217;installation et la sauvegarde des am\u00e9nagements.Les avantages (mesures de soutien) du programme sont variables selon le type d&#8217;am\u00e9nagement, le type de l&#8217;exploitation et la vocation du terrain: Avantages Type de l&#8217;exploitation Petites et moyennes [&hellip;]\" \/>\n<meta property=\"og:url\" content=\"https:\/\/www.oep.tn\/\u0627\u0644\u0645\u0648\u0627\u0631\u062f-\u0627\u0644\u0639\u0644\u0641\u064a\u0629-\u0648\u0627\u0644\u0631\u0639\u0648\u064a\u0629\/\" \/>\n<meta property=\"og:site_name\" content=\"Office de l&#039;Elevage et des P\u00e2turages\" \/>\n<meta property=\"article:modified_time\" content=\"2023-03-01T16:33:40+00:00\" \/>\n<meta name=\"twitter:card\" content=\"summary_large_image\" \/>\n<meta name=\"twitter:label1\" content=\"Dur\u00e9e de lecture estim\u00e9e\" \/>\n\t<meta name=\"twitter:data1\" content=\"1 minute\" \/>\n<script type=\"application\/ld+json\" class=\"yoast-schema-graph\">{\"@context\":\"https:\/\/schema.org\",\"@graph\":[{\"@type\":\"WebPage\",\"@id\":\"https:\/\/www.oep.tn\/%d8%a7%d9%84%d9%85%d9%88%d8%a7%d8%b1%d8%af-%d8%a7%d9%84%d8%b9%d9%84%d9%81%d9%8a%d8%a9-%d9%88%d8%a7%d9%84%d8%b1%d8%b9%d9%88%d9%8a%d8%a9\/\",\"url\":\"https:\/\/www.oep.tn\/%d8%a7%d9%84%d9%85%d9%88%d8%a7%d8%b1%d8%af-%d8%a7%d9%84%d8%b9%d9%84%d9%81%d9%8a%d8%a9-%d9%88%d8%a7%d9%84%d8%b1%d8%b9%d9%88%d9%8a%d8%a9\/\",\"name\":\"Ressources Fourrag\u00e8res et Pastorales - Office de l&#039;Elevage et des P\u00e2turages\",\"isPartOf\":{\"@id\":\"https:\/\/www.oep.tn\/#website\"},\"datePublished\":\"2023-03-01T16:33:39+00:00\",\"dateModified\":\"2023-03-01T16:33:40+00:00\",\"breadcrumb\":{\"@id\":\"https:\/\/www.oep.tn\/%d8%a7%d9%84%d9%85%d9%88%d8%a7%d8%b1%d8%af-%d8%a7%d9%84%d8%b9%d9%84%d9%81%d9%8a%d8%a9-%d9%88%d8%a7%d9%84%d8%b1%d8%b9%d9%88%d9%8a%d8%a9\/#breadcrumb\"},\"inLanguage\":\"fr-FR\",\"potentialAction\":[{\"@type\":\"ReadAction\",\"target\":[\"https:\/\/www.oep.tn\/%d8%a7%d9%84%d9%85%d9%88%d8%a7%d8%b1%d8%af-%d8%a7%d9%84%d8%b9%d9%84%d9%81%d9%8a%d8%a9-%d9%88%d8%a7%d9%84%d8%b1%d8%b9%d9%88%d9%8a%d8%a9\/\"]}]},{\"@type\":\"BreadcrumbList\",\"@id\":\"https:\/\/www.oep.tn\/%d8%a7%d9%84%d9%85%d9%88%d8%a7%d8%b1%d8%af-%d8%a7%d9%84%d8%b9%d9%84%d9%81%d9%8a%d8%a9-%d9%88%d8%a7%d9%84%d8%b1%d8%b9%d9%88%d9%8a%d8%a9\/#breadcrumb\",\"itemListElement\":[{\"@type\":\"ListItem\",\"position\":1,\"name\":\"Accueil\",\"item\":\"https:\/\/www.oep.tn\/fr\/\"},{\"@type\":\"ListItem\",\"position\":2,\"name\":\"Ressources Fourrag\u00e8res et Pastorales\"}]},{\"@type\":\"WebSite\",\"@id\":\"https:\/\/www.oep.tn\/#website\",\"url\":\"https:\/\/www.oep.tn\/\",\"name\":\"Office de l'Elevage et des P\u00e2turages\",\"description\":\"Office de l&#039;Elevage et des P\u00e2turages\",\"publisher\":{\"@id\":\"https:\/\/www.oep.tn\/#organization\"},\"alternateName\":\"Office de l'Elevage et des P\u00e2turages\",\"potentialAction\":[{\"@type\":\"SearchAction\",\"target\":{\"@type\":\"EntryPoint\",\"urlTemplate\":\"https:\/\/www.oep.tn\/?s={search_term_string}\"},\"query-input\":{\"@type\":\"PropertyValueSpecification\",\"valueRequired\":true,\"valueName\":\"search_term_string\"}}],\"inLanguage\":\"fr-FR\"},{\"@type\":\"Organization\",\"@id\":\"https:\/\/www.oep.tn\/#organization\",\"name\":\"Office de l'Elevage et des Patuages\",\"url\":\"https:\/\/www.oep.tn\/\",\"logo\":{\"@type\":\"ImageObject\",\"inLanguage\":\"fr-FR\",\"@id\":\"https:\/\/www.oep.tn\/#\/schema\/logo\/image\/\",\"url\":\"https:\/\/www.oep.tn\/wp-content\/uploads\/2022\/11\/logo-oep-arabe-2.png\",\"contentUrl\":\"https:\/\/www.oep.tn\/wp-content\/uploads\/2022\/11\/logo-oep-arabe-2.png\",\"width\":567,\"height\":142,\"caption\":\"Office de l'Elevage et des Patuages\"},\"image\":{\"@id\":\"https:\/\/www.oep.tn\/#\/schema\/logo\/image\/\"}}]}<\/script>\n<!-- \/ Yoast SEO plugin. -->","yoast_head_json":{"title":"Ressources Fourrag\u00e8res et Pastorales - Office de l&#039;Elevage et des P\u00e2turages","robots":{"index":"index","follow":"follow","max-snippet":"max-snippet:-1","max-image-preview":"max-image-preview:large","max-video-preview":"max-video-preview:-1"},"canonical":"https:\/\/www.oep.tn\/\u0627\u0644\u0645\u0648\u0627\u0631\u062f-\u0627\u0644\u0639\u0644\u0641\u064a\u0629-\u0648\u0627\u0644\u0631\u0639\u0648\u064a\u0629\/","og_locale":"fr_FR","og_type":"article","og_title":"Ressources Fourrag\u00e8res et Pastorales - Office de l&#039;Elevage et des P\u00e2turages","og_description":"Prestation parcours Le programme est r\u00e9alis\u00e9 moyennant des prestations sous forme d&#8217;incitations en esp\u00e8ces et en nature fournies aux\u00a0 b\u00e9n\u00e9ficiaires pour l&#8217;installation et la sauvegarde des am\u00e9nagements.Les avantages (mesures de soutien) du programme sont variables selon le type d&#8217;am\u00e9nagement, le type de l&#8217;exploitation et la vocation du terrain: Avantages Type de l&#8217;exploitation Petites et moyennes [&hellip;]","og_url":"https:\/\/www.oep.tn\/\u0627\u0644\u0645\u0648\u0627\u0631\u062f-\u0627\u0644\u0639\u0644\u0641\u064a\u0629-\u0648\u0627\u0644\u0631\u0639\u0648\u064a\u0629\/","og_site_name":"Office de l&#039;Elevage et des P\u00e2turages","article_modified_time":"2023-03-01T16:33:40+00:00","twitter_card":"summary_large_image","twitter_misc":{"Dur\u00e9e de lecture estim\u00e9e":"1 minute"},"schema":{"@context":"https:\/\/schema.org","@graph":[{"@type":"WebPage","@id":"https:\/\/www.oep.tn\/%d8%a7%d9%84%d9%85%d9%88%d8%a7%d8%b1%d8%af-%d8%a7%d9%84%d8%b9%d9%84%d9%81%d9%8a%d8%a9-%d9%88%d8%a7%d9%84%d8%b1%d8%b9%d9%88%d9%8a%d8%a9\/","url":"https:\/\/www.oep.tn\/%d8%a7%d9%84%d9%85%d9%88%d8%a7%d8%b1%d8%af-%d8%a7%d9%84%d8%b9%d9%84%d9%81%d9%8a%d8%a9-%d9%88%d8%a7%d9%84%d8%b1%d8%b9%d9%88%d9%8a%d8%a9\/","name":"Ressources Fourrag\u00e8res et Pastorales - Office de l&#039;Elevage et des P\u00e2turages","isPartOf":{"@id":"https:\/\/www.oep.tn\/#website"},"datePublished":"2023-03-01T16:33:39+00:00","dateModified":"2023-03-01T16:33:40+00:00","breadcrumb":{"@id":"https:\/\/www.oep.tn\/%d8%a7%d9%84%d9%85%d9%88%d8%a7%d8%b1%d8%af-%d8%a7%d9%84%d8%b9%d9%84%d9%81%d9%8a%d8%a9-%d9%88%d8%a7%d9%84%d8%b1%d8%b9%d9%88%d9%8a%d8%a9\/#breadcrumb"},"inLanguage":"fr-FR","potentialAction":[{"@type":"ReadAction","target":["https:\/\/www.oep.tn\/%d8%a7%d9%84%d9%85%d9%88%d8%a7%d8%b1%d8%af-%d8%a7%d9%84%d8%b9%d9%84%d9%81%d9%8a%d8%a9-%d9%88%d8%a7%d9%84%d8%b1%d8%b9%d9%88%d9%8a%d8%a9\/"]}]},{"@type":"BreadcrumbList","@id":"https:\/\/www.oep.tn\/%d8%a7%d9%84%d9%85%d9%88%d8%a7%d8%b1%d8%af-%d8%a7%d9%84%d8%b9%d9%84%d9%81%d9%8a%d8%a9-%d9%88%d8%a7%d9%84%d8%b1%d8%b9%d9%88%d9%8a%d8%a9\/#breadcrumb","itemListElement":[{"@type":"ListItem","position":1,"name":"Accueil","item":"https:\/\/www.oep.tn\/fr\/"},{"@type":"ListItem","position":2,"name":"Ressources Fourrag\u00e8res et Pastorales"}]},{"@type":"WebSite","@id":"https:\/\/www.oep.tn\/#website","url":"https:\/\/www.oep.tn\/","name":"Office de l'Elevage et des P\u00e2turages","description":"Office de l&#039;Elevage et des P\u00e2turages","publisher":{"@id":"https:\/\/www.oep.tn\/#organization"},"alternateName":"Office de l'Elevage et des P\u00e2turages","potentialAction":[{"@type":"SearchAction","target":{"@type":"EntryPoint","urlTemplate":"https:\/\/www.oep.tn\/?s={search_term_string}"},"query-input":{"@type":"PropertyValueSpecification","valueRequired":true,"valueName":"search_term_string"}}],"inLanguage":"fr-FR"},{"@type":"Organization","@id":"https:\/\/www.oep.tn\/#organization","name":"Office de l'Elevage et des Patuages","url":"https:\/\/www.oep.tn\/","logo":{"@type":"ImageObject","inLanguage":"fr-FR","@id":"https:\/\/www.oep.tn\/#\/schema\/logo\/image\/","url":"https:\/\/www.oep.tn\/wp-content\/uploads\/2022\/11\/logo-oep-arabe-2.png","contentUrl":"https:\/\/www.oep.tn\/wp-content\/uploads\/2022\/11\/logo-oep-arabe-2.png","width":567,"height":142,"caption":"Office de l'Elevage et des Patuages"},"image":{"@id":"https:\/\/www.oep.tn\/#\/schema\/logo\/image\/"}}]}},"_links":{"self":[{"href":"https:\/\/www.oep.tn\/fr\/wp-json\/wp\/v2\/pages\/3056","targetHints":{"allow":["GET"]}}],"collection":[{"href":"https:\/\/www.oep.tn\/fr\/wp-json\/wp\/v2\/pages"}],"about":[{"href":"https:\/\/www.oep.tn\/fr\/wp-json\/wp\/v2\/types\/page"}],"author":[{"embeddable":true,"href":"https:\/\/www.oep.tn\/fr\/wp-json\/wp\/v2\/users\/1"}],"replies":[{"embeddable":true,"href":"https:\/\/www.oep.tn\/fr\/wp-json\/wp\/v2\/comments?post=3056"}],"version-history":[{"count":3,"href":"https:\/\/www.oep.tn\/fr\/wp-json\/wp\/v2\/pages\/3056\/revisions"}],"predecessor-version":[{"id":3059,"href":"https:\/\/www.oep.tn\/fr\/wp-json\/wp\/v2\/pages\/3056\/revisions\/3059"}],"wp:attachment":[{"href":"https:\/\/www.oep.tn\/fr\/wp-json\/wp\/v2\/media?parent=3056"}],"curies":[{"name":"wp","href":"https:\/\/api.w.org\/{rel}","templated":true}]}}