


































































{"id":3149,"date":"2023-03-06T15:36:47","date_gmt":"2023-03-06T14:36:47","guid":{"rendered":"https:\/\/www.oep.tn\/?page_id=3149"},"modified":"2024-12-25T16:08:20","modified_gmt":"2024-12-25T15:08:20","slug":"fiche-technique","status":"publish","type":"page","link":"https:\/\/www.oep.tn\/fr\/fiche-technique\/","title":{"rendered":"Fiche technique"},"content":{"rendered":"\n<html lang=\"en\">\n<head>\n  <meta charset=\"UTF-8\">\n  <meta name=\"viewport\" content=\"width=device-width, initial-scale=1.0\">\n  <title>Modernis\u00e9 &#8211; Th\u00e8me Vert<\/title>\n  <link rel=\"stylesheet\" href=\"https:\/\/cdnjs.cloudflare.com\/ajax\/libs\/font-awesome\/6.0.0-beta3\/css\/all.min.css\">\n  \n  <style>\n    \/* Styles g\u00e9n\u00e9raux *\/\n    body {\n      margin: 0;\n      padding: 0;\n      font-family: 'Arial', sans-serif;\n      background-color: #f0f4f0;\n    }\n\n    .columns {\n      display: flex;\n      flex-wrap: wrap;\n      justify-content: center;\n      gap: 20px;\n      padding: 40px;\n    }\n\n    .card {\n      width: 48%; \/* Deux par ligne *\/\n      background-color: #ffffff;\n      border-radius: 8px;\n      border: 2px solid #0d6f36;\n      box-shadow: 0px 4px 10px rgba(0, 0, 0, 0.1);\n      transition: transform 0.3s, box-shadow 0.3s;\n      text-decoration: none;\n      color: #000;\n      display: flex;\n      align-items: center;\n      padding: 15px;\n      gap: 10px;\n    }\n\n    \/* Effet au survol *\/\n    .card:hover {\n      transform: scale(1.05);\n      box-shadow: 0px 8px 20px rgba(0, 0, 0, 0.2);\n      border-color: #17a051;\n    }\n\n    .card i {\n      font-size: 40px;\n      color: #0d6f36;\n    }\n\n    .card h3 {\n      font-size: 18px;\n      margin: 0;\n      font-weight: 500;\n    }\n\n    \/* Responsive: une par ligne en petits \u00e9crans *\/\n    @media (max-width: 768px) {\n      .card {\n        width: 100%;\n      }\n    }\n  <\/style>\n<\/head>\n<body>\n\n<div class=\"columns\">\n  <a class=\"card\" href=\"https:\/\/www.oep.tn\/wp-content\/uploads\/2023\/03\/\u0645\u0631\u0643\u0632-\u062a\u0646\u0645\u064a\u0629-\u062a\u0631\u0628\u064a\u0629-\u0627\u0644\u0646\u062d\u0644-\u0628\u0627\u0644\u0645\u0631\u064a\u0633\u0629.pdf\" target=\"_blank\" rel=\"noopener\">\n    <i class=\"fa-solid fa-file-pdf\"><\/i>\n    <h3 style=\"text-align: center;\">\u0645\u0631\u0643\u0632 \u062a\u0646\u0645\u064a\u0629 \u062a\u0631\u0628\u064a\u0629 \u0627\u0644\u0646\u062d\u0644 \u0628\u0627\u0644\u0645\u0631\u064a\u0633\u0629<\/h3>\n  <\/a>\n\n  <a class=\"card\" href=\"https:\/\/www.oep.tn\/wp-content\/uploads\/2023\/03\/\u0633\u0644\u0627\u0644\u0629-\u0635\u0642\u0644\u064a-\u0635\u0631\u062f\u064a-.pdf\" target=\"_blank\" rel=\"noopener\">\n    <i class=\"fa-solid fa-file-pdf\"><\/i>\n    <h3 style=\"text-align: center;\">\u0633\u0644\u0627\u0644\u0629 \u0635\u0642\u0644\u064a \u0635\u0631\u062f\u064a<\/h3>\n  <\/a>\n\n  <a class=\"card\" href=\"https:\/\/www.oep.tn\/wp-content\/uploads\/2023\/03\/\u0633\u0644\u0627\u0644\u0629-\u0627\u0644\u0646\u062c\u062f\u064a.pdf\" target=\"_blank\" rel=\"noopener\">\n    <i class=\"fa-solid fa-file-pdf\"><\/i>\n    <h3>\u0633\u0644\u0627\u0644\u0629 \u0633\u0648\u062f\u0627\u0621 \u062a\u064a\u0628\u0627\u0631<\/h3>\n  <\/a>\n\n  <a class=\"card\" href=\"https:\/\/www.oep.tn\/wp-content\/uploads\/2023\/03\/\u0633\u0644\u0627\u0644\u0629-\u0627\u0644\u0646\u062c\u062f\u064a.pdf\" target=\"_blank\" rel=\"noopener\">\n    <i class=\"fa-solid fa-file-pdf\"><\/i>\n    <h3 style=\"text-align: center;\">\u0633\u0644\u0627\u0644\u0629 \u0627\u0644\u0646\u062c\u062f\u064a<\/h3>\n  <\/a>\n\n  <a class=\"card\" href=\"https:\/\/www.oep.tn\/wp-content\/uploads\/2023\/03\/\u0633\u0644\u0627\u0644\u0629-\u0627\u0644\u063a\u0631\u0628\u064a.pdf\" target=\"_blank\" rel=\"noopener\">\n    <i class=\"fa-solid fa-file-pdf\"><\/i>\n    <h3 style=\"text-align: center;\">\u0633\u0644\u0627\u0644\u0629 \u0627\u0644\u063a\u0631\u0628\u064a<\/h3>\n  <\/a>\n  <a class=\"card\" href=\"https:\/\/www.oep.tn\/wp-content\/uploads\/2023\/03\/\u0633\u0644\u0627\u0644\u0629-\u0627\u0644\u0623\u063a\u0646\u0627\u0645-\u0627\u0644\u062d\u0644\u0648\u0628.pdf\" target=\"_blank\" rel=\"noopener\">\n    <i class=\"fa-solid fa-file-pdf\"><\/i>\n    <h3 style=\"text-align: center;\">\u0633\u0644\u0627\u0644\u0629 \u0627\u0644\u0623\u063a\u0646\u0627\u0645 \u0627\u0644\u062d\u0644\u0648\u0628<\/h3>\n  <\/a>\n\n  <a class=\"card\" href=\"https:\/\/www.oep.tn\/wp-content\/uploads\/2023\/03\/\u0633\u0644\u0627\u0644\u0627\u062a-\u0627\u0644\u0623\u0628\u0642\u0627\u0631.pdf\" target=\"_blank\" rel=\"noopener\">\n    <i class=\"fa-solid fa-file-pdf\"><\/i>\n    <h3 style=\"text-align: center;\">\u0633\u0644\u0627\u0644\u0627\u062a \u0627\u0644\u0623\u0628\u0642\u0627\u0631<\/h3>\n  <\/a>\n\n  <a class=\"card\" href=\"https:\/\/www.oep.tn\/wp-content\/uploads\/2023\/03\/\u062f\u0644\u064a\u0644-\u0627\u0644\u0645\u0633\u062a\u062b\u0645\u0631-\u0641\u064a-\u062a\u0631\u0628\u064a\u0629-\u0627\u0644\u0646\u062d\u0644.pdf\" target=\"_blank\" rel=\"noopener\">\n    <i class=\"fa-solid fa-file-pdf\"><\/i>\n    <h3 style=\"text-align: center;\">\u062f\u0644\u064a\u0644 \u0627\u0644\u0645\u0633\u062a\u062b\u0645\u0631 \u0641\u064a \u062a\u0631\u0628\u064a\u0629 \u0627\u0644\u0646\u062d\u0644<\/h3>\n  <\/a>\n\n  <a class=\"card\" href=\"https:\/\/www.oep.tn\/wp-content\/uploads\/2023\/03\/\u062a\u0633\u0645\u064a\u0646-\u0627\u0644\u062e\u0631\u0641\u0627\u0646-3.pdf\" target=\"_blank\" rel=\"noopener\">\n    <i class=\"fa-solid fa-file-pdf\"><\/i>\n    <h3 style=\"text-align: center;\">\u062a\u0633\u0645\u064a\u0646 \u0627\u0644\u062e\u0631\u0641\u0627\u0646<\/h3>\n  <\/a>\n\n  <a class=\"card\" href=\"https:\/\/www.oep.tn\/wp-content\/uploads\/2023\/03\/\u0627\u0644\u0642\u0648\u0627\u0644\u0628-\u0627\u0644\u0639\u0644\u0641\u064a\u0629.pdf\" target=\"_blank\" rel=\"noopener\">\n    <i class=\"fa-solid fa-file-pdf\"><\/i>\n    <h3 style=\"text-align: center;\">\u0627\u0644\u0642\u0648\u0627\u0644\u0628 \u0627\u0644\u0639\u0644\u0641\u064a\u0629<\/h3>\n  <\/a>\n\n<\/div>\n\n<\/body>\n<\/html>\n\n","protected":false},"excerpt":{"rendered":"<p>Modernis\u00e9 &#8211; Th\u00e8me Vert \u0645\u0631\u0643\u0632 \u062a\u0646\u0645\u064a\u0629 \u062a\u0631\u0628\u064a\u0629 \u0627\u0644\u0646\u062d\u0644 \u0628\u0627\u0644\u0645\u0631\u064a\u0633\u0629 \u0633\u0644\u0627\u0644\u0629 \u0635\u0642\u0644\u064a \u0635\u0631\u062f\u064a \u0633\u0644\u0627\u0644\u0629 \u0633\u0648\u062f\u0627\u0621 \u062a\u064a\u0628\u0627\u0631 \u0633\u0644\u0627\u0644\u0629 \u0627\u0644\u0646\u062c\u062f\u064a \u0633\u0644\u0627\u0644\u0629 \u0627\u0644\u063a\u0631\u0628\u064a \u0633\u0644\u0627\u0644\u0629 \u0627\u0644\u0623\u063a\u0646\u0627\u0645 \u0627\u0644\u062d\u0644\u0648\u0628 \u0633\u0644\u0627\u0644\u0627\u062a \u0627\u0644\u0623\u0628\u0642\u0627\u0631 \u062f\u0644\u064a\u0644 \u0627\u0644\u0645\u0633\u062a\u062b\u0645\u0631 \u0641\u064a \u062a\u0631\u0628\u064a\u0629 \u0627\u0644\u0646\u062d\u0644 \u062a\u0633\u0645\u064a\u0646 \u0627\u0644\u062e\u0631\u0641\u0627\u0646 \u0627\u0644\u0642\u0648\u0627\u0644\u0628 \u0627\u0644\u0639\u0644\u0641\u064a\u0629<\/p>\n","protected":false},"author":1,"featured_media":0,"parent":0,"menu_order":0,"comment_status":"closed","ping_status":"closed","template":"","meta":{"_themeisle_gutenberg_block_has_review":false,"footnotes":""},"class_list":["post-3149","page","type-page","status-publish","hentry"],"yoast_head":"<!-- This site is optimized with the Yoast SEO plugin v26.0 - https:\/\/yoast.com\/wordpress\/plugins\/seo\/ -->\n<title>Fiche technique - Office de l&#039;Elevage et des P\u00e2turages<\/title>\n<meta name=\"robots\" content=\"index, follow, max-snippet:-1, max-image-preview:large, max-video-preview:-1\" \/>\n<link rel=\"canonical\" href=\"https:\/\/www.oep.tn\/fr\/fiche-technique\/\" \/>\n<meta property=\"og:locale\" content=\"fr_FR\" \/>\n<meta property=\"og:type\" content=\"article\" \/>\n<meta property=\"og:title\" content=\"Fiche technique - Office de l&#039;Elevage et des P\u00e2turages\" \/>\n<meta property=\"og:description\" content=\"Modernis\u00e9 &#8211; Th\u00e8me Vert \u0645\u0631\u0643\u0632 \u062a\u0646\u0645\u064a\u0629 \u062a\u0631\u0628\u064a\u0629 \u0627\u0644\u0646\u062d\u0644 \u0628\u0627\u0644\u0645\u0631\u064a\u0633\u0629 \u0633\u0644\u0627\u0644\u0629 \u0635\u0642\u0644\u064a \u0635\u0631\u062f\u064a \u0633\u0644\u0627\u0644\u0629 \u0633\u0648\u062f\u0627\u0621 \u062a\u064a\u0628\u0627\u0631 \u0633\u0644\u0627\u0644\u0629 \u0627\u0644\u0646\u062c\u062f\u064a \u0633\u0644\u0627\u0644\u0629 \u0627\u0644\u063a\u0631\u0628\u064a \u0633\u0644\u0627\u0644\u0629 \u0627\u0644\u0623\u063a\u0646\u0627\u0645 \u0627\u0644\u062d\u0644\u0648\u0628 \u0633\u0644\u0627\u0644\u0627\u062a \u0627\u0644\u0623\u0628\u0642\u0627\u0631 \u062f\u0644\u064a\u0644 \u0627\u0644\u0645\u0633\u062a\u062b\u0645\u0631 \u0641\u064a \u062a\u0631\u0628\u064a\u0629 \u0627\u0644\u0646\u062d\u0644 \u062a\u0633\u0645\u064a\u0646 \u0627\u0644\u062e\u0631\u0641\u0627\u0646 \u0627\u0644\u0642\u0648\u0627\u0644\u0628 \u0627\u0644\u0639\u0644\u0641\u064a\u0629\" \/>\n<meta property=\"og:url\" content=\"https:\/\/www.oep.tn\/fr\/fiche-technique\/\" \/>\n<meta property=\"og:site_name\" content=\"Office de l&#039;Elevage et des P\u00e2turages\" \/>\n<meta property=\"article:modified_time\" content=\"2024-12-25T15:08:20+00:00\" \/>\n<meta name=\"twitter:card\" content=\"summary_large_image\" \/>\n<meta name=\"twitter:label1\" content=\"Dur\u00e9e de lecture estim\u00e9e\" \/>\n\t<meta name=\"twitter:data1\" content=\"1 minute\" \/>\n<script type=\"application\/ld+json\" class=\"yoast-schema-graph\">{\"@context\":\"https:\/\/schema.org\",\"@graph\":[{\"@type\":\"WebPage\",\"@id\":\"https:\/\/www.oep.tn\/fr\/fiche-technique\/\",\"url\":\"https:\/\/www.oep.tn\/fr\/fiche-technique\/\",\"name\":\"Fiche technique - Office de l&#039;Elevage et des P\u00e2turages\",\"isPartOf\":{\"@id\":\"https:\/\/www.oep.tn\/#website\"},\"datePublished\":\"2023-03-06T14:36:47+00:00\",\"dateModified\":\"2024-12-25T15:08:20+00:00\",\"breadcrumb\":{\"@id\":\"https:\/\/www.oep.tn\/fr\/fiche-technique\/#breadcrumb\"},\"inLanguage\":\"fr-FR\",\"potentialAction\":[{\"@type\":\"ReadAction\",\"target\":[\"https:\/\/www.oep.tn\/fr\/fiche-technique\/\"]}]},{\"@type\":\"BreadcrumbList\",\"@id\":\"https:\/\/www.oep.tn\/fr\/fiche-technique\/#breadcrumb\",\"itemListElement\":[{\"@type\":\"ListItem\",\"position\":1,\"name\":\"Accueil\",\"item\":\"https:\/\/www.oep.tn\/fr\/\"},{\"@type\":\"ListItem\",\"position\":2,\"name\":\"Fiche technique\"}]},{\"@type\":\"WebSite\",\"@id\":\"https:\/\/www.oep.tn\/#website\",\"url\":\"https:\/\/www.oep.tn\/\",\"name\":\"Office de l'Elevage et des P\u00e2turages\",\"description\":\"Office de l&#039;Elevage et des P\u00e2turages\",\"publisher\":{\"@id\":\"https:\/\/www.oep.tn\/#organization\"},\"alternateName\":\"Office de l'Elevage et des P\u00e2turages\",\"potentialAction\":[{\"@type\":\"SearchAction\",\"target\":{\"@type\":\"EntryPoint\",\"urlTemplate\":\"https:\/\/www.oep.tn\/?s={search_term_string}\"},\"query-input\":{\"@type\":\"PropertyValueSpecification\",\"valueRequired\":true,\"valueName\":\"search_term_string\"}}],\"inLanguage\":\"fr-FR\"},{\"@type\":\"Organization\",\"@id\":\"https:\/\/www.oep.tn\/#organization\",\"name\":\"Office de l'Elevage et des Patuages\",\"url\":\"https:\/\/www.oep.tn\/\",\"logo\":{\"@type\":\"ImageObject\",\"inLanguage\":\"fr-FR\",\"@id\":\"https:\/\/www.oep.tn\/#\/schema\/logo\/image\/\",\"url\":\"https:\/\/www.oep.tn\/wp-content\/uploads\/2022\/11\/logo-oep-arabe-2.png\",\"contentUrl\":\"https:\/\/www.oep.tn\/wp-content\/uploads\/2022\/11\/logo-oep-arabe-2.png\",\"width\":567,\"height\":142,\"caption\":\"Office de l'Elevage et des Patuages\"},\"image\":{\"@id\":\"https:\/\/www.oep.tn\/#\/schema\/logo\/image\/\"}}]}<\/script>\n<!-- \/ Yoast SEO plugin. -->","yoast_head_json":{"title":"Fiche technique - Office de l&#039;Elevage et des P\u00e2turages","robots":{"index":"index","follow":"follow","max-snippet":"max-snippet:-1","max-image-preview":"max-image-preview:large","max-video-preview":"max-video-preview:-1"},"canonical":"https:\/\/www.oep.tn\/fr\/fiche-technique\/","og_locale":"fr_FR","og_type":"article","og_title":"Fiche technique - Office de l&#039;Elevage et des P\u00e2turages","og_description":"Modernis\u00e9 &#8211; Th\u00e8me Vert \u0645\u0631\u0643\u0632 \u062a\u0646\u0645\u064a\u0629 \u062a\u0631\u0628\u064a\u0629 \u0627\u0644\u0646\u062d\u0644 \u0628\u0627\u0644\u0645\u0631\u064a\u0633\u0629 \u0633\u0644\u0627\u0644\u0629 \u0635\u0642\u0644\u064a \u0635\u0631\u062f\u064a \u0633\u0644\u0627\u0644\u0629 \u0633\u0648\u062f\u0627\u0621 \u062a\u064a\u0628\u0627\u0631 \u0633\u0644\u0627\u0644\u0629 \u0627\u0644\u0646\u062c\u062f\u064a \u0633\u0644\u0627\u0644\u0629 \u0627\u0644\u063a\u0631\u0628\u064a \u0633\u0644\u0627\u0644\u0629 \u0627\u0644\u0623\u063a\u0646\u0627\u0645 \u0627\u0644\u062d\u0644\u0648\u0628 \u0633\u0644\u0627\u0644\u0627\u062a \u0627\u0644\u0623\u0628\u0642\u0627\u0631 \u062f\u0644\u064a\u0644 \u0627\u0644\u0645\u0633\u062a\u062b\u0645\u0631 \u0641\u064a \u062a\u0631\u0628\u064a\u0629 \u0627\u0644\u0646\u062d\u0644 \u062a\u0633\u0645\u064a\u0646 \u0627\u0644\u062e\u0631\u0641\u0627\u0646 \u0627\u0644\u0642\u0648\u0627\u0644\u0628 \u0627\u0644\u0639\u0644\u0641\u064a\u0629","og_url":"https:\/\/www.oep.tn\/fr\/fiche-technique\/","og_site_name":"Office de l&#039;Elevage et des P\u00e2turages","article_modified_time":"2024-12-25T15:08:20+00:00","twitter_card":"summary_large_image","twitter_misc":{"Dur\u00e9e de lecture estim\u00e9e":"1 minute"},"schema":{"@context":"https:\/\/schema.org","@graph":[{"@type":"WebPage","@id":"https:\/\/www.oep.tn\/fr\/fiche-technique\/","url":"https:\/\/www.oep.tn\/fr\/fiche-technique\/","name":"Fiche technique - Office de l&#039;Elevage et des P\u00e2turages","isPartOf":{"@id":"https:\/\/www.oep.tn\/#website"},"datePublished":"2023-03-06T14:36:47+00:00","dateModified":"2024-12-25T15:08:20+00:00","breadcrumb":{"@id":"https:\/\/www.oep.tn\/fr\/fiche-technique\/#breadcrumb"},"inLanguage":"fr-FR","potentialAction":[{"@type":"ReadAction","target":["https:\/\/www.oep.tn\/fr\/fiche-technique\/"]}]},{"@type":"BreadcrumbList","@id":"https:\/\/www.oep.tn\/fr\/fiche-technique\/#breadcrumb","itemListElement":[{"@type":"ListItem","position":1,"name":"Accueil","item":"https:\/\/www.oep.tn\/fr\/"},{"@type":"ListItem","position":2,"name":"Fiche technique"}]},{"@type":"WebSite","@id":"https:\/\/www.oep.tn\/#website","url":"https:\/\/www.oep.tn\/","name":"Office de l'Elevage et des P\u00e2turages","description":"Office de l&#039;Elevage et des P\u00e2turages","publisher":{"@id":"https:\/\/www.oep.tn\/#organization"},"alternateName":"Office de l'Elevage et des P\u00e2turages","potentialAction":[{"@type":"SearchAction","target":{"@type":"EntryPoint","urlTemplate":"https:\/\/www.oep.tn\/?s={search_term_string}"},"query-input":{"@type":"PropertyValueSpecification","valueRequired":true,"valueName":"search_term_string"}}],"inLanguage":"fr-FR"},{"@type":"Organization","@id":"https:\/\/www.oep.tn\/#organization","name":"Office de l'Elevage et des Patuages","url":"https:\/\/www.oep.tn\/","logo":{"@type":"ImageObject","inLanguage":"fr-FR","@id":"https:\/\/www.oep.tn\/#\/schema\/logo\/image\/","url":"https:\/\/www.oep.tn\/wp-content\/uploads\/2022\/11\/logo-oep-arabe-2.png","contentUrl":"https:\/\/www.oep.tn\/wp-content\/uploads\/2022\/11\/logo-oep-arabe-2.png","width":567,"height":142,"caption":"Office de l'Elevage et des Patuages"},"image":{"@id":"https:\/\/www.oep.tn\/#\/schema\/logo\/image\/"}}]}},"_links":{"self":[{"href":"https:\/\/www.oep.tn\/fr\/wp-json\/wp\/v2\/pages\/3149","targetHints":{"allow":["GET"]}}],"collection":[{"href":"https:\/\/www.oep.tn\/fr\/wp-json\/wp\/v2\/pages"}],"about":[{"href":"https:\/\/www.oep.tn\/fr\/wp-json\/wp\/v2\/types\/page"}],"author":[{"embeddable":true,"href":"https:\/\/www.oep.tn\/fr\/wp-json\/wp\/v2\/users\/1"}],"replies":[{"embeddable":true,"href":"https:\/\/www.oep.tn\/fr\/wp-json\/wp\/v2\/comments?post=3149"}],"version-history":[{"count":4,"href":"https:\/\/www.oep.tn\/fr\/wp-json\/wp\/v2\/pages\/3149\/revisions"}],"predecessor-version":[{"id":4571,"href":"https:\/\/www.oep.tn\/fr\/wp-json\/wp\/v2\/pages\/3149\/revisions\/4571"}],"wp:attachment":[{"href":"https:\/\/www.oep.tn\/fr\/wp-json\/wp\/v2\/media?parent=3149"}],"curies":[{"name":"wp","href":"https:\/\/api.w.org\/{rel}","templated":true}]}}