


































































{"id":4562,"date":"2024-12-25T16:01:44","date_gmt":"2024-12-25T15:01:44","guid":{"rendered":"https:\/\/www.oep.tn\/?page_id=4562"},"modified":"2024-12-25T16:01:45","modified_gmt":"2024-12-25T15:01:45","slug":"referentiel-technique-2","status":"publish","type":"page","link":"https:\/\/www.oep.tn\/fr\/referentiel-technique-2\/","title":{"rendered":"R\u00e9f\u00e9rentiel technique 2"},"content":{"rendered":"\n<!DOCTYPE html>\n<html lang=\"en\">\n<head>\n  <meta charset=\"UTF-8\">\n  <meta name=\"viewport\" content=\"width=device-width, initial-scale=1.0\">\n  <title>Modernis\u00e9 &#8211; Th\u00e8me Vert<\/title>\n  <link rel=\"stylesheet\" href=\"https:\/\/cdnjs.cloudflare.com\/ajax\/libs\/font-awesome\/6.0.0-beta3\/css\/all.min.css\">\n  \n  <style>\n    \/* Styles g\u00e9n\u00e9raux *\/\n    body {\n      margin: 0;\n      padding: 0;\n      font-family: 'Arial', sans-serif;\n      background-color: #f0f4f0;\n    }\n\n    .columns {\n      display: flex;\n      flex-direction: column; \/* Alignement vertical *\/\n      justify-content: center;\n      align-items: center; \/* Centrer les \u00e9l\u00e9ments *\/\n      gap: 20px;\n      padding: 40px;\n    }\n\n    .card {\n      width: 80%; \/* Largeur de la carte r\u00e9duite pour s'adapter \u00e0 l'\u00e9cran *\/\n      background-color: #ffffff;\n      border-radius: 8px;\n      border: 2px solid #0d6f36;\n      box-shadow: 0px 4px 10px rgba(0, 0, 0, 0.1);\n      transition: transform 0.3s, box-shadow 0.3s;\n      text-decoration: none;\n      color: #000;\n      display: flex;\n      align-items: center;\n      padding: 15px;\n      gap: 10px;\n    }\n\n    \/* Effet au survol *\/\n    .card:hover {\n      transform: scale(1.05);\n      box-shadow: 0px 8px 20px rgba(0, 0, 0, 0.2);\n      border-color: #17a051;\n    }\n\n    .card i {\n      font-size: 40px;\n      color: #0d6f36;\n    }\n\n    .card h3 {\n      font-size: 18px;\n      margin: 0;\n      font-weight: 500;\n      text-align: center;\n    }\n\n    \/* Responsive: ajuster la taille des titres *\/\n    @media (max-width: 768px) {\n      .card {\n        width: 90%; \/* Ajuster la largeur sur les petits \u00e9crans *\/\n      }\n\n      .card h3 {\n        font-size: 16px; \/* R\u00e9duire la taille des titres sur petits \u00e9crans *\/\n      }\n    }\n\n    \/* Ajuster la taille des titres sur les grands \u00e9crans *\/\n    @media (min-width: 1200px) {\n      .card h3 {\n        font-size: 22px; \/* Augmenter la taille des titres sur grands \u00e9crans *\/\n      }\n    }\n\n  <\/style>\n<\/head>\n<body>\n\n<div class=\"columns\">\n  <a class=\"card\" href=\"https:\/\/www.oep.tn\/wp-content\/uploads\/2023\/03\/rapport-activite-office-de-lelevage-et-des-paturages-2020-vf.pdf\" target=\"_blank\" rel=\"noopener\">\n    <i class=\"fa-solid fa-file-pdf\"><\/i>\n    <h6>Rapport activit\u00e9 office de l&#8217;\u00e9levage et des paturages 2020-vf<\/h6>\n  <\/a>\n\n  <a class=\"card\" href=\"https:\/\/www.oep.tn\/wp-content\/uploads\/2023\/03\/Livret-OEP-francais-2021.pdf\" target=\"_blank\" rel=\"noopener\">\n    <i class=\"fa-solid fa-file-pdf\"><\/i>\n    <h3>Livret OEP<\/h3>\n  <\/a>\n\n  <a class=\"card\" href=\"https:\/\/www.oep.tn\/wp-content\/uploads\/2023\/03\/domaines-de-competence-de-lOEP.pdf\" target=\"_blank\" rel=\"noopener\">\n    <i class=\"fa-solid fa-file-pdf\"><\/i>\n    <h3>Domaines de comp\u00e9tence de l&#8217;OEP<\/h3>\n  <\/a>\n<\/div>\n\n<\/body>\n<\/html>\n","protected":false},"excerpt":{"rendered":"<p>Modernis\u00e9 &#8211; Th\u00e8me Vert Rapport activit\u00e9 office de l&#8217;\u00e9levage et des paturages 2020-vf Livret OEP Domaines de comp\u00e9tence de l&#8217;OEP<\/p>\n","protected":false},"author":2,"featured_media":0,"parent":0,"menu_order":0,"comment_status":"closed","ping_status":"closed","template":"","meta":{"_themeisle_gutenberg_block_has_review":false,"footnotes":""},"class_list":["post-4562","page","type-page","status-publish","hentry"],"yoast_head":"<!-- This site is optimized with the Yoast SEO plugin v26.0 - https:\/\/yoast.com\/wordpress\/plugins\/seo\/ -->\n<title>R\u00e9f\u00e9rentiel technique 2 - Office de l&#039;Elevage et des P\u00e2turages<\/title>\n<meta name=\"robots\" content=\"index, follow, max-snippet:-1, max-image-preview:large, max-video-preview:-1\" \/>\n<link rel=\"canonical\" href=\"https:\/\/www.oep.tn\/fr\/referentiel-technique-2\/\" \/>\n<meta property=\"og:locale\" content=\"fr_FR\" \/>\n<meta property=\"og:type\" content=\"article\" \/>\n<meta property=\"og:title\" content=\"R\u00e9f\u00e9rentiel technique 2 - Office de l&#039;Elevage et des P\u00e2turages\" \/>\n<meta property=\"og:description\" content=\"Modernis\u00e9 &#8211; Th\u00e8me Vert Rapport activit\u00e9 office de l&#8217;\u00e9levage et des paturages 2020-vf Livret OEP Domaines de comp\u00e9tence de l&#8217;OEP\" \/>\n<meta property=\"og:url\" content=\"https:\/\/www.oep.tn\/fr\/referentiel-technique-2\/\" \/>\n<meta property=\"og:site_name\" content=\"Office de l&#039;Elevage et des P\u00e2turages\" \/>\n<meta property=\"article:modified_time\" content=\"2024-12-25T15:01:45+00:00\" \/>\n<meta name=\"twitter:card\" content=\"summary_large_image\" \/>\n<meta name=\"twitter:label1\" content=\"Dur\u00e9e de lecture estim\u00e9e\" \/>\n\t<meta name=\"twitter:data1\" content=\"1 minute\" \/>\n<script type=\"application\/ld+json\" class=\"yoast-schema-graph\">{\"@context\":\"https:\/\/schema.org\",\"@graph\":[{\"@type\":\"WebPage\",\"@id\":\"https:\/\/www.oep.tn\/fr\/referentiel-technique-2\/\",\"url\":\"https:\/\/www.oep.tn\/fr\/referentiel-technique-2\/\",\"name\":\"R\u00e9f\u00e9rentiel technique 2 - Office de l&#039;Elevage et des P\u00e2turages\",\"isPartOf\":{\"@id\":\"https:\/\/www.oep.tn\/#website\"},\"datePublished\":\"2024-12-25T15:01:44+00:00\",\"dateModified\":\"2024-12-25T15:01:45+00:00\",\"breadcrumb\":{\"@id\":\"https:\/\/www.oep.tn\/fr\/referentiel-technique-2\/#breadcrumb\"},\"inLanguage\":\"fr-FR\",\"potentialAction\":[{\"@type\":\"ReadAction\",\"target\":[\"https:\/\/www.oep.tn\/fr\/referentiel-technique-2\/\"]}]},{\"@type\":\"BreadcrumbList\",\"@id\":\"https:\/\/www.oep.tn\/fr\/referentiel-technique-2\/#breadcrumb\",\"itemListElement\":[{\"@type\":\"ListItem\",\"position\":1,\"name\":\"Accueil\",\"item\":\"https:\/\/www.oep.tn\/fr\/\"},{\"@type\":\"ListItem\",\"position\":2,\"name\":\"R\u00e9f\u00e9rentiel technique 2\"}]},{\"@type\":\"WebSite\",\"@id\":\"https:\/\/www.oep.tn\/#website\",\"url\":\"https:\/\/www.oep.tn\/\",\"name\":\"Office de l'Elevage et des P\u00e2turages\",\"description\":\"Office de l&#039;Elevage et des P\u00e2turages\",\"publisher\":{\"@id\":\"https:\/\/www.oep.tn\/#organization\"},\"alternateName\":\"Office de l'Elevage et des P\u00e2turages\",\"potentialAction\":[{\"@type\":\"SearchAction\",\"target\":{\"@type\":\"EntryPoint\",\"urlTemplate\":\"https:\/\/www.oep.tn\/?s={search_term_string}\"},\"query-input\":{\"@type\":\"PropertyValueSpecification\",\"valueRequired\":true,\"valueName\":\"search_term_string\"}}],\"inLanguage\":\"fr-FR\"},{\"@type\":\"Organization\",\"@id\":\"https:\/\/www.oep.tn\/#organization\",\"name\":\"Office de l'Elevage et des Patuages\",\"url\":\"https:\/\/www.oep.tn\/\",\"logo\":{\"@type\":\"ImageObject\",\"inLanguage\":\"fr-FR\",\"@id\":\"https:\/\/www.oep.tn\/#\/schema\/logo\/image\/\",\"url\":\"https:\/\/www.oep.tn\/wp-content\/uploads\/2022\/11\/logo-oep-arabe-2.png\",\"contentUrl\":\"https:\/\/www.oep.tn\/wp-content\/uploads\/2022\/11\/logo-oep-arabe-2.png\",\"width\":567,\"height\":142,\"caption\":\"Office de l'Elevage et des Patuages\"},\"image\":{\"@id\":\"https:\/\/www.oep.tn\/#\/schema\/logo\/image\/\"}}]}<\/script>\n<!-- \/ Yoast SEO plugin. -->","yoast_head_json":{"title":"R\u00e9f\u00e9rentiel technique 2 - Office de l&#039;Elevage et des P\u00e2turages","robots":{"index":"index","follow":"follow","max-snippet":"max-snippet:-1","max-image-preview":"max-image-preview:large","max-video-preview":"max-video-preview:-1"},"canonical":"https:\/\/www.oep.tn\/fr\/referentiel-technique-2\/","og_locale":"fr_FR","og_type":"article","og_title":"R\u00e9f\u00e9rentiel technique 2 - Office de l&#039;Elevage et des P\u00e2turages","og_description":"Modernis\u00e9 &#8211; Th\u00e8me Vert Rapport activit\u00e9 office de l&#8217;\u00e9levage et des paturages 2020-vf Livret OEP Domaines de comp\u00e9tence de l&#8217;OEP","og_url":"https:\/\/www.oep.tn\/fr\/referentiel-technique-2\/","og_site_name":"Office de l&#039;Elevage et des P\u00e2turages","article_modified_time":"2024-12-25T15:01:45+00:00","twitter_card":"summary_large_image","twitter_misc":{"Dur\u00e9e de lecture estim\u00e9e":"1 minute"},"schema":{"@context":"https:\/\/schema.org","@graph":[{"@type":"WebPage","@id":"https:\/\/www.oep.tn\/fr\/referentiel-technique-2\/","url":"https:\/\/www.oep.tn\/fr\/referentiel-technique-2\/","name":"R\u00e9f\u00e9rentiel technique 2 - Office de l&#039;Elevage et des P\u00e2turages","isPartOf":{"@id":"https:\/\/www.oep.tn\/#website"},"datePublished":"2024-12-25T15:01:44+00:00","dateModified":"2024-12-25T15:01:45+00:00","breadcrumb":{"@id":"https:\/\/www.oep.tn\/fr\/referentiel-technique-2\/#breadcrumb"},"inLanguage":"fr-FR","potentialAction":[{"@type":"ReadAction","target":["https:\/\/www.oep.tn\/fr\/referentiel-technique-2\/"]}]},{"@type":"BreadcrumbList","@id":"https:\/\/www.oep.tn\/fr\/referentiel-technique-2\/#breadcrumb","itemListElement":[{"@type":"ListItem","position":1,"name":"Accueil","item":"https:\/\/www.oep.tn\/fr\/"},{"@type":"ListItem","position":2,"name":"R\u00e9f\u00e9rentiel technique 2"}]},{"@type":"WebSite","@id":"https:\/\/www.oep.tn\/#website","url":"https:\/\/www.oep.tn\/","name":"Office de l'Elevage et des P\u00e2turages","description":"Office de l&#039;Elevage et des P\u00e2turages","publisher":{"@id":"https:\/\/www.oep.tn\/#organization"},"alternateName":"Office de l'Elevage et des P\u00e2turages","potentialAction":[{"@type":"SearchAction","target":{"@type":"EntryPoint","urlTemplate":"https:\/\/www.oep.tn\/?s={search_term_string}"},"query-input":{"@type":"PropertyValueSpecification","valueRequired":true,"valueName":"search_term_string"}}],"inLanguage":"fr-FR"},{"@type":"Organization","@id":"https:\/\/www.oep.tn\/#organization","name":"Office de l'Elevage et des Patuages","url":"https:\/\/www.oep.tn\/","logo":{"@type":"ImageObject","inLanguage":"fr-FR","@id":"https:\/\/www.oep.tn\/#\/schema\/logo\/image\/","url":"https:\/\/www.oep.tn\/wp-content\/uploads\/2022\/11\/logo-oep-arabe-2.png","contentUrl":"https:\/\/www.oep.tn\/wp-content\/uploads\/2022\/11\/logo-oep-arabe-2.png","width":567,"height":142,"caption":"Office de l'Elevage et des Patuages"},"image":{"@id":"https:\/\/www.oep.tn\/#\/schema\/logo\/image\/"}}]}},"_links":{"self":[{"href":"https:\/\/www.oep.tn\/fr\/wp-json\/wp\/v2\/pages\/4562","targetHints":{"allow":["GET"]}}],"collection":[{"href":"https:\/\/www.oep.tn\/fr\/wp-json\/wp\/v2\/pages"}],"about":[{"href":"https:\/\/www.oep.tn\/fr\/wp-json\/wp\/v2\/types\/page"}],"author":[{"embeddable":true,"href":"https:\/\/www.oep.tn\/fr\/wp-json\/wp\/v2\/users\/2"}],"replies":[{"embeddable":true,"href":"https:\/\/www.oep.tn\/fr\/wp-json\/wp\/v2\/comments?post=4562"}],"version-history":[{"count":1,"href":"https:\/\/www.oep.tn\/fr\/wp-json\/wp\/v2\/pages\/4562\/revisions"}],"predecessor-version":[{"id":4563,"href":"https:\/\/www.oep.tn\/fr\/wp-json\/wp\/v2\/pages\/4562\/revisions\/4563"}],"wp:attachment":[{"href":"https:\/\/www.oep.tn\/fr\/wp-json\/wp\/v2\/media?parent=4562"}],"curies":[{"name":"wp","href":"https:\/\/api.w.org\/{rel}","templated":true}]}}