


































































{"id":4940,"date":"2025-02-11T15:51:06","date_gmt":"2025-02-11T14:51:06","guid":{"rendered":"https:\/\/www.oep.tn\/?page_id=4940"},"modified":"2025-02-11T15:51:06","modified_gmt":"2025-02-11T14:51:06","slug":"direction-generale","status":"publish","type":"page","link":"https:\/\/www.oep.tn\/fr\/direction-generale\/","title":{"rendered":"Direction G\u00e9n\u00e9rale"},"content":{"rendered":"\n<figure class=\"wp-block-table is-style-regular\"><table class=\"has-thr-bg-background-color has-background\"><tbody><tr><td class=\"has-text-align-center\" data-align=\"center\">Direction<\/td><td class=\"has-text-align-center\" data-align=\"center\">Adresse<\/td><td class=\"has-text-align-center\" data-align=\"center\">T\u00e9l<\/td><td class=\"has-text-align-center\" data-align=\"center\">Fax<\/td><td class=\"has-text-align-center\" data-align=\"center\">Email<\/td><\/tr><tr><td class=\"has-text-align-center\" data-align=\"center\">Directeur G\u00e9n\u00e9ral<\/td><td class=\"has-text-align-center\" data-align=\"center\" rowspan=\"2\">30, Rue Alain Savary 1002 tunis<\/td><td class=\"has-text-align-center\" data-align=\"center\">71 787 813<\/td><td class=\"has-text-align-center\" data-align=\"center\" rowspan=\"2\">71&nbsp;793 603<\/td><td class=\"has-text-align-center\" data-align=\"center\">dg@oep.tn<\/td><\/tr><tr><td class=\"has-text-align-center\" data-align=\"center\">Directeur G\u00e9n\u00e9ral Adjoint<\/td><td class=\"has-text-align-center\" data-align=\"center\">71&nbsp;892 693<\/td><td class=\"has-text-align-center\" data-align=\"center\">dga@oep.tn<\/td><\/tr><\/tbody><\/table><\/figure>\n\n\n\n<p><\/p>\n","protected":false},"excerpt":{"rendered":"<p>Direction Adresse T\u00e9l Fax Email Directeur G\u00e9n\u00e9ral 30, Rue Alain Savary 1002 tunis 71 787 813 71&nbsp;793 603 dg@oep.tn Directeur G\u00e9n\u00e9ral Adjoint 71&nbsp;892 693 dga@oep.tn<\/p>\n","protected":false},"author":2,"featured_media":0,"parent":0,"menu_order":0,"comment_status":"closed","ping_status":"closed","template":"","meta":{"_themeisle_gutenberg_block_has_review":false,"footnotes":""},"class_list":["post-4940","page","type-page","status-publish","hentry"],"yoast_head":"<!-- This site is optimized with the Yoast SEO plugin v26.0 - https:\/\/yoast.com\/wordpress\/plugins\/seo\/ -->\n<title>Direction G\u00e9n\u00e9rale - Office de l&#039;Elevage et des P\u00e2turages<\/title>\n<meta name=\"robots\" content=\"index, follow, max-snippet:-1, max-image-preview:large, max-video-preview:-1\" \/>\n<link rel=\"canonical\" href=\"https:\/\/www.oep.tn\/fr\/direction-generale\/\" \/>\n<meta property=\"og:locale\" content=\"fr_FR\" \/>\n<meta property=\"og:type\" content=\"article\" \/>\n<meta property=\"og:title\" content=\"Direction G\u00e9n\u00e9rale - Office de l&#039;Elevage et des P\u00e2turages\" \/>\n<meta property=\"og:description\" content=\"Direction Adresse T\u00e9l Fax Email Directeur G\u00e9n\u00e9ral 30, Rue Alain Savary 1002 tunis 71 787 813 71&nbsp;793 603 dg@oep.tn Directeur G\u00e9n\u00e9ral Adjoint 71&nbsp;892 693 dga@oep.tn\" \/>\n<meta property=\"og:url\" content=\"https:\/\/www.oep.tn\/fr\/direction-generale\/\" \/>\n<meta property=\"og:site_name\" content=\"Office de l&#039;Elevage et des P\u00e2turages\" \/>\n<meta name=\"twitter:card\" content=\"summary_large_image\" \/>\n<script type=\"application\/ld+json\" class=\"yoast-schema-graph\">{\"@context\":\"https:\/\/schema.org\",\"@graph\":[{\"@type\":\"WebPage\",\"@id\":\"https:\/\/www.oep.tn\/fr\/direction-generale\/\",\"url\":\"https:\/\/www.oep.tn\/fr\/direction-generale\/\",\"name\":\"Direction G\u00e9n\u00e9rale - Office de l&#039;Elevage et des P\u00e2turages\",\"isPartOf\":{\"@id\":\"https:\/\/www.oep.tn\/#website\"},\"datePublished\":\"2025-02-11T14:51:06+00:00\",\"breadcrumb\":{\"@id\":\"https:\/\/www.oep.tn\/fr\/direction-generale\/#breadcrumb\"},\"inLanguage\":\"fr-FR\",\"potentialAction\":[{\"@type\":\"ReadAction\",\"target\":[\"https:\/\/www.oep.tn\/fr\/direction-generale\/\"]}]},{\"@type\":\"BreadcrumbList\",\"@id\":\"https:\/\/www.oep.tn\/fr\/direction-generale\/#breadcrumb\",\"itemListElement\":[{\"@type\":\"ListItem\",\"position\":1,\"name\":\"Accueil\",\"item\":\"https:\/\/www.oep.tn\/fr\/\"},{\"@type\":\"ListItem\",\"position\":2,\"name\":\"Direction G\u00e9n\u00e9rale\"}]},{\"@type\":\"WebSite\",\"@id\":\"https:\/\/www.oep.tn\/#website\",\"url\":\"https:\/\/www.oep.tn\/\",\"name\":\"Office de l'Elevage et des P\u00e2turages\",\"description\":\"Office de l&#039;Elevage et des P\u00e2turages\",\"publisher\":{\"@id\":\"https:\/\/www.oep.tn\/#organization\"},\"alternateName\":\"Office de l'Elevage et des P\u00e2turages\",\"potentialAction\":[{\"@type\":\"SearchAction\",\"target\":{\"@type\":\"EntryPoint\",\"urlTemplate\":\"https:\/\/www.oep.tn\/?s={search_term_string}\"},\"query-input\":{\"@type\":\"PropertyValueSpecification\",\"valueRequired\":true,\"valueName\":\"search_term_string\"}}],\"inLanguage\":\"fr-FR\"},{\"@type\":\"Organization\",\"@id\":\"https:\/\/www.oep.tn\/#organization\",\"name\":\"Office de l'Elevage et des Patuages\",\"url\":\"https:\/\/www.oep.tn\/\",\"logo\":{\"@type\":\"ImageObject\",\"inLanguage\":\"fr-FR\",\"@id\":\"https:\/\/www.oep.tn\/#\/schema\/logo\/image\/\",\"url\":\"https:\/\/www.oep.tn\/wp-content\/uploads\/2022\/11\/logo-oep-arabe-2.png\",\"contentUrl\":\"https:\/\/www.oep.tn\/wp-content\/uploads\/2022\/11\/logo-oep-arabe-2.png\",\"width\":567,\"height\":142,\"caption\":\"Office de l'Elevage et des Patuages\"},\"image\":{\"@id\":\"https:\/\/www.oep.tn\/#\/schema\/logo\/image\/\"}}]}<\/script>\n<!-- \/ Yoast SEO plugin. -->","yoast_head_json":{"title":"Direction G\u00e9n\u00e9rale - Office de l&#039;Elevage et des P\u00e2turages","robots":{"index":"index","follow":"follow","max-snippet":"max-snippet:-1","max-image-preview":"max-image-preview:large","max-video-preview":"max-video-preview:-1"},"canonical":"https:\/\/www.oep.tn\/fr\/direction-generale\/","og_locale":"fr_FR","og_type":"article","og_title":"Direction G\u00e9n\u00e9rale - Office de l&#039;Elevage et des P\u00e2turages","og_description":"Direction Adresse T\u00e9l Fax Email Directeur G\u00e9n\u00e9ral 30, Rue Alain Savary 1002 tunis 71 787 813 71&nbsp;793 603 dg@oep.tn Directeur G\u00e9n\u00e9ral Adjoint 71&nbsp;892 693 dga@oep.tn","og_url":"https:\/\/www.oep.tn\/fr\/direction-generale\/","og_site_name":"Office de l&#039;Elevage et des P\u00e2turages","twitter_card":"summary_large_image","schema":{"@context":"https:\/\/schema.org","@graph":[{"@type":"WebPage","@id":"https:\/\/www.oep.tn\/fr\/direction-generale\/","url":"https:\/\/www.oep.tn\/fr\/direction-generale\/","name":"Direction G\u00e9n\u00e9rale - Office de l&#039;Elevage et des P\u00e2turages","isPartOf":{"@id":"https:\/\/www.oep.tn\/#website"},"datePublished":"2025-02-11T14:51:06+00:00","breadcrumb":{"@id":"https:\/\/www.oep.tn\/fr\/direction-generale\/#breadcrumb"},"inLanguage":"fr-FR","potentialAction":[{"@type":"ReadAction","target":["https:\/\/www.oep.tn\/fr\/direction-generale\/"]}]},{"@type":"BreadcrumbList","@id":"https:\/\/www.oep.tn\/fr\/direction-generale\/#breadcrumb","itemListElement":[{"@type":"ListItem","position":1,"name":"Accueil","item":"https:\/\/www.oep.tn\/fr\/"},{"@type":"ListItem","position":2,"name":"Direction G\u00e9n\u00e9rale"}]},{"@type":"WebSite","@id":"https:\/\/www.oep.tn\/#website","url":"https:\/\/www.oep.tn\/","name":"Office de l'Elevage et des P\u00e2turages","description":"Office de l&#039;Elevage et des P\u00e2turages","publisher":{"@id":"https:\/\/www.oep.tn\/#organization"},"alternateName":"Office de l'Elevage et des P\u00e2turages","potentialAction":[{"@type":"SearchAction","target":{"@type":"EntryPoint","urlTemplate":"https:\/\/www.oep.tn\/?s={search_term_string}"},"query-input":{"@type":"PropertyValueSpecification","valueRequired":true,"valueName":"search_term_string"}}],"inLanguage":"fr-FR"},{"@type":"Organization","@id":"https:\/\/www.oep.tn\/#organization","name":"Office de l'Elevage et des Patuages","url":"https:\/\/www.oep.tn\/","logo":{"@type":"ImageObject","inLanguage":"fr-FR","@id":"https:\/\/www.oep.tn\/#\/schema\/logo\/image\/","url":"https:\/\/www.oep.tn\/wp-content\/uploads\/2022\/11\/logo-oep-arabe-2.png","contentUrl":"https:\/\/www.oep.tn\/wp-content\/uploads\/2022\/11\/logo-oep-arabe-2.png","width":567,"height":142,"caption":"Office de l'Elevage et des Patuages"},"image":{"@id":"https:\/\/www.oep.tn\/#\/schema\/logo\/image\/"}}]}},"_links":{"self":[{"href":"https:\/\/www.oep.tn\/fr\/wp-json\/wp\/v2\/pages\/4940","targetHints":{"allow":["GET"]}}],"collection":[{"href":"https:\/\/www.oep.tn\/fr\/wp-json\/wp\/v2\/pages"}],"about":[{"href":"https:\/\/www.oep.tn\/fr\/wp-json\/wp\/v2\/types\/page"}],"author":[{"embeddable":true,"href":"https:\/\/www.oep.tn\/fr\/wp-json\/wp\/v2\/users\/2"}],"replies":[{"embeddable":true,"href":"https:\/\/www.oep.tn\/fr\/wp-json\/wp\/v2\/comments?post=4940"}],"version-history":[{"count":4,"href":"https:\/\/www.oep.tn\/fr\/wp-json\/wp\/v2\/pages\/4940\/revisions"}],"predecessor-version":[{"id":4962,"href":"https:\/\/www.oep.tn\/fr\/wp-json\/wp\/v2\/pages\/4940\/revisions\/4962"}],"wp:attachment":[{"href":"https:\/\/www.oep.tn\/fr\/wp-json\/wp\/v2\/media?parent=4940"}],"curies":[{"name":"wp","href":"https:\/\/api.w.org\/{rel}","templated":true}]}}