


































































{"id":4946,"date":"2025-02-11T15:55:53","date_gmt":"2025-02-11T14:55:53","guid":{"rendered":"https:\/\/www.oep.tn\/?page_id=4946"},"modified":"2025-02-11T15:55:53","modified_gmt":"2025-02-11T14:55:53","slug":"directions-centrales","status":"publish","type":"page","link":"https:\/\/www.oep.tn\/fr\/directions-centrales\/","title":{"rendered":"Directions Centrales"},"content":{"rendered":"\n<figure class=\"wp-block-table\"><table class=\"has-fixed-layout\"><tbody><tr><td class=\"has-text-align-center\" data-align=\"center\">Direction<\/td><td class=\"has-text-align-center\" data-align=\"center\">Adresse<\/td><td class=\"has-text-align-center\" data-align=\"center\">T\u00e9l<\/td><td>Fax<\/td><td>Email<\/td><\/tr><tr><td class=\"has-text-align-center\" data-align=\"center\">Direction des Ressources Humaines et Services Communs<\/td><td class=\"has-text-align-center\" data-align=\"center\" rowspan=\"7\">30, Rue Alain Savary 1002 tunis<\/td><td class=\"has-text-align-center\" data-align=\"center\">71&nbsp;797 523<\/td><td rowspan=\"7\">71&nbsp;793 603<\/td><td>drh@oep.tn<\/td><\/tr><tr><td class=\"has-text-align-center\" data-align=\"center\">Direction Financi\u00e8re et Comptable<\/td><td class=\"has-text-align-center\" data-align=\"center\">71&nbsp;287 594<\/td><td class=\"has-text-align-center\" data-align=\"center\">dfc@oep.tn<\/td><\/tr><tr><td class=\"has-text-align-center\" data-align=\"center\">Direction Informatique, Organisation et M\u00e9thodes<\/td><td class=\"has-text-align-center\" data-align=\"center\">71&nbsp;287 063<\/td><td class=\"has-text-align-center\" data-align=\"center\">diom@oep.tn<\/td><\/tr><tr><td class=\"has-text-align-center\" data-align=\"center\">Direction de l\u2019Evaluation et de Suivi du Secteur<\/td><td class=\"has-text-align-center\" data-align=\"center\">71&nbsp;289 828<\/td><td class=\"has-text-align-center\" data-align=\"center\">des@oep.tn<\/td><\/tr><tr><td class=\"has-text-align-center\" data-align=\"center\">Direction de la Promotion de la Profession et l\u2019Encadrement des R\u00e9gions<\/td><td class=\"has-text-align-center\" data-align=\"center\">71&nbsp;289 814<\/td><td class=\"has-text-align-center\" data-align=\"center\">dpr@oep.tn<\/td><\/tr><tr><td class=\"has-text-align-center\" data-align=\"center\">Direction des Ressources Fourrag\u00e8res et Pastorales<\/td><td class=\"has-text-align-center\" data-align=\"center\">71&nbsp;790 431<\/td><td class=\"has-text-align-center\" data-align=\"center\">Drf@oep.tn<\/td><\/tr><tr><td class=\"has-text-align-center\" data-align=\"center\">Direction de D\u00e9veloppement de l\u2019Elevage Intensif<\/td><td class=\"has-text-align-center\" data-align=\"center\">71&nbsp;289 375<\/td><td class=\"has-text-align-center\" data-align=\"center\">dei@oep.tn<\/td><\/tr><tr><td class=\"has-text-align-center\" data-align=\"center\">Direction de l\u2019Am\u00e9lioration G\u00e9n\u00e9tique<\/td><td class=\"has-text-align-center\" data-align=\"center\">Route de la d\u00e9l\u00e9gation, BP 13, CP 2022 Sidi Thabet<\/td><td class=\"has-text-align-center\" data-align=\"center\">71&nbsp;552 125<\/td><td>71&nbsp;552 332<\/td><td>dag@oep.tn<\/td><\/tr><\/tbody><\/table><\/figure>\n","protected":false},"excerpt":{"rendered":"<p>Direction Adresse T\u00e9l Fax Email Direction des Ressources Humaines et Services Communs 30, Rue Alain Savary 1002 tunis 71&nbsp;797 523 71&nbsp;793 603 drh@oep.tn Direction Financi\u00e8re et Comptable 71&nbsp;287 594 dfc@oep.tn Direction Informatique, Organisation et M\u00e9thodes 71&nbsp;287 063 diom@oep.tn Direction de l\u2019Evaluation et de Suivi du Secteur 71&nbsp;289 828 des@oep.tn Direction de la Promotion de la [&hellip;]<\/p>\n","protected":false},"author":2,"featured_media":0,"parent":0,"menu_order":0,"comment_status":"closed","ping_status":"closed","template":"","meta":{"_themeisle_gutenberg_block_has_review":false,"footnotes":""},"class_list":["post-4946","page","type-page","status-publish","hentry"],"yoast_head":"<!-- This site is optimized with the Yoast SEO plugin v26.0 - https:\/\/yoast.com\/wordpress\/plugins\/seo\/ -->\n<title>Directions Centrales - Office de l&#039;Elevage et des P\u00e2turages<\/title>\n<meta name=\"robots\" content=\"index, follow, max-snippet:-1, max-image-preview:large, max-video-preview:-1\" \/>\n<link rel=\"canonical\" href=\"https:\/\/www.oep.tn\/fr\/directions-centrales\/\" \/>\n<meta property=\"og:locale\" content=\"fr_FR\" \/>\n<meta property=\"og:type\" content=\"article\" \/>\n<meta property=\"og:title\" content=\"Directions Centrales - Office de l&#039;Elevage et des P\u00e2turages\" \/>\n<meta property=\"og:description\" content=\"Direction Adresse T\u00e9l Fax Email Direction des Ressources Humaines et Services Communs 30, Rue Alain Savary 1002 tunis 71&nbsp;797 523 71&nbsp;793 603 drh@oep.tn Direction Financi\u00e8re et Comptable 71&nbsp;287 594 dfc@oep.tn Direction Informatique, Organisation et M\u00e9thodes 71&nbsp;287 063 diom@oep.tn Direction de l\u2019Evaluation et de Suivi du Secteur 71&nbsp;289 828 des@oep.tn Direction de la Promotion de la [&hellip;]\" \/>\n<meta property=\"og:url\" content=\"https:\/\/www.oep.tn\/fr\/directions-centrales\/\" \/>\n<meta property=\"og:site_name\" content=\"Office de l&#039;Elevage et des P\u00e2turages\" \/>\n<meta name=\"twitter:card\" content=\"summary_large_image\" \/>\n<meta name=\"twitter:label1\" content=\"Dur\u00e9e de lecture estim\u00e9e\" \/>\n\t<meta name=\"twitter:data1\" content=\"1 minute\" \/>\n<script type=\"application\/ld+json\" class=\"yoast-schema-graph\">{\"@context\":\"https:\/\/schema.org\",\"@graph\":[{\"@type\":\"WebPage\",\"@id\":\"https:\/\/www.oep.tn\/fr\/directions-centrales\/\",\"url\":\"https:\/\/www.oep.tn\/fr\/directions-centrales\/\",\"name\":\"Directions Centrales - Office de l&#039;Elevage et des P\u00e2turages\",\"isPartOf\":{\"@id\":\"https:\/\/www.oep.tn\/#website\"},\"datePublished\":\"2025-02-11T14:55:53+00:00\",\"breadcrumb\":{\"@id\":\"https:\/\/www.oep.tn\/fr\/directions-centrales\/#breadcrumb\"},\"inLanguage\":\"fr-FR\",\"potentialAction\":[{\"@type\":\"ReadAction\",\"target\":[\"https:\/\/www.oep.tn\/fr\/directions-centrales\/\"]}]},{\"@type\":\"BreadcrumbList\",\"@id\":\"https:\/\/www.oep.tn\/fr\/directions-centrales\/#breadcrumb\",\"itemListElement\":[{\"@type\":\"ListItem\",\"position\":1,\"name\":\"Accueil\",\"item\":\"https:\/\/www.oep.tn\/fr\/\"},{\"@type\":\"ListItem\",\"position\":2,\"name\":\"Directions Centrales\"}]},{\"@type\":\"WebSite\",\"@id\":\"https:\/\/www.oep.tn\/#website\",\"url\":\"https:\/\/www.oep.tn\/\",\"name\":\"Office de l'Elevage et des P\u00e2turages\",\"description\":\"Office de l&#039;Elevage et des P\u00e2turages\",\"publisher\":{\"@id\":\"https:\/\/www.oep.tn\/#organization\"},\"alternateName\":\"Office de l'Elevage et des P\u00e2turages\",\"potentialAction\":[{\"@type\":\"SearchAction\",\"target\":{\"@type\":\"EntryPoint\",\"urlTemplate\":\"https:\/\/www.oep.tn\/?s={search_term_string}\"},\"query-input\":{\"@type\":\"PropertyValueSpecification\",\"valueRequired\":true,\"valueName\":\"search_term_string\"}}],\"inLanguage\":\"fr-FR\"},{\"@type\":\"Organization\",\"@id\":\"https:\/\/www.oep.tn\/#organization\",\"name\":\"Office de l'Elevage et des Patuages\",\"url\":\"https:\/\/www.oep.tn\/\",\"logo\":{\"@type\":\"ImageObject\",\"inLanguage\":\"fr-FR\",\"@id\":\"https:\/\/www.oep.tn\/#\/schema\/logo\/image\/\",\"url\":\"https:\/\/www.oep.tn\/wp-content\/uploads\/2022\/11\/logo-oep-arabe-2.png\",\"contentUrl\":\"https:\/\/www.oep.tn\/wp-content\/uploads\/2022\/11\/logo-oep-arabe-2.png\",\"width\":567,\"height\":142,\"caption\":\"Office de l'Elevage et des Patuages\"},\"image\":{\"@id\":\"https:\/\/www.oep.tn\/#\/schema\/logo\/image\/\"}}]}<\/script>\n<!-- \/ Yoast SEO plugin. -->","yoast_head_json":{"title":"Directions Centrales - Office de l&#039;Elevage et des P\u00e2turages","robots":{"index":"index","follow":"follow","max-snippet":"max-snippet:-1","max-image-preview":"max-image-preview:large","max-video-preview":"max-video-preview:-1"},"canonical":"https:\/\/www.oep.tn\/fr\/directions-centrales\/","og_locale":"fr_FR","og_type":"article","og_title":"Directions Centrales - Office de l&#039;Elevage et des P\u00e2turages","og_description":"Direction Adresse T\u00e9l Fax Email Direction des Ressources Humaines et Services Communs 30, Rue Alain Savary 1002 tunis 71&nbsp;797 523 71&nbsp;793 603 drh@oep.tn Direction Financi\u00e8re et Comptable 71&nbsp;287 594 dfc@oep.tn Direction Informatique, Organisation et M\u00e9thodes 71&nbsp;287 063 diom@oep.tn Direction de l\u2019Evaluation et de Suivi du Secteur 71&nbsp;289 828 des@oep.tn Direction de la Promotion de la [&hellip;]","og_url":"https:\/\/www.oep.tn\/fr\/directions-centrales\/","og_site_name":"Office de l&#039;Elevage et des P\u00e2turages","twitter_card":"summary_large_image","twitter_misc":{"Dur\u00e9e de lecture estim\u00e9e":"1 minute"},"schema":{"@context":"https:\/\/schema.org","@graph":[{"@type":"WebPage","@id":"https:\/\/www.oep.tn\/fr\/directions-centrales\/","url":"https:\/\/www.oep.tn\/fr\/directions-centrales\/","name":"Directions Centrales - Office de l&#039;Elevage et des P\u00e2turages","isPartOf":{"@id":"https:\/\/www.oep.tn\/#website"},"datePublished":"2025-02-11T14:55:53+00:00","breadcrumb":{"@id":"https:\/\/www.oep.tn\/fr\/directions-centrales\/#breadcrumb"},"inLanguage":"fr-FR","potentialAction":[{"@type":"ReadAction","target":["https:\/\/www.oep.tn\/fr\/directions-centrales\/"]}]},{"@type":"BreadcrumbList","@id":"https:\/\/www.oep.tn\/fr\/directions-centrales\/#breadcrumb","itemListElement":[{"@type":"ListItem","position":1,"name":"Accueil","item":"https:\/\/www.oep.tn\/fr\/"},{"@type":"ListItem","position":2,"name":"Directions Centrales"}]},{"@type":"WebSite","@id":"https:\/\/www.oep.tn\/#website","url":"https:\/\/www.oep.tn\/","name":"Office de l'Elevage et des P\u00e2turages","description":"Office de l&#039;Elevage et des P\u00e2turages","publisher":{"@id":"https:\/\/www.oep.tn\/#organization"},"alternateName":"Office de l'Elevage et des P\u00e2turages","potentialAction":[{"@type":"SearchAction","target":{"@type":"EntryPoint","urlTemplate":"https:\/\/www.oep.tn\/?s={search_term_string}"},"query-input":{"@type":"PropertyValueSpecification","valueRequired":true,"valueName":"search_term_string"}}],"inLanguage":"fr-FR"},{"@type":"Organization","@id":"https:\/\/www.oep.tn\/#organization","name":"Office de l'Elevage et des Patuages","url":"https:\/\/www.oep.tn\/","logo":{"@type":"ImageObject","inLanguage":"fr-FR","@id":"https:\/\/www.oep.tn\/#\/schema\/logo\/image\/","url":"https:\/\/www.oep.tn\/wp-content\/uploads\/2022\/11\/logo-oep-arabe-2.png","contentUrl":"https:\/\/www.oep.tn\/wp-content\/uploads\/2022\/11\/logo-oep-arabe-2.png","width":567,"height":142,"caption":"Office de l'Elevage et des Patuages"},"image":{"@id":"https:\/\/www.oep.tn\/#\/schema\/logo\/image\/"}}]}},"_links":{"self":[{"href":"https:\/\/www.oep.tn\/fr\/wp-json\/wp\/v2\/pages\/4946","targetHints":{"allow":["GET"]}}],"collection":[{"href":"https:\/\/www.oep.tn\/fr\/wp-json\/wp\/v2\/pages"}],"about":[{"href":"https:\/\/www.oep.tn\/fr\/wp-json\/wp\/v2\/types\/page"}],"author":[{"embeddable":true,"href":"https:\/\/www.oep.tn\/fr\/wp-json\/wp\/v2\/users\/2"}],"replies":[{"embeddable":true,"href":"https:\/\/www.oep.tn\/fr\/wp-json\/wp\/v2\/comments?post=4946"}],"version-history":[{"count":2,"href":"https:\/\/www.oep.tn\/fr\/wp-json\/wp\/v2\/pages\/4946\/revisions"}],"predecessor-version":[{"id":4948,"href":"https:\/\/www.oep.tn\/fr\/wp-json\/wp\/v2\/pages\/4946\/revisions\/4948"}],"wp:attachment":[{"href":"https:\/\/www.oep.tn\/fr\/wp-json\/wp\/v2\/media?parent=4946"}],"curies":[{"name":"wp","href":"https:\/\/api.w.org\/{rel}","templated":true}]}}