


































































{"id":4972,"date":"2025-02-21T11:03:50","date_gmt":"2025-02-21T10:03:50","guid":{"rendered":"https:\/\/www.oep.tn\/?page_id=4972"},"modified":"2025-02-21T11:03:50","modified_gmt":"2025-02-21T10:03:50","slug":"cahiers-des-charges","status":"publish","type":"page","link":"https:\/\/www.oep.tn\/fr\/cahiers-des-charges\/","title":{"rendered":"Cahiers des charges"},"content":{"rendered":"\n<div style=\"height:9px\" aria-hidden=\"true\" class=\"wp-block-spacer\"><\/div>\n\n\n\n<div class=\"container\">\n    <section class=\"reports\">\n        <div class=\"report-cards\">\n            <div class=\"report\">\n                <h5>Cr\u00e9ation des centres d&#8217;\u00e9levage des g\u00e9niteurs rac\u00e9s des bovins pour la production des g\u00e9niteurs de bonne qualit\u00e9 et \u00e0 productivit\u00e9 \u00e9lev\u00e9e.<\/h5>\n                <p>R\u00e9f\u00e9rence : Arr\u00eat\u00e9 du MARH du 15.06.2007<\/p>\n                <p>JORT : N\u00b055 du 10.07.2007<\/p>\n                \n                <a href=\"https:\/\/www.oep.tn\/wp-content\/uploads\/2025\/02\/cdc-geniteurs-bovins.pdf\" class=\"btn-primary\" target=\"_blank\">T\u00e9l\u00e9charger le rapport<\/a>\n            <\/div>\n            <div class=\"report\">\n                <h5>Cr\u00e9ation des centres sp\u00e9cialis\u00e9s pour exercer l&#8217;activit\u00e9 de saillie naturelle des vaches au public.<\/h5>\n                <p>R\u00e9f\u00e9rence :Arr\u00eat\u00e9 du MARH du 27.12.2007<\/p>\n                <p>JORT : N\u00b002 du 04.01.2008<\/p>\n                \n                <a href=\"https:\/\/www.oep.tn\/wp-content\/uploads\/2025\/02\/PDF2.pdf\" class=\"btn-primary\" target=\"_blank\">T\u00e9l\u00e9charger le rapport<\/a>\n            <\/div>\n            <div class=\"report\">\n                <h5>Organisation de l&#8217;activit\u00e9 d&#8217;\u00e9levage des g\u00e9nisses pleines n\u00e9es localement et \u00e0 leur commercialisation.<\/h5>\n                <p>R\u00e9f\u00e9rence : Arr\u00eat\u00e9 du MA du 16.04.2001<\/p>\n                <p>JORT : N\u00b032 du 20.04.2001<\/p>\n                \n                <a href=\"https:\/\/www.oep.tn\/wp-content\/uploads\/2025\/02\/PDF3.pdf\" class=\"btn-primary\" target=\"_blank\">T\u00e9l\u00e9charger le rapport<\/a>\n            <\/div>\n            <div class=\"report\">\n                <h5>Exercice de l&#8217;activit\u00e9 de l&#8217;ins\u00e9mination artificielle chez les bovins.<\/h5>\n                <p>R\u00e9f\u00e9rence : Arr\u00eat\u00e9 du MA du 12.02.2001<\/p>\n                <p>JORT : N\u00b0140 du 16.02.2001<\/p>\n                \n                <a href=\"https:\/\/www.oep.tn\/wp-content\/uploads\/2025\/02\/pdf4.pdf\" class=\"btn-primary\" target=\"_blank\">T\u00e9l\u00e9charger le rapport<\/a>\n            <\/div>\n            <div class=\"report\">\n                <h5>Cr\u00e9ation des centres d&#8217;\u00e9levage des g\u00e9niteurs rac\u00e9s des ovins et des caprins pour la production des femelles et des g\u00e9niteurs de bonne qualit\u00e9 et \u00e0 productivit\u00e9 \u00e9lev\u00e9e.<\/h5>\n                <p>R\u00e9f\u00e9rence : Arr\u00eat\u00e9 du MARH du 01.10.2007<\/p>\n                <p>JORT : N\u00b080 du 05.10.2007\n                <\/p>\n                \n                <a href=\"https:\/\/www.oep.tn\/wp-content\/uploads\/2025\/02\/pdf5.pdf\" class=\"btn-primary\" target=\"_blank\">T\u00e9l\u00e9charger le rapport<\/a>\n            <\/div>\n            <div class=\"report\">\n                <h5>Cr\u00e9ation des centres sp\u00e9cialis\u00e9s dans le contr\u00f4le de croissance des ovins et des caprins.<\/h5>\n                <p>R\u00e9f\u00e9rence : Arr\u00eat\u00e9 du MARH du 29.11.2008<\/p>\n                <p>JORT : N\u00b006 du 20.01.2009<\/p>\n                \n                <a href=\"https:\/\/www.oep.tn\/wp-content\/uploads\/2025\/02\/pdf6.pdf\" class=\"btn-primary\" target=\"_blank\">T\u00e9l\u00e9charger le rapport<\/a>\n            <\/div>\n            <div class=\"report\">\n                <h5>Cr\u00e9ation des centres sp\u00e9cialis\u00e9s dans le contr\u00f4le de la productivit\u00e9 du lait des ovins et des caprins.\n                <\/h5>\n                <p>R\u00e9f\u00e9rence : Arr\u00eat\u00e9 du MARH du 29.11.2008<\/p>\n                <p>JORT : N\u00b006 du 20.01.2009<\/p>\n                \n                <a href=\"https:\/\/www.oep.tn\/wp-content\/uploads\/2025\/02\/pdf7.pdf\" class=\"btn-primary\" target=\"_blank\">T\u00e9l\u00e9charger le rapport<\/a>\n            <\/div>\n            <div class=\"report\">\n                <h5>Cr\u00e9ation des centres sp\u00e9cialis\u00e9s dans le contr\u00f4le de la productivit\u00e9 du lait des bovins.\n                <\/h5>\n                <p>R\u00e9f\u00e9rence : Arr\u00eat\u00e9 du MARH du 29.11.2008<\/p>\n                <p>JORT : N\u00b006 du 20.01.2009<\/p>\n                \n                <a href=\"https:\/\/www.oep.tn\/wp-content\/uploads\/2025\/02\/pdf8.pdf\" class=\"btn-primary\" target=\"_blank\">T\u00e9l\u00e9charger le rapport<\/a>\n            <\/div>\n            <div class=\"report\">\n                <h5>Cr\u00e9ation des centres d&#8217;\u00e9levage des reproducteurs males et femelles des lapins pour la production des g\u00e9niteurs et femelles de bonne qualit\u00e9 et \u00e0 productivit\u00e9 \u00e9lev\u00e9e.\t<\/h5>\n                <p>R\u00e9f\u00e9rence : Arr\u00eat\u00e9 du MARH du 03.03.2008\t<\/p>\n                <p>JORT :N\u00b021 du 11.03.2008\n                <\/p>\n                \n                <a href=\"https:\/\/www.oep.tn\/wp-content\/uploads\/2025\/02\/pdf9.pdf\" class=\"btn-primary\" target=\"_blank\">T\u00e9l\u00e9charger le rapport<\/a>\n            <\/div>\n\n        <\/div>\n        \n    <\/section>\n<\/div>\n\n<style>\n    * {\n        margin: 0;\n        padding: 0;\n        box-sizing: border-box;\n    }\n\n    .container {\n        max-width: 1200px;\n        margin: 0 auto;\n        padding: 40px 20px;\n    }\n\n    .reports {\n        margin-bottom: 40px;\n    }\n\n    .report-cards {\n        display: grid;\n        grid-template-columns: repeat(3, 1fr); \n        gap: 20px; \n       \n    }\n\n    .report {\n        background-color: #fff;\n        padding: 15px; \n        border-radius: 10px;\n        box-shadow: 0 8px 15px rgba(0, 0, 0, 0.1);\n        text-align: center;\n        transition: transform 0.3s ease, box-shadow 0.3s ease;\n        height: auto; \n        display: flex;\n        flex-direction: column;\n        justify-content: space-between;\n        border: 2px solid #05305e;\n        \n    }\n\n    .report:hover {\n        transform: translateY(-10px); \n        box-shadow: 0 15px 35px rgba(0, 0, 0, 0.2); \n    }\n\n    .report h5 {\n        font-size: 0.9rem; \n        color: #34495e;\n        margin-bottom: 10px; \n        font-weight: bold;\n    }\n\n    .report p {\n        font-size: 0.9rem; \n        color: #555;\n        margin-bottom: 10px; \n    }\n\n    .report a {\n        display: inline-block;\n        background-color: #05305e; \n        color: white;\n        font-size: 0.9rem; \n        padding: 10px 25px; \n        border-radius: 8px;\n        text-decoration: none;\n        transition: background-color 0.3s ease;\n        text-transform: uppercase;\n        font-weight: bold;\n    }\n\n    .report a:hover {\n        background-color: #031f3f; \n    }\n\n \n    @media (max-width: 768px) {\n        .report-cards {\n            grid-template-columns: 1fr 1fr; \n        }\n    }\n\n    @media (max-width: 480px) {\n        .report-cards {\n            grid-template-columns: 1fr;\n        }\n    }\n<\/style>\n\n","protected":false},"excerpt":{"rendered":"<p>Cr\u00e9ation des centres d&#8217;\u00e9levage des g\u00e9niteurs rac\u00e9s des bovins pour la production des g\u00e9niteurs de bonne qualit\u00e9 et \u00e0 productivit\u00e9 \u00e9lev\u00e9e. R\u00e9f\u00e9rence : Arr\u00eat\u00e9 du MARH du 15.06.2007 JORT : N\u00b055 du 10.07.2007 T\u00e9l\u00e9charger le rapport Cr\u00e9ation des centres sp\u00e9cialis\u00e9s pour exercer l&#8217;activit\u00e9 de saillie naturelle des vaches au public. R\u00e9f\u00e9rence :Arr\u00eat\u00e9 du MARH du [&hellip;]<\/p>\n","protected":false},"author":2,"featured_media":0,"parent":0,"menu_order":0,"comment_status":"closed","ping_status":"closed","template":"","meta":{"_themeisle_gutenberg_block_has_review":false,"footnotes":""},"class_list":["post-4972","page","type-page","status-publish","hentry"],"yoast_head":"<!-- This site is optimized with the Yoast SEO plugin v26.0 - https:\/\/yoast.com\/wordpress\/plugins\/seo\/ -->\n<title>Cahiers des charges - Office de l&#039;Elevage et des P\u00e2turages<\/title>\n<meta name=\"robots\" content=\"index, follow, max-snippet:-1, max-image-preview:large, max-video-preview:-1\" \/>\n<link rel=\"canonical\" href=\"https:\/\/www.oep.tn\/fr\/cahiers-des-charges\/\" \/>\n<meta property=\"og:locale\" content=\"fr_FR\" \/>\n<meta property=\"og:type\" content=\"article\" \/>\n<meta property=\"og:title\" content=\"Cahiers des charges - Office de l&#039;Elevage et des P\u00e2turages\" \/>\n<meta property=\"og:description\" content=\"Cr\u00e9ation des centres d&#8217;\u00e9levage des g\u00e9niteurs rac\u00e9s des bovins pour la production des g\u00e9niteurs de bonne qualit\u00e9 et \u00e0 productivit\u00e9 \u00e9lev\u00e9e. R\u00e9f\u00e9rence : Arr\u00eat\u00e9 du MARH du 15.06.2007 JORT : N\u00b055 du 10.07.2007 T\u00e9l\u00e9charger le rapport Cr\u00e9ation des centres sp\u00e9cialis\u00e9s pour exercer l&#8217;activit\u00e9 de saillie naturelle des vaches au public. R\u00e9f\u00e9rence :Arr\u00eat\u00e9 du MARH du [&hellip;]\" \/>\n<meta property=\"og:url\" content=\"https:\/\/www.oep.tn\/fr\/cahiers-des-charges\/\" \/>\n<meta property=\"og:site_name\" content=\"Office de l&#039;Elevage et des P\u00e2turages\" \/>\n<meta name=\"twitter:card\" content=\"summary_large_image\" \/>\n<meta name=\"twitter:label1\" content=\"Dur\u00e9e de lecture estim\u00e9e\" \/>\n\t<meta name=\"twitter:data1\" content=\"1 minute\" \/>\n<script type=\"application\/ld+json\" class=\"yoast-schema-graph\">{\"@context\":\"https:\/\/schema.org\",\"@graph\":[{\"@type\":\"WebPage\",\"@id\":\"https:\/\/www.oep.tn\/fr\/cahiers-des-charges\/\",\"url\":\"https:\/\/www.oep.tn\/fr\/cahiers-des-charges\/\",\"name\":\"Cahiers des charges - Office de l&#039;Elevage et des P\u00e2turages\",\"isPartOf\":{\"@id\":\"https:\/\/www.oep.tn\/#website\"},\"datePublished\":\"2025-02-21T10:03:50+00:00\",\"breadcrumb\":{\"@id\":\"https:\/\/www.oep.tn\/fr\/cahiers-des-charges\/#breadcrumb\"},\"inLanguage\":\"fr-FR\",\"potentialAction\":[{\"@type\":\"ReadAction\",\"target\":[\"https:\/\/www.oep.tn\/fr\/cahiers-des-charges\/\"]}]},{\"@type\":\"BreadcrumbList\",\"@id\":\"https:\/\/www.oep.tn\/fr\/cahiers-des-charges\/#breadcrumb\",\"itemListElement\":[{\"@type\":\"ListItem\",\"position\":1,\"name\":\"Accueil\",\"item\":\"https:\/\/www.oep.tn\/fr\/\"},{\"@type\":\"ListItem\",\"position\":2,\"name\":\"Cahiers des charges\"}]},{\"@type\":\"WebSite\",\"@id\":\"https:\/\/www.oep.tn\/#website\",\"url\":\"https:\/\/www.oep.tn\/\",\"name\":\"Office de l'Elevage et des P\u00e2turages\",\"description\":\"Office de l&#039;Elevage et des P\u00e2turages\",\"publisher\":{\"@id\":\"https:\/\/www.oep.tn\/#organization\"},\"alternateName\":\"Office de l'Elevage et des P\u00e2turages\",\"potentialAction\":[{\"@type\":\"SearchAction\",\"target\":{\"@type\":\"EntryPoint\",\"urlTemplate\":\"https:\/\/www.oep.tn\/?s={search_term_string}\"},\"query-input\":{\"@type\":\"PropertyValueSpecification\",\"valueRequired\":true,\"valueName\":\"search_term_string\"}}],\"inLanguage\":\"fr-FR\"},{\"@type\":\"Organization\",\"@id\":\"https:\/\/www.oep.tn\/#organization\",\"name\":\"Office de l'Elevage et des Patuages\",\"url\":\"https:\/\/www.oep.tn\/\",\"logo\":{\"@type\":\"ImageObject\",\"inLanguage\":\"fr-FR\",\"@id\":\"https:\/\/www.oep.tn\/#\/schema\/logo\/image\/\",\"url\":\"https:\/\/www.oep.tn\/wp-content\/uploads\/2022\/11\/logo-oep-arabe-2.png\",\"contentUrl\":\"https:\/\/www.oep.tn\/wp-content\/uploads\/2022\/11\/logo-oep-arabe-2.png\",\"width\":567,\"height\":142,\"caption\":\"Office de l'Elevage et des Patuages\"},\"image\":{\"@id\":\"https:\/\/www.oep.tn\/#\/schema\/logo\/image\/\"}}]}<\/script>\n<!-- \/ Yoast SEO plugin. -->","yoast_head_json":{"title":"Cahiers des charges - Office de l&#039;Elevage et des P\u00e2turages","robots":{"index":"index","follow":"follow","max-snippet":"max-snippet:-1","max-image-preview":"max-image-preview:large","max-video-preview":"max-video-preview:-1"},"canonical":"https:\/\/www.oep.tn\/fr\/cahiers-des-charges\/","og_locale":"fr_FR","og_type":"article","og_title":"Cahiers des charges - Office de l&#039;Elevage et des P\u00e2turages","og_description":"Cr\u00e9ation des centres d&#8217;\u00e9levage des g\u00e9niteurs rac\u00e9s des bovins pour la production des g\u00e9niteurs de bonne qualit\u00e9 et \u00e0 productivit\u00e9 \u00e9lev\u00e9e. R\u00e9f\u00e9rence : Arr\u00eat\u00e9 du MARH du 15.06.2007 JORT : N\u00b055 du 10.07.2007 T\u00e9l\u00e9charger le rapport Cr\u00e9ation des centres sp\u00e9cialis\u00e9s pour exercer l&#8217;activit\u00e9 de saillie naturelle des vaches au public. R\u00e9f\u00e9rence :Arr\u00eat\u00e9 du MARH du [&hellip;]","og_url":"https:\/\/www.oep.tn\/fr\/cahiers-des-charges\/","og_site_name":"Office de l&#039;Elevage et des P\u00e2turages","twitter_card":"summary_large_image","twitter_misc":{"Dur\u00e9e de lecture estim\u00e9e":"1 minute"},"schema":{"@context":"https:\/\/schema.org","@graph":[{"@type":"WebPage","@id":"https:\/\/www.oep.tn\/fr\/cahiers-des-charges\/","url":"https:\/\/www.oep.tn\/fr\/cahiers-des-charges\/","name":"Cahiers des charges - Office de l&#039;Elevage et des P\u00e2turages","isPartOf":{"@id":"https:\/\/www.oep.tn\/#website"},"datePublished":"2025-02-21T10:03:50+00:00","breadcrumb":{"@id":"https:\/\/www.oep.tn\/fr\/cahiers-des-charges\/#breadcrumb"},"inLanguage":"fr-FR","potentialAction":[{"@type":"ReadAction","target":["https:\/\/www.oep.tn\/fr\/cahiers-des-charges\/"]}]},{"@type":"BreadcrumbList","@id":"https:\/\/www.oep.tn\/fr\/cahiers-des-charges\/#breadcrumb","itemListElement":[{"@type":"ListItem","position":1,"name":"Accueil","item":"https:\/\/www.oep.tn\/fr\/"},{"@type":"ListItem","position":2,"name":"Cahiers des charges"}]},{"@type":"WebSite","@id":"https:\/\/www.oep.tn\/#website","url":"https:\/\/www.oep.tn\/","name":"Office de l'Elevage et des P\u00e2turages","description":"Office de l&#039;Elevage et des P\u00e2turages","publisher":{"@id":"https:\/\/www.oep.tn\/#organization"},"alternateName":"Office de l'Elevage et des P\u00e2turages","potentialAction":[{"@type":"SearchAction","target":{"@type":"EntryPoint","urlTemplate":"https:\/\/www.oep.tn\/?s={search_term_string}"},"query-input":{"@type":"PropertyValueSpecification","valueRequired":true,"valueName":"search_term_string"}}],"inLanguage":"fr-FR"},{"@type":"Organization","@id":"https:\/\/www.oep.tn\/#organization","name":"Office de l'Elevage et des Patuages","url":"https:\/\/www.oep.tn\/","logo":{"@type":"ImageObject","inLanguage":"fr-FR","@id":"https:\/\/www.oep.tn\/#\/schema\/logo\/image\/","url":"https:\/\/www.oep.tn\/wp-content\/uploads\/2022\/11\/logo-oep-arabe-2.png","contentUrl":"https:\/\/www.oep.tn\/wp-content\/uploads\/2022\/11\/logo-oep-arabe-2.png","width":567,"height":142,"caption":"Office de l'Elevage et des Patuages"},"image":{"@id":"https:\/\/www.oep.tn\/#\/schema\/logo\/image\/"}}]}},"_links":{"self":[{"href":"https:\/\/www.oep.tn\/fr\/wp-json\/wp\/v2\/pages\/4972","targetHints":{"allow":["GET"]}}],"collection":[{"href":"https:\/\/www.oep.tn\/fr\/wp-json\/wp\/v2\/pages"}],"about":[{"href":"https:\/\/www.oep.tn\/fr\/wp-json\/wp\/v2\/types\/page"}],"author":[{"embeddable":true,"href":"https:\/\/www.oep.tn\/fr\/wp-json\/wp\/v2\/users\/2"}],"replies":[{"embeddable":true,"href":"https:\/\/www.oep.tn\/fr\/wp-json\/wp\/v2\/comments?post=4972"}],"version-history":[{"count":18,"href":"https:\/\/www.oep.tn\/fr\/wp-json\/wp\/v2\/pages\/4972\/revisions"}],"predecessor-version":[{"id":5028,"href":"https:\/\/www.oep.tn\/fr\/wp-json\/wp\/v2\/pages\/4972\/revisions\/5028"}],"wp:attachment":[{"href":"https:\/\/www.oep.tn\/fr\/wp-json\/wp\/v2\/media?parent=4972"}],"curies":[{"name":"wp","href":"https:\/\/api.w.org\/{rel}","templated":true}]}}