


































































{"id":5024,"date":"2025-02-21T14:21:01","date_gmt":"2025-02-21T13:21:01","guid":{"rendered":"https:\/\/www.oep.tn\/?page_id=5024"},"modified":"2025-02-21T14:48:38","modified_gmt":"2025-02-21T13:48:38","slug":"liens-utiles","status":"publish","type":"page","link":"https:\/\/www.oep.tn\/fr\/liens-utiles\/","title":{"rendered":"Liens Utiles"},"content":{"rendered":"\n<div style=\"height:10px\" aria-hidden=\"true\" class=\"wp-block-spacer\"><\/div>\n\n\n\n<a href=\"http:\/\/www.agriculture.tn\/\" class=\"button\" target=\"_blank\" >\n  <i  style=\"margin-right: 12px; font-size: 20px;\"><\/i>\n  Minist\u00e8re de l&#8217;Agriculture, des Ressources Hydrauliques et de la P\u00eache\n  \n\n  <span class=\"button-animate\"><\/span>\n<\/a>\n\n<style>\n\n.button {\n  display: flex;\n  align-items: center;\n  justify-content: center;\n  font-size: 130%;\n  padding: 12px 30px;\n  color: black; \n  text-decoration: none;\n  position: relative;\n  background-color: transparent; \n  border: 2px solid #28a745; \n  border-radius: 50px; \n  font-weight: 500;\n  letter-spacing: 1px;\n  transition: all 0.4s ease; \n  text-align: center;\n}\n\n.button:hover {\n  background-color: #28a745; \n  color: white; \n  border-color: #28a745; \n  transform: translateY(-4px); \n}\n\n\n.button-animate {\n  content: '';\n  position: absolute;\n  bottom: 0;\n  left: 0;\n  width: 100%;\n  height: 3px;\n  background-color: #28a745;\n  transform: scaleX(0);\n  transition: transform 0.3s ease;\n}\n\n\n.button:hover .button-animate {\n  transform: scaleX(1); \n}\n<\/style>\n\n\n\n\n<div style=\"height:20px\" aria-hidden=\"true\" class=\"wp-block-spacer\"><\/div>\n\n\n\n<!DOCTYPE html>\n<html lang=\"fr\">\n<head>\n  <meta charset=\"UTF-8\">\n  <meta name=\"viewport\" content=\"width=device-width, initial-scale=1.0\">\n  \n  <style>\n  \n    body {\n      font-family: Arial, sans-serif;\n      background-color: #f8f9fa;\n      margin: 0;\n      padding: 0;\n    }\n\n   \n    .card-body a span {\n      display: block;\n      margin-top: 10px;\n      font-size: 16px;\n      font-weight: 600;\n      color: #333;\n      text-decoration: none;\n    }\n\n  \n    .card-body a:hover span {\n      color: #007bff;\n    }\n\n   \n    .container {\n      max-width: 1200px;\n      margin: 0 auto;\n      padding: 0 15px;\n    }\n\n    \n    .row {\n      display: flex;\n      justify-content: center;\n      flex-wrap: wrap;\n    }\n\n    \n    .col-4 {\n      text-align: center;\n      margin: 10px;\n      width: 25%;\n    }\n\n  \n    .img-fluid {\n      width: 80px;\n      height: 80px;\n      margin-bottom: 10px;\n    }\n\n    .card {\n      background-color: transparent; \n      padding: 20px;\n    }\n\n    .card-title {\n      text-align: center;\n      font-size: 24px;\n      margin-bottom: 30px;\n      color: #333;\n    }\n  <\/style>\n<\/head>\n<body>\n\n  <div class=\"container\">\n    <div class=\"card\">\n      <div class=\"card-body\">\n        <h5 class=\"card-title\">Nos Partenaires<\/h5>\n        <div class=\"row\">\n          <div class=\"col-4\">\n            <a href=\"https:\/\/acsad.org\/\" title=\"ACSAD\" target=\"_blank\">\n              <img src=\"https:\/\/www.oep.tn\/wp-content\/uploads\/2022\/08\/SqiarAr-1.png\" alt=\"ACSAD\" class=\"img-fluid\">\n              <span>ACSAD<\/span>\n            <\/a>\n          <\/div>\n          <div class=\"col-4\">\n            <a href=\"https:\/\/www.icarda.org\/\" title=\"ICARDA\" target=\"_blank\">\n              <img src=\"https:\/\/www.oep.tn\/wp-content\/uploads\/2022\/08\/ICARDA.png\" alt=\"ICARDA\" class=\"img-fluid\">\n              <span>ICARDA<\/span>\n            <\/a>\n          <\/div>\n          <div class=\"col-4\">\n            <a href=\"https:\/\/www.icar.org\/\" title=\"ICAR\" target=\"_blank\">\n              <img src=\"https:\/\/www.oep.tn\/wp-content\/uploads\/2022\/08\/ICAR.png\" alt=\"ICAR\" class=\"img-fluid\">\n              <span>ICAR<\/span>\n            <\/a>\n          <\/div>\n          <div class=\"col-4\">\n            <a href=\"https:\/\/www.ciheam.org\/\" title=\"CIHEAM\" target=\"_blank\">\n              <img src=\"https:\/\/www.oep.tn\/wp-content\/uploads\/2022\/08\/CIHEAM.png\" alt=\"CIHEAM\" class=\"img-fluid\">\n              <span>CIHEAM<\/span>\n            <\/a>\n          <\/div>\n          <div class=\"col-4\">\n            <a href=\"https:\/\/www.eaap.org\/\" title=\"EAAP\" target=\"_blank\">\n              <img src=\"https:\/\/www.oep.tn\/wp-content\/uploads\/2022\/08\/EAAP_Logo_2018.png\" alt=\"EAAP\" class=\"img-fluid\">\n              <span>EAAP<\/span>\n            <\/a>\n          <\/div>\n          <div class=\"col-4\">\n            <a href=\"https:\/\/www.fao.org\/about\/en\/\" title=\"FAO\" target=\"_blank\">\n              <img src=\"https:\/\/www.oep.tn\/wp-content\/uploads\/2022\/08\/FIAT-PANIS.png\" alt=\"FAO\" class=\"img-fluid\">\n              <span>FAO<\/span>\n            <\/a>\n          <\/div>\n        <\/div>\n      <\/div>\n    <\/div>\n  <\/div>\n\n<\/body>\n<\/html>\n\n","protected":false},"excerpt":{"rendered":"<p>Minist\u00e8re de l&#8217;Agriculture, des Ressources Hydrauliques et de la P\u00eache Nos Partenaires ACSAD ICARDA ICAR CIHEAM EAAP FAO<\/p>\n","protected":false},"author":2,"featured_media":0,"parent":0,"menu_order":0,"comment_status":"closed","ping_status":"closed","template":"","meta":{"_themeisle_gutenberg_block_has_review":false,"footnotes":""},"class_list":["post-5024","page","type-page","status-publish","hentry"],"yoast_head":"<!-- This site is optimized with the Yoast SEO plugin v26.0 - https:\/\/yoast.com\/wordpress\/plugins\/seo\/ -->\n<title>Liens Utiles - Office de l&#039;Elevage et des P\u00e2turages<\/title>\n<meta name=\"robots\" content=\"index, follow, max-snippet:-1, max-image-preview:large, max-video-preview:-1\" \/>\n<link rel=\"canonical\" href=\"https:\/\/www.oep.tn\/fr\/liens-utiles\/\" \/>\n<meta property=\"og:locale\" content=\"fr_FR\" \/>\n<meta property=\"og:type\" content=\"article\" \/>\n<meta property=\"og:title\" content=\"Liens Utiles - Office de l&#039;Elevage et des P\u00e2turages\" \/>\n<meta property=\"og:description\" content=\"Minist\u00e8re de l&#8217;Agriculture, des Ressources Hydrauliques et de la P\u00eache Nos Partenaires ACSAD ICARDA ICAR CIHEAM EAAP FAO\" \/>\n<meta property=\"og:url\" content=\"https:\/\/www.oep.tn\/fr\/liens-utiles\/\" \/>\n<meta property=\"og:site_name\" content=\"Office de l&#039;Elevage et des P\u00e2turages\" \/>\n<meta property=\"article:modified_time\" content=\"2025-02-21T13:48:38+00:00\" \/>\n<meta property=\"og:image\" content=\"https:\/\/www.oep.tn\/wp-content\/uploads\/2022\/08\/SqiarAr-1.png\" \/>\n<meta name=\"twitter:card\" content=\"summary_large_image\" \/>\n<meta name=\"twitter:label1\" content=\"Dur\u00e9e de lecture estim\u00e9e\" \/>\n\t<meta name=\"twitter:data1\" content=\"2 minutes\" \/>\n<script type=\"application\/ld+json\" class=\"yoast-schema-graph\">{\"@context\":\"https:\/\/schema.org\",\"@graph\":[{\"@type\":\"WebPage\",\"@id\":\"https:\/\/www.oep.tn\/fr\/liens-utiles\/\",\"url\":\"https:\/\/www.oep.tn\/fr\/liens-utiles\/\",\"name\":\"Liens Utiles - Office de l&#039;Elevage et des P\u00e2turages\",\"isPartOf\":{\"@id\":\"https:\/\/www.oep.tn\/#website\"},\"primaryImageOfPage\":{\"@id\":\"https:\/\/www.oep.tn\/fr\/liens-utiles\/#primaryimage\"},\"image\":{\"@id\":\"https:\/\/www.oep.tn\/fr\/liens-utiles\/#primaryimage\"},\"thumbnailUrl\":\"https:\/\/www.oep.tn\/wp-content\/uploads\/2022\/08\/SqiarAr-1.png\",\"datePublished\":\"2025-02-21T13:21:01+00:00\",\"dateModified\":\"2025-02-21T13:48:38+00:00\",\"breadcrumb\":{\"@id\":\"https:\/\/www.oep.tn\/fr\/liens-utiles\/#breadcrumb\"},\"inLanguage\":\"fr-FR\",\"potentialAction\":[{\"@type\":\"ReadAction\",\"target\":[\"https:\/\/www.oep.tn\/fr\/liens-utiles\/\"]}]},{\"@type\":\"ImageObject\",\"inLanguage\":\"fr-FR\",\"@id\":\"https:\/\/www.oep.tn\/fr\/liens-utiles\/#primaryimage\",\"url\":\"https:\/\/www.oep.tn\/wp-content\/uploads\/2022\/08\/SqiarAr-1.png\",\"contentUrl\":\"https:\/\/www.oep.tn\/wp-content\/uploads\/2022\/08\/SqiarAr-1.png\"},{\"@type\":\"BreadcrumbList\",\"@id\":\"https:\/\/www.oep.tn\/fr\/liens-utiles\/#breadcrumb\",\"itemListElement\":[{\"@type\":\"ListItem\",\"position\":1,\"name\":\"Accueil\",\"item\":\"https:\/\/www.oep.tn\/fr\/\"},{\"@type\":\"ListItem\",\"position\":2,\"name\":\"Liens Utiles\"}]},{\"@type\":\"WebSite\",\"@id\":\"https:\/\/www.oep.tn\/#website\",\"url\":\"https:\/\/www.oep.tn\/\",\"name\":\"Office de l'Elevage et des P\u00e2turages\",\"description\":\"Office de l&#039;Elevage et des P\u00e2turages\",\"publisher\":{\"@id\":\"https:\/\/www.oep.tn\/#organization\"},\"alternateName\":\"Office de l'Elevage et des P\u00e2turages\",\"potentialAction\":[{\"@type\":\"SearchAction\",\"target\":{\"@type\":\"EntryPoint\",\"urlTemplate\":\"https:\/\/www.oep.tn\/?s={search_term_string}\"},\"query-input\":{\"@type\":\"PropertyValueSpecification\",\"valueRequired\":true,\"valueName\":\"search_term_string\"}}],\"inLanguage\":\"fr-FR\"},{\"@type\":\"Organization\",\"@id\":\"https:\/\/www.oep.tn\/#organization\",\"name\":\"Office de l'Elevage et des Patuages\",\"url\":\"https:\/\/www.oep.tn\/\",\"logo\":{\"@type\":\"ImageObject\",\"inLanguage\":\"fr-FR\",\"@id\":\"https:\/\/www.oep.tn\/#\/schema\/logo\/image\/\",\"url\":\"https:\/\/www.oep.tn\/wp-content\/uploads\/2022\/11\/logo-oep-arabe-2.png\",\"contentUrl\":\"https:\/\/www.oep.tn\/wp-content\/uploads\/2022\/11\/logo-oep-arabe-2.png\",\"width\":567,\"height\":142,\"caption\":\"Office de l'Elevage et des Patuages\"},\"image\":{\"@id\":\"https:\/\/www.oep.tn\/#\/schema\/logo\/image\/\"}}]}<\/script>\n<!-- \/ Yoast SEO plugin. -->","yoast_head_json":{"title":"Liens Utiles - Office de l&#039;Elevage et des P\u00e2turages","robots":{"index":"index","follow":"follow","max-snippet":"max-snippet:-1","max-image-preview":"max-image-preview:large","max-video-preview":"max-video-preview:-1"},"canonical":"https:\/\/www.oep.tn\/fr\/liens-utiles\/","og_locale":"fr_FR","og_type":"article","og_title":"Liens Utiles - Office de l&#039;Elevage et des P\u00e2turages","og_description":"Minist\u00e8re de l&#8217;Agriculture, des Ressources Hydrauliques et de la P\u00eache Nos Partenaires ACSAD ICARDA ICAR CIHEAM EAAP FAO","og_url":"https:\/\/www.oep.tn\/fr\/liens-utiles\/","og_site_name":"Office de l&#039;Elevage et des P\u00e2turages","article_modified_time":"2025-02-21T13:48:38+00:00","og_image":[{"url":"https:\/\/www.oep.tn\/wp-content\/uploads\/2022\/08\/SqiarAr-1.png","type":"","width":"","height":""}],"twitter_card":"summary_large_image","twitter_misc":{"Dur\u00e9e de lecture estim\u00e9e":"2 minutes"},"schema":{"@context":"https:\/\/schema.org","@graph":[{"@type":"WebPage","@id":"https:\/\/www.oep.tn\/fr\/liens-utiles\/","url":"https:\/\/www.oep.tn\/fr\/liens-utiles\/","name":"Liens Utiles - Office de l&#039;Elevage et des P\u00e2turages","isPartOf":{"@id":"https:\/\/www.oep.tn\/#website"},"primaryImageOfPage":{"@id":"https:\/\/www.oep.tn\/fr\/liens-utiles\/#primaryimage"},"image":{"@id":"https:\/\/www.oep.tn\/fr\/liens-utiles\/#primaryimage"},"thumbnailUrl":"https:\/\/www.oep.tn\/wp-content\/uploads\/2022\/08\/SqiarAr-1.png","datePublished":"2025-02-21T13:21:01+00:00","dateModified":"2025-02-21T13:48:38+00:00","breadcrumb":{"@id":"https:\/\/www.oep.tn\/fr\/liens-utiles\/#breadcrumb"},"inLanguage":"fr-FR","potentialAction":[{"@type":"ReadAction","target":["https:\/\/www.oep.tn\/fr\/liens-utiles\/"]}]},{"@type":"ImageObject","inLanguage":"fr-FR","@id":"https:\/\/www.oep.tn\/fr\/liens-utiles\/#primaryimage","url":"https:\/\/www.oep.tn\/wp-content\/uploads\/2022\/08\/SqiarAr-1.png","contentUrl":"https:\/\/www.oep.tn\/wp-content\/uploads\/2022\/08\/SqiarAr-1.png"},{"@type":"BreadcrumbList","@id":"https:\/\/www.oep.tn\/fr\/liens-utiles\/#breadcrumb","itemListElement":[{"@type":"ListItem","position":1,"name":"Accueil","item":"https:\/\/www.oep.tn\/fr\/"},{"@type":"ListItem","position":2,"name":"Liens Utiles"}]},{"@type":"WebSite","@id":"https:\/\/www.oep.tn\/#website","url":"https:\/\/www.oep.tn\/","name":"Office de l'Elevage et des P\u00e2turages","description":"Office de l&#039;Elevage et des P\u00e2turages","publisher":{"@id":"https:\/\/www.oep.tn\/#organization"},"alternateName":"Office de l'Elevage et des P\u00e2turages","potentialAction":[{"@type":"SearchAction","target":{"@type":"EntryPoint","urlTemplate":"https:\/\/www.oep.tn\/?s={search_term_string}"},"query-input":{"@type":"PropertyValueSpecification","valueRequired":true,"valueName":"search_term_string"}}],"inLanguage":"fr-FR"},{"@type":"Organization","@id":"https:\/\/www.oep.tn\/#organization","name":"Office de l'Elevage et des Patuages","url":"https:\/\/www.oep.tn\/","logo":{"@type":"ImageObject","inLanguage":"fr-FR","@id":"https:\/\/www.oep.tn\/#\/schema\/logo\/image\/","url":"https:\/\/www.oep.tn\/wp-content\/uploads\/2022\/11\/logo-oep-arabe-2.png","contentUrl":"https:\/\/www.oep.tn\/wp-content\/uploads\/2022\/11\/logo-oep-arabe-2.png","width":567,"height":142,"caption":"Office de l'Elevage et des Patuages"},"image":{"@id":"https:\/\/www.oep.tn\/#\/schema\/logo\/image\/"}}]}},"_links":{"self":[{"href":"https:\/\/www.oep.tn\/fr\/wp-json\/wp\/v2\/pages\/5024","targetHints":{"allow":["GET"]}}],"collection":[{"href":"https:\/\/www.oep.tn\/fr\/wp-json\/wp\/v2\/pages"}],"about":[{"href":"https:\/\/www.oep.tn\/fr\/wp-json\/wp\/v2\/types\/page"}],"author":[{"embeddable":true,"href":"https:\/\/www.oep.tn\/fr\/wp-json\/wp\/v2\/users\/2"}],"replies":[{"embeddable":true,"href":"https:\/\/www.oep.tn\/fr\/wp-json\/wp\/v2\/comments?post=5024"}],"version-history":[{"count":18,"href":"https:\/\/www.oep.tn\/fr\/wp-json\/wp\/v2\/pages\/5024\/revisions"}],"predecessor-version":[{"id":5050,"href":"https:\/\/www.oep.tn\/fr\/wp-json\/wp\/v2\/pages\/5024\/revisions\/5050"}],"wp:attachment":[{"href":"https:\/\/www.oep.tn\/fr\/wp-json\/wp\/v2\/media?parent=5024"}],"curies":[{"name":"wp","href":"https:\/\/api.w.org\/{rel}","templated":true}]}}