


































































{"id":5439,"date":"2025-06-17T11:42:59","date_gmt":"2025-06-17T10:42:59","guid":{"rendered":"https:\/\/www.oep.tn\/%d8%a5%d8%b9%d9%84%d8%a7%d9%86-%d9%81%d8%aa%d8%ad-%d9%85%d9%86%d8%a7%d8%b8%d8%b1%d8%a9-%d8%a5%d9%86%d8%aa%d8%af%d8%a7%d8%a8\/"},"modified":"2026-02-03T16:58:22","modified_gmt":"2026-02-03T15:58:22","slug":"%d8%a5%d8%b9%d9%84%d8%a7%d9%86-%d9%81%d8%aa%d8%ad-%d9%85%d9%86%d8%a7%d8%b8%d8%b1%d8%a9-%d8%a5%d9%86%d8%aa%d8%af%d8%a7%d8%a8","status":"publish","type":"page","link":"https:\/\/www.oep.tn\/fr\/%d8%a5%d8%b9%d9%84%d8%a7%d9%86-%d9%81%d8%aa%d8%ad-%d9%85%d9%86%d8%a7%d8%b8%d8%b1%d8%a9-%d8%a5%d9%86%d8%aa%d8%af%d8%a7%d8%a8\/","title":{"rendered":"R\u00e9sultats pr\u00e9liminaires des concours externes pour le recrutement des ing\u00e9nieurs et des techniciens sp\u00e9cialit\u00e9 production animale et fourrag\u00e8re"},"content":{"rendered":"\n<hr class=\"wp-block-separator has-alpha-channel-opacity\"\/>\n\n\n\n<p><\/p>\n\n\n\n<div class=\"wp-block-buttons is-content-justification-center is-layout-flex wp-container-core-buttons-is-layout-16018d1d wp-block-buttons-is-layout-flex\">\n<div class=\"wp-block-button has-custom-width wp-block-button__width-75 is-style-fill\"><a class=\"wp-block-button__link has-thr-bg-color has-thr-acc-background-color has-text-color has-background has-link-color has-large-font-size has-custom-font-size wp-element-button\" href=\"https:\/\/www.oep.tn\/wp-content\/uploads\/2026\/02\/\u0642\u0627\u0626\u0645\u0629-\u0627\u0644\u0645\u062a\u0631\u0634\u062d\u064a\u0646-\u0627\u0644\u0645\u0642\u0628\u0648\u0644\u064a\u0646-\u0623\u0648\u0644\u064a\u0627-\u0644\u0627\u0646\u062a\u062f\u0627\u0628-\u0645\u0647\u0646\u062f\u0633\u064a\u0646-\u0623\u0648\u0644\u064a\u0646.pdf\" style=\"border-radius:100px\" target=\"_blank\" rel=\"noreferrer noopener\">Liste des candidats (04 ing\u00e9nieurs) <\/a><\/div>\n<\/div>\n\n\n\n<hr class=\"wp-block-separator has-alpha-channel-opacity\"\/>\n\n\n\n<div class=\"wp-block-buttons is-content-justification-center is-layout-flex wp-container-core-buttons-is-layout-16018d1d wp-block-buttons-is-layout-flex\">\n<div class=\"wp-block-button has-custom-width wp-block-button__width-75 is-style-fill\"><a class=\"wp-block-button__link has-thr-bg-color has-thr-acc-background-color has-text-color has-background has-link-color has-large-font-size has-text-align-center has-custom-font-size wp-element-button\" href=\"https:\/\/www.oep.tn\/wp-content\/uploads\/2026\/02\/\u0642\u0627\u0626\u0645\u0629-\u0627\u0644\u0645\u062a\u0631\u0634\u062d\u064a\u0646-\u0627\u0644\u0645\u0642\u0628\u0648\u0644\u064a\u0646-\u0623\u0648\u0644\u064a\u0627-\u0644\u0627\u0646\u062a\u062f\u0627\u0628-\u062a\u0642\u0646\u064a\u064a\u0646.pdf\" style=\"border-radius:100px\">Liste des candidats (06 techniciens)<\/a><\/div>\n<\/div>\n\n\n\n<p><\/p>\n","protected":false},"excerpt":{"rendered":"","protected":false},"author":10001,"featured_media":0,"parent":0,"menu_order":0,"comment_status":"closed","ping_status":"closed","template":"","meta":{"_themeisle_gutenberg_block_has_review":false,"footnotes":""},"class_list":["post-5439","page","type-page","status-publish","hentry"],"yoast_head":"<!-- This site is optimized with the Yoast SEO plugin v26.0 - https:\/\/yoast.com\/wordpress\/plugins\/seo\/ -->\n<title>R\u00e9sultats pr\u00e9liminaires des concours externes pour le recrutement des ing\u00e9nieurs et des techniciens sp\u00e9cialit\u00e9 production animale et fourrag\u00e8re - Office de l&#039;Elevage et des P\u00e2turages<\/title>\n<meta name=\"robots\" content=\"index, follow, max-snippet:-1, max-image-preview:large, max-video-preview:-1\" \/>\n<link rel=\"canonical\" href=\"https:\/\/www.oep.tn\/fr\/\u0625\u0639\u0644\u0627\u0646-\u0641\u062a\u062d-\u0645\u0646\u0627\u0638\u0631\u0629-\u0625\u0646\u062a\u062f\u0627\u0628\/\" \/>\n<meta property=\"og:locale\" content=\"fr_FR\" \/>\n<meta property=\"og:type\" content=\"article\" \/>\n<meta property=\"og:title\" content=\"R\u00e9sultats pr\u00e9liminaires des concours externes pour le recrutement des ing\u00e9nieurs et des techniciens sp\u00e9cialit\u00e9 production animale et fourrag\u00e8re - Office de l&#039;Elevage et des P\u00e2turages\" \/>\n<meta property=\"og:url\" content=\"https:\/\/www.oep.tn\/fr\/\u0625\u0639\u0644\u0627\u0646-\u0641\u062a\u062d-\u0645\u0646\u0627\u0638\u0631\u0629-\u0625\u0646\u062a\u062f\u0627\u0628\/\" \/>\n<meta property=\"og:site_name\" content=\"Office de l&#039;Elevage et des P\u00e2turages\" \/>\n<meta property=\"article:modified_time\" content=\"2026-02-03T15:58:22+00:00\" \/>\n<meta name=\"twitter:card\" content=\"summary_large_image\" \/>\n<meta name=\"twitter:label1\" content=\"Dur\u00e9e de lecture estim\u00e9e\" \/>\n\t<meta name=\"twitter:data1\" content=\"1 minute\" \/>\n<script type=\"application\/ld+json\" class=\"yoast-schema-graph\">{\"@context\":\"https:\/\/schema.org\",\"@graph\":[{\"@type\":\"WebPage\",\"@id\":\"https:\/\/www.oep.tn\/fr\/%d8%a5%d8%b9%d9%84%d8%a7%d9%86-%d9%81%d8%aa%d8%ad-%d9%85%d9%86%d8%a7%d8%b8%d8%b1%d8%a9-%d8%a5%d9%86%d8%aa%d8%af%d8%a7%d8%a8\/\",\"url\":\"https:\/\/www.oep.tn\/fr\/%d8%a5%d8%b9%d9%84%d8%a7%d9%86-%d9%81%d8%aa%d8%ad-%d9%85%d9%86%d8%a7%d8%b8%d8%b1%d8%a9-%d8%a5%d9%86%d8%aa%d8%af%d8%a7%d8%a8\/\",\"name\":\"R\u00e9sultats pr\u00e9liminaires des concours externes pour le recrutement des ing\u00e9nieurs et des techniciens sp\u00e9cialit\u00e9 production animale et fourrag\u00e8re - Office de l&#039;Elevage et des P\u00e2turages\",\"isPartOf\":{\"@id\":\"https:\/\/www.oep.tn\/#website\"},\"datePublished\":\"2025-06-17T10:42:59+00:00\",\"dateModified\":\"2026-02-03T15:58:22+00:00\",\"breadcrumb\":{\"@id\":\"https:\/\/www.oep.tn\/fr\/%d8%a5%d8%b9%d9%84%d8%a7%d9%86-%d9%81%d8%aa%d8%ad-%d9%85%d9%86%d8%a7%d8%b8%d8%b1%d8%a9-%d8%a5%d9%86%d8%aa%d8%af%d8%a7%d8%a8\/#breadcrumb\"},\"inLanguage\":\"fr-FR\",\"potentialAction\":[{\"@type\":\"ReadAction\",\"target\":[\"https:\/\/www.oep.tn\/fr\/%d8%a5%d8%b9%d9%84%d8%a7%d9%86-%d9%81%d8%aa%d8%ad-%d9%85%d9%86%d8%a7%d8%b8%d8%b1%d8%a9-%d8%a5%d9%86%d8%aa%d8%af%d8%a7%d8%a8\/\"]}]},{\"@type\":\"BreadcrumbList\",\"@id\":\"https:\/\/www.oep.tn\/fr\/%d8%a5%d8%b9%d9%84%d8%a7%d9%86-%d9%81%d8%aa%d8%ad-%d9%85%d9%86%d8%a7%d8%b8%d8%b1%d8%a9-%d8%a5%d9%86%d8%aa%d8%af%d8%a7%d8%a8\/#breadcrumb\",\"itemListElement\":[{\"@type\":\"ListItem\",\"position\":1,\"name\":\"Accueil\",\"item\":\"https:\/\/www.oep.tn\/fr\/\"},{\"@type\":\"ListItem\",\"position\":2,\"name\":\"R\u00e9sultats pr\u00e9liminaires des concours externes pour le recrutement des ing\u00e9nieurs et des techniciens sp\u00e9cialit\u00e9 production animale et fourrag\u00e8re\"}]},{\"@type\":\"WebSite\",\"@id\":\"https:\/\/www.oep.tn\/#website\",\"url\":\"https:\/\/www.oep.tn\/\",\"name\":\"Office de l'Elevage et des P\u00e2turages\",\"description\":\"Office de l&#039;Elevage et des P\u00e2turages\",\"publisher\":{\"@id\":\"https:\/\/www.oep.tn\/#organization\"},\"alternateName\":\"Office de l'Elevage et des P\u00e2turages\",\"potentialAction\":[{\"@type\":\"SearchAction\",\"target\":{\"@type\":\"EntryPoint\",\"urlTemplate\":\"https:\/\/www.oep.tn\/?s={search_term_string}\"},\"query-input\":{\"@type\":\"PropertyValueSpecification\",\"valueRequired\":true,\"valueName\":\"search_term_string\"}}],\"inLanguage\":\"fr-FR\"},{\"@type\":\"Organization\",\"@id\":\"https:\/\/www.oep.tn\/#organization\",\"name\":\"Office de l'Elevage et des Patuages\",\"url\":\"https:\/\/www.oep.tn\/\",\"logo\":{\"@type\":\"ImageObject\",\"inLanguage\":\"fr-FR\",\"@id\":\"https:\/\/www.oep.tn\/#\/schema\/logo\/image\/\",\"url\":\"https:\/\/www.oep.tn\/wp-content\/uploads\/2022\/11\/logo-oep-arabe-2.png\",\"contentUrl\":\"https:\/\/www.oep.tn\/wp-content\/uploads\/2022\/11\/logo-oep-arabe-2.png\",\"width\":567,\"height\":142,\"caption\":\"Office de l'Elevage et des Patuages\"},\"image\":{\"@id\":\"https:\/\/www.oep.tn\/#\/schema\/logo\/image\/\"}}]}<\/script>\n<!-- \/ Yoast SEO plugin. -->","yoast_head_json":{"title":"R\u00e9sultats pr\u00e9liminaires des concours externes pour le recrutement des ing\u00e9nieurs et des techniciens sp\u00e9cialit\u00e9 production animale et fourrag\u00e8re - Office de l&#039;Elevage et des P\u00e2turages","robots":{"index":"index","follow":"follow","max-snippet":"max-snippet:-1","max-image-preview":"max-image-preview:large","max-video-preview":"max-video-preview:-1"},"canonical":"https:\/\/www.oep.tn\/fr\/\u0625\u0639\u0644\u0627\u0646-\u0641\u062a\u062d-\u0645\u0646\u0627\u0638\u0631\u0629-\u0625\u0646\u062a\u062f\u0627\u0628\/","og_locale":"fr_FR","og_type":"article","og_title":"R\u00e9sultats pr\u00e9liminaires des concours externes pour le recrutement des ing\u00e9nieurs et des techniciens sp\u00e9cialit\u00e9 production animale et fourrag\u00e8re - Office de l&#039;Elevage et des P\u00e2turages","og_url":"https:\/\/www.oep.tn\/fr\/\u0625\u0639\u0644\u0627\u0646-\u0641\u062a\u062d-\u0645\u0646\u0627\u0638\u0631\u0629-\u0625\u0646\u062a\u062f\u0627\u0628\/","og_site_name":"Office de l&#039;Elevage et des P\u00e2turages","article_modified_time":"2026-02-03T15:58:22+00:00","twitter_card":"summary_large_image","twitter_misc":{"Dur\u00e9e de lecture estim\u00e9e":"1 minute"},"schema":{"@context":"https:\/\/schema.org","@graph":[{"@type":"WebPage","@id":"https:\/\/www.oep.tn\/fr\/%d8%a5%d8%b9%d9%84%d8%a7%d9%86-%d9%81%d8%aa%d8%ad-%d9%85%d9%86%d8%a7%d8%b8%d8%b1%d8%a9-%d8%a5%d9%86%d8%aa%d8%af%d8%a7%d8%a8\/","url":"https:\/\/www.oep.tn\/fr\/%d8%a5%d8%b9%d9%84%d8%a7%d9%86-%d9%81%d8%aa%d8%ad-%d9%85%d9%86%d8%a7%d8%b8%d8%b1%d8%a9-%d8%a5%d9%86%d8%aa%d8%af%d8%a7%d8%a8\/","name":"R\u00e9sultats pr\u00e9liminaires des concours externes pour le recrutement des ing\u00e9nieurs et des techniciens sp\u00e9cialit\u00e9 production animale et fourrag\u00e8re - Office de l&#039;Elevage et des P\u00e2turages","isPartOf":{"@id":"https:\/\/www.oep.tn\/#website"},"datePublished":"2025-06-17T10:42:59+00:00","dateModified":"2026-02-03T15:58:22+00:00","breadcrumb":{"@id":"https:\/\/www.oep.tn\/fr\/%d8%a5%d8%b9%d9%84%d8%a7%d9%86-%d9%81%d8%aa%d8%ad-%d9%85%d9%86%d8%a7%d8%b8%d8%b1%d8%a9-%d8%a5%d9%86%d8%aa%d8%af%d8%a7%d8%a8\/#breadcrumb"},"inLanguage":"fr-FR","potentialAction":[{"@type":"ReadAction","target":["https:\/\/www.oep.tn\/fr\/%d8%a5%d8%b9%d9%84%d8%a7%d9%86-%d9%81%d8%aa%d8%ad-%d9%85%d9%86%d8%a7%d8%b8%d8%b1%d8%a9-%d8%a5%d9%86%d8%aa%d8%af%d8%a7%d8%a8\/"]}]},{"@type":"BreadcrumbList","@id":"https:\/\/www.oep.tn\/fr\/%d8%a5%d8%b9%d9%84%d8%a7%d9%86-%d9%81%d8%aa%d8%ad-%d9%85%d9%86%d8%a7%d8%b8%d8%b1%d8%a9-%d8%a5%d9%86%d8%aa%d8%af%d8%a7%d8%a8\/#breadcrumb","itemListElement":[{"@type":"ListItem","position":1,"name":"Accueil","item":"https:\/\/www.oep.tn\/fr\/"},{"@type":"ListItem","position":2,"name":"R\u00e9sultats pr\u00e9liminaires des concours externes pour le recrutement des ing\u00e9nieurs et des techniciens sp\u00e9cialit\u00e9 production animale et fourrag\u00e8re"}]},{"@type":"WebSite","@id":"https:\/\/www.oep.tn\/#website","url":"https:\/\/www.oep.tn\/","name":"Office de l'Elevage et des P\u00e2turages","description":"Office de l&#039;Elevage et des P\u00e2turages","publisher":{"@id":"https:\/\/www.oep.tn\/#organization"},"alternateName":"Office de l'Elevage et des P\u00e2turages","potentialAction":[{"@type":"SearchAction","target":{"@type":"EntryPoint","urlTemplate":"https:\/\/www.oep.tn\/?s={search_term_string}"},"query-input":{"@type":"PropertyValueSpecification","valueRequired":true,"valueName":"search_term_string"}}],"inLanguage":"fr-FR"},{"@type":"Organization","@id":"https:\/\/www.oep.tn\/#organization","name":"Office de l'Elevage et des Patuages","url":"https:\/\/www.oep.tn\/","logo":{"@type":"ImageObject","inLanguage":"fr-FR","@id":"https:\/\/www.oep.tn\/#\/schema\/logo\/image\/","url":"https:\/\/www.oep.tn\/wp-content\/uploads\/2022\/11\/logo-oep-arabe-2.png","contentUrl":"https:\/\/www.oep.tn\/wp-content\/uploads\/2022\/11\/logo-oep-arabe-2.png","width":567,"height":142,"caption":"Office de l'Elevage et des Patuages"},"image":{"@id":"https:\/\/www.oep.tn\/#\/schema\/logo\/image\/"}}]}},"_links":{"self":[{"href":"https:\/\/www.oep.tn\/fr\/wp-json\/wp\/v2\/pages\/5439","targetHints":{"allow":["GET"]}}],"collection":[{"href":"https:\/\/www.oep.tn\/fr\/wp-json\/wp\/v2\/pages"}],"about":[{"href":"https:\/\/www.oep.tn\/fr\/wp-json\/wp\/v2\/types\/page"}],"author":[{"embeddable":true,"href":"https:\/\/www.oep.tn\/fr\/wp-json\/wp\/v2\/users\/10001"}],"replies":[{"embeddable":true,"href":"https:\/\/www.oep.tn\/fr\/wp-json\/wp\/v2\/comments?post=5439"}],"version-history":[{"count":13,"href":"https:\/\/www.oep.tn\/fr\/wp-json\/wp\/v2\/pages\/5439\/revisions"}],"predecessor-version":[{"id":6979,"href":"https:\/\/www.oep.tn\/fr\/wp-json\/wp\/v2\/pages\/5439\/revisions\/6979"}],"wp:attachment":[{"href":"https:\/\/www.oep.tn\/fr\/wp-json\/wp\/v2\/media?parent=5439"}],"curies":[{"name":"wp","href":"https:\/\/api.w.org\/{rel}","templated":true}]}}