


































































{"id":5683,"date":"2025-06-25T10:03:21","date_gmt":"2025-06-25T09:03:21","guid":{"rendered":"https:\/\/www.oep.tn\/?page_id=5683"},"modified":"2025-08-11T11:33:51","modified_gmt":"2025-08-11T10:33:51","slug":"5683-2","status":"publish","type":"page","link":"https:\/\/www.oep.tn\/fr\/5683-2\/","title":{"rendered":"Centres de l&#8217;Office"},"content":{"rendered":"\n<h4 class=\"wp-block-heading\">1- Centre Apicole de Mra\u00efssa<\/h4>\n\n\n\n<p><strong>Date de cr\u00e9ation :<\/strong><br>Le Centre Apicole de Mra\u00efssa a \u00e9t\u00e9 cr\u00e9\u00e9 en 1976 dans le cadre du projet int\u00e9gr\u00e9 de d\u00e9veloppement du secteur apicole en Tunisie, en collaboration avec l&#8217;Organisation des Nations Unies pour l&#8217;Alimentation et l&#8217;Agriculture (<strong>FAO<\/strong>).<br>Le centre a jou\u00e9 un r\u00f4le cl\u00e9 dans la modernisation de l\u2019apiculture nationale, en rempla\u00e7ant les ruches traditionnelles par des ruches modernes, permettant ainsi d\u2019atteindre un taux de conversion de pr\u00e8s de <strong>98,7 %<\/strong> vers le syst\u00e8me moderne.<\/p>\n\n\n\n<hr class=\"wp-block-separator has-alpha-channel-opacity\"\/>\n\n\n\n<h4 class=\"wp-block-heading\">Missions principales du centre<\/h4>\n\n\n\n<h5 class=\"wp-block-heading\">   Appui technique et coordination<\/h5>\n\n\n\n<ul class=\"wp-block-list\">\n<li>Fournir un appui technique aux apiculteurs et aux diff\u00e9rents acteurs du secteur.<\/li>\n\n\n\n<li>Assurer la coordination entre toutes les parties prenantes pour la mise en place d\u2019un syst\u00e8me int\u00e9gr\u00e9 de d\u00e9veloppement de l\u2019apiculture.<\/li>\n<\/ul>\n\n\n\n<h5 class=\"wp-block-heading\">   Appui \u00e0 la recherche appliqu\u00e9e<\/h5>\n\n\n\n<ul class=\"wp-block-list\">\n<li>Suivi de la sant\u00e9 des colonies d\u2019abeilles en coordination avec les services v\u00e9t\u00e9rinaires comp\u00e9tents.<\/li>\n\n\n\n<li>Am\u00e9lioration de la qualit\u00e9 du miel et d\u00e9veloppement des normes de production.<\/li>\n\n\n\n<li>Valorisation des diff\u00e9rents produits de la ruche (miel, cire, gel\u00e9e royale, etc.).<\/li>\n\n\n\n<li>Am\u00e9lioration de la race locale des abeilles en collaboration avec les sp\u00e9cialistes en g\u00e9n\u00e9tique.<\/li>\n\n\n\n<li>D\u00e9veloppement des m\u00e9thodes et techniques d\u2019exploitation des ruchers.<\/li>\n\n\n\n<li>Contribution \u00e0 l\u2019\u00e9laboration d\u2019\u00e9tudes techniques et \u00e9conomiques relatives au secteur apicole.<\/li>\n<\/ul>\n\n\n\n<h5 class=\"wp-block-heading\">   Valorisation des r\u00e9sultats de la recherche<\/h5>\n\n\n\n<ul class=\"wp-block-list\">\n<li>\u00c9laboration de r\u00e9f\u00e9rentiels techniques et \u00e9conomiques adapt\u00e9s au secteur.<\/li>\n\n\n\n<li>Diffusion et exploitation des r\u00e9sultats des recherches appliqu\u00e9es pour am\u00e9liorer les pratiques professionnelles.<\/li>\n<\/ul>\n\n\n\n<hr class=\"wp-block-separator has-alpha-channel-opacity\"\/>\n\n\n\n<h4 class=\"wp-block-heading\">Formation et encadrement<\/h4>\n\n\n\n<ul class=\"wp-block-list\">\n<li>Organisation de sessions de formation g\u00e9n\u00e9rale et sp\u00e9cialis\u00e9e sur la gestion des ruchers.<\/li>\n\n\n\n<li>Formation \u00e0 la production de reines et \u00e0 la production de gel\u00e9e royale.<\/li>\n\n\n\n<li>Sessions de formation sur l\u2019am\u00e9lioration de la qualit\u00e9 du miel.<\/li>\n\n\n\n<li>Organisation de journ\u00e9es d\u2019information et de sensibilisation sur divers sujets li\u00e9s \u00e0 l\u2019apiculture.<\/li>\n\n\n\n<li>Encadrement de visites de terrain \u00e0 but p\u00e9dagogique.<\/li>\n\n\n\n<li>Accueil de stagiaires (\u00e9l\u00e8ves et \u00e9tudiants) des diff\u00e9rents \u00e9tablissements de formation et de recherche.<\/li>\n<\/ul>\n\n\n\n<hr class=\"wp-block-separator has-alpha-channel-opacity\"\/>\n\n\n\n<h4 class=\"wp-block-heading\">Adresse et coordonn\u00e9es<\/h4>\n\n\n\n<ul class=\"wp-block-list\">\n<li><strong>Adresse :<\/strong> Centre d\u2019am\u00e9lioration du secteur apicole \u00e0 Al-Mara\u00efsa, route d\u2019Al-Houaria \u2013 Soliman<\/li>\n\n\n\n<li><strong>T\u00e9l <\/strong>: 72 398 219<\/li>\n\n\n\n<li><strong>Fax :<\/strong> (+216) 72 398 219<\/li>\n\n\n\n<li><strong>E-mail :<\/strong> <a>emraissa@oep.tn<\/a><\/li>\n<\/ul>\n\n\n\n<div class=\"wp-block-buttons is-content-justification-center is-layout-flex wp-container-core-buttons-is-layout-16018d1d wp-block-buttons-is-layout-flex\">\n<div class=\"wp-block-button\"><a class=\"wp-block-button__link wp-element-button\" href=\"https:\/\/www.oep.tn\/wp-content\/uploads\/2025\/06\/mraissa-2019-version-final_compressed.pdf\"><strong>Lien de t\u00e9l\u00e9chargement de la brochure du Centre Apicole de Mra\u00efssa<\/strong><\/a><\/div>\n<\/div>\n\n\n\n<p><\/p>\n\n\n\n<h4 class=\"wp-block-heading\"><strong>2 \u2013 Centre de Multiplication des Semences Fourrag\u00e8res et Pastorales de El-Guerine<\/strong><\/h4>\n\n\n\n<h6 class=\"wp-block-heading\"><br><strong>Localisation et climat<\/strong><\/h6>\n\n\n\n<p>Le Centre de Multiplication des Semences Fourrag\u00e8res et Pastorales de El-Grine est situ\u00e9 dans la d\u00e9l\u00e9gation de Chebika, au gouvernorat de Kairouan, au centre de la Tunisie.<br>Il b\u00e9n\u00e9ficie d\u2019un climat semi-aride, caract\u00e9ris\u00e9 par de faibles pr\u00e9cipitations et des temp\u00e9ratures \u00e9lev\u00e9es, offrant ainsi un environnement id\u00e9al pour exp\u00e9rimenter et produire des vari\u00e9t\u00e9s fourrag\u00e8res et pastorales adapt\u00e9es aux conditions climatiques difficiles.<\/p>\n\n\n\n<h6 class=\"wp-block-heading\"><strong>R\u00f4le strat\u00e9gique du centre<\/strong><\/h6>\n\n\n\n<p><br>Depuis sa cr\u00e9ation en 1989, le centre constitue un maillon essentiel entre les institutions de recherche scientifique et les producteurs de semences (multiplicateurs et agriculteurs). Il assure plusieurs missions strat\u00e9giques :<\/p>\n\n\n\n<h6 class=\"wp-block-heading\"><strong>Objectifs principaux :<\/strong><\/h6>\n\n\n\n<ul class=\"wp-block-list\">\n<li>Produire les semences de base des vari\u00e9t\u00e9s fourrag\u00e8res et pastorales locales.<\/li>\n\n\n\n<li>Produire, sur demande, des plants d\u2019arbustes fourragers \u00e0 haute productivit\u00e9.<\/li>\n\n\n\n<li>Fournir aux producteurs des semences de qualit\u00e9 sup\u00e9rieure.<\/li>\n\n\n\n<li>Contribuer \u00e0 la formation de techniciens sp\u00e9cialis\u00e9s dans le domaine des semences.<\/li>\n\n\n\n<li>Encadrer et conseiller les agriculteurs producteurs de semences fourrag\u00e8res.<\/li>\n\n\n\n<li>Constituer et renouveler les stocks de semences fourrag\u00e8res et d\u2019arbustes fourragers.<\/li>\n<\/ul>\n\n\n\n<h6 class=\"wp-block-heading\"><strong>Infrastructures et modernisation des \u00e9quipements<\/strong><\/h6>\n\n\n\n<p>Ces derni\u00e8res ann\u00e9es, le centre a vu ses capacit\u00e9s renforc\u00e9es gr\u00e2ce au d\u00e9veloppement de ses infrastructures, \u00e0 travers divers am\u00e9nagements structurels et projets de coop\u00e9ration, parmi lesquels :<\/p>\n\n\n\n<p>Une convention tripartite sign\u00e9e en 2014 entre :<\/p>\n\n\n\n<ul class=\"wp-block-list\">\n<li>L\u2019Office de l\u2019\u00c9levage et des P\u00e2turages,<\/li>\n\n\n\n<li>La D\u00e9l\u00e9gation R\u00e9gionale au D\u00e9veloppement Agricole de Kairouan,<\/li>\n\n\n\n<li>La Direction G\u00e9n\u00e9rale des For\u00eats.<\/li>\n<\/ul>\n\n\n\n<p>Cette convention a permis au centre de :<\/p>\n\n\n\n<ul class=\"wp-block-list\">\n<li>Exploiter une superficie de 60 hectares,<\/li>\n\n\n\n<li>\u00c9quiper un forage profond pour s\u00e9curiser les besoins en irrigation,<\/li>\n\n\n\n<li>Installer une unit\u00e9 moderne de traitement et de conditionnement des semences fourrag\u00e8res, contribuant ainsi \u00e0 l\u2019am\u00e9lioration de la qualit\u00e9 de la production.<\/li>\n<\/ul>\n\n\n\n<p>Par ailleurs, une unit\u00e9 de production d\u2019inoculants bact\u00e9riens a \u00e9t\u00e9 mise en place, visant \u00e0 enrichir la fertilit\u00e9 des sols et \u00e0 am\u00e9liorer la productivit\u00e9 et la qualit\u00e9 des cultures.<\/p>\n\n\n\n<p>De plus, des silos m\u00e9talliques de stockage des semences ont \u00e9t\u00e9 install\u00e9s, renfor\u00e7ant la capacit\u00e9 de stockage et garantissant la pr\u00e9servation de leur qualit\u00e9 \u00e0 toutes les \u00e9tapes de production et de conservation.<\/p>\n\n\n\n<p>Ces projets ont \u00e9t\u00e9 r\u00e9alis\u00e9s avec l\u2019appui de la coop\u00e9ration allemande (GIZ), dans le cadre des projets IAAA et PROSOL, qui visent \u00e0 d\u00e9velopper les cha\u00eenes de valeur agricoles et \u00e0 am\u00e9liorer les syst\u00e8mes de production durables.<\/p>\n\n\n\n<h6 class=\"wp-block-heading\"><strong>Adresse et coordonn\u00e9es<\/strong><\/h6>\n\n\n\n<ul class=\"wp-block-list\">\n<li><strong>Adresse :<\/strong>&nbsp;El Chbika Kairouan<\/li>\n\n\n\n<li><strong>T\u00e9l :<\/strong>&nbsp;(+216) 77 240 373<\/li>\n\n\n\n<li><strong>E-mail :<\/strong>&nbsp;elgrine@oep.tn<\/li>\n<\/ul>\n","protected":false},"excerpt":{"rendered":"<p>1- Centre Apicole de Mra\u00efssa Date de cr\u00e9ation :Le Centre Apicole de Mra\u00efssa a \u00e9t\u00e9 cr\u00e9\u00e9 en 1976 dans le cadre du projet int\u00e9gr\u00e9 de d\u00e9veloppement du secteur apicole en Tunisie, en collaboration avec l&#8217;Organisation des Nations Unies pour l&#8217;Alimentation et l&#8217;Agriculture (FAO).Le centre a jou\u00e9 un r\u00f4le cl\u00e9 dans la modernisation de l\u2019apiculture nationale, [&hellip;]<\/p>\n","protected":false},"author":10002,"featured_media":0,"parent":0,"menu_order":0,"comment_status":"closed","ping_status":"closed","template":"","meta":{"_themeisle_gutenberg_block_has_review":false,"footnotes":""},"class_list":["post-5683","page","type-page","status-publish","hentry"],"yoast_head":"<!-- This site is optimized with the Yoast SEO plugin v26.0 - https:\/\/yoast.com\/wordpress\/plugins\/seo\/ -->\n<title>Centres de l&#039;Office - Office de l&#039;Elevage et des P\u00e2turages<\/title>\n<meta name=\"robots\" content=\"index, follow, max-snippet:-1, max-image-preview:large, max-video-preview:-1\" \/>\n<link rel=\"canonical\" href=\"https:\/\/www.oep.tn\/fr\/5683-2\/\" \/>\n<meta property=\"og:locale\" content=\"fr_FR\" \/>\n<meta property=\"og:type\" content=\"article\" \/>\n<meta property=\"og:title\" content=\"Centres de l&#039;Office - Office de l&#039;Elevage et des P\u00e2turages\" \/>\n<meta property=\"og:description\" content=\"1- Centre Apicole de Mra\u00efssa Date de cr\u00e9ation :Le Centre Apicole de Mra\u00efssa a \u00e9t\u00e9 cr\u00e9\u00e9 en 1976 dans le cadre du projet int\u00e9gr\u00e9 de d\u00e9veloppement du secteur apicole en Tunisie, en collaboration avec l&#8217;Organisation des Nations Unies pour l&#8217;Alimentation et l&#8217;Agriculture (FAO).Le centre a jou\u00e9 un r\u00f4le cl\u00e9 dans la modernisation de l\u2019apiculture nationale, [&hellip;]\" \/>\n<meta property=\"og:url\" content=\"https:\/\/www.oep.tn\/fr\/5683-2\/\" \/>\n<meta property=\"og:site_name\" content=\"Office de l&#039;Elevage et des P\u00e2turages\" \/>\n<meta property=\"article:modified_time\" content=\"2025-08-11T10:33:51+00:00\" \/>\n<meta name=\"twitter:card\" content=\"summary_large_image\" \/>\n<meta name=\"twitter:label1\" content=\"Dur\u00e9e de lecture estim\u00e9e\" \/>\n\t<meta name=\"twitter:data1\" content=\"4 minutes\" \/>\n<script type=\"application\/ld+json\" class=\"yoast-schema-graph\">{\"@context\":\"https:\/\/schema.org\",\"@graph\":[{\"@type\":\"WebPage\",\"@id\":\"https:\/\/www.oep.tn\/fr\/5683-2\/\",\"url\":\"https:\/\/www.oep.tn\/fr\/5683-2\/\",\"name\":\"Centres de l'Office - Office de l&#039;Elevage et des P\u00e2turages\",\"isPartOf\":{\"@id\":\"https:\/\/www.oep.tn\/#website\"},\"datePublished\":\"2025-06-25T09:03:21+00:00\",\"dateModified\":\"2025-08-11T10:33:51+00:00\",\"breadcrumb\":{\"@id\":\"https:\/\/www.oep.tn\/fr\/5683-2\/#breadcrumb\"},\"inLanguage\":\"fr-FR\",\"potentialAction\":[{\"@type\":\"ReadAction\",\"target\":[\"https:\/\/www.oep.tn\/fr\/5683-2\/\"]}]},{\"@type\":\"BreadcrumbList\",\"@id\":\"https:\/\/www.oep.tn\/fr\/5683-2\/#breadcrumb\",\"itemListElement\":[{\"@type\":\"ListItem\",\"position\":1,\"name\":\"Accueil\",\"item\":\"https:\/\/www.oep.tn\/fr\/\"},{\"@type\":\"ListItem\",\"position\":2,\"name\":\"Centres de l&#8217;Office\"}]},{\"@type\":\"WebSite\",\"@id\":\"https:\/\/www.oep.tn\/#website\",\"url\":\"https:\/\/www.oep.tn\/\",\"name\":\"Office de l'Elevage et des P\u00e2turages\",\"description\":\"Office de l&#039;Elevage et des P\u00e2turages\",\"publisher\":{\"@id\":\"https:\/\/www.oep.tn\/#organization\"},\"alternateName\":\"Office de l'Elevage et des P\u00e2turages\",\"potentialAction\":[{\"@type\":\"SearchAction\",\"target\":{\"@type\":\"EntryPoint\",\"urlTemplate\":\"https:\/\/www.oep.tn\/?s={search_term_string}\"},\"query-input\":{\"@type\":\"PropertyValueSpecification\",\"valueRequired\":true,\"valueName\":\"search_term_string\"}}],\"inLanguage\":\"fr-FR\"},{\"@type\":\"Organization\",\"@id\":\"https:\/\/www.oep.tn\/#organization\",\"name\":\"Office de l'Elevage et des Patuages\",\"url\":\"https:\/\/www.oep.tn\/\",\"logo\":{\"@type\":\"ImageObject\",\"inLanguage\":\"fr-FR\",\"@id\":\"https:\/\/www.oep.tn\/#\/schema\/logo\/image\/\",\"url\":\"https:\/\/www.oep.tn\/wp-content\/uploads\/2022\/11\/logo-oep-arabe-2.png\",\"contentUrl\":\"https:\/\/www.oep.tn\/wp-content\/uploads\/2022\/11\/logo-oep-arabe-2.png\",\"width\":567,\"height\":142,\"caption\":\"Office de l'Elevage et des Patuages\"},\"image\":{\"@id\":\"https:\/\/www.oep.tn\/#\/schema\/logo\/image\/\"}}]}<\/script>\n<!-- \/ Yoast SEO plugin. -->","yoast_head_json":{"title":"Centres de l'Office - Office de l&#039;Elevage et des P\u00e2turages","robots":{"index":"index","follow":"follow","max-snippet":"max-snippet:-1","max-image-preview":"max-image-preview:large","max-video-preview":"max-video-preview:-1"},"canonical":"https:\/\/www.oep.tn\/fr\/5683-2\/","og_locale":"fr_FR","og_type":"article","og_title":"Centres de l'Office - Office de l&#039;Elevage et des P\u00e2turages","og_description":"1- Centre Apicole de Mra\u00efssa Date de cr\u00e9ation :Le Centre Apicole de Mra\u00efssa a \u00e9t\u00e9 cr\u00e9\u00e9 en 1976 dans le cadre du projet int\u00e9gr\u00e9 de d\u00e9veloppement du secteur apicole en Tunisie, en collaboration avec l&#8217;Organisation des Nations Unies pour l&#8217;Alimentation et l&#8217;Agriculture (FAO).Le centre a jou\u00e9 un r\u00f4le cl\u00e9 dans la modernisation de l\u2019apiculture nationale, [&hellip;]","og_url":"https:\/\/www.oep.tn\/fr\/5683-2\/","og_site_name":"Office de l&#039;Elevage et des P\u00e2turages","article_modified_time":"2025-08-11T10:33:51+00:00","twitter_card":"summary_large_image","twitter_misc":{"Dur\u00e9e de lecture estim\u00e9e":"4 minutes"},"schema":{"@context":"https:\/\/schema.org","@graph":[{"@type":"WebPage","@id":"https:\/\/www.oep.tn\/fr\/5683-2\/","url":"https:\/\/www.oep.tn\/fr\/5683-2\/","name":"Centres de l'Office - Office de l&#039;Elevage et des P\u00e2turages","isPartOf":{"@id":"https:\/\/www.oep.tn\/#website"},"datePublished":"2025-06-25T09:03:21+00:00","dateModified":"2025-08-11T10:33:51+00:00","breadcrumb":{"@id":"https:\/\/www.oep.tn\/fr\/5683-2\/#breadcrumb"},"inLanguage":"fr-FR","potentialAction":[{"@type":"ReadAction","target":["https:\/\/www.oep.tn\/fr\/5683-2\/"]}]},{"@type":"BreadcrumbList","@id":"https:\/\/www.oep.tn\/fr\/5683-2\/#breadcrumb","itemListElement":[{"@type":"ListItem","position":1,"name":"Accueil","item":"https:\/\/www.oep.tn\/fr\/"},{"@type":"ListItem","position":2,"name":"Centres de l&#8217;Office"}]},{"@type":"WebSite","@id":"https:\/\/www.oep.tn\/#website","url":"https:\/\/www.oep.tn\/","name":"Office de l'Elevage et des P\u00e2turages","description":"Office de l&#039;Elevage et des P\u00e2turages","publisher":{"@id":"https:\/\/www.oep.tn\/#organization"},"alternateName":"Office de l'Elevage et des P\u00e2turages","potentialAction":[{"@type":"SearchAction","target":{"@type":"EntryPoint","urlTemplate":"https:\/\/www.oep.tn\/?s={search_term_string}"},"query-input":{"@type":"PropertyValueSpecification","valueRequired":true,"valueName":"search_term_string"}}],"inLanguage":"fr-FR"},{"@type":"Organization","@id":"https:\/\/www.oep.tn\/#organization","name":"Office de l'Elevage et des Patuages","url":"https:\/\/www.oep.tn\/","logo":{"@type":"ImageObject","inLanguage":"fr-FR","@id":"https:\/\/www.oep.tn\/#\/schema\/logo\/image\/","url":"https:\/\/www.oep.tn\/wp-content\/uploads\/2022\/11\/logo-oep-arabe-2.png","contentUrl":"https:\/\/www.oep.tn\/wp-content\/uploads\/2022\/11\/logo-oep-arabe-2.png","width":567,"height":142,"caption":"Office de l'Elevage et des Patuages"},"image":{"@id":"https:\/\/www.oep.tn\/#\/schema\/logo\/image\/"}}]}},"_links":{"self":[{"href":"https:\/\/www.oep.tn\/fr\/wp-json\/wp\/v2\/pages\/5683","targetHints":{"allow":["GET"]}}],"collection":[{"href":"https:\/\/www.oep.tn\/fr\/wp-json\/wp\/v2\/pages"}],"about":[{"href":"https:\/\/www.oep.tn\/fr\/wp-json\/wp\/v2\/types\/page"}],"author":[{"embeddable":true,"href":"https:\/\/www.oep.tn\/fr\/wp-json\/wp\/v2\/users\/10002"}],"replies":[{"embeddable":true,"href":"https:\/\/www.oep.tn\/fr\/wp-json\/wp\/v2\/comments?post=5683"}],"version-history":[{"count":7,"href":"https:\/\/www.oep.tn\/fr\/wp-json\/wp\/v2\/pages\/5683\/revisions"}],"predecessor-version":[{"id":6192,"href":"https:\/\/www.oep.tn\/fr\/wp-json\/wp\/v2\/pages\/5683\/revisions\/6192"}],"wp:attachment":[{"href":"https:\/\/www.oep.tn\/fr\/wp-json\/wp\/v2\/media?parent=5683"}],"curies":[{"name":"wp","href":"https:\/\/api.w.org\/{rel}","templated":true}]}}