


































































{"id":607,"date":"2014-06-18T17:06:47","date_gmt":"2014-06-18T17:06:47","guid":{"rendered":"https:\/\/demo.mekshq.com\/throne\/?page_id=5"},"modified":"2024-09-17T14:36:43","modified_gmt":"2024-09-17T13:36:43","slug":"home","status":"publish","type":"page","link":"https:\/\/www.oep.tn\/fr\/","title":{"rendered":"Home"},"content":{"rendered":"","protected":false},"excerpt":{"rendered":"","protected":false},"author":1,"featured_media":0,"parent":0,"menu_order":0,"comment_status":"open","ping_status":"open","template":"template-home.php","meta":{"_themeisle_gutenberg_block_has_review":false,"footnotes":""},"class_list":["post-607","page","type-page","status-publish","hentry"],"yoast_head":"<!-- This site is optimized with the Yoast SEO plugin v26.0 - https:\/\/yoast.com\/wordpress\/plugins\/seo\/ -->\n<title>OEP - OFFICE DE L&#039;ELEVAGE ET DES PATURAGES<\/title>\n<meta name=\"description\" content=\"L\u2019Office de l\u2019Elevage et des P\u00e2turages est une entreprise publique \u00e0 caract\u00e8re non administratif (EPNA), sous la tutelle du Minist\u00e8re de l\u2019Agriculture. l\u2019OEP est charg\u00e9 du d\u00e9veloppement et de la promotion du secteur de l\u2019\u00e9levage et des p\u00e2turages et joue un r\u00f4le de conseiller et de r\u00e9f\u00e9rentiel technique pour les autorit\u00e9s publiques.\" \/>\n<meta name=\"robots\" content=\"index, follow, max-snippet:-1, max-image-preview:large, max-video-preview:-1\" \/>\n<link rel=\"canonical\" href=\"https:\/\/www.oep.tn\/fr\/\" \/>\n<meta property=\"og:locale\" content=\"fr_FR\" \/>\n<meta property=\"og:type\" content=\"article\" \/>\n<meta property=\"og:title\" content=\"OEP - OFFICE DE L&#039;ELEVAGE ET DES PATURAGES\" \/>\n<meta property=\"og:description\" content=\"L\u2019Office de l\u2019Elevage et des P\u00e2turages est une entreprise publique \u00e0 caract\u00e8re non administratif (EPNA), sous la tutelle du Minist\u00e8re de l\u2019Agriculture. l\u2019OEP est charg\u00e9 du d\u00e9veloppement et de la promotion du secteur de l\u2019\u00e9levage et des p\u00e2turages et joue un r\u00f4le de conseiller et de r\u00e9f\u00e9rentiel technique pour les autorit\u00e9s publiques.\" \/>\n<meta property=\"og:url\" content=\"https:\/\/www.oep.tn\/fr\/\" \/>\n<meta property=\"og:site_name\" content=\"Office de l&#039;Elevage et des P\u00e2turages\" \/>\n<meta property=\"article:modified_time\" content=\"2024-09-17T13:36:43+00:00\" \/>\n<meta name=\"twitter:card\" content=\"summary_large_image\" \/>\n<script type=\"application\/ld+json\" class=\"yoast-schema-graph\">{\"@context\":\"https:\/\/schema.org\",\"@graph\":[{\"@type\":\"WebPage\",\"@id\":\"https:\/\/www.oep.tn\/fr\/\",\"url\":\"https:\/\/www.oep.tn\/fr\/\",\"name\":\"OEP - OFFICE DE L'ELEVAGE ET DES PATURAGES\",\"isPartOf\":{\"@id\":\"https:\/\/www.oep.tn\/#website\"},\"datePublished\":\"2014-06-18T17:06:47+00:00\",\"dateModified\":\"2024-09-17T13:36:43+00:00\",\"description\":\"L\u2019Office de l\u2019Elevage et des P\u00e2turages est une entreprise publique \u00e0 caract\u00e8re non administratif (EPNA), sous la tutelle du Minist\u00e8re de l\u2019Agriculture. l\u2019OEP est charg\u00e9 du d\u00e9veloppement et de la promotion du secteur de l\u2019\u00e9levage et des p\u00e2turages et joue un r\u00f4le de conseiller et de r\u00e9f\u00e9rentiel technique pour les autorit\u00e9s publiques.\",\"breadcrumb\":{\"@id\":\"https:\/\/www.oep.tn\/fr\/#breadcrumb\"},\"inLanguage\":\"fr-FR\",\"potentialAction\":[{\"@type\":\"ReadAction\",\"target\":[\"https:\/\/www.oep.tn\/fr\/\"]}]},{\"@type\":\"BreadcrumbList\",\"@id\":\"https:\/\/www.oep.tn\/fr\/#breadcrumb\",\"itemListElement\":[{\"@type\":\"ListItem\",\"position\":1,\"name\":\"Accueil\",\"item\":\"https:\/\/www.oep.tn\/fr\/\"},{\"@type\":\"ListItem\",\"position\":2,\"name\":\"Home\"}]},{\"@type\":\"WebSite\",\"@id\":\"https:\/\/www.oep.tn\/#website\",\"url\":\"https:\/\/www.oep.tn\/\",\"name\":\"Office de l'Elevage et des P\u00e2turages\",\"description\":\"Office de l&#039;Elevage et des P\u00e2turages\",\"publisher\":{\"@id\":\"https:\/\/www.oep.tn\/#organization\"},\"alternateName\":\"Office de l'Elevage et des P\u00e2turages\",\"potentialAction\":[{\"@type\":\"SearchAction\",\"target\":{\"@type\":\"EntryPoint\",\"urlTemplate\":\"https:\/\/www.oep.tn\/?s={search_term_string}\"},\"query-input\":{\"@type\":\"PropertyValueSpecification\",\"valueRequired\":true,\"valueName\":\"search_term_string\"}}],\"inLanguage\":\"fr-FR\"},{\"@type\":\"Organization\",\"@id\":\"https:\/\/www.oep.tn\/#organization\",\"name\":\"Office de l'Elevage et des Patuages\",\"url\":\"https:\/\/www.oep.tn\/\",\"logo\":{\"@type\":\"ImageObject\",\"inLanguage\":\"fr-FR\",\"@id\":\"https:\/\/www.oep.tn\/#\/schema\/logo\/image\/\",\"url\":\"https:\/\/www.oep.tn\/wp-content\/uploads\/2022\/11\/logo-oep-arabe-2.png\",\"contentUrl\":\"https:\/\/www.oep.tn\/wp-content\/uploads\/2022\/11\/logo-oep-arabe-2.png\",\"width\":567,\"height\":142,\"caption\":\"Office de l'Elevage et des Patuages\"},\"image\":{\"@id\":\"https:\/\/www.oep.tn\/#\/schema\/logo\/image\/\"}}]}<\/script>\n<!-- \/ Yoast SEO plugin. -->","yoast_head_json":{"title":"OEP - OFFICE DE L'ELEVAGE ET DES PATURAGES","description":"L\u2019Office de l\u2019Elevage et des P\u00e2turages est une entreprise publique \u00e0 caract\u00e8re non administratif (EPNA), sous la tutelle du Minist\u00e8re de l\u2019Agriculture. l\u2019OEP est charg\u00e9 du d\u00e9veloppement et de la promotion du secteur de l\u2019\u00e9levage et des p\u00e2turages et joue un r\u00f4le de conseiller et de r\u00e9f\u00e9rentiel technique pour les autorit\u00e9s publiques.","robots":{"index":"index","follow":"follow","max-snippet":"max-snippet:-1","max-image-preview":"max-image-preview:large","max-video-preview":"max-video-preview:-1"},"canonical":"https:\/\/www.oep.tn\/fr\/","og_locale":"fr_FR","og_type":"article","og_title":"OEP - OFFICE DE L'ELEVAGE ET DES PATURAGES","og_description":"L\u2019Office de l\u2019Elevage et des P\u00e2turages est une entreprise publique \u00e0 caract\u00e8re non administratif (EPNA), sous la tutelle du Minist\u00e8re de l\u2019Agriculture. l\u2019OEP est charg\u00e9 du d\u00e9veloppement et de la promotion du secteur de l\u2019\u00e9levage et des p\u00e2turages et joue un r\u00f4le de conseiller et de r\u00e9f\u00e9rentiel technique pour les autorit\u00e9s publiques.","og_url":"https:\/\/www.oep.tn\/fr\/","og_site_name":"Office de l&#039;Elevage et des P\u00e2turages","article_modified_time":"2024-09-17T13:36:43+00:00","twitter_card":"summary_large_image","schema":{"@context":"https:\/\/schema.org","@graph":[{"@type":"WebPage","@id":"https:\/\/www.oep.tn\/fr\/","url":"https:\/\/www.oep.tn\/fr\/","name":"OEP - OFFICE DE L'ELEVAGE ET DES PATURAGES","isPartOf":{"@id":"https:\/\/www.oep.tn\/#website"},"datePublished":"2014-06-18T17:06:47+00:00","dateModified":"2024-09-17T13:36:43+00:00","description":"L\u2019Office de l\u2019Elevage et des P\u00e2turages est une entreprise publique \u00e0 caract\u00e8re non administratif (EPNA), sous la tutelle du Minist\u00e8re de l\u2019Agriculture. l\u2019OEP est charg\u00e9 du d\u00e9veloppement et de la promotion du secteur de l\u2019\u00e9levage et des p\u00e2turages et joue un r\u00f4le de conseiller et de r\u00e9f\u00e9rentiel technique pour les autorit\u00e9s publiques.","breadcrumb":{"@id":"https:\/\/www.oep.tn\/fr\/#breadcrumb"},"inLanguage":"fr-FR","potentialAction":[{"@type":"ReadAction","target":["https:\/\/www.oep.tn\/fr\/"]}]},{"@type":"BreadcrumbList","@id":"https:\/\/www.oep.tn\/fr\/#breadcrumb","itemListElement":[{"@type":"ListItem","position":1,"name":"Accueil","item":"https:\/\/www.oep.tn\/fr\/"},{"@type":"ListItem","position":2,"name":"Home"}]},{"@type":"WebSite","@id":"https:\/\/www.oep.tn\/#website","url":"https:\/\/www.oep.tn\/","name":"Office de l'Elevage et des P\u00e2turages","description":"Office de l&#039;Elevage et des P\u00e2turages","publisher":{"@id":"https:\/\/www.oep.tn\/#organization"},"alternateName":"Office de l'Elevage et des P\u00e2turages","potentialAction":[{"@type":"SearchAction","target":{"@type":"EntryPoint","urlTemplate":"https:\/\/www.oep.tn\/?s={search_term_string}"},"query-input":{"@type":"PropertyValueSpecification","valueRequired":true,"valueName":"search_term_string"}}],"inLanguage":"fr-FR"},{"@type":"Organization","@id":"https:\/\/www.oep.tn\/#organization","name":"Office de l'Elevage et des Patuages","url":"https:\/\/www.oep.tn\/","logo":{"@type":"ImageObject","inLanguage":"fr-FR","@id":"https:\/\/www.oep.tn\/#\/schema\/logo\/image\/","url":"https:\/\/www.oep.tn\/wp-content\/uploads\/2022\/11\/logo-oep-arabe-2.png","contentUrl":"https:\/\/www.oep.tn\/wp-content\/uploads\/2022\/11\/logo-oep-arabe-2.png","width":567,"height":142,"caption":"Office de l'Elevage et des Patuages"},"image":{"@id":"https:\/\/www.oep.tn\/#\/schema\/logo\/image\/"}}]}},"_links":{"self":[{"href":"https:\/\/www.oep.tn\/fr\/wp-json\/wp\/v2\/pages\/607","targetHints":{"allow":["GET"]}}],"collection":[{"href":"https:\/\/www.oep.tn\/fr\/wp-json\/wp\/v2\/pages"}],"about":[{"href":"https:\/\/www.oep.tn\/fr\/wp-json\/wp\/v2\/types\/page"}],"author":[{"embeddable":true,"href":"https:\/\/www.oep.tn\/fr\/wp-json\/wp\/v2\/users\/1"}],"replies":[{"embeddable":true,"href":"https:\/\/www.oep.tn\/fr\/wp-json\/wp\/v2\/comments?post=607"}],"version-history":[{"count":1,"href":"https:\/\/www.oep.tn\/fr\/wp-json\/wp\/v2\/pages\/607\/revisions"}],"predecessor-version":[{"id":4219,"href":"https:\/\/www.oep.tn\/fr\/wp-json\/wp\/v2\/pages\/607\/revisions\/4219"}],"wp:attachment":[{"href":"https:\/\/www.oep.tn\/fr\/wp-json\/wp\/v2\/media?parent=607"}],"curies":[{"name":"wp","href":"https:\/\/api.w.org\/{rel}","templated":true}]}}