


































































{"id":688,"date":"2022-05-23T11:16:41","date_gmt":"2022-05-23T09:16:41","guid":{"rendered":"https:\/\/www.oep.tn\/?page_id=688"},"modified":"2025-07-01T10:44:34","modified_gmt":"2025-07-01T09:44:34","slug":"appel-doffres","status":"publish","type":"page","link":"https:\/\/www.oep.tn\/fr\/appel-doffres\/","title":{"rendered":"Appel d&#8217;offres"},"content":{"rendered":"<ul class=\"wp-block-latest-posts__list is-grid columns-2 aligncenter wp-block-latest-posts\"><li><a class=\"wp-block-latest-posts__post-title\" href=\"https:\/\/www.oep.tn\/fr\/avis-resultat-de-lappel-doffres-n05-2024\/\">Avis r\u00e9sultat de l&#8217;appel d&#8217;offres N\u00b005\/2024<\/a><div class=\"wp-block-latest-posts__post-excerpt\">Dernier d\u00e9lai\u00a0: [Samedi, 30 Novembre 2024]D\u00e9signation\u00a0: Avis r\u00e9sultat de l&#8217;appel d&#8217;offres N\u00b005\/2024 .<\/div><\/li>\n<li><a class=\"wp-block-latest-posts__post-title\" href=\"https:\/\/www.oep.tn\/fr\/avis-de-lappel-doffres-n10-2024\/\">Avis de l&#8217;appel d&#8217;offres N\u00b010\/2024<\/a><div class=\"wp-block-latest-posts__post-excerpt\">Dernier d\u00e9lai&nbsp;: [Jeudi, 31 Octobre 2024]D\u00e9signation&nbsp;: Avis de l&#8217;appel d&#8217;offres N\u00b010\/2024 ayant pour objet :&nbsp;l&#8217;Acquisition des colonies d\u2019abeilles et du mat\u00e9riel d\u2019Apiculture&nbsp;<\/div><\/li>\n<li><a class=\"wp-block-latest-posts__post-title\" href=\"https:\/\/www.oep.tn\/fr\/avis-de-consultation-n18-2024\/\">Avis de consultation N\u00b018\/2024<\/a><div class=\"wp-block-latest-posts__post-excerpt\">Dernier d\u00e9lai&nbsp;: [Mardi, 10 Septembre 2024]D\u00e9signation&nbsp;: Avis de consultation N\u00b018\/2024 ayant pour objet: ACQUISITION DES EQUIPEMENTS DE PRODUCTION DES SEMENCES ANIMALES &nbsp;<\/div><\/li>\n<li><a class=\"wp-block-latest-posts__post-title\" href=\"https:\/\/www.oep.tn\/fr\/avis-de-consultation-n17-2024\/\">Avis de consultation N\u00b017\/2024<\/a><div class=\"wp-block-latest-posts__post-excerpt\">Dernier d\u00e9lai&nbsp;: [Lundi, 02 Septembre 2024]D\u00e9signation&nbsp;: Avis de consultation N\u00b017\/2024 ayant pour objet:&nbsp;travaux d&#8217;extensions et d&#8217;am\u00e9nagement au si\u00e8ge de la Direction R\u00e9gionale de l&#8217;Office de l&#8217;\u00e9levage et des p\u00e2turages (l&#8217;O.E.P) \u00e0 KEBILI (Mat\u00e9riaux et Main d&#8217;\u0153uvre).<\/div><\/li>\n<li><a class=\"wp-block-latest-posts__post-title\" href=\"https:\/\/www.oep.tn\/fr\/avis-de-demande-de-prix-n-34-2024\/\">Avis de demande de prix\u00a0 N\u00b0 34\/2024<\/a><div class=\"wp-block-latest-posts__post-excerpt\">Dernier d\u00e9lai&nbsp;: [Vendredi, 24 Mai 2024]D\u00e9signation&nbsp;: Avis de demande de prix&nbsp; N\u00b0 34\/2024&nbsp; ayant pour objet: Montage vid\u00e9o<\/div><\/li>\n<li><a class=\"wp-block-latest-posts__post-title\" href=\"https:\/\/www.oep.tn\/fr\/avis-de-consultation-n09-2024\/\">Avis de consultation N\u00b009\/2024<\/a><div class=\"wp-block-latest-posts__post-excerpt\">Dernier d\u00e9lai&nbsp;: [Mercredi, 22 Mai 2024]D\u00e9signation&nbsp;: Avis de consultation N\u00b009\/2024 ayant pour objet :&nbsp;TRAVAUX DE RACCORDEMENT DU RESEAU INTERNE DES EAUX USES DES LOCAUX DU SIEGE DE LA DIRECTION REGIONALE DE L&#8217;OFFICE D&#8217;ELEVAGE ET DES PATURAGES A MANOUBA SISE A ESSAIDA ROUTE DE JEDAIDA-GOUVERNORAT DE MANOUBA AU RESEAU D&#8217;ASSAINISSEMENT DE L\u2019OFFICE NATIONALE D&#8217;ASSAINISSEMENT ET CE\u2026 <a class=\"wp-block-latest-posts__read-more\" href=\"https:\/\/www.oep.tn\/fr\/avis-de-consultation-n09-2024\/\" rel=\"noopener noreferrer\">Lire la suite<span class=\"screen-reader-text\">\u00a0: Avis de consultation N\u00b009\/2024<\/span><\/a><\/div><\/li>\n<li><a class=\"wp-block-latest-posts__post-title\" href=\"https:\/\/www.oep.tn\/fr\/avis-de-lappel-doffres-n02-2024\/\">Avis de l&#8217;appel d&#8217;offres N\u00b002\/2024<\/a><div class=\"wp-block-latest-posts__post-excerpt\">Dernier d\u00e9lai&nbsp;: [Vendredi, 05 Avril 2024]D\u00e9signation&nbsp;: Avis de l&#8217;appel d&#8217;offres N\u00b002\/2024 ayant pour objet :&nbsp;Acquisition mat\u00e9riel de r\u00e9seau Informatique<\/div><\/li>\n<li><a class=\"wp-block-latest-posts__post-title\" href=\"https:\/\/www.oep.tn\/fr\/avis-de-lappel-doffres-n01-2024\/\">Avis de l\u2019appel d\u2019offres N\u00b001\/2024<\/a><div class=\"wp-block-latest-posts__post-excerpt\">Dernier d\u00e9lai&nbsp;: [Lundi, 18 Mars 2024]D\u00e9signation&nbsp;: Avis de l&#8217;appel d&#8217;offres N\u00b001\/2024 ayant pour objet :&nbsp;Elaboration d\u2019un contrat de Maintenance des produits Oracle de l\u2019OEP<\/div><\/li>\n<li><a class=\"wp-block-latest-posts__post-title\" href=\"https:\/\/www.oep.tn\/fr\/avis-de-lappel-doffres-n14-2023\/\">Avis de l\u2019appel d\u2019offres N\u00b014\/2023<\/a><div class=\"wp-block-latest-posts__post-excerpt\">Dernier d\u00e9lai&nbsp;: [Vendredi, 29 D\u00e9cembre 2023]D\u00e9signation&nbsp;: Avis de l&#8217;appel d&#8217;offres N\u00b014\/2023 ayant pour objet :&nbsp;Acquisition du mat\u00e9riel de transport&nbsp;<\/div><\/li>\n<li><a class=\"wp-block-latest-posts__post-title\" href=\"https:\/\/www.oep.tn\/fr\/avis-de-lappel-doffres-n17-2023-cahier-des-charges\/\">Avis de l\u2019appel d\u2019offres N\u00b017\/2023 + CAHIER DES CHARGES<\/a><div class=\"wp-block-latest-posts__post-excerpt\">Dernier d\u00e9lai&nbsp;: [Mardi, 02 Janvier 2024]D\u00e9signation&nbsp;: Avis de l&#8217;appel d&#8217;offres N\u00b017\/2023 ayant pour objet :&nbsp;D\u00e9signation d\u2019avocat ou d\u2019un cabinet professionnel d\u2019avocat pour repr\u00e9senter l&#8217;O.E.P .<\/div><\/li>\n<\/ul>","protected":false},"excerpt":{"rendered":"","protected":false},"author":1,"featured_media":0,"parent":0,"menu_order":0,"comment_status":"closed","ping_status":"closed","template":"","meta":{"_themeisle_gutenberg_block_has_review":false,"footnotes":""},"class_list":["post-688","page","type-page","status-publish","hentry"],"yoast_head":"<!-- This site is optimized with the Yoast SEO plugin v26.0 - https:\/\/yoast.com\/wordpress\/plugins\/seo\/ -->\n<title>Appel d&#039;offres - Office de l&#039;Elevage et des P\u00e2turages<\/title>\n<meta name=\"robots\" content=\"index, follow, max-snippet:-1, max-image-preview:large, max-video-preview:-1\" \/>\n<link rel=\"canonical\" href=\"https:\/\/www.oep.tn\/fr\/appel-doffres\/\" \/>\n<meta property=\"og:locale\" content=\"fr_FR\" \/>\n<meta property=\"og:type\" content=\"article\" \/>\n<meta property=\"og:title\" content=\"Appel d&#039;offres - Office de l&#039;Elevage et des P\u00e2turages\" \/>\n<meta property=\"og:url\" content=\"https:\/\/www.oep.tn\/fr\/appel-doffres\/\" \/>\n<meta property=\"og:site_name\" content=\"Office de l&#039;Elevage et des P\u00e2turages\" \/>\n<meta property=\"article:modified_time\" content=\"2025-07-01T09:44:34+00:00\" \/>\n<meta name=\"twitter:card\" content=\"summary_large_image\" \/>\n<script type=\"application\/ld+json\" class=\"yoast-schema-graph\">{\"@context\":\"https:\/\/schema.org\",\"@graph\":[{\"@type\":\"WebPage\",\"@id\":\"https:\/\/www.oep.tn\/fr\/appel-doffres\/\",\"url\":\"https:\/\/www.oep.tn\/fr\/appel-doffres\/\",\"name\":\"Appel d'offres - Office de l&#039;Elevage et des P\u00e2turages\",\"isPartOf\":{\"@id\":\"https:\/\/www.oep.tn\/#website\"},\"datePublished\":\"2022-05-23T09:16:41+00:00\",\"dateModified\":\"2025-07-01T09:44:34+00:00\",\"breadcrumb\":{\"@id\":\"https:\/\/www.oep.tn\/fr\/appel-doffres\/#breadcrumb\"},\"inLanguage\":\"fr-FR\",\"potentialAction\":[{\"@type\":\"ReadAction\",\"target\":[\"https:\/\/www.oep.tn\/fr\/appel-doffres\/\"]}]},{\"@type\":\"BreadcrumbList\",\"@id\":\"https:\/\/www.oep.tn\/fr\/appel-doffres\/#breadcrumb\",\"itemListElement\":[{\"@type\":\"ListItem\",\"position\":1,\"name\":\"Accueil\",\"item\":\"https:\/\/www.oep.tn\/fr\/\"},{\"@type\":\"ListItem\",\"position\":2,\"name\":\"Appel d&#8217;offres\"}]},{\"@type\":\"WebSite\",\"@id\":\"https:\/\/www.oep.tn\/#website\",\"url\":\"https:\/\/www.oep.tn\/\",\"name\":\"Office de l'Elevage et des P\u00e2turages\",\"description\":\"Office de l&#039;Elevage et des P\u00e2turages\",\"publisher\":{\"@id\":\"https:\/\/www.oep.tn\/#organization\"},\"alternateName\":\"Office de l'Elevage et des P\u00e2turages\",\"potentialAction\":[{\"@type\":\"SearchAction\",\"target\":{\"@type\":\"EntryPoint\",\"urlTemplate\":\"https:\/\/www.oep.tn\/?s={search_term_string}\"},\"query-input\":{\"@type\":\"PropertyValueSpecification\",\"valueRequired\":true,\"valueName\":\"search_term_string\"}}],\"inLanguage\":\"fr-FR\"},{\"@type\":\"Organization\",\"@id\":\"https:\/\/www.oep.tn\/#organization\",\"name\":\"Office de l'Elevage et des Patuages\",\"url\":\"https:\/\/www.oep.tn\/\",\"logo\":{\"@type\":\"ImageObject\",\"inLanguage\":\"fr-FR\",\"@id\":\"https:\/\/www.oep.tn\/#\/schema\/logo\/image\/\",\"url\":\"https:\/\/www.oep.tn\/wp-content\/uploads\/2022\/11\/logo-oep-arabe-2.png\",\"contentUrl\":\"https:\/\/www.oep.tn\/wp-content\/uploads\/2022\/11\/logo-oep-arabe-2.png\",\"width\":567,\"height\":142,\"caption\":\"Office de l'Elevage et des Patuages\"},\"image\":{\"@id\":\"https:\/\/www.oep.tn\/#\/schema\/logo\/image\/\"}}]}<\/script>\n<!-- \/ Yoast SEO plugin. -->","yoast_head_json":{"title":"Appel d'offres - Office de l&#039;Elevage et des P\u00e2turages","robots":{"index":"index","follow":"follow","max-snippet":"max-snippet:-1","max-image-preview":"max-image-preview:large","max-video-preview":"max-video-preview:-1"},"canonical":"https:\/\/www.oep.tn\/fr\/appel-doffres\/","og_locale":"fr_FR","og_type":"article","og_title":"Appel d'offres - Office de l&#039;Elevage et des P\u00e2turages","og_url":"https:\/\/www.oep.tn\/fr\/appel-doffres\/","og_site_name":"Office de l&#039;Elevage et des P\u00e2turages","article_modified_time":"2025-07-01T09:44:34+00:00","twitter_card":"summary_large_image","schema":{"@context":"https:\/\/schema.org","@graph":[{"@type":"WebPage","@id":"https:\/\/www.oep.tn\/fr\/appel-doffres\/","url":"https:\/\/www.oep.tn\/fr\/appel-doffres\/","name":"Appel d'offres - Office de l&#039;Elevage et des P\u00e2turages","isPartOf":{"@id":"https:\/\/www.oep.tn\/#website"},"datePublished":"2022-05-23T09:16:41+00:00","dateModified":"2025-07-01T09:44:34+00:00","breadcrumb":{"@id":"https:\/\/www.oep.tn\/fr\/appel-doffres\/#breadcrumb"},"inLanguage":"fr-FR","potentialAction":[{"@type":"ReadAction","target":["https:\/\/www.oep.tn\/fr\/appel-doffres\/"]}]},{"@type":"BreadcrumbList","@id":"https:\/\/www.oep.tn\/fr\/appel-doffres\/#breadcrumb","itemListElement":[{"@type":"ListItem","position":1,"name":"Accueil","item":"https:\/\/www.oep.tn\/fr\/"},{"@type":"ListItem","position":2,"name":"Appel d&#8217;offres"}]},{"@type":"WebSite","@id":"https:\/\/www.oep.tn\/#website","url":"https:\/\/www.oep.tn\/","name":"Office de l'Elevage et des P\u00e2turages","description":"Office de l&#039;Elevage et des P\u00e2turages","publisher":{"@id":"https:\/\/www.oep.tn\/#organization"},"alternateName":"Office de l'Elevage et des P\u00e2turages","potentialAction":[{"@type":"SearchAction","target":{"@type":"EntryPoint","urlTemplate":"https:\/\/www.oep.tn\/?s={search_term_string}"},"query-input":{"@type":"PropertyValueSpecification","valueRequired":true,"valueName":"search_term_string"}}],"inLanguage":"fr-FR"},{"@type":"Organization","@id":"https:\/\/www.oep.tn\/#organization","name":"Office de l'Elevage et des Patuages","url":"https:\/\/www.oep.tn\/","logo":{"@type":"ImageObject","inLanguage":"fr-FR","@id":"https:\/\/www.oep.tn\/#\/schema\/logo\/image\/","url":"https:\/\/www.oep.tn\/wp-content\/uploads\/2022\/11\/logo-oep-arabe-2.png","contentUrl":"https:\/\/www.oep.tn\/wp-content\/uploads\/2022\/11\/logo-oep-arabe-2.png","width":567,"height":142,"caption":"Office de l'Elevage et des Patuages"},"image":{"@id":"https:\/\/www.oep.tn\/#\/schema\/logo\/image\/"}}]}},"_links":{"self":[{"href":"https:\/\/www.oep.tn\/fr\/wp-json\/wp\/v2\/pages\/688","targetHints":{"allow":["GET"]}}],"collection":[{"href":"https:\/\/www.oep.tn\/fr\/wp-json\/wp\/v2\/pages"}],"about":[{"href":"https:\/\/www.oep.tn\/fr\/wp-json\/wp\/v2\/types\/page"}],"author":[{"embeddable":true,"href":"https:\/\/www.oep.tn\/fr\/wp-json\/wp\/v2\/users\/1"}],"replies":[{"embeddable":true,"href":"https:\/\/www.oep.tn\/fr\/wp-json\/wp\/v2\/comments?post=688"}],"version-history":[{"count":6,"href":"https:\/\/www.oep.tn\/fr\/wp-json\/wp\/v2\/pages\/688\/revisions"}],"predecessor-version":[{"id":5886,"href":"https:\/\/www.oep.tn\/fr\/wp-json\/wp\/v2\/pages\/688\/revisions\/5886"}],"wp:attachment":[{"href":"https:\/\/www.oep.tn\/fr\/wp-json\/wp\/v2\/media?parent=688"}],"curies":[{"name":"wp","href":"https:\/\/api.w.org\/{rel}","templated":true}]}}