


































































{"id":711,"date":"2022-01-17T16:23:30","date_gmt":"2022-01-17T15:23:30","guid":{"rendered":"https:\/\/www.oep.tn\/?page_id=711"},"modified":"2025-08-12T14:24:04","modified_gmt":"2025-08-12T13:24:04","slug":"actualites","status":"publish","type":"page","link":"https:\/\/www.oep.tn\/fr\/actualites\/","title":{"rendered":"Actualit\u00e9s"},"content":{"rendered":"<ul class=\"wp-block-latest-posts__list is-grid columns-2 wp-block-latest-posts\"><li><div class=\"wp-block-latest-posts__featured-image aligncenter\"><img loading=\"lazy\" width=\"730\" height=\"730\" src=\"https:\/\/www.oep.tn\/wp-content\/uploads\/2026\/04\/Invitation-1-1024x1024.jpg\" class=\"attachment-large size-large wp-post-image\" alt=\"\" style=\"\" srcset=\"https:\/\/www.oep.tn\/wp-content\/uploads\/2026\/04\/Invitation-1-1024x1024.jpg 1024w, https:\/\/www.oep.tn\/wp-content\/uploads\/2026\/04\/Invitation-1-300x300.jpg 300w, https:\/\/www.oep.tn\/wp-content\/uploads\/2026\/04\/Invitation-1-150x150.jpg 150w, https:\/\/www.oep.tn\/wp-content\/uploads\/2026\/04\/Invitation-1-768x768.jpg 768w, https:\/\/www.oep.tn\/wp-content\/uploads\/2026\/04\/Invitation-1-100x100.jpg 100w, https:\/\/www.oep.tn\/wp-content\/uploads\/2026\/04\/Invitation-1-267x267.jpg 267w, https:\/\/www.oep.tn\/wp-content\/uploads\/2026\/04\/Invitation-1-730x730.jpg 730w, https:\/\/www.oep.tn\/wp-content\/uploads\/2026\/04\/Invitation-1-1070x1070.jpg 1070w, https:\/\/www.oep.tn\/wp-content\/uploads\/2026\/04\/Invitation-1.jpg 1080w\" sizes=\"auto, (max-width: 730px) 100vw, 730px\" \/><\/div><a class=\"wp-block-latest-posts__post-title\" href=\"https:\/\/www.oep.tn\/fr\/participation-de-loffice-au-salon-pamed-expo-2026\/\">Participation de l\u2019Office au salon PAMED EXPO 2026<\/a><div class=\"wp-block-latest-posts__post-excerpt\">\ud83d\udce2 PAMED EXPO \ud83d\udea8 du 28 avril au 1er mai 2026, organis\u00e9 au Centre d\u2019Exposition La M\u00e9dina \u2013 Yasmine Hammamet. La \ud835\udfd0\ud835\udfd0\u00e8me \u00e9dition est un hub d\u2019\u00e9changes pour les pros de l\u2019\u00e9levage &amp; de la production animale\ud83c\udf3e\ud83d\udc04 L\u2019Office sera pr\u00e9sent \u00e0 cet \u00e9v\u00e9nement et vous invite \u00e0 venir nous rencontrer.<\/div><\/li>\n<li><div class=\"wp-block-latest-posts__featured-image aligncenter\"><img loading=\"lazy\" width=\"730\" height=\"486\" src=\"https:\/\/www.oep.tn\/wp-content\/uploads\/2026\/04\/659172293_1247787637510838_2098059935485530154_n-1024x682.jpg\" class=\"attachment-large size-large wp-post-image\" alt=\"\" style=\"\" srcset=\"https:\/\/www.oep.tn\/wp-content\/uploads\/2026\/04\/659172293_1247787637510838_2098059935485530154_n-1024x682.jpg 1024w, https:\/\/www.oep.tn\/wp-content\/uploads\/2026\/04\/659172293_1247787637510838_2098059935485530154_n-300x200.jpg 300w, https:\/\/www.oep.tn\/wp-content\/uploads\/2026\/04\/659172293_1247787637510838_2098059935485530154_n-768x512.jpg 768w, https:\/\/www.oep.tn\/wp-content\/uploads\/2026\/04\/659172293_1247787637510838_2098059935485530154_n-100x67.jpg 100w, https:\/\/www.oep.tn\/wp-content\/uploads\/2026\/04\/659172293_1247787637510838_2098059935485530154_n-1536x1023.jpg 1536w, https:\/\/www.oep.tn\/wp-content\/uploads\/2026\/04\/659172293_1247787637510838_2098059935485530154_n-730x486.jpg 730w, https:\/\/www.oep.tn\/wp-content\/uploads\/2026\/04\/659172293_1247787637510838_2098059935485530154_n-1070x713.jpg 1070w, https:\/\/www.oep.tn\/wp-content\/uploads\/2026\/04\/659172293_1247787637510838_2098059935485530154_n.jpg 1600w\" sizes=\"auto, (max-width: 730px) 100vw, 730px\" \/><\/div><a class=\"wp-block-latest-posts__post-title\" href=\"https:\/\/www.oep.tn\/fr\/participation-de-loffice-a-louverture-du-premier-colloque-international-sur-le-pastoralisme\/\">Participation de l\u2019Office \u00e0 l\u2019ouverture du premier colloque international sur le pastoralisme<\/a><div class=\"wp-block-latest-posts__post-excerpt\">L\u2019Office de l\u2019\u00c9levage et des P\u00e2turages a particip\u00e9 \u00e0 l\u2019ouverture du premier colloque international intitul\u00e9 \u00ab Pastoralisme et parcours : r\u00e9alit\u00e9s et d\u00e9fis de la durabilit\u00e9 \u00bb, organis\u00e9 par le Laboratoire des \u00e9cosyst\u00e8mes pastoraux relevant de l\u2019Institut des R\u00e9gions Arides de M\u00e9denine, , et ce, sur l\u2019\u00eele de Djerba, aujourd\u2019hui,\u2026 <a class=\"wp-block-latest-posts__read-more\" href=\"https:\/\/www.oep.tn\/fr\/participation-de-loffice-a-louverture-du-premier-colloque-international-sur-le-pastoralisme\/\" rel=\"noopener noreferrer\">Lire la suite<span class=\"screen-reader-text\">\u00a0: Participation de l\u2019Office \u00e0 l\u2019ouverture du premier colloque international sur le pastoralisme<\/span><\/a><\/div><\/li>\n<li><div class=\"wp-block-latest-posts__featured-image aligncenter\"><img loading=\"lazy\" width=\"730\" height=\"480\" src=\"https:\/\/www.oep.tn\/wp-content\/uploads\/2026\/04\/Capture-decran-2026-04-03-113432-1-1024x674.png\" class=\"attachment-large size-large wp-post-image\" alt=\"\" style=\"\" srcset=\"https:\/\/www.oep.tn\/wp-content\/uploads\/2026\/04\/Capture-decran-2026-04-03-113432-1-1024x674.png 1024w, https:\/\/www.oep.tn\/wp-content\/uploads\/2026\/04\/Capture-decran-2026-04-03-113432-1-300x198.png 300w, https:\/\/www.oep.tn\/wp-content\/uploads\/2026\/04\/Capture-decran-2026-04-03-113432-1-768x506.png 768w, https:\/\/www.oep.tn\/wp-content\/uploads\/2026\/04\/Capture-decran-2026-04-03-113432-1-100x66.png 100w, https:\/\/www.oep.tn\/wp-content\/uploads\/2026\/04\/Capture-decran-2026-04-03-113432-1-730x481.png 730w, https:\/\/www.oep.tn\/wp-content\/uploads\/2026\/04\/Capture-decran-2026-04-03-113432-1-1070x704.png 1070w, https:\/\/www.oep.tn\/wp-content\/uploads\/2026\/04\/Capture-decran-2026-04-03-113432-1.png 1332w\" sizes=\"auto, (max-width: 730px) 100vw, 730px\" \/><\/div><a class=\"wp-block-latest-posts__post-title\" href=\"https:\/\/www.oep.tn\/fr\/participation-de-loffice-a-la-reunion-des-directeurs-generaux-des-centres-de-recherche\/\">Participation de l\u2019Office \u00e0 la r\u00e9union des directeurs g\u00e9n\u00e9raux des centres de recherche<\/a><div class=\"wp-block-latest-posts__post-excerpt\">L\u2019Office de l\u2019\u00c9levage et des P\u00e2turages a particip\u00e9 aujourd\u2019hui, lundi 30 mars 2026, \u00e0 la r\u00e9union des directeurs g\u00e9n\u00e9raux des centres de recherche, tenue sous la supervision du minist\u00e8re de l\u2019Enseignement sup\u00e9rieur et de la Recherche scientifique et du minist\u00e8re de l\u2019Agriculture, des Ressources hydrauliques et de la P\u00eache, au\u2026 <a class=\"wp-block-latest-posts__read-more\" href=\"https:\/\/www.oep.tn\/fr\/participation-de-loffice-a-la-reunion-des-directeurs-generaux-des-centres-de-recherche\/\" rel=\"noopener noreferrer\">Lire la suite<span class=\"screen-reader-text\">\u00a0: Participation de l\u2019Office \u00e0 la r\u00e9union des directeurs g\u00e9n\u00e9raux des centres de recherche<\/span><\/a><\/div><\/li>\n<li><div class=\"wp-block-latest-posts__featured-image aligncenter\"><img loading=\"lazy\" width=\"730\" height=\"615\" src=\"https:\/\/www.oep.tn\/wp-content\/uploads\/2026\/02\/83b02166-6989-4dda-98e0-da2ad64e5acf-1024x862.jpeg\" class=\"attachment-large size-large wp-post-image\" alt=\"\" style=\"\" srcset=\"https:\/\/www.oep.tn\/wp-content\/uploads\/2026\/02\/83b02166-6989-4dda-98e0-da2ad64e5acf-1024x862.jpeg 1024w, https:\/\/www.oep.tn\/wp-content\/uploads\/2026\/02\/83b02166-6989-4dda-98e0-da2ad64e5acf-300x253.jpeg 300w, https:\/\/www.oep.tn\/wp-content\/uploads\/2026\/02\/83b02166-6989-4dda-98e0-da2ad64e5acf-768x646.jpeg 768w, https:\/\/www.oep.tn\/wp-content\/uploads\/2026\/02\/83b02166-6989-4dda-98e0-da2ad64e5acf-100x84.jpeg 100w, https:\/\/www.oep.tn\/wp-content\/uploads\/2026\/02\/83b02166-6989-4dda-98e0-da2ad64e5acf-730x614.jpeg 730w, https:\/\/www.oep.tn\/wp-content\/uploads\/2026\/02\/83b02166-6989-4dda-98e0-da2ad64e5acf-1070x901.jpeg 1070w, https:\/\/www.oep.tn\/wp-content\/uploads\/2026\/02\/83b02166-6989-4dda-98e0-da2ad64e5acf.jpeg 1080w\" sizes=\"auto, (max-width: 730px) 100vw, 730px\" \/><\/div><a class=\"wp-block-latest-posts__post-title\" href=\"https:\/\/www.oep.tn\/fr\/%d8%a5%d8%b9%d9%84%d8%a7%d9%86-%d8%a8%d9%8a%d8%b9-%d8%a8%d8%a7%d9%84%d9%85%d8%b2%d8%a7%d8%af-%d8%a7%d9%84%d8%b9%d9%84%d9%86%d9%8a-%d8%a8%d9%8a%d8%b9-%d8%a3%d8%aa%d9%8a%d8%a7%d8%b3-%d9%88%d8%ac%d8%af\/\">\u0625\u0639\u0644\u0627\u0646 \u0628\u064a\u0639 \u0628\u0627\u0644\u0645\u0632\u0627\u062f \u0627\u0644\u0639\u0644\u0646\u064a: \u062a\u064a\u0648\u0633 \u0648\u062c\u062f\u0639\u0627\u0646 \u0648\u0646\u0639\u0627\u062c<\/a><div class=\"wp-block-latest-posts__post-excerpt\">\u064a\u0639\u062a\u0632\u0645 \u062f\u064a\u0648\u0627\u0646 \u062a\u0631\u0628\u064a\u0629 \u0627\u0644\u0645\u0627\u0634\u064a\u0629 \u0648\u062a\u0648\u0641\u064a\u0631 \u0627\u0644\u0645\u0631\u0639\u0649 \u0625\u062c\u0631\u0627\u0621 \u0628\u064a\u0639 \u0628\u0627\u0644\u0645\u0632\u0627\u062f \u0627\u0644\u0639\u0644\u0646\u064a \u0644\u0639\u062f\u062f \u0645\u0646 \u0627\u0644\u062a\u064a\u0648\u0633 \u0648\u0627\u0644\u062c\u062f\u0639\u0627\u0646 \u0628\u0648\u0627\u0631\u060c \u0625\u0636\u0627\u0641\u0629 \u0625\u0644\u0649 \u0646\u0639\u0627\u062c \u063a\u0631\u0628\u064a \u0645\u0633\u062a\u0628\u0639\u062f\u0629 \u0648\u0646\u0639\u0627\u062c \u0646\u062c\u062f\u064a \u0645\u0633\u062a\u0628\u0639\u062f\u0629\u060c \u0648\u0630\u0644\u0643 \u0648\u0641\u0642\u064b\u0627 \u0644\u0644\u0628\u064a\u0627\u0646\u0627\u062a \u0627\u0644\u0645\u0628\u064a\u0646\u0629 \u0628\u0627\u0644\u062c\u062f\u0648\u0644 \u0627\u0644\u0645\u0635\u0627\u062d\u0628. \u0648\u0633\u064a\u064f\u062c\u0631\u0649 \u0647\u0630\u0627 \u0627\u0644\u0645\u0632\u0627\u062f \u064a\u0648\u0645 \u0627\u0644\u062b\u0644\u0627\u062b\u0627\u0621 17 \u0641\u064a\u0641\u0631\u064a 2026 \u0628\u0636\u064a\u0639\u0629 \u0635\u0648\u0627\u0641\u060c \u0637\u0631\u064a\u0642 \u0627\u0644\u0641\u062d\u0635 \u2013 \u0627\u0644\u0646\u0641\u064a\u0636\u0629 \u0643\u0644\u0645 45\u060c \u0645\u0639\u062a\u0645\u062f\u064a\u0629 \u0635\u0648\u0627\u0641 \u0645\u0646 \u0648\u0644\u0627\u064a\u0629 \u0632\u063a\u0648\u0627\u0646.\u2026 <a class=\"wp-block-latest-posts__read-more\" href=\"https:\/\/www.oep.tn\/fr\/%d8%a5%d8%b9%d9%84%d8%a7%d9%86-%d8%a8%d9%8a%d8%b9-%d8%a8%d8%a7%d9%84%d9%85%d8%b2%d8%a7%d8%af-%d8%a7%d9%84%d8%b9%d9%84%d9%86%d9%8a-%d8%a8%d9%8a%d8%b9-%d8%a3%d8%aa%d9%8a%d8%a7%d8%b3-%d9%88%d8%ac%d8%af\/\" rel=\"noopener noreferrer\">Lire la suite<span class=\"screen-reader-text\">\u00a0: \u0625\u0639\u0644\u0627\u0646 \u0628\u064a\u0639 \u0628\u0627\u0644\u0645\u0632\u0627\u062f \u0627\u0644\u0639\u0644\u0646\u064a: \u062a\u064a\u0648\u0633 \u0648\u062c\u062f\u0639\u0627\u0646 \u0648\u0646\u0639\u0627\u062c<\/span><\/a><\/div><\/li>\n<li><div class=\"wp-block-latest-posts__featured-image aligncenter\"><img loading=\"lazy\" width=\"380\" height=\"277\" src=\"https:\/\/www.oep.tn\/wp-content\/uploads\/2026\/02\/wa.png\" class=\"attachment-large size-large wp-post-image\" alt=\"\" style=\"\" srcset=\"https:\/\/www.oep.tn\/wp-content\/uploads\/2026\/02\/wa.png 380w, https:\/\/www.oep.tn\/wp-content\/uploads\/2026\/02\/wa-300x219.png 300w, https:\/\/www.oep.tn\/wp-content\/uploads\/2026\/02\/wa-100x73.png 100w\" sizes=\"auto, (max-width: 380px) 100vw, 380px\" \/><\/div><a class=\"wp-block-latest-posts__post-title\" href=\"https:\/\/www.oep.tn\/fr\/resultats-preliminaires-des-concours-externes-pour-le-recrutement-dingenieurs-et-de-techniciens-specialite-production-animale-et-fourragere\/\">R\u00e9sultats pr\u00e9liminaires des concours externes pour le recrutement d\u2019ing\u00e9nieurs et de techniciens, sp\u00e9cialit\u00e9 production animale et fourrag\u00e8re<\/a><div class=\"wp-block-latest-posts__post-excerpt\">Liste des candidats admis provisoirement \u00e0 l\u2019issue de l\u2019op\u00e9ration de pr\u00e9s\u00e9lection pour le recrutement de 04 ing\u00e9nieurs principaux, sp\u00e9cialit\u00e9 production animale et fourrag\u00e8re. Liste des candidats admis provisoirement \u00e0 l\u2019issue de l\u2019op\u00e9ration de pr\u00e9s\u00e9lection pour le recrutement de 06 techniciens, sp\u00e9cialit\u00e9 production animale et fourrag\u00e8re. Remarque :Les recours peuvent \u00eatre\u2026 <a class=\"wp-block-latest-posts__read-more\" href=\"https:\/\/www.oep.tn\/fr\/resultats-preliminaires-des-concours-externes-pour-le-recrutement-dingenieurs-et-de-techniciens-specialite-production-animale-et-fourragere\/\" rel=\"noopener noreferrer\">Lire la suite<span class=\"screen-reader-text\">\u00a0: R\u00e9sultats pr\u00e9liminaires des concours externes pour le recrutement d\u2019ing\u00e9nieurs et de techniciens, sp\u00e9cialit\u00e9 production animale et fourrag\u00e8re<\/span><\/a><\/div><\/li>\n<li><div class=\"wp-block-latest-posts__featured-image aligncenter\"><img loading=\"lazy\" width=\"730\" height=\"502\" src=\"https:\/\/www.oep.tn\/wp-content\/uploads\/2025\/12\/605139625_1171922348430701_9070897011438916256_n-1024x704.jpg\" class=\"attachment-large size-large wp-post-image\" alt=\"\" style=\"\" srcset=\"https:\/\/www.oep.tn\/wp-content\/uploads\/2025\/12\/605139625_1171922348430701_9070897011438916256_n-1024x704.jpg 1024w, https:\/\/www.oep.tn\/wp-content\/uploads\/2025\/12\/605139625_1171922348430701_9070897011438916256_n-300x206.jpg 300w, https:\/\/www.oep.tn\/wp-content\/uploads\/2025\/12\/605139625_1171922348430701_9070897011438916256_n-768x528.jpg 768w, https:\/\/www.oep.tn\/wp-content\/uploads\/2025\/12\/605139625_1171922348430701_9070897011438916256_n-100x69.jpg 100w, https:\/\/www.oep.tn\/wp-content\/uploads\/2025\/12\/605139625_1171922348430701_9070897011438916256_n-1536x1056.jpg 1536w, https:\/\/www.oep.tn\/wp-content\/uploads\/2025\/12\/605139625_1171922348430701_9070897011438916256_n-730x502.jpg 730w, https:\/\/www.oep.tn\/wp-content\/uploads\/2025\/12\/605139625_1171922348430701_9070897011438916256_n-1070x736.jpg 1070w, https:\/\/www.oep.tn\/wp-content\/uploads\/2025\/12\/605139625_1171922348430701_9070897011438916256_n.jpg 1921w\" sizes=\"auto, (max-width: 730px) 100vw, 730px\" \/><\/div><a class=\"wp-block-latest-posts__post-title\" href=\"https:\/\/www.oep.tn\/fr\/tenue-du-conseil-detablissement-de-loffice-4%e1%b5%89-session-de-lannee-2025\/\">Tenue du Conseil d\u2019\u00e9tablissement de l\u2019Office  \u2013 4\u1d49 session de l\u2019ann\u00e9e 2025<\/a><div class=\"wp-block-latest-posts__post-excerpt\">Le Conseil de l\u2019Office de l\u2019\u00c9levage et des P\u00e2turages s\u2019est r\u00e9uni le jeudi 25 d\u00e9cembre 2025, \u00e0 la salle de r\u00e9unions de la Direction g\u00e9n\u00e9rale, dans le cadre de sa quatri\u00e8me session de l\u2019ann\u00e9e 2025, sous la supervision de M. Anis Zaaim, charg\u00e9 de la gestion de l\u2019Office, et en\u2026 <a class=\"wp-block-latest-posts__read-more\" href=\"https:\/\/www.oep.tn\/fr\/tenue-du-conseil-detablissement-de-loffice-4%e1%b5%89-session-de-lannee-2025\/\" rel=\"noopener noreferrer\">Lire la suite<span class=\"screen-reader-text\">\u00a0: Tenue du Conseil d\u2019\u00e9tablissement de l\u2019Office  \u2013 4\u1d49 session de l\u2019ann\u00e9e 2025<\/span><\/a><\/div><\/li>\n<\/ul>\n\n\n<div class=\"wp-block-buttons is-content-justification-right is-layout-flex wp-container-core-buttons-is-layout-765c4724 wp-block-buttons-is-layout-flex\"><\/div>\n","protected":false},"excerpt":{"rendered":"","protected":false},"author":1,"featured_media":0,"parent":0,"menu_order":0,"comment_status":"closed","ping_status":"closed","template":"","meta":{"_themeisle_gutenberg_block_has_review":false,"footnotes":""},"class_list":["post-711","page","type-page","status-publish","hentry"],"yoast_head":"<!-- This site is optimized with the Yoast SEO plugin v26.0 - https:\/\/yoast.com\/wordpress\/plugins\/seo\/ -->\n<title>Actualit\u00e9s - Office de l&#039;Elevage et des P\u00e2turages<\/title>\n<meta name=\"robots\" content=\"index, follow, max-snippet:-1, max-image-preview:large, max-video-preview:-1\" \/>\n<link rel=\"canonical\" href=\"https:\/\/www.oep.tn\/fr\/actualites\/\" \/>\n<meta property=\"og:locale\" content=\"fr_FR\" \/>\n<meta property=\"og:type\" content=\"article\" \/>\n<meta property=\"og:title\" content=\"Actualit\u00e9s - Office de l&#039;Elevage et des P\u00e2turages\" \/>\n<meta property=\"og:url\" content=\"https:\/\/www.oep.tn\/fr\/actualites\/\" \/>\n<meta property=\"og:site_name\" content=\"Office de l&#039;Elevage et des P\u00e2turages\" \/>\n<meta property=\"article:modified_time\" content=\"2025-08-12T13:24:04+00:00\" \/>\n<meta name=\"twitter:card\" content=\"summary_large_image\" \/>\n<script type=\"application\/ld+json\" class=\"yoast-schema-graph\">{\"@context\":\"https:\/\/schema.org\",\"@graph\":[{\"@type\":\"WebPage\",\"@id\":\"https:\/\/www.oep.tn\/fr\/actualites\/\",\"url\":\"https:\/\/www.oep.tn\/fr\/actualites\/\",\"name\":\"Actualit\u00e9s - Office de l&#039;Elevage et des P\u00e2turages\",\"isPartOf\":{\"@id\":\"https:\/\/www.oep.tn\/#website\"},\"datePublished\":\"2022-01-17T15:23:30+00:00\",\"dateModified\":\"2025-08-12T13:24:04+00:00\",\"breadcrumb\":{\"@id\":\"https:\/\/www.oep.tn\/fr\/actualites\/#breadcrumb\"},\"inLanguage\":\"fr-FR\",\"potentialAction\":[{\"@type\":\"ReadAction\",\"target\":[\"https:\/\/www.oep.tn\/fr\/actualites\/\"]}]},{\"@type\":\"BreadcrumbList\",\"@id\":\"https:\/\/www.oep.tn\/fr\/actualites\/#breadcrumb\",\"itemListElement\":[{\"@type\":\"ListItem\",\"position\":1,\"name\":\"Accueil\",\"item\":\"https:\/\/www.oep.tn\/fr\/\"},{\"@type\":\"ListItem\",\"position\":2,\"name\":\"Actualit\u00e9s\"}]},{\"@type\":\"WebSite\",\"@id\":\"https:\/\/www.oep.tn\/#website\",\"url\":\"https:\/\/www.oep.tn\/\",\"name\":\"Office de l'Elevage et des P\u00e2turages\",\"description\":\"Office de l&#039;Elevage et des P\u00e2turages\",\"publisher\":{\"@id\":\"https:\/\/www.oep.tn\/#organization\"},\"alternateName\":\"Office de l'Elevage et des P\u00e2turages\",\"potentialAction\":[{\"@type\":\"SearchAction\",\"target\":{\"@type\":\"EntryPoint\",\"urlTemplate\":\"https:\/\/www.oep.tn\/?s={search_term_string}\"},\"query-input\":{\"@type\":\"PropertyValueSpecification\",\"valueRequired\":true,\"valueName\":\"search_term_string\"}}],\"inLanguage\":\"fr-FR\"},{\"@type\":\"Organization\",\"@id\":\"https:\/\/www.oep.tn\/#organization\",\"name\":\"Office de l'Elevage et des Patuages\",\"url\":\"https:\/\/www.oep.tn\/\",\"logo\":{\"@type\":\"ImageObject\",\"inLanguage\":\"fr-FR\",\"@id\":\"https:\/\/www.oep.tn\/#\/schema\/logo\/image\/\",\"url\":\"https:\/\/www.oep.tn\/wp-content\/uploads\/2022\/11\/logo-oep-arabe-2.png\",\"contentUrl\":\"https:\/\/www.oep.tn\/wp-content\/uploads\/2022\/11\/logo-oep-arabe-2.png\",\"width\":567,\"height\":142,\"caption\":\"Office de l'Elevage et des Patuages\"},\"image\":{\"@id\":\"https:\/\/www.oep.tn\/#\/schema\/logo\/image\/\"}}]}<\/script>\n<!-- \/ Yoast SEO plugin. -->","yoast_head_json":{"title":"Actualit\u00e9s - Office de l&#039;Elevage et des P\u00e2turages","robots":{"index":"index","follow":"follow","max-snippet":"max-snippet:-1","max-image-preview":"max-image-preview:large","max-video-preview":"max-video-preview:-1"},"canonical":"https:\/\/www.oep.tn\/fr\/actualites\/","og_locale":"fr_FR","og_type":"article","og_title":"Actualit\u00e9s - Office de l&#039;Elevage et des P\u00e2turages","og_url":"https:\/\/www.oep.tn\/fr\/actualites\/","og_site_name":"Office de l&#039;Elevage et des P\u00e2turages","article_modified_time":"2025-08-12T13:24:04+00:00","twitter_card":"summary_large_image","schema":{"@context":"https:\/\/schema.org","@graph":[{"@type":"WebPage","@id":"https:\/\/www.oep.tn\/fr\/actualites\/","url":"https:\/\/www.oep.tn\/fr\/actualites\/","name":"Actualit\u00e9s - Office de l&#039;Elevage et des P\u00e2turages","isPartOf":{"@id":"https:\/\/www.oep.tn\/#website"},"datePublished":"2022-01-17T15:23:30+00:00","dateModified":"2025-08-12T13:24:04+00:00","breadcrumb":{"@id":"https:\/\/www.oep.tn\/fr\/actualites\/#breadcrumb"},"inLanguage":"fr-FR","potentialAction":[{"@type":"ReadAction","target":["https:\/\/www.oep.tn\/fr\/actualites\/"]}]},{"@type":"BreadcrumbList","@id":"https:\/\/www.oep.tn\/fr\/actualites\/#breadcrumb","itemListElement":[{"@type":"ListItem","position":1,"name":"Accueil","item":"https:\/\/www.oep.tn\/fr\/"},{"@type":"ListItem","position":2,"name":"Actualit\u00e9s"}]},{"@type":"WebSite","@id":"https:\/\/www.oep.tn\/#website","url":"https:\/\/www.oep.tn\/","name":"Office de l'Elevage et des P\u00e2turages","description":"Office de l&#039;Elevage et des P\u00e2turages","publisher":{"@id":"https:\/\/www.oep.tn\/#organization"},"alternateName":"Office de l'Elevage et des P\u00e2turages","potentialAction":[{"@type":"SearchAction","target":{"@type":"EntryPoint","urlTemplate":"https:\/\/www.oep.tn\/?s={search_term_string}"},"query-input":{"@type":"PropertyValueSpecification","valueRequired":true,"valueName":"search_term_string"}}],"inLanguage":"fr-FR"},{"@type":"Organization","@id":"https:\/\/www.oep.tn\/#organization","name":"Office de l'Elevage et des Patuages","url":"https:\/\/www.oep.tn\/","logo":{"@type":"ImageObject","inLanguage":"fr-FR","@id":"https:\/\/www.oep.tn\/#\/schema\/logo\/image\/","url":"https:\/\/www.oep.tn\/wp-content\/uploads\/2022\/11\/logo-oep-arabe-2.png","contentUrl":"https:\/\/www.oep.tn\/wp-content\/uploads\/2022\/11\/logo-oep-arabe-2.png","width":567,"height":142,"caption":"Office de l'Elevage et des Patuages"},"image":{"@id":"https:\/\/www.oep.tn\/#\/schema\/logo\/image\/"}}]}},"_links":{"self":[{"href":"https:\/\/www.oep.tn\/fr\/wp-json\/wp\/v2\/pages\/711","targetHints":{"allow":["GET"]}}],"collection":[{"href":"https:\/\/www.oep.tn\/fr\/wp-json\/wp\/v2\/pages"}],"about":[{"href":"https:\/\/www.oep.tn\/fr\/wp-json\/wp\/v2\/types\/page"}],"author":[{"embeddable":true,"href":"https:\/\/www.oep.tn\/fr\/wp-json\/wp\/v2\/users\/1"}],"replies":[{"embeddable":true,"href":"https:\/\/www.oep.tn\/fr\/wp-json\/wp\/v2\/comments?post=711"}],"version-history":[{"count":8,"href":"https:\/\/www.oep.tn\/fr\/wp-json\/wp\/v2\/pages\/711\/revisions"}],"predecessor-version":[{"id":6242,"href":"https:\/\/www.oep.tn\/fr\/wp-json\/wp\/v2\/pages\/711\/revisions\/6242"}],"wp:attachment":[{"href":"https:\/\/www.oep.tn\/fr\/wp-json\/wp\/v2\/media?parent=711"}],"curies":[{"name":"wp","href":"https:\/\/api.w.org\/{rel}","templated":true}]}}