


































































{"id":818,"date":"2022-07-11T10:19:56","date_gmt":"2022-07-11T08:19:56","guid":{"rendered":"https:\/\/www.oep.tn\/?page_id=818"},"modified":"2025-06-24T12:35:44","modified_gmt":"2025-06-24T11:35:44","slug":"unites-de-production","status":"publish","type":"page","link":"https:\/\/www.oep.tn\/fr\/unites-de-production\/","title":{"rendered":"Unit\u00e9s de production"},"content":{"rendered":"\n<p>Parall\u00e8lement \u00e0 ses missions de promotion du secteur de l\u2019\u00e9levage et de d\u00e9veloppement des ressources fourrag\u00e8res et pastorales, l\u2019Office de l\u2019\u00c9levage et des P\u00e2turages g\u00e8re plusieurs unit\u00e9s de production, dont deux fermes (Fritissa et Saouaf) ainsi qu\u2019une usine de production fourrag\u00e8re situ\u00e9e \u00e0 Fritissa.<\/p>\n\n\n\n<h5 class=\"wp-block-heading\"><strong><span class=\"has-inline-color has-thr-acc-color\">1- Introduction des unit\u00e9s de production:<\/span><\/strong><\/h5>\n\n\n\n<p><strong><span style=\"color:#05305e\" class=\"has-inline-color\">* Ferme Fritisa:<\/span><\/strong><\/p>\n\n\n\n<p>&#8211; <strong>Localisation territoriale:<\/strong> Gouvernorat de Bizerte \u2013 D\u00e9l\u00e9gation de Mater<\/p>\n\n\n\n<p>&#8211; <strong>Climat<\/strong>: Semi-humide (pr\u00e9cipitations moyennes entre 550 et 600 mm)<\/p>\n\n\n\n<p>&#8211; <strong>Syst\u00e8me de production<\/strong>: int\u00e9gr\u00e9 (bovins et ovins \/ aliments pour animaux \/ c\u00e9r\u00e9ales)<\/p>\n\n\n\n<p>&#8211;<strong> Superficie totale de la ferme<\/strong>: 755 hectares<\/p>\n\n\n\n<p>&#8211; <strong>Superficie arable<\/strong>: 697 hectares, dont 40 hectares irrigu\u00e9s<\/p>\n\n\n\n<p>&#8211; Usine d&#8217;aliments compos\u00e9s d&#8217;une capacit\u00e9 de production th\u00e9orique d&#8217;environ 1,5 tonne \/ heure<\/p>\n\n\n\n<p><strong><span style=\"color:#05305e\" class=\"has-inline-color\">* Ferme Saouaf:<\/span><\/strong><\/p>\n\n\n\n<p>&#8211; <strong>Localisation territoriale:<\/strong> Gouvernorat de Zaghouan \u2013 D\u00e9l\u00e9gation de Saouaf<\/p>\n\n\n\n<p>&#8211; <strong>Climat<\/strong>: Semi-aride (pr\u00e9cipitations moyennes entre 350 et 400 mm)<\/p>\n\n\n\n<p>&#8211; <strong>Syst\u00e8me de production<\/strong>: pastorale &#8211; ovins, caprins et p\u00e2turages<\/p>\n\n\n\n<p>&#8211;<strong> Superficie totale de la ferme<\/strong>: 1523 hectares<\/p>\n\n\n\n<p>&#8211; <strong>Superficie arable<\/strong>: 600 hectares<\/p>\n\n\n\n<p><strong><span style=\"color:#05305e\" class=\"has-inline-color\">* Usine Fritissa:<\/span><\/strong><\/p>\n\n\n\n<p>La localisation territoriale: Gouvernorat de Bizerte \u2013 D\u00e9l\u00e9gation de Mater<\/p>\n\n\n\n<p>Capacit\u00e9 de production: Usine de Concentr\u00e9 &nbsp;avec une capacit\u00e9 de production th\u00e9orique d&#8217;environ 1,5 tonnes \/ heure<\/p>\n\n\n\n<h5 class=\"wp-block-heading\"><strong><span class=\"has-inline-color has-thr-acc-color\">2- R\u00f4le de d\u00e9veloppement, formation et rayonnement:<\/span><\/strong><\/h5>\n\n\n\n<p>&#8211; Mod\u00e8le pour diff\u00e9rents syst\u00e8mes de production<\/p>\n\n\n\n<p>&#8211; Une base logistique pour soutenir les interventions de l\u2019OEP dans divers domaines, notamment l&#8217;am\u00e9lioration des p\u00e2turages, les cultures fourrag\u00e8res, l&#8217;am\u00e9lioration g\u00e9n\u00e9tique et l&#8217;intensification de la production.<\/p>\n\n\n\n<p>&#8211; Station de correspondance entre la recherche scientifique et le d\u00e9veloppement en confirmant les r\u00e9sultats des recherches men\u00e9es par les \u00e9tablissements d&#8217;enseignement sup\u00e9rieur et de recherche scientifique agricole (INAT, IRESA, INRAT, INGC &#8230;) et cela \u00e0 travers des accords sign\u00e9s entre les deux parties avant d&#8217;\u00eatre exploit\u00e9s sur le plus grande \u00e9chelle par les \u00e9leveurs dans les domaines de l&#8217;agriculture, de l&#8217;\u00e9levage et de la nutrition.<\/p>\n\n\n\n<p>&#8211; Soutenir les \u00e9tablissements d&#8217;enseignement sup\u00e9rieur et de formation professionnelle agricole par des visites de terrain aux \u00e9tudiants des diff\u00e9rentes institutions.<\/p>\n\n\n\n<p>&#8211; Formation et encadrement &nbsp;des \u00e9tudiants stagiaires.<\/p>\n\n\n\n<p>&#8211; encadrement des entrepreneurs et des jeunes \u00e9ducateurs dans les diff\u00e9rents domaines li\u00e9s \u00e0 l\u2019\u00e9levage \u00e0 travers les visites du terrain.<\/p>\n\n\n\n<h5 class=\"wp-block-heading\"><strong><span class=\"has-inline-color has-thr-acc-color\">3- Emploi:<\/span><\/strong><\/h5>\n\n\n\n<p>En plus de leurs missions de recherche appliqu\u00e9e et de rayonnement professionnel agricole, les unit\u00e9s de production jouent un r\u00f4le important en mati\u00e8re d\u2019emploi, en assurant 118 postes de travail:<\/p>\n\n\n\n<ul class=\"wp-block-list\">\n<li>06 cadres<\/li>\n\n\n\n<li>110 agents d\u2019ex\u00e9cution<\/li>\n\n\n\n<li>02 agents de gestion<\/li>\n<\/ul>\n\n\n\n<h5 class=\"wp-block-heading\"><strong><span class=\"has-inline-color has-thr-acc-color\">4- Contribution des fermes \u00e0 la production agricole<\/span><\/strong><\/h5>\n\n\n\n<p>Au niveau de la production agricole, les fermes &nbsp;contribuent \u00e0 la production (taux annuel):<\/p>\n\n\n\n<ul class=\"wp-block-list\">\n<li>&nbsp;12 mille quintaux de c\u00e9r\u00e9ales<\/li>\n\n\n\n<li>Environ 1,2 million d&#8217;unit\u00e9s d&#8217;alimentation<\/li>\n\n\n\n<li>65 tonnes de graines fourrag\u00e8res<\/li>\n\n\n\n<li>60 tonnes de viande rouge<\/li>\n\n\n\n<li>480 mille litres de lait<\/li>\n<\/ul>\n\n\n\n<p>Les fermes&nbsp; contribuent \u00e9galement chaque ann\u00e9e \u00e0 fournir&nbsp; des animaux , et c&#8217;est comme suit:<\/p>\n\n\n\n<p>&#8211; Vaches: fournir 50 races Holstein race pure de classe A.<\/p>\n\n\n\n<p>Ovins: Production de 500 \u00e9l\u00e8ves-b\u00e9liers et 700 femelles reproductrices des races sicilo-sarde, noire de thibar, D\u2019Man, Queue fine de l\u2019ouest et Barbarine.<\/p>\n\n\n\n<p>Caprins: 100 m\u00e2les et 110 femelles reproductrices sont produits.<\/p>\n\n\n\n<p>Il convient \u00e9galement de noter dans ce contexte que les fermes &nbsp;sont uniques dans la production des males &nbsp;am\u00e9lior\u00e9s pour petits ruminants, et cette activit\u00e9 permet d&#8217;augmenter la production et la productivit\u00e9 du troupeau au niveau national.<\/p>\n\n\n\n<figure class=\"wp-block-table\"><table class=\"has-fixed-layout\"><tbody><tr><td class=\"has-text-align-center\" data-align=\"center\">Direction R\u00e9gionale<\/td><td class=\"has-text-align-center\" data-align=\"center\">Adresse<\/td><td class=\"has-text-align-center\" data-align=\"center\">T\u00e9l<\/td><td class=\"has-text-align-center\" data-align=\"center\">Fax<\/td><td class=\"has-text-align-center\" data-align=\"center\">Email<\/td><\/tr><tr><td class=\"has-text-align-center\" data-align=\"center\">Ferme Pilote &nbsp;FRETISSA&nbsp;<\/td><td class=\"has-text-align-center\" data-align=\"center\">Fretissa, BP n\u00b06 par Mateur CP 7030<\/td><td class=\"has-text-align-center\" data-align=\"center\">72&nbsp;486 000<\/td><td class=\"has-text-align-center\" data-align=\"center\">72&nbsp;485 166<\/td><td class=\"has-text-align-center\" data-align=\"center\"><a href=\"mailto:fretissa@oep.tn\">fretissa@oep.tn<\/a><\/td><\/tr><tr><td class=\"has-text-align-center\" data-align=\"center\">Ferme&nbsp; &nbsp;Saouef<\/td><td class=\"has-text-align-center\" data-align=\"center\">58, Saouef route Ennadhour&nbsp; 1140<\/td><td class=\"has-text-align-center\" data-align=\"center\">7.3E+07<\/td><td class=\"has-text-align-center\" data-align=\"center\">&nbsp;<\/td><td class=\"has-text-align-center\" data-align=\"center\">saouef@oep.tn<\/td><\/tr><tr><td class=\"has-text-align-center\" data-align=\"center\">Centre de D\u00e9veloppement de l&#8217;Apiculture Mraissa<\/td><td class=\"has-text-align-center\" data-align=\"center\">Route el Haouaria, Soliman<\/td><td class=\"has-text-align-center\" data-align=\"center\">72&nbsp;398 219<\/td><td class=\"has-text-align-center\" data-align=\"center\">72&nbsp;398 219<\/td><td class=\"has-text-align-center\" data-align=\"center\">mraissa@oep.tn<\/td><\/tr><tr><td class=\"has-text-align-center\" data-align=\"center\">Centre de multiplication des semences d\u2019ElGrine au Kairouan<\/td><td class=\"has-text-align-center\" data-align=\"center\">Elgrine-Ch\u00e9bika, Kairouan<\/td><td class=\"has-text-align-center\" data-align=\"center\">77&nbsp;240 373<\/td><td class=\"has-text-align-center\" data-align=\"center\">&nbsp;<\/td><td class=\"has-text-align-center\" data-align=\"center\">elgrine@oep.tn<\/td><\/tr><\/tbody><\/table><\/figure>\n","protected":false},"excerpt":{"rendered":"<p>Parall\u00e8lement \u00e0 ses missions de promotion du secteur de l\u2019\u00e9levage et de d\u00e9veloppement des ressources fourrag\u00e8res et pastorales, l\u2019Office de l\u2019\u00c9levage et des P\u00e2turages g\u00e8re plusieurs unit\u00e9s de production, dont deux fermes (Fritissa et Saouaf) ainsi qu\u2019une usine de production fourrag\u00e8re situ\u00e9e \u00e0 Fritissa. 1- Introduction des unit\u00e9s de production: * Ferme Fritisa: &#8211; Localisation [&hellip;]<\/p>\n","protected":false},"author":1,"featured_media":0,"parent":0,"menu_order":0,"comment_status":"closed","ping_status":"closed","template":"","meta":{"_themeisle_gutenberg_block_has_review":false,"footnotes":""},"class_list":["post-818","page","type-page","status-publish","hentry"],"yoast_head":"<!-- This site is optimized with the Yoast SEO plugin v26.0 - https:\/\/yoast.com\/wordpress\/plugins\/seo\/ -->\n<title>Unit\u00e9s de production - Office de l&#039;Elevage et des P\u00e2turages<\/title>\n<meta name=\"robots\" content=\"index, follow, max-snippet:-1, max-image-preview:large, max-video-preview:-1\" \/>\n<link rel=\"canonical\" href=\"https:\/\/www.oep.tn\/fr\/unites-de-production\/\" \/>\n<meta property=\"og:locale\" content=\"fr_FR\" \/>\n<meta property=\"og:type\" content=\"article\" \/>\n<meta property=\"og:title\" content=\"Unit\u00e9s de production - Office de l&#039;Elevage et des P\u00e2turages\" \/>\n<meta property=\"og:description\" content=\"Parall\u00e8lement \u00e0 ses missions de promotion du secteur de l\u2019\u00e9levage et de d\u00e9veloppement des ressources fourrag\u00e8res et pastorales, l\u2019Office de l\u2019\u00c9levage et des P\u00e2turages g\u00e8re plusieurs unit\u00e9s de production, dont deux fermes (Fritissa et Saouaf) ainsi qu\u2019une usine de production fourrag\u00e8re situ\u00e9e \u00e0 Fritissa. 1- Introduction des unit\u00e9s de production: * Ferme Fritisa: &#8211; Localisation [&hellip;]\" \/>\n<meta property=\"og:url\" content=\"https:\/\/www.oep.tn\/fr\/unites-de-production\/\" \/>\n<meta property=\"og:site_name\" content=\"Office de l&#039;Elevage et des P\u00e2turages\" \/>\n<meta property=\"article:modified_time\" content=\"2025-06-24T11:35:44+00:00\" \/>\n<meta name=\"twitter:card\" content=\"summary_large_image\" \/>\n<meta name=\"twitter:label1\" content=\"Dur\u00e9e de lecture estim\u00e9e\" \/>\n\t<meta name=\"twitter:data1\" content=\"3 minutes\" \/>\n<script type=\"application\/ld+json\" class=\"yoast-schema-graph\">{\"@context\":\"https:\/\/schema.org\",\"@graph\":[{\"@type\":\"WebPage\",\"@id\":\"https:\/\/www.oep.tn\/fr\/unites-de-production\/\",\"url\":\"https:\/\/www.oep.tn\/fr\/unites-de-production\/\",\"name\":\"Unit\u00e9s de production - Office de l&#039;Elevage et des P\u00e2turages\",\"isPartOf\":{\"@id\":\"https:\/\/www.oep.tn\/#website\"},\"datePublished\":\"2022-07-11T08:19:56+00:00\",\"dateModified\":\"2025-06-24T11:35:44+00:00\",\"breadcrumb\":{\"@id\":\"https:\/\/www.oep.tn\/fr\/unites-de-production\/#breadcrumb\"},\"inLanguage\":\"fr-FR\",\"potentialAction\":[{\"@type\":\"ReadAction\",\"target\":[\"https:\/\/www.oep.tn\/fr\/unites-de-production\/\"]}]},{\"@type\":\"BreadcrumbList\",\"@id\":\"https:\/\/www.oep.tn\/fr\/unites-de-production\/#breadcrumb\",\"itemListElement\":[{\"@type\":\"ListItem\",\"position\":1,\"name\":\"Accueil\",\"item\":\"https:\/\/www.oep.tn\/fr\/\"},{\"@type\":\"ListItem\",\"position\":2,\"name\":\"Unit\u00e9s de production\"}]},{\"@type\":\"WebSite\",\"@id\":\"https:\/\/www.oep.tn\/#website\",\"url\":\"https:\/\/www.oep.tn\/\",\"name\":\"Office de l'Elevage et des P\u00e2turages\",\"description\":\"Office de l&#039;Elevage et des P\u00e2turages\",\"publisher\":{\"@id\":\"https:\/\/www.oep.tn\/#organization\"},\"alternateName\":\"Office de l'Elevage et des P\u00e2turages\",\"potentialAction\":[{\"@type\":\"SearchAction\",\"target\":{\"@type\":\"EntryPoint\",\"urlTemplate\":\"https:\/\/www.oep.tn\/?s={search_term_string}\"},\"query-input\":{\"@type\":\"PropertyValueSpecification\",\"valueRequired\":true,\"valueName\":\"search_term_string\"}}],\"inLanguage\":\"fr-FR\"},{\"@type\":\"Organization\",\"@id\":\"https:\/\/www.oep.tn\/#organization\",\"name\":\"Office de l'Elevage et des Patuages\",\"url\":\"https:\/\/www.oep.tn\/\",\"logo\":{\"@type\":\"ImageObject\",\"inLanguage\":\"fr-FR\",\"@id\":\"https:\/\/www.oep.tn\/#\/schema\/logo\/image\/\",\"url\":\"https:\/\/www.oep.tn\/wp-content\/uploads\/2022\/11\/logo-oep-arabe-2.png\",\"contentUrl\":\"https:\/\/www.oep.tn\/wp-content\/uploads\/2022\/11\/logo-oep-arabe-2.png\",\"width\":567,\"height\":142,\"caption\":\"Office de l'Elevage et des Patuages\"},\"image\":{\"@id\":\"https:\/\/www.oep.tn\/#\/schema\/logo\/image\/\"}}]}<\/script>\n<!-- \/ Yoast SEO plugin. -->","yoast_head_json":{"title":"Unit\u00e9s de production - Office de l&#039;Elevage et des P\u00e2turages","robots":{"index":"index","follow":"follow","max-snippet":"max-snippet:-1","max-image-preview":"max-image-preview:large","max-video-preview":"max-video-preview:-1"},"canonical":"https:\/\/www.oep.tn\/fr\/unites-de-production\/","og_locale":"fr_FR","og_type":"article","og_title":"Unit\u00e9s de production - Office de l&#039;Elevage et des P\u00e2turages","og_description":"Parall\u00e8lement \u00e0 ses missions de promotion du secteur de l\u2019\u00e9levage et de d\u00e9veloppement des ressources fourrag\u00e8res et pastorales, l\u2019Office de l\u2019\u00c9levage et des P\u00e2turages g\u00e8re plusieurs unit\u00e9s de production, dont deux fermes (Fritissa et Saouaf) ainsi qu\u2019une usine de production fourrag\u00e8re situ\u00e9e \u00e0 Fritissa. 1- Introduction des unit\u00e9s de production: * Ferme Fritisa: &#8211; Localisation [&hellip;]","og_url":"https:\/\/www.oep.tn\/fr\/unites-de-production\/","og_site_name":"Office de l&#039;Elevage et des P\u00e2turages","article_modified_time":"2025-06-24T11:35:44+00:00","twitter_card":"summary_large_image","twitter_misc":{"Dur\u00e9e de lecture estim\u00e9e":"3 minutes"},"schema":{"@context":"https:\/\/schema.org","@graph":[{"@type":"WebPage","@id":"https:\/\/www.oep.tn\/fr\/unites-de-production\/","url":"https:\/\/www.oep.tn\/fr\/unites-de-production\/","name":"Unit\u00e9s de production - Office de l&#039;Elevage et des P\u00e2turages","isPartOf":{"@id":"https:\/\/www.oep.tn\/#website"},"datePublished":"2022-07-11T08:19:56+00:00","dateModified":"2025-06-24T11:35:44+00:00","breadcrumb":{"@id":"https:\/\/www.oep.tn\/fr\/unites-de-production\/#breadcrumb"},"inLanguage":"fr-FR","potentialAction":[{"@type":"ReadAction","target":["https:\/\/www.oep.tn\/fr\/unites-de-production\/"]}]},{"@type":"BreadcrumbList","@id":"https:\/\/www.oep.tn\/fr\/unites-de-production\/#breadcrumb","itemListElement":[{"@type":"ListItem","position":1,"name":"Accueil","item":"https:\/\/www.oep.tn\/fr\/"},{"@type":"ListItem","position":2,"name":"Unit\u00e9s de production"}]},{"@type":"WebSite","@id":"https:\/\/www.oep.tn\/#website","url":"https:\/\/www.oep.tn\/","name":"Office de l'Elevage et des P\u00e2turages","description":"Office de l&#039;Elevage et des P\u00e2turages","publisher":{"@id":"https:\/\/www.oep.tn\/#organization"},"alternateName":"Office de l'Elevage et des P\u00e2turages","potentialAction":[{"@type":"SearchAction","target":{"@type":"EntryPoint","urlTemplate":"https:\/\/www.oep.tn\/?s={search_term_string}"},"query-input":{"@type":"PropertyValueSpecification","valueRequired":true,"valueName":"search_term_string"}}],"inLanguage":"fr-FR"},{"@type":"Organization","@id":"https:\/\/www.oep.tn\/#organization","name":"Office de l'Elevage et des Patuages","url":"https:\/\/www.oep.tn\/","logo":{"@type":"ImageObject","inLanguage":"fr-FR","@id":"https:\/\/www.oep.tn\/#\/schema\/logo\/image\/","url":"https:\/\/www.oep.tn\/wp-content\/uploads\/2022\/11\/logo-oep-arabe-2.png","contentUrl":"https:\/\/www.oep.tn\/wp-content\/uploads\/2022\/11\/logo-oep-arabe-2.png","width":567,"height":142,"caption":"Office de l'Elevage et des Patuages"},"image":{"@id":"https:\/\/www.oep.tn\/#\/schema\/logo\/image\/"}}]}},"_links":{"self":[{"href":"https:\/\/www.oep.tn\/fr\/wp-json\/wp\/v2\/pages\/818","targetHints":{"allow":["GET"]}}],"collection":[{"href":"https:\/\/www.oep.tn\/fr\/wp-json\/wp\/v2\/pages"}],"about":[{"href":"https:\/\/www.oep.tn\/fr\/wp-json\/wp\/v2\/types\/page"}],"author":[{"embeddable":true,"href":"https:\/\/www.oep.tn\/fr\/wp-json\/wp\/v2\/users\/1"}],"replies":[{"embeddable":true,"href":"https:\/\/www.oep.tn\/fr\/wp-json\/wp\/v2\/comments?post=818"}],"version-history":[{"count":10,"href":"https:\/\/www.oep.tn\/fr\/wp-json\/wp\/v2\/pages\/818\/revisions"}],"predecessor-version":[{"id":5675,"href":"https:\/\/www.oep.tn\/fr\/wp-json\/wp\/v2\/pages\/818\/revisions\/5675"}],"wp:attachment":[{"href":"https:\/\/www.oep.tn\/fr\/wp-json\/wp\/v2\/media?parent=818"}],"curies":[{"name":"wp","href":"https:\/\/api.w.org\/{rel}","templated":true}]}}