


































































{"id":821,"date":"2022-07-11T10:26:15","date_gmt":"2022-07-11T08:26:15","guid":{"rendered":"https:\/\/www.oep.tn\/?page_id=821"},"modified":"2023-12-06T22:30:23","modified_gmt":"2023-12-06T21:30:23","slug":"amelioration-pastorale","status":"publish","type":"page","link":"https:\/\/www.oep.tn\/fr\/amelioration-pastorale\/","title":{"rendered":"Am\u00e9lioration des parcours priv\u00e9s"},"content":{"rendered":"\n<p>Les interventions de l&#8217;<strong>OEP<\/strong>\u00a0dans le domaine des parcours s&#8217;int\u00e8grent dans le cadre de la Strat\u00e9gie nationale de reboisement, de conservation des eaux et du sol et de lutte contre l&#8217;ensablement qui a d\u00e9marr\u00e9 en 1990.Parmi les diff\u00e9rents intervenants\u00a0dans le domaine (<strong>OEP<\/strong>,\u00a0<strong>DG<\/strong>\u00a0For\u00eats,<strong>\u00a0DGACTA<\/strong>, <strong>ODESYPANO<\/strong>), l&#8217;<strong>OEP<\/strong>\u00a0a \u00e9t\u00e9 charg\u00e9 d&#8217;intervenir sur les terres de parcours priv\u00e9s.<\/p>\n\n\n\n<h5 class=\"wp-block-heading\"><strong><span class=\"has-inline-color has-thr-acc-color\">Types d&#8217;am\u00e9nagements:<\/span><\/strong><\/h5>\n\n\n\n<p>L&#8217;<strong>OEP<\/strong>&nbsp;intervient par 5 principaux types d&#8217;am\u00e9nagements:<\/p>\n\n\n\n<ul class=\"wp-block-list\">\n<li>Plantation de Cactus inerne<\/li>\n\n\n\n<li>Plantation d&#8217;arbustes fourragers<\/li>\n\n\n\n<li>R\u00e9ensemencement (dans les microzones recevant plus de 350 mm de pluies\/an) par des esp\u00e8ces pastorales p\u00e9rennes.<\/li>\n\n\n\n<li>Culture en assolement par du m\u00e9dicago annuel (assolement biennal: c\u00e9r\u00e9ales\/m\u00e9dic) ou am\u00e9lioration de la jach\u00e8re (Sulla et m\u00e9dic) dans les r\u00e9gions c\u00e9r\u00e9ali\u00e8res du Nord.<\/li>\n\n\n\n<li>Mise en d\u00e9fens avec ou sans scarifiage (notamment pour les vastes parcours du Sud)<\/li>\n<\/ul>\n\n\n\n<p>Ces am\u00e9nagements offrent aux b\u00e9n\u00e9ficiaires diff\u00e9rentes options techniques compatibles avec les conditions sp\u00e9cifiques de chaque exploitation (climatiques, \u00e9daphiques, vocation, socio-\u00e9conomiques&#8230;).<\/p>\n\n\n\n<h5 class=\"wp-block-heading\"><strong><span class=\"has-inline-color has-thr-acc-color\">Approche:<\/span><\/strong><\/h5>\n\n\n\n<p>L&#8217;OEP adopte une d\u00e9marche participative et concert\u00e9e. Le b\u00e9n\u00e9ficiaire participe au choix du type d&#8217;intervention et des modalit\u00e9s de r\u00e9alistions et assure la r\u00e9alisation, la sauvegarde et l&#8217;entretien des am\u00e9nagements.<\/p>\n\n\n\n<h5 class=\"wp-block-heading\"><strong><span class=\"has-inline-color has-thr-acc-color\">Adh\u00e9sion au programme:<\/span><\/strong><\/h5>\n\n\n\n<p>&nbsp;&nbsp;&nbsp;&nbsp;&nbsp;&nbsp;&nbsp;&nbsp;&nbsp;L&#8217;adh\u00e9sion \u00e0 ce programme est volontaire moyennant&nbsp;<a href=\"http:\/\/www.oep.nat.tn\/uploads\/imprimes\/demande-oep10.pdf\">une demande:<\/a><\/p>\n\n\n\n<p>\u00e9manant du b\u00e9n\u00e9ficiaire lui-m\u00eame ou du gestionnaire de la ferme ou de la Soci\u00e9t\u00e9 de Mise en Valeur Agricole adress\u00e9e \u00e0 la Direction R\u00e9gionale concern\u00e9e. Toute demande techniquement retenue, fera l&#8217;objet d&#8217;un contrat entre les deux parties.(<strong>OEP<\/strong>-b\u00e9n\u00e9ficiaire)<\/p>\n","protected":false},"excerpt":{"rendered":"<p>Les interventions de l&#8217;OEP\u00a0dans le domaine des parcours s&#8217;int\u00e8grent dans le cadre de la Strat\u00e9gie nationale de reboisement, de conservation des eaux et du sol et de lutte contre l&#8217;ensablement qui a d\u00e9marr\u00e9 en 1990.Parmi les diff\u00e9rents intervenants\u00a0dans le domaine (OEP,\u00a0DG\u00a0For\u00eats,\u00a0DGACTA, ODESYPANO), l&#8217;OEP\u00a0a \u00e9t\u00e9 charg\u00e9 d&#8217;intervenir sur les terres de parcours priv\u00e9s. Types d&#8217;am\u00e9nagements: L&#8217;OEP&nbsp;intervient [&hellip;]<\/p>\n","protected":false},"author":1,"featured_media":0,"parent":0,"menu_order":0,"comment_status":"closed","ping_status":"closed","template":"","meta":{"_themeisle_gutenberg_block_has_review":false,"footnotes":""},"class_list":["post-821","page","type-page","status-publish","hentry"],"yoast_head":"<!-- This site is optimized with the Yoast SEO plugin v26.0 - https:\/\/yoast.com\/wordpress\/plugins\/seo\/ -->\n<title>Am\u00e9lioration des parcours priv\u00e9s - Office de l&#039;Elevage et des P\u00e2turages<\/title>\n<meta name=\"robots\" content=\"index, follow, max-snippet:-1, max-image-preview:large, max-video-preview:-1\" \/>\n<link rel=\"canonical\" href=\"https:\/\/www.oep.tn\/fr\/amelioration-pastorale\/\" \/>\n<meta property=\"og:locale\" content=\"fr_FR\" \/>\n<meta property=\"og:type\" content=\"article\" \/>\n<meta property=\"og:title\" content=\"Am\u00e9lioration des parcours priv\u00e9s - Office de l&#039;Elevage et des P\u00e2turages\" \/>\n<meta property=\"og:description\" content=\"Les interventions de l&#8217;OEP\u00a0dans le domaine des parcours s&#8217;int\u00e8grent dans le cadre de la Strat\u00e9gie nationale de reboisement, de conservation des eaux et du sol et de lutte contre l&#8217;ensablement qui a d\u00e9marr\u00e9 en 1990.Parmi les diff\u00e9rents intervenants\u00a0dans le domaine (OEP,\u00a0DG\u00a0For\u00eats,\u00a0DGACTA, ODESYPANO), l&#8217;OEP\u00a0a \u00e9t\u00e9 charg\u00e9 d&#8217;intervenir sur les terres de parcours priv\u00e9s. Types d&#8217;am\u00e9nagements: L&#8217;OEP&nbsp;intervient [&hellip;]\" \/>\n<meta property=\"og:url\" content=\"https:\/\/www.oep.tn\/fr\/amelioration-pastorale\/\" \/>\n<meta property=\"og:site_name\" content=\"Office de l&#039;Elevage et des P\u00e2turages\" \/>\n<meta property=\"article:modified_time\" content=\"2023-12-06T21:30:23+00:00\" \/>\n<meta name=\"twitter:card\" content=\"summary_large_image\" \/>\n<meta name=\"twitter:label1\" content=\"Dur\u00e9e de lecture estim\u00e9e\" \/>\n\t<meta name=\"twitter:data1\" content=\"2 minutes\" \/>\n<script type=\"application\/ld+json\" class=\"yoast-schema-graph\">{\"@context\":\"https:\/\/schema.org\",\"@graph\":[{\"@type\":\"WebPage\",\"@id\":\"https:\/\/www.oep.tn\/fr\/amelioration-pastorale\/\",\"url\":\"https:\/\/www.oep.tn\/fr\/amelioration-pastorale\/\",\"name\":\"Am\u00e9lioration des parcours priv\u00e9s - Office de l&#039;Elevage et des P\u00e2turages\",\"isPartOf\":{\"@id\":\"https:\/\/www.oep.tn\/#website\"},\"datePublished\":\"2022-07-11T08:26:15+00:00\",\"dateModified\":\"2023-12-06T21:30:23+00:00\",\"breadcrumb\":{\"@id\":\"https:\/\/www.oep.tn\/fr\/amelioration-pastorale\/#breadcrumb\"},\"inLanguage\":\"fr-FR\",\"potentialAction\":[{\"@type\":\"ReadAction\",\"target\":[\"https:\/\/www.oep.tn\/fr\/amelioration-pastorale\/\"]}]},{\"@type\":\"BreadcrumbList\",\"@id\":\"https:\/\/www.oep.tn\/fr\/amelioration-pastorale\/#breadcrumb\",\"itemListElement\":[{\"@type\":\"ListItem\",\"position\":1,\"name\":\"Accueil\",\"item\":\"https:\/\/www.oep.tn\/fr\/\"},{\"@type\":\"ListItem\",\"position\":2,\"name\":\"Am\u00e9lioration des parcours priv\u00e9s\"}]},{\"@type\":\"WebSite\",\"@id\":\"https:\/\/www.oep.tn\/#website\",\"url\":\"https:\/\/www.oep.tn\/\",\"name\":\"Office de l'Elevage et des P\u00e2turages\",\"description\":\"Office de l&#039;Elevage et des P\u00e2turages\",\"publisher\":{\"@id\":\"https:\/\/www.oep.tn\/#organization\"},\"alternateName\":\"Office de l'Elevage et des P\u00e2turages\",\"potentialAction\":[{\"@type\":\"SearchAction\",\"target\":{\"@type\":\"EntryPoint\",\"urlTemplate\":\"https:\/\/www.oep.tn\/?s={search_term_string}\"},\"query-input\":{\"@type\":\"PropertyValueSpecification\",\"valueRequired\":true,\"valueName\":\"search_term_string\"}}],\"inLanguage\":\"fr-FR\"},{\"@type\":\"Organization\",\"@id\":\"https:\/\/www.oep.tn\/#organization\",\"name\":\"Office de l'Elevage et des Patuages\",\"url\":\"https:\/\/www.oep.tn\/\",\"logo\":{\"@type\":\"ImageObject\",\"inLanguage\":\"fr-FR\",\"@id\":\"https:\/\/www.oep.tn\/#\/schema\/logo\/image\/\",\"url\":\"https:\/\/www.oep.tn\/wp-content\/uploads\/2022\/11\/logo-oep-arabe-2.png\",\"contentUrl\":\"https:\/\/www.oep.tn\/wp-content\/uploads\/2022\/11\/logo-oep-arabe-2.png\",\"width\":567,\"height\":142,\"caption\":\"Office de l'Elevage et des Patuages\"},\"image\":{\"@id\":\"https:\/\/www.oep.tn\/#\/schema\/logo\/image\/\"}}]}<\/script>\n<!-- \/ Yoast SEO plugin. -->","yoast_head_json":{"title":"Am\u00e9lioration des parcours priv\u00e9s - Office de l&#039;Elevage et des P\u00e2turages","robots":{"index":"index","follow":"follow","max-snippet":"max-snippet:-1","max-image-preview":"max-image-preview:large","max-video-preview":"max-video-preview:-1"},"canonical":"https:\/\/www.oep.tn\/fr\/amelioration-pastorale\/","og_locale":"fr_FR","og_type":"article","og_title":"Am\u00e9lioration des parcours priv\u00e9s - Office de l&#039;Elevage et des P\u00e2turages","og_description":"Les interventions de l&#8217;OEP\u00a0dans le domaine des parcours s&#8217;int\u00e8grent dans le cadre de la Strat\u00e9gie nationale de reboisement, de conservation des eaux et du sol et de lutte contre l&#8217;ensablement qui a d\u00e9marr\u00e9 en 1990.Parmi les diff\u00e9rents intervenants\u00a0dans le domaine (OEP,\u00a0DG\u00a0For\u00eats,\u00a0DGACTA, ODESYPANO), l&#8217;OEP\u00a0a \u00e9t\u00e9 charg\u00e9 d&#8217;intervenir sur les terres de parcours priv\u00e9s. Types d&#8217;am\u00e9nagements: L&#8217;OEP&nbsp;intervient [&hellip;]","og_url":"https:\/\/www.oep.tn\/fr\/amelioration-pastorale\/","og_site_name":"Office de l&#039;Elevage et des P\u00e2turages","article_modified_time":"2023-12-06T21:30:23+00:00","twitter_card":"summary_large_image","twitter_misc":{"Dur\u00e9e de lecture estim\u00e9e":"2 minutes"},"schema":{"@context":"https:\/\/schema.org","@graph":[{"@type":"WebPage","@id":"https:\/\/www.oep.tn\/fr\/amelioration-pastorale\/","url":"https:\/\/www.oep.tn\/fr\/amelioration-pastorale\/","name":"Am\u00e9lioration des parcours priv\u00e9s - Office de l&#039;Elevage et des P\u00e2turages","isPartOf":{"@id":"https:\/\/www.oep.tn\/#website"},"datePublished":"2022-07-11T08:26:15+00:00","dateModified":"2023-12-06T21:30:23+00:00","breadcrumb":{"@id":"https:\/\/www.oep.tn\/fr\/amelioration-pastorale\/#breadcrumb"},"inLanguage":"fr-FR","potentialAction":[{"@type":"ReadAction","target":["https:\/\/www.oep.tn\/fr\/amelioration-pastorale\/"]}]},{"@type":"BreadcrumbList","@id":"https:\/\/www.oep.tn\/fr\/amelioration-pastorale\/#breadcrumb","itemListElement":[{"@type":"ListItem","position":1,"name":"Accueil","item":"https:\/\/www.oep.tn\/fr\/"},{"@type":"ListItem","position":2,"name":"Am\u00e9lioration des parcours priv\u00e9s"}]},{"@type":"WebSite","@id":"https:\/\/www.oep.tn\/#website","url":"https:\/\/www.oep.tn\/","name":"Office de l'Elevage et des P\u00e2turages","description":"Office de l&#039;Elevage et des P\u00e2turages","publisher":{"@id":"https:\/\/www.oep.tn\/#organization"},"alternateName":"Office de l'Elevage et des P\u00e2turages","potentialAction":[{"@type":"SearchAction","target":{"@type":"EntryPoint","urlTemplate":"https:\/\/www.oep.tn\/?s={search_term_string}"},"query-input":{"@type":"PropertyValueSpecification","valueRequired":true,"valueName":"search_term_string"}}],"inLanguage":"fr-FR"},{"@type":"Organization","@id":"https:\/\/www.oep.tn\/#organization","name":"Office de l'Elevage et des Patuages","url":"https:\/\/www.oep.tn\/","logo":{"@type":"ImageObject","inLanguage":"fr-FR","@id":"https:\/\/www.oep.tn\/#\/schema\/logo\/image\/","url":"https:\/\/www.oep.tn\/wp-content\/uploads\/2022\/11\/logo-oep-arabe-2.png","contentUrl":"https:\/\/www.oep.tn\/wp-content\/uploads\/2022\/11\/logo-oep-arabe-2.png","width":567,"height":142,"caption":"Office de l'Elevage et des Patuages"},"image":{"@id":"https:\/\/www.oep.tn\/#\/schema\/logo\/image\/"}}]}},"_links":{"self":[{"href":"https:\/\/www.oep.tn\/fr\/wp-json\/wp\/v2\/pages\/821","targetHints":{"allow":["GET"]}}],"collection":[{"href":"https:\/\/www.oep.tn\/fr\/wp-json\/wp\/v2\/pages"}],"about":[{"href":"https:\/\/www.oep.tn\/fr\/wp-json\/wp\/v2\/types\/page"}],"author":[{"embeddable":true,"href":"https:\/\/www.oep.tn\/fr\/wp-json\/wp\/v2\/users\/1"}],"replies":[{"embeddable":true,"href":"https:\/\/www.oep.tn\/fr\/wp-json\/wp\/v2\/comments?post=821"}],"version-history":[{"count":5,"href":"https:\/\/www.oep.tn\/fr\/wp-json\/wp\/v2\/pages\/821\/revisions"}],"predecessor-version":[{"id":3877,"href":"https:\/\/www.oep.tn\/fr\/wp-json\/wp\/v2\/pages\/821\/revisions\/3877"}],"wp:attachment":[{"href":"https:\/\/www.oep.tn\/fr\/wp-json\/wp\/v2\/media?parent=821"}],"curies":[{"name":"wp","href":"https:\/\/api.w.org\/{rel}","templated":true}]}}