


































































{"id":826,"date":"2022-07-11T10:33:37","date_gmt":"2022-07-11T08:33:37","guid":{"rendered":"https:\/\/www.oep.tn\/?page_id=826"},"modified":"2023-03-10T16:35:54","modified_gmt":"2023-03-10T15:35:54","slug":"programme-dintensification-des-cultures-fourrageres","status":"publish","type":"page","link":"https:\/\/www.oep.tn\/fr\/programme-dintensification-des-cultures-fourrageres\/","title":{"rendered":"D\u00e9veloppement des cultures\u00a0 fourrag\u00e8res"},"content":{"rendered":"\n<p><strong><span class=\"has-inline-color has-thr-acc-color\">Objectifs:<\/span><\/strong><\/p>\n\n\n\n<ul class=\"wp-block-list\">\n<li>Introduir, diversifier et intensifier les cultures fourrag\u00e8res en sec et en irrigu\u00e9.<\/li>\n<\/ul>\n\n\n\n<ul class=\"wp-block-list\">\n<li>Am\u00e9liorer les techniques culturales et l&#8217;exploitation des cultures fourrag\u00e8res.<\/li>\n<\/ul>\n\n\n\n<ul class=\"wp-block-list\">\n<li>Assurer une production fourrag\u00e8re suffisante&nbsp; en quantit\u00e9 et qualit\u00e9<\/li>\n<\/ul>\n\n\n\n<p><strong><span class=\"has-inline-color has-thr-acc-color\">Composantes:<\/span><\/strong><\/p>\n\n\n\n<p class=\"has-text-align-left\">  <strong>1-<\/strong>&nbsp;Introduction des esp\u00e8ces fourrag\u00e8res adapt\u00e9es et productives(ray grass d&#8217;Italie, betterave fourrag\u00e8re, triticale, sorgho fourrager et mais fourrager) chez la petites et moyennes exploitation.<\/p>\n\n\n\n<p class=\"has-text-align-left\">  <strong>2-<\/strong>&nbsp;Promotion des acquis de la recherche et des esp\u00e8ces introduites \u00e0 travers l&#8217;installatin des parcelles de d\u00e9monstration chez les petits et moyens \u00e9leveurs.<\/p>\n\n\n\n<p class=\"has-text-align-left\">  <strong>3-<\/strong>&nbsp;Identification avec les instructions de recherche des esp\u00e8ces et vari\u00e9t\u00e9s productives.<\/p>\n\n\n\n<p class=\"has-text-align-left\"><strong>  4-<\/strong>&nbsp;Identification des \u00e9leveurs cibles moyennant une demande d&#8217;adh\u00e9sion au programme.<\/p>\n","protected":false},"excerpt":{"rendered":"<p>Objectifs: Composantes: 1-&nbsp;Introduction des esp\u00e8ces fourrag\u00e8res adapt\u00e9es et productives(ray grass d&#8217;Italie, betterave fourrag\u00e8re, triticale, sorgho fourrager et mais fourrager) chez la petites et moyennes exploitation. 2-&nbsp;Promotion des acquis de la recherche et des esp\u00e8ces introduites \u00e0 travers l&#8217;installatin des parcelles de d\u00e9monstration chez les petits et moyens \u00e9leveurs. 3-&nbsp;Identification avec les instructions de recherche des [&hellip;]<\/p>\n","protected":false},"author":1,"featured_media":0,"parent":0,"menu_order":0,"comment_status":"closed","ping_status":"closed","template":"","meta":{"_themeisle_gutenberg_block_has_review":false,"footnotes":""},"class_list":["post-826","page","type-page","status-publish","hentry"],"yoast_head":"<!-- This site is optimized with the Yoast SEO plugin v26.0 - https:\/\/yoast.com\/wordpress\/plugins\/seo\/ -->\n<title>D\u00e9veloppement des cultures\u00a0 fourrag\u00e8res - Office de l&#039;Elevage et des P\u00e2turages<\/title>\n<meta name=\"robots\" content=\"index, follow, max-snippet:-1, max-image-preview:large, max-video-preview:-1\" \/>\n<link rel=\"canonical\" href=\"https:\/\/www.oep.tn\/\u0628\u0631\u0646\u0627\u0645\u062c-\u0627\u0633\u062a\u063a\u0644\u0627\u0644-\u0627\u0644\u0645\u062e\u0644\u0641\u0627\u062a-\u0627\u0644\u0632\u0631\u0627\u0639\u064a\u0629-\u0648-\u0627\u0644-2\/\" \/>\n<meta property=\"og:locale\" content=\"fr_FR\" \/>\n<meta property=\"og:type\" content=\"article\" \/>\n<meta property=\"og:title\" content=\"D\u00e9veloppement des cultures\u00a0 fourrag\u00e8res - Office de l&#039;Elevage et des P\u00e2turages\" \/>\n<meta property=\"og:description\" content=\"Objectifs: Composantes: 1-&nbsp;Introduction des esp\u00e8ces fourrag\u00e8res adapt\u00e9es et productives(ray grass d&#8217;Italie, betterave fourrag\u00e8re, triticale, sorgho fourrager et mais fourrager) chez la petites et moyennes exploitation. 2-&nbsp;Promotion des acquis de la recherche et des esp\u00e8ces introduites \u00e0 travers l&#8217;installatin des parcelles de d\u00e9monstration chez les petits et moyens \u00e9leveurs. 3-&nbsp;Identification avec les instructions de recherche des [&hellip;]\" \/>\n<meta property=\"og:url\" content=\"https:\/\/www.oep.tn\/\u0628\u0631\u0646\u0627\u0645\u062c-\u0627\u0633\u062a\u063a\u0644\u0627\u0644-\u0627\u0644\u0645\u062e\u0644\u0641\u0627\u062a-\u0627\u0644\u0632\u0631\u0627\u0639\u064a\u0629-\u0648-\u0627\u0644-2\/\" \/>\n<meta property=\"og:site_name\" content=\"Office de l&#039;Elevage et des P\u00e2turages\" \/>\n<meta property=\"article:modified_time\" content=\"2023-03-10T15:35:54+00:00\" \/>\n<meta name=\"twitter:card\" content=\"summary_large_image\" \/>\n<meta name=\"twitter:label1\" content=\"Dur\u00e9e de lecture estim\u00e9e\" \/>\n\t<meta name=\"twitter:data1\" content=\"1 minute\" \/>\n<script type=\"application\/ld+json\" class=\"yoast-schema-graph\">{\"@context\":\"https:\/\/schema.org\",\"@graph\":[{\"@type\":\"WebPage\",\"@id\":\"https:\/\/www.oep.tn\/%d8%a8%d8%b1%d9%86%d8%a7%d9%85%d8%ac-%d8%a7%d8%b3%d8%aa%d8%ba%d9%84%d8%a7%d9%84-%d8%a7%d9%84%d9%85%d8%ae%d9%84%d9%81%d8%a7%d8%aa-%d8%a7%d9%84%d8%b2%d8%b1%d8%a7%d8%b9%d9%8a%d8%a9-%d9%88-%d8%a7%d9%84-2\/\",\"url\":\"https:\/\/www.oep.tn\/%d8%a8%d8%b1%d9%86%d8%a7%d9%85%d8%ac-%d8%a7%d8%b3%d8%aa%d8%ba%d9%84%d8%a7%d9%84-%d8%a7%d9%84%d9%85%d8%ae%d9%84%d9%81%d8%a7%d8%aa-%d8%a7%d9%84%d8%b2%d8%b1%d8%a7%d8%b9%d9%8a%d8%a9-%d9%88-%d8%a7%d9%84-2\/\",\"name\":\"D\u00e9veloppement des cultures\u00a0 fourrag\u00e8res - Office de l&#039;Elevage et des P\u00e2turages\",\"isPartOf\":{\"@id\":\"https:\/\/www.oep.tn\/#website\"},\"datePublished\":\"2022-07-11T08:33:37+00:00\",\"dateModified\":\"2023-03-10T15:35:54+00:00\",\"breadcrumb\":{\"@id\":\"https:\/\/www.oep.tn\/%d8%a8%d8%b1%d9%86%d8%a7%d9%85%d8%ac-%d8%a7%d8%b3%d8%aa%d8%ba%d9%84%d8%a7%d9%84-%d8%a7%d9%84%d9%85%d8%ae%d9%84%d9%81%d8%a7%d8%aa-%d8%a7%d9%84%d8%b2%d8%b1%d8%a7%d8%b9%d9%8a%d8%a9-%d9%88-%d8%a7%d9%84-2\/#breadcrumb\"},\"inLanguage\":\"fr-FR\",\"potentialAction\":[{\"@type\":\"ReadAction\",\"target\":[\"https:\/\/www.oep.tn\/%d8%a8%d8%b1%d9%86%d8%a7%d9%85%d8%ac-%d8%a7%d8%b3%d8%aa%d8%ba%d9%84%d8%a7%d9%84-%d8%a7%d9%84%d9%85%d8%ae%d9%84%d9%81%d8%a7%d8%aa-%d8%a7%d9%84%d8%b2%d8%b1%d8%a7%d8%b9%d9%8a%d8%a9-%d9%88-%d8%a7%d9%84-2\/\"]}]},{\"@type\":\"BreadcrumbList\",\"@id\":\"https:\/\/www.oep.tn\/%d8%a8%d8%b1%d9%86%d8%a7%d9%85%d8%ac-%d8%a7%d8%b3%d8%aa%d8%ba%d9%84%d8%a7%d9%84-%d8%a7%d9%84%d9%85%d8%ae%d9%84%d9%81%d8%a7%d8%aa-%d8%a7%d9%84%d8%b2%d8%b1%d8%a7%d8%b9%d9%8a%d8%a9-%d9%88-%d8%a7%d9%84-2\/#breadcrumb\",\"itemListElement\":[{\"@type\":\"ListItem\",\"position\":1,\"name\":\"Accueil\",\"item\":\"https:\/\/www.oep.tn\/fr\/\"},{\"@type\":\"ListItem\",\"position\":2,\"name\":\"D\u00e9veloppement des cultures\u00a0 fourrag\u00e8res\"}]},{\"@type\":\"WebSite\",\"@id\":\"https:\/\/www.oep.tn\/#website\",\"url\":\"https:\/\/www.oep.tn\/\",\"name\":\"Office de l'Elevage et des P\u00e2turages\",\"description\":\"Office de l&#039;Elevage et des P\u00e2turages\",\"publisher\":{\"@id\":\"https:\/\/www.oep.tn\/#organization\"},\"alternateName\":\"Office de l'Elevage et des P\u00e2turages\",\"potentialAction\":[{\"@type\":\"SearchAction\",\"target\":{\"@type\":\"EntryPoint\",\"urlTemplate\":\"https:\/\/www.oep.tn\/?s={search_term_string}\"},\"query-input\":{\"@type\":\"PropertyValueSpecification\",\"valueRequired\":true,\"valueName\":\"search_term_string\"}}],\"inLanguage\":\"fr-FR\"},{\"@type\":\"Organization\",\"@id\":\"https:\/\/www.oep.tn\/#organization\",\"name\":\"Office de l'Elevage et des Patuages\",\"url\":\"https:\/\/www.oep.tn\/\",\"logo\":{\"@type\":\"ImageObject\",\"inLanguage\":\"fr-FR\",\"@id\":\"https:\/\/www.oep.tn\/#\/schema\/logo\/image\/\",\"url\":\"https:\/\/www.oep.tn\/wp-content\/uploads\/2022\/11\/logo-oep-arabe-2.png\",\"contentUrl\":\"https:\/\/www.oep.tn\/wp-content\/uploads\/2022\/11\/logo-oep-arabe-2.png\",\"width\":567,\"height\":142,\"caption\":\"Office de l'Elevage et des Patuages\"},\"image\":{\"@id\":\"https:\/\/www.oep.tn\/#\/schema\/logo\/image\/\"}}]}<\/script>\n<!-- \/ Yoast SEO plugin. -->","yoast_head_json":{"title":"D\u00e9veloppement des cultures\u00a0 fourrag\u00e8res - Office de l&#039;Elevage et des P\u00e2turages","robots":{"index":"index","follow":"follow","max-snippet":"max-snippet:-1","max-image-preview":"max-image-preview:large","max-video-preview":"max-video-preview:-1"},"canonical":"https:\/\/www.oep.tn\/\u0628\u0631\u0646\u0627\u0645\u062c-\u0627\u0633\u062a\u063a\u0644\u0627\u0644-\u0627\u0644\u0645\u062e\u0644\u0641\u0627\u062a-\u0627\u0644\u0632\u0631\u0627\u0639\u064a\u0629-\u0648-\u0627\u0644-2\/","og_locale":"fr_FR","og_type":"article","og_title":"D\u00e9veloppement des cultures\u00a0 fourrag\u00e8res - Office de l&#039;Elevage et des P\u00e2turages","og_description":"Objectifs: Composantes: 1-&nbsp;Introduction des esp\u00e8ces fourrag\u00e8res adapt\u00e9es et productives(ray grass d&#8217;Italie, betterave fourrag\u00e8re, triticale, sorgho fourrager et mais fourrager) chez la petites et moyennes exploitation. 2-&nbsp;Promotion des acquis de la recherche et des esp\u00e8ces introduites \u00e0 travers l&#8217;installatin des parcelles de d\u00e9monstration chez les petits et moyens \u00e9leveurs. 3-&nbsp;Identification avec les instructions de recherche des [&hellip;]","og_url":"https:\/\/www.oep.tn\/\u0628\u0631\u0646\u0627\u0645\u062c-\u0627\u0633\u062a\u063a\u0644\u0627\u0644-\u0627\u0644\u0645\u062e\u0644\u0641\u0627\u062a-\u0627\u0644\u0632\u0631\u0627\u0639\u064a\u0629-\u0648-\u0627\u0644-2\/","og_site_name":"Office de l&#039;Elevage et des P\u00e2turages","article_modified_time":"2023-03-10T15:35:54+00:00","twitter_card":"summary_large_image","twitter_misc":{"Dur\u00e9e de lecture estim\u00e9e":"1 minute"},"schema":{"@context":"https:\/\/schema.org","@graph":[{"@type":"WebPage","@id":"https:\/\/www.oep.tn\/%d8%a8%d8%b1%d9%86%d8%a7%d9%85%d8%ac-%d8%a7%d8%b3%d8%aa%d8%ba%d9%84%d8%a7%d9%84-%d8%a7%d9%84%d9%85%d8%ae%d9%84%d9%81%d8%a7%d8%aa-%d8%a7%d9%84%d8%b2%d8%b1%d8%a7%d8%b9%d9%8a%d8%a9-%d9%88-%d8%a7%d9%84-2\/","url":"https:\/\/www.oep.tn\/%d8%a8%d8%b1%d9%86%d8%a7%d9%85%d8%ac-%d8%a7%d8%b3%d8%aa%d8%ba%d9%84%d8%a7%d9%84-%d8%a7%d9%84%d9%85%d8%ae%d9%84%d9%81%d8%a7%d8%aa-%d8%a7%d9%84%d8%b2%d8%b1%d8%a7%d8%b9%d9%8a%d8%a9-%d9%88-%d8%a7%d9%84-2\/","name":"D\u00e9veloppement des cultures\u00a0 fourrag\u00e8res - Office de l&#039;Elevage et des P\u00e2turages","isPartOf":{"@id":"https:\/\/www.oep.tn\/#website"},"datePublished":"2022-07-11T08:33:37+00:00","dateModified":"2023-03-10T15:35:54+00:00","breadcrumb":{"@id":"https:\/\/www.oep.tn\/%d8%a8%d8%b1%d9%86%d8%a7%d9%85%d8%ac-%d8%a7%d8%b3%d8%aa%d8%ba%d9%84%d8%a7%d9%84-%d8%a7%d9%84%d9%85%d8%ae%d9%84%d9%81%d8%a7%d8%aa-%d8%a7%d9%84%d8%b2%d8%b1%d8%a7%d8%b9%d9%8a%d8%a9-%d9%88-%d8%a7%d9%84-2\/#breadcrumb"},"inLanguage":"fr-FR","potentialAction":[{"@type":"ReadAction","target":["https:\/\/www.oep.tn\/%d8%a8%d8%b1%d9%86%d8%a7%d9%85%d8%ac-%d8%a7%d8%b3%d8%aa%d8%ba%d9%84%d8%a7%d9%84-%d8%a7%d9%84%d9%85%d8%ae%d9%84%d9%81%d8%a7%d8%aa-%d8%a7%d9%84%d8%b2%d8%b1%d8%a7%d8%b9%d9%8a%d8%a9-%d9%88-%d8%a7%d9%84-2\/"]}]},{"@type":"BreadcrumbList","@id":"https:\/\/www.oep.tn\/%d8%a8%d8%b1%d9%86%d8%a7%d9%85%d8%ac-%d8%a7%d8%b3%d8%aa%d8%ba%d9%84%d8%a7%d9%84-%d8%a7%d9%84%d9%85%d8%ae%d9%84%d9%81%d8%a7%d8%aa-%d8%a7%d9%84%d8%b2%d8%b1%d8%a7%d8%b9%d9%8a%d8%a9-%d9%88-%d8%a7%d9%84-2\/#breadcrumb","itemListElement":[{"@type":"ListItem","position":1,"name":"Accueil","item":"https:\/\/www.oep.tn\/fr\/"},{"@type":"ListItem","position":2,"name":"D\u00e9veloppement des cultures\u00a0 fourrag\u00e8res"}]},{"@type":"WebSite","@id":"https:\/\/www.oep.tn\/#website","url":"https:\/\/www.oep.tn\/","name":"Office de l'Elevage et des P\u00e2turages","description":"Office de l&#039;Elevage et des P\u00e2turages","publisher":{"@id":"https:\/\/www.oep.tn\/#organization"},"alternateName":"Office de l'Elevage et des P\u00e2turages","potentialAction":[{"@type":"SearchAction","target":{"@type":"EntryPoint","urlTemplate":"https:\/\/www.oep.tn\/?s={search_term_string}"},"query-input":{"@type":"PropertyValueSpecification","valueRequired":true,"valueName":"search_term_string"}}],"inLanguage":"fr-FR"},{"@type":"Organization","@id":"https:\/\/www.oep.tn\/#organization","name":"Office de l'Elevage et des Patuages","url":"https:\/\/www.oep.tn\/","logo":{"@type":"ImageObject","inLanguage":"fr-FR","@id":"https:\/\/www.oep.tn\/#\/schema\/logo\/image\/","url":"https:\/\/www.oep.tn\/wp-content\/uploads\/2022\/11\/logo-oep-arabe-2.png","contentUrl":"https:\/\/www.oep.tn\/wp-content\/uploads\/2022\/11\/logo-oep-arabe-2.png","width":567,"height":142,"caption":"Office de l'Elevage et des Patuages"},"image":{"@id":"https:\/\/www.oep.tn\/#\/schema\/logo\/image\/"}}]}},"_links":{"self":[{"href":"https:\/\/www.oep.tn\/fr\/wp-json\/wp\/v2\/pages\/826","targetHints":{"allow":["GET"]}}],"collection":[{"href":"https:\/\/www.oep.tn\/fr\/wp-json\/wp\/v2\/pages"}],"about":[{"href":"https:\/\/www.oep.tn\/fr\/wp-json\/wp\/v2\/types\/page"}],"author":[{"embeddable":true,"href":"https:\/\/www.oep.tn\/fr\/wp-json\/wp\/v2\/users\/1"}],"replies":[{"embeddable":true,"href":"https:\/\/www.oep.tn\/fr\/wp-json\/wp\/v2\/comments?post=826"}],"version-history":[{"count":5,"href":"https:\/\/www.oep.tn\/fr\/wp-json\/wp\/v2\/pages\/826\/revisions"}],"predecessor-version":[{"id":3263,"href":"https:\/\/www.oep.tn\/fr\/wp-json\/wp\/v2\/pages\/826\/revisions\/3263"}],"wp:attachment":[{"href":"https:\/\/www.oep.tn\/fr\/wp-json\/wp\/v2\/media?parent=826"}],"curies":[{"name":"wp","href":"https:\/\/api.w.org\/{rel}","templated":true}]}}