


































































{"id":831,"date":"2022-07-11T10:45:49","date_gmt":"2022-07-11T08:45:49","guid":{"rendered":"https:\/\/www.oep.tn\/?page_id=831"},"modified":"2024-12-26T10:36:24","modified_gmt":"2024-12-26T09:36:24","slug":"semences-fourrageres-et-pastorales","status":"publish","type":"page","link":"https:\/\/www.oep.tn\/fr\/semences-fourrageres-et-pastorales\/","title":{"rendered":"Production des Semences Fourrag\u00e8res et Pastorales"},"content":{"rendered":"\n<p><strong><span class=\"has-inline-color has-thr-acc-color\">Objectifs:<\/span><\/strong><\/p>\n\n\n\n<p>Participer sur le plan national \u00e0 la fourniture des semences des esp\u00e8ces fourrag\u00e8res et pastorales&nbsp;&nbsp; les plus prometteuses et les plus adapt\u00e9es aux conditions \u00e9dapho-climatiques du pays<\/p>\n\n\n\n<p><strong><span class=\"has-inline-color has-thr-acc-color\">Composantes:<\/span><\/strong><\/p>\n\n\n\n<ul class=\"wp-block-list\">\n<li>Pr\u00e9-multiplication des semences des esp\u00e8ces fourrag\u00e8res et pastorales\u00a0\u00a0 les plus prometteuses et les plus adapt\u00e9es aux conditions \u00e9dapho-climatiques du pays\u00a0.\u00a0\u00a0<\/li>\n<\/ul>\n\n\n\n<ul class=\"wp-block-list\">\n<li>Elaboration d\u2019un programme de multiplication des esp\u00e8ces fourrag\u00e8res ( bersim khadhraoui , luzerne de gab\u00e9s, sulla du Nord ) chez les producteurs potentiels moyennant un contrat de multiplication \u00e9labor\u00e9 avec l\u2019Office de l\u2019Elevage et des P\u00e2turages\u00a0.<\/li>\n<\/ul>\n\n\n\n<ul class=\"wp-block-list\">\n<li>Elaboration d\u2019un programme de collecte des semences fourrag\u00e8res et pastorales produites localement ( medic , sulla ).<\/li>\n<\/ul>\n\n\n\n<ul class=\"wp-block-list\">\n<li>Mise \u00e0 la disposition des projet de d\u00e9veloppement et d\u2019encadrement de l\u2019Office de l\u2019Elevage et des P\u00e2turages des quantit\u00e9s importantes de semences fourrag\u00e8res et pastorales .\u00a0\u00a0<\/li>\n<\/ul>\n\n\n\n<figure class=\"wp-block-gallery has-nested-images columns-default is-cropped wp-block-gallery-1 is-layout-flex wp-block-gallery-is-layout-flex\">\n<figure class=\"wp-block-image size-large\"><img loading=\"lazy\" width=\"208\" height=\"263\" data-id=\"1033\" src=\"https:\/\/www.oep.tn\/wp-content\/uploads\/2022\/07\/img1.png\" alt=\"\" class=\"wp-image-1033\"\/><\/figure>\n\n\n\n<figure class=\"wp-block-image size-large\"><img loading=\"lazy\" width=\"224\" height=\"262\" data-id=\"1037\" src=\"https:\/\/www.oep.tn\/wp-content\/uploads\/2022\/07\/img2.png\" alt=\"\" class=\"wp-image-1037\"\/><\/figure>\n\n\n\n<figure class=\"wp-block-image size-large\"><img loading=\"lazy\" width=\"269\" height=\"276\" data-id=\"1040\" src=\"https:\/\/www.oep.tn\/wp-content\/uploads\/2022\/07\/img3.png\" alt=\"\" class=\"wp-image-1040\"\/><\/figure>\n<\/figure>\n","protected":false},"excerpt":{"rendered":"<p>Objectifs: Participer sur le plan national \u00e0 la fourniture des semences des esp\u00e8ces fourrag\u00e8res et pastorales&nbsp;&nbsp; les plus prometteuses et les plus adapt\u00e9es aux conditions \u00e9dapho-climatiques du pays Composantes:<\/p>\n","protected":false},"author":1,"featured_media":0,"parent":0,"menu_order":0,"comment_status":"closed","ping_status":"closed","template":"","meta":{"_themeisle_gutenberg_block_has_review":false,"footnotes":""},"class_list":["post-831","page","type-page","status-publish","hentry"],"yoast_head":"<!-- This site is optimized with the Yoast SEO plugin v26.0 - https:\/\/yoast.com\/wordpress\/plugins\/seo\/ -->\n<title>Production des Semences Fourrag\u00e8res et Pastorales - Office de l&#039;Elevage et des P\u00e2turages<\/title>\n<meta name=\"robots\" content=\"index, follow, max-snippet:-1, max-image-preview:large, max-video-preview:-1\" \/>\n<link rel=\"canonical\" href=\"https:\/\/www.oep.tn\/fr\/semences-fourrageres-et-pastorales\/\" \/>\n<meta property=\"og:locale\" content=\"fr_FR\" \/>\n<meta property=\"og:type\" content=\"article\" \/>\n<meta property=\"og:title\" content=\"Production des Semences Fourrag\u00e8res et Pastorales - Office de l&#039;Elevage et des P\u00e2turages\" \/>\n<meta property=\"og:description\" content=\"Objectifs: Participer sur le plan national \u00e0 la fourniture des semences des esp\u00e8ces fourrag\u00e8res et pastorales&nbsp;&nbsp; les plus prometteuses et les plus adapt\u00e9es aux conditions \u00e9dapho-climatiques du pays Composantes:\" \/>\n<meta property=\"og:url\" content=\"https:\/\/www.oep.tn\/fr\/semences-fourrageres-et-pastorales\/\" \/>\n<meta property=\"og:site_name\" content=\"Office de l&#039;Elevage et des P\u00e2turages\" \/>\n<meta property=\"article:modified_time\" content=\"2024-12-26T09:36:24+00:00\" \/>\n<meta property=\"og:image\" content=\"https:\/\/www.oep.tn\/wp-content\/uploads\/2022\/07\/img1.png\" \/>\n\t<meta property=\"og:image:width\" content=\"208\" \/>\n\t<meta property=\"og:image:height\" content=\"263\" \/>\n\t<meta property=\"og:image:type\" content=\"image\/png\" \/>\n<meta name=\"twitter:card\" content=\"summary_large_image\" \/>\n<meta name=\"twitter:label1\" content=\"Dur\u00e9e de lecture estim\u00e9e\" \/>\n\t<meta name=\"twitter:data1\" content=\"2 minutes\" \/>\n<script type=\"application\/ld+json\" class=\"yoast-schema-graph\">{\"@context\":\"https:\/\/schema.org\",\"@graph\":[{\"@type\":\"WebPage\",\"@id\":\"https:\/\/www.oep.tn\/fr\/semences-fourrageres-et-pastorales\/\",\"url\":\"https:\/\/www.oep.tn\/fr\/semences-fourrageres-et-pastorales\/\",\"name\":\"Production des Semences Fourrag\u00e8res et Pastorales - Office de l&#039;Elevage et des P\u00e2turages\",\"isPartOf\":{\"@id\":\"https:\/\/www.oep.tn\/#website\"},\"primaryImageOfPage\":{\"@id\":\"https:\/\/www.oep.tn\/fr\/semences-fourrageres-et-pastorales\/#primaryimage\"},\"image\":{\"@id\":\"https:\/\/www.oep.tn\/fr\/semences-fourrageres-et-pastorales\/#primaryimage\"},\"thumbnailUrl\":\"https:\/\/www.oep.tn\/wp-content\/uploads\/2022\/07\/img1.png\",\"datePublished\":\"2022-07-11T08:45:49+00:00\",\"dateModified\":\"2024-12-26T09:36:24+00:00\",\"breadcrumb\":{\"@id\":\"https:\/\/www.oep.tn\/fr\/semences-fourrageres-et-pastorales\/#breadcrumb\"},\"inLanguage\":\"fr-FR\",\"potentialAction\":[{\"@type\":\"ReadAction\",\"target\":[\"https:\/\/www.oep.tn\/fr\/semences-fourrageres-et-pastorales\/\"]}]},{\"@type\":\"ImageObject\",\"inLanguage\":\"fr-FR\",\"@id\":\"https:\/\/www.oep.tn\/fr\/semences-fourrageres-et-pastorales\/#primaryimage\",\"url\":\"https:\/\/www.oep.tn\/wp-content\/uploads\/2022\/07\/img1.png\",\"contentUrl\":\"https:\/\/www.oep.tn\/wp-content\/uploads\/2022\/07\/img1.png\"},{\"@type\":\"BreadcrumbList\",\"@id\":\"https:\/\/www.oep.tn\/fr\/semences-fourrageres-et-pastorales\/#breadcrumb\",\"itemListElement\":[{\"@type\":\"ListItem\",\"position\":1,\"name\":\"Accueil\",\"item\":\"https:\/\/www.oep.tn\/fr\/\"},{\"@type\":\"ListItem\",\"position\":2,\"name\":\"Production des Semences Fourrag\u00e8res et Pastorales\"}]},{\"@type\":\"WebSite\",\"@id\":\"https:\/\/www.oep.tn\/#website\",\"url\":\"https:\/\/www.oep.tn\/\",\"name\":\"Office de l'Elevage et des P\u00e2turages\",\"description\":\"Office de l&#039;Elevage et des P\u00e2turages\",\"publisher\":{\"@id\":\"https:\/\/www.oep.tn\/#organization\"},\"alternateName\":\"Office de l'Elevage et des P\u00e2turages\",\"potentialAction\":[{\"@type\":\"SearchAction\",\"target\":{\"@type\":\"EntryPoint\",\"urlTemplate\":\"https:\/\/www.oep.tn\/?s={search_term_string}\"},\"query-input\":{\"@type\":\"PropertyValueSpecification\",\"valueRequired\":true,\"valueName\":\"search_term_string\"}}],\"inLanguage\":\"fr-FR\"},{\"@type\":\"Organization\",\"@id\":\"https:\/\/www.oep.tn\/#organization\",\"name\":\"Office de l'Elevage et des Patuages\",\"url\":\"https:\/\/www.oep.tn\/\",\"logo\":{\"@type\":\"ImageObject\",\"inLanguage\":\"fr-FR\",\"@id\":\"https:\/\/www.oep.tn\/#\/schema\/logo\/image\/\",\"url\":\"https:\/\/www.oep.tn\/wp-content\/uploads\/2022\/11\/logo-oep-arabe-2.png\",\"contentUrl\":\"https:\/\/www.oep.tn\/wp-content\/uploads\/2022\/11\/logo-oep-arabe-2.png\",\"width\":567,\"height\":142,\"caption\":\"Office de l'Elevage et des Patuages\"},\"image\":{\"@id\":\"https:\/\/www.oep.tn\/#\/schema\/logo\/image\/\"}}]}<\/script>\n<!-- \/ Yoast SEO plugin. -->","yoast_head_json":{"title":"Production des Semences Fourrag\u00e8res et Pastorales - Office de l&#039;Elevage et des P\u00e2turages","robots":{"index":"index","follow":"follow","max-snippet":"max-snippet:-1","max-image-preview":"max-image-preview:large","max-video-preview":"max-video-preview:-1"},"canonical":"https:\/\/www.oep.tn\/fr\/semences-fourrageres-et-pastorales\/","og_locale":"fr_FR","og_type":"article","og_title":"Production des Semences Fourrag\u00e8res et Pastorales - Office de l&#039;Elevage et des P\u00e2turages","og_description":"Objectifs: Participer sur le plan national \u00e0 la fourniture des semences des esp\u00e8ces fourrag\u00e8res et pastorales&nbsp;&nbsp; les plus prometteuses et les plus adapt\u00e9es aux conditions \u00e9dapho-climatiques du pays Composantes:","og_url":"https:\/\/www.oep.tn\/fr\/semences-fourrageres-et-pastorales\/","og_site_name":"Office de l&#039;Elevage et des P\u00e2turages","article_modified_time":"2024-12-26T09:36:24+00:00","og_image":[{"width":208,"height":263,"url":"https:\/\/www.oep.tn\/wp-content\/uploads\/2022\/07\/img1.png","type":"image\/png"}],"twitter_card":"summary_large_image","twitter_misc":{"Dur\u00e9e de lecture estim\u00e9e":"2 minutes"},"schema":{"@context":"https:\/\/schema.org","@graph":[{"@type":"WebPage","@id":"https:\/\/www.oep.tn\/fr\/semences-fourrageres-et-pastorales\/","url":"https:\/\/www.oep.tn\/fr\/semences-fourrageres-et-pastorales\/","name":"Production des Semences Fourrag\u00e8res et Pastorales - Office de l&#039;Elevage et des P\u00e2turages","isPartOf":{"@id":"https:\/\/www.oep.tn\/#website"},"primaryImageOfPage":{"@id":"https:\/\/www.oep.tn\/fr\/semences-fourrageres-et-pastorales\/#primaryimage"},"image":{"@id":"https:\/\/www.oep.tn\/fr\/semences-fourrageres-et-pastorales\/#primaryimage"},"thumbnailUrl":"https:\/\/www.oep.tn\/wp-content\/uploads\/2022\/07\/img1.png","datePublished":"2022-07-11T08:45:49+00:00","dateModified":"2024-12-26T09:36:24+00:00","breadcrumb":{"@id":"https:\/\/www.oep.tn\/fr\/semences-fourrageres-et-pastorales\/#breadcrumb"},"inLanguage":"fr-FR","potentialAction":[{"@type":"ReadAction","target":["https:\/\/www.oep.tn\/fr\/semences-fourrageres-et-pastorales\/"]}]},{"@type":"ImageObject","inLanguage":"fr-FR","@id":"https:\/\/www.oep.tn\/fr\/semences-fourrageres-et-pastorales\/#primaryimage","url":"https:\/\/www.oep.tn\/wp-content\/uploads\/2022\/07\/img1.png","contentUrl":"https:\/\/www.oep.tn\/wp-content\/uploads\/2022\/07\/img1.png"},{"@type":"BreadcrumbList","@id":"https:\/\/www.oep.tn\/fr\/semences-fourrageres-et-pastorales\/#breadcrumb","itemListElement":[{"@type":"ListItem","position":1,"name":"Accueil","item":"https:\/\/www.oep.tn\/fr\/"},{"@type":"ListItem","position":2,"name":"Production des Semences Fourrag\u00e8res et Pastorales"}]},{"@type":"WebSite","@id":"https:\/\/www.oep.tn\/#website","url":"https:\/\/www.oep.tn\/","name":"Office de l'Elevage et des P\u00e2turages","description":"Office de l&#039;Elevage et des P\u00e2turages","publisher":{"@id":"https:\/\/www.oep.tn\/#organization"},"alternateName":"Office de l'Elevage et des P\u00e2turages","potentialAction":[{"@type":"SearchAction","target":{"@type":"EntryPoint","urlTemplate":"https:\/\/www.oep.tn\/?s={search_term_string}"},"query-input":{"@type":"PropertyValueSpecification","valueRequired":true,"valueName":"search_term_string"}}],"inLanguage":"fr-FR"},{"@type":"Organization","@id":"https:\/\/www.oep.tn\/#organization","name":"Office de l'Elevage et des Patuages","url":"https:\/\/www.oep.tn\/","logo":{"@type":"ImageObject","inLanguage":"fr-FR","@id":"https:\/\/www.oep.tn\/#\/schema\/logo\/image\/","url":"https:\/\/www.oep.tn\/wp-content\/uploads\/2022\/11\/logo-oep-arabe-2.png","contentUrl":"https:\/\/www.oep.tn\/wp-content\/uploads\/2022\/11\/logo-oep-arabe-2.png","width":567,"height":142,"caption":"Office de l'Elevage et des Patuages"},"image":{"@id":"https:\/\/www.oep.tn\/#\/schema\/logo\/image\/"}}]}},"_links":{"self":[{"href":"https:\/\/www.oep.tn\/fr\/wp-json\/wp\/v2\/pages\/831","targetHints":{"allow":["GET"]}}],"collection":[{"href":"https:\/\/www.oep.tn\/fr\/wp-json\/wp\/v2\/pages"}],"about":[{"href":"https:\/\/www.oep.tn\/fr\/wp-json\/wp\/v2\/types\/page"}],"author":[{"embeddable":true,"href":"https:\/\/www.oep.tn\/fr\/wp-json\/wp\/v2\/users\/1"}],"replies":[{"embeddable":true,"href":"https:\/\/www.oep.tn\/fr\/wp-json\/wp\/v2\/comments?post=831"}],"version-history":[{"count":3,"href":"https:\/\/www.oep.tn\/fr\/wp-json\/wp\/v2\/pages\/831\/revisions"}],"predecessor-version":[{"id":4604,"href":"https:\/\/www.oep.tn\/fr\/wp-json\/wp\/v2\/pages\/831\/revisions\/4604"}],"wp:attachment":[{"href":"https:\/\/www.oep.tn\/fr\/wp-json\/wp\/v2\/media?parent=831"}],"curies":[{"name":"wp","href":"https:\/\/api.w.org\/{rel}","templated":true}]}}