


































































{"id":835,"date":"2022-07-11T10:56:56","date_gmt":"2022-07-11T08:56:56","guid":{"rendered":"https:\/\/www.oep.tn\/?page_id=835"},"modified":"2022-09-09T10:09:42","modified_gmt":"2022-09-09T08:09:42","slug":"identification-animale","status":"publish","type":"page","link":"https:\/\/www.oep.tn\/fr\/identification-animale\/","title":{"rendered":"Identification Animale"},"content":{"rendered":"\n<p>Le Programme national de l\u2019identification animale a \u00e9t\u00e9 d\u00e9marr\u00e9 depuis 2002 avec l\u2019utilisation des rep\u00e8res auriculaires en plastique. Les esp\u00e8ces d\u2019\u00e9levage (Bovins, Ovins, Caprins et Cam\u00e9lid\u00e9s produits localement ou import\u00e9s) sont marqu\u00e9es au niveau des oreilles avec un identifiant unique, non r\u00e9p\u00e9table et infalsifiable qui accompagne l\u2019animale tout le long de sa vie.&nbsp;&nbsp;&nbsp;&nbsp;<\/p>\n\n\n\n<p><strong><span class=\"has-inline-color has-thr-acc-color\">Objectif<\/span><\/strong><\/p>\n\n\n\n<p>Intensification du marquage et de l\u2019enregistrement des donn\u00e9es relatives \u00e0 l\u2019identit\u00e9 des animaux et \u00e0 leur \u00e9tat sanitaire en association avec le suivi de leurs mouvements et la localisation de leur \u00e9levage afin de mettre en place un syst\u00e8me de tra\u00e7abilit\u00e9.<\/p>\n\n\n\n<p>Appui aux programmes d\u2019am\u00e9lioration g\u00e9n\u00e9tique et \u00e0 la conduite et la gestion des troupeaux dans le but d\u2019am\u00e9liorer la productivit\u00e9 et la rentabilit\u00e9 des exploitations d\u2019\u00e9levage.<\/p>\n\n\n\n<p>Impl\u00e9mentation d\u2019une base de donn\u00e9es nationale des animaux d\u2019\u00e9levage afin de la valoriser au niveau des diff\u00e9rents maillons des fili\u00e8res d\u2019\u00e9levage et de commercialisation des produits <\/p>\n\n\n\n<p><strong><span class=\"has-inline-color has-thr-acc-color\">Composantes<\/span><\/strong><\/p>\n\n\n\n<ul class=\"wp-block-list\"><li>Inscription des \u00e9leveurs au <a rel=\"noreferrer noopener\" href=\"http:\/\/www.oep.nat.tn\/images\/stories\/contenu\/decret-lois-fr\/registres-id.pdf\" target=\"_blank\">Registre National des Eleveurs<\/a><ul><li>Fournitures des Rep\u00e8res Auriculaires pour le marquages des animaux (Bovin, Ovins, Caprins, Cam\u00e9lid\u00e9s)<\/li><\/ul><ul><li>Marquages des animaux&nbsp;:<ul><li>Bovin&nbsp;: G\u00e9n\u00e9ralisation de l\u2019identification pour tous les troupeaux inscrits dans la base de s\u00e9lection, projets d\u2019encadrement technique, circuit d\u2019ins\u00e9mination artificielle, centre d\u2019\u00e9levage de g\u00e9nisses, ateliers d\u2019engraissement de bovins locaux ou import\u00e9s.<\/li><\/ul><ul><li>Cam\u00e9lid\u00e9s&nbsp;: identification des troupeaux adh\u00e9rents aux programmes d\u2019encadrement technique et de suivi sanitaire.<\/li><\/ul><ul><li>Petits ruminants&nbsp;: identification des troupeaux inscrit au programme de contr\u00f4le des performances, des centres d\u2019\u00e9levage de reproducteurs, des troupeaux inscrits aux structures de d\u00e9veloppement agricole et aux troupeaux de races d\u2019effectif r\u00e9duit<\/li><\/ul><\/li><\/ul><ul><li>Edition des certificats d\u2019identifications et des \u00ab&nbsp;Passeports&nbsp;\u00bb qui accompagne les animaux tout le long de leurs vie<\/li><\/ul><ul><li>Exploitation d\u2019une base nationale des donn\u00e9es de l\u2019identification<\/li><\/ul><\/li><\/ul>\n\n\n\n<p><strong><span class=\"has-inline-color has-thr-acc-color\">Op\u00e9rateurs<\/span><\/strong><\/p>\n\n\n\n<p>OEP, ODESYPANO, OTD, UCPA, Exploitants Priv\u00e9s, SMBSA, GDA, Ins\u00e9minateurs.<\/p>\n","protected":false},"excerpt":{"rendered":"<p>Le Programme national de l\u2019identification animale a \u00e9t\u00e9 d\u00e9marr\u00e9 depuis 2002 avec l\u2019utilisation des rep\u00e8res auriculaires en plastique. Les esp\u00e8ces d\u2019\u00e9levage (Bovins, Ovins, Caprins et Cam\u00e9lid\u00e9s produits localement ou import\u00e9s) sont marqu\u00e9es au niveau des oreilles avec un identifiant unique, non r\u00e9p\u00e9table et infalsifiable qui accompagne l\u2019animale tout le long de sa vie.&nbsp;&nbsp;&nbsp;&nbsp; Objectif Intensification [&hellip;]<\/p>\n","protected":false},"author":1,"featured_media":0,"parent":0,"menu_order":0,"comment_status":"closed","ping_status":"closed","template":"","meta":{"_themeisle_gutenberg_block_has_review":false,"footnotes":""},"class_list":["post-835","page","type-page","status-publish","hentry"],"yoast_head":"<!-- This site is optimized with the Yoast SEO plugin v26.0 - https:\/\/yoast.com\/wordpress\/plugins\/seo\/ -->\n<title>Identification Animale - Office de l&#039;Elevage et des P\u00e2turages<\/title>\n<meta name=\"robots\" content=\"index, follow, max-snippet:-1, max-image-preview:large, max-video-preview:-1\" \/>\n<link rel=\"canonical\" href=\"https:\/\/www.oep.tn\/\u0628\u0631\u0646\u0627\u0645\u062c-\u0627\u0644\u0648\u0637\u0646\u064a-\u0644\u062a\u0631\u0642\u064a\u0645-\u0644\u0644\u0645\u0627\u0634\u064a\u0629-2\/\" \/>\n<meta property=\"og:locale\" content=\"fr_FR\" \/>\n<meta property=\"og:type\" content=\"article\" \/>\n<meta property=\"og:title\" content=\"Identification Animale - Office de l&#039;Elevage et des P\u00e2turages\" \/>\n<meta property=\"og:description\" content=\"Le Programme national de l\u2019identification animale a \u00e9t\u00e9 d\u00e9marr\u00e9 depuis 2002 avec l\u2019utilisation des rep\u00e8res auriculaires en plastique. Les esp\u00e8ces d\u2019\u00e9levage (Bovins, Ovins, Caprins et Cam\u00e9lid\u00e9s produits localement ou import\u00e9s) sont marqu\u00e9es au niveau des oreilles avec un identifiant unique, non r\u00e9p\u00e9table et infalsifiable qui accompagne l\u2019animale tout le long de sa vie.&nbsp;&nbsp;&nbsp;&nbsp; Objectif Intensification [&hellip;]\" \/>\n<meta property=\"og:url\" content=\"https:\/\/www.oep.tn\/\u0628\u0631\u0646\u0627\u0645\u062c-\u0627\u0644\u0648\u0637\u0646\u064a-\u0644\u062a\u0631\u0642\u064a\u0645-\u0644\u0644\u0645\u0627\u0634\u064a\u0629-2\/\" \/>\n<meta property=\"og:site_name\" content=\"Office de l&#039;Elevage et des P\u00e2turages\" \/>\n<meta property=\"article:modified_time\" content=\"2022-09-09T08:09:42+00:00\" \/>\n<meta name=\"twitter:card\" content=\"summary_large_image\" \/>\n<meta name=\"twitter:label1\" content=\"Dur\u00e9e de lecture estim\u00e9e\" \/>\n\t<meta name=\"twitter:data1\" content=\"2 minutes\" \/>\n<script type=\"application\/ld+json\" class=\"yoast-schema-graph\">{\"@context\":\"https:\/\/schema.org\",\"@graph\":[{\"@type\":\"WebPage\",\"@id\":\"https:\/\/www.oep.tn\/%d8%a8%d8%b1%d9%86%d8%a7%d9%85%d8%ac-%d8%a7%d9%84%d9%88%d8%b7%d9%86%d9%8a-%d9%84%d8%aa%d8%b1%d9%82%d9%8a%d9%85-%d9%84%d9%84%d9%85%d8%a7%d8%b4%d9%8a%d8%a9-2\/\",\"url\":\"https:\/\/www.oep.tn\/%d8%a8%d8%b1%d9%86%d8%a7%d9%85%d8%ac-%d8%a7%d9%84%d9%88%d8%b7%d9%86%d9%8a-%d9%84%d8%aa%d8%b1%d9%82%d9%8a%d9%85-%d9%84%d9%84%d9%85%d8%a7%d8%b4%d9%8a%d8%a9-2\/\",\"name\":\"Identification Animale - Office de l&#039;Elevage et des P\u00e2turages\",\"isPartOf\":{\"@id\":\"https:\/\/www.oep.tn\/#website\"},\"datePublished\":\"2022-07-11T08:56:56+00:00\",\"dateModified\":\"2022-09-09T08:09:42+00:00\",\"breadcrumb\":{\"@id\":\"https:\/\/www.oep.tn\/%d8%a8%d8%b1%d9%86%d8%a7%d9%85%d8%ac-%d8%a7%d9%84%d9%88%d8%b7%d9%86%d9%8a-%d9%84%d8%aa%d8%b1%d9%82%d9%8a%d9%85-%d9%84%d9%84%d9%85%d8%a7%d8%b4%d9%8a%d8%a9-2\/#breadcrumb\"},\"inLanguage\":\"fr-FR\",\"potentialAction\":[{\"@type\":\"ReadAction\",\"target\":[\"https:\/\/www.oep.tn\/%d8%a8%d8%b1%d9%86%d8%a7%d9%85%d8%ac-%d8%a7%d9%84%d9%88%d8%b7%d9%86%d9%8a-%d9%84%d8%aa%d8%b1%d9%82%d9%8a%d9%85-%d9%84%d9%84%d9%85%d8%a7%d8%b4%d9%8a%d8%a9-2\/\"]}]},{\"@type\":\"BreadcrumbList\",\"@id\":\"https:\/\/www.oep.tn\/%d8%a8%d8%b1%d9%86%d8%a7%d9%85%d8%ac-%d8%a7%d9%84%d9%88%d8%b7%d9%86%d9%8a-%d9%84%d8%aa%d8%b1%d9%82%d9%8a%d9%85-%d9%84%d9%84%d9%85%d8%a7%d8%b4%d9%8a%d8%a9-2\/#breadcrumb\",\"itemListElement\":[{\"@type\":\"ListItem\",\"position\":1,\"name\":\"Accueil\",\"item\":\"https:\/\/www.oep.tn\/fr\/\"},{\"@type\":\"ListItem\",\"position\":2,\"name\":\"Identification Animale\"}]},{\"@type\":\"WebSite\",\"@id\":\"https:\/\/www.oep.tn\/#website\",\"url\":\"https:\/\/www.oep.tn\/\",\"name\":\"Office de l'Elevage et des P\u00e2turages\",\"description\":\"Office de l&#039;Elevage et des P\u00e2turages\",\"publisher\":{\"@id\":\"https:\/\/www.oep.tn\/#organization\"},\"alternateName\":\"Office de l'Elevage et des P\u00e2turages\",\"potentialAction\":[{\"@type\":\"SearchAction\",\"target\":{\"@type\":\"EntryPoint\",\"urlTemplate\":\"https:\/\/www.oep.tn\/?s={search_term_string}\"},\"query-input\":{\"@type\":\"PropertyValueSpecification\",\"valueRequired\":true,\"valueName\":\"search_term_string\"}}],\"inLanguage\":\"fr-FR\"},{\"@type\":\"Organization\",\"@id\":\"https:\/\/www.oep.tn\/#organization\",\"name\":\"Office de l'Elevage et des Patuages\",\"url\":\"https:\/\/www.oep.tn\/\",\"logo\":{\"@type\":\"ImageObject\",\"inLanguage\":\"fr-FR\",\"@id\":\"https:\/\/www.oep.tn\/#\/schema\/logo\/image\/\",\"url\":\"https:\/\/www.oep.tn\/wp-content\/uploads\/2022\/11\/logo-oep-arabe-2.png\",\"contentUrl\":\"https:\/\/www.oep.tn\/wp-content\/uploads\/2022\/11\/logo-oep-arabe-2.png\",\"width\":567,\"height\":142,\"caption\":\"Office de l'Elevage et des Patuages\"},\"image\":{\"@id\":\"https:\/\/www.oep.tn\/#\/schema\/logo\/image\/\"}}]}<\/script>\n<!-- \/ Yoast SEO plugin. -->","yoast_head_json":{"title":"Identification Animale - Office de l&#039;Elevage et des P\u00e2turages","robots":{"index":"index","follow":"follow","max-snippet":"max-snippet:-1","max-image-preview":"max-image-preview:large","max-video-preview":"max-video-preview:-1"},"canonical":"https:\/\/www.oep.tn\/\u0628\u0631\u0646\u0627\u0645\u062c-\u0627\u0644\u0648\u0637\u0646\u064a-\u0644\u062a\u0631\u0642\u064a\u0645-\u0644\u0644\u0645\u0627\u0634\u064a\u0629-2\/","og_locale":"fr_FR","og_type":"article","og_title":"Identification Animale - Office de l&#039;Elevage et des P\u00e2turages","og_description":"Le Programme national de l\u2019identification animale a \u00e9t\u00e9 d\u00e9marr\u00e9 depuis 2002 avec l\u2019utilisation des rep\u00e8res auriculaires en plastique. Les esp\u00e8ces d\u2019\u00e9levage (Bovins, Ovins, Caprins et Cam\u00e9lid\u00e9s produits localement ou import\u00e9s) sont marqu\u00e9es au niveau des oreilles avec un identifiant unique, non r\u00e9p\u00e9table et infalsifiable qui accompagne l\u2019animale tout le long de sa vie.&nbsp;&nbsp;&nbsp;&nbsp; Objectif Intensification [&hellip;]","og_url":"https:\/\/www.oep.tn\/\u0628\u0631\u0646\u0627\u0645\u062c-\u0627\u0644\u0648\u0637\u0646\u064a-\u0644\u062a\u0631\u0642\u064a\u0645-\u0644\u0644\u0645\u0627\u0634\u064a\u0629-2\/","og_site_name":"Office de l&#039;Elevage et des P\u00e2turages","article_modified_time":"2022-09-09T08:09:42+00:00","twitter_card":"summary_large_image","twitter_misc":{"Dur\u00e9e de lecture estim\u00e9e":"2 minutes"},"schema":{"@context":"https:\/\/schema.org","@graph":[{"@type":"WebPage","@id":"https:\/\/www.oep.tn\/%d8%a8%d8%b1%d9%86%d8%a7%d9%85%d8%ac-%d8%a7%d9%84%d9%88%d8%b7%d9%86%d9%8a-%d9%84%d8%aa%d8%b1%d9%82%d9%8a%d9%85-%d9%84%d9%84%d9%85%d8%a7%d8%b4%d9%8a%d8%a9-2\/","url":"https:\/\/www.oep.tn\/%d8%a8%d8%b1%d9%86%d8%a7%d9%85%d8%ac-%d8%a7%d9%84%d9%88%d8%b7%d9%86%d9%8a-%d9%84%d8%aa%d8%b1%d9%82%d9%8a%d9%85-%d9%84%d9%84%d9%85%d8%a7%d8%b4%d9%8a%d8%a9-2\/","name":"Identification Animale - Office de l&#039;Elevage et des P\u00e2turages","isPartOf":{"@id":"https:\/\/www.oep.tn\/#website"},"datePublished":"2022-07-11T08:56:56+00:00","dateModified":"2022-09-09T08:09:42+00:00","breadcrumb":{"@id":"https:\/\/www.oep.tn\/%d8%a8%d8%b1%d9%86%d8%a7%d9%85%d8%ac-%d8%a7%d9%84%d9%88%d8%b7%d9%86%d9%8a-%d9%84%d8%aa%d8%b1%d9%82%d9%8a%d9%85-%d9%84%d9%84%d9%85%d8%a7%d8%b4%d9%8a%d8%a9-2\/#breadcrumb"},"inLanguage":"fr-FR","potentialAction":[{"@type":"ReadAction","target":["https:\/\/www.oep.tn\/%d8%a8%d8%b1%d9%86%d8%a7%d9%85%d8%ac-%d8%a7%d9%84%d9%88%d8%b7%d9%86%d9%8a-%d9%84%d8%aa%d8%b1%d9%82%d9%8a%d9%85-%d9%84%d9%84%d9%85%d8%a7%d8%b4%d9%8a%d8%a9-2\/"]}]},{"@type":"BreadcrumbList","@id":"https:\/\/www.oep.tn\/%d8%a8%d8%b1%d9%86%d8%a7%d9%85%d8%ac-%d8%a7%d9%84%d9%88%d8%b7%d9%86%d9%8a-%d9%84%d8%aa%d8%b1%d9%82%d9%8a%d9%85-%d9%84%d9%84%d9%85%d8%a7%d8%b4%d9%8a%d8%a9-2\/#breadcrumb","itemListElement":[{"@type":"ListItem","position":1,"name":"Accueil","item":"https:\/\/www.oep.tn\/fr\/"},{"@type":"ListItem","position":2,"name":"Identification Animale"}]},{"@type":"WebSite","@id":"https:\/\/www.oep.tn\/#website","url":"https:\/\/www.oep.tn\/","name":"Office de l'Elevage et des P\u00e2turages","description":"Office de l&#039;Elevage et des P\u00e2turages","publisher":{"@id":"https:\/\/www.oep.tn\/#organization"},"alternateName":"Office de l'Elevage et des P\u00e2turages","potentialAction":[{"@type":"SearchAction","target":{"@type":"EntryPoint","urlTemplate":"https:\/\/www.oep.tn\/?s={search_term_string}"},"query-input":{"@type":"PropertyValueSpecification","valueRequired":true,"valueName":"search_term_string"}}],"inLanguage":"fr-FR"},{"@type":"Organization","@id":"https:\/\/www.oep.tn\/#organization","name":"Office de l'Elevage et des Patuages","url":"https:\/\/www.oep.tn\/","logo":{"@type":"ImageObject","inLanguage":"fr-FR","@id":"https:\/\/www.oep.tn\/#\/schema\/logo\/image\/","url":"https:\/\/www.oep.tn\/wp-content\/uploads\/2022\/11\/logo-oep-arabe-2.png","contentUrl":"https:\/\/www.oep.tn\/wp-content\/uploads\/2022\/11\/logo-oep-arabe-2.png","width":567,"height":142,"caption":"Office de l'Elevage et des Patuages"},"image":{"@id":"https:\/\/www.oep.tn\/#\/schema\/logo\/image\/"}}]}},"_links":{"self":[{"href":"https:\/\/www.oep.tn\/fr\/wp-json\/wp\/v2\/pages\/835","targetHints":{"allow":["GET"]}}],"collection":[{"href":"https:\/\/www.oep.tn\/fr\/wp-json\/wp\/v2\/pages"}],"about":[{"href":"https:\/\/www.oep.tn\/fr\/wp-json\/wp\/v2\/types\/page"}],"author":[{"embeddable":true,"href":"https:\/\/www.oep.tn\/fr\/wp-json\/wp\/v2\/users\/1"}],"replies":[{"embeddable":true,"href":"https:\/\/www.oep.tn\/fr\/wp-json\/wp\/v2\/comments?post=835"}],"version-history":[{"count":2,"href":"https:\/\/www.oep.tn\/fr\/wp-json\/wp\/v2\/pages\/835\/revisions"}],"predecessor-version":[{"id":1250,"href":"https:\/\/www.oep.tn\/fr\/wp-json\/wp\/v2\/pages\/835\/revisions\/1250"}],"wp:attachment":[{"href":"https:\/\/www.oep.tn\/fr\/wp-json\/wp\/v2\/media?parent=835"}],"curies":[{"name":"wp","href":"https:\/\/api.w.org\/{rel}","templated":true}]}}