


































































{"id":837,"date":"2022-07-11T11:03:07","date_gmt":"2022-07-11T09:03:07","guid":{"rendered":"https:\/\/www.oep.tn\/?page_id=837"},"modified":"2022-07-11T11:03:08","modified_gmt":"2022-07-11T09:03:08","slug":"controle-des-performances","status":"publish","type":"page","link":"https:\/\/www.oep.tn\/fr\/controle-des-performances\/","title":{"rendered":"Contr\u00f4le des performances"},"content":{"rendered":"\n<p><strong><span class=\"has-inline-color has-thr-acc-color\">Objectifs<\/span><\/strong><\/p>\n\n\n\n<p>La mise en place du programme du contr\u00f4le laitier et du programme de contr\u00f4le de croissance pour les esp\u00e8ces bovine, ovine et caprine dans le cadre de l\u2019encadrement technique des \u00e9leveurs, de l\u2019\u00e9valuation g\u00e9n\u00e9tique et de la s\u00e9lection des reproducteurs.<\/p>\n\n\n\n<p><strong><span class=\"has-inline-color has-thr-acc-color\">Composantes<\/span><\/strong><\/p>\n\n\n\n<ul class=\"wp-block-list\"><li>Inscription des \u00e9leveurs aux programmes du contr\u00f4le des performances<\/li><li>Mise en place du contr\u00f4le laitier<\/li><li>Monitoring au niveau de la Direction de l\u2019Am\u00e9lioration G\u00e9n\u00e9tique<\/li><li>Ex\u00e9cution au niveau des Directions r\u00e9gionales de l\u2019OEP<\/li><li>Mise en place du contr\u00f4le de croissance<\/li><li>Monitoring au niveau de la Direction de l\u2019Am\u00e9lioration G\u00e9n\u00e9tique<\/li><li>Ex\u00e9cution au niveau des Directions r\u00e9gionales de l\u2019OEP<\/li><li>Analyse des \u00e9chantillons de lait<\/li><li>Laboratoires de Sidi Thabet et de B\u00e9ja.<\/li><li>Analyse des \u00e9chantillons de fourrages<\/li><li>Laboratoire de Sidi Thabet<\/li><li>Exploitation de la base de donn\u00e9es du contr\u00f4le des performances<\/li><\/ul>\n\n\n\n<p><strong><span class=\"has-inline-color has-thr-acc-color\">Op\u00e9rateurs<\/span><\/strong><\/p>\n\n\n\n<p>OEP, OTD, UCPA, SMVDA, Exploitants Priv\u00e9s, SMBSA, GDA<\/p>\n","protected":false},"excerpt":{"rendered":"<p>Objectifs La mise en place du programme du contr\u00f4le laitier et du programme de contr\u00f4le de croissance pour les esp\u00e8ces bovine, ovine et caprine dans le cadre de l\u2019encadrement technique des \u00e9leveurs, de l\u2019\u00e9valuation g\u00e9n\u00e9tique et de la s\u00e9lection des reproducteurs. Composantes Inscription des \u00e9leveurs aux programmes du contr\u00f4le des performances Mise en place du [&hellip;]<\/p>\n","protected":false},"author":1,"featured_media":0,"parent":0,"menu_order":0,"comment_status":"closed","ping_status":"closed","template":"","meta":{"_themeisle_gutenberg_block_has_review":false,"footnotes":""},"class_list":["post-837","page","type-page","status-publish","hentry"],"yoast_head":"<!-- This site is optimized with the Yoast SEO plugin v26.0 - https:\/\/yoast.com\/wordpress\/plugins\/seo\/ -->\n<title>Contr\u00f4le des performances - Office de l&#039;Elevage et des P\u00e2turages<\/title>\n<meta name=\"robots\" content=\"index, follow, max-snippet:-1, max-image-preview:large, max-video-preview:-1\" \/>\n<link rel=\"canonical\" href=\"https:\/\/www.oep.tn\/fr\/controle-des-performances\/\" \/>\n<meta property=\"og:locale\" content=\"fr_FR\" \/>\n<meta property=\"og:type\" content=\"article\" \/>\n<meta property=\"og:title\" content=\"Contr\u00f4le des performances - Office de l&#039;Elevage et des P\u00e2turages\" \/>\n<meta property=\"og:description\" content=\"Objectifs La mise en place du programme du contr\u00f4le laitier et du programme de contr\u00f4le de croissance pour les esp\u00e8ces bovine, ovine et caprine dans le cadre de l\u2019encadrement technique des \u00e9leveurs, de l\u2019\u00e9valuation g\u00e9n\u00e9tique et de la s\u00e9lection des reproducteurs. Composantes Inscription des \u00e9leveurs aux programmes du contr\u00f4le des performances Mise en place du [&hellip;]\" \/>\n<meta property=\"og:url\" content=\"https:\/\/www.oep.tn\/fr\/controle-des-performances\/\" \/>\n<meta property=\"og:site_name\" content=\"Office de l&#039;Elevage et des P\u00e2turages\" \/>\n<meta property=\"article:modified_time\" content=\"2022-07-11T09:03:08+00:00\" \/>\n<meta name=\"twitter:card\" content=\"summary_large_image\" \/>\n<meta name=\"twitter:label1\" content=\"Dur\u00e9e de lecture estim\u00e9e\" \/>\n\t<meta name=\"twitter:data1\" content=\"1 minute\" \/>\n<script type=\"application\/ld+json\" class=\"yoast-schema-graph\">{\"@context\":\"https:\/\/schema.org\",\"@graph\":[{\"@type\":\"WebPage\",\"@id\":\"https:\/\/www.oep.tn\/fr\/controle-des-performances\/\",\"url\":\"https:\/\/www.oep.tn\/fr\/controle-des-performances\/\",\"name\":\"Contr\u00f4le des performances - Office de l&#039;Elevage et des P\u00e2turages\",\"isPartOf\":{\"@id\":\"https:\/\/www.oep.tn\/#website\"},\"datePublished\":\"2022-07-11T09:03:07+00:00\",\"dateModified\":\"2022-07-11T09:03:08+00:00\",\"breadcrumb\":{\"@id\":\"https:\/\/www.oep.tn\/fr\/controle-des-performances\/#breadcrumb\"},\"inLanguage\":\"fr-FR\",\"potentialAction\":[{\"@type\":\"ReadAction\",\"target\":[\"https:\/\/www.oep.tn\/fr\/controle-des-performances\/\"]}]},{\"@type\":\"BreadcrumbList\",\"@id\":\"https:\/\/www.oep.tn\/fr\/controle-des-performances\/#breadcrumb\",\"itemListElement\":[{\"@type\":\"ListItem\",\"position\":1,\"name\":\"Accueil\",\"item\":\"https:\/\/www.oep.tn\/fr\/\"},{\"@type\":\"ListItem\",\"position\":2,\"name\":\"Contr\u00f4le des performances\"}]},{\"@type\":\"WebSite\",\"@id\":\"https:\/\/www.oep.tn\/#website\",\"url\":\"https:\/\/www.oep.tn\/\",\"name\":\"Office de l'Elevage et des P\u00e2turages\",\"description\":\"Office de l&#039;Elevage et des P\u00e2turages\",\"publisher\":{\"@id\":\"https:\/\/www.oep.tn\/#organization\"},\"alternateName\":\"Office de l'Elevage et des P\u00e2turages\",\"potentialAction\":[{\"@type\":\"SearchAction\",\"target\":{\"@type\":\"EntryPoint\",\"urlTemplate\":\"https:\/\/www.oep.tn\/?s={search_term_string}\"},\"query-input\":{\"@type\":\"PropertyValueSpecification\",\"valueRequired\":true,\"valueName\":\"search_term_string\"}}],\"inLanguage\":\"fr-FR\"},{\"@type\":\"Organization\",\"@id\":\"https:\/\/www.oep.tn\/#organization\",\"name\":\"Office de l'Elevage et des Patuages\",\"url\":\"https:\/\/www.oep.tn\/\",\"logo\":{\"@type\":\"ImageObject\",\"inLanguage\":\"fr-FR\",\"@id\":\"https:\/\/www.oep.tn\/#\/schema\/logo\/image\/\",\"url\":\"https:\/\/www.oep.tn\/wp-content\/uploads\/2022\/11\/logo-oep-arabe-2.png\",\"contentUrl\":\"https:\/\/www.oep.tn\/wp-content\/uploads\/2022\/11\/logo-oep-arabe-2.png\",\"width\":567,\"height\":142,\"caption\":\"Office de l'Elevage et des Patuages\"},\"image\":{\"@id\":\"https:\/\/www.oep.tn\/#\/schema\/logo\/image\/\"}}]}<\/script>\n<!-- \/ Yoast SEO plugin. -->","yoast_head_json":{"title":"Contr\u00f4le des performances - Office de l&#039;Elevage et des P\u00e2turages","robots":{"index":"index","follow":"follow","max-snippet":"max-snippet:-1","max-image-preview":"max-image-preview:large","max-video-preview":"max-video-preview:-1"},"canonical":"https:\/\/www.oep.tn\/fr\/controle-des-performances\/","og_locale":"fr_FR","og_type":"article","og_title":"Contr\u00f4le des performances - Office de l&#039;Elevage et des P\u00e2turages","og_description":"Objectifs La mise en place du programme du contr\u00f4le laitier et du programme de contr\u00f4le de croissance pour les esp\u00e8ces bovine, ovine et caprine dans le cadre de l\u2019encadrement technique des \u00e9leveurs, de l\u2019\u00e9valuation g\u00e9n\u00e9tique et de la s\u00e9lection des reproducteurs. Composantes Inscription des \u00e9leveurs aux programmes du contr\u00f4le des performances Mise en place du [&hellip;]","og_url":"https:\/\/www.oep.tn\/fr\/controle-des-performances\/","og_site_name":"Office de l&#039;Elevage et des P\u00e2turages","article_modified_time":"2022-07-11T09:03:08+00:00","twitter_card":"summary_large_image","twitter_misc":{"Dur\u00e9e de lecture estim\u00e9e":"1 minute"},"schema":{"@context":"https:\/\/schema.org","@graph":[{"@type":"WebPage","@id":"https:\/\/www.oep.tn\/fr\/controle-des-performances\/","url":"https:\/\/www.oep.tn\/fr\/controle-des-performances\/","name":"Contr\u00f4le des performances - Office de l&#039;Elevage et des P\u00e2turages","isPartOf":{"@id":"https:\/\/www.oep.tn\/#website"},"datePublished":"2022-07-11T09:03:07+00:00","dateModified":"2022-07-11T09:03:08+00:00","breadcrumb":{"@id":"https:\/\/www.oep.tn\/fr\/controle-des-performances\/#breadcrumb"},"inLanguage":"fr-FR","potentialAction":[{"@type":"ReadAction","target":["https:\/\/www.oep.tn\/fr\/controle-des-performances\/"]}]},{"@type":"BreadcrumbList","@id":"https:\/\/www.oep.tn\/fr\/controle-des-performances\/#breadcrumb","itemListElement":[{"@type":"ListItem","position":1,"name":"Accueil","item":"https:\/\/www.oep.tn\/fr\/"},{"@type":"ListItem","position":2,"name":"Contr\u00f4le des performances"}]},{"@type":"WebSite","@id":"https:\/\/www.oep.tn\/#website","url":"https:\/\/www.oep.tn\/","name":"Office de l'Elevage et des P\u00e2turages","description":"Office de l&#039;Elevage et des P\u00e2turages","publisher":{"@id":"https:\/\/www.oep.tn\/#organization"},"alternateName":"Office de l'Elevage et des P\u00e2turages","potentialAction":[{"@type":"SearchAction","target":{"@type":"EntryPoint","urlTemplate":"https:\/\/www.oep.tn\/?s={search_term_string}"},"query-input":{"@type":"PropertyValueSpecification","valueRequired":true,"valueName":"search_term_string"}}],"inLanguage":"fr-FR"},{"@type":"Organization","@id":"https:\/\/www.oep.tn\/#organization","name":"Office de l'Elevage et des Patuages","url":"https:\/\/www.oep.tn\/","logo":{"@type":"ImageObject","inLanguage":"fr-FR","@id":"https:\/\/www.oep.tn\/#\/schema\/logo\/image\/","url":"https:\/\/www.oep.tn\/wp-content\/uploads\/2022\/11\/logo-oep-arabe-2.png","contentUrl":"https:\/\/www.oep.tn\/wp-content\/uploads\/2022\/11\/logo-oep-arabe-2.png","width":567,"height":142,"caption":"Office de l'Elevage et des Patuages"},"image":{"@id":"https:\/\/www.oep.tn\/#\/schema\/logo\/image\/"}}]}},"_links":{"self":[{"href":"https:\/\/www.oep.tn\/fr\/wp-json\/wp\/v2\/pages\/837","targetHints":{"allow":["GET"]}}],"collection":[{"href":"https:\/\/www.oep.tn\/fr\/wp-json\/wp\/v2\/pages"}],"about":[{"href":"https:\/\/www.oep.tn\/fr\/wp-json\/wp\/v2\/types\/page"}],"author":[{"embeddable":true,"href":"https:\/\/www.oep.tn\/fr\/wp-json\/wp\/v2\/users\/1"}],"replies":[{"embeddable":true,"href":"https:\/\/www.oep.tn\/fr\/wp-json\/wp\/v2\/comments?post=837"}],"version-history":[{"count":1,"href":"https:\/\/www.oep.tn\/fr\/wp-json\/wp\/v2\/pages\/837\/revisions"}],"predecessor-version":[{"id":838,"href":"https:\/\/www.oep.tn\/fr\/wp-json\/wp\/v2\/pages\/837\/revisions\/838"}],"wp:attachment":[{"href":"https:\/\/www.oep.tn\/fr\/wp-json\/wp\/v2\/media?parent=837"}],"curies":[{"name":"wp","href":"https:\/\/api.w.org\/{rel}","templated":true}]}}