


































































{"id":839,"date":"2022-07-11T11:09:00","date_gmt":"2022-07-11T09:09:00","guid":{"rendered":"https:\/\/www.oep.tn\/?page_id=839"},"modified":"2023-03-01T11:04:22","modified_gmt":"2023-03-01T10:04:22","slug":"insemination-artificielle","status":"publish","type":"page","link":"https:\/\/www.oep.tn\/fr\/insemination-artificielle\/","title":{"rendered":"Ins\u00e9mination artificielle"},"content":{"rendered":"\n<p><strong><span class=\"has-inline-color has-thr-acc-color\">Objectif<\/span><\/strong><\/p>\n\n\n\n<p>Am\u00e9lioration du potentiel g\u00e9n\u00e9tique des animaux d\u2019\u00e9levage \u00e0 travers la mise en place d\u2019interventions sur la reproduction des bovins, ovins et caprins associ\u00e9 \u00e0 l\u2019importation de semence animale, la s\u00e9lection de g\u00e9niteurs sains et am\u00e9liorateurs et la diffusion de leurs g\u00e9n\u00e9tique par le biais de l\u2019ins\u00e9mination artificielle et de la saillie naturelle.&nbsp;&nbsp;&nbsp;&nbsp;<\/p>\n\n\n\n<p><strong><span class=\"has-inline-color has-thr-acc-color\">Composantes<\/span><\/strong><\/p>\n\n\n\n<ul class=\"wp-block-list\">\n<li>Ins\u00e9mination artificielle Bovine\n\n\n<ul class=\"wp-block-list\">\n<li>Production de semence bovine issue de g\u00e9niteurs n\u00e9s et \u00e9lev\u00e9s en Tunisie pour ins\u00e9miner les vaches de races locales et locales crois\u00e9s<\/li>\n\n\n\n<li>Importation de semence bovine index\u00e9e pour ins\u00e9miner les vaches de races pures<\/li>\n\n\n\n<li>Approvisionnement en semence bovine des circuits de l\u2019ins\u00e9mination artificielle de l\u2019O.E.P, des circuits priv\u00e9es et des exploitions agricoles conventionn\u00e9es avec l\u2019O.E.P.<\/li>\n\n\n\n<li>Formation et recyclage des ins\u00e9minateurs en collaboration avec l\u2019Ecole Nationale de M\u00e9decine V\u00e9t\u00e9rinaire de Sidi Thabet et l\u2019Institut Nationale de la P\u00e9dagogie et de la Formation Continue Agricole de Sidi Thabet<\/li>\n\n\n\n<li>Suivi et \u00e9valuation des r\u00e9alisations des circuits de l\u2019ins\u00e9mination artificielle bovine.\u00a0\u00a0\u00a0\u00a0\u00a0\u00a0\u00a0\u00a0\u00a0\u00a0\u00a0<\/li>\n<\/ul>\n<\/li>\n\n\n\n<li>Ins\u00e9mination artificielle des Petits Ruminants\n<ul class=\"wp-block-list\">\n<li>Production de semence ovine et caprine issue de g\u00e9niteurs n\u00e9s et \u00e9lev\u00e9s en Tunisie.<\/li>\n\n\n\n<li>Importation de semence ovine et caprine index\u00e9e.<\/li>\n<\/ul>\n\n\n\n<ul class=\"wp-block-list\">\n<li>Ins\u00e9mination artificielle<\/li>\n<\/ul>\n<\/li>\n\n\n\n<li><a rel=\"noreferrer noopener\" href=\"http:\/\/www.oep.nat.tn\/images\/stories\/contenu\/decret-lois-fr\/arrete-races-livre-genealogique.pdf\" target=\"_blank\"><strong>Les Op\u00e9rateurs<\/strong><\/a><\/li>\n<\/ul>\n\n\n\n<p>OEP, OTD, UCPA, SMVDA, Exploitants Priv\u00e9s, SMBSA, GDA, Ins\u00e9minateurs Priv\u00e9es.<\/p>\n","protected":false},"excerpt":{"rendered":"<p>Objectif Am\u00e9lioration du potentiel g\u00e9n\u00e9tique des animaux d\u2019\u00e9levage \u00e0 travers la mise en place d\u2019interventions sur la reproduction des bovins, ovins et caprins associ\u00e9 \u00e0 l\u2019importation de semence animale, la s\u00e9lection de g\u00e9niteurs sains et am\u00e9liorateurs et la diffusion de leurs g\u00e9n\u00e9tique par le biais de l\u2019ins\u00e9mination artificielle et de la saillie naturelle.&nbsp;&nbsp;&nbsp;&nbsp; Composantes OEP, [&hellip;]<\/p>\n","protected":false},"author":1,"featured_media":0,"parent":0,"menu_order":0,"comment_status":"closed","ping_status":"closed","template":"","meta":{"_themeisle_gutenberg_block_has_review":false,"footnotes":""},"class_list":["post-839","page","type-page","status-publish","hentry"],"yoast_head":"<!-- This site is optimized with the Yoast SEO plugin v26.0 - https:\/\/yoast.com\/wordpress\/plugins\/seo\/ -->\n<title>Ins\u00e9mination artificielle - Office de l&#039;Elevage et des P\u00e2turages<\/title>\n<meta name=\"robots\" content=\"index, follow, max-snippet:-1, max-image-preview:large, max-video-preview:-1\" \/>\n<link rel=\"canonical\" href=\"https:\/\/www.oep.tn\/\u062a\u0644\u0642\u064a\u062d-\u0627\u0644\u0625\u0635\u0637\u0646\u0627\u0639\u064a\/\" \/>\n<meta property=\"og:locale\" content=\"fr_FR\" \/>\n<meta property=\"og:type\" content=\"article\" \/>\n<meta property=\"og:title\" content=\"Ins\u00e9mination artificielle - Office de l&#039;Elevage et des P\u00e2turages\" \/>\n<meta property=\"og:description\" content=\"Objectif Am\u00e9lioration du potentiel g\u00e9n\u00e9tique des animaux d\u2019\u00e9levage \u00e0 travers la mise en place d\u2019interventions sur la reproduction des bovins, ovins et caprins associ\u00e9 \u00e0 l\u2019importation de semence animale, la s\u00e9lection de g\u00e9niteurs sains et am\u00e9liorateurs et la diffusion de leurs g\u00e9n\u00e9tique par le biais de l\u2019ins\u00e9mination artificielle et de la saillie naturelle.&nbsp;&nbsp;&nbsp;&nbsp; Composantes OEP, [&hellip;]\" \/>\n<meta property=\"og:url\" content=\"https:\/\/www.oep.tn\/\u062a\u0644\u0642\u064a\u062d-\u0627\u0644\u0625\u0635\u0637\u0646\u0627\u0639\u064a\/\" \/>\n<meta property=\"og:site_name\" content=\"Office de l&#039;Elevage et des P\u00e2turages\" \/>\n<meta property=\"article:modified_time\" content=\"2023-03-01T10:04:22+00:00\" \/>\n<meta name=\"twitter:card\" content=\"summary_large_image\" \/>\n<meta name=\"twitter:label1\" content=\"Dur\u00e9e de lecture estim\u00e9e\" \/>\n\t<meta name=\"twitter:data1\" content=\"1 minute\" \/>\n<script type=\"application\/ld+json\" class=\"yoast-schema-graph\">{\"@context\":\"https:\/\/schema.org\",\"@graph\":[{\"@type\":\"WebPage\",\"@id\":\"https:\/\/www.oep.tn\/%d8%aa%d9%84%d9%82%d9%8a%d8%ad-%d8%a7%d9%84%d8%a5%d8%b5%d8%b7%d9%86%d8%a7%d8%b9%d9%8a\/\",\"url\":\"https:\/\/www.oep.tn\/%d8%aa%d9%84%d9%82%d9%8a%d8%ad-%d8%a7%d9%84%d8%a5%d8%b5%d8%b7%d9%86%d8%a7%d8%b9%d9%8a\/\",\"name\":\"Ins\u00e9mination artificielle - Office de l&#039;Elevage et des P\u00e2turages\",\"isPartOf\":{\"@id\":\"https:\/\/www.oep.tn\/#website\"},\"datePublished\":\"2022-07-11T09:09:00+00:00\",\"dateModified\":\"2023-03-01T10:04:22+00:00\",\"breadcrumb\":{\"@id\":\"https:\/\/www.oep.tn\/%d8%aa%d9%84%d9%82%d9%8a%d8%ad-%d8%a7%d9%84%d8%a5%d8%b5%d8%b7%d9%86%d8%a7%d8%b9%d9%8a\/#breadcrumb\"},\"inLanguage\":\"fr-FR\",\"potentialAction\":[{\"@type\":\"ReadAction\",\"target\":[\"https:\/\/www.oep.tn\/%d8%aa%d9%84%d9%82%d9%8a%d8%ad-%d8%a7%d9%84%d8%a5%d8%b5%d8%b7%d9%86%d8%a7%d8%b9%d9%8a\/\"]}]},{\"@type\":\"BreadcrumbList\",\"@id\":\"https:\/\/www.oep.tn\/%d8%aa%d9%84%d9%82%d9%8a%d8%ad-%d8%a7%d9%84%d8%a5%d8%b5%d8%b7%d9%86%d8%a7%d8%b9%d9%8a\/#breadcrumb\",\"itemListElement\":[{\"@type\":\"ListItem\",\"position\":1,\"name\":\"Accueil\",\"item\":\"https:\/\/www.oep.tn\/fr\/\"},{\"@type\":\"ListItem\",\"position\":2,\"name\":\"Ins\u00e9mination artificielle\"}]},{\"@type\":\"WebSite\",\"@id\":\"https:\/\/www.oep.tn\/#website\",\"url\":\"https:\/\/www.oep.tn\/\",\"name\":\"Office de l'Elevage et des P\u00e2turages\",\"description\":\"Office de l&#039;Elevage et des P\u00e2turages\",\"publisher\":{\"@id\":\"https:\/\/www.oep.tn\/#organization\"},\"alternateName\":\"Office de l'Elevage et des P\u00e2turages\",\"potentialAction\":[{\"@type\":\"SearchAction\",\"target\":{\"@type\":\"EntryPoint\",\"urlTemplate\":\"https:\/\/www.oep.tn\/?s={search_term_string}\"},\"query-input\":{\"@type\":\"PropertyValueSpecification\",\"valueRequired\":true,\"valueName\":\"search_term_string\"}}],\"inLanguage\":\"fr-FR\"},{\"@type\":\"Organization\",\"@id\":\"https:\/\/www.oep.tn\/#organization\",\"name\":\"Office de l'Elevage et des Patuages\",\"url\":\"https:\/\/www.oep.tn\/\",\"logo\":{\"@type\":\"ImageObject\",\"inLanguage\":\"fr-FR\",\"@id\":\"https:\/\/www.oep.tn\/#\/schema\/logo\/image\/\",\"url\":\"https:\/\/www.oep.tn\/wp-content\/uploads\/2022\/11\/logo-oep-arabe-2.png\",\"contentUrl\":\"https:\/\/www.oep.tn\/wp-content\/uploads\/2022\/11\/logo-oep-arabe-2.png\",\"width\":567,\"height\":142,\"caption\":\"Office de l'Elevage et des Patuages\"},\"image\":{\"@id\":\"https:\/\/www.oep.tn\/#\/schema\/logo\/image\/\"}}]}<\/script>\n<!-- \/ Yoast SEO plugin. -->","yoast_head_json":{"title":"Ins\u00e9mination artificielle - Office de l&#039;Elevage et des P\u00e2turages","robots":{"index":"index","follow":"follow","max-snippet":"max-snippet:-1","max-image-preview":"max-image-preview:large","max-video-preview":"max-video-preview:-1"},"canonical":"https:\/\/www.oep.tn\/\u062a\u0644\u0642\u064a\u062d-\u0627\u0644\u0625\u0635\u0637\u0646\u0627\u0639\u064a\/","og_locale":"fr_FR","og_type":"article","og_title":"Ins\u00e9mination artificielle - Office de l&#039;Elevage et des P\u00e2turages","og_description":"Objectif Am\u00e9lioration du potentiel g\u00e9n\u00e9tique des animaux d\u2019\u00e9levage \u00e0 travers la mise en place d\u2019interventions sur la reproduction des bovins, ovins et caprins associ\u00e9 \u00e0 l\u2019importation de semence animale, la s\u00e9lection de g\u00e9niteurs sains et am\u00e9liorateurs et la diffusion de leurs g\u00e9n\u00e9tique par le biais de l\u2019ins\u00e9mination artificielle et de la saillie naturelle.&nbsp;&nbsp;&nbsp;&nbsp; Composantes OEP, [&hellip;]","og_url":"https:\/\/www.oep.tn\/\u062a\u0644\u0642\u064a\u062d-\u0627\u0644\u0625\u0635\u0637\u0646\u0627\u0639\u064a\/","og_site_name":"Office de l&#039;Elevage et des P\u00e2turages","article_modified_time":"2023-03-01T10:04:22+00:00","twitter_card":"summary_large_image","twitter_misc":{"Dur\u00e9e de lecture estim\u00e9e":"1 minute"},"schema":{"@context":"https:\/\/schema.org","@graph":[{"@type":"WebPage","@id":"https:\/\/www.oep.tn\/%d8%aa%d9%84%d9%82%d9%8a%d8%ad-%d8%a7%d9%84%d8%a5%d8%b5%d8%b7%d9%86%d8%a7%d8%b9%d9%8a\/","url":"https:\/\/www.oep.tn\/%d8%aa%d9%84%d9%82%d9%8a%d8%ad-%d8%a7%d9%84%d8%a5%d8%b5%d8%b7%d9%86%d8%a7%d8%b9%d9%8a\/","name":"Ins\u00e9mination artificielle - Office de l&#039;Elevage et des P\u00e2turages","isPartOf":{"@id":"https:\/\/www.oep.tn\/#website"},"datePublished":"2022-07-11T09:09:00+00:00","dateModified":"2023-03-01T10:04:22+00:00","breadcrumb":{"@id":"https:\/\/www.oep.tn\/%d8%aa%d9%84%d9%82%d9%8a%d8%ad-%d8%a7%d9%84%d8%a5%d8%b5%d8%b7%d9%86%d8%a7%d8%b9%d9%8a\/#breadcrumb"},"inLanguage":"fr-FR","potentialAction":[{"@type":"ReadAction","target":["https:\/\/www.oep.tn\/%d8%aa%d9%84%d9%82%d9%8a%d8%ad-%d8%a7%d9%84%d8%a5%d8%b5%d8%b7%d9%86%d8%a7%d8%b9%d9%8a\/"]}]},{"@type":"BreadcrumbList","@id":"https:\/\/www.oep.tn\/%d8%aa%d9%84%d9%82%d9%8a%d8%ad-%d8%a7%d9%84%d8%a5%d8%b5%d8%b7%d9%86%d8%a7%d8%b9%d9%8a\/#breadcrumb","itemListElement":[{"@type":"ListItem","position":1,"name":"Accueil","item":"https:\/\/www.oep.tn\/fr\/"},{"@type":"ListItem","position":2,"name":"Ins\u00e9mination artificielle"}]},{"@type":"WebSite","@id":"https:\/\/www.oep.tn\/#website","url":"https:\/\/www.oep.tn\/","name":"Office de l'Elevage et des P\u00e2turages","description":"Office de l&#039;Elevage et des P\u00e2turages","publisher":{"@id":"https:\/\/www.oep.tn\/#organization"},"alternateName":"Office de l'Elevage et des P\u00e2turages","potentialAction":[{"@type":"SearchAction","target":{"@type":"EntryPoint","urlTemplate":"https:\/\/www.oep.tn\/?s={search_term_string}"},"query-input":{"@type":"PropertyValueSpecification","valueRequired":true,"valueName":"search_term_string"}}],"inLanguage":"fr-FR"},{"@type":"Organization","@id":"https:\/\/www.oep.tn\/#organization","name":"Office de l'Elevage et des Patuages","url":"https:\/\/www.oep.tn\/","logo":{"@type":"ImageObject","inLanguage":"fr-FR","@id":"https:\/\/www.oep.tn\/#\/schema\/logo\/image\/","url":"https:\/\/www.oep.tn\/wp-content\/uploads\/2022\/11\/logo-oep-arabe-2.png","contentUrl":"https:\/\/www.oep.tn\/wp-content\/uploads\/2022\/11\/logo-oep-arabe-2.png","width":567,"height":142,"caption":"Office de l'Elevage et des Patuages"},"image":{"@id":"https:\/\/www.oep.tn\/#\/schema\/logo\/image\/"}}]}},"_links":{"self":[{"href":"https:\/\/www.oep.tn\/fr\/wp-json\/wp\/v2\/pages\/839","targetHints":{"allow":["GET"]}}],"collection":[{"href":"https:\/\/www.oep.tn\/fr\/wp-json\/wp\/v2\/pages"}],"about":[{"href":"https:\/\/www.oep.tn\/fr\/wp-json\/wp\/v2\/types\/page"}],"author":[{"embeddable":true,"href":"https:\/\/www.oep.tn\/fr\/wp-json\/wp\/v2\/users\/1"}],"replies":[{"embeddable":true,"href":"https:\/\/www.oep.tn\/fr\/wp-json\/wp\/v2\/comments?post=839"}],"version-history":[{"count":5,"href":"https:\/\/www.oep.tn\/fr\/wp-json\/wp\/v2\/pages\/839\/revisions"}],"predecessor-version":[{"id":3033,"href":"https:\/\/www.oep.tn\/fr\/wp-json\/wp\/v2\/pages\/839\/revisions\/3033"}],"wp:attachment":[{"href":"https:\/\/www.oep.tn\/fr\/wp-json\/wp\/v2\/media?parent=839"}],"curies":[{"name":"wp","href":"https:\/\/api.w.org\/{rel}","templated":true}]}}