


































































{"id":841,"date":"2022-07-11T11:11:24","date_gmt":"2022-07-11T09:11:24","guid":{"rendered":"https:\/\/www.oep.tn\/?page_id=841"},"modified":"2022-07-11T11:11:24","modified_gmt":"2022-07-11T09:11:24","slug":"programme-des-reproducteurs","status":"publish","type":"page","link":"https:\/\/www.oep.tn\/fr\/programme-des-reproducteurs\/","title":{"rendered":"Programme des Reproducteurs"},"content":{"rendered":"\n<ul class=\"wp-block-list\"><li>S\u00e9lection des futurs g\u00e9niteurs sur la base des r\u00e9sultats du programme de contr\u00f4le des performances.<\/li><li>R\u00e9cup\u00e9ration et \u00e9levage en station.<\/li><li>Diss\u00e9mination des g\u00e9niteurs \u00e0 l\u2019int\u00e9rieur et \u00e0 l\u2019ext\u00e9rieur de la base pour la diffusion du progr\u00e9 g\u00e9n\u00e9tique.<\/li><\/ul>\n\n\n\n<p><a rel=\"noreferrer noopener\" href=\"http:\/\/www.oep.nat.tn\/images\/stories\/contenu\/decret-lois-fr\/arrete-races-livre-genealogique.pdf\" target=\"_blank\"><strong>Les Op\u00e9rateurs<\/strong><\/a><\/p>\n\n\n\n<p>OEP, ODESYPANO, OTD, UCPA, SMVDA, Exploitants Priv\u00e9s, SMBSA, GDA, Ins\u00e9minateurs Priv\u00e9es.<\/p>\n","protected":false},"excerpt":{"rendered":"<p>S\u00e9lection des futurs g\u00e9niteurs sur la base des r\u00e9sultats du programme de contr\u00f4le des performances. R\u00e9cup\u00e9ration et \u00e9levage en station. Diss\u00e9mination des g\u00e9niteurs \u00e0 l\u2019int\u00e9rieur et \u00e0 l\u2019ext\u00e9rieur de la base pour la diffusion du progr\u00e9 g\u00e9n\u00e9tique. Les Op\u00e9rateurs OEP, ODESYPANO, OTD, UCPA, SMVDA, Exploitants Priv\u00e9s, SMBSA, GDA, Ins\u00e9minateurs Priv\u00e9es.<\/p>\n","protected":false},"author":1,"featured_media":0,"parent":0,"menu_order":0,"comment_status":"closed","ping_status":"closed","template":"","meta":{"_themeisle_gutenberg_block_has_review":false,"footnotes":""},"class_list":["post-841","page","type-page","status-publish","hentry"],"yoast_head":"<!-- This site is optimized with the Yoast SEO plugin v26.0 - https:\/\/yoast.com\/wordpress\/plugins\/seo\/ -->\n<title>Programme des Reproducteurs - Office de l&#039;Elevage et des P\u00e2turages<\/title>\n<meta name=\"robots\" content=\"index, follow, max-snippet:-1, max-image-preview:large, max-video-preview:-1\" \/>\n<link rel=\"canonical\" href=\"https:\/\/www.oep.tn\/\u0628\u0631\u0646\u0627\u0645\u062c-\u0641\u062d\u0648\u0644-\u0627\u0644\u062d\u064a\u0648\u0627\u0646\u0627\u062a\/\" \/>\n<meta property=\"og:locale\" content=\"fr_FR\" \/>\n<meta property=\"og:type\" content=\"article\" \/>\n<meta property=\"og:title\" content=\"Programme des Reproducteurs - Office de l&#039;Elevage et des P\u00e2turages\" \/>\n<meta property=\"og:description\" content=\"S\u00e9lection des futurs g\u00e9niteurs sur la base des r\u00e9sultats du programme de contr\u00f4le des performances. R\u00e9cup\u00e9ration et \u00e9levage en station. Diss\u00e9mination des g\u00e9niteurs \u00e0 l\u2019int\u00e9rieur et \u00e0 l\u2019ext\u00e9rieur de la base pour la diffusion du progr\u00e9 g\u00e9n\u00e9tique. Les Op\u00e9rateurs OEP, ODESYPANO, OTD, UCPA, SMVDA, Exploitants Priv\u00e9s, SMBSA, GDA, Ins\u00e9minateurs Priv\u00e9es.\" \/>\n<meta property=\"og:url\" content=\"https:\/\/www.oep.tn\/\u0628\u0631\u0646\u0627\u0645\u062c-\u0641\u062d\u0648\u0644-\u0627\u0644\u062d\u064a\u0648\u0627\u0646\u0627\u062a\/\" \/>\n<meta property=\"og:site_name\" content=\"Office de l&#039;Elevage et des P\u00e2turages\" \/>\n<meta name=\"twitter:card\" content=\"summary_large_image\" \/>\n<script type=\"application\/ld+json\" class=\"yoast-schema-graph\">{\"@context\":\"https:\/\/schema.org\",\"@graph\":[{\"@type\":\"WebPage\",\"@id\":\"https:\/\/www.oep.tn\/%d8%a8%d8%b1%d9%86%d8%a7%d9%85%d8%ac-%d9%81%d8%ad%d9%88%d9%84-%d8%a7%d9%84%d8%ad%d9%8a%d9%88%d8%a7%d9%86%d8%a7%d8%aa\/\",\"url\":\"https:\/\/www.oep.tn\/%d8%a8%d8%b1%d9%86%d8%a7%d9%85%d8%ac-%d9%81%d8%ad%d9%88%d9%84-%d8%a7%d9%84%d8%ad%d9%8a%d9%88%d8%a7%d9%86%d8%a7%d8%aa\/\",\"name\":\"Programme des Reproducteurs - Office de l&#039;Elevage et des P\u00e2turages\",\"isPartOf\":{\"@id\":\"https:\/\/www.oep.tn\/#website\"},\"datePublished\":\"2022-07-11T09:11:24+00:00\",\"breadcrumb\":{\"@id\":\"https:\/\/www.oep.tn\/%d8%a8%d8%b1%d9%86%d8%a7%d9%85%d8%ac-%d9%81%d8%ad%d9%88%d9%84-%d8%a7%d9%84%d8%ad%d9%8a%d9%88%d8%a7%d9%86%d8%a7%d8%aa\/#breadcrumb\"},\"inLanguage\":\"fr-FR\",\"potentialAction\":[{\"@type\":\"ReadAction\",\"target\":[\"https:\/\/www.oep.tn\/%d8%a8%d8%b1%d9%86%d8%a7%d9%85%d8%ac-%d9%81%d8%ad%d9%88%d9%84-%d8%a7%d9%84%d8%ad%d9%8a%d9%88%d8%a7%d9%86%d8%a7%d8%aa\/\"]}]},{\"@type\":\"BreadcrumbList\",\"@id\":\"https:\/\/www.oep.tn\/%d8%a8%d8%b1%d9%86%d8%a7%d9%85%d8%ac-%d9%81%d8%ad%d9%88%d9%84-%d8%a7%d9%84%d8%ad%d9%8a%d9%88%d8%a7%d9%86%d8%a7%d8%aa\/#breadcrumb\",\"itemListElement\":[{\"@type\":\"ListItem\",\"position\":1,\"name\":\"Accueil\",\"item\":\"https:\/\/www.oep.tn\/fr\/\"},{\"@type\":\"ListItem\",\"position\":2,\"name\":\"Programme des Reproducteurs\"}]},{\"@type\":\"WebSite\",\"@id\":\"https:\/\/www.oep.tn\/#website\",\"url\":\"https:\/\/www.oep.tn\/\",\"name\":\"Office de l'Elevage et des P\u00e2turages\",\"description\":\"Office de l&#039;Elevage et des P\u00e2turages\",\"publisher\":{\"@id\":\"https:\/\/www.oep.tn\/#organization\"},\"alternateName\":\"Office de l'Elevage et des P\u00e2turages\",\"potentialAction\":[{\"@type\":\"SearchAction\",\"target\":{\"@type\":\"EntryPoint\",\"urlTemplate\":\"https:\/\/www.oep.tn\/?s={search_term_string}\"},\"query-input\":{\"@type\":\"PropertyValueSpecification\",\"valueRequired\":true,\"valueName\":\"search_term_string\"}}],\"inLanguage\":\"fr-FR\"},{\"@type\":\"Organization\",\"@id\":\"https:\/\/www.oep.tn\/#organization\",\"name\":\"Office de l'Elevage et des Patuages\",\"url\":\"https:\/\/www.oep.tn\/\",\"logo\":{\"@type\":\"ImageObject\",\"inLanguage\":\"fr-FR\",\"@id\":\"https:\/\/www.oep.tn\/#\/schema\/logo\/image\/\",\"url\":\"https:\/\/www.oep.tn\/wp-content\/uploads\/2022\/11\/logo-oep-arabe-2.png\",\"contentUrl\":\"https:\/\/www.oep.tn\/wp-content\/uploads\/2022\/11\/logo-oep-arabe-2.png\",\"width\":567,\"height\":142,\"caption\":\"Office de l'Elevage et des Patuages\"},\"image\":{\"@id\":\"https:\/\/www.oep.tn\/#\/schema\/logo\/image\/\"}}]}<\/script>\n<!-- \/ Yoast SEO plugin. -->","yoast_head_json":{"title":"Programme des Reproducteurs - Office de l&#039;Elevage et des P\u00e2turages","robots":{"index":"index","follow":"follow","max-snippet":"max-snippet:-1","max-image-preview":"max-image-preview:large","max-video-preview":"max-video-preview:-1"},"canonical":"https:\/\/www.oep.tn\/\u0628\u0631\u0646\u0627\u0645\u062c-\u0641\u062d\u0648\u0644-\u0627\u0644\u062d\u064a\u0648\u0627\u0646\u0627\u062a\/","og_locale":"fr_FR","og_type":"article","og_title":"Programme des Reproducteurs - Office de l&#039;Elevage et des P\u00e2turages","og_description":"S\u00e9lection des futurs g\u00e9niteurs sur la base des r\u00e9sultats du programme de contr\u00f4le des performances. R\u00e9cup\u00e9ration et \u00e9levage en station. Diss\u00e9mination des g\u00e9niteurs \u00e0 l\u2019int\u00e9rieur et \u00e0 l\u2019ext\u00e9rieur de la base pour la diffusion du progr\u00e9 g\u00e9n\u00e9tique. Les Op\u00e9rateurs OEP, ODESYPANO, OTD, UCPA, SMVDA, Exploitants Priv\u00e9s, SMBSA, GDA, Ins\u00e9minateurs Priv\u00e9es.","og_url":"https:\/\/www.oep.tn\/\u0628\u0631\u0646\u0627\u0645\u062c-\u0641\u062d\u0648\u0644-\u0627\u0644\u062d\u064a\u0648\u0627\u0646\u0627\u062a\/","og_site_name":"Office de l&#039;Elevage et des P\u00e2turages","twitter_card":"summary_large_image","schema":{"@context":"https:\/\/schema.org","@graph":[{"@type":"WebPage","@id":"https:\/\/www.oep.tn\/%d8%a8%d8%b1%d9%86%d8%a7%d9%85%d8%ac-%d9%81%d8%ad%d9%88%d9%84-%d8%a7%d9%84%d8%ad%d9%8a%d9%88%d8%a7%d9%86%d8%a7%d8%aa\/","url":"https:\/\/www.oep.tn\/%d8%a8%d8%b1%d9%86%d8%a7%d9%85%d8%ac-%d9%81%d8%ad%d9%88%d9%84-%d8%a7%d9%84%d8%ad%d9%8a%d9%88%d8%a7%d9%86%d8%a7%d8%aa\/","name":"Programme des Reproducteurs - Office de l&#039;Elevage et des P\u00e2turages","isPartOf":{"@id":"https:\/\/www.oep.tn\/#website"},"datePublished":"2022-07-11T09:11:24+00:00","breadcrumb":{"@id":"https:\/\/www.oep.tn\/%d8%a8%d8%b1%d9%86%d8%a7%d9%85%d8%ac-%d9%81%d8%ad%d9%88%d9%84-%d8%a7%d9%84%d8%ad%d9%8a%d9%88%d8%a7%d9%86%d8%a7%d8%aa\/#breadcrumb"},"inLanguage":"fr-FR","potentialAction":[{"@type":"ReadAction","target":["https:\/\/www.oep.tn\/%d8%a8%d8%b1%d9%86%d8%a7%d9%85%d8%ac-%d9%81%d8%ad%d9%88%d9%84-%d8%a7%d9%84%d8%ad%d9%8a%d9%88%d8%a7%d9%86%d8%a7%d8%aa\/"]}]},{"@type":"BreadcrumbList","@id":"https:\/\/www.oep.tn\/%d8%a8%d8%b1%d9%86%d8%a7%d9%85%d8%ac-%d9%81%d8%ad%d9%88%d9%84-%d8%a7%d9%84%d8%ad%d9%8a%d9%88%d8%a7%d9%86%d8%a7%d8%aa\/#breadcrumb","itemListElement":[{"@type":"ListItem","position":1,"name":"Accueil","item":"https:\/\/www.oep.tn\/fr\/"},{"@type":"ListItem","position":2,"name":"Programme des Reproducteurs"}]},{"@type":"WebSite","@id":"https:\/\/www.oep.tn\/#website","url":"https:\/\/www.oep.tn\/","name":"Office de l'Elevage et des P\u00e2turages","description":"Office de l&#039;Elevage et des P\u00e2turages","publisher":{"@id":"https:\/\/www.oep.tn\/#organization"},"alternateName":"Office de l'Elevage et des P\u00e2turages","potentialAction":[{"@type":"SearchAction","target":{"@type":"EntryPoint","urlTemplate":"https:\/\/www.oep.tn\/?s={search_term_string}"},"query-input":{"@type":"PropertyValueSpecification","valueRequired":true,"valueName":"search_term_string"}}],"inLanguage":"fr-FR"},{"@type":"Organization","@id":"https:\/\/www.oep.tn\/#organization","name":"Office de l'Elevage et des Patuages","url":"https:\/\/www.oep.tn\/","logo":{"@type":"ImageObject","inLanguage":"fr-FR","@id":"https:\/\/www.oep.tn\/#\/schema\/logo\/image\/","url":"https:\/\/www.oep.tn\/wp-content\/uploads\/2022\/11\/logo-oep-arabe-2.png","contentUrl":"https:\/\/www.oep.tn\/wp-content\/uploads\/2022\/11\/logo-oep-arabe-2.png","width":567,"height":142,"caption":"Office de l'Elevage et des Patuages"},"image":{"@id":"https:\/\/www.oep.tn\/#\/schema\/logo\/image\/"}}]}},"_links":{"self":[{"href":"https:\/\/www.oep.tn\/fr\/wp-json\/wp\/v2\/pages\/841","targetHints":{"allow":["GET"]}}],"collection":[{"href":"https:\/\/www.oep.tn\/fr\/wp-json\/wp\/v2\/pages"}],"about":[{"href":"https:\/\/www.oep.tn\/fr\/wp-json\/wp\/v2\/types\/page"}],"author":[{"embeddable":true,"href":"https:\/\/www.oep.tn\/fr\/wp-json\/wp\/v2\/users\/1"}],"replies":[{"embeddable":true,"href":"https:\/\/www.oep.tn\/fr\/wp-json\/wp\/v2\/comments?post=841"}],"version-history":[{"count":1,"href":"https:\/\/www.oep.tn\/fr\/wp-json\/wp\/v2\/pages\/841\/revisions"}],"predecessor-version":[{"id":842,"href":"https:\/\/www.oep.tn\/fr\/wp-json\/wp\/v2\/pages\/841\/revisions\/842"}],"wp:attachment":[{"href":"https:\/\/www.oep.tn\/fr\/wp-json\/wp\/v2\/media?parent=841"}],"curies":[{"name":"wp","href":"https:\/\/api.w.org\/{rel}","templated":true}]}}