


































































{"id":843,"date":"2022-07-11T11:30:20","date_gmt":"2022-07-11T09:30:20","guid":{"rendered":"https:\/\/www.oep.tn\/?page_id=843"},"modified":"2022-08-02T11:02:25","modified_gmt":"2022-08-02T09:02:25","slug":"ameliorations-genetiques","status":"publish","type":"page","link":"https:\/\/www.oep.tn\/fr\/ameliorations-genetiques\/","title":{"rendered":"Am\u00e9liorations g\u00e9n\u00e9tiques"},"content":{"rendered":"\n<p>Les programmes d\u2019am\u00e9lioration g\u00e9n\u00e9tique s\u2019inscrivent dans le cadre de la strat\u00e9gie nationale&nbsp;du d\u00e9veloppement de l\u2019\u00e9levage, ils visent les 4 esp\u00e8ces&nbsp;: bovine, ovine, caprine et cameline. Depuis sa cr\u00e9ation, l\u2019OEP a \u00e9t\u00e9 le principal ma\u00eetre d\u2019\u0153uvre de ces programmes :<\/p>\n\n\n<i class=\"fa fa-check\" style=\"color: #81d742\"><\/i>\u00a0 L\u2019identification national animale<\/p>\n<i class=\"fa fa-check\" style=\"color: #81d742\"><\/i>\u00a0Le contr\u00f4le des performances<\/p>\n<i class=\"fa fa-check\" style=\"color: #81d742\"><\/i> La reproduction animale<\/p>\n<i class=\"fa fa-check\" style=\"color: #81d742\"><\/i>\u00a0Les livrets g\u00e9n\u00e9alogiques<\/p>\n\n\n<p><\/p>\n","protected":false},"excerpt":{"rendered":"<p>Les programmes d\u2019am\u00e9lioration g\u00e9n\u00e9tique s\u2019inscrivent dans le cadre de la strat\u00e9gie nationale&nbsp;du d\u00e9veloppement de l\u2019\u00e9levage, ils visent les 4 esp\u00e8ces&nbsp;: bovine, ovine, caprine et cameline. Depuis sa cr\u00e9ation, l\u2019OEP a \u00e9t\u00e9 le principal ma\u00eetre d\u2019\u0153uvre de ces programmes : \u00a0 L\u2019identification national animale \u00a0Le contr\u00f4le des performances La reproduction animale \u00a0Les livrets g\u00e9n\u00e9alogiques<\/p>\n","protected":false},"author":1,"featured_media":0,"parent":0,"menu_order":0,"comment_status":"closed","ping_status":"closed","template":"","meta":{"_themeisle_gutenberg_block_has_review":false,"footnotes":""},"class_list":["post-843","page","type-page","status-publish","hentry"],"yoast_head":"<!-- This site is optimized with the Yoast SEO plugin v26.0 - https:\/\/yoast.com\/wordpress\/plugins\/seo\/ -->\n<title>Am\u00e9liorations g\u00e9n\u00e9tiques - Office de l&#039;Elevage et des P\u00e2turages<\/title>\n<meta name=\"robots\" content=\"index, follow, max-snippet:-1, max-image-preview:large, max-video-preview:-1\" \/>\n<link rel=\"canonical\" href=\"https:\/\/www.oep.tn\/\u0628\u0631\u0627\u0645\u062c-\u0627\u0644\u062a\u062d\u0633\u064a\u0646-\u0627\u0644\u0648\u0631\u0627\u062b\u064a\/\" \/>\n<meta property=\"og:locale\" content=\"fr_FR\" \/>\n<meta property=\"og:type\" content=\"article\" \/>\n<meta property=\"og:title\" content=\"Am\u00e9liorations g\u00e9n\u00e9tiques - Office de l&#039;Elevage et des P\u00e2turages\" \/>\n<meta property=\"og:description\" content=\"Les programmes d\u2019am\u00e9lioration g\u00e9n\u00e9tique s\u2019inscrivent dans le cadre de la strat\u00e9gie nationale&nbsp;du d\u00e9veloppement de l\u2019\u00e9levage, ils visent les 4 esp\u00e8ces&nbsp;: bovine, ovine, caprine et cameline. Depuis sa cr\u00e9ation, l\u2019OEP a \u00e9t\u00e9 le principal ma\u00eetre d\u2019\u0153uvre de ces programmes : \u00a0 L\u2019identification national animale \u00a0Le contr\u00f4le des performances La reproduction animale \u00a0Les livrets g\u00e9n\u00e9alogiques\" \/>\n<meta property=\"og:url\" content=\"https:\/\/www.oep.tn\/\u0628\u0631\u0627\u0645\u062c-\u0627\u0644\u062a\u062d\u0633\u064a\u0646-\u0627\u0644\u0648\u0631\u0627\u062b\u064a\/\" \/>\n<meta property=\"og:site_name\" content=\"Office de l&#039;Elevage et des P\u00e2turages\" \/>\n<meta property=\"article:modified_time\" content=\"2022-08-02T09:02:25+00:00\" \/>\n<meta name=\"twitter:card\" content=\"summary_large_image\" \/>\n<meta name=\"twitter:label1\" content=\"Dur\u00e9e de lecture estim\u00e9e\" \/>\n\t<meta name=\"twitter:data1\" content=\"1 minute\" \/>\n<script type=\"application\/ld+json\" class=\"yoast-schema-graph\">{\"@context\":\"https:\/\/schema.org\",\"@graph\":[{\"@type\":\"WebPage\",\"@id\":\"https:\/\/www.oep.tn\/%d8%a8%d8%b1%d8%a7%d9%85%d8%ac-%d8%a7%d9%84%d8%aa%d8%ad%d8%b3%d9%8a%d9%86-%d8%a7%d9%84%d9%88%d8%b1%d8%a7%d8%ab%d9%8a\/\",\"url\":\"https:\/\/www.oep.tn\/%d8%a8%d8%b1%d8%a7%d9%85%d8%ac-%d8%a7%d9%84%d8%aa%d8%ad%d8%b3%d9%8a%d9%86-%d8%a7%d9%84%d9%88%d8%b1%d8%a7%d8%ab%d9%8a\/\",\"name\":\"Am\u00e9liorations g\u00e9n\u00e9tiques - Office de l&#039;Elevage et des P\u00e2turages\",\"isPartOf\":{\"@id\":\"https:\/\/www.oep.tn\/#website\"},\"datePublished\":\"2022-07-11T09:30:20+00:00\",\"dateModified\":\"2022-08-02T09:02:25+00:00\",\"breadcrumb\":{\"@id\":\"https:\/\/www.oep.tn\/%d8%a8%d8%b1%d8%a7%d9%85%d8%ac-%d8%a7%d9%84%d8%aa%d8%ad%d8%b3%d9%8a%d9%86-%d8%a7%d9%84%d9%88%d8%b1%d8%a7%d8%ab%d9%8a\/#breadcrumb\"},\"inLanguage\":\"fr-FR\",\"potentialAction\":[{\"@type\":\"ReadAction\",\"target\":[\"https:\/\/www.oep.tn\/%d8%a8%d8%b1%d8%a7%d9%85%d8%ac-%d8%a7%d9%84%d8%aa%d8%ad%d8%b3%d9%8a%d9%86-%d8%a7%d9%84%d9%88%d8%b1%d8%a7%d8%ab%d9%8a\/\"]}]},{\"@type\":\"BreadcrumbList\",\"@id\":\"https:\/\/www.oep.tn\/%d8%a8%d8%b1%d8%a7%d9%85%d8%ac-%d8%a7%d9%84%d8%aa%d8%ad%d8%b3%d9%8a%d9%86-%d8%a7%d9%84%d9%88%d8%b1%d8%a7%d8%ab%d9%8a\/#breadcrumb\",\"itemListElement\":[{\"@type\":\"ListItem\",\"position\":1,\"name\":\"Accueil\",\"item\":\"https:\/\/www.oep.tn\/fr\/\"},{\"@type\":\"ListItem\",\"position\":2,\"name\":\"Am\u00e9liorations g\u00e9n\u00e9tiques\"}]},{\"@type\":\"WebSite\",\"@id\":\"https:\/\/www.oep.tn\/#website\",\"url\":\"https:\/\/www.oep.tn\/\",\"name\":\"Office de l'Elevage et des P\u00e2turages\",\"description\":\"Office de l&#039;Elevage et des P\u00e2turages\",\"publisher\":{\"@id\":\"https:\/\/www.oep.tn\/#organization\"},\"alternateName\":\"Office de l'Elevage et des P\u00e2turages\",\"potentialAction\":[{\"@type\":\"SearchAction\",\"target\":{\"@type\":\"EntryPoint\",\"urlTemplate\":\"https:\/\/www.oep.tn\/?s={search_term_string}\"},\"query-input\":{\"@type\":\"PropertyValueSpecification\",\"valueRequired\":true,\"valueName\":\"search_term_string\"}}],\"inLanguage\":\"fr-FR\"},{\"@type\":\"Organization\",\"@id\":\"https:\/\/www.oep.tn\/#organization\",\"name\":\"Office de l'Elevage et des Patuages\",\"url\":\"https:\/\/www.oep.tn\/\",\"logo\":{\"@type\":\"ImageObject\",\"inLanguage\":\"fr-FR\",\"@id\":\"https:\/\/www.oep.tn\/#\/schema\/logo\/image\/\",\"url\":\"https:\/\/www.oep.tn\/wp-content\/uploads\/2022\/11\/logo-oep-arabe-2.png\",\"contentUrl\":\"https:\/\/www.oep.tn\/wp-content\/uploads\/2022\/11\/logo-oep-arabe-2.png\",\"width\":567,\"height\":142,\"caption\":\"Office de l'Elevage et des Patuages\"},\"image\":{\"@id\":\"https:\/\/www.oep.tn\/#\/schema\/logo\/image\/\"}}]}<\/script>\n<!-- \/ Yoast SEO plugin. -->","yoast_head_json":{"title":"Am\u00e9liorations g\u00e9n\u00e9tiques - Office de l&#039;Elevage et des P\u00e2turages","robots":{"index":"index","follow":"follow","max-snippet":"max-snippet:-1","max-image-preview":"max-image-preview:large","max-video-preview":"max-video-preview:-1"},"canonical":"https:\/\/www.oep.tn\/\u0628\u0631\u0627\u0645\u062c-\u0627\u0644\u062a\u062d\u0633\u064a\u0646-\u0627\u0644\u0648\u0631\u0627\u062b\u064a\/","og_locale":"fr_FR","og_type":"article","og_title":"Am\u00e9liorations g\u00e9n\u00e9tiques - Office de l&#039;Elevage et des P\u00e2turages","og_description":"Les programmes d\u2019am\u00e9lioration g\u00e9n\u00e9tique s\u2019inscrivent dans le cadre de la strat\u00e9gie nationale&nbsp;du d\u00e9veloppement de l\u2019\u00e9levage, ils visent les 4 esp\u00e8ces&nbsp;: bovine, ovine, caprine et cameline. Depuis sa cr\u00e9ation, l\u2019OEP a \u00e9t\u00e9 le principal ma\u00eetre d\u2019\u0153uvre de ces programmes : \u00a0 L\u2019identification national animale \u00a0Le contr\u00f4le des performances La reproduction animale \u00a0Les livrets g\u00e9n\u00e9alogiques","og_url":"https:\/\/www.oep.tn\/\u0628\u0631\u0627\u0645\u062c-\u0627\u0644\u062a\u062d\u0633\u064a\u0646-\u0627\u0644\u0648\u0631\u0627\u062b\u064a\/","og_site_name":"Office de l&#039;Elevage et des P\u00e2turages","article_modified_time":"2022-08-02T09:02:25+00:00","twitter_card":"summary_large_image","twitter_misc":{"Dur\u00e9e de lecture estim\u00e9e":"1 minute"},"schema":{"@context":"https:\/\/schema.org","@graph":[{"@type":"WebPage","@id":"https:\/\/www.oep.tn\/%d8%a8%d8%b1%d8%a7%d9%85%d8%ac-%d8%a7%d9%84%d8%aa%d8%ad%d8%b3%d9%8a%d9%86-%d8%a7%d9%84%d9%88%d8%b1%d8%a7%d8%ab%d9%8a\/","url":"https:\/\/www.oep.tn\/%d8%a8%d8%b1%d8%a7%d9%85%d8%ac-%d8%a7%d9%84%d8%aa%d8%ad%d8%b3%d9%8a%d9%86-%d8%a7%d9%84%d9%88%d8%b1%d8%a7%d8%ab%d9%8a\/","name":"Am\u00e9liorations g\u00e9n\u00e9tiques - Office de l&#039;Elevage et des P\u00e2turages","isPartOf":{"@id":"https:\/\/www.oep.tn\/#website"},"datePublished":"2022-07-11T09:30:20+00:00","dateModified":"2022-08-02T09:02:25+00:00","breadcrumb":{"@id":"https:\/\/www.oep.tn\/%d8%a8%d8%b1%d8%a7%d9%85%d8%ac-%d8%a7%d9%84%d8%aa%d8%ad%d8%b3%d9%8a%d9%86-%d8%a7%d9%84%d9%88%d8%b1%d8%a7%d8%ab%d9%8a\/#breadcrumb"},"inLanguage":"fr-FR","potentialAction":[{"@type":"ReadAction","target":["https:\/\/www.oep.tn\/%d8%a8%d8%b1%d8%a7%d9%85%d8%ac-%d8%a7%d9%84%d8%aa%d8%ad%d8%b3%d9%8a%d9%86-%d8%a7%d9%84%d9%88%d8%b1%d8%a7%d8%ab%d9%8a\/"]}]},{"@type":"BreadcrumbList","@id":"https:\/\/www.oep.tn\/%d8%a8%d8%b1%d8%a7%d9%85%d8%ac-%d8%a7%d9%84%d8%aa%d8%ad%d8%b3%d9%8a%d9%86-%d8%a7%d9%84%d9%88%d8%b1%d8%a7%d8%ab%d9%8a\/#breadcrumb","itemListElement":[{"@type":"ListItem","position":1,"name":"Accueil","item":"https:\/\/www.oep.tn\/fr\/"},{"@type":"ListItem","position":2,"name":"Am\u00e9liorations g\u00e9n\u00e9tiques"}]},{"@type":"WebSite","@id":"https:\/\/www.oep.tn\/#website","url":"https:\/\/www.oep.tn\/","name":"Office de l'Elevage et des P\u00e2turages","description":"Office de l&#039;Elevage et des P\u00e2turages","publisher":{"@id":"https:\/\/www.oep.tn\/#organization"},"alternateName":"Office de l'Elevage et des P\u00e2turages","potentialAction":[{"@type":"SearchAction","target":{"@type":"EntryPoint","urlTemplate":"https:\/\/www.oep.tn\/?s={search_term_string}"},"query-input":{"@type":"PropertyValueSpecification","valueRequired":true,"valueName":"search_term_string"}}],"inLanguage":"fr-FR"},{"@type":"Organization","@id":"https:\/\/www.oep.tn\/#organization","name":"Office de l'Elevage et des Patuages","url":"https:\/\/www.oep.tn\/","logo":{"@type":"ImageObject","inLanguage":"fr-FR","@id":"https:\/\/www.oep.tn\/#\/schema\/logo\/image\/","url":"https:\/\/www.oep.tn\/wp-content\/uploads\/2022\/11\/logo-oep-arabe-2.png","contentUrl":"https:\/\/www.oep.tn\/wp-content\/uploads\/2022\/11\/logo-oep-arabe-2.png","width":567,"height":142,"caption":"Office de l'Elevage et des Patuages"},"image":{"@id":"https:\/\/www.oep.tn\/#\/schema\/logo\/image\/"}}]}},"_links":{"self":[{"href":"https:\/\/www.oep.tn\/fr\/wp-json\/wp\/v2\/pages\/843","targetHints":{"allow":["GET"]}}],"collection":[{"href":"https:\/\/www.oep.tn\/fr\/wp-json\/wp\/v2\/pages"}],"about":[{"href":"https:\/\/www.oep.tn\/fr\/wp-json\/wp\/v2\/types\/page"}],"author":[{"embeddable":true,"href":"https:\/\/www.oep.tn\/fr\/wp-json\/wp\/v2\/users\/1"}],"replies":[{"embeddable":true,"href":"https:\/\/www.oep.tn\/fr\/wp-json\/wp\/v2\/comments?post=843"}],"version-history":[{"count":2,"href":"https:\/\/www.oep.tn\/fr\/wp-json\/wp\/v2\/pages\/843\/revisions"}],"predecessor-version":[{"id":1277,"href":"https:\/\/www.oep.tn\/fr\/wp-json\/wp\/v2\/pages\/843\/revisions\/1277"}],"wp:attachment":[{"href":"https:\/\/www.oep.tn\/fr\/wp-json\/wp\/v2\/media?parent=843"}],"curies":[{"name":"wp","href":"https:\/\/api.w.org\/{rel}","templated":true}]}}