


































































{"id":845,"date":"2022-07-11T11:40:59","date_gmt":"2022-07-11T09:40:59","guid":{"rendered":"https:\/\/www.oep.tn\/?page_id=845"},"modified":"2023-03-01T11:28:48","modified_gmt":"2023-03-01T10:28:48","slug":"petit-et-moyen-eleveur","status":"publish","type":"page","link":"https:\/\/www.oep.tn\/fr\/petit-et-moyen-eleveur\/","title":{"rendered":"Encadrement des Petits et moyens \u00e9leveurs"},"content":{"rendered":"\n<ol class=\"wp-block-list\" type=\"1\">\n<li><strong><mark style=\"background-color:rgba(0, 0, 0, 0)\" class=\"has-inline-color has-thr-acc-color\">Encadrement des petits et moyens \u00e9leveurs<\/mark><\/strong><\/li>\n<\/ol>\n\n\n\n<p>L\u2019objectif de ce programme est l\u2019augmentation du revenu des petits et moyens \u00e9leveurs \u00e0 travers l\u2019am\u00e9lioration de la productivit\u00e9 des troupeaux bovins et la baisse du co\u00fbt de production et cela s\u2019effectue par l\u2019\u00e9valuation des r\u00e9sultats du contr\u00f4le laitier.<\/p>\n\n\n\n<p>L\u2019intervention de ce programme se base sur les \u00e9l\u00e9ments suivants&nbsp;:<\/p>\n\n\n\n<i class=\"fa fa-check\" style=\"color: #81d742\"><\/i>&nbsp; L\u2019identification des animaux<\/p>\n\n\n\n<p>    <i class=\"fa fa-check\" style=\"color: #81d742\"><\/i>&nbsp;   L\u2019analyse de la qualit\u00e9 du lait<\/p>\n\n\n\n<i class=\"fa fa-check\" style=\"color: #81d742\"><\/i>&nbsp;  L\u2019analyse des fourrages<\/p>\n\n\n\n<i class=\"fa fa-check\" style=\"color: #81d742\"><\/i>&nbsp; Le contr\u00f4le laitier<\/p>\n\n\n\n<i class=\"fa fa-check\" style=\"color: #81d742\"><\/i>&nbsp; Les rapports du contr\u00f4le laitier<\/p>\n\n\n\n<i class=\"fa fa-check\" style=\"color: #81d742\"><\/i>&nbsp; La pr\u00e9paration d\u2019un rapport propre \u00e0 chaque \u00e9levage comprenant des conseils techniques personnalis\u00e9s<\/p>\n\n\n\n<i class=\"fa fa-check\" style=\"color: #81d742\"><\/i>&nbsp; La mise en place de parcelle de d\u00e9monstration<\/p>\n\n\n\n<i class=\"fa fa-check\" style=\"color: #81d742\"><\/i>&nbsp; Des formations pour les filles et fils d\u2019\u00e9leveurs<\/p>\n\n\n\n<i class=\"fa fa-check\" style=\"color: #81d742\"><\/i>&nbsp;L\u2019organisation et l\u2019animation des journ\u00e9es d\u2019information<\/p>\n\n\n\n<i class=\"fa fa-check\" style=\"color: #81d742\"><\/i>&nbsp; La distribution du mat\u00e9riel d\u2019\u00e9levage<\/p>\n\n\n\n<i class=\"fa fa-check\" style=\"color: #81d742\"><\/i>&nbsp; Fournir des fiches techniques<\/p>\n\n\n\n<i class=\"fa fa-check\" style=\"color: #81d742\"><\/i>&nbsp; L\u2019accompagnement des structures professionnelles<\/p>\n\n\n\n<p>Le programme assure aussi le suivi technico-\u00e9conomique d\u2019un groupe d\u2019exploitation.<\/p>\n\n\n\n<p><strong><span class=\"has-inline-color has-thr-acc-color\">Programme d\u2019encadrement des \u00e9leveurs selon la m\u00e9thodologie de \u00ab&nbsp;Farmer Bisness School&nbsp;\u00bb FBS<\/span><\/strong><\/p>\n\n\n\n<p>Ce programme a \u00e9t\u00e9 mis en place depuis 2017 dans le cadre du projet de la coop\u00e9ration allemande dans l\u2019innovation en agriculture et industrie agro-alimentaire \u00ab&nbsp;IAAA&nbsp;\u00bb.<\/p>\n\n\n\n<p>Le programme vise \u00e0 d\u00e9velopper les capacit\u00e9s des petits \u00e9leveurs producteurs laitiers \u00e0 g\u00e9rer et d\u00e9velopper leurs projets \u00e0 travers l\u2019organisation de stages de formation par les techniciens de l\u2019OEP.<\/p>\n\n\n\n<p>Depuis le lancement du programme, 2500 \u00e9leveurs ont \u00e9t\u00e9 accompagn\u00e9s et form\u00e9s jusqu\u2019\u00e0 la fin de l\u2019ann\u00e9e 2020 dans les diff\u00e9rents bassins laitiers.<\/p>\n\n\n\n<p><strong><span class=\"has-inline-color has-thr-acc-color\">Programme de Formation Innovante Lait \u00ab&nbsp;FIL&nbsp;\u00bb<\/span><\/strong><\/p>\n\n\n\n<p>Ce programme a \u00e9t\u00e9 mis en place en 2018 dans le cadre du projet de la coop\u00e9ration allemande dans l\u2019innovation en agriculture et industrie agro-alimentaire \u00ab&nbsp;IAAA&nbsp;\u00bb.<\/p>\n\n\n\n<p>Le programme vise \u00e0 d\u00e9velopper les capacit\u00e9s des \u00e9leveurs \u00e0 maitriser la conduite des troupeaux laitiers.<\/p>\n\n\n\n<p>Depuis le lancement du programme jusqu\u2019\u00e0 fin 2020, 2300 \u00e9leveurs ont \u00e9t\u00e9 form\u00e9.<\/p>\n","protected":false},"excerpt":{"rendered":"<p>L\u2019objectif de ce programme est l\u2019augmentation du revenu des petits et moyens \u00e9leveurs \u00e0 travers l\u2019am\u00e9lioration de la productivit\u00e9 des troupeaux bovins et la baisse du co\u00fbt de production et cela s\u2019effectue par l\u2019\u00e9valuation des r\u00e9sultats du contr\u00f4le laitier. L\u2019intervention de ce programme se base sur les \u00e9l\u00e9ments suivants&nbsp;: &nbsp; L\u2019identification des animaux &nbsp; L\u2019analyse [&hellip;]<\/p>\n","protected":false},"author":1,"featured_media":0,"parent":0,"menu_order":0,"comment_status":"closed","ping_status":"closed","template":"","meta":{"_themeisle_gutenberg_block_has_review":false,"footnotes":""},"class_list":["post-845","page","type-page","status-publish","hentry"],"yoast_head":"<!-- This site is optimized with the Yoast SEO plugin v26.0 - https:\/\/yoast.com\/wordpress\/plugins\/seo\/ -->\n<title>Encadrement des Petits et moyens \u00e9leveurs - Office de l&#039;Elevage et des P\u00e2turages<\/title>\n<meta name=\"robots\" content=\"index, follow, max-snippet:-1, max-image-preview:large, max-video-preview:-1\" \/>\n<link rel=\"canonical\" href=\"https:\/\/www.oep.tn\/\u0628\u0631\u0646\u0627\u0645\u062c-\u062a\u0623\u0637\u064a\u0631-\u0635\u063a\u0627\u0631-\u0648\u0645\u062a\u0648\u0633\u0637\u064a-\u0645\u0631\u0628\u064a-\u0627\u0644\u0623\u0628\u0642\u0627\/\" \/>\n<meta property=\"og:locale\" content=\"fr_FR\" \/>\n<meta property=\"og:type\" content=\"article\" \/>\n<meta property=\"og:title\" content=\"Encadrement des Petits et moyens \u00e9leveurs - Office de l&#039;Elevage et des P\u00e2turages\" \/>\n<meta property=\"og:description\" content=\"L\u2019objectif de ce programme est l\u2019augmentation du revenu des petits et moyens \u00e9leveurs \u00e0 travers l\u2019am\u00e9lioration de la productivit\u00e9 des troupeaux bovins et la baisse du co\u00fbt de production et cela s\u2019effectue par l\u2019\u00e9valuation des r\u00e9sultats du contr\u00f4le laitier. L\u2019intervention de ce programme se base sur les \u00e9l\u00e9ments suivants&nbsp;: &nbsp; L\u2019identification des animaux &nbsp; L\u2019analyse [&hellip;]\" \/>\n<meta property=\"og:url\" content=\"https:\/\/www.oep.tn\/\u0628\u0631\u0646\u0627\u0645\u062c-\u062a\u0623\u0637\u064a\u0631-\u0635\u063a\u0627\u0631-\u0648\u0645\u062a\u0648\u0633\u0637\u064a-\u0645\u0631\u0628\u064a-\u0627\u0644\u0623\u0628\u0642\u0627\/\" \/>\n<meta property=\"og:site_name\" content=\"Office de l&#039;Elevage et des P\u00e2turages\" \/>\n<meta property=\"article:modified_time\" content=\"2023-03-01T10:28:48+00:00\" \/>\n<meta name=\"twitter:card\" content=\"summary_large_image\" \/>\n<meta name=\"twitter:label1\" content=\"Dur\u00e9e de lecture estim\u00e9e\" \/>\n\t<meta name=\"twitter:data1\" content=\"2 minutes\" \/>\n<script type=\"application\/ld+json\" class=\"yoast-schema-graph\">{\"@context\":\"https:\/\/schema.org\",\"@graph\":[{\"@type\":\"WebPage\",\"@id\":\"https:\/\/www.oep.tn\/%d8%a8%d8%b1%d9%86%d8%a7%d9%85%d8%ac-%d8%aa%d8%a3%d8%b7%d9%8a%d8%b1-%d8%b5%d8%ba%d8%a7%d8%b1-%d9%88%d9%85%d8%aa%d9%88%d8%b3%d8%b7%d9%8a-%d9%85%d8%b1%d8%a8%d9%8a-%d8%a7%d9%84%d8%a3%d8%a8%d9%82%d8%a7\/\",\"url\":\"https:\/\/www.oep.tn\/%d8%a8%d8%b1%d9%86%d8%a7%d9%85%d8%ac-%d8%aa%d8%a3%d8%b7%d9%8a%d8%b1-%d8%b5%d8%ba%d8%a7%d8%b1-%d9%88%d9%85%d8%aa%d9%88%d8%b3%d8%b7%d9%8a-%d9%85%d8%b1%d8%a8%d9%8a-%d8%a7%d9%84%d8%a3%d8%a8%d9%82%d8%a7\/\",\"name\":\"Encadrement des Petits et moyens \u00e9leveurs - Office de l&#039;Elevage et des P\u00e2turages\",\"isPartOf\":{\"@id\":\"https:\/\/www.oep.tn\/#website\"},\"datePublished\":\"2022-07-11T09:40:59+00:00\",\"dateModified\":\"2023-03-01T10:28:48+00:00\",\"breadcrumb\":{\"@id\":\"https:\/\/www.oep.tn\/%d8%a8%d8%b1%d9%86%d8%a7%d9%85%d8%ac-%d8%aa%d8%a3%d8%b7%d9%8a%d8%b1-%d8%b5%d8%ba%d8%a7%d8%b1-%d9%88%d9%85%d8%aa%d9%88%d8%b3%d8%b7%d9%8a-%d9%85%d8%b1%d8%a8%d9%8a-%d8%a7%d9%84%d8%a3%d8%a8%d9%82%d8%a7\/#breadcrumb\"},\"inLanguage\":\"fr-FR\",\"potentialAction\":[{\"@type\":\"ReadAction\",\"target\":[\"https:\/\/www.oep.tn\/%d8%a8%d8%b1%d9%86%d8%a7%d9%85%d8%ac-%d8%aa%d8%a3%d8%b7%d9%8a%d8%b1-%d8%b5%d8%ba%d8%a7%d8%b1-%d9%88%d9%85%d8%aa%d9%88%d8%b3%d8%b7%d9%8a-%d9%85%d8%b1%d8%a8%d9%8a-%d8%a7%d9%84%d8%a3%d8%a8%d9%82%d8%a7\/\"]}]},{\"@type\":\"BreadcrumbList\",\"@id\":\"https:\/\/www.oep.tn\/%d8%a8%d8%b1%d9%86%d8%a7%d9%85%d8%ac-%d8%aa%d8%a3%d8%b7%d9%8a%d8%b1-%d8%b5%d8%ba%d8%a7%d8%b1-%d9%88%d9%85%d8%aa%d9%88%d8%b3%d8%b7%d9%8a-%d9%85%d8%b1%d8%a8%d9%8a-%d8%a7%d9%84%d8%a3%d8%a8%d9%82%d8%a7\/#breadcrumb\",\"itemListElement\":[{\"@type\":\"ListItem\",\"position\":1,\"name\":\"Accueil\",\"item\":\"https:\/\/www.oep.tn\/fr\/\"},{\"@type\":\"ListItem\",\"position\":2,\"name\":\"Encadrement des Petits et moyens \u00e9leveurs\"}]},{\"@type\":\"WebSite\",\"@id\":\"https:\/\/www.oep.tn\/#website\",\"url\":\"https:\/\/www.oep.tn\/\",\"name\":\"Office de l'Elevage et des P\u00e2turages\",\"description\":\"Office de l&#039;Elevage et des P\u00e2turages\",\"publisher\":{\"@id\":\"https:\/\/www.oep.tn\/#organization\"},\"alternateName\":\"Office de l'Elevage et des P\u00e2turages\",\"potentialAction\":[{\"@type\":\"SearchAction\",\"target\":{\"@type\":\"EntryPoint\",\"urlTemplate\":\"https:\/\/www.oep.tn\/?s={search_term_string}\"},\"query-input\":{\"@type\":\"PropertyValueSpecification\",\"valueRequired\":true,\"valueName\":\"search_term_string\"}}],\"inLanguage\":\"fr-FR\"},{\"@type\":\"Organization\",\"@id\":\"https:\/\/www.oep.tn\/#organization\",\"name\":\"Office de l'Elevage et des Patuages\",\"url\":\"https:\/\/www.oep.tn\/\",\"logo\":{\"@type\":\"ImageObject\",\"inLanguage\":\"fr-FR\",\"@id\":\"https:\/\/www.oep.tn\/#\/schema\/logo\/image\/\",\"url\":\"https:\/\/www.oep.tn\/wp-content\/uploads\/2022\/11\/logo-oep-arabe-2.png\",\"contentUrl\":\"https:\/\/www.oep.tn\/wp-content\/uploads\/2022\/11\/logo-oep-arabe-2.png\",\"width\":567,\"height\":142,\"caption\":\"Office de l'Elevage et des Patuages\"},\"image\":{\"@id\":\"https:\/\/www.oep.tn\/#\/schema\/logo\/image\/\"}}]}<\/script>\n<!-- \/ Yoast SEO plugin. -->","yoast_head_json":{"title":"Encadrement des Petits et moyens \u00e9leveurs - Office de l&#039;Elevage et des P\u00e2turages","robots":{"index":"index","follow":"follow","max-snippet":"max-snippet:-1","max-image-preview":"max-image-preview:large","max-video-preview":"max-video-preview:-1"},"canonical":"https:\/\/www.oep.tn\/\u0628\u0631\u0646\u0627\u0645\u062c-\u062a\u0623\u0637\u064a\u0631-\u0635\u063a\u0627\u0631-\u0648\u0645\u062a\u0648\u0633\u0637\u064a-\u0645\u0631\u0628\u064a-\u0627\u0644\u0623\u0628\u0642\u0627\/","og_locale":"fr_FR","og_type":"article","og_title":"Encadrement des Petits et moyens \u00e9leveurs - Office de l&#039;Elevage et des P\u00e2turages","og_description":"L\u2019objectif de ce programme est l\u2019augmentation du revenu des petits et moyens \u00e9leveurs \u00e0 travers l\u2019am\u00e9lioration de la productivit\u00e9 des troupeaux bovins et la baisse du co\u00fbt de production et cela s\u2019effectue par l\u2019\u00e9valuation des r\u00e9sultats du contr\u00f4le laitier. L\u2019intervention de ce programme se base sur les \u00e9l\u00e9ments suivants&nbsp;: &nbsp; L\u2019identification des animaux &nbsp; L\u2019analyse [&hellip;]","og_url":"https:\/\/www.oep.tn\/\u0628\u0631\u0646\u0627\u0645\u062c-\u062a\u0623\u0637\u064a\u0631-\u0635\u063a\u0627\u0631-\u0648\u0645\u062a\u0648\u0633\u0637\u064a-\u0645\u0631\u0628\u064a-\u0627\u0644\u0623\u0628\u0642\u0627\/","og_site_name":"Office de l&#039;Elevage et des P\u00e2turages","article_modified_time":"2023-03-01T10:28:48+00:00","twitter_card":"summary_large_image","twitter_misc":{"Dur\u00e9e de lecture estim\u00e9e":"2 minutes"},"schema":{"@context":"https:\/\/schema.org","@graph":[{"@type":"WebPage","@id":"https:\/\/www.oep.tn\/%d8%a8%d8%b1%d9%86%d8%a7%d9%85%d8%ac-%d8%aa%d8%a3%d8%b7%d9%8a%d8%b1-%d8%b5%d8%ba%d8%a7%d8%b1-%d9%88%d9%85%d8%aa%d9%88%d8%b3%d8%b7%d9%8a-%d9%85%d8%b1%d8%a8%d9%8a-%d8%a7%d9%84%d8%a3%d8%a8%d9%82%d8%a7\/","url":"https:\/\/www.oep.tn\/%d8%a8%d8%b1%d9%86%d8%a7%d9%85%d8%ac-%d8%aa%d8%a3%d8%b7%d9%8a%d8%b1-%d8%b5%d8%ba%d8%a7%d8%b1-%d9%88%d9%85%d8%aa%d9%88%d8%b3%d8%b7%d9%8a-%d9%85%d8%b1%d8%a8%d9%8a-%d8%a7%d9%84%d8%a3%d8%a8%d9%82%d8%a7\/","name":"Encadrement des Petits et moyens \u00e9leveurs - Office de l&#039;Elevage et des P\u00e2turages","isPartOf":{"@id":"https:\/\/www.oep.tn\/#website"},"datePublished":"2022-07-11T09:40:59+00:00","dateModified":"2023-03-01T10:28:48+00:00","breadcrumb":{"@id":"https:\/\/www.oep.tn\/%d8%a8%d8%b1%d9%86%d8%a7%d9%85%d8%ac-%d8%aa%d8%a3%d8%b7%d9%8a%d8%b1-%d8%b5%d8%ba%d8%a7%d8%b1-%d9%88%d9%85%d8%aa%d9%88%d8%b3%d8%b7%d9%8a-%d9%85%d8%b1%d8%a8%d9%8a-%d8%a7%d9%84%d8%a3%d8%a8%d9%82%d8%a7\/#breadcrumb"},"inLanguage":"fr-FR","potentialAction":[{"@type":"ReadAction","target":["https:\/\/www.oep.tn\/%d8%a8%d8%b1%d9%86%d8%a7%d9%85%d8%ac-%d8%aa%d8%a3%d8%b7%d9%8a%d8%b1-%d8%b5%d8%ba%d8%a7%d8%b1-%d9%88%d9%85%d8%aa%d9%88%d8%b3%d8%b7%d9%8a-%d9%85%d8%b1%d8%a8%d9%8a-%d8%a7%d9%84%d8%a3%d8%a8%d9%82%d8%a7\/"]}]},{"@type":"BreadcrumbList","@id":"https:\/\/www.oep.tn\/%d8%a8%d8%b1%d9%86%d8%a7%d9%85%d8%ac-%d8%aa%d8%a3%d8%b7%d9%8a%d8%b1-%d8%b5%d8%ba%d8%a7%d8%b1-%d9%88%d9%85%d8%aa%d9%88%d8%b3%d8%b7%d9%8a-%d9%85%d8%b1%d8%a8%d9%8a-%d8%a7%d9%84%d8%a3%d8%a8%d9%82%d8%a7\/#breadcrumb","itemListElement":[{"@type":"ListItem","position":1,"name":"Accueil","item":"https:\/\/www.oep.tn\/fr\/"},{"@type":"ListItem","position":2,"name":"Encadrement des Petits et moyens \u00e9leveurs"}]},{"@type":"WebSite","@id":"https:\/\/www.oep.tn\/#website","url":"https:\/\/www.oep.tn\/","name":"Office de l'Elevage et des P\u00e2turages","description":"Office de l&#039;Elevage et des P\u00e2turages","publisher":{"@id":"https:\/\/www.oep.tn\/#organization"},"alternateName":"Office de l'Elevage et des P\u00e2turages","potentialAction":[{"@type":"SearchAction","target":{"@type":"EntryPoint","urlTemplate":"https:\/\/www.oep.tn\/?s={search_term_string}"},"query-input":{"@type":"PropertyValueSpecification","valueRequired":true,"valueName":"search_term_string"}}],"inLanguage":"fr-FR"},{"@type":"Organization","@id":"https:\/\/www.oep.tn\/#organization","name":"Office de l'Elevage et des Patuages","url":"https:\/\/www.oep.tn\/","logo":{"@type":"ImageObject","inLanguage":"fr-FR","@id":"https:\/\/www.oep.tn\/#\/schema\/logo\/image\/","url":"https:\/\/www.oep.tn\/wp-content\/uploads\/2022\/11\/logo-oep-arabe-2.png","contentUrl":"https:\/\/www.oep.tn\/wp-content\/uploads\/2022\/11\/logo-oep-arabe-2.png","width":567,"height":142,"caption":"Office de l'Elevage et des Patuages"},"image":{"@id":"https:\/\/www.oep.tn\/#\/schema\/logo\/image\/"}}]}},"_links":{"self":[{"href":"https:\/\/www.oep.tn\/fr\/wp-json\/wp\/v2\/pages\/845","targetHints":{"allow":["GET"]}}],"collection":[{"href":"https:\/\/www.oep.tn\/fr\/wp-json\/wp\/v2\/pages"}],"about":[{"href":"https:\/\/www.oep.tn\/fr\/wp-json\/wp\/v2\/types\/page"}],"author":[{"embeddable":true,"href":"https:\/\/www.oep.tn\/fr\/wp-json\/wp\/v2\/users\/1"}],"replies":[{"embeddable":true,"href":"https:\/\/www.oep.tn\/fr\/wp-json\/wp\/v2\/comments?post=845"}],"version-history":[{"count":4,"href":"https:\/\/www.oep.tn\/fr\/wp-json\/wp\/v2\/pages\/845\/revisions"}],"predecessor-version":[{"id":3037,"href":"https:\/\/www.oep.tn\/fr\/wp-json\/wp\/v2\/pages\/845\/revisions\/3037"}],"wp:attachment":[{"href":"https:\/\/www.oep.tn\/fr\/wp-json\/wp\/v2\/media?parent=845"}],"curies":[{"name":"wp","href":"https:\/\/api.w.org\/{rel}","templated":true}]}}