


































































{"id":848,"date":"2022-07-11T11:48:30","date_gmt":"2022-07-11T09:48:30","guid":{"rendered":"https:\/\/www.oep.tn\/?page_id=848"},"modified":"2023-03-07T10:52:42","modified_gmt":"2023-03-07T09:52:42","slug":"grands-troupeaux-laitiers","status":"publish","type":"page","link":"https:\/\/www.oep.tn\/fr\/grands-troupeaux-laitiers\/","title":{"rendered":"Encadrement des Grands troupeaux laitiers"},"content":{"rendered":"\n<p>Ce programme vise \u00e0 aider les exploitations proc\u00e9dant de grands troupeaux laitiers \u00e0 d\u00e9velopper leurs rendements en am\u00e9liorant les indicateurs technico-\u00e9conomique des troupeaux et en augmentant la production des g\u00e9nisses \u00e0 travers la valorisation des donn\u00e9es du contr\u00f4le laitier.<\/p>\n\n\n\n<p>Ce programme comprend les grands troupeaux laitiers r\u00e9pondants aux conditions suivantes&nbsp;:<\/p>\n\n\n\n<i class=\"fa fa-check\" style=\"color: #81d742\"><\/i>&nbsp; Troupeaux sain<\/p>\n\n\n\n<i class=\"fa fa-check\" style=\"color: #81d742\"><\/i>&nbsp; Vaches inscrites dans la base de donn\u00e9es<\/p>\n\n\n\n<i class=\"fa fa-check\" style=\"color: #81d742\"><\/i>&nbsp; Disponibilit\u00e9 de l\u2019encadrement technique dans la ferme<\/p>\n\n\n\n<i class=\"fa fa-check\" style=\"color: #81d742\"><\/i>&nbsp; La volont\u00e9 de s\u2019inscrire dans le programme<\/p>\n\n\n\n<p>Une \u00e9quipe de techniciens effectue des visites de terrain p\u00e9riodiques suite \u00e0 chaque contr\u00f4le laitier, o\u00f9 divers conseils et consignes sont r\u00e9dig\u00e9s sous forme d\u2019un rapport d\u00e9livr\u00e9 sur place apr\u00e8s chaque visite. Le programme assure aussi un suivi technico-\u00e9conomique de quelques exploitations.<\/p>\n","protected":false},"excerpt":{"rendered":"<p>Ce programme vise \u00e0 aider les exploitations proc\u00e9dant de grands troupeaux laitiers \u00e0 d\u00e9velopper leurs rendements en am\u00e9liorant les indicateurs technico-\u00e9conomique des troupeaux et en augmentant la production des g\u00e9nisses \u00e0 travers la valorisation des donn\u00e9es du contr\u00f4le laitier. Ce programme comprend les grands troupeaux laitiers r\u00e9pondants aux conditions suivantes&nbsp;: &nbsp; Troupeaux sain &nbsp; Vaches [&hellip;]<\/p>\n","protected":false},"author":1,"featured_media":0,"parent":0,"menu_order":0,"comment_status":"closed","ping_status":"closed","template":"","meta":{"_themeisle_gutenberg_block_has_review":false,"footnotes":""},"class_list":["post-848","page","type-page","status-publish","hentry"],"yoast_head":"<!-- This site is optimized with the Yoast SEO plugin v26.0 - https:\/\/yoast.com\/wordpress\/plugins\/seo\/ -->\n<title>Encadrement des Grands troupeaux laitiers - Office de l&#039;Elevage et des P\u00e2turages<\/title>\n<meta name=\"robots\" content=\"index, follow, max-snippet:-1, max-image-preview:large, max-video-preview:-1\" \/>\n<link rel=\"canonical\" href=\"https:\/\/www.oep.tn\/\u0628\u0631\u0646\u0627\u0645\u062c-\u062a\u0623\u0637\u064a\u0631-\u0627\u0644\u0636\u064a\u0639\u0627\u062a-\u0627\u0644\u0643\u0628\u0631\u0649-\u0644\u0644\u0623\u0628\u0642\u0627\u0631-\u0627\/\" \/>\n<meta property=\"og:locale\" content=\"fr_FR\" \/>\n<meta property=\"og:type\" content=\"article\" \/>\n<meta property=\"og:title\" content=\"Encadrement des Grands troupeaux laitiers - Office de l&#039;Elevage et des P\u00e2turages\" \/>\n<meta property=\"og:description\" content=\"Ce programme vise \u00e0 aider les exploitations proc\u00e9dant de grands troupeaux laitiers \u00e0 d\u00e9velopper leurs rendements en am\u00e9liorant les indicateurs technico-\u00e9conomique des troupeaux et en augmentant la production des g\u00e9nisses \u00e0 travers la valorisation des donn\u00e9es du contr\u00f4le laitier. Ce programme comprend les grands troupeaux laitiers r\u00e9pondants aux conditions suivantes&nbsp;: &nbsp; Troupeaux sain &nbsp; Vaches [&hellip;]\" \/>\n<meta property=\"og:url\" content=\"https:\/\/www.oep.tn\/\u0628\u0631\u0646\u0627\u0645\u062c-\u062a\u0623\u0637\u064a\u0631-\u0627\u0644\u0636\u064a\u0639\u0627\u062a-\u0627\u0644\u0643\u0628\u0631\u0649-\u0644\u0644\u0623\u0628\u0642\u0627\u0631-\u0627\/\" \/>\n<meta property=\"og:site_name\" content=\"Office de l&#039;Elevage et des P\u00e2turages\" \/>\n<meta property=\"article:modified_time\" content=\"2023-03-07T09:52:42+00:00\" \/>\n<meta name=\"twitter:card\" content=\"summary_large_image\" \/>\n<meta name=\"twitter:label1\" content=\"Dur\u00e9e de lecture estim\u00e9e\" \/>\n\t<meta name=\"twitter:data1\" content=\"1 minute\" \/>\n<script type=\"application\/ld+json\" class=\"yoast-schema-graph\">{\"@context\":\"https:\/\/schema.org\",\"@graph\":[{\"@type\":\"WebPage\",\"@id\":\"https:\/\/www.oep.tn\/%d8%a8%d8%b1%d9%86%d8%a7%d9%85%d8%ac-%d8%aa%d8%a3%d8%b7%d9%8a%d8%b1-%d8%a7%d9%84%d8%b6%d9%8a%d8%b9%d8%a7%d8%aa-%d8%a7%d9%84%d9%83%d8%a8%d8%b1%d9%89-%d9%84%d9%84%d8%a3%d8%a8%d9%82%d8%a7%d8%b1-%d8%a7\/\",\"url\":\"https:\/\/www.oep.tn\/%d8%a8%d8%b1%d9%86%d8%a7%d9%85%d8%ac-%d8%aa%d8%a3%d8%b7%d9%8a%d8%b1-%d8%a7%d9%84%d8%b6%d9%8a%d8%b9%d8%a7%d8%aa-%d8%a7%d9%84%d9%83%d8%a8%d8%b1%d9%89-%d9%84%d9%84%d8%a3%d8%a8%d9%82%d8%a7%d8%b1-%d8%a7\/\",\"name\":\"Encadrement des Grands troupeaux laitiers - Office de l&#039;Elevage et des P\u00e2turages\",\"isPartOf\":{\"@id\":\"https:\/\/www.oep.tn\/#website\"},\"datePublished\":\"2022-07-11T09:48:30+00:00\",\"dateModified\":\"2023-03-07T09:52:42+00:00\",\"breadcrumb\":{\"@id\":\"https:\/\/www.oep.tn\/%d8%a8%d8%b1%d9%86%d8%a7%d9%85%d8%ac-%d8%aa%d8%a3%d8%b7%d9%8a%d8%b1-%d8%a7%d9%84%d8%b6%d9%8a%d8%b9%d8%a7%d8%aa-%d8%a7%d9%84%d9%83%d8%a8%d8%b1%d9%89-%d9%84%d9%84%d8%a3%d8%a8%d9%82%d8%a7%d8%b1-%d8%a7\/#breadcrumb\"},\"inLanguage\":\"fr-FR\",\"potentialAction\":[{\"@type\":\"ReadAction\",\"target\":[\"https:\/\/www.oep.tn\/%d8%a8%d8%b1%d9%86%d8%a7%d9%85%d8%ac-%d8%aa%d8%a3%d8%b7%d9%8a%d8%b1-%d8%a7%d9%84%d8%b6%d9%8a%d8%b9%d8%a7%d8%aa-%d8%a7%d9%84%d9%83%d8%a8%d8%b1%d9%89-%d9%84%d9%84%d8%a3%d8%a8%d9%82%d8%a7%d8%b1-%d8%a7\/\"]}]},{\"@type\":\"BreadcrumbList\",\"@id\":\"https:\/\/www.oep.tn\/%d8%a8%d8%b1%d9%86%d8%a7%d9%85%d8%ac-%d8%aa%d8%a3%d8%b7%d9%8a%d8%b1-%d8%a7%d9%84%d8%b6%d9%8a%d8%b9%d8%a7%d8%aa-%d8%a7%d9%84%d9%83%d8%a8%d8%b1%d9%89-%d9%84%d9%84%d8%a3%d8%a8%d9%82%d8%a7%d8%b1-%d8%a7\/#breadcrumb\",\"itemListElement\":[{\"@type\":\"ListItem\",\"position\":1,\"name\":\"Accueil\",\"item\":\"https:\/\/www.oep.tn\/fr\/\"},{\"@type\":\"ListItem\",\"position\":2,\"name\":\"Encadrement des Grands troupeaux laitiers\"}]},{\"@type\":\"WebSite\",\"@id\":\"https:\/\/www.oep.tn\/#website\",\"url\":\"https:\/\/www.oep.tn\/\",\"name\":\"Office de l'Elevage et des P\u00e2turages\",\"description\":\"Office de l&#039;Elevage et des P\u00e2turages\",\"publisher\":{\"@id\":\"https:\/\/www.oep.tn\/#organization\"},\"alternateName\":\"Office de l'Elevage et des P\u00e2turages\",\"potentialAction\":[{\"@type\":\"SearchAction\",\"target\":{\"@type\":\"EntryPoint\",\"urlTemplate\":\"https:\/\/www.oep.tn\/?s={search_term_string}\"},\"query-input\":{\"@type\":\"PropertyValueSpecification\",\"valueRequired\":true,\"valueName\":\"search_term_string\"}}],\"inLanguage\":\"fr-FR\"},{\"@type\":\"Organization\",\"@id\":\"https:\/\/www.oep.tn\/#organization\",\"name\":\"Office de l'Elevage et des Patuages\",\"url\":\"https:\/\/www.oep.tn\/\",\"logo\":{\"@type\":\"ImageObject\",\"inLanguage\":\"fr-FR\",\"@id\":\"https:\/\/www.oep.tn\/#\/schema\/logo\/image\/\",\"url\":\"https:\/\/www.oep.tn\/wp-content\/uploads\/2022\/11\/logo-oep-arabe-2.png\",\"contentUrl\":\"https:\/\/www.oep.tn\/wp-content\/uploads\/2022\/11\/logo-oep-arabe-2.png\",\"width\":567,\"height\":142,\"caption\":\"Office de l'Elevage et des Patuages\"},\"image\":{\"@id\":\"https:\/\/www.oep.tn\/#\/schema\/logo\/image\/\"}}]}<\/script>\n<!-- \/ Yoast SEO plugin. -->","yoast_head_json":{"title":"Encadrement des Grands troupeaux laitiers - Office de l&#039;Elevage et des P\u00e2turages","robots":{"index":"index","follow":"follow","max-snippet":"max-snippet:-1","max-image-preview":"max-image-preview:large","max-video-preview":"max-video-preview:-1"},"canonical":"https:\/\/www.oep.tn\/\u0628\u0631\u0646\u0627\u0645\u062c-\u062a\u0623\u0637\u064a\u0631-\u0627\u0644\u0636\u064a\u0639\u0627\u062a-\u0627\u0644\u0643\u0628\u0631\u0649-\u0644\u0644\u0623\u0628\u0642\u0627\u0631-\u0627\/","og_locale":"fr_FR","og_type":"article","og_title":"Encadrement des Grands troupeaux laitiers - Office de l&#039;Elevage et des P\u00e2turages","og_description":"Ce programme vise \u00e0 aider les exploitations proc\u00e9dant de grands troupeaux laitiers \u00e0 d\u00e9velopper leurs rendements en am\u00e9liorant les indicateurs technico-\u00e9conomique des troupeaux et en augmentant la production des g\u00e9nisses \u00e0 travers la valorisation des donn\u00e9es du contr\u00f4le laitier. Ce programme comprend les grands troupeaux laitiers r\u00e9pondants aux conditions suivantes&nbsp;: &nbsp; Troupeaux sain &nbsp; Vaches [&hellip;]","og_url":"https:\/\/www.oep.tn\/\u0628\u0631\u0646\u0627\u0645\u062c-\u062a\u0623\u0637\u064a\u0631-\u0627\u0644\u0636\u064a\u0639\u0627\u062a-\u0627\u0644\u0643\u0628\u0631\u0649-\u0644\u0644\u0623\u0628\u0642\u0627\u0631-\u0627\/","og_site_name":"Office de l&#039;Elevage et des P\u00e2turages","article_modified_time":"2023-03-07T09:52:42+00:00","twitter_card":"summary_large_image","twitter_misc":{"Dur\u00e9e de lecture estim\u00e9e":"1 minute"},"schema":{"@context":"https:\/\/schema.org","@graph":[{"@type":"WebPage","@id":"https:\/\/www.oep.tn\/%d8%a8%d8%b1%d9%86%d8%a7%d9%85%d8%ac-%d8%aa%d8%a3%d8%b7%d9%8a%d8%b1-%d8%a7%d9%84%d8%b6%d9%8a%d8%b9%d8%a7%d8%aa-%d8%a7%d9%84%d9%83%d8%a8%d8%b1%d9%89-%d9%84%d9%84%d8%a3%d8%a8%d9%82%d8%a7%d8%b1-%d8%a7\/","url":"https:\/\/www.oep.tn\/%d8%a8%d8%b1%d9%86%d8%a7%d9%85%d8%ac-%d8%aa%d8%a3%d8%b7%d9%8a%d8%b1-%d8%a7%d9%84%d8%b6%d9%8a%d8%b9%d8%a7%d8%aa-%d8%a7%d9%84%d9%83%d8%a8%d8%b1%d9%89-%d9%84%d9%84%d8%a3%d8%a8%d9%82%d8%a7%d8%b1-%d8%a7\/","name":"Encadrement des Grands troupeaux laitiers - Office de l&#039;Elevage et des P\u00e2turages","isPartOf":{"@id":"https:\/\/www.oep.tn\/#website"},"datePublished":"2022-07-11T09:48:30+00:00","dateModified":"2023-03-07T09:52:42+00:00","breadcrumb":{"@id":"https:\/\/www.oep.tn\/%d8%a8%d8%b1%d9%86%d8%a7%d9%85%d8%ac-%d8%aa%d8%a3%d8%b7%d9%8a%d8%b1-%d8%a7%d9%84%d8%b6%d9%8a%d8%b9%d8%a7%d8%aa-%d8%a7%d9%84%d9%83%d8%a8%d8%b1%d9%89-%d9%84%d9%84%d8%a3%d8%a8%d9%82%d8%a7%d8%b1-%d8%a7\/#breadcrumb"},"inLanguage":"fr-FR","potentialAction":[{"@type":"ReadAction","target":["https:\/\/www.oep.tn\/%d8%a8%d8%b1%d9%86%d8%a7%d9%85%d8%ac-%d8%aa%d8%a3%d8%b7%d9%8a%d8%b1-%d8%a7%d9%84%d8%b6%d9%8a%d8%b9%d8%a7%d8%aa-%d8%a7%d9%84%d9%83%d8%a8%d8%b1%d9%89-%d9%84%d9%84%d8%a3%d8%a8%d9%82%d8%a7%d8%b1-%d8%a7\/"]}]},{"@type":"BreadcrumbList","@id":"https:\/\/www.oep.tn\/%d8%a8%d8%b1%d9%86%d8%a7%d9%85%d8%ac-%d8%aa%d8%a3%d8%b7%d9%8a%d8%b1-%d8%a7%d9%84%d8%b6%d9%8a%d8%b9%d8%a7%d8%aa-%d8%a7%d9%84%d9%83%d8%a8%d8%b1%d9%89-%d9%84%d9%84%d8%a3%d8%a8%d9%82%d8%a7%d8%b1-%d8%a7\/#breadcrumb","itemListElement":[{"@type":"ListItem","position":1,"name":"Accueil","item":"https:\/\/www.oep.tn\/fr\/"},{"@type":"ListItem","position":2,"name":"Encadrement des Grands troupeaux laitiers"}]},{"@type":"WebSite","@id":"https:\/\/www.oep.tn\/#website","url":"https:\/\/www.oep.tn\/","name":"Office de l'Elevage et des P\u00e2turages","description":"Office de l&#039;Elevage et des P\u00e2turages","publisher":{"@id":"https:\/\/www.oep.tn\/#organization"},"alternateName":"Office de l'Elevage et des P\u00e2turages","potentialAction":[{"@type":"SearchAction","target":{"@type":"EntryPoint","urlTemplate":"https:\/\/www.oep.tn\/?s={search_term_string}"},"query-input":{"@type":"PropertyValueSpecification","valueRequired":true,"valueName":"search_term_string"}}],"inLanguage":"fr-FR"},{"@type":"Organization","@id":"https:\/\/www.oep.tn\/#organization","name":"Office de l'Elevage et des Patuages","url":"https:\/\/www.oep.tn\/","logo":{"@type":"ImageObject","inLanguage":"fr-FR","@id":"https:\/\/www.oep.tn\/#\/schema\/logo\/image\/","url":"https:\/\/www.oep.tn\/wp-content\/uploads\/2022\/11\/logo-oep-arabe-2.png","contentUrl":"https:\/\/www.oep.tn\/wp-content\/uploads\/2022\/11\/logo-oep-arabe-2.png","width":567,"height":142,"caption":"Office de l'Elevage et des Patuages"},"image":{"@id":"https:\/\/www.oep.tn\/#\/schema\/logo\/image\/"}}]}},"_links":{"self":[{"href":"https:\/\/www.oep.tn\/fr\/wp-json\/wp\/v2\/pages\/848","targetHints":{"allow":["GET"]}}],"collection":[{"href":"https:\/\/www.oep.tn\/fr\/wp-json\/wp\/v2\/pages"}],"about":[{"href":"https:\/\/www.oep.tn\/fr\/wp-json\/wp\/v2\/types\/page"}],"author":[{"embeddable":true,"href":"https:\/\/www.oep.tn\/fr\/wp-json\/wp\/v2\/users\/1"}],"replies":[{"embeddable":true,"href":"https:\/\/www.oep.tn\/fr\/wp-json\/wp\/v2\/comments?post=848"}],"version-history":[{"count":3,"href":"https:\/\/www.oep.tn\/fr\/wp-json\/wp\/v2\/pages\/848\/revisions"}],"predecessor-version":[{"id":3195,"href":"https:\/\/www.oep.tn\/fr\/wp-json\/wp\/v2\/pages\/848\/revisions\/3195"}],"wp:attachment":[{"href":"https:\/\/www.oep.tn\/fr\/wp-json\/wp\/v2\/media?parent=848"}],"curies":[{"name":"wp","href":"https:\/\/api.w.org\/{rel}","templated":true}]}}