


































































{"id":862,"date":"2022-07-11T14:55:24","date_gmt":"2022-07-11T12:55:24","guid":{"rendered":"https:\/\/www.oep.tn\/?page_id=862"},"modified":"2023-11-30T15:26:47","modified_gmt":"2023-11-30T14:26:47","slug":"conventions","status":"publish","type":"page","link":"https:\/\/www.oep.tn\/fr\/conventions\/","title":{"rendered":"Conventions"},"content":{"rendered":"\n<p class=\"has-text-align-center\"><strong><span class=\"has-inline-color has-thr-acc-color\">Projets de coop\u00e9ration dans le domaine du d\u00e9veloppement agricole<\/span><\/strong><\/p>\n\n\n\n<div class=\"wpdt-c row wpDataTableContainerSimpleTable wpDataTables wpDataTablesWrapper\n\"\n    >\n        <table id=\"wpdtSimpleTable-7\"\n           style=\"border-collapse:collapse;\n                   border-spacing:0px;\"\n           class=\"wpdtSimpleTable wpDataTable\"\n           data-column=\"3\"\n           data-rows=\"9\"\n           data-wpID=\"7\"\n           data-responsive=\"0\"\n           data-has-header=\"0\">\n\n                    <tbody>        <tr class=\"wpdt-cell-row \" >\n                                <td class=\"wpdt-cell wpdt-bc-006C00 wpdt-tc-FFFCFC wpdt-align-center\"\n                                            data-cell-id=\"A1\"\n                    data-col-index=\"0\"\n                    data-row-index=\"0\"\n                    style=\" width:33.333333333333%;                    padding:10px;\n                    \"\n                    >\n                                        Projet                    <\/td>\n                                                <td class=\"wpdt-cell wpdt-bc-006C00 wpdt-tc-FFFCFC wpdt-align-center\"\n                                            data-cell-id=\"B1\"\n                    data-col-index=\"1\"\n                    data-row-index=\"0\"\n                    style=\" width:33.333333333333%;                    padding:10px;\n                    \"\n                    >\n                                        Ese\/Organisme                    <\/td>\n                                                <td class=\"wpdt-cell wpdt-bc-006C00 wpdt-tc-FFFCFC wpdt-align-center\"\n                                            data-cell-id=\"C1\"\n                    data-col-index=\"2\"\n                    data-row-index=\"0\"\n                    style=\" width:33.333333333333%;                    padding:10px;\n                    \"\n                    >\n                                        Domaines d\u2019intervention de l\u2019OEP                    <\/td>\n                                        <\/tr>\n                            <tr class=\"wpdt-cell-row \" >\n                                <td class=\"wpdt-cell \"\n                                            data-cell-id=\"A2\"\n                    data-col-index=\"0\"\n                    data-row-index=\"1\"\n                    style=\"                    padding:10px;\n                    \"\n                    >\n                                        projet de d\u00e9veloppement agro-pastoral et des fili\u00e8res associ\u00e9es\u00a0\u00a0\u201cPRODEFIL\u201d                    <\/td>\n                                                <td class=\"wpdt-cell \"\n                                            data-cell-id=\"B2\"\n                    data-col-index=\"1\"\n                    data-row-index=\"1\"\n                    style=\"                    padding:10px;\n                    \"\n                    >\n                                        Commissariat R\u00e9gional du D\u00e9veloppement Agricole de M\u00e9denine. (2015-2020)                    <\/td>\n                                                <td class=\"wpdt-cell \"\n                                            data-cell-id=\"C2\"\n                    data-col-index=\"2\"\n                    data-row-index=\"1\"\n                    style=\"                    padding:10px;\n                    \"\n                    >\n                                        -am\u00e9lioration des parcours priv\u00e9s par \u00a0la mise en d\u00e9fens de 7000 ha. \u2013 D\u00e9veloppement des Fili\u00e8res cameline, ovine et caprine                    <\/td>\n                                        <\/tr>\n                            <tr class=\"wpdt-cell-row \" >\n                                <td class=\"wpdt-cell \"\n                                            data-cell-id=\"A3\"\n                    data-col-index=\"0\"\n                    data-row-index=\"2\"\n                    style=\"                    padding:10px;\n                    \"\n                    >\n                                        d\u00e9veloppement agropastoral et promotion des initiatives locales dans le gouvernorat de Tataouine et Kebili\u00a0\u00a0\u201cPRODESUD2\u201d                    <\/td>\n                                                <td class=\"wpdt-cell \"\n                                            data-cell-id=\"B3\"\n                    data-col-index=\"1\"\n                    data-row-index=\"2\"\n                    style=\"                    padding:10px;\n                    \"\n                    >\n                                        Commissariat R\u00e9gional du D\u00e9veloppement Agricole de Tataouine. 2015-2020                    <\/td>\n                                                <td class=\"wpdt-cell \"\n                                            data-cell-id=\"C3\"\n                    data-col-index=\"2\"\n                    data-row-index=\"2\"\n                    style=\"                    padding:10px;\n                    \"\n                    >\n                                        -Assistance pour le d\u00e9veloppement\u00a0 de l\u2019\u00e9levage\u00a0: D\u00e9veloppement de ressources alimentaires\/ Am\u00e9lioration des syst\u00e8mes de production animale                    <\/td>\n                                        <\/tr>\n                            <tr class=\"wpdt-cell-row \" >\n                                <td class=\"wpdt-cell \"\n                                            data-cell-id=\"A4\"\n                    data-col-index=\"0\"\n                    data-row-index=\"3\"\n                    style=\"                    padding:10px;\n                    \"\n                    >\n                                        Projet de D\u00e9veloppement Agricole Int\u00e9gr\u00e9 \u201cPDAI2\u201d                    <\/td>\n                                                <td class=\"wpdt-cell \"\n                                            data-cell-id=\"B4\"\n                    data-col-index=\"1\"\n                    data-row-index=\"3\"\n                    style=\"                    padding:10px;\n                    \"\n                    >\n                                        Commissariat R\u00e9gional du D\u00e9veloppement Agricole de Gab\u00e8s. \u00a0\u00a0\u00a0\u00a0 2017-2020                    <\/td>\n                                                <td class=\"wpdt-cell \"\n                                            data-cell-id=\"C4\"\n                    data-col-index=\"2\"\n                    data-row-index=\"3\"\n                    style=\"                    padding:10px;\n                    \"\n                    >\n                                        -Am\u00e9lioration pastorale par la mise en d\u00e9fens de 5000 Ha de parcours priv\u00e9s                    <\/td>\n                                        <\/tr>\n                            <tr class=\"wpdt-cell-row \" >\n                                <td class=\"wpdt-cell \"\n                                            data-cell-id=\"A5\"\n                    data-col-index=\"0\"\n                    data-row-index=\"4\"\n                    style=\"                    padding:10px;\n                    \"\n                    >\n                                        Participation de la population rurale \u00e0 la gestion de l\u2019eau et des terres de l\u2019amont du bassin versant de Nebhana\u201d                    <\/td>\n                                                <td class=\"wpdt-cell \"\n                                            data-cell-id=\"B5\"\n                    data-col-index=\"1\"\n                    data-row-index=\"4\"\n                    style=\"                    padding:10px;\n                    \"\n                    >\n                                        Direction G\u00e9n\u00e9rale de l\u2019Am\u00e9nagement et de. Conservation des terres agricoles 2018-2020                    <\/td>\n                                                <td class=\"wpdt-cell \"\n                                            data-cell-id=\"C5\"\n                    data-col-index=\"2\"\n                    data-row-index=\"4\"\n                    style=\"                    padding:10px;\n                    \"\n                    >\n                                        -am\u00e9lioration pastorale -am\u00e9lioration g\u00e9n\u00e9tique. -formation dans le domaine du petit \u00e9levage.                    <\/td>\n                                        <\/tr>\n                            <tr class=\"wpdt-cell-row \" >\n                                <td class=\"wpdt-cell \"\n                                            data-cell-id=\"A6\"\n                    data-col-index=\"0\"\n                    data-row-index=\"5\"\n                    style=\"                    padding:10px;\n                    \"\n                    >\n                                        Appui \u00e0 la structuration et au d\u00e9veloppement de la  Fili\u00e8re viande ovine et caprine et de la Fili\u00e8re lait bovin :PROJET DE PROMOTION DES FILI\u00c8RES POUR LE DEVELOPPEMENT TERRITORIAL DE SILIANA \u00ab PROFITS \u00bb                    <\/td>\n                                                <td class=\"wpdt-cell \"\n                                            data-cell-id=\"B6\"\n                    data-col-index=\"1\"\n                    data-row-index=\"5\"\n                    style=\"                    padding:10px;\n                    \"\n                    >\n                                        Commissariat R\u00e9gional du D\u00e9veloppement Agricole de Siliana \u00a0 2019-2023                    <\/td>\n                                                <td class=\"wpdt-cell \"\n                                            data-cell-id=\"C6\"\n                    data-col-index=\"2\"\n                    data-row-index=\"5\"\n                    style=\"                    padding:10px;\n                    \"\n                    >\n                                        \u2013 Participation \u00e0 la cr\u00e9ation des plateformes fili\u00e8res lait bovin et viande rouge. -Appui \u00e0 la conception et la mise en \u0153uvre des plans d\u2019affaires des promoteurs. -Identification, formation et mise \u00e0 disposition des conseillers technico-\u00e9conomiques et de gestion. -Favoriser la cr\u00e9ation de groupes paysans d\u2019\u00e9change et d\u2019exp\u00e9rimentation. -Appui technique des acteurs des deux fili\u00e8res lait bovin et viande rouge. \u00a0                    <\/td>\n                                        <\/tr>\n                            <tr class=\"wpdt-cell-row \" >\n                                <td class=\"wpdt-cell \"\n                                            data-cell-id=\"A7\"\n                    data-col-index=\"0\"\n                    data-row-index=\"6\"\n                    style=\"                    padding:10px;\n                    \"\n                    >\n                                        Convention de partenariat: pour la mise en \u0153uvre du Programme d\u2019Adaptation au Changement Climatique des Territoires Vuln\u00e9rables \u00a0(PACTE) dans les gouvernorats de Siliana, Kairouan, Sidi Bouzid, El Kef et Bizerte.                    <\/td>\n                                                <td class=\"wpdt-cell \"\n                                            data-cell-id=\"B7\"\n                    data-col-index=\"1\"\n                    data-row-index=\"6\"\n                    style=\"                    padding:10px;\n                    \"\n                    >\n                                        \u064dDirection G\u00e9n\u00e9rale de l\u2019Am\u00e9nagement et de Conservation des terres agricoles                    <\/td>\n                                                <td class=\"wpdt-cell \"\n                                            data-cell-id=\"C7\"\n                    data-col-index=\"2\"\n                    data-row-index=\"6\"\n                    style=\"                    padding:10px;\n                    \"\n                    >\n                                        \u00a0 -am\u00e9lioration pastorale. -d\u00e9veloppement des ressources fourrag\u00e8res. -d\u00e9veloppement des fili\u00e8res lait et viande rouge et \u00a0Am\u00e9lioration des performances Zootechniques et G\u00e9n\u00e9tiques.                    <\/td>\n                                        <\/tr>\n                            <tr class=\"wpdt-cell-row \" >\n                                <td class=\"wpdt-cell \"\n                                            data-cell-id=\"A8\"\n                    data-col-index=\"0\"\n                    data-row-index=\"7\"\n                    style=\"                    padding:10px;\n                    \"\n                    >\n                                        Protection et r\u00e9habilitation des sols d\u00e9grad\u00e9s en Tunisie (PROSOL )\u00a0dans les gouvernorats de Beja, Jendouba, Kairouan, Sidi Bouzid, El Kef, Siliana et kasserine.\u00a0\u00a0 \u00a0 \u00a0 \u00a0 \u00a0 \u00a0                    <\/td>\n                                                <td class=\"wpdt-cell \"\n                                            data-cell-id=\"B8\"\n                    data-col-index=\"1\"\n                    data-row-index=\"7\"\n                    style=\"                    padding:10px;\n                    \"\n                    >\n                                        \u00a0Direction G\u00e9n\u00e9rale de l\u2019Am\u00e9nagement et de Conservation des terres agricoles. -financement\u00a0GIZ\u00a02019- 2024                    <\/td>\n                                                <td class=\"wpdt-cell \"\n                                            data-cell-id=\"C8\"\n                    data-col-index=\"2\"\n                    data-row-index=\"7\"\n                    style=\"                    padding:10px;\n                    \"\n                    >\n                                        -Promouvoir\u00a0 l\u2019utilisation du fumier de ferme. -Introduire les l\u00e9gumineuses (sulla, vesce\u2026)\u00a0 en pures ou en association pour am\u00e9liorer la qualit\u00e9 du sol , de la ration et r\u00e9duire les co\u00fbts de production. \u00a0-Initier la pratique de l\u2019analyse du sol et r\u00e9fl\u00e9chir la fertilisation min\u00e9rale. -D\u00e9velopper la technique de compostage sur les exploitations agricoles. \u2013 Impliquer la recherche dans les actions du d\u00e9veloppement. \u2013 appui \u00e0 \u00a0la ferme fretissa \u00a0                    <\/td>\n                                        <\/tr>\n                            <tr class=\"wpdt-cell-row \" >\n                                <td class=\"wpdt-cell \"\n                                            data-cell-id=\"A9\"\n                    data-col-index=\"0\"\n                    data-row-index=\"8\"\n                    style=\"                    padding:10px;\n                    \"\n                    >\n                                        Projet\u00a0: \u00ab\u00a0collecte, pasteurisation et emballage du lait camelin \u00bb                    <\/td>\n                                                <td class=\"wpdt-cell \"\n                                            data-cell-id=\"B9\"\n                    data-col-index=\"1\"\n                    data-row-index=\"8\"\n                    style=\"                    padding:10px;\n                    \"\n                    >\n                                        \u2013 Commissariat R\u00e9gional du D\u00e9veloppement Agricole -Centre d\u2019affaires de Tozeur Financement : GIZ                    <\/td>\n                                                <td class=\"wpdt-cell \"\n                                            data-cell-id=\"C9\"\n                    data-col-index=\"2\"\n                    data-row-index=\"8\"\n                    style=\"                    padding:10px;\n                    \"\n                    >\n                                        \u2013 Cr\u00e9ation d\u2019opportunit\u00e9s d\u2019emploi \u2013 Mettre en place une infrastructure pour la collecte, la pasteurisation et l\u2019emballage du lait de chamelle                    <\/td>\n                                        <\/tr>\n                    <\/table>\n<\/div><style id='wpdt-custom-style-7'>\ntable#wpdtSimpleTable-7{ table-layout: fixed !important; }\ntable#wpdtSimpleTable-7 td, table.wpdtSimpleTable7 th { white-space: normal !important; }\n.wpdt-bc-006C00 { background-color: #006C00 !important;}\n.wpdt-tc-FFFCFC { color: #FFFCFC !important;}\n<\/style>\n\n","protected":false},"excerpt":{"rendered":"<p>Projets de coop\u00e9ration dans le domaine du d\u00e9veloppement agricole<\/p>\n","protected":false},"author":1,"featured_media":0,"parent":0,"menu_order":0,"comment_status":"closed","ping_status":"closed","template":"","meta":{"_themeisle_gutenberg_block_has_review":false,"footnotes":""},"class_list":["post-862","page","type-page","status-publish","hentry"],"yoast_head":"<!-- This site is optimized with the Yoast SEO plugin v26.0 - https:\/\/yoast.com\/wordpress\/plugins\/seo\/ -->\n<title>Conventions - Office de l&#039;Elevage et des P\u00e2turages<\/title>\n<meta name=\"robots\" content=\"index, follow, max-snippet:-1, max-image-preview:large, max-video-preview:-1\" \/>\n<link rel=\"canonical\" href=\"https:\/\/www.oep.tn\/\u0627\u062a\u0641\u0627\u0642\u064a\u0627\u062a-\u0627\u0644\u062a\u0639\u0627\u0648\u0646-\u0648\u0627\u0644\u0634\u0631\u0627\u0643\u0629-\u0641\u064a-\u0645\u062c\u0627\u0644-\u0627\u0644\u062a\/\" \/>\n<meta property=\"og:locale\" content=\"fr_FR\" \/>\n<meta property=\"og:type\" content=\"article\" \/>\n<meta property=\"og:title\" content=\"Conventions - Office de l&#039;Elevage et des P\u00e2turages\" \/>\n<meta property=\"og:description\" content=\"Projets de coop\u00e9ration dans le domaine du d\u00e9veloppement agricole\" \/>\n<meta property=\"og:url\" content=\"https:\/\/www.oep.tn\/\u0627\u062a\u0641\u0627\u0642\u064a\u0627\u062a-\u0627\u0644\u062a\u0639\u0627\u0648\u0646-\u0648\u0627\u0644\u0634\u0631\u0627\u0643\u0629-\u0641\u064a-\u0645\u062c\u0627\u0644-\u0627\u0644\u062a\/\" \/>\n<meta property=\"og:site_name\" content=\"Office de l&#039;Elevage et des P\u00e2turages\" \/>\n<meta property=\"article:modified_time\" content=\"2023-11-30T14:26:47+00:00\" \/>\n<meta name=\"twitter:card\" content=\"summary_large_image\" \/>\n<script type=\"application\/ld+json\" class=\"yoast-schema-graph\">{\"@context\":\"https:\/\/schema.org\",\"@graph\":[{\"@type\":\"WebPage\",\"@id\":\"https:\/\/www.oep.tn\/%d8%a7%d8%aa%d9%81%d8%a7%d9%82%d9%8a%d8%a7%d8%aa-%d8%a7%d9%84%d8%aa%d8%b9%d8%a7%d9%88%d9%86-%d9%88%d8%a7%d9%84%d8%b4%d8%b1%d8%a7%d9%83%d8%a9-%d9%81%d9%8a-%d9%85%d8%ac%d8%a7%d9%84-%d8%a7%d9%84%d8%aa\/\",\"url\":\"https:\/\/www.oep.tn\/%d8%a7%d8%aa%d9%81%d8%a7%d9%82%d9%8a%d8%a7%d8%aa-%d8%a7%d9%84%d8%aa%d8%b9%d8%a7%d9%88%d9%86-%d9%88%d8%a7%d9%84%d8%b4%d8%b1%d8%a7%d9%83%d8%a9-%d9%81%d9%8a-%d9%85%d8%ac%d8%a7%d9%84-%d8%a7%d9%84%d8%aa\/\",\"name\":\"Conventions - Office de l&#039;Elevage et des P\u00e2turages\",\"isPartOf\":{\"@id\":\"https:\/\/www.oep.tn\/#website\"},\"datePublished\":\"2022-07-11T12:55:24+00:00\",\"dateModified\":\"2023-11-30T14:26:47+00:00\",\"breadcrumb\":{\"@id\":\"https:\/\/www.oep.tn\/%d8%a7%d8%aa%d9%81%d8%a7%d9%82%d9%8a%d8%a7%d8%aa-%d8%a7%d9%84%d8%aa%d8%b9%d8%a7%d9%88%d9%86-%d9%88%d8%a7%d9%84%d8%b4%d8%b1%d8%a7%d9%83%d8%a9-%d9%81%d9%8a-%d9%85%d8%ac%d8%a7%d9%84-%d8%a7%d9%84%d8%aa\/#breadcrumb\"},\"inLanguage\":\"fr-FR\",\"potentialAction\":[{\"@type\":\"ReadAction\",\"target\":[\"https:\/\/www.oep.tn\/%d8%a7%d8%aa%d9%81%d8%a7%d9%82%d9%8a%d8%a7%d8%aa-%d8%a7%d9%84%d8%aa%d8%b9%d8%a7%d9%88%d9%86-%d9%88%d8%a7%d9%84%d8%b4%d8%b1%d8%a7%d9%83%d8%a9-%d9%81%d9%8a-%d9%85%d8%ac%d8%a7%d9%84-%d8%a7%d9%84%d8%aa\/\"]}]},{\"@type\":\"BreadcrumbList\",\"@id\":\"https:\/\/www.oep.tn\/%d8%a7%d8%aa%d9%81%d8%a7%d9%82%d9%8a%d8%a7%d8%aa-%d8%a7%d9%84%d8%aa%d8%b9%d8%a7%d9%88%d9%86-%d9%88%d8%a7%d9%84%d8%b4%d8%b1%d8%a7%d9%83%d8%a9-%d9%81%d9%8a-%d9%85%d8%ac%d8%a7%d9%84-%d8%a7%d9%84%d8%aa\/#breadcrumb\",\"itemListElement\":[{\"@type\":\"ListItem\",\"position\":1,\"name\":\"Accueil\",\"item\":\"https:\/\/www.oep.tn\/fr\/\"},{\"@type\":\"ListItem\",\"position\":2,\"name\":\"Conventions\"}]},{\"@type\":\"WebSite\",\"@id\":\"https:\/\/www.oep.tn\/#website\",\"url\":\"https:\/\/www.oep.tn\/\",\"name\":\"Office de l'Elevage et des P\u00e2turages\",\"description\":\"Office de l&#039;Elevage et des P\u00e2turages\",\"publisher\":{\"@id\":\"https:\/\/www.oep.tn\/#organization\"},\"alternateName\":\"Office de l'Elevage et des P\u00e2turages\",\"potentialAction\":[{\"@type\":\"SearchAction\",\"target\":{\"@type\":\"EntryPoint\",\"urlTemplate\":\"https:\/\/www.oep.tn\/?s={search_term_string}\"},\"query-input\":{\"@type\":\"PropertyValueSpecification\",\"valueRequired\":true,\"valueName\":\"search_term_string\"}}],\"inLanguage\":\"fr-FR\"},{\"@type\":\"Organization\",\"@id\":\"https:\/\/www.oep.tn\/#organization\",\"name\":\"Office de l'Elevage et des Patuages\",\"url\":\"https:\/\/www.oep.tn\/\",\"logo\":{\"@type\":\"ImageObject\",\"inLanguage\":\"fr-FR\",\"@id\":\"https:\/\/www.oep.tn\/#\/schema\/logo\/image\/\",\"url\":\"https:\/\/www.oep.tn\/wp-content\/uploads\/2022\/11\/logo-oep-arabe-2.png\",\"contentUrl\":\"https:\/\/www.oep.tn\/wp-content\/uploads\/2022\/11\/logo-oep-arabe-2.png\",\"width\":567,\"height\":142,\"caption\":\"Office de l'Elevage et des Patuages\"},\"image\":{\"@id\":\"https:\/\/www.oep.tn\/#\/schema\/logo\/image\/\"}}]}<\/script>\n<!-- \/ Yoast SEO plugin. -->","yoast_head_json":{"title":"Conventions - Office de l&#039;Elevage et des P\u00e2turages","robots":{"index":"index","follow":"follow","max-snippet":"max-snippet:-1","max-image-preview":"max-image-preview:large","max-video-preview":"max-video-preview:-1"},"canonical":"https:\/\/www.oep.tn\/\u0627\u062a\u0641\u0627\u0642\u064a\u0627\u062a-\u0627\u0644\u062a\u0639\u0627\u0648\u0646-\u0648\u0627\u0644\u0634\u0631\u0627\u0643\u0629-\u0641\u064a-\u0645\u062c\u0627\u0644-\u0627\u0644\u062a\/","og_locale":"fr_FR","og_type":"article","og_title":"Conventions - Office de l&#039;Elevage et des P\u00e2turages","og_description":"Projets de coop\u00e9ration dans le domaine du d\u00e9veloppement agricole","og_url":"https:\/\/www.oep.tn\/\u0627\u062a\u0641\u0627\u0642\u064a\u0627\u062a-\u0627\u0644\u062a\u0639\u0627\u0648\u0646-\u0648\u0627\u0644\u0634\u0631\u0627\u0643\u0629-\u0641\u064a-\u0645\u062c\u0627\u0644-\u0627\u0644\u062a\/","og_site_name":"Office de l&#039;Elevage et des P\u00e2turages","article_modified_time":"2023-11-30T14:26:47+00:00","twitter_card":"summary_large_image","schema":{"@context":"https:\/\/schema.org","@graph":[{"@type":"WebPage","@id":"https:\/\/www.oep.tn\/%d8%a7%d8%aa%d9%81%d8%a7%d9%82%d9%8a%d8%a7%d8%aa-%d8%a7%d9%84%d8%aa%d8%b9%d8%a7%d9%88%d9%86-%d9%88%d8%a7%d9%84%d8%b4%d8%b1%d8%a7%d9%83%d8%a9-%d9%81%d9%8a-%d9%85%d8%ac%d8%a7%d9%84-%d8%a7%d9%84%d8%aa\/","url":"https:\/\/www.oep.tn\/%d8%a7%d8%aa%d9%81%d8%a7%d9%82%d9%8a%d8%a7%d8%aa-%d8%a7%d9%84%d8%aa%d8%b9%d8%a7%d9%88%d9%86-%d9%88%d8%a7%d9%84%d8%b4%d8%b1%d8%a7%d9%83%d8%a9-%d9%81%d9%8a-%d9%85%d8%ac%d8%a7%d9%84-%d8%a7%d9%84%d8%aa\/","name":"Conventions - Office de l&#039;Elevage et des P\u00e2turages","isPartOf":{"@id":"https:\/\/www.oep.tn\/#website"},"datePublished":"2022-07-11T12:55:24+00:00","dateModified":"2023-11-30T14:26:47+00:00","breadcrumb":{"@id":"https:\/\/www.oep.tn\/%d8%a7%d8%aa%d9%81%d8%a7%d9%82%d9%8a%d8%a7%d8%aa-%d8%a7%d9%84%d8%aa%d8%b9%d8%a7%d9%88%d9%86-%d9%88%d8%a7%d9%84%d8%b4%d8%b1%d8%a7%d9%83%d8%a9-%d9%81%d9%8a-%d9%85%d8%ac%d8%a7%d9%84-%d8%a7%d9%84%d8%aa\/#breadcrumb"},"inLanguage":"fr-FR","potentialAction":[{"@type":"ReadAction","target":["https:\/\/www.oep.tn\/%d8%a7%d8%aa%d9%81%d8%a7%d9%82%d9%8a%d8%a7%d8%aa-%d8%a7%d9%84%d8%aa%d8%b9%d8%a7%d9%88%d9%86-%d9%88%d8%a7%d9%84%d8%b4%d8%b1%d8%a7%d9%83%d8%a9-%d9%81%d9%8a-%d9%85%d8%ac%d8%a7%d9%84-%d8%a7%d9%84%d8%aa\/"]}]},{"@type":"BreadcrumbList","@id":"https:\/\/www.oep.tn\/%d8%a7%d8%aa%d9%81%d8%a7%d9%82%d9%8a%d8%a7%d8%aa-%d8%a7%d9%84%d8%aa%d8%b9%d8%a7%d9%88%d9%86-%d9%88%d8%a7%d9%84%d8%b4%d8%b1%d8%a7%d9%83%d8%a9-%d9%81%d9%8a-%d9%85%d8%ac%d8%a7%d9%84-%d8%a7%d9%84%d8%aa\/#breadcrumb","itemListElement":[{"@type":"ListItem","position":1,"name":"Accueil","item":"https:\/\/www.oep.tn\/fr\/"},{"@type":"ListItem","position":2,"name":"Conventions"}]},{"@type":"WebSite","@id":"https:\/\/www.oep.tn\/#website","url":"https:\/\/www.oep.tn\/","name":"Office de l'Elevage et des P\u00e2turages","description":"Office de l&#039;Elevage et des P\u00e2turages","publisher":{"@id":"https:\/\/www.oep.tn\/#organization"},"alternateName":"Office de l'Elevage et des P\u00e2turages","potentialAction":[{"@type":"SearchAction","target":{"@type":"EntryPoint","urlTemplate":"https:\/\/www.oep.tn\/?s={search_term_string}"},"query-input":{"@type":"PropertyValueSpecification","valueRequired":true,"valueName":"search_term_string"}}],"inLanguage":"fr-FR"},{"@type":"Organization","@id":"https:\/\/www.oep.tn\/#organization","name":"Office de l'Elevage et des Patuages","url":"https:\/\/www.oep.tn\/","logo":{"@type":"ImageObject","inLanguage":"fr-FR","@id":"https:\/\/www.oep.tn\/#\/schema\/logo\/image\/","url":"https:\/\/www.oep.tn\/wp-content\/uploads\/2022\/11\/logo-oep-arabe-2.png","contentUrl":"https:\/\/www.oep.tn\/wp-content\/uploads\/2022\/11\/logo-oep-arabe-2.png","width":567,"height":142,"caption":"Office de l'Elevage et des Patuages"},"image":{"@id":"https:\/\/www.oep.tn\/#\/schema\/logo\/image\/"}}]}},"_links":{"self":[{"href":"https:\/\/www.oep.tn\/fr\/wp-json\/wp\/v2\/pages\/862","targetHints":{"allow":["GET"]}}],"collection":[{"href":"https:\/\/www.oep.tn\/fr\/wp-json\/wp\/v2\/pages"}],"about":[{"href":"https:\/\/www.oep.tn\/fr\/wp-json\/wp\/v2\/types\/page"}],"author":[{"embeddable":true,"href":"https:\/\/www.oep.tn\/fr\/wp-json\/wp\/v2\/users\/1"}],"replies":[{"embeddable":true,"href":"https:\/\/www.oep.tn\/fr\/wp-json\/wp\/v2\/comments?post=862"}],"version-history":[{"count":5,"href":"https:\/\/www.oep.tn\/fr\/wp-json\/wp\/v2\/pages\/862\/revisions"}],"predecessor-version":[{"id":3815,"href":"https:\/\/www.oep.tn\/fr\/wp-json\/wp\/v2\/pages\/862\/revisions\/3815"}],"wp:attachment":[{"href":"https:\/\/www.oep.tn\/fr\/wp-json\/wp\/v2\/media?parent=862"}],"curies":[{"name":"wp","href":"https:\/\/api.w.org\/{rel}","templated":true}]}}