


































































{"id":871,"date":"2022-07-11T15:14:45","date_gmt":"2022-07-11T13:14:45","guid":{"rendered":"https:\/\/www.oep.tn\/?page_id=871"},"modified":"2023-03-28T09:56:26","modified_gmt":"2023-03-28T07:56:26","slug":"livrets-genealogiques","status":"publish","type":"page","link":"https:\/\/www.oep.tn\/fr\/livrets-genealogiques\/","title":{"rendered":"Les livres g\u00e9n\u00e9alogiques"},"content":{"rendered":"\n<p><strong>Objectifs<\/strong><\/p>\n\n\n\n<p>La tenue de livrets sp\u00e9cifique aux races bovines, ovines, caprines et camelines, comportant pour chaque animal inscrit son identifiant officiel, ses ascendants et descendants, ses performances et sa morphologie.<\/p>\n\n\n\n<p><strong>Les Op\u00e9rateurs<\/strong><\/p>\n\n\n\n<p>OEP, OTD, UCPA, SMVDA, Exploitants Priv\u00e9s, SMBSA, GDA.<\/p>\n","protected":false},"excerpt":{"rendered":"<p>Objectifs La tenue de livrets sp\u00e9cifique aux races bovines, ovines, caprines et camelines, comportant pour chaque animal inscrit son identifiant officiel, ses ascendants et descendants, ses performances et sa morphologie. Les Op\u00e9rateurs OEP, OTD, UCPA, SMVDA, Exploitants Priv\u00e9s, SMBSA, GDA.<\/p>\n","protected":false},"author":1,"featured_media":0,"parent":0,"menu_order":0,"comment_status":"closed","ping_status":"closed","template":"","meta":{"_themeisle_gutenberg_block_has_review":false,"footnotes":""},"class_list":["post-871","page","type-page","status-publish","hentry"],"yoast_head":"<!-- This site is optimized with the Yoast SEO plugin v26.0 - https:\/\/yoast.com\/wordpress\/plugins\/seo\/ -->\n<title>Les livres g\u00e9n\u00e9alogiques - Office de l&#039;Elevage et des P\u00e2turages<\/title>\n<meta name=\"robots\" content=\"index, follow, max-snippet:-1, max-image-preview:large, max-video-preview:-1\" \/>\n<link rel=\"canonical\" href=\"https:\/\/www.oep.tn\/\u062f\u0641\u0627\u062a\u0631-\u0627\u0644\u0623\u0646\u0633\u0627\u0628\/\" \/>\n<meta property=\"og:locale\" content=\"fr_FR\" \/>\n<meta property=\"og:type\" content=\"article\" \/>\n<meta property=\"og:title\" content=\"Les livres g\u00e9n\u00e9alogiques - Office de l&#039;Elevage et des P\u00e2turages\" \/>\n<meta property=\"og:description\" content=\"Objectifs La tenue de livrets sp\u00e9cifique aux races bovines, ovines, caprines et camelines, comportant pour chaque animal inscrit son identifiant officiel, ses ascendants et descendants, ses performances et sa morphologie. Les Op\u00e9rateurs OEP, OTD, UCPA, SMVDA, Exploitants Priv\u00e9s, SMBSA, GDA.\" \/>\n<meta property=\"og:url\" content=\"https:\/\/www.oep.tn\/\u062f\u0641\u0627\u062a\u0631-\u0627\u0644\u0623\u0646\u0633\u0627\u0628\/\" \/>\n<meta property=\"og:site_name\" content=\"Office de l&#039;Elevage et des P\u00e2turages\" \/>\n<meta property=\"article:modified_time\" content=\"2023-03-28T07:56:26+00:00\" \/>\n<meta name=\"twitter:card\" content=\"summary_large_image\" \/>\n<script type=\"application\/ld+json\" class=\"yoast-schema-graph\">{\"@context\":\"https:\/\/schema.org\",\"@graph\":[{\"@type\":\"WebPage\",\"@id\":\"https:\/\/www.oep.tn\/%d8%af%d9%81%d8%a7%d8%aa%d8%b1-%d8%a7%d9%84%d8%a3%d9%86%d8%b3%d8%a7%d8%a8\/\",\"url\":\"https:\/\/www.oep.tn\/%d8%af%d9%81%d8%a7%d8%aa%d8%b1-%d8%a7%d9%84%d8%a3%d9%86%d8%b3%d8%a7%d8%a8\/\",\"name\":\"Les livres g\u00e9n\u00e9alogiques - Office de l&#039;Elevage et des P\u00e2turages\",\"isPartOf\":{\"@id\":\"https:\/\/www.oep.tn\/#website\"},\"datePublished\":\"2022-07-11T13:14:45+00:00\",\"dateModified\":\"2023-03-28T07:56:26+00:00\",\"breadcrumb\":{\"@id\":\"https:\/\/www.oep.tn\/%d8%af%d9%81%d8%a7%d8%aa%d8%b1-%d8%a7%d9%84%d8%a3%d9%86%d8%b3%d8%a7%d8%a8\/#breadcrumb\"},\"inLanguage\":\"fr-FR\",\"potentialAction\":[{\"@type\":\"ReadAction\",\"target\":[\"https:\/\/www.oep.tn\/%d8%af%d9%81%d8%a7%d8%aa%d8%b1-%d8%a7%d9%84%d8%a3%d9%86%d8%b3%d8%a7%d8%a8\/\"]}]},{\"@type\":\"BreadcrumbList\",\"@id\":\"https:\/\/www.oep.tn\/%d8%af%d9%81%d8%a7%d8%aa%d8%b1-%d8%a7%d9%84%d8%a3%d9%86%d8%b3%d8%a7%d8%a8\/#breadcrumb\",\"itemListElement\":[{\"@type\":\"ListItem\",\"position\":1,\"name\":\"Accueil\",\"item\":\"https:\/\/www.oep.tn\/fr\/\"},{\"@type\":\"ListItem\",\"position\":2,\"name\":\"Les livres g\u00e9n\u00e9alogiques\"}]},{\"@type\":\"WebSite\",\"@id\":\"https:\/\/www.oep.tn\/#website\",\"url\":\"https:\/\/www.oep.tn\/\",\"name\":\"Office de l'Elevage et des P\u00e2turages\",\"description\":\"Office de l&#039;Elevage et des P\u00e2turages\",\"publisher\":{\"@id\":\"https:\/\/www.oep.tn\/#organization\"},\"alternateName\":\"Office de l'Elevage et des P\u00e2turages\",\"potentialAction\":[{\"@type\":\"SearchAction\",\"target\":{\"@type\":\"EntryPoint\",\"urlTemplate\":\"https:\/\/www.oep.tn\/?s={search_term_string}\"},\"query-input\":{\"@type\":\"PropertyValueSpecification\",\"valueRequired\":true,\"valueName\":\"search_term_string\"}}],\"inLanguage\":\"fr-FR\"},{\"@type\":\"Organization\",\"@id\":\"https:\/\/www.oep.tn\/#organization\",\"name\":\"Office de l'Elevage et des Patuages\",\"url\":\"https:\/\/www.oep.tn\/\",\"logo\":{\"@type\":\"ImageObject\",\"inLanguage\":\"fr-FR\",\"@id\":\"https:\/\/www.oep.tn\/#\/schema\/logo\/image\/\",\"url\":\"https:\/\/www.oep.tn\/wp-content\/uploads\/2022\/11\/logo-oep-arabe-2.png\",\"contentUrl\":\"https:\/\/www.oep.tn\/wp-content\/uploads\/2022\/11\/logo-oep-arabe-2.png\",\"width\":567,\"height\":142,\"caption\":\"Office de l'Elevage et des Patuages\"},\"image\":{\"@id\":\"https:\/\/www.oep.tn\/#\/schema\/logo\/image\/\"}}]}<\/script>\n<!-- \/ Yoast SEO plugin. -->","yoast_head_json":{"title":"Les livres g\u00e9n\u00e9alogiques - Office de l&#039;Elevage et des P\u00e2turages","robots":{"index":"index","follow":"follow","max-snippet":"max-snippet:-1","max-image-preview":"max-image-preview:large","max-video-preview":"max-video-preview:-1"},"canonical":"https:\/\/www.oep.tn\/\u062f\u0641\u0627\u062a\u0631-\u0627\u0644\u0623\u0646\u0633\u0627\u0628\/","og_locale":"fr_FR","og_type":"article","og_title":"Les livres g\u00e9n\u00e9alogiques - Office de l&#039;Elevage et des P\u00e2turages","og_description":"Objectifs La tenue de livrets sp\u00e9cifique aux races bovines, ovines, caprines et camelines, comportant pour chaque animal inscrit son identifiant officiel, ses ascendants et descendants, ses performances et sa morphologie. Les Op\u00e9rateurs OEP, OTD, UCPA, SMVDA, Exploitants Priv\u00e9s, SMBSA, GDA.","og_url":"https:\/\/www.oep.tn\/\u062f\u0641\u0627\u062a\u0631-\u0627\u0644\u0623\u0646\u0633\u0627\u0628\/","og_site_name":"Office de l&#039;Elevage et des P\u00e2turages","article_modified_time":"2023-03-28T07:56:26+00:00","twitter_card":"summary_large_image","schema":{"@context":"https:\/\/schema.org","@graph":[{"@type":"WebPage","@id":"https:\/\/www.oep.tn\/%d8%af%d9%81%d8%a7%d8%aa%d8%b1-%d8%a7%d9%84%d8%a3%d9%86%d8%b3%d8%a7%d8%a8\/","url":"https:\/\/www.oep.tn\/%d8%af%d9%81%d8%a7%d8%aa%d8%b1-%d8%a7%d9%84%d8%a3%d9%86%d8%b3%d8%a7%d8%a8\/","name":"Les livres g\u00e9n\u00e9alogiques - Office de l&#039;Elevage et des P\u00e2turages","isPartOf":{"@id":"https:\/\/www.oep.tn\/#website"},"datePublished":"2022-07-11T13:14:45+00:00","dateModified":"2023-03-28T07:56:26+00:00","breadcrumb":{"@id":"https:\/\/www.oep.tn\/%d8%af%d9%81%d8%a7%d8%aa%d8%b1-%d8%a7%d9%84%d8%a3%d9%86%d8%b3%d8%a7%d8%a8\/#breadcrumb"},"inLanguage":"fr-FR","potentialAction":[{"@type":"ReadAction","target":["https:\/\/www.oep.tn\/%d8%af%d9%81%d8%a7%d8%aa%d8%b1-%d8%a7%d9%84%d8%a3%d9%86%d8%b3%d8%a7%d8%a8\/"]}]},{"@type":"BreadcrumbList","@id":"https:\/\/www.oep.tn\/%d8%af%d9%81%d8%a7%d8%aa%d8%b1-%d8%a7%d9%84%d8%a3%d9%86%d8%b3%d8%a7%d8%a8\/#breadcrumb","itemListElement":[{"@type":"ListItem","position":1,"name":"Accueil","item":"https:\/\/www.oep.tn\/fr\/"},{"@type":"ListItem","position":2,"name":"Les livres g\u00e9n\u00e9alogiques"}]},{"@type":"WebSite","@id":"https:\/\/www.oep.tn\/#website","url":"https:\/\/www.oep.tn\/","name":"Office de l'Elevage et des P\u00e2turages","description":"Office de l&#039;Elevage et des P\u00e2turages","publisher":{"@id":"https:\/\/www.oep.tn\/#organization"},"alternateName":"Office de l'Elevage et des P\u00e2turages","potentialAction":[{"@type":"SearchAction","target":{"@type":"EntryPoint","urlTemplate":"https:\/\/www.oep.tn\/?s={search_term_string}"},"query-input":{"@type":"PropertyValueSpecification","valueRequired":true,"valueName":"search_term_string"}}],"inLanguage":"fr-FR"},{"@type":"Organization","@id":"https:\/\/www.oep.tn\/#organization","name":"Office de l'Elevage et des Patuages","url":"https:\/\/www.oep.tn\/","logo":{"@type":"ImageObject","inLanguage":"fr-FR","@id":"https:\/\/www.oep.tn\/#\/schema\/logo\/image\/","url":"https:\/\/www.oep.tn\/wp-content\/uploads\/2022\/11\/logo-oep-arabe-2.png","contentUrl":"https:\/\/www.oep.tn\/wp-content\/uploads\/2022\/11\/logo-oep-arabe-2.png","width":567,"height":142,"caption":"Office de l'Elevage et des Patuages"},"image":{"@id":"https:\/\/www.oep.tn\/#\/schema\/logo\/image\/"}}]}},"_links":{"self":[{"href":"https:\/\/www.oep.tn\/fr\/wp-json\/wp\/v2\/pages\/871","targetHints":{"allow":["GET"]}}],"collection":[{"href":"https:\/\/www.oep.tn\/fr\/wp-json\/wp\/v2\/pages"}],"about":[{"href":"https:\/\/www.oep.tn\/fr\/wp-json\/wp\/v2\/types\/page"}],"author":[{"embeddable":true,"href":"https:\/\/www.oep.tn\/fr\/wp-json\/wp\/v2\/users\/1"}],"replies":[{"embeddable":true,"href":"https:\/\/www.oep.tn\/fr\/wp-json\/wp\/v2\/comments?post=871"}],"version-history":[{"count":7,"href":"https:\/\/www.oep.tn\/fr\/wp-json\/wp\/v2\/pages\/871\/revisions"}],"predecessor-version":[{"id":3350,"href":"https:\/\/www.oep.tn\/fr\/wp-json\/wp\/v2\/pages\/871\/revisions\/3350"}],"wp:attachment":[{"href":"https:\/\/www.oep.tn\/fr\/wp-json\/wp\/v2\/media?parent=871"}],"curies":[{"name":"wp","href":"https:\/\/api.w.org\/{rel}","templated":true}]}}