


































































{"id":877,"date":"2022-07-11T15:23:53","date_gmt":"2022-07-11T13:23:53","guid":{"rendered":"https:\/\/www.oep.tn\/?page_id=877"},"modified":"2024-12-26T10:41:55","modified_gmt":"2024-12-26T09:41:55","slug":"genisse","status":"publish","type":"page","link":"https:\/\/www.oep.tn\/fr\/genisse\/","title":{"rendered":"Centres d\u2019\u00e9levage des g\u00e9nisses"},"content":{"rendered":"\n<h5 class=\"wp-block-heading\"><strong><span class=\"has-inline-color has-thr-acc-color\">Promotion de la production des g\u00e9nisses de race pure<\/span><\/strong><\/h5>\n\n\n\n<p>L\u2019office de l\u2019\u00e9levage et des p\u00e2turages joue un r\u00f4le important dans le d\u00e9veloppement du secteur de l\u2019\u00e9levage des g\u00e9nisses et ce \u00e0 travers la mise en \u0153uvre des diff\u00e9rents \u00e9l\u00e9ments de la strat\u00e9gie nationale de la promotion de l\u2019\u00e9levage des g\u00e9nisses de la race pure en Tunisie. Cette strat\u00e9gie a \u00e9t\u00e9 approuv\u00e9 le 20 janvier 1999 suite au quel des comit\u00e9s r\u00e9gionales et centrale ont \u00e9t\u00e9 cr\u00e9e pour l\u2019organisation et le suivi de ce secteur. L\u2019office de l\u2019\u00e9levage et des p\u00e2turages est repr\u00e9sent\u00e9 dans ces diff\u00e9rents comit\u00e9s et il est charg\u00e9 de la gestion de la subvention octroy\u00e9e aux centres agr\u00e9\u00e9s pour l\u2019\u00e9levage et la commercialisation des g\u00e9nisses pleines de race pure.<\/p>\n\n\n\n<p>Les principaux objectifs de la strat\u00e9gie nationale de la promotion des l\u2019\u00e9levage des g\u00e9nisses sont r\u00e9sum\u00e9s comme suit :<\/p>\n\n\n\n<ul class=\"wp-block-list\">\n<li>Satisfaire le besoin national en mati\u00e8re de g\u00e9nisse de race pure de qualit\u00e9 pour le remplacement et l\u2019augmentation de l\u2019effectif&nbsp;;<\/li>\n\n\n\n<li>Produire suffisamment de g\u00e9nisse pour r\u00e9pondre aux besoins du secteur organis\u00e9&nbsp;;<\/li>\n\n\n\n<li>Cr\u00e9ation d\u2019un march\u00e9 local de g\u00e9nisse de race pure de qualit\u00e9 pour satisfaire les besoins des programmes de d\u00e9veloppements notamment dans les p\u00e9rim\u00e8tres irrigu\u00e9s.<\/li>\n<\/ul>\n\n\n\n<p>L\u2019activit\u00e9 d\u2019\u00e9levage et de commercialisation des g\u00e9nisses de race pure n\u00e9e en Tunisie est exerc\u00e9e conform\u00e9ment au <strong>D\u00e9cret n\u00b0775 de l\u2019ann\u00e9e 2001<\/strong>, dat\u00e9 du 29 mars 2001 et le <strong>Cahier des Charges<\/strong> approuv\u00e9 par un arr\u00eat\u00e9 du ministre charg\u00e9 de l&#8217;agriculture publi\u00e9 dans la JORT &nbsp;du <strong>20 avril 2001.<\/strong><\/p>\n\n\n\n<p>Il est \u00e0 noter que la strat\u00e9gie de l\u2019\u00e9levage des g\u00e9nisses pures a \u00e9t\u00e9 r\u00e9vis\u00e9e en 2008 tout en maintenant les m\u00eames objectifs. Les principales modifications qui ont \u00e9t\u00e9 apport\u00e9es \u00e0 la strat\u00e9gie ont \u00e9t\u00e9 l\u2019objet du circulaire n\u00b0119 du 9 juin 2008 et qui sont comme suit:<\/p>\n\n\n\n<ul class=\"wp-block-list\">\n<li>Reclassement des g\u00e9nisses en deux cat\u00e9gories au lieu des cinq stipul\u00e9s dans le cahier des charges avec l\u2019adoption des conditions techniques et sanitaires mentionn\u00e9es dans ladite circulaire,<\/li>\n\n\n\n<li>R\u00e9vision de la valeur de la subvention incitative attribu\u00e9e aux diff\u00e9rentes cat\u00e9gories de la mani\u00e8re suivante&nbsp;: 300 dt (cat\u00e9gorie 2 B) et 500 dt (cat\u00e9gorie 2A) au lieu de 100dt et 700dt (cat\u00e9gorie 1) au lieu de 300 dt,<\/li>\n\n\n\n<li>Simplifier les modalit\u00e9s et les proc\u00e9dures d\u2019octroi de la subvention.<\/li>\n<\/ul>\n\n\n\n<p>Dans ce contexte, et pour atteindre les objectifs de la strat\u00e9gie notamment la promotion de ce secteur, l\u2019office de l\u2019\u00e9levage&nbsp;et des P\u00e2turages proc\u00e8de \u00e0:<\/p>\n\n\n\n<ul class=\"wp-block-list\">\n<li>L\u2019Encadrement des centres de g\u00e9nisses agr\u00e9\u00e9s.<\/li>\n\n\n\n<li>Le Suivi mensuel&nbsp; de la production des centres des g\u00e9nisses agr\u00e9\u00e9s \u00e0 travers le suivi des mouvements des animaux par cat\u00e9gorie et la production des g\u00e9nisses;<\/li>\n\n\n\n<li>Le Suivi de la production et la destination des produits, commercialisation ou remplacement, au sein des centres et aupr\u00e8s des \u00e9leveurs encadr\u00e9s dans le cadre des diff\u00e9rents programmes de l\u2019office de l\u2019\u00e9levage et des p\u00e2turages&nbsp;;<\/li>\n\n\n\n<li>La Fourniture de la semence gratuitement&nbsp; au centre d\u2019\u00e9levage des g\u00e9nisses agr\u00e9\u00e9s et c\u2019est pour la premi\u00e8re ins\u00e9mination&nbsp;;<\/li>\n\n\n\n<li>L\u2019Approvisionnement des centres d\u2019\u00e9levage des g\u00e9nisses par des semences sex\u00e9es&nbsp;;<\/li>\n\n\n\n<li>La Mise \u00e0 la disposition des centres d\u2019\u00e9levage des g\u00e9nisses des plateformes de pes\u00e9e pour le suivi de la croissance&nbsp;;<\/li>\n\n\n\n<li>La Gestion de la subvention incitative pour la production et la commercialisation des g\u00e9nisses de race pure n\u00e9es et \u00e9lev\u00e9es en Tunisie &nbsp;(etude et validation des dossiers \u00e0 l\u2019\u00e9chelle r\u00e9gionale et centrale, validation finale et versement de la subvention \u00e0 l\u2019\u00e9chelle centrale,\u2026).<\/li>\n<\/ul>\n\n\n\n<p>De m\u00eame, l\u2019OEP assure le suivi des g\u00e9nisses de race pure import\u00e9es \u00e0 travers&nbsp;:<\/p>\n\n\n\n<ul class=\"wp-block-list\">\n<li> Identification syst\u00e9matique des animaux import\u00e9s au niveau des centres de quarantaine et suivi leurs destinations,<\/li>\n\n\n\n<li>Enregistrement des animaux import\u00e9s dans le Herd-book (registre national g\u00e9n\u00e9alogique),<\/li>\n\n\n\n<li>Assistance technique et suivi des troupeaux import\u00e9s et ceux par leurs int\u00e9gration dans le programme de contr\u00f4le des performances (contr\u00f4le laitier) directement apr\u00e8s la fin de la p\u00e9riode de quarantaine<\/li>\n<\/ul>\n\n\n\n<p>En application du circulaire n\u00b061 du 16 mars 2005 du ministre de l\u2019agriculture et des ressources hydraulique relatif \u00e0 la commercialisation des descendant des g\u00e9nisses import\u00e9es d\u2019Europe, l\u2019office de l\u2019\u00e9levage et des p\u00e2turages est appel\u00e9 \u00e0&nbsp;:<\/p>\n\n\n\n<ul class=\"wp-block-list\">\n<li>Faire le suivi des descendants des g\u00e9nisses import\u00e9es et informer les autorit\u00e9s comp\u00e9tentes mensuellement de leurs mouvements.<\/li>\n\n\n\n<li>D\u00e9terminer les cas de d\u00e9c\u00e8s et leurs circonstances et informer p\u00e9riodiquement les autorit\u00e9s comp\u00e9tentes des cas enregistr\u00e9s.<\/li>\n<\/ul>\n","protected":false},"excerpt":{"rendered":"<p>Promotion de la production des g\u00e9nisses de race pure L\u2019office de l\u2019\u00e9levage et des p\u00e2turages joue un r\u00f4le important dans le d\u00e9veloppement du secteur de l\u2019\u00e9levage des g\u00e9nisses et ce \u00e0 travers la mise en \u0153uvre des diff\u00e9rents \u00e9l\u00e9ments de la strat\u00e9gie nationale de la promotion de l\u2019\u00e9levage des g\u00e9nisses de la race pure en [&hellip;]<\/p>\n","protected":false},"author":1,"featured_media":0,"parent":0,"menu_order":0,"comment_status":"closed","ping_status":"closed","template":"","meta":{"_themeisle_gutenberg_block_has_review":false,"footnotes":""},"class_list":["post-877","page","type-page","status-publish","hentry"],"yoast_head":"<!-- This site is optimized with the Yoast SEO plugin v26.0 - https:\/\/yoast.com\/wordpress\/plugins\/seo\/ -->\n<title>Centres d\u2019\u00e9levage des g\u00e9nisses - Office de l&#039;Elevage et des P\u00e2turages<\/title>\n<meta name=\"robots\" content=\"index, follow, max-snippet:-1, max-image-preview:large, max-video-preview:-1\" \/>\n<link rel=\"canonical\" href=\"https:\/\/www.oep.tn\/fr\/genisse\/\" \/>\n<meta property=\"og:locale\" content=\"fr_FR\" \/>\n<meta property=\"og:type\" content=\"article\" \/>\n<meta property=\"og:title\" content=\"Centres d\u2019\u00e9levage des g\u00e9nisses - Office de l&#039;Elevage et des P\u00e2turages\" \/>\n<meta property=\"og:description\" content=\"Promotion de la production des g\u00e9nisses de race pure L\u2019office de l\u2019\u00e9levage et des p\u00e2turages joue un r\u00f4le important dans le d\u00e9veloppement du secteur de l\u2019\u00e9levage des g\u00e9nisses et ce \u00e0 travers la mise en \u0153uvre des diff\u00e9rents \u00e9l\u00e9ments de la strat\u00e9gie nationale de la promotion de l\u2019\u00e9levage des g\u00e9nisses de la race pure en [&hellip;]\" \/>\n<meta property=\"og:url\" content=\"https:\/\/www.oep.tn\/fr\/genisse\/\" \/>\n<meta property=\"og:site_name\" content=\"Office de l&#039;Elevage et des P\u00e2turages\" \/>\n<meta property=\"article:modified_time\" content=\"2024-12-26T09:41:55+00:00\" \/>\n<meta name=\"twitter:card\" content=\"summary_large_image\" \/>\n<meta name=\"twitter:label1\" content=\"Dur\u00e9e de lecture estim\u00e9e\" \/>\n\t<meta name=\"twitter:data1\" content=\"4 minutes\" \/>\n<script type=\"application\/ld+json\" class=\"yoast-schema-graph\">{\"@context\":\"https:\/\/schema.org\",\"@graph\":[{\"@type\":\"WebPage\",\"@id\":\"https:\/\/www.oep.tn\/fr\/genisse\/\",\"url\":\"https:\/\/www.oep.tn\/fr\/genisse\/\",\"name\":\"Centres d\u2019\u00e9levage des g\u00e9nisses - Office de l&#039;Elevage et des P\u00e2turages\",\"isPartOf\":{\"@id\":\"https:\/\/www.oep.tn\/#website\"},\"datePublished\":\"2022-07-11T13:23:53+00:00\",\"dateModified\":\"2024-12-26T09:41:55+00:00\",\"breadcrumb\":{\"@id\":\"https:\/\/www.oep.tn\/fr\/genisse\/#breadcrumb\"},\"inLanguage\":\"fr-FR\",\"potentialAction\":[{\"@type\":\"ReadAction\",\"target\":[\"https:\/\/www.oep.tn\/fr\/genisse\/\"]}]},{\"@type\":\"BreadcrumbList\",\"@id\":\"https:\/\/www.oep.tn\/fr\/genisse\/#breadcrumb\",\"itemListElement\":[{\"@type\":\"ListItem\",\"position\":1,\"name\":\"Accueil\",\"item\":\"https:\/\/www.oep.tn\/fr\/\"},{\"@type\":\"ListItem\",\"position\":2,\"name\":\"Centres d\u2019\u00e9levage des g\u00e9nisses\"}]},{\"@type\":\"WebSite\",\"@id\":\"https:\/\/www.oep.tn\/#website\",\"url\":\"https:\/\/www.oep.tn\/\",\"name\":\"Office de l'Elevage et des P\u00e2turages\",\"description\":\"Office de l&#039;Elevage et des P\u00e2turages\",\"publisher\":{\"@id\":\"https:\/\/www.oep.tn\/#organization\"},\"alternateName\":\"Office de l'Elevage et des P\u00e2turages\",\"potentialAction\":[{\"@type\":\"SearchAction\",\"target\":{\"@type\":\"EntryPoint\",\"urlTemplate\":\"https:\/\/www.oep.tn\/?s={search_term_string}\"},\"query-input\":{\"@type\":\"PropertyValueSpecification\",\"valueRequired\":true,\"valueName\":\"search_term_string\"}}],\"inLanguage\":\"fr-FR\"},{\"@type\":\"Organization\",\"@id\":\"https:\/\/www.oep.tn\/#organization\",\"name\":\"Office de l'Elevage et des Patuages\",\"url\":\"https:\/\/www.oep.tn\/\",\"logo\":{\"@type\":\"ImageObject\",\"inLanguage\":\"fr-FR\",\"@id\":\"https:\/\/www.oep.tn\/#\/schema\/logo\/image\/\",\"url\":\"https:\/\/www.oep.tn\/wp-content\/uploads\/2022\/11\/logo-oep-arabe-2.png\",\"contentUrl\":\"https:\/\/www.oep.tn\/wp-content\/uploads\/2022\/11\/logo-oep-arabe-2.png\",\"width\":567,\"height\":142,\"caption\":\"Office de l'Elevage et des Patuages\"},\"image\":{\"@id\":\"https:\/\/www.oep.tn\/#\/schema\/logo\/image\/\"}}]}<\/script>\n<!-- \/ Yoast SEO plugin. -->","yoast_head_json":{"title":"Centres d\u2019\u00e9levage des g\u00e9nisses - Office de l&#039;Elevage et des P\u00e2turages","robots":{"index":"index","follow":"follow","max-snippet":"max-snippet:-1","max-image-preview":"max-image-preview:large","max-video-preview":"max-video-preview:-1"},"canonical":"https:\/\/www.oep.tn\/fr\/genisse\/","og_locale":"fr_FR","og_type":"article","og_title":"Centres d\u2019\u00e9levage des g\u00e9nisses - Office de l&#039;Elevage et des P\u00e2turages","og_description":"Promotion de la production des g\u00e9nisses de race pure L\u2019office de l\u2019\u00e9levage et des p\u00e2turages joue un r\u00f4le important dans le d\u00e9veloppement du secteur de l\u2019\u00e9levage des g\u00e9nisses et ce \u00e0 travers la mise en \u0153uvre des diff\u00e9rents \u00e9l\u00e9ments de la strat\u00e9gie nationale de la promotion de l\u2019\u00e9levage des g\u00e9nisses de la race pure en [&hellip;]","og_url":"https:\/\/www.oep.tn\/fr\/genisse\/","og_site_name":"Office de l&#039;Elevage et des P\u00e2turages","article_modified_time":"2024-12-26T09:41:55+00:00","twitter_card":"summary_large_image","twitter_misc":{"Dur\u00e9e de lecture estim\u00e9e":"4 minutes"},"schema":{"@context":"https:\/\/schema.org","@graph":[{"@type":"WebPage","@id":"https:\/\/www.oep.tn\/fr\/genisse\/","url":"https:\/\/www.oep.tn\/fr\/genisse\/","name":"Centres d\u2019\u00e9levage des g\u00e9nisses - Office de l&#039;Elevage et des P\u00e2turages","isPartOf":{"@id":"https:\/\/www.oep.tn\/#website"},"datePublished":"2022-07-11T13:23:53+00:00","dateModified":"2024-12-26T09:41:55+00:00","breadcrumb":{"@id":"https:\/\/www.oep.tn\/fr\/genisse\/#breadcrumb"},"inLanguage":"fr-FR","potentialAction":[{"@type":"ReadAction","target":["https:\/\/www.oep.tn\/fr\/genisse\/"]}]},{"@type":"BreadcrumbList","@id":"https:\/\/www.oep.tn\/fr\/genisse\/#breadcrumb","itemListElement":[{"@type":"ListItem","position":1,"name":"Accueil","item":"https:\/\/www.oep.tn\/fr\/"},{"@type":"ListItem","position":2,"name":"Centres d\u2019\u00e9levage des g\u00e9nisses"}]},{"@type":"WebSite","@id":"https:\/\/www.oep.tn\/#website","url":"https:\/\/www.oep.tn\/","name":"Office de l'Elevage et des P\u00e2turages","description":"Office de l&#039;Elevage et des P\u00e2turages","publisher":{"@id":"https:\/\/www.oep.tn\/#organization"},"alternateName":"Office de l'Elevage et des P\u00e2turages","potentialAction":[{"@type":"SearchAction","target":{"@type":"EntryPoint","urlTemplate":"https:\/\/www.oep.tn\/?s={search_term_string}"},"query-input":{"@type":"PropertyValueSpecification","valueRequired":true,"valueName":"search_term_string"}}],"inLanguage":"fr-FR"},{"@type":"Organization","@id":"https:\/\/www.oep.tn\/#organization","name":"Office de l'Elevage et des Patuages","url":"https:\/\/www.oep.tn\/","logo":{"@type":"ImageObject","inLanguage":"fr-FR","@id":"https:\/\/www.oep.tn\/#\/schema\/logo\/image\/","url":"https:\/\/www.oep.tn\/wp-content\/uploads\/2022\/11\/logo-oep-arabe-2.png","contentUrl":"https:\/\/www.oep.tn\/wp-content\/uploads\/2022\/11\/logo-oep-arabe-2.png","width":567,"height":142,"caption":"Office de l'Elevage et des Patuages"},"image":{"@id":"https:\/\/www.oep.tn\/#\/schema\/logo\/image\/"}}]}},"_links":{"self":[{"href":"https:\/\/www.oep.tn\/fr\/wp-json\/wp\/v2\/pages\/877","targetHints":{"allow":["GET"]}}],"collection":[{"href":"https:\/\/www.oep.tn\/fr\/wp-json\/wp\/v2\/pages"}],"about":[{"href":"https:\/\/www.oep.tn\/fr\/wp-json\/wp\/v2\/types\/page"}],"author":[{"embeddable":true,"href":"https:\/\/www.oep.tn\/fr\/wp-json\/wp\/v2\/users\/1"}],"replies":[{"embeddable":true,"href":"https:\/\/www.oep.tn\/fr\/wp-json\/wp\/v2\/comments?post=877"}],"version-history":[{"count":5,"href":"https:\/\/www.oep.tn\/fr\/wp-json\/wp\/v2\/pages\/877\/revisions"}],"predecessor-version":[{"id":4606,"href":"https:\/\/www.oep.tn\/fr\/wp-json\/wp\/v2\/pages\/877\/revisions\/4606"}],"wp:attachment":[{"href":"https:\/\/www.oep.tn\/fr\/wp-json\/wp\/v2\/media?parent=877"}],"curies":[{"name":"wp","href":"https:\/\/api.w.org\/{rel}","templated":true}]}}