


































































{"id":882,"date":"2022-07-12T12:16:35","date_gmt":"2022-07-12T10:16:35","guid":{"rendered":"https:\/\/www.oep.tn\/?page_id=882"},"modified":"2023-03-01T12:06:18","modified_gmt":"2023-03-01T11:06:18","slug":"engraissement","status":"publish","type":"page","link":"https:\/\/www.oep.tn\/fr\/engraissement\/","title":{"rendered":"Bovins viandes"},"content":{"rendered":"\n<h5 class=\"wp-block-heading\"><strong><span class=\"has-inline-color has-thr-acc-color\">Programme de l\u2019encadrement des ateliers d\u2019engraissement des veaux<\/span><\/strong><\/h5>\n\n\n\n<p><strong>Ce programme a pour objectif de\u00a0:<\/strong><\/p>\n\n\n\n<i class=\"fa fa-chevron-right\" style=\"color: #81d742\"><\/i>Augmenter la productivit\u00e9 des troupeaux de viande bovine<\/p>\n\n\n\n<i class=\"fa fa-chevron-right\" style=\"color: #81d742\"><\/i> Contribuer \u00e0 atteindre l\u2019autosuffisance en ce produit<\/p>\n\n\n\n<i class=\"fa fa-chevron-right\" style=\"color: #81d742\"><\/i> Am\u00e9liorer la rentabilit\u00e9 de l\u2019engraissement&nbsp; des veaux pour assurer la continuit\u00e9 de cette activit\u00e9.<\/p>\n\n\n\n<i class=\"fa fa-chevron-right\" style=\"color: #81d742\"><\/i> Contr\u00f4ler les prix de production de viande et am\u00e9liorer sa qualit\u00e9.<\/p>\n\n\n\n<i class=\"fa fa-chevron-right\" style=\"color: #81d742\"><\/i> D\u00e9velopper la comp\u00e9titivit\u00e9 de la production nationale de viande bovine.<\/p>\n\n\n\n<p>Et ceux par&nbsp;:<\/p>\n\n\n\n<i class=\"fa fa-chevron-right\" style=\"color: #81d742\"><\/i> Mettre \u00e0 la disposition des \u00e9leveurs des r\u00e9f\u00e9rences technico-\u00e9conomique.<\/p>\n\n\n\n<i class=\"fa fa-chevron-right\" style=\"color: #81d742\"><\/i> Emettre les rapports techniques et \u00e9valuer les r\u00e9sultats.<\/p>\n\n\n\n<i class=\"fa fa-chevron-right\" style=\"color: #81d742\"><\/i> Encadrement technique des \u00e9leveurs.<\/p>\n\n\n\n<i class=\"fa fa-chevron-right\" style=\"color: #81d742\"><\/i> Analyser la valeur nutritionnelle des aliments (aliments grossiers, aliment concentr\u00e9\u2026).<\/p>\n\n\n\n<i class=\"fa fa-chevron-right\" style=\"color: #81d742\"><\/i> Fournir les semences animales ad\u00e9quates aux diff\u00e9rentes races.<\/p>\n\n\n\n<i class=\"fa fa-chevron-right\" style=\"color: #81d742\"><\/i> Suivi de croissance des animaux issus de croisement industriel et d\u2019absorption.<\/p>\n\n\n\n<i class=\"fa fa-chevron-right\" style=\"color: #81d742\"><\/i> Mise \u00e0 la disposition des \u00e9leveurs de balances pour le suivi de la croissance des veaux et des v\u00eales.<\/p>\n","protected":false},"excerpt":{"rendered":"<p>Programme de l\u2019encadrement des ateliers d\u2019engraissement des veaux Ce programme a pour objectif de\u00a0: Augmenter la productivit\u00e9 des troupeaux de viande bovine Contribuer \u00e0 atteindre l\u2019autosuffisance en ce produit Am\u00e9liorer la rentabilit\u00e9 de l\u2019engraissement&nbsp; des veaux pour assurer la continuit\u00e9 de cette activit\u00e9. Contr\u00f4ler les prix de production de viande et am\u00e9liorer sa qualit\u00e9. D\u00e9velopper [&hellip;]<\/p>\n","protected":false},"author":1,"featured_media":0,"parent":0,"menu_order":0,"comment_status":"closed","ping_status":"closed","template":"","meta":{"_themeisle_gutenberg_block_has_review":false,"footnotes":""},"class_list":["post-882","page","type-page","status-publish","hentry"],"yoast_head":"<!-- This site is optimized with the Yoast SEO plugin v26.0 - https:\/\/yoast.com\/wordpress\/plugins\/seo\/ -->\n<title>Bovins viandes - Office de l&#039;Elevage et des P\u00e2turages<\/title>\n<meta name=\"robots\" content=\"index, follow, max-snippet:-1, max-image-preview:large, max-video-preview:-1\" \/>\n<link rel=\"canonical\" href=\"https:\/\/www.oep.tn\/\u0628\u0631\u0646\u0627\u0645\u062c-\u0627\u0644\u0625\u062d\u0627\u0637\u0629-\u0627\u0644\u0641\u0646\u064a\u0629-\u0627\u0644\u0645\u0643\u062b\u0641\u0629-\u0644\u0648\u0631\u0634\u0627\u062a\/\" \/>\n<meta property=\"og:locale\" content=\"fr_FR\" \/>\n<meta property=\"og:type\" content=\"article\" \/>\n<meta property=\"og:title\" content=\"Bovins viandes - Office de l&#039;Elevage et des P\u00e2turages\" \/>\n<meta property=\"og:description\" content=\"Programme de l\u2019encadrement des ateliers d\u2019engraissement des veaux Ce programme a pour objectif de\u00a0: Augmenter la productivit\u00e9 des troupeaux de viande bovine Contribuer \u00e0 atteindre l\u2019autosuffisance en ce produit Am\u00e9liorer la rentabilit\u00e9 de l\u2019engraissement&nbsp; des veaux pour assurer la continuit\u00e9 de cette activit\u00e9. Contr\u00f4ler les prix de production de viande et am\u00e9liorer sa qualit\u00e9. D\u00e9velopper [&hellip;]\" \/>\n<meta property=\"og:url\" content=\"https:\/\/www.oep.tn\/\u0628\u0631\u0646\u0627\u0645\u062c-\u0627\u0644\u0625\u062d\u0627\u0637\u0629-\u0627\u0644\u0641\u0646\u064a\u0629-\u0627\u0644\u0645\u0643\u062b\u0641\u0629-\u0644\u0648\u0631\u0634\u0627\u062a\/\" \/>\n<meta property=\"og:site_name\" content=\"Office de l&#039;Elevage et des P\u00e2turages\" \/>\n<meta property=\"article:modified_time\" content=\"2023-03-01T11:06:18+00:00\" \/>\n<meta name=\"twitter:card\" content=\"summary_large_image\" \/>\n<meta name=\"twitter:label1\" content=\"Dur\u00e9e de lecture estim\u00e9e\" \/>\n\t<meta name=\"twitter:data1\" content=\"1 minute\" \/>\n<script type=\"application\/ld+json\" class=\"yoast-schema-graph\">{\"@context\":\"https:\/\/schema.org\",\"@graph\":[{\"@type\":\"WebPage\",\"@id\":\"https:\/\/www.oep.tn\/%d8%a8%d8%b1%d9%86%d8%a7%d9%85%d8%ac-%d8%a7%d9%84%d8%a5%d8%ad%d8%a7%d8%b7%d8%a9-%d8%a7%d9%84%d9%81%d9%86%d9%8a%d8%a9-%d8%a7%d9%84%d9%85%d9%83%d8%ab%d9%81%d8%a9-%d9%84%d9%88%d8%b1%d8%b4%d8%a7%d8%aa\/\",\"url\":\"https:\/\/www.oep.tn\/%d8%a8%d8%b1%d9%86%d8%a7%d9%85%d8%ac-%d8%a7%d9%84%d8%a5%d8%ad%d8%a7%d8%b7%d8%a9-%d8%a7%d9%84%d9%81%d9%86%d9%8a%d8%a9-%d8%a7%d9%84%d9%85%d9%83%d8%ab%d9%81%d8%a9-%d9%84%d9%88%d8%b1%d8%b4%d8%a7%d8%aa\/\",\"name\":\"Bovins viandes - Office de l&#039;Elevage et des P\u00e2turages\",\"isPartOf\":{\"@id\":\"https:\/\/www.oep.tn\/#website\"},\"datePublished\":\"2022-07-12T10:16:35+00:00\",\"dateModified\":\"2023-03-01T11:06:18+00:00\",\"breadcrumb\":{\"@id\":\"https:\/\/www.oep.tn\/%d8%a8%d8%b1%d9%86%d8%a7%d9%85%d8%ac-%d8%a7%d9%84%d8%a5%d8%ad%d8%a7%d8%b7%d8%a9-%d8%a7%d9%84%d9%81%d9%86%d9%8a%d8%a9-%d8%a7%d9%84%d9%85%d9%83%d8%ab%d9%81%d8%a9-%d9%84%d9%88%d8%b1%d8%b4%d8%a7%d8%aa\/#breadcrumb\"},\"inLanguage\":\"fr-FR\",\"potentialAction\":[{\"@type\":\"ReadAction\",\"target\":[\"https:\/\/www.oep.tn\/%d8%a8%d8%b1%d9%86%d8%a7%d9%85%d8%ac-%d8%a7%d9%84%d8%a5%d8%ad%d8%a7%d8%b7%d8%a9-%d8%a7%d9%84%d9%81%d9%86%d9%8a%d8%a9-%d8%a7%d9%84%d9%85%d9%83%d8%ab%d9%81%d8%a9-%d9%84%d9%88%d8%b1%d8%b4%d8%a7%d8%aa\/\"]}]},{\"@type\":\"BreadcrumbList\",\"@id\":\"https:\/\/www.oep.tn\/%d8%a8%d8%b1%d9%86%d8%a7%d9%85%d8%ac-%d8%a7%d9%84%d8%a5%d8%ad%d8%a7%d8%b7%d8%a9-%d8%a7%d9%84%d9%81%d9%86%d9%8a%d8%a9-%d8%a7%d9%84%d9%85%d9%83%d8%ab%d9%81%d8%a9-%d9%84%d9%88%d8%b1%d8%b4%d8%a7%d8%aa\/#breadcrumb\",\"itemListElement\":[{\"@type\":\"ListItem\",\"position\":1,\"name\":\"Accueil\",\"item\":\"https:\/\/www.oep.tn\/fr\/\"},{\"@type\":\"ListItem\",\"position\":2,\"name\":\"Bovins viandes\"}]},{\"@type\":\"WebSite\",\"@id\":\"https:\/\/www.oep.tn\/#website\",\"url\":\"https:\/\/www.oep.tn\/\",\"name\":\"Office de l'Elevage et des P\u00e2turages\",\"description\":\"Office de l&#039;Elevage et des P\u00e2turages\",\"publisher\":{\"@id\":\"https:\/\/www.oep.tn\/#organization\"},\"alternateName\":\"Office de l'Elevage et des P\u00e2turages\",\"potentialAction\":[{\"@type\":\"SearchAction\",\"target\":{\"@type\":\"EntryPoint\",\"urlTemplate\":\"https:\/\/www.oep.tn\/?s={search_term_string}\"},\"query-input\":{\"@type\":\"PropertyValueSpecification\",\"valueRequired\":true,\"valueName\":\"search_term_string\"}}],\"inLanguage\":\"fr-FR\"},{\"@type\":\"Organization\",\"@id\":\"https:\/\/www.oep.tn\/#organization\",\"name\":\"Office de l'Elevage et des Patuages\",\"url\":\"https:\/\/www.oep.tn\/\",\"logo\":{\"@type\":\"ImageObject\",\"inLanguage\":\"fr-FR\",\"@id\":\"https:\/\/www.oep.tn\/#\/schema\/logo\/image\/\",\"url\":\"https:\/\/www.oep.tn\/wp-content\/uploads\/2022\/11\/logo-oep-arabe-2.png\",\"contentUrl\":\"https:\/\/www.oep.tn\/wp-content\/uploads\/2022\/11\/logo-oep-arabe-2.png\",\"width\":567,\"height\":142,\"caption\":\"Office de l'Elevage et des Patuages\"},\"image\":{\"@id\":\"https:\/\/www.oep.tn\/#\/schema\/logo\/image\/\"}}]}<\/script>\n<!-- \/ Yoast SEO plugin. -->","yoast_head_json":{"title":"Bovins viandes - Office de l&#039;Elevage et des P\u00e2turages","robots":{"index":"index","follow":"follow","max-snippet":"max-snippet:-1","max-image-preview":"max-image-preview:large","max-video-preview":"max-video-preview:-1"},"canonical":"https:\/\/www.oep.tn\/\u0628\u0631\u0646\u0627\u0645\u062c-\u0627\u0644\u0625\u062d\u0627\u0637\u0629-\u0627\u0644\u0641\u0646\u064a\u0629-\u0627\u0644\u0645\u0643\u062b\u0641\u0629-\u0644\u0648\u0631\u0634\u0627\u062a\/","og_locale":"fr_FR","og_type":"article","og_title":"Bovins viandes - Office de l&#039;Elevage et des P\u00e2turages","og_description":"Programme de l\u2019encadrement des ateliers d\u2019engraissement des veaux Ce programme a pour objectif de\u00a0: Augmenter la productivit\u00e9 des troupeaux de viande bovine Contribuer \u00e0 atteindre l\u2019autosuffisance en ce produit Am\u00e9liorer la rentabilit\u00e9 de l\u2019engraissement&nbsp; des veaux pour assurer la continuit\u00e9 de cette activit\u00e9. Contr\u00f4ler les prix de production de viande et am\u00e9liorer sa qualit\u00e9. D\u00e9velopper [&hellip;]","og_url":"https:\/\/www.oep.tn\/\u0628\u0631\u0646\u0627\u0645\u062c-\u0627\u0644\u0625\u062d\u0627\u0637\u0629-\u0627\u0644\u0641\u0646\u064a\u0629-\u0627\u0644\u0645\u0643\u062b\u0641\u0629-\u0644\u0648\u0631\u0634\u0627\u062a\/","og_site_name":"Office de l&#039;Elevage et des P\u00e2turages","article_modified_time":"2023-03-01T11:06:18+00:00","twitter_card":"summary_large_image","twitter_misc":{"Dur\u00e9e de lecture estim\u00e9e":"1 minute"},"schema":{"@context":"https:\/\/schema.org","@graph":[{"@type":"WebPage","@id":"https:\/\/www.oep.tn\/%d8%a8%d8%b1%d9%86%d8%a7%d9%85%d8%ac-%d8%a7%d9%84%d8%a5%d8%ad%d8%a7%d8%b7%d8%a9-%d8%a7%d9%84%d9%81%d9%86%d9%8a%d8%a9-%d8%a7%d9%84%d9%85%d9%83%d8%ab%d9%81%d8%a9-%d9%84%d9%88%d8%b1%d8%b4%d8%a7%d8%aa\/","url":"https:\/\/www.oep.tn\/%d8%a8%d8%b1%d9%86%d8%a7%d9%85%d8%ac-%d8%a7%d9%84%d8%a5%d8%ad%d8%a7%d8%b7%d8%a9-%d8%a7%d9%84%d9%81%d9%86%d9%8a%d8%a9-%d8%a7%d9%84%d9%85%d9%83%d8%ab%d9%81%d8%a9-%d9%84%d9%88%d8%b1%d8%b4%d8%a7%d8%aa\/","name":"Bovins viandes - Office de l&#039;Elevage et des P\u00e2turages","isPartOf":{"@id":"https:\/\/www.oep.tn\/#website"},"datePublished":"2022-07-12T10:16:35+00:00","dateModified":"2023-03-01T11:06:18+00:00","breadcrumb":{"@id":"https:\/\/www.oep.tn\/%d8%a8%d8%b1%d9%86%d8%a7%d9%85%d8%ac-%d8%a7%d9%84%d8%a5%d8%ad%d8%a7%d8%b7%d8%a9-%d8%a7%d9%84%d9%81%d9%86%d9%8a%d8%a9-%d8%a7%d9%84%d9%85%d9%83%d8%ab%d9%81%d8%a9-%d9%84%d9%88%d8%b1%d8%b4%d8%a7%d8%aa\/#breadcrumb"},"inLanguage":"fr-FR","potentialAction":[{"@type":"ReadAction","target":["https:\/\/www.oep.tn\/%d8%a8%d8%b1%d9%86%d8%a7%d9%85%d8%ac-%d8%a7%d9%84%d8%a5%d8%ad%d8%a7%d8%b7%d8%a9-%d8%a7%d9%84%d9%81%d9%86%d9%8a%d8%a9-%d8%a7%d9%84%d9%85%d9%83%d8%ab%d9%81%d8%a9-%d9%84%d9%88%d8%b1%d8%b4%d8%a7%d8%aa\/"]}]},{"@type":"BreadcrumbList","@id":"https:\/\/www.oep.tn\/%d8%a8%d8%b1%d9%86%d8%a7%d9%85%d8%ac-%d8%a7%d9%84%d8%a5%d8%ad%d8%a7%d8%b7%d8%a9-%d8%a7%d9%84%d9%81%d9%86%d9%8a%d8%a9-%d8%a7%d9%84%d9%85%d9%83%d8%ab%d9%81%d8%a9-%d9%84%d9%88%d8%b1%d8%b4%d8%a7%d8%aa\/#breadcrumb","itemListElement":[{"@type":"ListItem","position":1,"name":"Accueil","item":"https:\/\/www.oep.tn\/fr\/"},{"@type":"ListItem","position":2,"name":"Bovins viandes"}]},{"@type":"WebSite","@id":"https:\/\/www.oep.tn\/#website","url":"https:\/\/www.oep.tn\/","name":"Office de l'Elevage et des P\u00e2turages","description":"Office de l&#039;Elevage et des P\u00e2turages","publisher":{"@id":"https:\/\/www.oep.tn\/#organization"},"alternateName":"Office de l'Elevage et des P\u00e2turages","potentialAction":[{"@type":"SearchAction","target":{"@type":"EntryPoint","urlTemplate":"https:\/\/www.oep.tn\/?s={search_term_string}"},"query-input":{"@type":"PropertyValueSpecification","valueRequired":true,"valueName":"search_term_string"}}],"inLanguage":"fr-FR"},{"@type":"Organization","@id":"https:\/\/www.oep.tn\/#organization","name":"Office de l'Elevage et des Patuages","url":"https:\/\/www.oep.tn\/","logo":{"@type":"ImageObject","inLanguage":"fr-FR","@id":"https:\/\/www.oep.tn\/#\/schema\/logo\/image\/","url":"https:\/\/www.oep.tn\/wp-content\/uploads\/2022\/11\/logo-oep-arabe-2.png","contentUrl":"https:\/\/www.oep.tn\/wp-content\/uploads\/2022\/11\/logo-oep-arabe-2.png","width":567,"height":142,"caption":"Office de l'Elevage et des Patuages"},"image":{"@id":"https:\/\/www.oep.tn\/#\/schema\/logo\/image\/"}}]}},"_links":{"self":[{"href":"https:\/\/www.oep.tn\/fr\/wp-json\/wp\/v2\/pages\/882","targetHints":{"allow":["GET"]}}],"collection":[{"href":"https:\/\/www.oep.tn\/fr\/wp-json\/wp\/v2\/pages"}],"about":[{"href":"https:\/\/www.oep.tn\/fr\/wp-json\/wp\/v2\/types\/page"}],"author":[{"embeddable":true,"href":"https:\/\/www.oep.tn\/fr\/wp-json\/wp\/v2\/users\/1"}],"replies":[{"embeddable":true,"href":"https:\/\/www.oep.tn\/fr\/wp-json\/wp\/v2\/comments?post=882"}],"version-history":[{"count":3,"href":"https:\/\/www.oep.tn\/fr\/wp-json\/wp\/v2\/pages\/882\/revisions"}],"predecessor-version":[{"id":3041,"href":"https:\/\/www.oep.tn\/fr\/wp-json\/wp\/v2\/pages\/882\/revisions\/3041"}],"wp:attachment":[{"href":"https:\/\/www.oep.tn\/fr\/wp-json\/wp\/v2\/media?parent=882"}],"curies":[{"name":"wp","href":"https:\/\/api.w.org\/{rel}","templated":true}]}}