


































































{"id":885,"date":"2022-07-12T14:02:38","date_gmt":"2022-07-12T12:02:38","guid":{"rendered":"https:\/\/www.oep.tn\/?page_id=885"},"modified":"2022-08-02T12:12:53","modified_gmt":"2022-08-02T10:12:53","slug":"camelides","status":"publish","type":"page","link":"https:\/\/www.oep.tn\/fr\/camelides\/","title":{"rendered":"Cam\u00e9lid\u00e9s"},"content":{"rendered":"\n<h5 class=\"wp-block-heading\"><strong><span class=\"has-inline-color has-thr-acc-color\">L\u2019\u00e9levage des cam\u00e9lid\u00e9s<\/span><\/strong><\/h5>\n\n\n\n<p>Le d\u00e9veloppement de la fili\u00e8re cameline en Tunisie est l\u2019une des options importante dans le d\u00e9veloppement de l\u2019\u00e9levage puisqu\u2019il contribue par la production de 4.000 tonne de viandes rouge en plus des produits secondaires tel que le cuir et la fibre qui peuvent \u00eatre valoris\u00e9 dans l\u2019artisanat. Ceci s\u2019ajoute au maintien de l\u2019\u00e9quilibre \u00e9cologique et de la diversit\u00e9 biologique dans les zones d\u00e9sertique gr\u00e2ce \u00e0 l\u2019exploitation d\u2019environ 1,2 million d\u2019hectares de p\u00e2turage d\u00e9sertique et de marr\u00e9 salants qui ne peuvent pas \u00eatre tol\u00e9r\u00e9 par d\u2019autre animaux. Cette fili\u00e8re contribue \u00e9galement en faisant vivre pr\u00e8s de 2300 \u00e9leveurs et par la cr\u00e9ation d\u2019une mobilit\u00e9 \u00e9conomique et sociale dans les zones d\u2019\u00e9levage des camelins par l\u2019animation de plusieurs manifestations culturelles et participation au d\u00e9veloppement du tourisme saharien et la diversit\u00e9 du produit touristique.<\/p>\n\n\n\n<p>Afin de d\u00e9velopper la fili\u00e8re cameline, un certain nombre de mesure a \u00e9t\u00e9 adopt\u00e9 dont&nbsp;:<\/p>\n\n\n\n<ul class=\"wp-block-list\"><li style=\"list-style-type:none\"><i class=\"fa fa-chevron-right\" style=\"color: #81d742\"><\/i> Attribuer une subvention sp\u00e9ciale d\u2019une valeur de 700 dinars pour la production de femelles pour inciter les \u00e9leveurs \u00e0 les conserver pour le renouvellement du cheptel. Cette subvention est vers\u00e9e en trois tranches&nbsp;:<ul><li>La premi\u00e8re tranche&nbsp;: 40% de la valeur de la subvention \u00e0 l\u2019\u00e2ge de 12 mois (280dt\/t\u00eate).<\/li><\/ul><ul><li>La deuxi\u00e8me tranche&nbsp;: 40% de la valeur de la subvention \u00e0 l\u2019\u00e2ge de 36 mois (280dt\/t\u00eate).<\/li><\/ul><ul><li>La troisi\u00e8me tranche&nbsp;: 20%&nbsp; de la valeur de la subvention \u00e0 la naissance (140dt\/t\u00eate)<\/li><\/ul><\/li><\/ul>\n\n\n\n<p><\/p>\n\n\n\n<p> <i class=\"fa fa-chevron-right\" style=\"color: #81d742\"><\/i>   Attribution d\u2019une subvention pour encourager \u00e0 augmenter le poids \u00e0 l\u2019abattage des chamelons d\u2019une valeur de 75dt\/t\u00eate.<\/p>\n\n\n\n<p> <i class=\"fa fa-chevron-right\" style=\"color: #81d742\"><\/i>  Introduction des parcours d\u00e9di\u00e9s aux cam\u00e9lid\u00e9s dans le programme national de l\u2019am\u00e9lioration pastorale.<\/p>\n\n\n\n<p> <i class=\"fa fa-chevron-right\" style=\"color: #81d742\"><\/i>  Encouragement de l\u2019accompagnement sanitaire de la fili\u00e8re cameline.<\/p>\n\n\n\n<p> <i class=\"fa fa-chevron-right\" style=\"color: #81d742\"><\/i>  Accompagnement des diff\u00e9rents th\u00e8mes de recherche li\u00e9s \u00e0 l\u2019\u00e9levage des cam\u00e9lid\u00e9s (alimentation, am\u00e9lioration g\u00e9n\u00e9tique, sant\u00e9 animale,\u2026)<\/p>\n\n\n\n<p> <i class=\"fa fa-chevron-right\" style=\"color: #81d742\"><\/i>  Incitation \u00e0 l\u2019utilisation des cam\u00e9lid\u00e9s dans les secteurs touristiques, culturels et sportifs.<\/p>\n","protected":false},"excerpt":{"rendered":"<p>L\u2019\u00e9levage des cam\u00e9lid\u00e9s Le d\u00e9veloppement de la fili\u00e8re cameline en Tunisie est l\u2019une des options importante dans le d\u00e9veloppement de l\u2019\u00e9levage puisqu\u2019il contribue par la production de 4.000 tonne de viandes rouge en plus des produits secondaires tel que le cuir et la fibre qui peuvent \u00eatre valoris\u00e9 dans l\u2019artisanat. Ceci s\u2019ajoute au maintien de [&hellip;]<\/p>\n","protected":false},"author":1,"featured_media":0,"parent":0,"menu_order":0,"comment_status":"closed","ping_status":"closed","template":"","meta":{"_themeisle_gutenberg_block_has_review":false,"footnotes":""},"class_list":["post-885","page","type-page","status-publish","hentry"],"yoast_head":"<!-- This site is optimized with the Yoast SEO plugin v26.0 - https:\/\/yoast.com\/wordpress\/plugins\/seo\/ -->\n<title>Cam\u00e9lid\u00e9s - Office de l&#039;Elevage et des P\u00e2turages<\/title>\n<meta name=\"robots\" content=\"index, follow, max-snippet:-1, max-image-preview:large, max-video-preview:-1\" \/>\n<link rel=\"canonical\" href=\"https:\/\/www.oep.tn\/\u0627\u0644\u0625\u0628\u0644\/\" \/>\n<meta property=\"og:locale\" content=\"fr_FR\" \/>\n<meta property=\"og:type\" content=\"article\" \/>\n<meta property=\"og:title\" content=\"Cam\u00e9lid\u00e9s - Office de l&#039;Elevage et des P\u00e2turages\" \/>\n<meta property=\"og:description\" content=\"L\u2019\u00e9levage des cam\u00e9lid\u00e9s Le d\u00e9veloppement de la fili\u00e8re cameline en Tunisie est l\u2019une des options importante dans le d\u00e9veloppement de l\u2019\u00e9levage puisqu\u2019il contribue par la production de 4.000 tonne de viandes rouge en plus des produits secondaires tel que le cuir et la fibre qui peuvent \u00eatre valoris\u00e9 dans l\u2019artisanat. Ceci s\u2019ajoute au maintien de [&hellip;]\" \/>\n<meta property=\"og:url\" content=\"https:\/\/www.oep.tn\/\u0627\u0644\u0625\u0628\u0644\/\" \/>\n<meta property=\"og:site_name\" content=\"Office de l&#039;Elevage et des P\u00e2turages\" \/>\n<meta property=\"article:modified_time\" content=\"2022-08-02T10:12:53+00:00\" \/>\n<meta name=\"twitter:card\" content=\"summary_large_image\" \/>\n<meta name=\"twitter:label1\" content=\"Dur\u00e9e de lecture estim\u00e9e\" \/>\n\t<meta name=\"twitter:data1\" content=\"2 minutes\" \/>\n<script type=\"application\/ld+json\" class=\"yoast-schema-graph\">{\"@context\":\"https:\/\/schema.org\",\"@graph\":[{\"@type\":\"WebPage\",\"@id\":\"https:\/\/www.oep.tn\/%d8%a7%d9%84%d8%a5%d8%a8%d9%84\/\",\"url\":\"https:\/\/www.oep.tn\/%d8%a7%d9%84%d8%a5%d8%a8%d9%84\/\",\"name\":\"Cam\u00e9lid\u00e9s - Office de l&#039;Elevage et des P\u00e2turages\",\"isPartOf\":{\"@id\":\"https:\/\/www.oep.tn\/#website\"},\"datePublished\":\"2022-07-12T12:02:38+00:00\",\"dateModified\":\"2022-08-02T10:12:53+00:00\",\"breadcrumb\":{\"@id\":\"https:\/\/www.oep.tn\/%d8%a7%d9%84%d8%a5%d8%a8%d9%84\/#breadcrumb\"},\"inLanguage\":\"fr-FR\",\"potentialAction\":[{\"@type\":\"ReadAction\",\"target\":[\"https:\/\/www.oep.tn\/%d8%a7%d9%84%d8%a5%d8%a8%d9%84\/\"]}]},{\"@type\":\"BreadcrumbList\",\"@id\":\"https:\/\/www.oep.tn\/%d8%a7%d9%84%d8%a5%d8%a8%d9%84\/#breadcrumb\",\"itemListElement\":[{\"@type\":\"ListItem\",\"position\":1,\"name\":\"Accueil\",\"item\":\"https:\/\/www.oep.tn\/fr\/\"},{\"@type\":\"ListItem\",\"position\":2,\"name\":\"Cam\u00e9lid\u00e9s\"}]},{\"@type\":\"WebSite\",\"@id\":\"https:\/\/www.oep.tn\/#website\",\"url\":\"https:\/\/www.oep.tn\/\",\"name\":\"Office de l'Elevage et des P\u00e2turages\",\"description\":\"Office de l&#039;Elevage et des P\u00e2turages\",\"publisher\":{\"@id\":\"https:\/\/www.oep.tn\/#organization\"},\"alternateName\":\"Office de l'Elevage et des P\u00e2turages\",\"potentialAction\":[{\"@type\":\"SearchAction\",\"target\":{\"@type\":\"EntryPoint\",\"urlTemplate\":\"https:\/\/www.oep.tn\/?s={search_term_string}\"},\"query-input\":{\"@type\":\"PropertyValueSpecification\",\"valueRequired\":true,\"valueName\":\"search_term_string\"}}],\"inLanguage\":\"fr-FR\"},{\"@type\":\"Organization\",\"@id\":\"https:\/\/www.oep.tn\/#organization\",\"name\":\"Office de l'Elevage et des Patuages\",\"url\":\"https:\/\/www.oep.tn\/\",\"logo\":{\"@type\":\"ImageObject\",\"inLanguage\":\"fr-FR\",\"@id\":\"https:\/\/www.oep.tn\/#\/schema\/logo\/image\/\",\"url\":\"https:\/\/www.oep.tn\/wp-content\/uploads\/2022\/11\/logo-oep-arabe-2.png\",\"contentUrl\":\"https:\/\/www.oep.tn\/wp-content\/uploads\/2022\/11\/logo-oep-arabe-2.png\",\"width\":567,\"height\":142,\"caption\":\"Office de l'Elevage et des Patuages\"},\"image\":{\"@id\":\"https:\/\/www.oep.tn\/#\/schema\/logo\/image\/\"}}]}<\/script>\n<!-- \/ Yoast SEO plugin. -->","yoast_head_json":{"title":"Cam\u00e9lid\u00e9s - Office de l&#039;Elevage et des P\u00e2turages","robots":{"index":"index","follow":"follow","max-snippet":"max-snippet:-1","max-image-preview":"max-image-preview:large","max-video-preview":"max-video-preview:-1"},"canonical":"https:\/\/www.oep.tn\/\u0627\u0644\u0625\u0628\u0644\/","og_locale":"fr_FR","og_type":"article","og_title":"Cam\u00e9lid\u00e9s - Office de l&#039;Elevage et des P\u00e2turages","og_description":"L\u2019\u00e9levage des cam\u00e9lid\u00e9s Le d\u00e9veloppement de la fili\u00e8re cameline en Tunisie est l\u2019une des options importante dans le d\u00e9veloppement de l\u2019\u00e9levage puisqu\u2019il contribue par la production de 4.000 tonne de viandes rouge en plus des produits secondaires tel que le cuir et la fibre qui peuvent \u00eatre valoris\u00e9 dans l\u2019artisanat. Ceci s\u2019ajoute au maintien de [&hellip;]","og_url":"https:\/\/www.oep.tn\/\u0627\u0644\u0625\u0628\u0644\/","og_site_name":"Office de l&#039;Elevage et des P\u00e2turages","article_modified_time":"2022-08-02T10:12:53+00:00","twitter_card":"summary_large_image","twitter_misc":{"Dur\u00e9e de lecture estim\u00e9e":"2 minutes"},"schema":{"@context":"https:\/\/schema.org","@graph":[{"@type":"WebPage","@id":"https:\/\/www.oep.tn\/%d8%a7%d9%84%d8%a5%d8%a8%d9%84\/","url":"https:\/\/www.oep.tn\/%d8%a7%d9%84%d8%a5%d8%a8%d9%84\/","name":"Cam\u00e9lid\u00e9s - Office de l&#039;Elevage et des P\u00e2turages","isPartOf":{"@id":"https:\/\/www.oep.tn\/#website"},"datePublished":"2022-07-12T12:02:38+00:00","dateModified":"2022-08-02T10:12:53+00:00","breadcrumb":{"@id":"https:\/\/www.oep.tn\/%d8%a7%d9%84%d8%a5%d8%a8%d9%84\/#breadcrumb"},"inLanguage":"fr-FR","potentialAction":[{"@type":"ReadAction","target":["https:\/\/www.oep.tn\/%d8%a7%d9%84%d8%a5%d8%a8%d9%84\/"]}]},{"@type":"BreadcrumbList","@id":"https:\/\/www.oep.tn\/%d8%a7%d9%84%d8%a5%d8%a8%d9%84\/#breadcrumb","itemListElement":[{"@type":"ListItem","position":1,"name":"Accueil","item":"https:\/\/www.oep.tn\/fr\/"},{"@type":"ListItem","position":2,"name":"Cam\u00e9lid\u00e9s"}]},{"@type":"WebSite","@id":"https:\/\/www.oep.tn\/#website","url":"https:\/\/www.oep.tn\/","name":"Office de l'Elevage et des P\u00e2turages","description":"Office de l&#039;Elevage et des P\u00e2turages","publisher":{"@id":"https:\/\/www.oep.tn\/#organization"},"alternateName":"Office de l'Elevage et des P\u00e2turages","potentialAction":[{"@type":"SearchAction","target":{"@type":"EntryPoint","urlTemplate":"https:\/\/www.oep.tn\/?s={search_term_string}"},"query-input":{"@type":"PropertyValueSpecification","valueRequired":true,"valueName":"search_term_string"}}],"inLanguage":"fr-FR"},{"@type":"Organization","@id":"https:\/\/www.oep.tn\/#organization","name":"Office de l'Elevage et des Patuages","url":"https:\/\/www.oep.tn\/","logo":{"@type":"ImageObject","inLanguage":"fr-FR","@id":"https:\/\/www.oep.tn\/#\/schema\/logo\/image\/","url":"https:\/\/www.oep.tn\/wp-content\/uploads\/2022\/11\/logo-oep-arabe-2.png","contentUrl":"https:\/\/www.oep.tn\/wp-content\/uploads\/2022\/11\/logo-oep-arabe-2.png","width":567,"height":142,"caption":"Office de l'Elevage et des Patuages"},"image":{"@id":"https:\/\/www.oep.tn\/#\/schema\/logo\/image\/"}}]}},"_links":{"self":[{"href":"https:\/\/www.oep.tn\/fr\/wp-json\/wp\/v2\/pages\/885","targetHints":{"allow":["GET"]}}],"collection":[{"href":"https:\/\/www.oep.tn\/fr\/wp-json\/wp\/v2\/pages"}],"about":[{"href":"https:\/\/www.oep.tn\/fr\/wp-json\/wp\/v2\/types\/page"}],"author":[{"embeddable":true,"href":"https:\/\/www.oep.tn\/fr\/wp-json\/wp\/v2\/users\/1"}],"replies":[{"embeddable":true,"href":"https:\/\/www.oep.tn\/fr\/wp-json\/wp\/v2\/comments?post=885"}],"version-history":[{"count":2,"href":"https:\/\/www.oep.tn\/fr\/wp-json\/wp\/v2\/pages\/885\/revisions"}],"predecessor-version":[{"id":887,"href":"https:\/\/www.oep.tn\/fr\/wp-json\/wp\/v2\/pages\/885\/revisions\/887"}],"wp:attachment":[{"href":"https:\/\/www.oep.tn\/fr\/wp-json\/wp\/v2\/media?parent=885"}],"curies":[{"name":"wp","href":"https:\/\/api.w.org\/{rel}","templated":true}]}}