


































































{"id":888,"date":"2022-07-12T14:06:36","date_gmt":"2022-07-12T12:06:36","guid":{"rendered":"https:\/\/www.oep.tn\/?page_id=888"},"modified":"2023-03-01T12:12:55","modified_gmt":"2023-03-01T11:12:55","slug":"ovins-et-des-caprins","status":"publish","type":"page","link":"https:\/\/www.oep.tn\/fr\/ovins-et-des-caprins\/","title":{"rendered":"Ovins et Caprins"},"content":{"rendered":"\n<h5 class=\"wp-block-heading\"><strong><span class=\"has-inline-color has-thr-acc-color\">Programme de d\u00e9veloppement de l\u2019\u00e9levage des petits ruminants<\/span><\/strong><\/h5>\n\n\n\n<p>Ce programme a pour objectif&nbsp;:<\/p>\n\n\n\n<p> <i class=\"fa fa-chevron-right\" style=\"color: #81d742\"><\/i>  L\u2019am\u00e9lioration de la productivit\u00e9 et du rendement des troupeaux ovins par l\u2019introduction de nouvelle technique de gestion des troupeaux et l\u2019encouragement des programmes d\u2019am\u00e9lioration g\u00e9n\u00e9tique des diff\u00e9rentes races.<\/p>\n\n\n\n<p> <i class=\"fa fa-chevron-right\" style=\"color: #81d742\"><\/i>   La participation dans le d\u00e9veloppement des techniques de l\u2019\u00e9levage<\/p>\n\n\n\n<p> <i class=\"fa fa-chevron-right\" style=\"color: #81d742\"><\/i>   Vulgarisation des nouvelles techniques d\u2019\u00e9levage<\/p>\n\n\n\n<p> <i class=\"fa fa-chevron-right\" style=\"color: #81d742\"><\/i>   Soutien des organisations professionnelles des \u00e9leveurs.<\/p>\n\n\n\n<p>&nbsp;Et ceux par&nbsp;:<\/p>\n\n\n\n<p> <i class=\"fa fa-chevron-right\" style=\"color: #81d742\"><\/i>  Des visites de terrain des fermes pour faire le diagnostic de la situation et donner les conseils techniques n\u00e9cessaires.<\/p>\n\n\n\n<p> <i class=\"fa fa-chevron-right\" style=\"color: #81d742\"><\/i>  Control de croissance et valorisation de ses r\u00e9sultats.<\/p>\n\n\n\n<p> <i class=\"fa fa-chevron-right\" style=\"color: #81d742\"><\/i>  Emission de rapports techniques.<\/p>\n\n\n\n<p> <i class=\"fa fa-chevron-right\" style=\"color: #81d742\"><\/i>  Collecte des donn\u00e9es, calcul des param\u00e8tres techniques et \u00e9conomiques les analyser et les exploiter pour l\u2019\u00e9valuation et l\u2019am\u00e9lioration des r\u00e9sultats chez les \u00e9leveurs.<\/p>\n\n\n\n<p> <i class=\"fa fa-chevron-right\" style=\"color: #81d742\"><\/i>  S\u00e9lection des femelles de remplacement et des jeunes \u00e9talons selon les indicateurs g\u00e9n\u00e9tiques et les sp\u00e9cificit\u00e9s ph\u00e9notypiques de la race.<\/p>\n\n\n\n<p> <i class=\"fa fa-chevron-right\" style=\"color: #81d742\"><\/i>  Fournir aux \u00e9leveurs des \u00e9talons am\u00e9lior\u00e9s g\u00e9n\u00e9tiquement.<\/p>\n\n\n\n<p> <i class=\"fa fa-chevron-right\" style=\"color: #81d742\"><\/i>  Faire l\u2019ins\u00e9mination artificielle des ovins et des caprins.<\/p>\n\n\n\n<p> <i class=\"fa fa-chevron-right\" style=\"color: #81d742\"><\/i>  L\u2019organisation de journ\u00e9es d\u2019information et d\u2019application.<\/p>\n\n\n\n<p> <i class=\"fa fa-chevron-right\" style=\"color: #81d742\"><\/i>  Mettre \u00e0 la disposition des \u00e9leveurs des r\u00e9f\u00e9rences technico-\u00e9conomiques.<\/p>\n\n\n\n<p> <i class=\"fa fa-chevron-right\" style=\"color: #81d742\"><\/i>   Accompagnement de la profession.<\/p>\n","protected":false},"excerpt":{"rendered":"<p>Programme de d\u00e9veloppement de l\u2019\u00e9levage des petits ruminants Ce programme a pour objectif&nbsp;: L\u2019am\u00e9lioration de la productivit\u00e9 et du rendement des troupeaux ovins par l\u2019introduction de nouvelle technique de gestion des troupeaux et l\u2019encouragement des programmes d\u2019am\u00e9lioration g\u00e9n\u00e9tique des diff\u00e9rentes races. La participation dans le d\u00e9veloppement des techniques de l\u2019\u00e9levage Vulgarisation des nouvelles techniques d\u2019\u00e9levage [&hellip;]<\/p>\n","protected":false},"author":1,"featured_media":0,"parent":0,"menu_order":0,"comment_status":"closed","ping_status":"closed","template":"","meta":{"_themeisle_gutenberg_block_has_review":false,"footnotes":""},"class_list":["post-888","page","type-page","status-publish","hentry"],"yoast_head":"<!-- This site is optimized with the Yoast SEO plugin v26.0 - https:\/\/yoast.com\/wordpress\/plugins\/seo\/ -->\n<title>Ovins et Caprins - Office de l&#039;Elevage et des P\u00e2turages<\/title>\n<meta name=\"robots\" content=\"index, follow, max-snippet:-1, max-image-preview:large, max-video-preview:-1\" \/>\n<link rel=\"canonical\" href=\"https:\/\/www.oep.tn\/\u0628\u0631\u0646\u0627\u0645\u062c-\u062a\u0646\u0645\u064a\u0629-\u062a\u0631\u0628\u064a\u0629-\u0627\u0644\u0645\u062c\u062a\u0631\u0627\u062a-\u0627\u0644\u0635\u063a\u0631\u0649\/\" \/>\n<meta property=\"og:locale\" content=\"fr_FR\" \/>\n<meta property=\"og:type\" content=\"article\" \/>\n<meta property=\"og:title\" content=\"Ovins et Caprins - Office de l&#039;Elevage et des P\u00e2turages\" \/>\n<meta property=\"og:description\" content=\"Programme de d\u00e9veloppement de l\u2019\u00e9levage des petits ruminants Ce programme a pour objectif&nbsp;: L\u2019am\u00e9lioration de la productivit\u00e9 et du rendement des troupeaux ovins par l\u2019introduction de nouvelle technique de gestion des troupeaux et l\u2019encouragement des programmes d\u2019am\u00e9lioration g\u00e9n\u00e9tique des diff\u00e9rentes races. La participation dans le d\u00e9veloppement des techniques de l\u2019\u00e9levage Vulgarisation des nouvelles techniques d\u2019\u00e9levage [&hellip;]\" \/>\n<meta property=\"og:url\" content=\"https:\/\/www.oep.tn\/\u0628\u0631\u0646\u0627\u0645\u062c-\u062a\u0646\u0645\u064a\u0629-\u062a\u0631\u0628\u064a\u0629-\u0627\u0644\u0645\u062c\u062a\u0631\u0627\u062a-\u0627\u0644\u0635\u063a\u0631\u0649\/\" \/>\n<meta property=\"og:site_name\" content=\"Office de l&#039;Elevage et des P\u00e2turages\" \/>\n<meta property=\"article:modified_time\" content=\"2023-03-01T11:12:55+00:00\" \/>\n<meta name=\"twitter:card\" content=\"summary_large_image\" \/>\n<meta name=\"twitter:label1\" content=\"Dur\u00e9e de lecture estim\u00e9e\" \/>\n\t<meta name=\"twitter:data1\" content=\"2 minutes\" \/>\n<script type=\"application\/ld+json\" class=\"yoast-schema-graph\">{\"@context\":\"https:\/\/schema.org\",\"@graph\":[{\"@type\":\"WebPage\",\"@id\":\"https:\/\/www.oep.tn\/%d8%a8%d8%b1%d9%86%d8%a7%d9%85%d8%ac-%d8%aa%d9%86%d9%85%d9%8a%d8%a9-%d8%aa%d8%b1%d8%a8%d9%8a%d8%a9-%d8%a7%d9%84%d9%85%d8%ac%d8%aa%d8%b1%d8%a7%d8%aa-%d8%a7%d9%84%d8%b5%d8%ba%d8%b1%d9%89\/\",\"url\":\"https:\/\/www.oep.tn\/%d8%a8%d8%b1%d9%86%d8%a7%d9%85%d8%ac-%d8%aa%d9%86%d9%85%d9%8a%d8%a9-%d8%aa%d8%b1%d8%a8%d9%8a%d8%a9-%d8%a7%d9%84%d9%85%d8%ac%d8%aa%d8%b1%d8%a7%d8%aa-%d8%a7%d9%84%d8%b5%d8%ba%d8%b1%d9%89\/\",\"name\":\"Ovins et Caprins - Office de l&#039;Elevage et des P\u00e2turages\",\"isPartOf\":{\"@id\":\"https:\/\/www.oep.tn\/#website\"},\"datePublished\":\"2022-07-12T12:06:36+00:00\",\"dateModified\":\"2023-03-01T11:12:55+00:00\",\"breadcrumb\":{\"@id\":\"https:\/\/www.oep.tn\/%d8%a8%d8%b1%d9%86%d8%a7%d9%85%d8%ac-%d8%aa%d9%86%d9%85%d9%8a%d8%a9-%d8%aa%d8%b1%d8%a8%d9%8a%d8%a9-%d8%a7%d9%84%d9%85%d8%ac%d8%aa%d8%b1%d8%a7%d8%aa-%d8%a7%d9%84%d8%b5%d8%ba%d8%b1%d9%89\/#breadcrumb\"},\"inLanguage\":\"fr-FR\",\"potentialAction\":[{\"@type\":\"ReadAction\",\"target\":[\"https:\/\/www.oep.tn\/%d8%a8%d8%b1%d9%86%d8%a7%d9%85%d8%ac-%d8%aa%d9%86%d9%85%d9%8a%d8%a9-%d8%aa%d8%b1%d8%a8%d9%8a%d8%a9-%d8%a7%d9%84%d9%85%d8%ac%d8%aa%d8%b1%d8%a7%d8%aa-%d8%a7%d9%84%d8%b5%d8%ba%d8%b1%d9%89\/\"]}]},{\"@type\":\"BreadcrumbList\",\"@id\":\"https:\/\/www.oep.tn\/%d8%a8%d8%b1%d9%86%d8%a7%d9%85%d8%ac-%d8%aa%d9%86%d9%85%d9%8a%d8%a9-%d8%aa%d8%b1%d8%a8%d9%8a%d8%a9-%d8%a7%d9%84%d9%85%d8%ac%d8%aa%d8%b1%d8%a7%d8%aa-%d8%a7%d9%84%d8%b5%d8%ba%d8%b1%d9%89\/#breadcrumb\",\"itemListElement\":[{\"@type\":\"ListItem\",\"position\":1,\"name\":\"Accueil\",\"item\":\"https:\/\/www.oep.tn\/fr\/\"},{\"@type\":\"ListItem\",\"position\":2,\"name\":\"Ovins et Caprins\"}]},{\"@type\":\"WebSite\",\"@id\":\"https:\/\/www.oep.tn\/#website\",\"url\":\"https:\/\/www.oep.tn\/\",\"name\":\"Office de l'Elevage et des P\u00e2turages\",\"description\":\"Office de l&#039;Elevage et des P\u00e2turages\",\"publisher\":{\"@id\":\"https:\/\/www.oep.tn\/#organization\"},\"alternateName\":\"Office de l'Elevage et des P\u00e2turages\",\"potentialAction\":[{\"@type\":\"SearchAction\",\"target\":{\"@type\":\"EntryPoint\",\"urlTemplate\":\"https:\/\/www.oep.tn\/?s={search_term_string}\"},\"query-input\":{\"@type\":\"PropertyValueSpecification\",\"valueRequired\":true,\"valueName\":\"search_term_string\"}}],\"inLanguage\":\"fr-FR\"},{\"@type\":\"Organization\",\"@id\":\"https:\/\/www.oep.tn\/#organization\",\"name\":\"Office de l'Elevage et des Patuages\",\"url\":\"https:\/\/www.oep.tn\/\",\"logo\":{\"@type\":\"ImageObject\",\"inLanguage\":\"fr-FR\",\"@id\":\"https:\/\/www.oep.tn\/#\/schema\/logo\/image\/\",\"url\":\"https:\/\/www.oep.tn\/wp-content\/uploads\/2022\/11\/logo-oep-arabe-2.png\",\"contentUrl\":\"https:\/\/www.oep.tn\/wp-content\/uploads\/2022\/11\/logo-oep-arabe-2.png\",\"width\":567,\"height\":142,\"caption\":\"Office de l'Elevage et des Patuages\"},\"image\":{\"@id\":\"https:\/\/www.oep.tn\/#\/schema\/logo\/image\/\"}}]}<\/script>\n<!-- \/ Yoast SEO plugin. -->","yoast_head_json":{"title":"Ovins et Caprins - Office de l&#039;Elevage et des P\u00e2turages","robots":{"index":"index","follow":"follow","max-snippet":"max-snippet:-1","max-image-preview":"max-image-preview:large","max-video-preview":"max-video-preview:-1"},"canonical":"https:\/\/www.oep.tn\/\u0628\u0631\u0646\u0627\u0645\u062c-\u062a\u0646\u0645\u064a\u0629-\u062a\u0631\u0628\u064a\u0629-\u0627\u0644\u0645\u062c\u062a\u0631\u0627\u062a-\u0627\u0644\u0635\u063a\u0631\u0649\/","og_locale":"fr_FR","og_type":"article","og_title":"Ovins et Caprins - Office de l&#039;Elevage et des P\u00e2turages","og_description":"Programme de d\u00e9veloppement de l\u2019\u00e9levage des petits ruminants Ce programme a pour objectif&nbsp;: L\u2019am\u00e9lioration de la productivit\u00e9 et du rendement des troupeaux ovins par l\u2019introduction de nouvelle technique de gestion des troupeaux et l\u2019encouragement des programmes d\u2019am\u00e9lioration g\u00e9n\u00e9tique des diff\u00e9rentes races. La participation dans le d\u00e9veloppement des techniques de l\u2019\u00e9levage Vulgarisation des nouvelles techniques d\u2019\u00e9levage [&hellip;]","og_url":"https:\/\/www.oep.tn\/\u0628\u0631\u0646\u0627\u0645\u062c-\u062a\u0646\u0645\u064a\u0629-\u062a\u0631\u0628\u064a\u0629-\u0627\u0644\u0645\u062c\u062a\u0631\u0627\u062a-\u0627\u0644\u0635\u063a\u0631\u0649\/","og_site_name":"Office de l&#039;Elevage et des P\u00e2turages","article_modified_time":"2023-03-01T11:12:55+00:00","twitter_card":"summary_large_image","twitter_misc":{"Dur\u00e9e de lecture estim\u00e9e":"2 minutes"},"schema":{"@context":"https:\/\/schema.org","@graph":[{"@type":"WebPage","@id":"https:\/\/www.oep.tn\/%d8%a8%d8%b1%d9%86%d8%a7%d9%85%d8%ac-%d8%aa%d9%86%d9%85%d9%8a%d8%a9-%d8%aa%d8%b1%d8%a8%d9%8a%d8%a9-%d8%a7%d9%84%d9%85%d8%ac%d8%aa%d8%b1%d8%a7%d8%aa-%d8%a7%d9%84%d8%b5%d8%ba%d8%b1%d9%89\/","url":"https:\/\/www.oep.tn\/%d8%a8%d8%b1%d9%86%d8%a7%d9%85%d8%ac-%d8%aa%d9%86%d9%85%d9%8a%d8%a9-%d8%aa%d8%b1%d8%a8%d9%8a%d8%a9-%d8%a7%d9%84%d9%85%d8%ac%d8%aa%d8%b1%d8%a7%d8%aa-%d8%a7%d9%84%d8%b5%d8%ba%d8%b1%d9%89\/","name":"Ovins et Caprins - Office de l&#039;Elevage et des P\u00e2turages","isPartOf":{"@id":"https:\/\/www.oep.tn\/#website"},"datePublished":"2022-07-12T12:06:36+00:00","dateModified":"2023-03-01T11:12:55+00:00","breadcrumb":{"@id":"https:\/\/www.oep.tn\/%d8%a8%d8%b1%d9%86%d8%a7%d9%85%d8%ac-%d8%aa%d9%86%d9%85%d9%8a%d8%a9-%d8%aa%d8%b1%d8%a8%d9%8a%d8%a9-%d8%a7%d9%84%d9%85%d8%ac%d8%aa%d8%b1%d8%a7%d8%aa-%d8%a7%d9%84%d8%b5%d8%ba%d8%b1%d9%89\/#breadcrumb"},"inLanguage":"fr-FR","potentialAction":[{"@type":"ReadAction","target":["https:\/\/www.oep.tn\/%d8%a8%d8%b1%d9%86%d8%a7%d9%85%d8%ac-%d8%aa%d9%86%d9%85%d9%8a%d8%a9-%d8%aa%d8%b1%d8%a8%d9%8a%d8%a9-%d8%a7%d9%84%d9%85%d8%ac%d8%aa%d8%b1%d8%a7%d8%aa-%d8%a7%d9%84%d8%b5%d8%ba%d8%b1%d9%89\/"]}]},{"@type":"BreadcrumbList","@id":"https:\/\/www.oep.tn\/%d8%a8%d8%b1%d9%86%d8%a7%d9%85%d8%ac-%d8%aa%d9%86%d9%85%d9%8a%d8%a9-%d8%aa%d8%b1%d8%a8%d9%8a%d8%a9-%d8%a7%d9%84%d9%85%d8%ac%d8%aa%d8%b1%d8%a7%d8%aa-%d8%a7%d9%84%d8%b5%d8%ba%d8%b1%d9%89\/#breadcrumb","itemListElement":[{"@type":"ListItem","position":1,"name":"Accueil","item":"https:\/\/www.oep.tn\/fr\/"},{"@type":"ListItem","position":2,"name":"Ovins et Caprins"}]},{"@type":"WebSite","@id":"https:\/\/www.oep.tn\/#website","url":"https:\/\/www.oep.tn\/","name":"Office de l'Elevage et des P\u00e2turages","description":"Office de l&#039;Elevage et des P\u00e2turages","publisher":{"@id":"https:\/\/www.oep.tn\/#organization"},"alternateName":"Office de l'Elevage et des P\u00e2turages","potentialAction":[{"@type":"SearchAction","target":{"@type":"EntryPoint","urlTemplate":"https:\/\/www.oep.tn\/?s={search_term_string}"},"query-input":{"@type":"PropertyValueSpecification","valueRequired":true,"valueName":"search_term_string"}}],"inLanguage":"fr-FR"},{"@type":"Organization","@id":"https:\/\/www.oep.tn\/#organization","name":"Office de l'Elevage et des Patuages","url":"https:\/\/www.oep.tn\/","logo":{"@type":"ImageObject","inLanguage":"fr-FR","@id":"https:\/\/www.oep.tn\/#\/schema\/logo\/image\/","url":"https:\/\/www.oep.tn\/wp-content\/uploads\/2022\/11\/logo-oep-arabe-2.png","contentUrl":"https:\/\/www.oep.tn\/wp-content\/uploads\/2022\/11\/logo-oep-arabe-2.png","width":567,"height":142,"caption":"Office de l'Elevage et des Patuages"},"image":{"@id":"https:\/\/www.oep.tn\/#\/schema\/logo\/image\/"}}]}},"_links":{"self":[{"href":"https:\/\/www.oep.tn\/fr\/wp-json\/wp\/v2\/pages\/888","targetHints":{"allow":["GET"]}}],"collection":[{"href":"https:\/\/www.oep.tn\/fr\/wp-json\/wp\/v2\/pages"}],"about":[{"href":"https:\/\/www.oep.tn\/fr\/wp-json\/wp\/v2\/types\/page"}],"author":[{"embeddable":true,"href":"https:\/\/www.oep.tn\/fr\/wp-json\/wp\/v2\/users\/1"}],"replies":[{"embeddable":true,"href":"https:\/\/www.oep.tn\/fr\/wp-json\/wp\/v2\/comments?post=888"}],"version-history":[{"count":4,"href":"https:\/\/www.oep.tn\/fr\/wp-json\/wp\/v2\/pages\/888\/revisions"}],"predecessor-version":[{"id":3044,"href":"https:\/\/www.oep.tn\/fr\/wp-json\/wp\/v2\/pages\/888\/revisions\/3044"}],"wp:attachment":[{"href":"https:\/\/www.oep.tn\/fr\/wp-json\/wp\/v2\/media?parent=888"}],"curies":[{"name":"wp","href":"https:\/\/api.w.org\/{rel}","templated":true}]}}