


































































{"id":891,"date":"2022-07-12T14:35:38","date_gmt":"2022-07-12T12:35:38","guid":{"rendered":"https:\/\/www.oep.tn\/?page_id=891"},"modified":"2023-03-28T10:08:10","modified_gmt":"2023-03-28T08:08:10","slug":"situation-actuelle-du-secteur-cunicole","status":"publish","type":"page","link":"https:\/\/www.oep.tn\/fr\/situation-actuelle-du-secteur-cunicole\/","title":{"rendered":"Cuniculture"},"content":{"rendered":"\n<p>Le secteur cunicole a \u00e9volu\u00e9 au cours de ces 20 derni\u00e8res ann\u00e9es, le nombre d&#8217;unit\u00e9s femelles est pass\u00e9 de 20 milles unit\u00e9s femelles en 1990 \u00e0 40 milles unit\u00e9s femelles en 2020, dont pr\u00e9s de 55%&nbsp; proviennent de l&#8217;\u00e9levage industriel.<\/p>\n\n\n\n<p>L&#8217;\u00e9levage cunicole tunisien, compte 250 \u00e9leveurs industriel et semi industriel ayant au moins 50 unit\u00e9s femelles, et 2500 \u00e9leveurs traditionnel et familial. La production&nbsp; de la viande cunicole actuelle est estim\u00e9e \u00e0 1700 (OEP 2020)tonnes de carcasse.<\/p>\n\n\n\n<p>La consommation Tunisienne de viande de lapin occupe la 5\u00e9me place en Tunisie apr\u00e8s les viandes de volailles, bovines, ovines et camelines, est estim\u00e9&nbsp; \u00e0 0.200 Kg\/habitant\/an, elle est consid\u00e9r\u00e9 faible par rapport au pays europ\u00e9en (la consommation de la viande cunicole&nbsp; en France est&nbsp; estim\u00e9e \u00e0 1,2 kg\/hab\/an).<\/p>\n\n\n\n<h5 class=\"wp-block-heading\"><strong><span class=\"has-inline-color has-thr-acc-color\">1. LES ATOUTS DE LA FILIERE<\/span><\/strong><\/h5>\n\n\n\n<p>En effet la fili\u00e8re cunicole pr\u00e9sente plusieurs atouts dont notamment:<\/p>\n\n\n\n<ul class=\"wp-block-list\">\n<li>G\u00e9n\u00e9rateur d&#8217;emploi&nbsp; pour les jeunes dipl\u00f4m\u00e9s installation de projet industriel&nbsp;<\/li>\n\n\n\n<li>Permet&nbsp; l&#8217;augmentation du revenu agricole pour un \u00e9levage familial ou traditionnel.<\/li>\n\n\n\n<li>Pas besoin de grandes superficies pour l&#8217;installation des projets<\/li>\n\n\n\n<li>L&#8217;alimentation est moins comp\u00e9titive avec celle de l&#8217;homme que d&#8217;autre esp\u00e8ces monogastrique (volailles), car le lapin est un herbivore et son alimentation doit contenir&nbsp; une part importante de mati\u00e8res v\u00e9g\u00e9tales fibreuses non consomm\u00e9es par l&#8217;homme (luzerne ,paille\u2026)<\/li>\n\n\n\n<li>Animal facilement manipulable, sans risques ni effort physique \u00e9lev\u00e9 (de nombreux \u00e9leveurs sont des femmes).<\/li>\n\n\n\n<li>Les qualit\u00e9s nutritionnelles et di\u00e9t\u00e9tiques de la viande de lapin sont reconnues:\n<ul class=\"wp-block-list\">\n<li>&nbsp;riches en prot\u00e9ines<\/li>\n\n\n\n<li>pauvres lipides (peu de cholest\u00e9rol),<\/li>\n\n\n\n<li>&nbsp;riches en min\u00e9raux mais pauvres en sodium,<\/li>\n\n\n\n<li>source d&#8217;om\u00e9ga 3 avec un faible ratio&nbsp; om\u00e9ga 6\/om\u00e9ga 3&nbsp; (de 4 \u00e0 6).<\/li>\n<\/ul>\n<\/li>\n<\/ul>\n\n\n\n<p>L&#8217;organisation de la fili\u00e8re cunicole tunisienne est renforc\u00e9e actuellement&nbsp; par l&#8217;appui des acteurs suivants :<\/p>\n\n\n\n<ul class=\"wp-block-list\">\n<li>R\u00f4les des services et des&nbsp; \u00e9tablissements publics (DGP, OEP,DGSV, IRESA\u2026.).<\/li>\n\n\n\n<li>La cr\u00e9ation de la f\u00e9d\u00e9ration nationale des cuniculteurs en 1991.<\/li>\n\n\n\n<li>L&#8217;int\u00e9gration du secteur au GIPA en 2006 qui devient GIPAC.<\/li>\n\n\n\n<li>La cr\u00e9ation de deux&nbsp; abattoirs cunicole:<\/li>\n<\/ul>\n\n\n\n<ul class=\"wp-block-list\" type=\"A\">\n<li><mark style=\"background-color:rgba(0, 0, 0, 0);color:#05305e\" class=\"has-inline-color\"><strong><em>Abattoir\u00a0 Cunicole Ennejma ElJem Mahdia<\/em><\/strong><\/mark>\n<ul class=\"wp-block-list\">\n<li>Promoteurs: coop\u00e9rative Ennejma ElJem et OEP<\/li>\n\n\n\n<li>Capacit\u00e9 d\u2019abattage annuelle:750.000 lapins<\/li>\n\n\n\n<li>Production nette de viande : 776 \u00e0 886 Tonnes<\/li>\n\n\n\n<li>Capacit\u00e9 d\u2019abattage 1800 \u00e0 2200 lapins par jour<\/li>\n<\/ul>\n<\/li>\n\n\n\n<li><mark style=\"background-color:rgba(0, 0, 0, 0);color:#05305e\" class=\"has-inline-color\"><strong><em>Abattoir\u00a0 Cunicole\u00a0 El M\u00e2agoula BEJA<\/em><\/strong><\/mark>\n<ul class=\"wp-block-list\">\n<li>Promoteur:Mr Naceur Kouki<\/li>\n\n\n\n<li>Capacit\u00e9 d\u2019abattage annuelle:750.000 lapins<\/li>\n\n\n\n<li>Production nette de viande : 776 \u00e0 886 Tonnes<\/li>\n\n\n\n<li>Capacit\u00e9 d\u2019abattage 1800 \u00e0 2400 lapins par jour<\/li>\n\n\n\n<li>Une unit\u00e9 de d\u00e9coupe de la carcasse<\/li>\n\n\n\n<li>Une unit\u00e9 pour charcuterie<\/li>\n<\/ul>\n<\/li>\n\n\n\n<li><strong>La l\u00e9gislation<\/strong><\/li>\n\n\n\n<li>&nbsp;La loi n\u00b0 2005-95 du 18 octobre 2005, relative \u00e0 l\u2019\u00e9levage et aux produits animaux<\/li>\n\n\n\n<li>D\u00e9cret n\u00b0 2009-2200 du 14 Juillet 2009 des maladies reput\u00e9es contagieuses<\/li>\n\n\n\n<li>Arr\u00e9t\u00e9 du 12 Mars 2007 portant approbation des cahiers charges de cr\u00e9ation de laboratoire sp\u00e9cialis\u00e9 pour l\u2019analyse des aliments de b\u00e9tails.<\/li>\n\n\n\n<li>Arr\u00eat\u00e9 du 21 octobre 2006, portant approbation des cahiers charges fixant les normes relatives aux b\u00e2timents et leurs \u00e9quipements<\/li>\n\n\n\n<li>Arr\u00eat\u00e9 du 3 mars 2008, portant approbation des cahiers charges relatif \u00e0 la cr\u00e9ation des centres d\u2019\u00e9levage des reproducteurs males et femelles des lapins pour la production des g\u00e9niteurs et femelles de bonne qualit\u00e9 et \u00e0 productivit\u00e9 \u00e9lev\u00e9e.<\/li>\n<\/ul>\n\n\n\n<h5 class=\"wp-block-heading\"><strong><mark style=\"background-color:rgba(0, 0, 0, 0)\" class=\"has-inline-color has-thr-acc-color\">2 LES PROBLEMATIQUES DE LA FILIERE<\/mark><\/strong><\/h5>\n\n\n\n<p>Le secteur cunicole en tunisie est confront\u00e9 a plusieurs contraintes au niveau des diff\u00e9rents maillons de la fili\u00e8re dont&nbsp;principalement&nbsp;:<\/p>\n\n\n\n<i class=\"fa fa-chevron-right\" style=\"color: #81d742\"><\/i> Faible production et productivit\u00e9<\/p>\n\n\n\n<i class=\"fa fa-chevron-right\" style=\"color: #81d742\"><\/i> Vente anarchique du produit fini<\/p>\n\n\n\n<i class=\"fa fa-chevron-right\" style=\"color: #81d742\"><\/i> Faible consommation de la viande de lapin,<\/p>\n\n\n\n<i class=\"fa fa-chevron-right\" style=\"color: #81d742\"><\/i> Hausse du co\u00fbt de production<\/p>\n\n\n\n<i class=\"fa fa-chevron-right\" style=\"color: #81d742\"><\/i> Le manque d\u2019encadrement et de formation des \u00e9leveurs<\/p>\n\n\n\n<p>\u00a0<i class=\"fa fa-chevron-right\" style=\"color: #81d742\"><\/i> Manque d\u2019expert technique en cuniculture<\/p>\n\n\n\n<i class=\"fa fa-chevron-right\" style=\"color: #81d742\"><\/i> Faible activit\u00e9 des abattoirs(ne d\u00e9passant pas les 10 % pour l\u2019abattoir d\u2019el jem).<\/p>\n\n\n\n<i class=\"fa fa-chevron-right\" style=\"color: #81d742\"><\/i> Abattoir maagoula a Beja non fonctionnel<\/p>\n\n\n\n<i class=\"fa fa-chevron-right\" style=\"color: #81d742\"><\/i> Invasion du virus de la maladie h\u00e9morragique du lapin(VHD nouveauvariant).<\/p>\n\n\n\n<h5 class=\"wp-block-heading\"><strong><span class=\"has-inline-color has-thr-acc-color\">3. LES INTERVENTIONS DE L\u2019OEP POUR LE DEVELOPPEMENT DU SECTEUR CUNICOLE<\/span><\/strong><\/h5>\n\n\n\n<i class=\"fa fa-chevron-right\" style=\"color: #81d742\"><\/i> Encadrement des projets d&#8217;\u00e9levage cunicole en Tunisie.<\/p>\n\n\n\n<i class=\"fa fa-chevron-right\" style=\"color: #81d742\"><\/i> Organisation des journ\u00e9es de formation et d\u2019information en techniques d\u2019\u00e9levage.<\/p>\n\n\n\n<i class=\"fa fa-chevron-right\" style=\"color: #81d742\"><\/i> Suivi et assistance technique des centres d&#8217;\u00e9levages des reproducteurs agr\u00e9es.<\/p>\n\n\n\n<i class=\"fa fa-chevron-right\" style=\"color: #81d742\"><\/i> Fournir les plans des b\u00e2timents d&#8217;\u00e9levage (200, 300,400 unit\u00e9s femelles)<\/p>\n\n\n\n<i class=\"fa fa-chevron-right\" style=\"color: #81d742\"><\/i> Aide \u00e0 l\u2019\u00e9laboration des \u00e9tudes techno\u00e9conomique<\/p>\n\n\n\n<i class=\"fa fa-chevron-right\" style=\"color: #81d742\"><\/i> Suivi techno\u00e9conomique de l\u2019\u00e9levage et \u00e9valuation.<\/p>\n\n\n\n<i class=\"fa fa-chevron-right\" style=\"color: #81d742\"><\/i> Contribution \u00e0 la\u00a0mise en place de deux abattoirs conformes aux normes Union- Europ\u00e9enne et d&#8217;une capacit\u00e9 nominale de 300 lapins \/heure chacun<\/p>\n\n\n\n<i class=\"fa fa-chevron-right\" style=\"color: #81d742\"><\/i> D\u00e9veloppement des diff\u00e9rents maillons\u00a0 de la fili\u00e8re\u00a0<\/p>\n\n\n\n<h5 class=\"wp-block-heading\"><strong><mark style=\"background-color:rgba(0, 0, 0, 0)\" class=\"has-inline-color has-thr-acc-color\">.4 FICHES ET DOCUMENTS\u00a0 DISPONIBLE<\/mark><\/strong><\/h5>\n\n\n\n<i class=\"fa fa-chevron-right\" style=\"color: #81d742\"><\/i> Brochure qualit\u00e9 \u00a0de la viande cunicole<\/p>\n\n\n\n<i class=\"fa fa-chevron-right\" style=\"color: #81d742\"><\/i> Brochure recettes avec la viande cunicole<\/p>\n\n\n\n<i class=\"fa fa-chevron-right\" style=\"color: #81d742\"><\/i> Fiches de suivi technique<\/p>\n","protected":false},"excerpt":{"rendered":"<p>Le secteur cunicole a \u00e9volu\u00e9 au cours de ces 20 derni\u00e8res ann\u00e9es, le nombre d&#8217;unit\u00e9s femelles est pass\u00e9 de 20 milles unit\u00e9s femelles en 1990 \u00e0 40 milles unit\u00e9s femelles en 2020, dont pr\u00e9s de 55%&nbsp; proviennent de l&#8217;\u00e9levage industriel. L&#8217;\u00e9levage cunicole tunisien, compte 250 \u00e9leveurs industriel et semi industriel ayant au moins 50 unit\u00e9s [&hellip;]<\/p>\n","protected":false},"author":1,"featured_media":0,"parent":0,"menu_order":0,"comment_status":"closed","ping_status":"closed","template":"","meta":{"_themeisle_gutenberg_block_has_review":false,"footnotes":""},"class_list":["post-891","page","type-page","status-publish","hentry"],"yoast_head":"<!-- This site is optimized with the Yoast SEO plugin v26.0 - https:\/\/yoast.com\/wordpress\/plugins\/seo\/ -->\n<title>Cuniculture - Office de l&#039;Elevage et des P\u00e2turages<\/title>\n<meta name=\"robots\" content=\"index, follow, max-snippet:-1, max-image-preview:large, max-video-preview:-1\" \/>\n<link rel=\"canonical\" href=\"https:\/\/www.oep.tn\/\u0642\u0637\u0627\u0639-\u062a\u0631\u0628\u064a\u0629-\u0627\u0644\u0627\u0631\u0627\u0646\u0628\/\" \/>\n<meta property=\"og:locale\" content=\"fr_FR\" \/>\n<meta property=\"og:type\" content=\"article\" \/>\n<meta property=\"og:title\" content=\"Cuniculture - Office de l&#039;Elevage et des P\u00e2turages\" \/>\n<meta property=\"og:description\" content=\"Le secteur cunicole a \u00e9volu\u00e9 au cours de ces 20 derni\u00e8res ann\u00e9es, le nombre d&#8217;unit\u00e9s femelles est pass\u00e9 de 20 milles unit\u00e9s femelles en 1990 \u00e0 40 milles unit\u00e9s femelles en 2020, dont pr\u00e9s de 55%&nbsp; proviennent de l&#8217;\u00e9levage industriel. L&#8217;\u00e9levage cunicole tunisien, compte 250 \u00e9leveurs industriel et semi industriel ayant au moins 50 unit\u00e9s [&hellip;]\" \/>\n<meta property=\"og:url\" content=\"https:\/\/www.oep.tn\/\u0642\u0637\u0627\u0639-\u062a\u0631\u0628\u064a\u0629-\u0627\u0644\u0627\u0631\u0627\u0646\u0628\/\" \/>\n<meta property=\"og:site_name\" content=\"Office de l&#039;Elevage et des P\u00e2turages\" \/>\n<meta property=\"article:modified_time\" content=\"2023-03-28T08:08:10+00:00\" \/>\n<meta name=\"twitter:card\" content=\"summary_large_image\" \/>\n<meta name=\"twitter:label1\" content=\"Dur\u00e9e de lecture estim\u00e9e\" \/>\n\t<meta name=\"twitter:data1\" content=\"5 minutes\" \/>\n<script type=\"application\/ld+json\" class=\"yoast-schema-graph\">{\"@context\":\"https:\/\/schema.org\",\"@graph\":[{\"@type\":\"WebPage\",\"@id\":\"https:\/\/www.oep.tn\/%d9%82%d8%b7%d8%a7%d8%b9-%d8%aa%d8%b1%d8%a8%d9%8a%d8%a9-%d8%a7%d9%84%d8%a7%d8%b1%d8%a7%d9%86%d8%a8\/\",\"url\":\"https:\/\/www.oep.tn\/%d9%82%d8%b7%d8%a7%d8%b9-%d8%aa%d8%b1%d8%a8%d9%8a%d8%a9-%d8%a7%d9%84%d8%a7%d8%b1%d8%a7%d9%86%d8%a8\/\",\"name\":\"Cuniculture - Office de l&#039;Elevage et des P\u00e2turages\",\"isPartOf\":{\"@id\":\"https:\/\/www.oep.tn\/#website\"},\"datePublished\":\"2022-07-12T12:35:38+00:00\",\"dateModified\":\"2023-03-28T08:08:10+00:00\",\"breadcrumb\":{\"@id\":\"https:\/\/www.oep.tn\/%d9%82%d8%b7%d8%a7%d8%b9-%d8%aa%d8%b1%d8%a8%d9%8a%d8%a9-%d8%a7%d9%84%d8%a7%d8%b1%d8%a7%d9%86%d8%a8\/#breadcrumb\"},\"inLanguage\":\"fr-FR\",\"potentialAction\":[{\"@type\":\"ReadAction\",\"target\":[\"https:\/\/www.oep.tn\/%d9%82%d8%b7%d8%a7%d8%b9-%d8%aa%d8%b1%d8%a8%d9%8a%d8%a9-%d8%a7%d9%84%d8%a7%d8%b1%d8%a7%d9%86%d8%a8\/\"]}]},{\"@type\":\"BreadcrumbList\",\"@id\":\"https:\/\/www.oep.tn\/%d9%82%d8%b7%d8%a7%d8%b9-%d8%aa%d8%b1%d8%a8%d9%8a%d8%a9-%d8%a7%d9%84%d8%a7%d8%b1%d8%a7%d9%86%d8%a8\/#breadcrumb\",\"itemListElement\":[{\"@type\":\"ListItem\",\"position\":1,\"name\":\"Accueil\",\"item\":\"https:\/\/www.oep.tn\/fr\/\"},{\"@type\":\"ListItem\",\"position\":2,\"name\":\"Cuniculture\"}]},{\"@type\":\"WebSite\",\"@id\":\"https:\/\/www.oep.tn\/#website\",\"url\":\"https:\/\/www.oep.tn\/\",\"name\":\"Office de l'Elevage et des P\u00e2turages\",\"description\":\"Office de l&#039;Elevage et des P\u00e2turages\",\"publisher\":{\"@id\":\"https:\/\/www.oep.tn\/#organization\"},\"alternateName\":\"Office de l'Elevage et des P\u00e2turages\",\"potentialAction\":[{\"@type\":\"SearchAction\",\"target\":{\"@type\":\"EntryPoint\",\"urlTemplate\":\"https:\/\/www.oep.tn\/?s={search_term_string}\"},\"query-input\":{\"@type\":\"PropertyValueSpecification\",\"valueRequired\":true,\"valueName\":\"search_term_string\"}}],\"inLanguage\":\"fr-FR\"},{\"@type\":\"Organization\",\"@id\":\"https:\/\/www.oep.tn\/#organization\",\"name\":\"Office de l'Elevage et des Patuages\",\"url\":\"https:\/\/www.oep.tn\/\",\"logo\":{\"@type\":\"ImageObject\",\"inLanguage\":\"fr-FR\",\"@id\":\"https:\/\/www.oep.tn\/#\/schema\/logo\/image\/\",\"url\":\"https:\/\/www.oep.tn\/wp-content\/uploads\/2022\/11\/logo-oep-arabe-2.png\",\"contentUrl\":\"https:\/\/www.oep.tn\/wp-content\/uploads\/2022\/11\/logo-oep-arabe-2.png\",\"width\":567,\"height\":142,\"caption\":\"Office de l'Elevage et des Patuages\"},\"image\":{\"@id\":\"https:\/\/www.oep.tn\/#\/schema\/logo\/image\/\"}}]}<\/script>\n<!-- \/ Yoast SEO plugin. -->","yoast_head_json":{"title":"Cuniculture - Office de l&#039;Elevage et des P\u00e2turages","robots":{"index":"index","follow":"follow","max-snippet":"max-snippet:-1","max-image-preview":"max-image-preview:large","max-video-preview":"max-video-preview:-1"},"canonical":"https:\/\/www.oep.tn\/\u0642\u0637\u0627\u0639-\u062a\u0631\u0628\u064a\u0629-\u0627\u0644\u0627\u0631\u0627\u0646\u0628\/","og_locale":"fr_FR","og_type":"article","og_title":"Cuniculture - Office de l&#039;Elevage et des P\u00e2turages","og_description":"Le secteur cunicole a \u00e9volu\u00e9 au cours de ces 20 derni\u00e8res ann\u00e9es, le nombre d&#8217;unit\u00e9s femelles est pass\u00e9 de 20 milles unit\u00e9s femelles en 1990 \u00e0 40 milles unit\u00e9s femelles en 2020, dont pr\u00e9s de 55%&nbsp; proviennent de l&#8217;\u00e9levage industriel. L&#8217;\u00e9levage cunicole tunisien, compte 250 \u00e9leveurs industriel et semi industriel ayant au moins 50 unit\u00e9s [&hellip;]","og_url":"https:\/\/www.oep.tn\/\u0642\u0637\u0627\u0639-\u062a\u0631\u0628\u064a\u0629-\u0627\u0644\u0627\u0631\u0627\u0646\u0628\/","og_site_name":"Office de l&#039;Elevage et des P\u00e2turages","article_modified_time":"2023-03-28T08:08:10+00:00","twitter_card":"summary_large_image","twitter_misc":{"Dur\u00e9e de lecture estim\u00e9e":"5 minutes"},"schema":{"@context":"https:\/\/schema.org","@graph":[{"@type":"WebPage","@id":"https:\/\/www.oep.tn\/%d9%82%d8%b7%d8%a7%d8%b9-%d8%aa%d8%b1%d8%a8%d9%8a%d8%a9-%d8%a7%d9%84%d8%a7%d8%b1%d8%a7%d9%86%d8%a8\/","url":"https:\/\/www.oep.tn\/%d9%82%d8%b7%d8%a7%d8%b9-%d8%aa%d8%b1%d8%a8%d9%8a%d8%a9-%d8%a7%d9%84%d8%a7%d8%b1%d8%a7%d9%86%d8%a8\/","name":"Cuniculture - Office de l&#039;Elevage et des P\u00e2turages","isPartOf":{"@id":"https:\/\/www.oep.tn\/#website"},"datePublished":"2022-07-12T12:35:38+00:00","dateModified":"2023-03-28T08:08:10+00:00","breadcrumb":{"@id":"https:\/\/www.oep.tn\/%d9%82%d8%b7%d8%a7%d8%b9-%d8%aa%d8%b1%d8%a8%d9%8a%d8%a9-%d8%a7%d9%84%d8%a7%d8%b1%d8%a7%d9%86%d8%a8\/#breadcrumb"},"inLanguage":"fr-FR","potentialAction":[{"@type":"ReadAction","target":["https:\/\/www.oep.tn\/%d9%82%d8%b7%d8%a7%d8%b9-%d8%aa%d8%b1%d8%a8%d9%8a%d8%a9-%d8%a7%d9%84%d8%a7%d8%b1%d8%a7%d9%86%d8%a8\/"]}]},{"@type":"BreadcrumbList","@id":"https:\/\/www.oep.tn\/%d9%82%d8%b7%d8%a7%d8%b9-%d8%aa%d8%b1%d8%a8%d9%8a%d8%a9-%d8%a7%d9%84%d8%a7%d8%b1%d8%a7%d9%86%d8%a8\/#breadcrumb","itemListElement":[{"@type":"ListItem","position":1,"name":"Accueil","item":"https:\/\/www.oep.tn\/fr\/"},{"@type":"ListItem","position":2,"name":"Cuniculture"}]},{"@type":"WebSite","@id":"https:\/\/www.oep.tn\/#website","url":"https:\/\/www.oep.tn\/","name":"Office de l'Elevage et des P\u00e2turages","description":"Office de l&#039;Elevage et des P\u00e2turages","publisher":{"@id":"https:\/\/www.oep.tn\/#organization"},"alternateName":"Office de l'Elevage et des P\u00e2turages","potentialAction":[{"@type":"SearchAction","target":{"@type":"EntryPoint","urlTemplate":"https:\/\/www.oep.tn\/?s={search_term_string}"},"query-input":{"@type":"PropertyValueSpecification","valueRequired":true,"valueName":"search_term_string"}}],"inLanguage":"fr-FR"},{"@type":"Organization","@id":"https:\/\/www.oep.tn\/#organization","name":"Office de l'Elevage et des Patuages","url":"https:\/\/www.oep.tn\/","logo":{"@type":"ImageObject","inLanguage":"fr-FR","@id":"https:\/\/www.oep.tn\/#\/schema\/logo\/image\/","url":"https:\/\/www.oep.tn\/wp-content\/uploads\/2022\/11\/logo-oep-arabe-2.png","contentUrl":"https:\/\/www.oep.tn\/wp-content\/uploads\/2022\/11\/logo-oep-arabe-2.png","width":567,"height":142,"caption":"Office de l'Elevage et des Patuages"},"image":{"@id":"https:\/\/www.oep.tn\/#\/schema\/logo\/image\/"}}]}},"_links":{"self":[{"href":"https:\/\/www.oep.tn\/fr\/wp-json\/wp\/v2\/pages\/891","targetHints":{"allow":["GET"]}}],"collection":[{"href":"https:\/\/www.oep.tn\/fr\/wp-json\/wp\/v2\/pages"}],"about":[{"href":"https:\/\/www.oep.tn\/fr\/wp-json\/wp\/v2\/types\/page"}],"author":[{"embeddable":true,"href":"https:\/\/www.oep.tn\/fr\/wp-json\/wp\/v2\/users\/1"}],"replies":[{"embeddable":true,"href":"https:\/\/www.oep.tn\/fr\/wp-json\/wp\/v2\/comments?post=891"}],"version-history":[{"count":6,"href":"https:\/\/www.oep.tn\/fr\/wp-json\/wp\/v2\/pages\/891\/revisions"}],"predecessor-version":[{"id":3352,"href":"https:\/\/www.oep.tn\/fr\/wp-json\/wp\/v2\/pages\/891\/revisions\/3352"}],"wp:attachment":[{"href":"https:\/\/www.oep.tn\/fr\/wp-json\/wp\/v2\/media?parent=891"}],"curies":[{"name":"wp","href":"https:\/\/api.w.org\/{rel}","templated":true}]}}