


































































{"id":896,"date":"2022-07-12T15:04:39","date_gmt":"2022-07-12T13:04:39","guid":{"rendered":"https:\/\/www.oep.tn\/?page_id=896"},"modified":"2023-03-01T12:17:04","modified_gmt":"2023-03-01T11:17:04","slug":"aviculture","status":"publish","type":"page","link":"https:\/\/www.oep.tn\/fr\/aviculture\/","title":{"rendered":"Elevage poulet fermier"},"content":{"rendered":"\n<p><strong><span class=\"has-inline-color has-thr-acc-color\">Le secteur de l&#8217;\u00e9levage de poulets de ferme &nbsp;et de volaille selon le mod\u00e8le biologique<\/span><\/strong><\/p>\n\n\n\n<p>&nbsp;&nbsp;&nbsp; Dans le cadre des programmes de d\u00e9veloppement, l\u2019OEP a travaill\u00e9 \u00e0 la r\u00e9alisation de la premi\u00e8re \u00e9tude technico-\u00e9conomique relative au secteur de l&#8217;\u00e9levage de poulets de ferme &nbsp;et volailles selon le mode biologique, secteur qui a connu l&#8217;int\u00e9r\u00eat de certains \u00e9leveurs depuis 2011.<\/p>\n\n\n\n<p>&nbsp;Au cours de la derni\u00e8re d\u00e9cennie, l\u2019office de l\u2019\u00e9levage et des de p\u00e2turages a travaill\u00e9 sur le d\u00e9veloppement de ce secteur depuis l\u2019\u00e9laboration de cette l&#8217;\u00e9tude technico-\u00e9conomique pour le lancement d\u2019un projet d&#8217;\u00e9levage de volailles selon le mod\u00e8le biologique.<\/p>\n\n\n\n<p>Cette \u00e9tude a mis en \u00e9vidence plusieurs points positifs sur le plan technique, \u00e9conomique et social qui ont permis de pr\u00e9parer un premier projet national de d\u00e9veloppement de la fili\u00e8re avicole selon le mode biologique.<\/p>\n\n\n\n<p>&nbsp;&nbsp;&nbsp; L&#8217;\u00e9levage de volaille selon le mod\u00e8le biologique se caract\u00e9rise par sa faisabilit\u00e9 \u00e9conomique, car il ne n\u00e9cessite pas d&#8217;investissements \u00e9lev\u00e9s, et permet \u00e0 son tour des b\u00e9n\u00e9fices importants gr\u00e2ce \u00e0 la valorisation du produit et \u00e0 l&#8217;am\u00e9lioration de la production, par exemple, un projet &nbsp;de 400 poulets : viande + \u0153ufs avec un co\u00fbt total de 20 000 dinars, permet des b\u00e9n\u00e9fices estim\u00e9s \u00e0 : 10 000 dinars par an. Dans ce cadre, il peut employer un nombre important &nbsp;de ceux qui souhaitent lancer de nouveaux projets toute en &nbsp;contribuent \u00e0 renforcer ce dispositif et \u00e0 cr\u00e9er des emplois suppl\u00e9mentaires.<\/p>\n\n\n\n<p>Malgr\u00e9 ces avantages, le nombre de projets est rest\u00e9 limit\u00e9 au niveau national, car il ne d\u00e9passait pas 06 projets approuv\u00e9s, incapables de mettre en place une fili\u00e8re int\u00e9gr\u00e9 garantissant la p\u00e9rennit\u00e9 de cette activit\u00e9.<\/p>\n\n\n\n<p>Parmi les obstacles les plus importants rencontr\u00e9s par les \u00e9leveurs, et qui ont eu un impact n\u00e9gatif sur le d\u00e9veloppement du nombre de projets selon le mod\u00e8le biologique on peut citer :<\/p>\n\n\n\n<p>&#8211; Races limit\u00e9es compatibles avec l&#8217;\u00e9levage selon le mod\u00e8le biologique.<\/p>\n\n\n\n<p>&#8211; Disponibilit\u00e9 limit\u00e9e d&#8217;aliments biologiques pour volailles en absence d&#8217;aliments concentr\u00e9s biologiques.<\/p>\n\n\n\n<p>&#8211; Difficult\u00e9 \u00e0 appliquer le cahier des charges li\u00e9 \u00e0 l&#8217;aviculture selon le mode biologique.<\/p>\n\n\n\n<p>&#8211; Difficult\u00e9 \u00e0 acqu\u00e9rir certaines interventions d&#8217;aviculture selon le mode biologique.<\/p>\n\n\n\n<p>Afin de remettre en cause les difficult\u00e9s et les obstacles li\u00e9s \u00e0 l&#8217;aviculture selon le mode biologique et d&#8217;activer la m\u00e9thodologie qui a \u00e9t\u00e9 prise \u00e0 cet effet, l\u2019OEP a soutenu le d\u00e9veloppement &nbsp;du projet national de&nbsp; la fili\u00e8re d&#8217;\u00e9levage de poulets de ferme, soulignant son int\u00e9r\u00eat social et \u00e9conomique en pr\u00e9sentant ses composantes et ses objectifs avec une \u00e9tude et des programmes d&#8217;interventions et l\u2019\u00e9laboration d\u2019 un plan de d\u00e9veloppement annuel qui contribue au d\u00e9veloppement de ce secteur.<\/p>\n\n\n\n<p>&nbsp;&nbsp;&nbsp; L\u2019OEP a tenu \u00e0 encadrer tous les projets exemplaires d&#8217;\u00e9levage de poulets de ferme dans les diff\u00e9rents gouvernorats de la R\u00e9publique, afin &nbsp;d&#8217;am\u00e9liorer la productivit\u00e9 et d&#8217;organiser la fili\u00e8re en fixant un programme de travail qui assure :<\/p>\n\n\n\n<p>&#8211; La formation des techniciens de L\u2019OEP sur les techniques d&#8217;\u00e9levage de poulets de ferme &nbsp;et d&#8217;\u00e9levage de poulets selon le mode biologique afin d&#8217;assurer l&#8217;encadrement des nouveaux promoteurs.<\/p>\n\n\n\n<p>&#8211; Encourager les investissements dans ce secteur et travailler au lancement de projets mod\u00e8les utilisant des races de G\u00e9noise &nbsp;et de Rode Islande &nbsp;dans les Diff\u00e9rents &nbsp;r\u00e9gions.<\/p>\n\n\n\n<p>&#8211; Am\u00e9lioration g\u00e9n\u00e9tique des souches utilis\u00e9es.<\/p>\n\n\n\n<p>&#8211; Inciter \u00e0 la constitution d&#8217;une soci\u00e9t\u00e9 mutuelle regroupant les \u00e9leveurs, avec pour objectif principal la r\u00e9gulation de la fili\u00e8re.<\/p>\n\n\n\n<p>&#8211; Le Suivi technique et \u00e9conomique de certains projets.<\/p>\n\n\n\n<p>&nbsp;&nbsp; Le nombre de projets d&#8217;\u00e9levage de poulets fermiers en 2020 s&#8217;\u00e9l\u00e8ve \u00e0 600 projets mod\u00e8les r\u00e9partis entre divers jeunes entrepreneurs, projets de coop\u00e9ration internationale et associations de d\u00e9veloppement dans les r\u00e9gions, et le nombre de structures professionnelles actives dans la fili\u00e8re &nbsp;a atteint 31 structures professionnelles en 2020.<\/p>\n","protected":false},"excerpt":{"rendered":"<p>Le secteur de l&#8217;\u00e9levage de poulets de ferme &nbsp;et de volaille selon le mod\u00e8le biologique &nbsp;&nbsp;&nbsp; Dans le cadre des programmes de d\u00e9veloppement, l\u2019OEP a travaill\u00e9 \u00e0 la r\u00e9alisation de la premi\u00e8re \u00e9tude technico-\u00e9conomique relative au secteur de l&#8217;\u00e9levage de poulets de ferme &nbsp;et volailles selon le mode biologique, secteur qui a connu l&#8217;int\u00e9r\u00eat de [&hellip;]<\/p>\n","protected":false},"author":1,"featured_media":0,"parent":0,"menu_order":0,"comment_status":"closed","ping_status":"closed","template":"","meta":{"_themeisle_gutenberg_block_has_review":false,"footnotes":""},"class_list":["post-896","page","type-page","status-publish","hentry"],"yoast_head":"<!-- This site is optimized with the Yoast SEO plugin v26.0 - https:\/\/yoast.com\/wordpress\/plugins\/seo\/ -->\n<title>Elevage poulet fermier - Office de l&#039;Elevage et des P\u00e2turages<\/title>\n<meta name=\"robots\" content=\"index, follow, max-snippet:-1, max-image-preview:large, max-video-preview:-1\" \/>\n<link rel=\"canonical\" href=\"https:\/\/www.oep.tn\/\u0642\u0637\u0627\u0639-\u062a\u0631\u0628\u064a\u0629-\u062f\u062c\u0627\u062c-\u0627\u0644\u0636\u064a\u0639\u0629-\u0648-\u062a\u0631\u0628\u064a\u0629-\u0627\u0644\u062f\u0648\u0627\u062c\u0646-2\/\" \/>\n<meta property=\"og:locale\" content=\"fr_FR\" \/>\n<meta property=\"og:type\" content=\"article\" \/>\n<meta property=\"og:title\" content=\"Elevage poulet fermier - Office de l&#039;Elevage et des P\u00e2turages\" \/>\n<meta property=\"og:description\" content=\"Le secteur de l&#8217;\u00e9levage de poulets de ferme &nbsp;et de volaille selon le mod\u00e8le biologique &nbsp;&nbsp;&nbsp; Dans le cadre des programmes de d\u00e9veloppement, l\u2019OEP a travaill\u00e9 \u00e0 la r\u00e9alisation de la premi\u00e8re \u00e9tude technico-\u00e9conomique relative au secteur de l&#8217;\u00e9levage de poulets de ferme &nbsp;et volailles selon le mode biologique, secteur qui a connu l&#8217;int\u00e9r\u00eat de [&hellip;]\" \/>\n<meta property=\"og:url\" content=\"https:\/\/www.oep.tn\/\u0642\u0637\u0627\u0639-\u062a\u0631\u0628\u064a\u0629-\u062f\u062c\u0627\u062c-\u0627\u0644\u0636\u064a\u0639\u0629-\u0648-\u062a\u0631\u0628\u064a\u0629-\u0627\u0644\u062f\u0648\u0627\u062c\u0646-2\/\" \/>\n<meta property=\"og:site_name\" content=\"Office de l&#039;Elevage et des P\u00e2turages\" \/>\n<meta property=\"article:modified_time\" content=\"2023-03-01T11:17:04+00:00\" \/>\n<meta name=\"twitter:card\" content=\"summary_large_image\" \/>\n<meta name=\"twitter:label1\" content=\"Dur\u00e9e de lecture estim\u00e9e\" \/>\n\t<meta name=\"twitter:data1\" content=\"3 minutes\" \/>\n<script type=\"application\/ld+json\" class=\"yoast-schema-graph\">{\"@context\":\"https:\/\/schema.org\",\"@graph\":[{\"@type\":\"WebPage\",\"@id\":\"https:\/\/www.oep.tn\/%d9%82%d8%b7%d8%a7%d8%b9-%d8%aa%d8%b1%d8%a8%d9%8a%d8%a9-%d8%af%d8%ac%d8%a7%d8%ac-%d8%a7%d9%84%d8%b6%d9%8a%d8%b9%d8%a9-%d9%88-%d8%aa%d8%b1%d8%a8%d9%8a%d8%a9-%d8%a7%d9%84%d8%af%d9%88%d8%a7%d8%ac%d9%86-2\/\",\"url\":\"https:\/\/www.oep.tn\/%d9%82%d8%b7%d8%a7%d8%b9-%d8%aa%d8%b1%d8%a8%d9%8a%d8%a9-%d8%af%d8%ac%d8%a7%d8%ac-%d8%a7%d9%84%d8%b6%d9%8a%d8%b9%d8%a9-%d9%88-%d8%aa%d8%b1%d8%a8%d9%8a%d8%a9-%d8%a7%d9%84%d8%af%d9%88%d8%a7%d8%ac%d9%86-2\/\",\"name\":\"Elevage poulet fermier - Office de l&#039;Elevage et des P\u00e2turages\",\"isPartOf\":{\"@id\":\"https:\/\/www.oep.tn\/#website\"},\"datePublished\":\"2022-07-12T13:04:39+00:00\",\"dateModified\":\"2023-03-01T11:17:04+00:00\",\"breadcrumb\":{\"@id\":\"https:\/\/www.oep.tn\/%d9%82%d8%b7%d8%a7%d8%b9-%d8%aa%d8%b1%d8%a8%d9%8a%d8%a9-%d8%af%d8%ac%d8%a7%d8%ac-%d8%a7%d9%84%d8%b6%d9%8a%d8%b9%d8%a9-%d9%88-%d8%aa%d8%b1%d8%a8%d9%8a%d8%a9-%d8%a7%d9%84%d8%af%d9%88%d8%a7%d8%ac%d9%86-2\/#breadcrumb\"},\"inLanguage\":\"fr-FR\",\"potentialAction\":[{\"@type\":\"ReadAction\",\"target\":[\"https:\/\/www.oep.tn\/%d9%82%d8%b7%d8%a7%d8%b9-%d8%aa%d8%b1%d8%a8%d9%8a%d8%a9-%d8%af%d8%ac%d8%a7%d8%ac-%d8%a7%d9%84%d8%b6%d9%8a%d8%b9%d8%a9-%d9%88-%d8%aa%d8%b1%d8%a8%d9%8a%d8%a9-%d8%a7%d9%84%d8%af%d9%88%d8%a7%d8%ac%d9%86-2\/\"]}]},{\"@type\":\"BreadcrumbList\",\"@id\":\"https:\/\/www.oep.tn\/%d9%82%d8%b7%d8%a7%d8%b9-%d8%aa%d8%b1%d8%a8%d9%8a%d8%a9-%d8%af%d8%ac%d8%a7%d8%ac-%d8%a7%d9%84%d8%b6%d9%8a%d8%b9%d8%a9-%d9%88-%d8%aa%d8%b1%d8%a8%d9%8a%d8%a9-%d8%a7%d9%84%d8%af%d9%88%d8%a7%d8%ac%d9%86-2\/#breadcrumb\",\"itemListElement\":[{\"@type\":\"ListItem\",\"position\":1,\"name\":\"Accueil\",\"item\":\"https:\/\/www.oep.tn\/fr\/\"},{\"@type\":\"ListItem\",\"position\":2,\"name\":\"Elevage poulet fermier\"}]},{\"@type\":\"WebSite\",\"@id\":\"https:\/\/www.oep.tn\/#website\",\"url\":\"https:\/\/www.oep.tn\/\",\"name\":\"Office de l'Elevage et des P\u00e2turages\",\"description\":\"Office de l&#039;Elevage et des P\u00e2turages\",\"publisher\":{\"@id\":\"https:\/\/www.oep.tn\/#organization\"},\"alternateName\":\"Office de l'Elevage et des P\u00e2turages\",\"potentialAction\":[{\"@type\":\"SearchAction\",\"target\":{\"@type\":\"EntryPoint\",\"urlTemplate\":\"https:\/\/www.oep.tn\/?s={search_term_string}\"},\"query-input\":{\"@type\":\"PropertyValueSpecification\",\"valueRequired\":true,\"valueName\":\"search_term_string\"}}],\"inLanguage\":\"fr-FR\"},{\"@type\":\"Organization\",\"@id\":\"https:\/\/www.oep.tn\/#organization\",\"name\":\"Office de l'Elevage et des Patuages\",\"url\":\"https:\/\/www.oep.tn\/\",\"logo\":{\"@type\":\"ImageObject\",\"inLanguage\":\"fr-FR\",\"@id\":\"https:\/\/www.oep.tn\/#\/schema\/logo\/image\/\",\"url\":\"https:\/\/www.oep.tn\/wp-content\/uploads\/2022\/11\/logo-oep-arabe-2.png\",\"contentUrl\":\"https:\/\/www.oep.tn\/wp-content\/uploads\/2022\/11\/logo-oep-arabe-2.png\",\"width\":567,\"height\":142,\"caption\":\"Office de l'Elevage et des Patuages\"},\"image\":{\"@id\":\"https:\/\/www.oep.tn\/#\/schema\/logo\/image\/\"}}]}<\/script>\n<!-- \/ Yoast SEO plugin. -->","yoast_head_json":{"title":"Elevage poulet fermier - Office de l&#039;Elevage et des P\u00e2turages","robots":{"index":"index","follow":"follow","max-snippet":"max-snippet:-1","max-image-preview":"max-image-preview:large","max-video-preview":"max-video-preview:-1"},"canonical":"https:\/\/www.oep.tn\/\u0642\u0637\u0627\u0639-\u062a\u0631\u0628\u064a\u0629-\u062f\u062c\u0627\u062c-\u0627\u0644\u0636\u064a\u0639\u0629-\u0648-\u062a\u0631\u0628\u064a\u0629-\u0627\u0644\u062f\u0648\u0627\u062c\u0646-2\/","og_locale":"fr_FR","og_type":"article","og_title":"Elevage poulet fermier - Office de l&#039;Elevage et des P\u00e2turages","og_description":"Le secteur de l&#8217;\u00e9levage de poulets de ferme &nbsp;et de volaille selon le mod\u00e8le biologique &nbsp;&nbsp;&nbsp; Dans le cadre des programmes de d\u00e9veloppement, l\u2019OEP a travaill\u00e9 \u00e0 la r\u00e9alisation de la premi\u00e8re \u00e9tude technico-\u00e9conomique relative au secteur de l&#8217;\u00e9levage de poulets de ferme &nbsp;et volailles selon le mode biologique, secteur qui a connu l&#8217;int\u00e9r\u00eat de [&hellip;]","og_url":"https:\/\/www.oep.tn\/\u0642\u0637\u0627\u0639-\u062a\u0631\u0628\u064a\u0629-\u062f\u062c\u0627\u062c-\u0627\u0644\u0636\u064a\u0639\u0629-\u0648-\u062a\u0631\u0628\u064a\u0629-\u0627\u0644\u062f\u0648\u0627\u062c\u0646-2\/","og_site_name":"Office de l&#039;Elevage et des P\u00e2turages","article_modified_time":"2023-03-01T11:17:04+00:00","twitter_card":"summary_large_image","twitter_misc":{"Dur\u00e9e de lecture estim\u00e9e":"3 minutes"},"schema":{"@context":"https:\/\/schema.org","@graph":[{"@type":"WebPage","@id":"https:\/\/www.oep.tn\/%d9%82%d8%b7%d8%a7%d8%b9-%d8%aa%d8%b1%d8%a8%d9%8a%d8%a9-%d8%af%d8%ac%d8%a7%d8%ac-%d8%a7%d9%84%d8%b6%d9%8a%d8%b9%d8%a9-%d9%88-%d8%aa%d8%b1%d8%a8%d9%8a%d8%a9-%d8%a7%d9%84%d8%af%d9%88%d8%a7%d8%ac%d9%86-2\/","url":"https:\/\/www.oep.tn\/%d9%82%d8%b7%d8%a7%d8%b9-%d8%aa%d8%b1%d8%a8%d9%8a%d8%a9-%d8%af%d8%ac%d8%a7%d8%ac-%d8%a7%d9%84%d8%b6%d9%8a%d8%b9%d8%a9-%d9%88-%d8%aa%d8%b1%d8%a8%d9%8a%d8%a9-%d8%a7%d9%84%d8%af%d9%88%d8%a7%d8%ac%d9%86-2\/","name":"Elevage poulet fermier - Office de l&#039;Elevage et des P\u00e2turages","isPartOf":{"@id":"https:\/\/www.oep.tn\/#website"},"datePublished":"2022-07-12T13:04:39+00:00","dateModified":"2023-03-01T11:17:04+00:00","breadcrumb":{"@id":"https:\/\/www.oep.tn\/%d9%82%d8%b7%d8%a7%d8%b9-%d8%aa%d8%b1%d8%a8%d9%8a%d8%a9-%d8%af%d8%ac%d8%a7%d8%ac-%d8%a7%d9%84%d8%b6%d9%8a%d8%b9%d8%a9-%d9%88-%d8%aa%d8%b1%d8%a8%d9%8a%d8%a9-%d8%a7%d9%84%d8%af%d9%88%d8%a7%d8%ac%d9%86-2\/#breadcrumb"},"inLanguage":"fr-FR","potentialAction":[{"@type":"ReadAction","target":["https:\/\/www.oep.tn\/%d9%82%d8%b7%d8%a7%d8%b9-%d8%aa%d8%b1%d8%a8%d9%8a%d8%a9-%d8%af%d8%ac%d8%a7%d8%ac-%d8%a7%d9%84%d8%b6%d9%8a%d8%b9%d8%a9-%d9%88-%d8%aa%d8%b1%d8%a8%d9%8a%d8%a9-%d8%a7%d9%84%d8%af%d9%88%d8%a7%d8%ac%d9%86-2\/"]}]},{"@type":"BreadcrumbList","@id":"https:\/\/www.oep.tn\/%d9%82%d8%b7%d8%a7%d8%b9-%d8%aa%d8%b1%d8%a8%d9%8a%d8%a9-%d8%af%d8%ac%d8%a7%d8%ac-%d8%a7%d9%84%d8%b6%d9%8a%d8%b9%d8%a9-%d9%88-%d8%aa%d8%b1%d8%a8%d9%8a%d8%a9-%d8%a7%d9%84%d8%af%d9%88%d8%a7%d8%ac%d9%86-2\/#breadcrumb","itemListElement":[{"@type":"ListItem","position":1,"name":"Accueil","item":"https:\/\/www.oep.tn\/fr\/"},{"@type":"ListItem","position":2,"name":"Elevage poulet fermier"}]},{"@type":"WebSite","@id":"https:\/\/www.oep.tn\/#website","url":"https:\/\/www.oep.tn\/","name":"Office de l'Elevage et des P\u00e2turages","description":"Office de l&#039;Elevage et des P\u00e2turages","publisher":{"@id":"https:\/\/www.oep.tn\/#organization"},"alternateName":"Office de l'Elevage et des P\u00e2turages","potentialAction":[{"@type":"SearchAction","target":{"@type":"EntryPoint","urlTemplate":"https:\/\/www.oep.tn\/?s={search_term_string}"},"query-input":{"@type":"PropertyValueSpecification","valueRequired":true,"valueName":"search_term_string"}}],"inLanguage":"fr-FR"},{"@type":"Organization","@id":"https:\/\/www.oep.tn\/#organization","name":"Office de l'Elevage et des Patuages","url":"https:\/\/www.oep.tn\/","logo":{"@type":"ImageObject","inLanguage":"fr-FR","@id":"https:\/\/www.oep.tn\/#\/schema\/logo\/image\/","url":"https:\/\/www.oep.tn\/wp-content\/uploads\/2022\/11\/logo-oep-arabe-2.png","contentUrl":"https:\/\/www.oep.tn\/wp-content\/uploads\/2022\/11\/logo-oep-arabe-2.png","width":567,"height":142,"caption":"Office de l'Elevage et des Patuages"},"image":{"@id":"https:\/\/www.oep.tn\/#\/schema\/logo\/image\/"}}]}},"_links":{"self":[{"href":"https:\/\/www.oep.tn\/fr\/wp-json\/wp\/v2\/pages\/896","targetHints":{"allow":["GET"]}}],"collection":[{"href":"https:\/\/www.oep.tn\/fr\/wp-json\/wp\/v2\/pages"}],"about":[{"href":"https:\/\/www.oep.tn\/fr\/wp-json\/wp\/v2\/types\/page"}],"author":[{"embeddable":true,"href":"https:\/\/www.oep.tn\/fr\/wp-json\/wp\/v2\/users\/1"}],"replies":[{"embeddable":true,"href":"https:\/\/www.oep.tn\/fr\/wp-json\/wp\/v2\/comments?post=896"}],"version-history":[{"count":2,"href":"https:\/\/www.oep.tn\/fr\/wp-json\/wp\/v2\/pages\/896\/revisions"}],"predecessor-version":[{"id":3047,"href":"https:\/\/www.oep.tn\/fr\/wp-json\/wp\/v2\/pages\/896\/revisions\/3047"}],"wp:attachment":[{"href":"https:\/\/www.oep.tn\/fr\/wp-json\/wp\/v2\/media?parent=896"}],"curies":[{"name":"wp","href":"https:\/\/api.w.org\/{rel}","templated":true}]}}