


































































{"id":904,"date":"2022-07-12T15:36:08","date_gmt":"2022-07-12T13:36:08","guid":{"rendered":"https:\/\/www.oep.tn\/?page_id=904"},"modified":"2022-07-12T15:36:09","modified_gmt":"2022-07-12T13:36:09","slug":"heliciculture","status":"publish","type":"page","link":"https:\/\/www.oep.tn\/fr\/heliciculture\/","title":{"rendered":"H\u00e9liciculture"},"content":{"rendered":"\n<p><span class=\"has-inline-color has-thr-acc-color\">Secteur de l&#8217;\u00e9levage d&#8217;escargots<\/span><\/p>\n\n\n\n<p>&nbsp;&nbsp;&nbsp;&nbsp;&nbsp; Au cours des derni\u00e8res ann\u00e9es le secteur de l&#8217;\u00e9levage d&#8217;escargots a connu des difficult\u00e9s au niveau de la commercialisation &nbsp;des productions, ce qui a eu un impact n\u00e9gatif sur le nombre de projets actifs.<\/p>\n\n\n\n<p>&nbsp;&nbsp; Apr\u00e8s l&#8217;approbation d\u00e9finitive du projet de cahier des charges et de son programme de tra\u00e7abilit\u00e9 &nbsp;en 2017, et l&#8217;inauguration d&#8217;une station de transformation et de conditionnement d&#8217;escargots et sa mise \u00e0 disposition de la Soci\u00e9t\u00e9 mutuelle &nbsp;des Eleveurs d&#8217;Escargots en juin 2018, de nombreux \u00e9leveurs ont d\u00e9cid\u00e9 de revenir sur cette activit\u00e9 progressivement avec le succ\u00e8s du processus d&#8217;exportation et la garantie de march\u00e9s \u00e0 l&#8217;\u00e9tranger.<\/p>\n\n\n\n<p>&nbsp;&nbsp;&nbsp;&nbsp;&nbsp;&nbsp; En parall\u00e8le et face aux difficult\u00e9s qu&#8217;a connues la fili\u00e8re en 2017, au niveau du d\u00e9marrage et l&#8217;exploitation de la station et de l&#8217;exportation du produit, deux commissions nationales ont \u00e9t\u00e9 envoy\u00e9es au sein du Minist\u00e8re de l&#8217;Agriculture, des Ressources hydrauliques et de la P\u00eache pour examiner toutes les questions li\u00e9es \u00e0 l&#8217;organisation de l&#8217;activit\u00e9 d&#8217;\u00e9levage d&#8217;escargots et \u00e0 proposer des mesures pour \u00e9viter les difficult\u00e9s rencontr\u00e9es dans l&#8217;activit\u00e9.<\/p>\n\n\n\n<p>&#8211; Une commission paritaire charg\u00e9e d&#8217;organiser la fili\u00e8re \u00e9levage d&#8217;escargots selon la d\u00e9cision n\u00b0591 du 17 f\u00e9vrier 2017.<\/p>\n\n\n\n<p>&#8211; Un comit\u00e9 de suivi de la mise en \u0153uvre de la premi\u00e8re phase du projet de cr\u00e9ation d&#8217;un centre mod\u00e8le de transformation et conditionnement des produits agricoles,. qui consiste \u00e0 mettre en place une unit\u00e9 de conditionnement et de transformation des escargots sauvages selon la d\u00e9cision n\u00b0770 du 2 mars, 2017.<\/p>\n\n\n\n<p>L\u2019OEP a particip\u00e9 aux travaux de ces comit\u00e9s en tant que membre repr\u00e9sentatif des deux commissions.<\/p>\n\n\n\n<p>Face aux difficult\u00e9s financi\u00e8res rencontr\u00e9es par la Soci\u00e9t\u00e9 mutuelle &nbsp;des Eleveurs d&#8217;Escargots (diminution du nombre d\u2019\u00e9leveurs) et \u00e0 la difficult\u00e9 des d\u00e9marches administratives pour l\u2019obtention de l&#8217;agr\u00e9ment sanitaire de la station &nbsp;de transformation et de conditionnement d&#8217;escargots, il a \u00e9t\u00e9 convenu de payer les frais de cet agr\u00e9ment par l&#8217;Office de l\u2019\u00e9levage et des p\u00e2turages comme support \u00e0 la profession.<\/p>\n\n\n\n<p>Malgr\u00e9 tous les efforts d\u00e9ploy\u00e9s par L\u2019o.e.p et \u00e0 la soci\u00e9t\u00e9 mutuelle des \u00e9leveurs d\u2019escargots afin de promouvoir le produit, les quantit\u00e9s export\u00e9es \u00e0 l&#8217;\u00e9tranger ces derni\u00e8res ann\u00e9es n&#8217;\u00e9taient pas importantes et se limitaient \u00e0 un ensemble d&#8217;\u00e9chantillons afin d&#8217;introduire cette production sur le march\u00e9 mondiale.<\/p>\n\n\n\n<p>&nbsp;&nbsp;&nbsp;&nbsp;&nbsp; Afin d&#8217;accompagner la Soci\u00e9t\u00e9 mutuelle &nbsp;des Eleveurs d&#8217;Escargots et d&#8217;am\u00e9liorer ses performances, la signature d&#8217;un accord de coop\u00e9ration entre elle et L\u2019O.E.P a \u00e9t\u00e9 renouvel\u00e9e en novembre 2019. Ses objectifs se r\u00e9sument en :<\/p>\n\n\n\n<p>&#8211; D\u00e9velopper le secteur de l&#8217;\u00e9levage d&#8217;escargots et assurer sa p\u00e9rennit\u00e9.<\/p>\n\n\n\n<p>&#8211; Etablir et d\u00e9velopper les diff\u00e9rents maillons de la fili\u00e8re.<\/p>\n\n\n\n<p>&#8211; La fourniture&nbsp; de l\u2019aide et de l\u2019accompagnement n\u00e9cessaires &nbsp;\u00e0 la soci\u00e9t\u00e9 &nbsp;pour l&#8217;acquisition des \u00e9l\u00e9ments d&#8217;une institution \u00e9conomique performante.<\/p>\n\n\n\n<p>L\u2019OEP a \u00e9galement pr\u00e9par\u00e9 un programme d&#8217;intervention renouvel\u00e9 et ajust\u00e9 annuellement en fonction des besoins de la Soci\u00e9t\u00e9 mutuelle &nbsp;des \u00c9leveurs d&#8217;Escargots, apr\u00e8s \u00e9valuation de tous les travaux et r\u00e9alisations ant\u00e9rieurs.<\/p>\n\n\n\n<p>Le nombre d&#8217;\u00e9leveurs actifs dans la fili\u00e8re en 2020 a atteint 20, et le nombre de m\u00e8res productives a atteint 140 000 m\u00e8res d&#8217;escargots.<\/p>\n","protected":false},"excerpt":{"rendered":"<p>Secteur de l&#8217;\u00e9levage d&#8217;escargots &nbsp;&nbsp;&nbsp;&nbsp;&nbsp; Au cours des derni\u00e8res ann\u00e9es le secteur de l&#8217;\u00e9levage d&#8217;escargots a connu des difficult\u00e9s au niveau de la commercialisation &nbsp;des productions, ce qui a eu un impact n\u00e9gatif sur le nombre de projets actifs. &nbsp;&nbsp; Apr\u00e8s l&#8217;approbation d\u00e9finitive du projet de cahier des charges et de son programme de tra\u00e7abilit\u00e9 [&hellip;]<\/p>\n","protected":false},"author":1,"featured_media":0,"parent":0,"menu_order":0,"comment_status":"closed","ping_status":"closed","template":"","meta":{"_themeisle_gutenberg_block_has_review":false,"footnotes":""},"class_list":["post-904","page","type-page","status-publish","hentry"],"yoast_head":"<!-- This site is optimized with the Yoast SEO plugin v26.0 - https:\/\/yoast.com\/wordpress\/plugins\/seo\/ -->\n<title>H\u00e9liciculture - Office de l&#039;Elevage et des P\u00e2turages<\/title>\n<meta name=\"robots\" content=\"index, follow, max-snippet:-1, max-image-preview:large, max-video-preview:-1\" \/>\n<link rel=\"canonical\" href=\"https:\/\/www.oep.tn\/\u0642\u0637\u0627\u0639-\u062a\u0631\u0628\u064a\u0629-\u0627\u0644\u062d\u0644\u0632\u0648\u0646\/\" \/>\n<meta property=\"og:locale\" content=\"fr_FR\" \/>\n<meta property=\"og:type\" content=\"article\" \/>\n<meta property=\"og:title\" content=\"H\u00e9liciculture - Office de l&#039;Elevage et des P\u00e2turages\" \/>\n<meta property=\"og:description\" content=\"Secteur de l&#8217;\u00e9levage d&#8217;escargots &nbsp;&nbsp;&nbsp;&nbsp;&nbsp; Au cours des derni\u00e8res ann\u00e9es le secteur de l&#8217;\u00e9levage d&#8217;escargots a connu des difficult\u00e9s au niveau de la commercialisation &nbsp;des productions, ce qui a eu un impact n\u00e9gatif sur le nombre de projets actifs. &nbsp;&nbsp; Apr\u00e8s l&#8217;approbation d\u00e9finitive du projet de cahier des charges et de son programme de tra\u00e7abilit\u00e9 [&hellip;]\" \/>\n<meta property=\"og:url\" content=\"https:\/\/www.oep.tn\/\u0642\u0637\u0627\u0639-\u062a\u0631\u0628\u064a\u0629-\u0627\u0644\u062d\u0644\u0632\u0648\u0646\/\" \/>\n<meta property=\"og:site_name\" content=\"Office de l&#039;Elevage et des P\u00e2turages\" \/>\n<meta property=\"article:modified_time\" content=\"2022-07-12T13:36:09+00:00\" \/>\n<meta name=\"twitter:card\" content=\"summary_large_image\" \/>\n<meta name=\"twitter:label1\" content=\"Dur\u00e9e de lecture estim\u00e9e\" \/>\n\t<meta name=\"twitter:data1\" content=\"3 minutes\" \/>\n<script type=\"application\/ld+json\" class=\"yoast-schema-graph\">{\"@context\":\"https:\/\/schema.org\",\"@graph\":[{\"@type\":\"WebPage\",\"@id\":\"https:\/\/www.oep.tn\/%d9%82%d8%b7%d8%a7%d8%b9-%d8%aa%d8%b1%d8%a8%d9%8a%d8%a9-%d8%a7%d9%84%d8%ad%d9%84%d8%b2%d9%88%d9%86\/\",\"url\":\"https:\/\/www.oep.tn\/%d9%82%d8%b7%d8%a7%d8%b9-%d8%aa%d8%b1%d8%a8%d9%8a%d8%a9-%d8%a7%d9%84%d8%ad%d9%84%d8%b2%d9%88%d9%86\/\",\"name\":\"H\u00e9liciculture - Office de l&#039;Elevage et des P\u00e2turages\",\"isPartOf\":{\"@id\":\"https:\/\/www.oep.tn\/#website\"},\"datePublished\":\"2022-07-12T13:36:08+00:00\",\"dateModified\":\"2022-07-12T13:36:09+00:00\",\"breadcrumb\":{\"@id\":\"https:\/\/www.oep.tn\/%d9%82%d8%b7%d8%a7%d8%b9-%d8%aa%d8%b1%d8%a8%d9%8a%d8%a9-%d8%a7%d9%84%d8%ad%d9%84%d8%b2%d9%88%d9%86\/#breadcrumb\"},\"inLanguage\":\"fr-FR\",\"potentialAction\":[{\"@type\":\"ReadAction\",\"target\":[\"https:\/\/www.oep.tn\/%d9%82%d8%b7%d8%a7%d8%b9-%d8%aa%d8%b1%d8%a8%d9%8a%d8%a9-%d8%a7%d9%84%d8%ad%d9%84%d8%b2%d9%88%d9%86\/\"]}]},{\"@type\":\"BreadcrumbList\",\"@id\":\"https:\/\/www.oep.tn\/%d9%82%d8%b7%d8%a7%d8%b9-%d8%aa%d8%b1%d8%a8%d9%8a%d8%a9-%d8%a7%d9%84%d8%ad%d9%84%d8%b2%d9%88%d9%86\/#breadcrumb\",\"itemListElement\":[{\"@type\":\"ListItem\",\"position\":1,\"name\":\"Accueil\",\"item\":\"https:\/\/www.oep.tn\/fr\/\"},{\"@type\":\"ListItem\",\"position\":2,\"name\":\"H\u00e9liciculture\"}]},{\"@type\":\"WebSite\",\"@id\":\"https:\/\/www.oep.tn\/#website\",\"url\":\"https:\/\/www.oep.tn\/\",\"name\":\"Office de l'Elevage et des P\u00e2turages\",\"description\":\"Office de l&#039;Elevage et des P\u00e2turages\",\"publisher\":{\"@id\":\"https:\/\/www.oep.tn\/#organization\"},\"alternateName\":\"Office de l'Elevage et des P\u00e2turages\",\"potentialAction\":[{\"@type\":\"SearchAction\",\"target\":{\"@type\":\"EntryPoint\",\"urlTemplate\":\"https:\/\/www.oep.tn\/?s={search_term_string}\"},\"query-input\":{\"@type\":\"PropertyValueSpecification\",\"valueRequired\":true,\"valueName\":\"search_term_string\"}}],\"inLanguage\":\"fr-FR\"},{\"@type\":\"Organization\",\"@id\":\"https:\/\/www.oep.tn\/#organization\",\"name\":\"Office de l'Elevage et des Patuages\",\"url\":\"https:\/\/www.oep.tn\/\",\"logo\":{\"@type\":\"ImageObject\",\"inLanguage\":\"fr-FR\",\"@id\":\"https:\/\/www.oep.tn\/#\/schema\/logo\/image\/\",\"url\":\"https:\/\/www.oep.tn\/wp-content\/uploads\/2022\/11\/logo-oep-arabe-2.png\",\"contentUrl\":\"https:\/\/www.oep.tn\/wp-content\/uploads\/2022\/11\/logo-oep-arabe-2.png\",\"width\":567,\"height\":142,\"caption\":\"Office de l'Elevage et des Patuages\"},\"image\":{\"@id\":\"https:\/\/www.oep.tn\/#\/schema\/logo\/image\/\"}}]}<\/script>\n<!-- \/ Yoast SEO plugin. -->","yoast_head_json":{"title":"H\u00e9liciculture - Office de l&#039;Elevage et des P\u00e2turages","robots":{"index":"index","follow":"follow","max-snippet":"max-snippet:-1","max-image-preview":"max-image-preview:large","max-video-preview":"max-video-preview:-1"},"canonical":"https:\/\/www.oep.tn\/\u0642\u0637\u0627\u0639-\u062a\u0631\u0628\u064a\u0629-\u0627\u0644\u062d\u0644\u0632\u0648\u0646\/","og_locale":"fr_FR","og_type":"article","og_title":"H\u00e9liciculture - Office de l&#039;Elevage et des P\u00e2turages","og_description":"Secteur de l&#8217;\u00e9levage d&#8217;escargots &nbsp;&nbsp;&nbsp;&nbsp;&nbsp; Au cours des derni\u00e8res ann\u00e9es le secteur de l&#8217;\u00e9levage d&#8217;escargots a connu des difficult\u00e9s au niveau de la commercialisation &nbsp;des productions, ce qui a eu un impact n\u00e9gatif sur le nombre de projets actifs. &nbsp;&nbsp; Apr\u00e8s l&#8217;approbation d\u00e9finitive du projet de cahier des charges et de son programme de tra\u00e7abilit\u00e9 [&hellip;]","og_url":"https:\/\/www.oep.tn\/\u0642\u0637\u0627\u0639-\u062a\u0631\u0628\u064a\u0629-\u0627\u0644\u062d\u0644\u0632\u0648\u0646\/","og_site_name":"Office de l&#039;Elevage et des P\u00e2turages","article_modified_time":"2022-07-12T13:36:09+00:00","twitter_card":"summary_large_image","twitter_misc":{"Dur\u00e9e de lecture estim\u00e9e":"3 minutes"},"schema":{"@context":"https:\/\/schema.org","@graph":[{"@type":"WebPage","@id":"https:\/\/www.oep.tn\/%d9%82%d8%b7%d8%a7%d8%b9-%d8%aa%d8%b1%d8%a8%d9%8a%d8%a9-%d8%a7%d9%84%d8%ad%d9%84%d8%b2%d9%88%d9%86\/","url":"https:\/\/www.oep.tn\/%d9%82%d8%b7%d8%a7%d8%b9-%d8%aa%d8%b1%d8%a8%d9%8a%d8%a9-%d8%a7%d9%84%d8%ad%d9%84%d8%b2%d9%88%d9%86\/","name":"H\u00e9liciculture - Office de l&#039;Elevage et des P\u00e2turages","isPartOf":{"@id":"https:\/\/www.oep.tn\/#website"},"datePublished":"2022-07-12T13:36:08+00:00","dateModified":"2022-07-12T13:36:09+00:00","breadcrumb":{"@id":"https:\/\/www.oep.tn\/%d9%82%d8%b7%d8%a7%d8%b9-%d8%aa%d8%b1%d8%a8%d9%8a%d8%a9-%d8%a7%d9%84%d8%ad%d9%84%d8%b2%d9%88%d9%86\/#breadcrumb"},"inLanguage":"fr-FR","potentialAction":[{"@type":"ReadAction","target":["https:\/\/www.oep.tn\/%d9%82%d8%b7%d8%a7%d8%b9-%d8%aa%d8%b1%d8%a8%d9%8a%d8%a9-%d8%a7%d9%84%d8%ad%d9%84%d8%b2%d9%88%d9%86\/"]}]},{"@type":"BreadcrumbList","@id":"https:\/\/www.oep.tn\/%d9%82%d8%b7%d8%a7%d8%b9-%d8%aa%d8%b1%d8%a8%d9%8a%d8%a9-%d8%a7%d9%84%d8%ad%d9%84%d8%b2%d9%88%d9%86\/#breadcrumb","itemListElement":[{"@type":"ListItem","position":1,"name":"Accueil","item":"https:\/\/www.oep.tn\/fr\/"},{"@type":"ListItem","position":2,"name":"H\u00e9liciculture"}]},{"@type":"WebSite","@id":"https:\/\/www.oep.tn\/#website","url":"https:\/\/www.oep.tn\/","name":"Office de l'Elevage et des P\u00e2turages","description":"Office de l&#039;Elevage et des P\u00e2turages","publisher":{"@id":"https:\/\/www.oep.tn\/#organization"},"alternateName":"Office de l'Elevage et des P\u00e2turages","potentialAction":[{"@type":"SearchAction","target":{"@type":"EntryPoint","urlTemplate":"https:\/\/www.oep.tn\/?s={search_term_string}"},"query-input":{"@type":"PropertyValueSpecification","valueRequired":true,"valueName":"search_term_string"}}],"inLanguage":"fr-FR"},{"@type":"Organization","@id":"https:\/\/www.oep.tn\/#organization","name":"Office de l'Elevage et des Patuages","url":"https:\/\/www.oep.tn\/","logo":{"@type":"ImageObject","inLanguage":"fr-FR","@id":"https:\/\/www.oep.tn\/#\/schema\/logo\/image\/","url":"https:\/\/www.oep.tn\/wp-content\/uploads\/2022\/11\/logo-oep-arabe-2.png","contentUrl":"https:\/\/www.oep.tn\/wp-content\/uploads\/2022\/11\/logo-oep-arabe-2.png","width":567,"height":142,"caption":"Office de l'Elevage et des Patuages"},"image":{"@id":"https:\/\/www.oep.tn\/#\/schema\/logo\/image\/"}}]}},"_links":{"self":[{"href":"https:\/\/www.oep.tn\/fr\/wp-json\/wp\/v2\/pages\/904","targetHints":{"allow":["GET"]}}],"collection":[{"href":"https:\/\/www.oep.tn\/fr\/wp-json\/wp\/v2\/pages"}],"about":[{"href":"https:\/\/www.oep.tn\/fr\/wp-json\/wp\/v2\/types\/page"}],"author":[{"embeddable":true,"href":"https:\/\/www.oep.tn\/fr\/wp-json\/wp\/v2\/users\/1"}],"replies":[{"embeddable":true,"href":"https:\/\/www.oep.tn\/fr\/wp-json\/wp\/v2\/comments?post=904"}],"version-history":[{"count":1,"href":"https:\/\/www.oep.tn\/fr\/wp-json\/wp\/v2\/pages\/904\/revisions"}],"predecessor-version":[{"id":905,"href":"https:\/\/www.oep.tn\/fr\/wp-json\/wp\/v2\/pages\/904\/revisions\/905"}],"wp:attachment":[{"href":"https:\/\/www.oep.tn\/fr\/wp-json\/wp\/v2\/media?parent=904"}],"curies":[{"name":"wp","href":"https:\/\/api.w.org\/{rel}","templated":true}]}}