


































































{"id":906,"date":"2022-07-12T15:37:13","date_gmt":"2022-07-12T13:37:13","guid":{"rendered":"https:\/\/www.oep.tn\/?page_id=906"},"modified":"2023-03-01T12:14:41","modified_gmt":"2023-03-01T11:14:41","slug":"caille","status":"publish","type":"page","link":"https:\/\/www.oep.tn\/fr\/caille\/","title":{"rendered":"Elevage des cailles"},"content":{"rendered":"\n<p><strong><span class=\"has-inline-color has-thr-acc-color\">Secteur d&#8217;\u00e9levage de cailles<\/span><\/strong><\/p>\n\n\n\n<p>&nbsp;&nbsp;&nbsp;&nbsp; Le secteur de l&#8217;\u00e9levage de cailles a connu un d\u00e9veloppement du nombre de projets ces derni\u00e8res ann\u00e9es, et l&#8217;apport de L\u2019OEP a \u00e9t\u00e9 efficace pour les nouveaux promoteurs, car il a fourni tous les facteurs de succ\u00e8s pour les \u00e9leveurs (formation et fourniture d&#8217;\u00e9tudes techniques et \u00e9conomiques, suivi \u00e0 la pr\u00e9paration et \u00e0 la division des unit\u00e9s d&#8217;\u00e9levage, l&#8217;aide \u00e0 la pr\u00e9paration et \u00e0 la fourniture du mat\u00e9riel et au suivi de la phase de d\u00e9marrage, Production, et commercialisation du produit avec les \u00e9leveurs)<\/p>\n\n\n\n<p>&nbsp;&nbsp;&nbsp; L\u2019OEP a servi de lien entre tous les \u00e9leveurs afin de faire connaissance, en attendant la constitution d&#8217;une soci\u00e9t\u00e9 mutuelle d&#8217;\u00e9leveurs de cailles dont l&#8217;objectif principal est de d\u00e9velopper la fili\u00e8re et de faciliter le processus de promotion.<\/p>\n\n\n\n<p>&nbsp;&nbsp;&nbsp;&nbsp;&nbsp;&nbsp; Ce secteur est consid\u00e9r\u00e9 comme prometteur et m\u00e9rite d&#8217;\u00eatre encourag\u00e9 en raison de ses caract\u00e9ristiques techniques (secteur pouvant \u00eatre \u00e9tendu et exploit\u00e9 dans l&#8217;ensemble des r\u00e9gions de la R\u00e9publique du nord au sud), \u00e9conomiques (puisqu&#8217;il ne n\u00e9cessite ni propri\u00e9t\u00e9 fonci\u00e8re ni investissements \u00e9lev\u00e9s, et en rendement permet des taux de profit importants) et social (projets s&#8217;inscrivent &nbsp;pour &nbsp;toutes les cat\u00e9gories &nbsp;de la soci\u00e9t\u00e9 : jeunes entrepreneurs, titulaires d&#8217;un dipl\u00f4me sup\u00e9rieur, femmes rurales&#8230;).<\/p>\n\n\n\n<p>&nbsp;&nbsp;&nbsp; En 2020, le nombre d\u2019\u00e9leveurs a atteint 140, et le taux de suivi &nbsp;des projets a atteint 78%.<\/p>\n\n\n\n<p>&nbsp;&nbsp;&nbsp;&nbsp; Quant \u00e0 la production nationale, elle a atteint 420 tonnes de viande de caille en 2020.<\/p>\n","protected":false},"excerpt":{"rendered":"<p>Secteur d&#8217;\u00e9levage de cailles &nbsp;&nbsp;&nbsp;&nbsp; Le secteur de l&#8217;\u00e9levage de cailles a connu un d\u00e9veloppement du nombre de projets ces derni\u00e8res ann\u00e9es, et l&#8217;apport de L\u2019OEP a \u00e9t\u00e9 efficace pour les nouveaux promoteurs, car il a fourni tous les facteurs de succ\u00e8s pour les \u00e9leveurs (formation et fourniture d&#8217;\u00e9tudes techniques et \u00e9conomiques, suivi \u00e0 la [&hellip;]<\/p>\n","protected":false},"author":1,"featured_media":0,"parent":0,"menu_order":0,"comment_status":"closed","ping_status":"closed","template":"","meta":{"_themeisle_gutenberg_block_has_review":false,"footnotes":""},"class_list":["post-906","page","type-page","status-publish","hentry"],"yoast_head":"<!-- This site is optimized with the Yoast SEO plugin v26.0 - https:\/\/yoast.com\/wordpress\/plugins\/seo\/ -->\n<title>Elevage des cailles - Office de l&#039;Elevage et des P\u00e2turages<\/title>\n<meta name=\"robots\" content=\"index, follow, max-snippet:-1, max-image-preview:large, max-video-preview:-1\" \/>\n<link rel=\"canonical\" href=\"https:\/\/www.oep.tn\/\u0642\u0637\u0627\u0639-\u062a\u0631\u0628\u064a\u0629-\u0627\u0644\u0633\u0645\u0627\u0646\/\" \/>\n<meta property=\"og:locale\" content=\"fr_FR\" \/>\n<meta property=\"og:type\" content=\"article\" \/>\n<meta property=\"og:title\" content=\"Elevage des cailles - Office de l&#039;Elevage et des P\u00e2turages\" \/>\n<meta property=\"og:description\" content=\"Secteur d&#8217;\u00e9levage de cailles &nbsp;&nbsp;&nbsp;&nbsp; Le secteur de l&#8217;\u00e9levage de cailles a connu un d\u00e9veloppement du nombre de projets ces derni\u00e8res ann\u00e9es, et l&#8217;apport de L\u2019OEP a \u00e9t\u00e9 efficace pour les nouveaux promoteurs, car il a fourni tous les facteurs de succ\u00e8s pour les \u00e9leveurs (formation et fourniture d&#8217;\u00e9tudes techniques et \u00e9conomiques, suivi \u00e0 la [&hellip;]\" \/>\n<meta property=\"og:url\" content=\"https:\/\/www.oep.tn\/\u0642\u0637\u0627\u0639-\u062a\u0631\u0628\u064a\u0629-\u0627\u0644\u0633\u0645\u0627\u0646\/\" \/>\n<meta property=\"og:site_name\" content=\"Office de l&#039;Elevage et des P\u00e2turages\" \/>\n<meta property=\"article:modified_time\" content=\"2023-03-01T11:14:41+00:00\" \/>\n<meta name=\"twitter:card\" content=\"summary_large_image\" \/>\n<meta name=\"twitter:label1\" content=\"Dur\u00e9e de lecture estim\u00e9e\" \/>\n\t<meta name=\"twitter:data1\" content=\"1 minute\" \/>\n<script type=\"application\/ld+json\" class=\"yoast-schema-graph\">{\"@context\":\"https:\/\/schema.org\",\"@graph\":[{\"@type\":\"WebPage\",\"@id\":\"https:\/\/www.oep.tn\/%d9%82%d8%b7%d8%a7%d8%b9-%d8%aa%d8%b1%d8%a8%d9%8a%d8%a9-%d8%a7%d9%84%d8%b3%d9%85%d8%a7%d9%86\/\",\"url\":\"https:\/\/www.oep.tn\/%d9%82%d8%b7%d8%a7%d8%b9-%d8%aa%d8%b1%d8%a8%d9%8a%d8%a9-%d8%a7%d9%84%d8%b3%d9%85%d8%a7%d9%86\/\",\"name\":\"Elevage des cailles - Office de l&#039;Elevage et des P\u00e2turages\",\"isPartOf\":{\"@id\":\"https:\/\/www.oep.tn\/#website\"},\"datePublished\":\"2022-07-12T13:37:13+00:00\",\"dateModified\":\"2023-03-01T11:14:41+00:00\",\"breadcrumb\":{\"@id\":\"https:\/\/www.oep.tn\/%d9%82%d8%b7%d8%a7%d8%b9-%d8%aa%d8%b1%d8%a8%d9%8a%d8%a9-%d8%a7%d9%84%d8%b3%d9%85%d8%a7%d9%86\/#breadcrumb\"},\"inLanguage\":\"fr-FR\",\"potentialAction\":[{\"@type\":\"ReadAction\",\"target\":[\"https:\/\/www.oep.tn\/%d9%82%d8%b7%d8%a7%d8%b9-%d8%aa%d8%b1%d8%a8%d9%8a%d8%a9-%d8%a7%d9%84%d8%b3%d9%85%d8%a7%d9%86\/\"]}]},{\"@type\":\"BreadcrumbList\",\"@id\":\"https:\/\/www.oep.tn\/%d9%82%d8%b7%d8%a7%d8%b9-%d8%aa%d8%b1%d8%a8%d9%8a%d8%a9-%d8%a7%d9%84%d8%b3%d9%85%d8%a7%d9%86\/#breadcrumb\",\"itemListElement\":[{\"@type\":\"ListItem\",\"position\":1,\"name\":\"Accueil\",\"item\":\"https:\/\/www.oep.tn\/fr\/\"},{\"@type\":\"ListItem\",\"position\":2,\"name\":\"Elevage des cailles\"}]},{\"@type\":\"WebSite\",\"@id\":\"https:\/\/www.oep.tn\/#website\",\"url\":\"https:\/\/www.oep.tn\/\",\"name\":\"Office de l'Elevage et des P\u00e2turages\",\"description\":\"Office de l&#039;Elevage et des P\u00e2turages\",\"publisher\":{\"@id\":\"https:\/\/www.oep.tn\/#organization\"},\"alternateName\":\"Office de l'Elevage et des P\u00e2turages\",\"potentialAction\":[{\"@type\":\"SearchAction\",\"target\":{\"@type\":\"EntryPoint\",\"urlTemplate\":\"https:\/\/www.oep.tn\/?s={search_term_string}\"},\"query-input\":{\"@type\":\"PropertyValueSpecification\",\"valueRequired\":true,\"valueName\":\"search_term_string\"}}],\"inLanguage\":\"fr-FR\"},{\"@type\":\"Organization\",\"@id\":\"https:\/\/www.oep.tn\/#organization\",\"name\":\"Office de l'Elevage et des Patuages\",\"url\":\"https:\/\/www.oep.tn\/\",\"logo\":{\"@type\":\"ImageObject\",\"inLanguage\":\"fr-FR\",\"@id\":\"https:\/\/www.oep.tn\/#\/schema\/logo\/image\/\",\"url\":\"https:\/\/www.oep.tn\/wp-content\/uploads\/2022\/11\/logo-oep-arabe-2.png\",\"contentUrl\":\"https:\/\/www.oep.tn\/wp-content\/uploads\/2022\/11\/logo-oep-arabe-2.png\",\"width\":567,\"height\":142,\"caption\":\"Office de l'Elevage et des Patuages\"},\"image\":{\"@id\":\"https:\/\/www.oep.tn\/#\/schema\/logo\/image\/\"}}]}<\/script>\n<!-- \/ Yoast SEO plugin. -->","yoast_head_json":{"title":"Elevage des cailles - Office de l&#039;Elevage et des P\u00e2turages","robots":{"index":"index","follow":"follow","max-snippet":"max-snippet:-1","max-image-preview":"max-image-preview:large","max-video-preview":"max-video-preview:-1"},"canonical":"https:\/\/www.oep.tn\/\u0642\u0637\u0627\u0639-\u062a\u0631\u0628\u064a\u0629-\u0627\u0644\u0633\u0645\u0627\u0646\/","og_locale":"fr_FR","og_type":"article","og_title":"Elevage des cailles - Office de l&#039;Elevage et des P\u00e2turages","og_description":"Secteur d&#8217;\u00e9levage de cailles &nbsp;&nbsp;&nbsp;&nbsp; Le secteur de l&#8217;\u00e9levage de cailles a connu un d\u00e9veloppement du nombre de projets ces derni\u00e8res ann\u00e9es, et l&#8217;apport de L\u2019OEP a \u00e9t\u00e9 efficace pour les nouveaux promoteurs, car il a fourni tous les facteurs de succ\u00e8s pour les \u00e9leveurs (formation et fourniture d&#8217;\u00e9tudes techniques et \u00e9conomiques, suivi \u00e0 la [&hellip;]","og_url":"https:\/\/www.oep.tn\/\u0642\u0637\u0627\u0639-\u062a\u0631\u0628\u064a\u0629-\u0627\u0644\u0633\u0645\u0627\u0646\/","og_site_name":"Office de l&#039;Elevage et des P\u00e2turages","article_modified_time":"2023-03-01T11:14:41+00:00","twitter_card":"summary_large_image","twitter_misc":{"Dur\u00e9e de lecture estim\u00e9e":"1 minute"},"schema":{"@context":"https:\/\/schema.org","@graph":[{"@type":"WebPage","@id":"https:\/\/www.oep.tn\/%d9%82%d8%b7%d8%a7%d8%b9-%d8%aa%d8%b1%d8%a8%d9%8a%d8%a9-%d8%a7%d9%84%d8%b3%d9%85%d8%a7%d9%86\/","url":"https:\/\/www.oep.tn\/%d9%82%d8%b7%d8%a7%d8%b9-%d8%aa%d8%b1%d8%a8%d9%8a%d8%a9-%d8%a7%d9%84%d8%b3%d9%85%d8%a7%d9%86\/","name":"Elevage des cailles - Office de l&#039;Elevage et des P\u00e2turages","isPartOf":{"@id":"https:\/\/www.oep.tn\/#website"},"datePublished":"2022-07-12T13:37:13+00:00","dateModified":"2023-03-01T11:14:41+00:00","breadcrumb":{"@id":"https:\/\/www.oep.tn\/%d9%82%d8%b7%d8%a7%d8%b9-%d8%aa%d8%b1%d8%a8%d9%8a%d8%a9-%d8%a7%d9%84%d8%b3%d9%85%d8%a7%d9%86\/#breadcrumb"},"inLanguage":"fr-FR","potentialAction":[{"@type":"ReadAction","target":["https:\/\/www.oep.tn\/%d9%82%d8%b7%d8%a7%d8%b9-%d8%aa%d8%b1%d8%a8%d9%8a%d8%a9-%d8%a7%d9%84%d8%b3%d9%85%d8%a7%d9%86\/"]}]},{"@type":"BreadcrumbList","@id":"https:\/\/www.oep.tn\/%d9%82%d8%b7%d8%a7%d8%b9-%d8%aa%d8%b1%d8%a8%d9%8a%d8%a9-%d8%a7%d9%84%d8%b3%d9%85%d8%a7%d9%86\/#breadcrumb","itemListElement":[{"@type":"ListItem","position":1,"name":"Accueil","item":"https:\/\/www.oep.tn\/fr\/"},{"@type":"ListItem","position":2,"name":"Elevage des cailles"}]},{"@type":"WebSite","@id":"https:\/\/www.oep.tn\/#website","url":"https:\/\/www.oep.tn\/","name":"Office de l'Elevage et des P\u00e2turages","description":"Office de l&#039;Elevage et des P\u00e2turages","publisher":{"@id":"https:\/\/www.oep.tn\/#organization"},"alternateName":"Office de l'Elevage et des P\u00e2turages","potentialAction":[{"@type":"SearchAction","target":{"@type":"EntryPoint","urlTemplate":"https:\/\/www.oep.tn\/?s={search_term_string}"},"query-input":{"@type":"PropertyValueSpecification","valueRequired":true,"valueName":"search_term_string"}}],"inLanguage":"fr-FR"},{"@type":"Organization","@id":"https:\/\/www.oep.tn\/#organization","name":"Office de l'Elevage et des Patuages","url":"https:\/\/www.oep.tn\/","logo":{"@type":"ImageObject","inLanguage":"fr-FR","@id":"https:\/\/www.oep.tn\/#\/schema\/logo\/image\/","url":"https:\/\/www.oep.tn\/wp-content\/uploads\/2022\/11\/logo-oep-arabe-2.png","contentUrl":"https:\/\/www.oep.tn\/wp-content\/uploads\/2022\/11\/logo-oep-arabe-2.png","width":567,"height":142,"caption":"Office de l'Elevage et des Patuages"},"image":{"@id":"https:\/\/www.oep.tn\/#\/schema\/logo\/image\/"}}]}},"_links":{"self":[{"href":"https:\/\/www.oep.tn\/fr\/wp-json\/wp\/v2\/pages\/906","targetHints":{"allow":["GET"]}}],"collection":[{"href":"https:\/\/www.oep.tn\/fr\/wp-json\/wp\/v2\/pages"}],"about":[{"href":"https:\/\/www.oep.tn\/fr\/wp-json\/wp\/v2\/types\/page"}],"author":[{"embeddable":true,"href":"https:\/\/www.oep.tn\/fr\/wp-json\/wp\/v2\/users\/1"}],"replies":[{"embeddable":true,"href":"https:\/\/www.oep.tn\/fr\/wp-json\/wp\/v2\/comments?post=906"}],"version-history":[{"count":2,"href":"https:\/\/www.oep.tn\/fr\/wp-json\/wp\/v2\/pages\/906\/revisions"}],"predecessor-version":[{"id":3045,"href":"https:\/\/www.oep.tn\/fr\/wp-json\/wp\/v2\/pages\/906\/revisions\/3045"}],"wp:attachment":[{"href":"https:\/\/www.oep.tn\/fr\/wp-json\/wp\/v2\/media?parent=906"}],"curies":[{"name":"wp","href":"https:\/\/api.w.org\/{rel}","templated":true}]}}