


































































{"id":921,"date":"2022-07-13T10:08:59","date_gmt":"2022-07-13T08:08:59","guid":{"rendered":"https:\/\/www.oep.tn\/?page_id=921"},"modified":"2023-02-03T13:30:12","modified_gmt":"2023-02-03T12:30:12","slug":"identification-animale-2","status":"publish","type":"page","link":"https:\/\/www.oep.tn\/fr\/identification-animale-2\/","title":{"rendered":"Identification"},"content":{"rendered":"\n<div style=\"height:15px\" aria-hidden=\"true\" class=\"wp-block-spacer\"><\/div>\n\n\n\n<div class=\"wp-block-group\"><div class=\"wp-block-group__inner-container is-layout-flow wp-block-group-is-layout-flow\">\n<div class=\"wp-block-columns is-layout-flex wp-container-core-columns-is-layout-9d6595d7 wp-block-columns-is-layout-flex\">\n<div class=\"wp-block-column is-layout-flow wp-block-column-is-layout-flow\">\n<p> <i class=\"fa fa-chevron-right\" style=\"color: #81d742\"><\/i> Impression et fourniture des boucles num\u00e9rot\u00e9es et des documents d&#8217;enregistrement<\/p>\n<\/div>\n\n\n\n<div class=\"wp-block-column is-layout-flow wp-block-column-is-layout-flow\">\n<p> <i class=\"fa fa-chevron-right\" style=\"color: #81d742\"><\/i>  Pose des boucles&nbsp;et enregistrement dans la base nationale des donn\u00e9es de l\u2019identification<\/p>\n<\/div>\n<\/div>\n<\/div><\/div>\n\n\n\n<div class=\"wp-block-group\"><div class=\"wp-block-group__inner-container is-layout-flow wp-block-group-is-layout-flow\">\n<div class=\"wp-block-columns is-layout-flex wp-container-core-columns-is-layout-9d6595d7 wp-block-columns-is-layout-flex\">\n<div class=\"wp-block-column is-layout-flow wp-block-column-is-layout-flow\">\n<p> <i class=\"fa fa-chevron-right\" style=\"color: #81d742\"><\/i> Edition et fourniture du &#8220;certificat d&#8217;identification&#8221; ou &#8220;passeport&#8221;<\/p>\n<\/div>\n\n\n\n<div class=\"wp-block-column is-layout-flow wp-block-column-is-layout-flow\">\n<p> <i class=\"fa fa-chevron-right\" style=\"color: #81d742\"><\/i> Formation des op\u00e9rateurs<\/p>\n<\/div>\n<\/div>\n<\/div><\/div>\n\n\n\n<p><\/p>\n","protected":false},"excerpt":{"rendered":"<p>Impression et fourniture des boucles num\u00e9rot\u00e9es et des documents d&#8217;enregistrement Pose des boucles&nbsp;et enregistrement dans la base nationale des donn\u00e9es de l\u2019identification Edition et fourniture du &#8220;certificat d&#8217;identification&#8221; ou &#8220;passeport&#8221; Formation des op\u00e9rateurs<\/p>\n","protected":false},"author":1,"featured_media":0,"parent":0,"menu_order":0,"comment_status":"closed","ping_status":"closed","template":"","meta":{"_themeisle_gutenberg_block_has_review":false,"footnotes":""},"class_list":["post-921","page","type-page","status-publish","hentry"],"yoast_head":"<!-- This site is optimized with the Yoast SEO plugin v26.0 - https:\/\/yoast.com\/wordpress\/plugins\/seo\/ -->\n<title>Identification - Office de l&#039;Elevage et des P\u00e2turages<\/title>\n<meta name=\"robots\" content=\"index, follow, max-snippet:-1, max-image-preview:large, max-video-preview:-1\" \/>\n<link rel=\"canonical\" href=\"https:\/\/www.oep.tn\/\u062a\u0631\u0642\u064a\u0645-\u0627\u0644\u0645\u0627\u0634\u064a\u0629\/\" \/>\n<meta property=\"og:locale\" content=\"fr_FR\" \/>\n<meta property=\"og:type\" content=\"article\" \/>\n<meta property=\"og:title\" content=\"Identification - Office de l&#039;Elevage et des P\u00e2turages\" \/>\n<meta property=\"og:description\" content=\"Impression et fourniture des boucles num\u00e9rot\u00e9es et des documents d&#8217;enregistrement Pose des boucles&nbsp;et enregistrement dans la base nationale des donn\u00e9es de l\u2019identification Edition et fourniture du &#8220;certificat d&#8217;identification&#8221; ou &#8220;passeport&#8221; Formation des op\u00e9rateurs\" \/>\n<meta property=\"og:url\" content=\"https:\/\/www.oep.tn\/\u062a\u0631\u0642\u064a\u0645-\u0627\u0644\u0645\u0627\u0634\u064a\u0629\/\" \/>\n<meta property=\"og:site_name\" content=\"Office de l&#039;Elevage et des P\u00e2turages\" \/>\n<meta property=\"article:modified_time\" content=\"2023-02-03T12:30:12+00:00\" \/>\n<meta name=\"twitter:card\" content=\"summary_large_image\" \/>\n<script type=\"application\/ld+json\" class=\"yoast-schema-graph\">{\"@context\":\"https:\/\/schema.org\",\"@graph\":[{\"@type\":\"WebPage\",\"@id\":\"https:\/\/www.oep.tn\/%d8%aa%d8%b1%d9%82%d9%8a%d9%85-%d8%a7%d9%84%d9%85%d8%a7%d8%b4%d9%8a%d8%a9\/\",\"url\":\"https:\/\/www.oep.tn\/%d8%aa%d8%b1%d9%82%d9%8a%d9%85-%d8%a7%d9%84%d9%85%d8%a7%d8%b4%d9%8a%d8%a9\/\",\"name\":\"Identification - Office de l&#039;Elevage et des P\u00e2turages\",\"isPartOf\":{\"@id\":\"https:\/\/www.oep.tn\/#website\"},\"datePublished\":\"2022-07-13T08:08:59+00:00\",\"dateModified\":\"2023-02-03T12:30:12+00:00\",\"breadcrumb\":{\"@id\":\"https:\/\/www.oep.tn\/%d8%aa%d8%b1%d9%82%d9%8a%d9%85-%d8%a7%d9%84%d9%85%d8%a7%d8%b4%d9%8a%d8%a9\/#breadcrumb\"},\"inLanguage\":\"fr-FR\",\"potentialAction\":[{\"@type\":\"ReadAction\",\"target\":[\"https:\/\/www.oep.tn\/%d8%aa%d8%b1%d9%82%d9%8a%d9%85-%d8%a7%d9%84%d9%85%d8%a7%d8%b4%d9%8a%d8%a9\/\"]}]},{\"@type\":\"BreadcrumbList\",\"@id\":\"https:\/\/www.oep.tn\/%d8%aa%d8%b1%d9%82%d9%8a%d9%85-%d8%a7%d9%84%d9%85%d8%a7%d8%b4%d9%8a%d8%a9\/#breadcrumb\",\"itemListElement\":[{\"@type\":\"ListItem\",\"position\":1,\"name\":\"Accueil\",\"item\":\"https:\/\/www.oep.tn\/fr\/\"},{\"@type\":\"ListItem\",\"position\":2,\"name\":\"Identification\"}]},{\"@type\":\"WebSite\",\"@id\":\"https:\/\/www.oep.tn\/#website\",\"url\":\"https:\/\/www.oep.tn\/\",\"name\":\"Office de l'Elevage et des P\u00e2turages\",\"description\":\"Office de l&#039;Elevage et des P\u00e2turages\",\"publisher\":{\"@id\":\"https:\/\/www.oep.tn\/#organization\"},\"alternateName\":\"Office de l'Elevage et des P\u00e2turages\",\"potentialAction\":[{\"@type\":\"SearchAction\",\"target\":{\"@type\":\"EntryPoint\",\"urlTemplate\":\"https:\/\/www.oep.tn\/?s={search_term_string}\"},\"query-input\":{\"@type\":\"PropertyValueSpecification\",\"valueRequired\":true,\"valueName\":\"search_term_string\"}}],\"inLanguage\":\"fr-FR\"},{\"@type\":\"Organization\",\"@id\":\"https:\/\/www.oep.tn\/#organization\",\"name\":\"Office de l'Elevage et des Patuages\",\"url\":\"https:\/\/www.oep.tn\/\",\"logo\":{\"@type\":\"ImageObject\",\"inLanguage\":\"fr-FR\",\"@id\":\"https:\/\/www.oep.tn\/#\/schema\/logo\/image\/\",\"url\":\"https:\/\/www.oep.tn\/wp-content\/uploads\/2022\/11\/logo-oep-arabe-2.png\",\"contentUrl\":\"https:\/\/www.oep.tn\/wp-content\/uploads\/2022\/11\/logo-oep-arabe-2.png\",\"width\":567,\"height\":142,\"caption\":\"Office de l'Elevage et des Patuages\"},\"image\":{\"@id\":\"https:\/\/www.oep.tn\/#\/schema\/logo\/image\/\"}}]}<\/script>\n<!-- \/ Yoast SEO plugin. -->","yoast_head_json":{"title":"Identification - Office de l&#039;Elevage et des P\u00e2turages","robots":{"index":"index","follow":"follow","max-snippet":"max-snippet:-1","max-image-preview":"max-image-preview:large","max-video-preview":"max-video-preview:-1"},"canonical":"https:\/\/www.oep.tn\/\u062a\u0631\u0642\u064a\u0645-\u0627\u0644\u0645\u0627\u0634\u064a\u0629\/","og_locale":"fr_FR","og_type":"article","og_title":"Identification - Office de l&#039;Elevage et des P\u00e2turages","og_description":"Impression et fourniture des boucles num\u00e9rot\u00e9es et des documents d&#8217;enregistrement Pose des boucles&nbsp;et enregistrement dans la base nationale des donn\u00e9es de l\u2019identification Edition et fourniture du &#8220;certificat d&#8217;identification&#8221; ou &#8220;passeport&#8221; Formation des op\u00e9rateurs","og_url":"https:\/\/www.oep.tn\/\u062a\u0631\u0642\u064a\u0645-\u0627\u0644\u0645\u0627\u0634\u064a\u0629\/","og_site_name":"Office de l&#039;Elevage et des P\u00e2turages","article_modified_time":"2023-02-03T12:30:12+00:00","twitter_card":"summary_large_image","schema":{"@context":"https:\/\/schema.org","@graph":[{"@type":"WebPage","@id":"https:\/\/www.oep.tn\/%d8%aa%d8%b1%d9%82%d9%8a%d9%85-%d8%a7%d9%84%d9%85%d8%a7%d8%b4%d9%8a%d8%a9\/","url":"https:\/\/www.oep.tn\/%d8%aa%d8%b1%d9%82%d9%8a%d9%85-%d8%a7%d9%84%d9%85%d8%a7%d8%b4%d9%8a%d8%a9\/","name":"Identification - Office de l&#039;Elevage et des P\u00e2turages","isPartOf":{"@id":"https:\/\/www.oep.tn\/#website"},"datePublished":"2022-07-13T08:08:59+00:00","dateModified":"2023-02-03T12:30:12+00:00","breadcrumb":{"@id":"https:\/\/www.oep.tn\/%d8%aa%d8%b1%d9%82%d9%8a%d9%85-%d8%a7%d9%84%d9%85%d8%a7%d8%b4%d9%8a%d8%a9\/#breadcrumb"},"inLanguage":"fr-FR","potentialAction":[{"@type":"ReadAction","target":["https:\/\/www.oep.tn\/%d8%aa%d8%b1%d9%82%d9%8a%d9%85-%d8%a7%d9%84%d9%85%d8%a7%d8%b4%d9%8a%d8%a9\/"]}]},{"@type":"BreadcrumbList","@id":"https:\/\/www.oep.tn\/%d8%aa%d8%b1%d9%82%d9%8a%d9%85-%d8%a7%d9%84%d9%85%d8%a7%d8%b4%d9%8a%d8%a9\/#breadcrumb","itemListElement":[{"@type":"ListItem","position":1,"name":"Accueil","item":"https:\/\/www.oep.tn\/fr\/"},{"@type":"ListItem","position":2,"name":"Identification"}]},{"@type":"WebSite","@id":"https:\/\/www.oep.tn\/#website","url":"https:\/\/www.oep.tn\/","name":"Office de l'Elevage et des P\u00e2turages","description":"Office de l&#039;Elevage et des P\u00e2turages","publisher":{"@id":"https:\/\/www.oep.tn\/#organization"},"alternateName":"Office de l'Elevage et des P\u00e2turages","potentialAction":[{"@type":"SearchAction","target":{"@type":"EntryPoint","urlTemplate":"https:\/\/www.oep.tn\/?s={search_term_string}"},"query-input":{"@type":"PropertyValueSpecification","valueRequired":true,"valueName":"search_term_string"}}],"inLanguage":"fr-FR"},{"@type":"Organization","@id":"https:\/\/www.oep.tn\/#organization","name":"Office de l'Elevage et des Patuages","url":"https:\/\/www.oep.tn\/","logo":{"@type":"ImageObject","inLanguage":"fr-FR","@id":"https:\/\/www.oep.tn\/#\/schema\/logo\/image\/","url":"https:\/\/www.oep.tn\/wp-content\/uploads\/2022\/11\/logo-oep-arabe-2.png","contentUrl":"https:\/\/www.oep.tn\/wp-content\/uploads\/2022\/11\/logo-oep-arabe-2.png","width":567,"height":142,"caption":"Office de l'Elevage et des Patuages"},"image":{"@id":"https:\/\/www.oep.tn\/#\/schema\/logo\/image\/"}}]}},"_links":{"self":[{"href":"https:\/\/www.oep.tn\/fr\/wp-json\/wp\/v2\/pages\/921","targetHints":{"allow":["GET"]}}],"collection":[{"href":"https:\/\/www.oep.tn\/fr\/wp-json\/wp\/v2\/pages"}],"about":[{"href":"https:\/\/www.oep.tn\/fr\/wp-json\/wp\/v2\/types\/page"}],"author":[{"embeddable":true,"href":"https:\/\/www.oep.tn\/fr\/wp-json\/wp\/v2\/users\/1"}],"replies":[{"embeddable":true,"href":"https:\/\/www.oep.tn\/fr\/wp-json\/wp\/v2\/comments?post=921"}],"version-history":[{"count":9,"href":"https:\/\/www.oep.tn\/fr\/wp-json\/wp\/v2\/pages\/921\/revisions"}],"predecessor-version":[{"id":3642,"href":"https:\/\/www.oep.tn\/fr\/wp-json\/wp\/v2\/pages\/921\/revisions\/3642"}],"wp:attachment":[{"href":"https:\/\/www.oep.tn\/fr\/wp-json\/wp\/v2\/media?parent=921"}],"curies":[{"name":"wp","href":"https:\/\/api.w.org\/{rel}","templated":true}]}}