


































































{"id":928,"date":"2022-07-13T10:53:55","date_gmt":"2022-07-13T08:53:55","guid":{"rendered":"https:\/\/www.oep.tn\/?page_id=928"},"modified":"2023-02-03T13:28:03","modified_gmt":"2023-02-03T12:28:03","slug":"les-livres-genealogiques","status":"publish","type":"page","link":"https:\/\/www.oep.tn\/fr\/les-livres-genealogiques\/","title":{"rendered":"Certificat g\u00e9n\u00e9alogique"},"content":{"rendered":"\n<h5 class=\"has-text-align-center wp-block-heading\"><\/h5>\n\n\n\n<p>Edition et Fourniture aux \u00e9leveurs les pedigree officiels pour le choix et l\u2019acquisition des reproducteurs (m\u00e2les et femelles)<\/p>\n","protected":false},"excerpt":{"rendered":"<p>Edition et Fourniture aux \u00e9leveurs les pedigree officiels pour le choix et l\u2019acquisition des reproducteurs (m\u00e2les et femelles)<\/p>\n","protected":false},"author":1,"featured_media":0,"parent":0,"menu_order":0,"comment_status":"closed","ping_status":"closed","template":"","meta":{"_themeisle_gutenberg_block_has_review":false,"footnotes":""},"class_list":["post-928","page","type-page","status-publish","hentry"],"yoast_head":"<!-- This site is optimized with the Yoast SEO plugin v26.0 - https:\/\/yoast.com\/wordpress\/plugins\/seo\/ -->\n<title>Certificat g\u00e9n\u00e9alogique - Office de l&#039;Elevage et des P\u00e2turages<\/title>\n<meta name=\"robots\" content=\"index, follow, max-snippet:-1, max-image-preview:large, max-video-preview:-1\" \/>\n<link rel=\"canonical\" href=\"https:\/\/www.oep.tn\/\u0634\u0647\u0627\u0626\u062f-\u062c\u064a\u0646\u0648\u0644\u0648\u062c\u064a\u0629\/\" \/>\n<meta property=\"og:locale\" content=\"fr_FR\" \/>\n<meta property=\"og:type\" content=\"article\" \/>\n<meta property=\"og:title\" content=\"Certificat g\u00e9n\u00e9alogique - Office de l&#039;Elevage et des P\u00e2turages\" \/>\n<meta property=\"og:description\" content=\"Edition et Fourniture aux \u00e9leveurs les pedigree officiels pour le choix et l\u2019acquisition des reproducteurs (m\u00e2les et femelles)\" \/>\n<meta property=\"og:url\" content=\"https:\/\/www.oep.tn\/\u0634\u0647\u0627\u0626\u062f-\u062c\u064a\u0646\u0648\u0644\u0648\u062c\u064a\u0629\/\" \/>\n<meta property=\"og:site_name\" content=\"Office de l&#039;Elevage et des P\u00e2turages\" \/>\n<meta property=\"article:modified_time\" content=\"2023-02-03T12:28:03+00:00\" \/>\n<meta name=\"twitter:card\" content=\"summary_large_image\" \/>\n<script type=\"application\/ld+json\" class=\"yoast-schema-graph\">{\"@context\":\"https:\/\/schema.org\",\"@graph\":[{\"@type\":\"WebPage\",\"@id\":\"https:\/\/www.oep.tn\/%d8%b4%d9%87%d8%a7%d8%a6%d8%af-%d8%ac%d9%8a%d9%86%d9%88%d9%84%d9%88%d8%ac%d9%8a%d8%a9\/\",\"url\":\"https:\/\/www.oep.tn\/%d8%b4%d9%87%d8%a7%d8%a6%d8%af-%d8%ac%d9%8a%d9%86%d9%88%d9%84%d9%88%d8%ac%d9%8a%d8%a9\/\",\"name\":\"Certificat g\u00e9n\u00e9alogique - Office de l&#039;Elevage et des P\u00e2turages\",\"isPartOf\":{\"@id\":\"https:\/\/www.oep.tn\/#website\"},\"datePublished\":\"2022-07-13T08:53:55+00:00\",\"dateModified\":\"2023-02-03T12:28:03+00:00\",\"breadcrumb\":{\"@id\":\"https:\/\/www.oep.tn\/%d8%b4%d9%87%d8%a7%d8%a6%d8%af-%d8%ac%d9%8a%d9%86%d9%88%d9%84%d9%88%d8%ac%d9%8a%d8%a9\/#breadcrumb\"},\"inLanguage\":\"fr-FR\",\"potentialAction\":[{\"@type\":\"ReadAction\",\"target\":[\"https:\/\/www.oep.tn\/%d8%b4%d9%87%d8%a7%d8%a6%d8%af-%d8%ac%d9%8a%d9%86%d9%88%d9%84%d9%88%d8%ac%d9%8a%d8%a9\/\"]}]},{\"@type\":\"BreadcrumbList\",\"@id\":\"https:\/\/www.oep.tn\/%d8%b4%d9%87%d8%a7%d8%a6%d8%af-%d8%ac%d9%8a%d9%86%d9%88%d9%84%d9%88%d8%ac%d9%8a%d8%a9\/#breadcrumb\",\"itemListElement\":[{\"@type\":\"ListItem\",\"position\":1,\"name\":\"Accueil\",\"item\":\"https:\/\/www.oep.tn\/fr\/\"},{\"@type\":\"ListItem\",\"position\":2,\"name\":\"Certificat g\u00e9n\u00e9alogique\"}]},{\"@type\":\"WebSite\",\"@id\":\"https:\/\/www.oep.tn\/#website\",\"url\":\"https:\/\/www.oep.tn\/\",\"name\":\"Office de l'Elevage et des P\u00e2turages\",\"description\":\"Office de l&#039;Elevage et des P\u00e2turages\",\"publisher\":{\"@id\":\"https:\/\/www.oep.tn\/#organization\"},\"alternateName\":\"Office de l'Elevage et des P\u00e2turages\",\"potentialAction\":[{\"@type\":\"SearchAction\",\"target\":{\"@type\":\"EntryPoint\",\"urlTemplate\":\"https:\/\/www.oep.tn\/?s={search_term_string}\"},\"query-input\":{\"@type\":\"PropertyValueSpecification\",\"valueRequired\":true,\"valueName\":\"search_term_string\"}}],\"inLanguage\":\"fr-FR\"},{\"@type\":\"Organization\",\"@id\":\"https:\/\/www.oep.tn\/#organization\",\"name\":\"Office de l'Elevage et des Patuages\",\"url\":\"https:\/\/www.oep.tn\/\",\"logo\":{\"@type\":\"ImageObject\",\"inLanguage\":\"fr-FR\",\"@id\":\"https:\/\/www.oep.tn\/#\/schema\/logo\/image\/\",\"url\":\"https:\/\/www.oep.tn\/wp-content\/uploads\/2022\/11\/logo-oep-arabe-2.png\",\"contentUrl\":\"https:\/\/www.oep.tn\/wp-content\/uploads\/2022\/11\/logo-oep-arabe-2.png\",\"width\":567,\"height\":142,\"caption\":\"Office de l'Elevage et des Patuages\"},\"image\":{\"@id\":\"https:\/\/www.oep.tn\/#\/schema\/logo\/image\/\"}}]}<\/script>\n<!-- \/ Yoast SEO plugin. -->","yoast_head_json":{"title":"Certificat g\u00e9n\u00e9alogique - Office de l&#039;Elevage et des P\u00e2turages","robots":{"index":"index","follow":"follow","max-snippet":"max-snippet:-1","max-image-preview":"max-image-preview:large","max-video-preview":"max-video-preview:-1"},"canonical":"https:\/\/www.oep.tn\/\u0634\u0647\u0627\u0626\u062f-\u062c\u064a\u0646\u0648\u0644\u0648\u062c\u064a\u0629\/","og_locale":"fr_FR","og_type":"article","og_title":"Certificat g\u00e9n\u00e9alogique - Office de l&#039;Elevage et des P\u00e2turages","og_description":"Edition et Fourniture aux \u00e9leveurs les pedigree officiels pour le choix et l\u2019acquisition des reproducteurs (m\u00e2les et femelles)","og_url":"https:\/\/www.oep.tn\/\u0634\u0647\u0627\u0626\u062f-\u062c\u064a\u0646\u0648\u0644\u0648\u062c\u064a\u0629\/","og_site_name":"Office de l&#039;Elevage et des P\u00e2turages","article_modified_time":"2023-02-03T12:28:03+00:00","twitter_card":"summary_large_image","schema":{"@context":"https:\/\/schema.org","@graph":[{"@type":"WebPage","@id":"https:\/\/www.oep.tn\/%d8%b4%d9%87%d8%a7%d8%a6%d8%af-%d8%ac%d9%8a%d9%86%d9%88%d9%84%d9%88%d8%ac%d9%8a%d8%a9\/","url":"https:\/\/www.oep.tn\/%d8%b4%d9%87%d8%a7%d8%a6%d8%af-%d8%ac%d9%8a%d9%86%d9%88%d9%84%d9%88%d8%ac%d9%8a%d8%a9\/","name":"Certificat g\u00e9n\u00e9alogique - Office de l&#039;Elevage et des P\u00e2turages","isPartOf":{"@id":"https:\/\/www.oep.tn\/#website"},"datePublished":"2022-07-13T08:53:55+00:00","dateModified":"2023-02-03T12:28:03+00:00","breadcrumb":{"@id":"https:\/\/www.oep.tn\/%d8%b4%d9%87%d8%a7%d8%a6%d8%af-%d8%ac%d9%8a%d9%86%d9%88%d9%84%d9%88%d8%ac%d9%8a%d8%a9\/#breadcrumb"},"inLanguage":"fr-FR","potentialAction":[{"@type":"ReadAction","target":["https:\/\/www.oep.tn\/%d8%b4%d9%87%d8%a7%d8%a6%d8%af-%d8%ac%d9%8a%d9%86%d9%88%d9%84%d9%88%d8%ac%d9%8a%d8%a9\/"]}]},{"@type":"BreadcrumbList","@id":"https:\/\/www.oep.tn\/%d8%b4%d9%87%d8%a7%d8%a6%d8%af-%d8%ac%d9%8a%d9%86%d9%88%d9%84%d9%88%d8%ac%d9%8a%d8%a9\/#breadcrumb","itemListElement":[{"@type":"ListItem","position":1,"name":"Accueil","item":"https:\/\/www.oep.tn\/fr\/"},{"@type":"ListItem","position":2,"name":"Certificat g\u00e9n\u00e9alogique"}]},{"@type":"WebSite","@id":"https:\/\/www.oep.tn\/#website","url":"https:\/\/www.oep.tn\/","name":"Office de l'Elevage et des P\u00e2turages","description":"Office de l&#039;Elevage et des P\u00e2turages","publisher":{"@id":"https:\/\/www.oep.tn\/#organization"},"alternateName":"Office de l'Elevage et des P\u00e2turages","potentialAction":[{"@type":"SearchAction","target":{"@type":"EntryPoint","urlTemplate":"https:\/\/www.oep.tn\/?s={search_term_string}"},"query-input":{"@type":"PropertyValueSpecification","valueRequired":true,"valueName":"search_term_string"}}],"inLanguage":"fr-FR"},{"@type":"Organization","@id":"https:\/\/www.oep.tn\/#organization","name":"Office de l'Elevage et des Patuages","url":"https:\/\/www.oep.tn\/","logo":{"@type":"ImageObject","inLanguage":"fr-FR","@id":"https:\/\/www.oep.tn\/#\/schema\/logo\/image\/","url":"https:\/\/www.oep.tn\/wp-content\/uploads\/2022\/11\/logo-oep-arabe-2.png","contentUrl":"https:\/\/www.oep.tn\/wp-content\/uploads\/2022\/11\/logo-oep-arabe-2.png","width":567,"height":142,"caption":"Office de l'Elevage et des Patuages"},"image":{"@id":"https:\/\/www.oep.tn\/#\/schema\/logo\/image\/"}}]}},"_links":{"self":[{"href":"https:\/\/www.oep.tn\/fr\/wp-json\/wp\/v2\/pages\/928","targetHints":{"allow":["GET"]}}],"collection":[{"href":"https:\/\/www.oep.tn\/fr\/wp-json\/wp\/v2\/pages"}],"about":[{"href":"https:\/\/www.oep.tn\/fr\/wp-json\/wp\/v2\/types\/page"}],"author":[{"embeddable":true,"href":"https:\/\/www.oep.tn\/fr\/wp-json\/wp\/v2\/users\/1"}],"replies":[{"embeddable":true,"href":"https:\/\/www.oep.tn\/fr\/wp-json\/wp\/v2\/comments?post=928"}],"version-history":[{"count":7,"href":"https:\/\/www.oep.tn\/fr\/wp-json\/wp\/v2\/pages\/928\/revisions"}],"predecessor-version":[{"id":2800,"href":"https:\/\/www.oep.tn\/fr\/wp-json\/wp\/v2\/pages\/928\/revisions\/2800"}],"wp:attachment":[{"href":"https:\/\/www.oep.tn\/fr\/wp-json\/wp\/v2\/media?parent=928"}],"curies":[{"name":"wp","href":"https:\/\/api.w.org\/{rel}","templated":true}]}}