


































































{"id":931,"date":"2022-07-13T11:00:19","date_gmt":"2022-07-13T09:00:19","guid":{"rendered":"https:\/\/www.oep.tn\/?page_id=931"},"modified":"2022-12-07T09:42:22","modified_gmt":"2022-12-07T08:42:22","slug":"insemination-artificielle-2","status":"publish","type":"page","link":"https:\/\/www.oep.tn\/fr\/insemination-artificielle-2\/","title":{"rendered":"Ins\u00e9mination Artificielle"},"content":{"rendered":"\n<h5 class=\"has-text-align-center wp-block-heading\"><strong><mark style=\"background-color:rgba(0, 0, 0, 0)\" class=\"has-inline-color has-thr-bg-color\">.<\/mark><\/strong><\/h5>\n\n\n\n<div class=\"wp-block-columns is-layout-flex wp-container-core-columns-is-layout-9d6595d7 wp-block-columns-is-layout-flex\">\n<div class=\"wp-block-column is-layout-flow wp-block-column-is-layout-flow\">\n<p>  <i class=\"fa fa-chevron-right\" style=\"color: #81d742\"><\/i> Production et importation de semence animale<\/p>\n\n\n\n<p> <i class=\"fa fa-chevron-right\" style=\"color: #81d742\"><\/i> Mise \u00e0 la disposition des \u00e9leveurs de g\u00e9niteurs de qualit\u00e9 (taureaux et b\u00e9liers)<\/p>\n\n\n\n<p> <i class=\"fa fa-chevron-right\" style=\"color: #81d742\"><\/i> Formation et recyclage au profit des op\u00e9rateurs <\/p>\n<\/div>\n\n\n\n<div class=\"wp-block-column is-layout-flow wp-block-column-is-layout-flow\">\n<p> <i class=\"fa fa-chevron-right\" style=\"color: #81d742\"><\/i>  Approvisionnement des op\u00e9rateurs en semence animale <\/p>\n\n\n\n<p> <i class=\"fa fa-chevron-right\" style=\"color: #81d742\"><\/i> Suivi et supervision des op\u00e9rateurs<\/p>\n<\/div>\n<\/div>\n","protected":false},"excerpt":{"rendered":"<p>. Production et importation de semence animale Mise \u00e0 la disposition des \u00e9leveurs de g\u00e9niteurs de qualit\u00e9 (taureaux et b\u00e9liers) Formation et recyclage au profit des op\u00e9rateurs Approvisionnement des op\u00e9rateurs en semence animale Suivi et supervision des op\u00e9rateurs<\/p>\n","protected":false},"author":1,"featured_media":0,"parent":0,"menu_order":0,"comment_status":"closed","ping_status":"closed","template":"","meta":{"_themeisle_gutenberg_block_has_review":false,"footnotes":""},"class_list":["post-931","page","type-page","status-publish","hentry"],"yoast_head":"<!-- This site is optimized with the Yoast SEO plugin v26.0 - https:\/\/yoast.com\/wordpress\/plugins\/seo\/ -->\n<title>Ins\u00e9mination Artificielle - Office de l&#039;Elevage et des P\u00e2turages<\/title>\n<meta name=\"robots\" content=\"index, follow, max-snippet:-1, max-image-preview:large, max-video-preview:-1\" \/>\n<link rel=\"canonical\" href=\"https:\/\/www.oep.tn\/\u0627\u0644\u062a\u0646\u0627\u0633\u0644-\u0627\u0644\u062d\u064a\u0648\u0627\u0646\u064a\/\" \/>\n<meta property=\"og:locale\" content=\"fr_FR\" \/>\n<meta property=\"og:type\" content=\"article\" \/>\n<meta property=\"og:title\" content=\"Ins\u00e9mination Artificielle - Office de l&#039;Elevage et des P\u00e2turages\" \/>\n<meta property=\"og:description\" content=\". Production et importation de semence animale Mise \u00e0 la disposition des \u00e9leveurs de g\u00e9niteurs de qualit\u00e9 (taureaux et b\u00e9liers) Formation et recyclage au profit des op\u00e9rateurs Approvisionnement des op\u00e9rateurs en semence animale Suivi et supervision des op\u00e9rateurs\" \/>\n<meta property=\"og:url\" content=\"https:\/\/www.oep.tn\/\u0627\u0644\u062a\u0646\u0627\u0633\u0644-\u0627\u0644\u062d\u064a\u0648\u0627\u0646\u064a\/\" \/>\n<meta property=\"og:site_name\" content=\"Office de l&#039;Elevage et des P\u00e2turages\" \/>\n<meta property=\"article:modified_time\" content=\"2022-12-07T08:42:22+00:00\" \/>\n<meta name=\"twitter:card\" content=\"summary_large_image\" \/>\n<script type=\"application\/ld+json\" class=\"yoast-schema-graph\">{\"@context\":\"https:\/\/schema.org\",\"@graph\":[{\"@type\":\"WebPage\",\"@id\":\"https:\/\/www.oep.tn\/%d8%a7%d9%84%d8%aa%d9%86%d8%a7%d8%b3%d9%84-%d8%a7%d9%84%d8%ad%d9%8a%d9%88%d8%a7%d9%86%d9%8a\/\",\"url\":\"https:\/\/www.oep.tn\/%d8%a7%d9%84%d8%aa%d9%86%d8%a7%d8%b3%d9%84-%d8%a7%d9%84%d8%ad%d9%8a%d9%88%d8%a7%d9%86%d9%8a\/\",\"name\":\"Ins\u00e9mination Artificielle - Office de l&#039;Elevage et des P\u00e2turages\",\"isPartOf\":{\"@id\":\"https:\/\/www.oep.tn\/#website\"},\"datePublished\":\"2022-07-13T09:00:19+00:00\",\"dateModified\":\"2022-12-07T08:42:22+00:00\",\"breadcrumb\":{\"@id\":\"https:\/\/www.oep.tn\/%d8%a7%d9%84%d8%aa%d9%86%d8%a7%d8%b3%d9%84-%d8%a7%d9%84%d8%ad%d9%8a%d9%88%d8%a7%d9%86%d9%8a\/#breadcrumb\"},\"inLanguage\":\"fr-FR\",\"potentialAction\":[{\"@type\":\"ReadAction\",\"target\":[\"https:\/\/www.oep.tn\/%d8%a7%d9%84%d8%aa%d9%86%d8%a7%d8%b3%d9%84-%d8%a7%d9%84%d8%ad%d9%8a%d9%88%d8%a7%d9%86%d9%8a\/\"]}]},{\"@type\":\"BreadcrumbList\",\"@id\":\"https:\/\/www.oep.tn\/%d8%a7%d9%84%d8%aa%d9%86%d8%a7%d8%b3%d9%84-%d8%a7%d9%84%d8%ad%d9%8a%d9%88%d8%a7%d9%86%d9%8a\/#breadcrumb\",\"itemListElement\":[{\"@type\":\"ListItem\",\"position\":1,\"name\":\"Accueil\",\"item\":\"https:\/\/www.oep.tn\/fr\/\"},{\"@type\":\"ListItem\",\"position\":2,\"name\":\"Ins\u00e9mination Artificielle\"}]},{\"@type\":\"WebSite\",\"@id\":\"https:\/\/www.oep.tn\/#website\",\"url\":\"https:\/\/www.oep.tn\/\",\"name\":\"Office de l'Elevage et des P\u00e2turages\",\"description\":\"Office de l&#039;Elevage et des P\u00e2turages\",\"publisher\":{\"@id\":\"https:\/\/www.oep.tn\/#organization\"},\"alternateName\":\"Office de l'Elevage et des P\u00e2turages\",\"potentialAction\":[{\"@type\":\"SearchAction\",\"target\":{\"@type\":\"EntryPoint\",\"urlTemplate\":\"https:\/\/www.oep.tn\/?s={search_term_string}\"},\"query-input\":{\"@type\":\"PropertyValueSpecification\",\"valueRequired\":true,\"valueName\":\"search_term_string\"}}],\"inLanguage\":\"fr-FR\"},{\"@type\":\"Organization\",\"@id\":\"https:\/\/www.oep.tn\/#organization\",\"name\":\"Office de l'Elevage et des Patuages\",\"url\":\"https:\/\/www.oep.tn\/\",\"logo\":{\"@type\":\"ImageObject\",\"inLanguage\":\"fr-FR\",\"@id\":\"https:\/\/www.oep.tn\/#\/schema\/logo\/image\/\",\"url\":\"https:\/\/www.oep.tn\/wp-content\/uploads\/2022\/11\/logo-oep-arabe-2.png\",\"contentUrl\":\"https:\/\/www.oep.tn\/wp-content\/uploads\/2022\/11\/logo-oep-arabe-2.png\",\"width\":567,\"height\":142,\"caption\":\"Office de l'Elevage et des Patuages\"},\"image\":{\"@id\":\"https:\/\/www.oep.tn\/#\/schema\/logo\/image\/\"}}]}<\/script>\n<!-- \/ Yoast SEO plugin. -->","yoast_head_json":{"title":"Ins\u00e9mination Artificielle - Office de l&#039;Elevage et des P\u00e2turages","robots":{"index":"index","follow":"follow","max-snippet":"max-snippet:-1","max-image-preview":"max-image-preview:large","max-video-preview":"max-video-preview:-1"},"canonical":"https:\/\/www.oep.tn\/\u0627\u0644\u062a\u0646\u0627\u0633\u0644-\u0627\u0644\u062d\u064a\u0648\u0627\u0646\u064a\/","og_locale":"fr_FR","og_type":"article","og_title":"Ins\u00e9mination Artificielle - Office de l&#039;Elevage et des P\u00e2turages","og_description":". Production et importation de semence animale Mise \u00e0 la disposition des \u00e9leveurs de g\u00e9niteurs de qualit\u00e9 (taureaux et b\u00e9liers) Formation et recyclage au profit des op\u00e9rateurs Approvisionnement des op\u00e9rateurs en semence animale Suivi et supervision des op\u00e9rateurs","og_url":"https:\/\/www.oep.tn\/\u0627\u0644\u062a\u0646\u0627\u0633\u0644-\u0627\u0644\u062d\u064a\u0648\u0627\u0646\u064a\/","og_site_name":"Office de l&#039;Elevage et des P\u00e2turages","article_modified_time":"2022-12-07T08:42:22+00:00","twitter_card":"summary_large_image","schema":{"@context":"https:\/\/schema.org","@graph":[{"@type":"WebPage","@id":"https:\/\/www.oep.tn\/%d8%a7%d9%84%d8%aa%d9%86%d8%a7%d8%b3%d9%84-%d8%a7%d9%84%d8%ad%d9%8a%d9%88%d8%a7%d9%86%d9%8a\/","url":"https:\/\/www.oep.tn\/%d8%a7%d9%84%d8%aa%d9%86%d8%a7%d8%b3%d9%84-%d8%a7%d9%84%d8%ad%d9%8a%d9%88%d8%a7%d9%86%d9%8a\/","name":"Ins\u00e9mination Artificielle - Office de l&#039;Elevage et des P\u00e2turages","isPartOf":{"@id":"https:\/\/www.oep.tn\/#website"},"datePublished":"2022-07-13T09:00:19+00:00","dateModified":"2022-12-07T08:42:22+00:00","breadcrumb":{"@id":"https:\/\/www.oep.tn\/%d8%a7%d9%84%d8%aa%d9%86%d8%a7%d8%b3%d9%84-%d8%a7%d9%84%d8%ad%d9%8a%d9%88%d8%a7%d9%86%d9%8a\/#breadcrumb"},"inLanguage":"fr-FR","potentialAction":[{"@type":"ReadAction","target":["https:\/\/www.oep.tn\/%d8%a7%d9%84%d8%aa%d9%86%d8%a7%d8%b3%d9%84-%d8%a7%d9%84%d8%ad%d9%8a%d9%88%d8%a7%d9%86%d9%8a\/"]}]},{"@type":"BreadcrumbList","@id":"https:\/\/www.oep.tn\/%d8%a7%d9%84%d8%aa%d9%86%d8%a7%d8%b3%d9%84-%d8%a7%d9%84%d8%ad%d9%8a%d9%88%d8%a7%d9%86%d9%8a\/#breadcrumb","itemListElement":[{"@type":"ListItem","position":1,"name":"Accueil","item":"https:\/\/www.oep.tn\/fr\/"},{"@type":"ListItem","position":2,"name":"Ins\u00e9mination Artificielle"}]},{"@type":"WebSite","@id":"https:\/\/www.oep.tn\/#website","url":"https:\/\/www.oep.tn\/","name":"Office de l'Elevage et des P\u00e2turages","description":"Office de l&#039;Elevage et des P\u00e2turages","publisher":{"@id":"https:\/\/www.oep.tn\/#organization"},"alternateName":"Office de l'Elevage et des P\u00e2turages","potentialAction":[{"@type":"SearchAction","target":{"@type":"EntryPoint","urlTemplate":"https:\/\/www.oep.tn\/?s={search_term_string}"},"query-input":{"@type":"PropertyValueSpecification","valueRequired":true,"valueName":"search_term_string"}}],"inLanguage":"fr-FR"},{"@type":"Organization","@id":"https:\/\/www.oep.tn\/#organization","name":"Office de l'Elevage et des Patuages","url":"https:\/\/www.oep.tn\/","logo":{"@type":"ImageObject","inLanguage":"fr-FR","@id":"https:\/\/www.oep.tn\/#\/schema\/logo\/image\/","url":"https:\/\/www.oep.tn\/wp-content\/uploads\/2022\/11\/logo-oep-arabe-2.png","contentUrl":"https:\/\/www.oep.tn\/wp-content\/uploads\/2022\/11\/logo-oep-arabe-2.png","width":567,"height":142,"caption":"Office de l'Elevage et des Patuages"},"image":{"@id":"https:\/\/www.oep.tn\/#\/schema\/logo\/image\/"}}]}},"_links":{"self":[{"href":"https:\/\/www.oep.tn\/fr\/wp-json\/wp\/v2\/pages\/931","targetHints":{"allow":["GET"]}}],"collection":[{"href":"https:\/\/www.oep.tn\/fr\/wp-json\/wp\/v2\/pages"}],"about":[{"href":"https:\/\/www.oep.tn\/fr\/wp-json\/wp\/v2\/types\/page"}],"author":[{"embeddable":true,"href":"https:\/\/www.oep.tn\/fr\/wp-json\/wp\/v2\/users\/1"}],"replies":[{"embeddable":true,"href":"https:\/\/www.oep.tn\/fr\/wp-json\/wp\/v2\/comments?post=931"}],"version-history":[{"count":10,"href":"https:\/\/www.oep.tn\/fr\/wp-json\/wp\/v2\/pages\/931\/revisions"}],"predecessor-version":[{"id":2175,"href":"https:\/\/www.oep.tn\/fr\/wp-json\/wp\/v2\/pages\/931\/revisions\/2175"}],"wp:attachment":[{"href":"https:\/\/www.oep.tn\/fr\/wp-json\/wp\/v2\/media?parent=931"}],"curies":[{"name":"wp","href":"https:\/\/api.w.org\/{rel}","templated":true}]}}