


































































{"id":935,"date":"2022-07-13T11:06:07","date_gmt":"2022-07-13T09:06:07","guid":{"rendered":"https:\/\/www.oep.tn\/?page_id=935"},"modified":"2022-12-08T09:20:16","modified_gmt":"2022-12-08T08:20:16","slug":"controle-des-performances-2","status":"publish","type":"page","link":"https:\/\/www.oep.tn\/fr\/controle-des-performances-2\/","title":{"rendered":"Contr\u00f4le des performances"},"content":{"rendered":"\n<h5 class=\"has-text-align-center wp-block-heading\"><mark style=\"background-color:rgba(0, 0, 0, 0)\" class=\"has-inline-color has-thr-bg-color\">.<\/mark><\/h5>\n\n\n\n<div class=\"wp-block-columns is-layout-flex wp-container-core-columns-is-layout-9d6595d7 wp-block-columns-is-layout-flex\">\n<div class=\"wp-block-column is-layout-flow wp-block-column-is-layout-flow\">\n<i class=\"fa fa-chevron-right\" style=\"color: #81d742\"><\/i> Fourniture des \u00e9quipements de pes\u00e9e<\/p>\n<\/div>\n\n\n\n<div class=\"wp-block-column is-layout-flow wp-block-column-is-layout-flow\">\n<i class=\"fa fa-chevron-right\" style=\"color: #81d742\"><\/i> Contr\u00f4le laitier pour les bovins et du contr\u00f4le de croissance pour les ovins<\/p>\n<\/div>\n<\/div>\n\n\n\n<div class=\"wp-block-columns is-layout-flex wp-container-core-columns-is-layout-9d6595d7 wp-block-columns-is-layout-flex\">\n<div class=\"wp-block-column is-layout-flow wp-block-column-is-layout-flow\">\n<i class=\"fa fa-chevron-right\" style=\"color: #81d742\"><\/i> Analyse des \u00e9chantillons de lait et des fourrages<\/p>\n<\/div>\n\n\n\n<div class=\"wp-block-column is-layout-flow wp-block-column-is-layout-flow\">\n<i class=\"fa fa-chevron-right\" style=\"color: #81d742\"><\/i> \u00c9dition et fourniture des r\u00e9sultats du contr\u00f4le des performances<\/p>\n<\/div>\n<\/div>\n\n\n\n<div class=\"wp-block-columns is-layout-flex wp-container-core-columns-is-layout-9d6595d7 wp-block-columns-is-layout-flex\">\n<div class=\"wp-block-column is-layout-flow wp-block-column-is-layout-flow\">\n<i class=\"fa fa-chevron-right\" style=\"color: #81d742\"><\/i> Suivi et supervision des op\u00e9rateurs<\/p>\n<\/div>\n\n\n\n<div class=\"wp-block-column is-layout-flow wp-block-column-is-layout-flow\">\n<i class=\"fa fa-chevron-right\" style=\"color: #81d742\"><\/i> Formation des op\u00e9rateurs<\/p>\n<\/div>\n<\/div>\n","protected":false},"excerpt":{"rendered":"<p>. Fourniture des \u00e9quipements de pes\u00e9e Contr\u00f4le laitier pour les bovins et du contr\u00f4le de croissance pour les ovins Analyse des \u00e9chantillons de lait et des fourrages \u00c9dition et fourniture des r\u00e9sultats du contr\u00f4le des performances Suivi et supervision des op\u00e9rateurs Formation des op\u00e9rateurs<\/p>\n","protected":false},"author":1,"featured_media":0,"parent":0,"menu_order":0,"comment_status":"closed","ping_status":"closed","template":"","meta":{"_themeisle_gutenberg_block_has_review":false,"footnotes":""},"class_list":["post-935","page","type-page","status-publish","hentry"],"yoast_head":"<!-- This site is optimized with the Yoast SEO plugin v26.0 - https:\/\/yoast.com\/wordpress\/plugins\/seo\/ -->\n<title>Contr\u00f4le des performances - Office de l&#039;Elevage et des P\u00e2turages<\/title>\n<meta name=\"robots\" content=\"index, follow, max-snippet:-1, max-image-preview:large, max-video-preview:-1\" \/>\n<link rel=\"canonical\" href=\"https:\/\/www.oep.tn\/\u0645\u0631\u0627\u0642\u0628\u0629-\u0627\u0644\u0625\u0646\u062a\u0627\u062c\u064a\u0629\/\" \/>\n<meta property=\"og:locale\" content=\"fr_FR\" \/>\n<meta property=\"og:type\" content=\"article\" \/>\n<meta property=\"og:title\" content=\"Contr\u00f4le des performances - Office de l&#039;Elevage et des P\u00e2turages\" \/>\n<meta property=\"og:description\" content=\". Fourniture des \u00e9quipements de pes\u00e9e Contr\u00f4le laitier pour les bovins et du contr\u00f4le de croissance pour les ovins Analyse des \u00e9chantillons de lait et des fourrages \u00c9dition et fourniture des r\u00e9sultats du contr\u00f4le des performances Suivi et supervision des op\u00e9rateurs Formation des op\u00e9rateurs\" \/>\n<meta property=\"og:url\" content=\"https:\/\/www.oep.tn\/\u0645\u0631\u0627\u0642\u0628\u0629-\u0627\u0644\u0625\u0646\u062a\u0627\u062c\u064a\u0629\/\" \/>\n<meta property=\"og:site_name\" content=\"Office de l&#039;Elevage et des P\u00e2turages\" \/>\n<meta property=\"article:modified_time\" content=\"2022-12-08T08:20:16+00:00\" \/>\n<meta name=\"twitter:card\" content=\"summary_large_image\" \/>\n<script type=\"application\/ld+json\" class=\"yoast-schema-graph\">{\"@context\":\"https:\/\/schema.org\",\"@graph\":[{\"@type\":\"WebPage\",\"@id\":\"https:\/\/www.oep.tn\/%d9%85%d8%b1%d8%a7%d9%82%d8%a8%d8%a9-%d8%a7%d9%84%d8%a5%d9%86%d8%aa%d8%a7%d8%ac%d9%8a%d8%a9\/\",\"url\":\"https:\/\/www.oep.tn\/%d9%85%d8%b1%d8%a7%d9%82%d8%a8%d8%a9-%d8%a7%d9%84%d8%a5%d9%86%d8%aa%d8%a7%d8%ac%d9%8a%d8%a9\/\",\"name\":\"Contr\u00f4le des performances - Office de l&#039;Elevage et des P\u00e2turages\",\"isPartOf\":{\"@id\":\"https:\/\/www.oep.tn\/#website\"},\"datePublished\":\"2022-07-13T09:06:07+00:00\",\"dateModified\":\"2022-12-08T08:20:16+00:00\",\"breadcrumb\":{\"@id\":\"https:\/\/www.oep.tn\/%d9%85%d8%b1%d8%a7%d9%82%d8%a8%d8%a9-%d8%a7%d9%84%d8%a5%d9%86%d8%aa%d8%a7%d8%ac%d9%8a%d8%a9\/#breadcrumb\"},\"inLanguage\":\"fr-FR\",\"potentialAction\":[{\"@type\":\"ReadAction\",\"target\":[\"https:\/\/www.oep.tn\/%d9%85%d8%b1%d8%a7%d9%82%d8%a8%d8%a9-%d8%a7%d9%84%d8%a5%d9%86%d8%aa%d8%a7%d8%ac%d9%8a%d8%a9\/\"]}]},{\"@type\":\"BreadcrumbList\",\"@id\":\"https:\/\/www.oep.tn\/%d9%85%d8%b1%d8%a7%d9%82%d8%a8%d8%a9-%d8%a7%d9%84%d8%a5%d9%86%d8%aa%d8%a7%d8%ac%d9%8a%d8%a9\/#breadcrumb\",\"itemListElement\":[{\"@type\":\"ListItem\",\"position\":1,\"name\":\"Accueil\",\"item\":\"https:\/\/www.oep.tn\/fr\/\"},{\"@type\":\"ListItem\",\"position\":2,\"name\":\"Contr\u00f4le des performances\"}]},{\"@type\":\"WebSite\",\"@id\":\"https:\/\/www.oep.tn\/#website\",\"url\":\"https:\/\/www.oep.tn\/\",\"name\":\"Office de l'Elevage et des P\u00e2turages\",\"description\":\"Office de l&#039;Elevage et des P\u00e2turages\",\"publisher\":{\"@id\":\"https:\/\/www.oep.tn\/#organization\"},\"alternateName\":\"Office de l'Elevage et des P\u00e2turages\",\"potentialAction\":[{\"@type\":\"SearchAction\",\"target\":{\"@type\":\"EntryPoint\",\"urlTemplate\":\"https:\/\/www.oep.tn\/?s={search_term_string}\"},\"query-input\":{\"@type\":\"PropertyValueSpecification\",\"valueRequired\":true,\"valueName\":\"search_term_string\"}}],\"inLanguage\":\"fr-FR\"},{\"@type\":\"Organization\",\"@id\":\"https:\/\/www.oep.tn\/#organization\",\"name\":\"Office de l'Elevage et des Patuages\",\"url\":\"https:\/\/www.oep.tn\/\",\"logo\":{\"@type\":\"ImageObject\",\"inLanguage\":\"fr-FR\",\"@id\":\"https:\/\/www.oep.tn\/#\/schema\/logo\/image\/\",\"url\":\"https:\/\/www.oep.tn\/wp-content\/uploads\/2022\/11\/logo-oep-arabe-2.png\",\"contentUrl\":\"https:\/\/www.oep.tn\/wp-content\/uploads\/2022\/11\/logo-oep-arabe-2.png\",\"width\":567,\"height\":142,\"caption\":\"Office de l'Elevage et des Patuages\"},\"image\":{\"@id\":\"https:\/\/www.oep.tn\/#\/schema\/logo\/image\/\"}}]}<\/script>\n<!-- \/ Yoast SEO plugin. -->","yoast_head_json":{"title":"Contr\u00f4le des performances - Office de l&#039;Elevage et des P\u00e2turages","robots":{"index":"index","follow":"follow","max-snippet":"max-snippet:-1","max-image-preview":"max-image-preview:large","max-video-preview":"max-video-preview:-1"},"canonical":"https:\/\/www.oep.tn\/\u0645\u0631\u0627\u0642\u0628\u0629-\u0627\u0644\u0625\u0646\u062a\u0627\u062c\u064a\u0629\/","og_locale":"fr_FR","og_type":"article","og_title":"Contr\u00f4le des performances - Office de l&#039;Elevage et des P\u00e2turages","og_description":". Fourniture des \u00e9quipements de pes\u00e9e Contr\u00f4le laitier pour les bovins et du contr\u00f4le de croissance pour les ovins Analyse des \u00e9chantillons de lait et des fourrages \u00c9dition et fourniture des r\u00e9sultats du contr\u00f4le des performances Suivi et supervision des op\u00e9rateurs Formation des op\u00e9rateurs","og_url":"https:\/\/www.oep.tn\/\u0645\u0631\u0627\u0642\u0628\u0629-\u0627\u0644\u0625\u0646\u062a\u0627\u062c\u064a\u0629\/","og_site_name":"Office de l&#039;Elevage et des P\u00e2turages","article_modified_time":"2022-12-08T08:20:16+00:00","twitter_card":"summary_large_image","schema":{"@context":"https:\/\/schema.org","@graph":[{"@type":"WebPage","@id":"https:\/\/www.oep.tn\/%d9%85%d8%b1%d8%a7%d9%82%d8%a8%d8%a9-%d8%a7%d9%84%d8%a5%d9%86%d8%aa%d8%a7%d8%ac%d9%8a%d8%a9\/","url":"https:\/\/www.oep.tn\/%d9%85%d8%b1%d8%a7%d9%82%d8%a8%d8%a9-%d8%a7%d9%84%d8%a5%d9%86%d8%aa%d8%a7%d8%ac%d9%8a%d8%a9\/","name":"Contr\u00f4le des performances - Office de l&#039;Elevage et des P\u00e2turages","isPartOf":{"@id":"https:\/\/www.oep.tn\/#website"},"datePublished":"2022-07-13T09:06:07+00:00","dateModified":"2022-12-08T08:20:16+00:00","breadcrumb":{"@id":"https:\/\/www.oep.tn\/%d9%85%d8%b1%d8%a7%d9%82%d8%a8%d8%a9-%d8%a7%d9%84%d8%a5%d9%86%d8%aa%d8%a7%d8%ac%d9%8a%d8%a9\/#breadcrumb"},"inLanguage":"fr-FR","potentialAction":[{"@type":"ReadAction","target":["https:\/\/www.oep.tn\/%d9%85%d8%b1%d8%a7%d9%82%d8%a8%d8%a9-%d8%a7%d9%84%d8%a5%d9%86%d8%aa%d8%a7%d8%ac%d9%8a%d8%a9\/"]}]},{"@type":"BreadcrumbList","@id":"https:\/\/www.oep.tn\/%d9%85%d8%b1%d8%a7%d9%82%d8%a8%d8%a9-%d8%a7%d9%84%d8%a5%d9%86%d8%aa%d8%a7%d8%ac%d9%8a%d8%a9\/#breadcrumb","itemListElement":[{"@type":"ListItem","position":1,"name":"Accueil","item":"https:\/\/www.oep.tn\/fr\/"},{"@type":"ListItem","position":2,"name":"Contr\u00f4le des performances"}]},{"@type":"WebSite","@id":"https:\/\/www.oep.tn\/#website","url":"https:\/\/www.oep.tn\/","name":"Office de l'Elevage et des P\u00e2turages","description":"Office de l&#039;Elevage et des P\u00e2turages","publisher":{"@id":"https:\/\/www.oep.tn\/#organization"},"alternateName":"Office de l'Elevage et des P\u00e2turages","potentialAction":[{"@type":"SearchAction","target":{"@type":"EntryPoint","urlTemplate":"https:\/\/www.oep.tn\/?s={search_term_string}"},"query-input":{"@type":"PropertyValueSpecification","valueRequired":true,"valueName":"search_term_string"}}],"inLanguage":"fr-FR"},{"@type":"Organization","@id":"https:\/\/www.oep.tn\/#organization","name":"Office de l'Elevage et des Patuages","url":"https:\/\/www.oep.tn\/","logo":{"@type":"ImageObject","inLanguage":"fr-FR","@id":"https:\/\/www.oep.tn\/#\/schema\/logo\/image\/","url":"https:\/\/www.oep.tn\/wp-content\/uploads\/2022\/11\/logo-oep-arabe-2.png","contentUrl":"https:\/\/www.oep.tn\/wp-content\/uploads\/2022\/11\/logo-oep-arabe-2.png","width":567,"height":142,"caption":"Office de l'Elevage et des Patuages"},"image":{"@id":"https:\/\/www.oep.tn\/#\/schema\/logo\/image\/"}}]}},"_links":{"self":[{"href":"https:\/\/www.oep.tn\/fr\/wp-json\/wp\/v2\/pages\/935","targetHints":{"allow":["GET"]}}],"collection":[{"href":"https:\/\/www.oep.tn\/fr\/wp-json\/wp\/v2\/pages"}],"about":[{"href":"https:\/\/www.oep.tn\/fr\/wp-json\/wp\/v2\/types\/page"}],"author":[{"embeddable":true,"href":"https:\/\/www.oep.tn\/fr\/wp-json\/wp\/v2\/users\/1"}],"replies":[{"embeddable":true,"href":"https:\/\/www.oep.tn\/fr\/wp-json\/wp\/v2\/comments?post=935"}],"version-history":[{"count":5,"href":"https:\/\/www.oep.tn\/fr\/wp-json\/wp\/v2\/pages\/935\/revisions"}],"predecessor-version":[{"id":2187,"href":"https:\/\/www.oep.tn\/fr\/wp-json\/wp\/v2\/pages\/935\/revisions\/2187"}],"wp:attachment":[{"href":"https:\/\/www.oep.tn\/fr\/wp-json\/wp\/v2\/media?parent=935"}],"curies":[{"name":"wp","href":"https:\/\/api.w.org\/{rel}","templated":true}]}}