


































































{"id":937,"date":"2022-07-13T11:35:13","date_gmt":"2022-07-13T09:35:13","guid":{"rendered":"https:\/\/www.oep.tn\/?page_id=937"},"modified":"2023-02-03T13:59:05","modified_gmt":"2023-02-03T12:59:05","slug":"amelioration-pastorale-2","status":"publish","type":"page","link":"https:\/\/www.oep.tn\/fr\/amelioration-pastorale-2\/","title":{"rendered":"Prestation parcours"},"content":{"rendered":"\n<p>Le programme est r\u00e9alis\u00e9 moyennant des prestations sous forme d&#8217;incitations en esp\u00e8ces et en nature fournies aux&nbsp; b\u00e9n\u00e9ficiaires pour l&#8217;installation et la sauvegarde des am\u00e9nagements. Les avantages (mesures de soutien) du programme sont variables selon le type d&#8217;am\u00e9nagement, le type de l&#8217;exploitation et la vocation du terrain:<\/p>\n\n\n\n<table class=\"table-responsive\" style=\"width:100%\" border=\"1\">\n        <thead>\n          <tr>\n           \n           \n             <th rowspan=\"2\" style=\"color:#05305e\"><b>Avantages<\/b<<\/th>\n             <th colspan=\"2\" style=\"text-align:center;color:#05305e\"><b>Type de l&#8217;exploitation<\/b><\/th>\n          <\/tr>\n          <tr>\n            <th style=\"text-align:center;color:#05305e\">Petites et moyennes<\/th>\n            <th style=\"text-align:center;color:#05305e\">Grandes fermes et Soci\u00e9t\u00e9s de Mise en Valeur Agricole<\/th>\n            \n          <\/tr>\n        <\/thead>\n        <tbody id=\"rows\">\n          <tr>\n            <td style=\"text-align:center;color:#7ead0c\">\n             En nature\n            <\/td>\n            <td>\n            <b> 1-Les intrants n\u00e9cessaires:<\/b><\/br>\n &#8211; plants d&#8217;arbustes fourragers, raquettes de cactus inerme, semences pastorales (autres que les semences de sulla coronarium) gratuitement\nLes semences de sulla coronarium sont subventionn\u00e9es \u00e0 80 % pour les programmes de ressemis et d&#8217;am\u00e9lioration de la jach\u00e8re.\n<b>2- Une compensation:<\/b><\/br>\n(aliment pour b\u00e9tail): pour compenser un manque \u00e0 gagner durant la p\u00e9riode de mise en d\u00e9fens d&#8217;un parcours am\u00e9lior\u00e9 sur terres \u00e0 vocation purement pastorales (les interventions sur terrains agro-pastoraux ne b\u00e9n\u00e9ficient pas de cette compensation). Elle est estim\u00e9e; selon les r\u00e9gions; \u00e0 l&#8217;\u00e9quivalent de l&#8217;apport moyen annuel en UF\/ha d&#8217;un parcours naturel.\n            <\/td>\n            <td>\n             <b> 1-Les intrants n\u00e9cessaires et gratuitement pour seulement:<\/b><\/br>\n&#8211; les plants d&#8217;arbustes\n&#8211; les semences de m\u00e9dicago, f\u00e9tuque, phalaris pour le programme de r\u00e9ensemencement.\n<b>2- La compensation<\/b><\/br> n&#8217;est pas octroy\u00e9e pour ces types d&#8217;exploitations\n            <\/td>\n         \n          <\/tr>\n          <tr><td style=\"text-align:center;color:#7ead0c\">En esp\u00e8ce<\/td><td>Pour couvrir une part des frais de <b>pr\u00e9paration du sol, de mise en place et d&#8217;irrigation des arbustes <\/b>durant les deux premi\u00e8res ann\u00e9es d&#8217;installation<\/td><td>Les subventions en esp\u00e8ces ne sont pas accord\u00e9es pour ces exploitations<\/td><\/tr>\n          <tr><td style=\"text-align:center;color:#7ead0c\">Suivi et encadrement<\/td><td colspan=\"2\">Le suivi et l&#8217;encadrement technique des b\u00e9n\u00e9ficiaires (installation, entretien, gestion, exploitation, etc\u2026) sont assur\u00e9s pour les diff\u00e9rents types d&#8217;exploitations<\/td><\/tr>\n        <\/tbody>\n      <\/table>\n","protected":false},"excerpt":{"rendered":"<p>Le programme est r\u00e9alis\u00e9 moyennant des prestations sous forme d&#8217;incitations en esp\u00e8ces et en nature fournies aux&nbsp; b\u00e9n\u00e9ficiaires pour l&#8217;installation et la sauvegarde des am\u00e9nagements. Les avantages (mesures de soutien) du programme sont variables selon le type d&#8217;am\u00e9nagement, le type de l&#8217;exploitation et la vocation du terrain: Avantages<\/p>\n","protected":false},"author":1,"featured_media":0,"parent":0,"menu_order":0,"comment_status":"closed","ping_status":"closed","template":"","meta":{"_themeisle_gutenberg_block_has_review":false,"footnotes":""},"class_list":["post-937","page","type-page","status-publish","hentry"],"yoast_head":"<!-- This site is optimized with the Yoast SEO plugin v26.0 - https:\/\/yoast.com\/wordpress\/plugins\/seo\/ -->\n<title>Prestation parcours - Office de l&#039;Elevage et des P\u00e2turages<\/title>\n<meta name=\"robots\" content=\"index, follow, max-snippet:-1, max-image-preview:large, max-video-preview:-1\" \/>\n<link rel=\"canonical\" href=\"https:\/\/www.oep.tn\/\u062a\u062d\u0633\u064a\u0646-\u0627\u0644\u0645\u0631\u0627\u0639\u064a\/\" \/>\n<meta property=\"og:locale\" content=\"fr_FR\" \/>\n<meta property=\"og:type\" content=\"article\" \/>\n<meta property=\"og:title\" content=\"Prestation parcours - Office de l&#039;Elevage et des P\u00e2turages\" \/>\n<meta property=\"og:description\" content=\"Le programme est r\u00e9alis\u00e9 moyennant des prestations sous forme d&#8217;incitations en esp\u00e8ces et en nature fournies aux&nbsp; b\u00e9n\u00e9ficiaires pour l&#8217;installation et la sauvegarde des am\u00e9nagements. Les avantages (mesures de soutien) du programme sont variables selon le type d&#8217;am\u00e9nagement, le type de l&#8217;exploitation et la vocation du terrain: Avantages\" \/>\n<meta property=\"og:url\" content=\"https:\/\/www.oep.tn\/\u062a\u062d\u0633\u064a\u0646-\u0627\u0644\u0645\u0631\u0627\u0639\u064a\/\" \/>\n<meta property=\"og:site_name\" content=\"Office de l&#039;Elevage et des P\u00e2turages\" \/>\n<meta property=\"article:modified_time\" content=\"2023-02-03T12:59:05+00:00\" \/>\n<meta name=\"twitter:card\" content=\"summary_large_image\" \/>\n<script type=\"application\/ld+json\" class=\"yoast-schema-graph\">{\"@context\":\"https:\/\/schema.org\",\"@graph\":[{\"@type\":\"WebPage\",\"@id\":\"https:\/\/www.oep.tn\/%d8%aa%d8%ad%d8%b3%d9%8a%d9%86-%d8%a7%d9%84%d9%85%d8%b1%d8%a7%d8%b9%d9%8a\/\",\"url\":\"https:\/\/www.oep.tn\/%d8%aa%d8%ad%d8%b3%d9%8a%d9%86-%d8%a7%d9%84%d9%85%d8%b1%d8%a7%d8%b9%d9%8a\/\",\"name\":\"Prestation parcours - Office de l&#039;Elevage et des P\u00e2turages\",\"isPartOf\":{\"@id\":\"https:\/\/www.oep.tn\/#website\"},\"datePublished\":\"2022-07-13T09:35:13+00:00\",\"dateModified\":\"2023-02-03T12:59:05+00:00\",\"breadcrumb\":{\"@id\":\"https:\/\/www.oep.tn\/%d8%aa%d8%ad%d8%b3%d9%8a%d9%86-%d8%a7%d9%84%d9%85%d8%b1%d8%a7%d8%b9%d9%8a\/#breadcrumb\"},\"inLanguage\":\"fr-FR\",\"potentialAction\":[{\"@type\":\"ReadAction\",\"target\":[\"https:\/\/www.oep.tn\/%d8%aa%d8%ad%d8%b3%d9%8a%d9%86-%d8%a7%d9%84%d9%85%d8%b1%d8%a7%d8%b9%d9%8a\/\"]}]},{\"@type\":\"BreadcrumbList\",\"@id\":\"https:\/\/www.oep.tn\/%d8%aa%d8%ad%d8%b3%d9%8a%d9%86-%d8%a7%d9%84%d9%85%d8%b1%d8%a7%d8%b9%d9%8a\/#breadcrumb\",\"itemListElement\":[{\"@type\":\"ListItem\",\"position\":1,\"name\":\"Accueil\",\"item\":\"https:\/\/www.oep.tn\/fr\/\"},{\"@type\":\"ListItem\",\"position\":2,\"name\":\"Prestation parcours\"}]},{\"@type\":\"WebSite\",\"@id\":\"https:\/\/www.oep.tn\/#website\",\"url\":\"https:\/\/www.oep.tn\/\",\"name\":\"Office de l'Elevage et des P\u00e2turages\",\"description\":\"Office de l&#039;Elevage et des P\u00e2turages\",\"publisher\":{\"@id\":\"https:\/\/www.oep.tn\/#organization\"},\"alternateName\":\"Office de l'Elevage et des P\u00e2turages\",\"potentialAction\":[{\"@type\":\"SearchAction\",\"target\":{\"@type\":\"EntryPoint\",\"urlTemplate\":\"https:\/\/www.oep.tn\/?s={search_term_string}\"},\"query-input\":{\"@type\":\"PropertyValueSpecification\",\"valueRequired\":true,\"valueName\":\"search_term_string\"}}],\"inLanguage\":\"fr-FR\"},{\"@type\":\"Organization\",\"@id\":\"https:\/\/www.oep.tn\/#organization\",\"name\":\"Office de l'Elevage et des Patuages\",\"url\":\"https:\/\/www.oep.tn\/\",\"logo\":{\"@type\":\"ImageObject\",\"inLanguage\":\"fr-FR\",\"@id\":\"https:\/\/www.oep.tn\/#\/schema\/logo\/image\/\",\"url\":\"https:\/\/www.oep.tn\/wp-content\/uploads\/2022\/11\/logo-oep-arabe-2.png\",\"contentUrl\":\"https:\/\/www.oep.tn\/wp-content\/uploads\/2022\/11\/logo-oep-arabe-2.png\",\"width\":567,\"height\":142,\"caption\":\"Office de l'Elevage et des Patuages\"},\"image\":{\"@id\":\"https:\/\/www.oep.tn\/#\/schema\/logo\/image\/\"}}]}<\/script>\n<!-- \/ Yoast SEO plugin. -->","yoast_head_json":{"title":"Prestation parcours - Office de l&#039;Elevage et des P\u00e2turages","robots":{"index":"index","follow":"follow","max-snippet":"max-snippet:-1","max-image-preview":"max-image-preview:large","max-video-preview":"max-video-preview:-1"},"canonical":"https:\/\/www.oep.tn\/\u062a\u062d\u0633\u064a\u0646-\u0627\u0644\u0645\u0631\u0627\u0639\u064a\/","og_locale":"fr_FR","og_type":"article","og_title":"Prestation parcours - Office de l&#039;Elevage et des P\u00e2turages","og_description":"Le programme est r\u00e9alis\u00e9 moyennant des prestations sous forme d&#8217;incitations en esp\u00e8ces et en nature fournies aux&nbsp; b\u00e9n\u00e9ficiaires pour l&#8217;installation et la sauvegarde des am\u00e9nagements. Les avantages (mesures de soutien) du programme sont variables selon le type d&#8217;am\u00e9nagement, le type de l&#8217;exploitation et la vocation du terrain: Avantages","og_url":"https:\/\/www.oep.tn\/\u062a\u062d\u0633\u064a\u0646-\u0627\u0644\u0645\u0631\u0627\u0639\u064a\/","og_site_name":"Office de l&#039;Elevage et des P\u00e2turages","article_modified_time":"2023-02-03T12:59:05+00:00","twitter_card":"summary_large_image","schema":{"@context":"https:\/\/schema.org","@graph":[{"@type":"WebPage","@id":"https:\/\/www.oep.tn\/%d8%aa%d8%ad%d8%b3%d9%8a%d9%86-%d8%a7%d9%84%d9%85%d8%b1%d8%a7%d8%b9%d9%8a\/","url":"https:\/\/www.oep.tn\/%d8%aa%d8%ad%d8%b3%d9%8a%d9%86-%d8%a7%d9%84%d9%85%d8%b1%d8%a7%d8%b9%d9%8a\/","name":"Prestation parcours - Office de l&#039;Elevage et des P\u00e2turages","isPartOf":{"@id":"https:\/\/www.oep.tn\/#website"},"datePublished":"2022-07-13T09:35:13+00:00","dateModified":"2023-02-03T12:59:05+00:00","breadcrumb":{"@id":"https:\/\/www.oep.tn\/%d8%aa%d8%ad%d8%b3%d9%8a%d9%86-%d8%a7%d9%84%d9%85%d8%b1%d8%a7%d8%b9%d9%8a\/#breadcrumb"},"inLanguage":"fr-FR","potentialAction":[{"@type":"ReadAction","target":["https:\/\/www.oep.tn\/%d8%aa%d8%ad%d8%b3%d9%8a%d9%86-%d8%a7%d9%84%d9%85%d8%b1%d8%a7%d8%b9%d9%8a\/"]}]},{"@type":"BreadcrumbList","@id":"https:\/\/www.oep.tn\/%d8%aa%d8%ad%d8%b3%d9%8a%d9%86-%d8%a7%d9%84%d9%85%d8%b1%d8%a7%d8%b9%d9%8a\/#breadcrumb","itemListElement":[{"@type":"ListItem","position":1,"name":"Accueil","item":"https:\/\/www.oep.tn\/fr\/"},{"@type":"ListItem","position":2,"name":"Prestation parcours"}]},{"@type":"WebSite","@id":"https:\/\/www.oep.tn\/#website","url":"https:\/\/www.oep.tn\/","name":"Office de l'Elevage et des P\u00e2turages","description":"Office de l&#039;Elevage et des P\u00e2turages","publisher":{"@id":"https:\/\/www.oep.tn\/#organization"},"alternateName":"Office de l'Elevage et des P\u00e2turages","potentialAction":[{"@type":"SearchAction","target":{"@type":"EntryPoint","urlTemplate":"https:\/\/www.oep.tn\/?s={search_term_string}"},"query-input":{"@type":"PropertyValueSpecification","valueRequired":true,"valueName":"search_term_string"}}],"inLanguage":"fr-FR"},{"@type":"Organization","@id":"https:\/\/www.oep.tn\/#organization","name":"Office de l'Elevage et des Patuages","url":"https:\/\/www.oep.tn\/","logo":{"@type":"ImageObject","inLanguage":"fr-FR","@id":"https:\/\/www.oep.tn\/#\/schema\/logo\/image\/","url":"https:\/\/www.oep.tn\/wp-content\/uploads\/2022\/11\/logo-oep-arabe-2.png","contentUrl":"https:\/\/www.oep.tn\/wp-content\/uploads\/2022\/11\/logo-oep-arabe-2.png","width":567,"height":142,"caption":"Office de l'Elevage et des Patuages"},"image":{"@id":"https:\/\/www.oep.tn\/#\/schema\/logo\/image\/"}}]}},"_links":{"self":[{"href":"https:\/\/www.oep.tn\/fr\/wp-json\/wp\/v2\/pages\/937","targetHints":{"allow":["GET"]}}],"collection":[{"href":"https:\/\/www.oep.tn\/fr\/wp-json\/wp\/v2\/pages"}],"about":[{"href":"https:\/\/www.oep.tn\/fr\/wp-json\/wp\/v2\/types\/page"}],"author":[{"embeddable":true,"href":"https:\/\/www.oep.tn\/fr\/wp-json\/wp\/v2\/users\/1"}],"replies":[{"embeddable":true,"href":"https:\/\/www.oep.tn\/fr\/wp-json\/wp\/v2\/comments?post=937"}],"version-history":[{"count":10,"href":"https:\/\/www.oep.tn\/fr\/wp-json\/wp\/v2\/pages\/937\/revisions"}],"predecessor-version":[{"id":2803,"href":"https:\/\/www.oep.tn\/fr\/wp-json\/wp\/v2\/pages\/937\/revisions\/2803"}],"wp:attachment":[{"href":"https:\/\/www.oep.tn\/fr\/wp-json\/wp\/v2\/media?parent=937"}],"curies":[{"name":"wp","href":"https:\/\/api.w.org\/{rel}","templated":true}]}}